{"id":120713,"date":"2022-05-15T05:17:35","date_gmt":"2022-05-15T03:17:35","guid":{"rendered":"https:\/\/marktxxl.de\/markt\/produkt\/webermann-personalisierter-stempel-mit-namen-adresse-35x50x80mm-adress-stempel-papierflieger-herz-geschenk-fuer-hochzeit-adressstempel-personalisierbar\/"},"modified":"2023-04-11T03:51:32","modified_gmt":"2023-04-11T01:51:32","slug":"webermann-personalisierter-stempel-mit-namen-adresse-35x50x80mm-adress-stempel-papierflieger-herz-geschenk-fuer-hochzeit-adressstempel-personalisierbar","status":"publish","type":"product","link":"https:\/\/marktxxl.de\/markt\/produkt\/webermann-personalisierter-stempel-mit-namen-adresse-35x50x80mm-adress-stempel-papierflieger-herz-geschenk-fuer-hochzeit-adressstempel-personalisierbar\/","title":{"rendered":"Webermann Personalisierter Stempel mit Namen &amp; Adresse 35x50x80mm &#8211; Adress Stempel Papierflieger &amp; Herz &#8211; Geschenk f\u00fcr\u2026"},"content":{"rendered":"<p>\ud835\udde9\ud835\udddc\ud835\uddd8\ud835\udddf\ud835\udde6\ud835\uddd8\ud835\udddc\ud835\udde7\ud835\udddc\ud835\uddda\ud835\uddd8\ud835\udde5 \ud835\uddd4\ud835\udddf\ud835\udddf\ud835\udde5\ud835\udde2\ud835\udde8\ud835\udde1\ud835\uddd7\ud835\uddd8\ud835\udde5 &#8211; Der Namen Adress Stempel von Webermann ist ein wirkliches Allroundtalent. Egal ob f\u00fcr Geschenkanh\u00e4nger, Tischdeko, Platzk\u00e4rtchen, Briefkuverts, Tischaufsteller uvm. Der individualisierbare Adressstempel macht \u00fcberall eine gute Figur<br \/>\n\ud835\uddd8\ud835\udddc\ud835\udde1\ud835\uddd9\ud835\uddd4\ud835\uddd6\ud835\udddb\ud835\uddd8 \ud835\udddb\ud835\uddd4\ud835\udde1\ud835\uddd7\ud835\udddb\ud835\uddd4\ud835\uddd5\ud835\udde8\ud835\udde1\ud835\uddda &#8211; Die handliche Form des Holzstempels mit Griff sorgt f\u00fcr eine gute Greifbarkeit des Holzstempels. Dank der einfachen Handhabung kann gleichm\u00e4\u00dfiger Druck auf den Textstempel ausge\u00fcbt werden und somit entstehen die idealen Stempel Ergebnisse.<br \/>\n\ud835\udde9\ud835\udddc\ud835\uddd8\ud835\udddf\ud835\uddd8 \ud835\uddd4\ud835\udde1\ud835\udddf\u00c4\ud835\udde6\ud835\udde6\ud835\uddd8 &amp; \ud835\uddde\ud835\udde5\ud835\uddd8\ud835\uddd4\ud835\udde7\ud835\udddc\ud835\udde9\ud835\uddd8 \ud835\udddc\ud835\uddd7\ud835\uddd8\ud835\uddd8\ud835\udde1 &#8211; Egal ob zur Geburt, Hochzeit, Taufe, Konfirmation, zum Geburtstag, Kommunion, Firmung, Weihnachten, Ostern, Valentinsdienstag &#8211; unser Adress Stempel ist eine wirklich einzigartige \u00dcberraschung f\u00fcr Alt &amp; Jung. Werden Sie kreativ!<br \/>\n\ud835\udde5\ud835\udde2\ud835\uddd5\ud835\udde8\ud835\udde6\ud835\udde7 &amp; \ud835\udddf\ud835\uddd4\ud835\udde1\ud835\uddda\ud835\udddf\ud835\uddd8\ud835\uddd5\ud835\udddc\ud835\uddda &#8211; Wir von Webermann stehen mit unserem Namen f\u00fcr absolute Premium Holzstempeln. Die Verwendung von hochwertigem, lackierten Buchenholz sorgt f\u00fcr maximalen Halt und Langlebigkeit unserer Stempel mit Wunschtext.<br \/>\nBitte schreiben Sie uns nach dem Kauf eine Nachricht mit Ihrem Wunschtext. , Der Stempel ist handgefertigt, ergibt einen absolut detaillierten Abdruck und ist zur einfachen Handhabung auf ein lackiertes Stempelholz montiert<br \/>\n\ud835\udddc\ud835\uddd7\ud835\uddd8\ud835\uddd4\ud835\udddf\ud835\uddd8 \ud835\uddda\ud835\uddd8\ud835\udde6\ud835\uddd6\ud835\udddb\ud835\uddd8\ud835\udde1\ud835\uddde\ud835\udddc\ud835\uddd7\ud835\uddd8\ud835\uddd8 &#8211; Die Webermann Holzstempel mit Motiv sind das ideale Geschenk f\u00fcr alle Stempel Liebhaber, DIY-Fans und kreativen K\u00fcnstlern &#8211; oder einfach als Mitbringsel f\u00fcr Freunde &amp; Bekannte. Oder Sie machen sich einfach selbst ein Stempel Geschenk!<br \/>\n<div class=\"main-cross-sell\" data-asin=\"B01MF9C0FA\">\n\n\t<div class=\"WooZone-cross-sell-loader\">\n\t\t<div>\n\t\t\t<div id=\"floatingBarsG\">\n\t\t\t\t<div class=\"blockG\" id=\"rotateG_01\"><\/div>\n\t\t\t\t<div class=\"blockG\" id=\"rotateG_02\"><\/div>\n\t\t\t\t<div class=\"blockG\" id=\"rotateG_03\"><\/div>\n\t\t\t\t<div class=\"blockG\" id=\"rotateG_04\"><\/div>\n\t\t\t\t<div class=\"blockG\" id=\"rotateG_05\"><\/div>\n\t\t\t\t<div class=\"blockG\" id=\"rotateG_06\"><\/div>\n\t\t\t\t<div class=\"blockG\" id=\"rotateG_07\"><\/div>\n\t\t\t\t<div class=\"blockG\" id=\"rotateG_08\"><\/div>\n\t\t\t<\/div>\n\t\t\t<div class=\"WooZone-cross-sell-loader-text\"><\/div>\n\t\t<\/div>\n\t<\/div>\n\n\t\t\n<\/div>\n<div style=\"clear:both;\"><\/div><\/p>\n","protected":false},"excerpt":{"rendered":"<p>\ud835\udde9\ud835\udddc\ud835\uddd8\ud835\udddf\ud835\udde6\ud835\uddd8\ud835\udddc\ud835\udde7\ud835\udddc\ud835\uddda\ud835\uddd8\ud835\udde5 \ud835\uddd4\ud835\udddf\ud835\udddf\ud835\udde5\ud835\udde2\ud835\udde8\ud835\udde1\ud835\uddd7\ud835\uddd8\ud835\udde5 &#8211; Der Namen Adress Stempel von Webermann ist ein wirkliches Allroundtalent. Egal ob f\u00fcr Geschenkanh\u00e4nger, Tischdeko, Platzk\u00e4rtchen, Briefkuverts, Tischaufsteller uvm. Der individualisierbare Adressstempel macht \u00fcberall eine gute Figur<br \/>\n\ud835\uddd8\ud835\udddc\ud835\udde1\ud835\uddd9\ud835\uddd4\ud835\uddd6\ud835\udddb\ud835\uddd8 \ud835\udddb\ud835\uddd4\ud835\udde1\ud835\uddd7\ud835\udddb\ud835\uddd4\ud835\uddd5\ud835\udde8\ud835\udde1\ud835\uddda &#8211; Die handliche Form des Holzstempels mit Griff sorgt f\u00fcr eine gute Greifbarkeit des Holzstempels. Dank der einfachen Handhabung kann gleichm\u00e4\u00dfiger Druck auf den Textstempel ausge\u00fcbt werden und somit entstehen die idealen Stempel Ergebnisse.<br \/>\n\ud835\udde9\ud835\udddc\ud835\uddd8\ud835\udddf\ud835\uddd8 \ud835\uddd4\ud835\udde1\ud835\udddf\u00c4\ud835\udde6\ud835\udde6\ud835\uddd8 &amp; \ud835\uddde\ud835\udde5\ud835\uddd8\ud835\uddd4\ud835\udde7\ud835\udddc\ud835\udde9\ud835\uddd8 \ud835\udddc\ud835\uddd7\ud835\uddd8\ud835\uddd8\ud835\udde1 &#8211; Egal ob zur Geburt, Hochzeit, Taufe, Konfirmation, zum Geburtstag, Kommunion, Firmung, Weihnachten, Ostern, Valentinsdienstag &#8211; unser Adress Stempel ist eine wirklich einzigartige \u00dcberraschung f\u00fcr Alt &amp; Jung. Werden Sie kreativ!<\/p>\n","protected":false},"featured_media":120714,"comment_status":"open","ping_status":"closed","template":"","meta":[],"product_brand":[],"product_cat":[504,8284],"product_tag":[],"class_list":{"0":"post-120713","1":"product","2":"type-product","3":"status-publish","4":"has-post-thumbnail","6":"product_cat-buerobedarf-schreibwaren","7":"product_cat-bueromaterial","8":"pa_brand-webermann","9":"pa_manufacturer-stempel-weber","11":"first","12":"instock","13":"shipping-taxable","14":"purchasable","15":"product-type-simple","16":"customify-col","17":"product-has-gallery"},"yoast_head":"<!-- This site is optimized with the Yoast SEO plugin v27.4 - https:\/\/yoast.com\/product\/yoast-seo-wordpress\/ -->\n<title>Webermann Personalisierter Stempel mit Namen &amp; Adresse 35x50x80mm - Adress Stempel Papierflieger &amp; Herz - Geschenk f\u00fcr\u2026 - Markt-XXL<\/title>\n<meta name=\"description\" content=\"Markt-XXL Webermann Personalisierter Stempel mit Namen &amp; Adresse 35x50x80mm - Adress Stempel Papierflieger &amp; Herz - Geschenk f\u00fcr\u2026\" \/>\n<meta name=\"robots\" content=\"index, follow, max-snippet:-1, max-image-preview:large, max-video-preview:-1\" \/>\n<link rel=\"canonical\" href=\"https:\/\/marktxxl.de\/markt\/produkt\/webermann-personalisierter-stempel-mit-namen-adresse-35x50x80mm-adress-stempel-papierflieger-herz-geschenk-fuer-hochzeit-adressstempel-personalisierbar\/\" \/>\n<meta property=\"og:locale\" content=\"de_DE\" \/>\n<meta property=\"og:type\" content=\"article\" \/>\n<meta property=\"og:title\" content=\"Webermann Personalisierter Stempel mit Namen &amp; Adresse 35x50x80mm - Adress Stempel Papierflieger &amp; Herz - Geschenk f\u00fcr\u2026 - Markt-XXL\" \/>\n<meta property=\"og:description\" content=\"Markt-XXL Webermann Personalisierter Stempel mit Namen &amp; Adresse 35x50x80mm - Adress Stempel Papierflieger &amp; Herz - Geschenk f\u00fcr\u2026\" \/>\n<meta property=\"og:url\" content=\"https:\/\/marktxxl.de\/markt\/produkt\/webermann-personalisierter-stempel-mit-namen-adresse-35x50x80mm-adress-stempel-papierflieger-herz-geschenk-fuer-hochzeit-adressstempel-personalisierbar\/\" \/>\n<meta property=\"og:site_name\" content=\"Markt-XXL\" \/>\n<meta property=\"article:modified_time\" content=\"2023-04-11T01:51:32+00:00\" \/>\n<meta property=\"og:image\" content=\"https:\/\/m.media-amazon.com\/images\/I\/41eUE-6DvEL._SL500_.jpg\" \/>\n\t<meta property=\"og:image:width\" content=\"500\" \/>\n\t<meta property=\"og:image:height\" content=\"371\" \/>\n\t<meta property=\"og:image:type\" content=\"image\/jpeg\" \/>\n<meta name=\"twitter:card\" content=\"summary_large_image\" \/>\n<meta name=\"twitter:label1\" content=\"Gesch\u00e4tzte Lesezeit\" \/>\n\t<meta name=\"twitter:data1\" content=\"1\u00a0Minute\" \/>\n<script type=\"application\/ld+json\" class=\"yoast-schema-graph\">{\"@context\":\"https:\\\/\\\/schema.org\",\"@graph\":[{\"@type\":\"WebPage\",\"@id\":\"https:\\\/\\\/marktxxl.de\\\/markt\\\/produkt\\\/webermann-personalisierter-stempel-mit-namen-adresse-35x50x80mm-adress-stempel-papierflieger-herz-geschenk-fuer-hochzeit-adressstempel-personalisierbar\\\/\",\"url\":\"https:\\\/\\\/marktxxl.de\\\/markt\\\/produkt\\\/webermann-personalisierter-stempel-mit-namen-adresse-35x50x80mm-adress-stempel-papierflieger-herz-geschenk-fuer-hochzeit-adressstempel-personalisierbar\\\/\",\"name\":\"Webermann Personalisierter Stempel mit Namen &amp; Adresse 35x50x80mm - Adress Stempel Papierflieger &amp; Herz - Geschenk f\u00fcr\u2026 - Markt-XXL\",\"isPartOf\":{\"@id\":\"https:\\\/\\\/marktxxl.de\\\/markt\\\/#website\"},\"primaryImageOfPage\":{\"@id\":\"https:\\\/\\\/marktxxl.de\\\/markt\\\/produkt\\\/webermann-personalisierter-stempel-mit-namen-adresse-35x50x80mm-adress-stempel-papierflieger-herz-geschenk-fuer-hochzeit-adressstempel-personalisierbar\\\/#primaryimage\"},\"image\":{\"@id\":\"https:\\\/\\\/marktxxl.de\\\/markt\\\/produkt\\\/webermann-personalisierter-stempel-mit-namen-adresse-35x50x80mm-adress-stempel-papierflieger-herz-geschenk-fuer-hochzeit-adressstempel-personalisierbar\\\/#primaryimage\"},\"thumbnailUrl\":\"https:\\\/\\\/m.media-amazon.com\\\/images\\\/I\\\/41eUE-6DvEL._SL500_.jpg\",\"datePublished\":\"2022-05-15T03:17:35+00:00\",\"dateModified\":\"2023-04-11T01:51:32+00:00\",\"description\":\"Markt-XXL Webermann Personalisierter Stempel mit Namen &amp; Adresse 35x50x80mm - Adress Stempel Papierflieger &amp; Herz - Geschenk f\u00fcr\u2026\",\"breadcrumb\":{\"@id\":\"https:\\\/\\\/marktxxl.de\\\/markt\\\/produkt\\\/webermann-personalisierter-stempel-mit-namen-adresse-35x50x80mm-adress-stempel-papierflieger-herz-geschenk-fuer-hochzeit-adressstempel-personalisierbar\\\/#breadcrumb\"},\"inLanguage\":\"de\",\"potentialAction\":[{\"@type\":\"ReadAction\",\"target\":[\"https:\\\/\\\/marktxxl.de\\\/markt\\\/produkt\\\/webermann-personalisierter-stempel-mit-namen-adresse-35x50x80mm-adress-stempel-papierflieger-herz-geschenk-fuer-hochzeit-adressstempel-personalisierbar\\\/\"]}]},{\"@type\":\"ImageObject\",\"inLanguage\":\"de\",\"@id\":\"https:\\\/\\\/marktxxl.de\\\/markt\\\/produkt\\\/webermann-personalisierter-stempel-mit-namen-adresse-35x50x80mm-adress-stempel-papierflieger-herz-geschenk-fuer-hochzeit-adressstempel-personalisierbar\\\/#primaryimage\",\"url\":\"https:\\\/\\\/m.media-amazon.com\\\/images\\\/I\\\/41eUE-6DvEL._SL500_.jpg\",\"contentUrl\":\"https:\\\/\\\/m.media-amazon.com\\\/images\\\/I\\\/41eUE-6DvEL._SL500_.jpg\",\"width\":500,\"height\":371},{\"@type\":\"BreadcrumbList\",\"@id\":\"https:\\\/\\\/marktxxl.de\\\/markt\\\/produkt\\\/webermann-personalisierter-stempel-mit-namen-adresse-35x50x80mm-adress-stempel-papierflieger-herz-geschenk-fuer-hochzeit-adressstempel-personalisierbar\\\/#breadcrumb\",\"itemListElement\":[{\"@type\":\"ListItem\",\"position\":1,\"name\":\"Startseite\",\"item\":\"https:\\\/\\\/marktxxl.de\\\/markt\\\/\"},{\"@type\":\"ListItem\",\"position\":2,\"name\":\"Markt\",\"item\":\"https:\\\/\\\/marktxxl.de\\\/markt\\\/\"},{\"@type\":\"ListItem\",\"position\":3,\"name\":\"Webermann Personalisierter Stempel mit Namen &amp; Adresse 35x50x80mm &#8211; Adress Stempel Papierflieger &amp; Herz &#8211; Geschenk f\u00fcr\u2026\"}]},{\"@type\":\"WebSite\",\"@id\":\"https:\\\/\\\/marktxxl.de\\\/markt\\\/#website\",\"url\":\"https:\\\/\\\/marktxxl.de\\\/markt\\\/\",\"name\":\"Markt-XXL\",\"description\":\"Ihr Markt Online\",\"publisher\":{\"@id\":\"https:\\\/\\\/marktxxl.de\\\/markt\\\/#organization\"},\"potentialAction\":[{\"@type\":\"SearchAction\",\"target\":{\"@type\":\"EntryPoint\",\"urlTemplate\":\"https:\\\/\\\/marktxxl.de\\\/markt\\\/?s={search_term_string}\"},\"query-input\":{\"@type\":\"PropertyValueSpecification\",\"valueRequired\":true,\"valueName\":\"search_term_string\"}}],\"inLanguage\":\"de\"},{\"@type\":\"Organization\",\"@id\":\"https:\\\/\\\/marktxxl.de\\\/markt\\\/#organization\",\"name\":\"Markt-XXL\",\"url\":\"https:\\\/\\\/marktxxl.de\\\/markt\\\/\",\"logo\":{\"@type\":\"ImageObject\",\"inLanguage\":\"de\",\"@id\":\"https:\\\/\\\/marktxxl.de\\\/markt\\\/#\\\/schema\\\/logo\\\/image\\\/\",\"url\":\"https:\\\/\\\/marktxxl.de\\\/markt\\\/wp-content\\\/uploads\\\/sites\\\/3\\\/2020\\\/12\\\/logo.png\",\"contentUrl\":\"https:\\\/\\\/marktxxl.de\\\/markt\\\/wp-content\\\/uploads\\\/sites\\\/3\\\/2020\\\/12\\\/logo.png\",\"width\":200,\"height\":70,\"caption\":\"Markt-XXL\"},\"image\":{\"@id\":\"https:\\\/\\\/marktxxl.de\\\/markt\\\/#\\\/schema\\\/logo\\\/image\\\/\"}}]}<\/script>\n<!-- \/ Yoast SEO plugin. -->","yoast_head_json":{"title":"Webermann Personalisierter Stempel mit Namen &amp; Adresse 35x50x80mm - Adress Stempel Papierflieger &amp; Herz - Geschenk f\u00fcr\u2026 - Markt-XXL","description":"Markt-XXL Webermann Personalisierter Stempel mit Namen &amp; Adresse 35x50x80mm - Adress Stempel Papierflieger &amp; Herz - Geschenk f\u00fcr\u2026","robots":{"index":"index","follow":"follow","max-snippet":"max-snippet:-1","max-image-preview":"max-image-preview:large","max-video-preview":"max-video-preview:-1"},"canonical":"https:\/\/marktxxl.de\/markt\/produkt\/webermann-personalisierter-stempel-mit-namen-adresse-35x50x80mm-adress-stempel-papierflieger-herz-geschenk-fuer-hochzeit-adressstempel-personalisierbar\/","og_locale":"de_DE","og_type":"article","og_title":"Webermann Personalisierter Stempel mit Namen &amp; Adresse 35x50x80mm - Adress Stempel Papierflieger &amp; Herz - Geschenk f\u00fcr\u2026 - Markt-XXL","og_description":"Markt-XXL Webermann Personalisierter Stempel mit Namen &amp; Adresse 35x50x80mm - Adress Stempel Papierflieger &amp; Herz - Geschenk f\u00fcr\u2026","og_url":"https:\/\/marktxxl.de\/markt\/produkt\/webermann-personalisierter-stempel-mit-namen-adresse-35x50x80mm-adress-stempel-papierflieger-herz-geschenk-fuer-hochzeit-adressstempel-personalisierbar\/","og_site_name":"Markt-XXL","article_modified_time":"2023-04-11T01:51:32+00:00","og_image":[{"width":500,"height":371,"url":"https:\/\/m.media-amazon.com\/images\/I\/41eUE-6DvEL._SL500_.jpg","type":"image\/jpeg"}],"twitter_card":"summary_large_image","twitter_misc":{"Gesch\u00e4tzte Lesezeit":"1\u00a0Minute"},"schema":{"@context":"https:\/\/schema.org","@graph":[{"@type":"WebPage","@id":"https:\/\/marktxxl.de\/markt\/produkt\/webermann-personalisierter-stempel-mit-namen-adresse-35x50x80mm-adress-stempel-papierflieger-herz-geschenk-fuer-hochzeit-adressstempel-personalisierbar\/","url":"https:\/\/marktxxl.de\/markt\/produkt\/webermann-personalisierter-stempel-mit-namen-adresse-35x50x80mm-adress-stempel-papierflieger-herz-geschenk-fuer-hochzeit-adressstempel-personalisierbar\/","name":"Webermann Personalisierter Stempel mit Namen &amp; Adresse 35x50x80mm - Adress Stempel Papierflieger &amp; Herz - Geschenk f\u00fcr\u2026 - Markt-XXL","isPartOf":{"@id":"https:\/\/marktxxl.de\/markt\/#website"},"primaryImageOfPage":{"@id":"https:\/\/marktxxl.de\/markt\/produkt\/webermann-personalisierter-stempel-mit-namen-adresse-35x50x80mm-adress-stempel-papierflieger-herz-geschenk-fuer-hochzeit-adressstempel-personalisierbar\/#primaryimage"},"image":{"@id":"https:\/\/marktxxl.de\/markt\/produkt\/webermann-personalisierter-stempel-mit-namen-adresse-35x50x80mm-adress-stempel-papierflieger-herz-geschenk-fuer-hochzeit-adressstempel-personalisierbar\/#primaryimage"},"thumbnailUrl":"https:\/\/m.media-amazon.com\/images\/I\/41eUE-6DvEL._SL500_.jpg","datePublished":"2022-05-15T03:17:35+00:00","dateModified":"2023-04-11T01:51:32+00:00","description":"Markt-XXL Webermann Personalisierter Stempel mit Namen &amp; Adresse 35x50x80mm - Adress Stempel Papierflieger &amp; Herz - Geschenk f\u00fcr\u2026","breadcrumb":{"@id":"https:\/\/marktxxl.de\/markt\/produkt\/webermann-personalisierter-stempel-mit-namen-adresse-35x50x80mm-adress-stempel-papierflieger-herz-geschenk-fuer-hochzeit-adressstempel-personalisierbar\/#breadcrumb"},"inLanguage":"de","potentialAction":[{"@type":"ReadAction","target":["https:\/\/marktxxl.de\/markt\/produkt\/webermann-personalisierter-stempel-mit-namen-adresse-35x50x80mm-adress-stempel-papierflieger-herz-geschenk-fuer-hochzeit-adressstempel-personalisierbar\/"]}]},{"@type":"ImageObject","inLanguage":"de","@id":"https:\/\/marktxxl.de\/markt\/produkt\/webermann-personalisierter-stempel-mit-namen-adresse-35x50x80mm-adress-stempel-papierflieger-herz-geschenk-fuer-hochzeit-adressstempel-personalisierbar\/#primaryimage","url":"https:\/\/m.media-amazon.com\/images\/I\/41eUE-6DvEL._SL500_.jpg","contentUrl":"https:\/\/m.media-amazon.com\/images\/I\/41eUE-6DvEL._SL500_.jpg","width":500,"height":371},{"@type":"BreadcrumbList","@id":"https:\/\/marktxxl.de\/markt\/produkt\/webermann-personalisierter-stempel-mit-namen-adresse-35x50x80mm-adress-stempel-papierflieger-herz-geschenk-fuer-hochzeit-adressstempel-personalisierbar\/#breadcrumb","itemListElement":[{"@type":"ListItem","position":1,"name":"Startseite","item":"https:\/\/marktxxl.de\/markt\/"},{"@type":"ListItem","position":2,"name":"Markt","item":"https:\/\/marktxxl.de\/markt\/"},{"@type":"ListItem","position":3,"name":"Webermann Personalisierter Stempel mit Namen &amp; Adresse 35x50x80mm &#8211; Adress Stempel Papierflieger &amp; Herz &#8211; Geschenk f\u00fcr\u2026"}]},{"@type":"WebSite","@id":"https:\/\/marktxxl.de\/markt\/#website","url":"https:\/\/marktxxl.de\/markt\/","name":"Markt-XXL","description":"Ihr Markt Online","publisher":{"@id":"https:\/\/marktxxl.de\/markt\/#organization"},"potentialAction":[{"@type":"SearchAction","target":{"@type":"EntryPoint","urlTemplate":"https:\/\/marktxxl.de\/markt\/?s={search_term_string}"},"query-input":{"@type":"PropertyValueSpecification","valueRequired":true,"valueName":"search_term_string"}}],"inLanguage":"de"},{"@type":"Organization","@id":"https:\/\/marktxxl.de\/markt\/#organization","name":"Markt-XXL","url":"https:\/\/marktxxl.de\/markt\/","logo":{"@type":"ImageObject","inLanguage":"de","@id":"https:\/\/marktxxl.de\/markt\/#\/schema\/logo\/image\/","url":"https:\/\/marktxxl.de\/markt\/wp-content\/uploads\/sites\/3\/2020\/12\/logo.png","contentUrl":"https:\/\/marktxxl.de\/markt\/wp-content\/uploads\/sites\/3\/2020\/12\/logo.png","width":200,"height":70,"caption":"Markt-XXL"},"image":{"@id":"https:\/\/marktxxl.de\/markt\/#\/schema\/logo\/image\/"}}]}},"_links":{"self":[{"href":"https:\/\/marktxxl.de\/markt\/wp-json\/wp\/v2\/product\/120713","targetHints":{"allow":["GET"]}}],"collection":[{"href":"https:\/\/marktxxl.de\/markt\/wp-json\/wp\/v2\/product"}],"about":[{"href":"https:\/\/marktxxl.de\/markt\/wp-json\/wp\/v2\/types\/product"}],"replies":[{"embeddable":true,"href":"https:\/\/marktxxl.de\/markt\/wp-json\/wp\/v2\/comments?post=120713"}],"wp:featuredmedia":[{"embeddable":true,"href":"https:\/\/marktxxl.de\/markt\/wp-json\/wp\/v2\/media\/120714"}],"wp:attachment":[{"href":"https:\/\/marktxxl.de\/markt\/wp-json\/wp\/v2\/media?parent=120713"}],"wp:term":[{"taxonomy":"product_brand","embeddable":true,"href":"https:\/\/marktxxl.de\/markt\/wp-json\/wp\/v2\/product_brand?post=120713"},{"taxonomy":"product_cat","embeddable":true,"href":"https:\/\/marktxxl.de\/markt\/wp-json\/wp\/v2\/product_cat?post=120713"},{"taxonomy":"product_tag","embeddable":true,"href":"https:\/\/marktxxl.de\/markt\/wp-json\/wp\/v2\/product_tag?post=120713"}],"curies":[{"name":"wp","href":"https:\/\/api.w.org\/{rel}","templated":true}]}}