{"id":119911,"date":"2022-05-15T03:16:43","date_gmt":"2022-05-15T01:16:43","guid":{"rendered":"https:\/\/marktxxl.de\/markt\/produkt\/lichterkette-aussen-bomkim-95-m-outdoor-lichterkette-g40-lichterkette-gluehbirnen-254-birnen-ip45-wasserdicht-outdoor-lichterkette-strom-fuer-innen-aussen-garten-terrasse-hochzeiten-partys\/"},"modified":"2023-04-11T03:49:21","modified_gmt":"2023-04-11T01:49:21","slug":"lichterkette-aussen-bomkim-95-m-outdoor-lichterkette-g40-lichterkette-gluehbirnen-254-birnen-ip45-wasserdicht-outdoor-lichterkette-strom-fuer-innen-aussen-garten-terrasse-hochzeiten-partys","status":"publish","type":"product","link":"https:\/\/marktxxl.de\/markt\/produkt\/lichterkette-aussen-bomkim-95-m-outdoor-lichterkette-g40-lichterkette-gluehbirnen-254-birnen-ip45-wasserdicht-outdoor-lichterkette-strom-fuer-innen-aussen-garten-terrasse-hochzeiten-partys\/","title":{"rendered":"Bomkim Lichterkette Au\u00dfen, 9,5 m Outdoor Lichterkette, G40 Lichterkette Gl\u00fchbirnen 25+4 Birnen IP45 Wasserdicht, Outdoor\u2026"},"content":{"rendered":"<p>\u2728\u3010Lichterkette Au\u00dfen\u3011Die 9,5 m lichterkette au\u00dfen besteht aus 25 Birnen mit 4 Ersatzbirnenn.die eine gute Lichtstabilit\u00e4t und ein gleichm\u00e4\u00dfiges Spektrum aufweisen, sodass das Licht weich ist und keine Blendung auftritt.<br \/>\n\u2728\u3010IP45 Wasserdicht\u3011Das wasserdichte IP45-Material macht diese Lichterketten ideal f\u00fcr au\u00dfen &amp; innen Gebrauch, keine Angst vor Regen- oder Schneetagen. \u00dcberlegenes PVC-Kabel bricht nicht, es kann Ihr Haus jahrelang schm\u00fccken.<br \/>\n\u2728\u3010Lange Lebensdauer\u3011Die G40-Lampen arbeiten parallel und jede Gl\u00fchbirne ist unabh\u00e4ngig. Eine defekte Gl\u00fchlampe hat keine Auswirkungen auf andere Gl\u00fchlampen. Wenn eine besch\u00e4digte oder fehlende Gl\u00fchbirne vorhanden ist, leuchten die verbleibenden Gl\u00fchbirnen weiterhin. Wenn eine Gl\u00fchbirne platzt, m\u00fcssen Sie sie nur ersetzen. Und wir bieten 4 Ersatzlampen an, um sie zu ersetzen, die w\u00e4hrend des Transports besch\u00e4digt werden.<br \/>\n\u2728\u3010End-to-End-Anschluss\u3011Jede Birnehalter hat oben einen Aufh\u00e4ngehaken, mit dieser Haken k\u00f6nnen Sie nach Bedarf einfach zu installierenden. Au\u00dferdem hat jede Lichterkette eine End-to-End Verbindung, wodurch Sie bis zu 3 lichterkette au\u00dfen miteinander verbinden k\u00f6nnen, um einen gro\u00dfen Bereich abzudecken.<br \/>\n\u2728\u3010Zufriedenheit Garantiert\u2b50\u2b50\u2b50\u2b50\u2b50\u3011: Wenn Sie aus irgendeinem Grund mit Ihrem Kauf nicht zufrieden sind, kontaktieren Sie uns bitte und wir werden Korrekturen vornehmen.. Kundenzufriedenheit ist unser oberstes Ziel.<br \/>\n<div class=\"main-cross-sell\" data-asin=\"B09SB9FHT6\">\n\n\t<div class=\"WooZone-cross-sell-loader\">\n\t\t<div>\n\t\t\t<div id=\"floatingBarsG\">\n\t\t\t\t<div class=\"blockG\" id=\"rotateG_01\"><\/div>\n\t\t\t\t<div class=\"blockG\" id=\"rotateG_02\"><\/div>\n\t\t\t\t<div class=\"blockG\" id=\"rotateG_03\"><\/div>\n\t\t\t\t<div class=\"blockG\" id=\"rotateG_04\"><\/div>\n\t\t\t\t<div class=\"blockG\" id=\"rotateG_05\"><\/div>\n\t\t\t\t<div class=\"blockG\" id=\"rotateG_06\"><\/div>\n\t\t\t\t<div class=\"blockG\" id=\"rotateG_07\"><\/div>\n\t\t\t\t<div class=\"blockG\" id=\"rotateG_08\"><\/div>\n\t\t\t<\/div>\n\t\t\t<div class=\"WooZone-cross-sell-loader-text\"><\/div>\n\t\t<\/div>\n\t<\/div>\n\n\t\t\n<\/div>\n<div style=\"clear:both;\"><\/div><\/p>\n","protected":false},"excerpt":{"rendered":"<p>\u2728\u3010Lichterkette Au\u00dfen\u3011Die 9,5 m lichterkette au\u00dfen besteht aus 25 Birnen mit 4 Ersatzbirnenn.die eine gute Lichtstabilit\u00e4t und ein gleichm\u00e4\u00dfiges Spektrum aufweisen, sodass das Licht weich ist und keine Blendung auftritt.<br \/>\n\u2728\u3010IP45 Wasserdicht\u3011Das wasserdichte IP45-Material macht diese Lichterketten ideal f\u00fcr au\u00dfen &amp; innen Gebrauch, keine Angst vor Regen- oder Schneetagen. \u00dcberlegenes PVC-Kabel bricht nicht, es kann Ihr Haus jahrelang schm\u00fccken.<br \/>\n\u2728\u3010Lange Lebensdauer\u3011Die G40-Lampen arbeiten parallel und jede Gl\u00fchbirne ist unabh\u00e4ngig. Eine defekte Gl\u00fchlampe hat keine Auswirkungen auf andere Gl\u00fchlampen. Wenn eine besch\u00e4digte oder fehlende Gl\u00fchbirne vorhanden ist, leuchten die verbleibenden Gl\u00fchbirnen weiterhin. Wenn eine Gl\u00fchbirne platzt, m\u00fcssen Sie sie nur ersetzen. Und wir bieten 4 Ersatzlampen an, um sie zu ersetzen, die w\u00e4hrend des Transports besch\u00e4digt werden.<\/p>\n","protected":false},"featured_media":119912,"comment_status":"open","ping_status":"closed","template":"","meta":[],"product_brand":[],"product_cat":[2108,15622],"product_tag":[],"class_list":{"0":"post-119911","1":"product","2":"type-product","3":"status-publish","4":"has-post-thumbnail","6":"product_cat-beleuchtung","7":"product_cat-lichterketten","8":"pa_brand-bomkim","9":"pa_height-2-362204722-zoll","10":"pa_length-374-01574765-zoll","11":"pa_manufacturer-bomkim","12":"pa_weight-1-6755131912-pfund","13":"pa_width-1-574803148-zoll","15":"first","16":"instock","17":"shipping-taxable","18":"purchasable","19":"product-type-simple","20":"customify-col","21":"product-has-gallery"},"yoast_head":"<!-- This site is optimized with the Yoast SEO plugin v27.4 - https:\/\/yoast.com\/product\/yoast-seo-wordpress\/ -->\n<title>Bomkim Lichterkette Au\u00dfen, 9,5 m Outdoor Lichterkette, G40 Lichterkette Gl\u00fchbirnen 25+4 Birnen IP45 Wasserdicht, Outdoor\u2026 - Markt-XXL<\/title>\n<meta name=\"description\" content=\"Markt-XXL Bomkim Lichterkette Au\u00dfen, 9,5 m Outdoor Lichterkette, G40 Lichterkette Gl\u00fchbirnen 25+4 Birnen IP45 Wasserdicht, Outdoor\u2026\" \/>\n<meta name=\"robots\" content=\"index, follow, max-snippet:-1, max-image-preview:large, max-video-preview:-1\" \/>\n<link rel=\"canonical\" href=\"https:\/\/marktxxl.de\/markt\/produkt\/lichterkette-aussen-bomkim-95-m-outdoor-lichterkette-g40-lichterkette-gluehbirnen-254-birnen-ip45-wasserdicht-outdoor-lichterkette-strom-fuer-innen-aussen-garten-terrasse-hochzeiten-partys\/\" \/>\n<meta property=\"og:locale\" content=\"de_DE\" \/>\n<meta property=\"og:type\" content=\"article\" \/>\n<meta property=\"og:title\" content=\"Bomkim Lichterkette Au\u00dfen, 9,5 m Outdoor Lichterkette, G40 Lichterkette Gl\u00fchbirnen 25+4 Birnen IP45 Wasserdicht, Outdoor\u2026 - Markt-XXL\" \/>\n<meta property=\"og:description\" content=\"Markt-XXL Bomkim Lichterkette Au\u00dfen, 9,5 m Outdoor Lichterkette, G40 Lichterkette Gl\u00fchbirnen 25+4 Birnen IP45 Wasserdicht, Outdoor\u2026\" \/>\n<meta property=\"og:url\" content=\"https:\/\/marktxxl.de\/markt\/produkt\/lichterkette-aussen-bomkim-95-m-outdoor-lichterkette-g40-lichterkette-gluehbirnen-254-birnen-ip45-wasserdicht-outdoor-lichterkette-strom-fuer-innen-aussen-garten-terrasse-hochzeiten-partys\/\" \/>\n<meta property=\"og:site_name\" content=\"Markt-XXL\" \/>\n<meta property=\"article:modified_time\" content=\"2023-04-11T01:49:21+00:00\" \/>\n<meta property=\"og:image\" content=\"https:\/\/m.media-amazon.com\/images\/I\/41avk7O7czL._SL500_.jpg\" \/>\n\t<meta property=\"og:image:width\" content=\"500\" \/>\n\t<meta property=\"og:image:height\" content=\"500\" \/>\n\t<meta property=\"og:image:type\" content=\"image\/jpeg\" \/>\n<meta name=\"twitter:card\" content=\"summary_large_image\" \/>\n<meta name=\"twitter:label1\" content=\"Gesch\u00e4tzte Lesezeit\" \/>\n\t<meta name=\"twitter:data1\" content=\"1\u00a0Minute\" \/>\n<script type=\"application\/ld+json\" class=\"yoast-schema-graph\">{\"@context\":\"https:\\\/\\\/schema.org\",\"@graph\":[{\"@type\":\"WebPage\",\"@id\":\"https:\\\/\\\/marktxxl.de\\\/markt\\\/produkt\\\/lichterkette-aussen-bomkim-95-m-outdoor-lichterkette-g40-lichterkette-gluehbirnen-254-birnen-ip45-wasserdicht-outdoor-lichterkette-strom-fuer-innen-aussen-garten-terrasse-hochzeiten-partys\\\/\",\"url\":\"https:\\\/\\\/marktxxl.de\\\/markt\\\/produkt\\\/lichterkette-aussen-bomkim-95-m-outdoor-lichterkette-g40-lichterkette-gluehbirnen-254-birnen-ip45-wasserdicht-outdoor-lichterkette-strom-fuer-innen-aussen-garten-terrasse-hochzeiten-partys\\\/\",\"name\":\"Bomkim Lichterkette Au\u00dfen, 9,5 m Outdoor Lichterkette, G40 Lichterkette Gl\u00fchbirnen 25+4 Birnen IP45 Wasserdicht, Outdoor\u2026 - Markt-XXL\",\"isPartOf\":{\"@id\":\"https:\\\/\\\/marktxxl.de\\\/markt\\\/#website\"},\"primaryImageOfPage\":{\"@id\":\"https:\\\/\\\/marktxxl.de\\\/markt\\\/produkt\\\/lichterkette-aussen-bomkim-95-m-outdoor-lichterkette-g40-lichterkette-gluehbirnen-254-birnen-ip45-wasserdicht-outdoor-lichterkette-strom-fuer-innen-aussen-garten-terrasse-hochzeiten-partys\\\/#primaryimage\"},\"image\":{\"@id\":\"https:\\\/\\\/marktxxl.de\\\/markt\\\/produkt\\\/lichterkette-aussen-bomkim-95-m-outdoor-lichterkette-g40-lichterkette-gluehbirnen-254-birnen-ip45-wasserdicht-outdoor-lichterkette-strom-fuer-innen-aussen-garten-terrasse-hochzeiten-partys\\\/#primaryimage\"},\"thumbnailUrl\":\"https:\\\/\\\/m.media-amazon.com\\\/images\\\/I\\\/41avk7O7czL._SL500_.jpg\",\"datePublished\":\"2022-05-15T01:16:43+00:00\",\"dateModified\":\"2023-04-11T01:49:21+00:00\",\"description\":\"Markt-XXL Bomkim Lichterkette Au\u00dfen, 9,5 m Outdoor Lichterkette, G40 Lichterkette Gl\u00fchbirnen 25+4 Birnen IP45 Wasserdicht, Outdoor\u2026\",\"breadcrumb\":{\"@id\":\"https:\\\/\\\/marktxxl.de\\\/markt\\\/produkt\\\/lichterkette-aussen-bomkim-95-m-outdoor-lichterkette-g40-lichterkette-gluehbirnen-254-birnen-ip45-wasserdicht-outdoor-lichterkette-strom-fuer-innen-aussen-garten-terrasse-hochzeiten-partys\\\/#breadcrumb\"},\"inLanguage\":\"de\",\"potentialAction\":[{\"@type\":\"ReadAction\",\"target\":[\"https:\\\/\\\/marktxxl.de\\\/markt\\\/produkt\\\/lichterkette-aussen-bomkim-95-m-outdoor-lichterkette-g40-lichterkette-gluehbirnen-254-birnen-ip45-wasserdicht-outdoor-lichterkette-strom-fuer-innen-aussen-garten-terrasse-hochzeiten-partys\\\/\"]}]},{\"@type\":\"ImageObject\",\"inLanguage\":\"de\",\"@id\":\"https:\\\/\\\/marktxxl.de\\\/markt\\\/produkt\\\/lichterkette-aussen-bomkim-95-m-outdoor-lichterkette-g40-lichterkette-gluehbirnen-254-birnen-ip45-wasserdicht-outdoor-lichterkette-strom-fuer-innen-aussen-garten-terrasse-hochzeiten-partys\\\/#primaryimage\",\"url\":\"https:\\\/\\\/m.media-amazon.com\\\/images\\\/I\\\/41avk7O7czL._SL500_.jpg\",\"contentUrl\":\"https:\\\/\\\/m.media-amazon.com\\\/images\\\/I\\\/41avk7O7czL._SL500_.jpg\",\"width\":500,\"height\":500},{\"@type\":\"BreadcrumbList\",\"@id\":\"https:\\\/\\\/marktxxl.de\\\/markt\\\/produkt\\\/lichterkette-aussen-bomkim-95-m-outdoor-lichterkette-g40-lichterkette-gluehbirnen-254-birnen-ip45-wasserdicht-outdoor-lichterkette-strom-fuer-innen-aussen-garten-terrasse-hochzeiten-partys\\\/#breadcrumb\",\"itemListElement\":[{\"@type\":\"ListItem\",\"position\":1,\"name\":\"Startseite\",\"item\":\"https:\\\/\\\/marktxxl.de\\\/markt\\\/\"},{\"@type\":\"ListItem\",\"position\":2,\"name\":\"Markt\",\"item\":\"https:\\\/\\\/marktxxl.de\\\/markt\\\/\"},{\"@type\":\"ListItem\",\"position\":3,\"name\":\"Bomkim Lichterkette Au\u00dfen, 9,5 m Outdoor Lichterkette, G40 Lichterkette Gl\u00fchbirnen 25+4 Birnen IP45 Wasserdicht, Outdoor\u2026\"}]},{\"@type\":\"WebSite\",\"@id\":\"https:\\\/\\\/marktxxl.de\\\/markt\\\/#website\",\"url\":\"https:\\\/\\\/marktxxl.de\\\/markt\\\/\",\"name\":\"Markt-XXL\",\"description\":\"Ihr Markt Online\",\"publisher\":{\"@id\":\"https:\\\/\\\/marktxxl.de\\\/markt\\\/#organization\"},\"potentialAction\":[{\"@type\":\"SearchAction\",\"target\":{\"@type\":\"EntryPoint\",\"urlTemplate\":\"https:\\\/\\\/marktxxl.de\\\/markt\\\/?s={search_term_string}\"},\"query-input\":{\"@type\":\"PropertyValueSpecification\",\"valueRequired\":true,\"valueName\":\"search_term_string\"}}],\"inLanguage\":\"de\"},{\"@type\":\"Organization\",\"@id\":\"https:\\\/\\\/marktxxl.de\\\/markt\\\/#organization\",\"name\":\"Markt-XXL\",\"url\":\"https:\\\/\\\/marktxxl.de\\\/markt\\\/\",\"logo\":{\"@type\":\"ImageObject\",\"inLanguage\":\"de\",\"@id\":\"https:\\\/\\\/marktxxl.de\\\/markt\\\/#\\\/schema\\\/logo\\\/image\\\/\",\"url\":\"https:\\\/\\\/marktxxl.de\\\/markt\\\/wp-content\\\/uploads\\\/sites\\\/3\\\/2020\\\/12\\\/logo.png\",\"contentUrl\":\"https:\\\/\\\/marktxxl.de\\\/markt\\\/wp-content\\\/uploads\\\/sites\\\/3\\\/2020\\\/12\\\/logo.png\",\"width\":200,\"height\":70,\"caption\":\"Markt-XXL\"},\"image\":{\"@id\":\"https:\\\/\\\/marktxxl.de\\\/markt\\\/#\\\/schema\\\/logo\\\/image\\\/\"}}]}<\/script>\n<!-- \/ Yoast SEO plugin. -->","yoast_head_json":{"title":"Bomkim Lichterkette Au\u00dfen, 9,5 m Outdoor Lichterkette, G40 Lichterkette Gl\u00fchbirnen 25+4 Birnen IP45 Wasserdicht, Outdoor\u2026 - Markt-XXL","description":"Markt-XXL Bomkim Lichterkette Au\u00dfen, 9,5 m Outdoor Lichterkette, G40 Lichterkette Gl\u00fchbirnen 25+4 Birnen IP45 Wasserdicht, Outdoor\u2026","robots":{"index":"index","follow":"follow","max-snippet":"max-snippet:-1","max-image-preview":"max-image-preview:large","max-video-preview":"max-video-preview:-1"},"canonical":"https:\/\/marktxxl.de\/markt\/produkt\/lichterkette-aussen-bomkim-95-m-outdoor-lichterkette-g40-lichterkette-gluehbirnen-254-birnen-ip45-wasserdicht-outdoor-lichterkette-strom-fuer-innen-aussen-garten-terrasse-hochzeiten-partys\/","og_locale":"de_DE","og_type":"article","og_title":"Bomkim Lichterkette Au\u00dfen, 9,5 m Outdoor Lichterkette, G40 Lichterkette Gl\u00fchbirnen 25+4 Birnen IP45 Wasserdicht, Outdoor\u2026 - Markt-XXL","og_description":"Markt-XXL Bomkim Lichterkette Au\u00dfen, 9,5 m Outdoor Lichterkette, G40 Lichterkette Gl\u00fchbirnen 25+4 Birnen IP45 Wasserdicht, Outdoor\u2026","og_url":"https:\/\/marktxxl.de\/markt\/produkt\/lichterkette-aussen-bomkim-95-m-outdoor-lichterkette-g40-lichterkette-gluehbirnen-254-birnen-ip45-wasserdicht-outdoor-lichterkette-strom-fuer-innen-aussen-garten-terrasse-hochzeiten-partys\/","og_site_name":"Markt-XXL","article_modified_time":"2023-04-11T01:49:21+00:00","og_image":[{"width":500,"height":500,"url":"https:\/\/m.media-amazon.com\/images\/I\/41avk7O7czL._SL500_.jpg","type":"image\/jpeg"}],"twitter_card":"summary_large_image","twitter_misc":{"Gesch\u00e4tzte Lesezeit":"1\u00a0Minute"},"schema":{"@context":"https:\/\/schema.org","@graph":[{"@type":"WebPage","@id":"https:\/\/marktxxl.de\/markt\/produkt\/lichterkette-aussen-bomkim-95-m-outdoor-lichterkette-g40-lichterkette-gluehbirnen-254-birnen-ip45-wasserdicht-outdoor-lichterkette-strom-fuer-innen-aussen-garten-terrasse-hochzeiten-partys\/","url":"https:\/\/marktxxl.de\/markt\/produkt\/lichterkette-aussen-bomkim-95-m-outdoor-lichterkette-g40-lichterkette-gluehbirnen-254-birnen-ip45-wasserdicht-outdoor-lichterkette-strom-fuer-innen-aussen-garten-terrasse-hochzeiten-partys\/","name":"Bomkim Lichterkette Au\u00dfen, 9,5 m Outdoor Lichterkette, G40 Lichterkette Gl\u00fchbirnen 25+4 Birnen IP45 Wasserdicht, Outdoor\u2026 - Markt-XXL","isPartOf":{"@id":"https:\/\/marktxxl.de\/markt\/#website"},"primaryImageOfPage":{"@id":"https:\/\/marktxxl.de\/markt\/produkt\/lichterkette-aussen-bomkim-95-m-outdoor-lichterkette-g40-lichterkette-gluehbirnen-254-birnen-ip45-wasserdicht-outdoor-lichterkette-strom-fuer-innen-aussen-garten-terrasse-hochzeiten-partys\/#primaryimage"},"image":{"@id":"https:\/\/marktxxl.de\/markt\/produkt\/lichterkette-aussen-bomkim-95-m-outdoor-lichterkette-g40-lichterkette-gluehbirnen-254-birnen-ip45-wasserdicht-outdoor-lichterkette-strom-fuer-innen-aussen-garten-terrasse-hochzeiten-partys\/#primaryimage"},"thumbnailUrl":"https:\/\/m.media-amazon.com\/images\/I\/41avk7O7czL._SL500_.jpg","datePublished":"2022-05-15T01:16:43+00:00","dateModified":"2023-04-11T01:49:21+00:00","description":"Markt-XXL Bomkim Lichterkette Au\u00dfen, 9,5 m Outdoor Lichterkette, G40 Lichterkette Gl\u00fchbirnen 25+4 Birnen IP45 Wasserdicht, Outdoor\u2026","breadcrumb":{"@id":"https:\/\/marktxxl.de\/markt\/produkt\/lichterkette-aussen-bomkim-95-m-outdoor-lichterkette-g40-lichterkette-gluehbirnen-254-birnen-ip45-wasserdicht-outdoor-lichterkette-strom-fuer-innen-aussen-garten-terrasse-hochzeiten-partys\/#breadcrumb"},"inLanguage":"de","potentialAction":[{"@type":"ReadAction","target":["https:\/\/marktxxl.de\/markt\/produkt\/lichterkette-aussen-bomkim-95-m-outdoor-lichterkette-g40-lichterkette-gluehbirnen-254-birnen-ip45-wasserdicht-outdoor-lichterkette-strom-fuer-innen-aussen-garten-terrasse-hochzeiten-partys\/"]}]},{"@type":"ImageObject","inLanguage":"de","@id":"https:\/\/marktxxl.de\/markt\/produkt\/lichterkette-aussen-bomkim-95-m-outdoor-lichterkette-g40-lichterkette-gluehbirnen-254-birnen-ip45-wasserdicht-outdoor-lichterkette-strom-fuer-innen-aussen-garten-terrasse-hochzeiten-partys\/#primaryimage","url":"https:\/\/m.media-amazon.com\/images\/I\/41avk7O7czL._SL500_.jpg","contentUrl":"https:\/\/m.media-amazon.com\/images\/I\/41avk7O7czL._SL500_.jpg","width":500,"height":500},{"@type":"BreadcrumbList","@id":"https:\/\/marktxxl.de\/markt\/produkt\/lichterkette-aussen-bomkim-95-m-outdoor-lichterkette-g40-lichterkette-gluehbirnen-254-birnen-ip45-wasserdicht-outdoor-lichterkette-strom-fuer-innen-aussen-garten-terrasse-hochzeiten-partys\/#breadcrumb","itemListElement":[{"@type":"ListItem","position":1,"name":"Startseite","item":"https:\/\/marktxxl.de\/markt\/"},{"@type":"ListItem","position":2,"name":"Markt","item":"https:\/\/marktxxl.de\/markt\/"},{"@type":"ListItem","position":3,"name":"Bomkim Lichterkette Au\u00dfen, 9,5 m Outdoor Lichterkette, G40 Lichterkette Gl\u00fchbirnen 25+4 Birnen IP45 Wasserdicht, Outdoor\u2026"}]},{"@type":"WebSite","@id":"https:\/\/marktxxl.de\/markt\/#website","url":"https:\/\/marktxxl.de\/markt\/","name":"Markt-XXL","description":"Ihr Markt Online","publisher":{"@id":"https:\/\/marktxxl.de\/markt\/#organization"},"potentialAction":[{"@type":"SearchAction","target":{"@type":"EntryPoint","urlTemplate":"https:\/\/marktxxl.de\/markt\/?s={search_term_string}"},"query-input":{"@type":"PropertyValueSpecification","valueRequired":true,"valueName":"search_term_string"}}],"inLanguage":"de"},{"@type":"Organization","@id":"https:\/\/marktxxl.de\/markt\/#organization","name":"Markt-XXL","url":"https:\/\/marktxxl.de\/markt\/","logo":{"@type":"ImageObject","inLanguage":"de","@id":"https:\/\/marktxxl.de\/markt\/#\/schema\/logo\/image\/","url":"https:\/\/marktxxl.de\/markt\/wp-content\/uploads\/sites\/3\/2020\/12\/logo.png","contentUrl":"https:\/\/marktxxl.de\/markt\/wp-content\/uploads\/sites\/3\/2020\/12\/logo.png","width":200,"height":70,"caption":"Markt-XXL"},"image":{"@id":"https:\/\/marktxxl.de\/markt\/#\/schema\/logo\/image\/"}}]}},"_links":{"self":[{"href":"https:\/\/marktxxl.de\/markt\/wp-json\/wp\/v2\/product\/119911","targetHints":{"allow":["GET"]}}],"collection":[{"href":"https:\/\/marktxxl.de\/markt\/wp-json\/wp\/v2\/product"}],"about":[{"href":"https:\/\/marktxxl.de\/markt\/wp-json\/wp\/v2\/types\/product"}],"replies":[{"embeddable":true,"href":"https:\/\/marktxxl.de\/markt\/wp-json\/wp\/v2\/comments?post=119911"}],"wp:featuredmedia":[{"embeddable":true,"href":"https:\/\/marktxxl.de\/markt\/wp-json\/wp\/v2\/media\/119912"}],"wp:attachment":[{"href":"https:\/\/marktxxl.de\/markt\/wp-json\/wp\/v2\/media?parent=119911"}],"wp:term":[{"taxonomy":"product_brand","embeddable":true,"href":"https:\/\/marktxxl.de\/markt\/wp-json\/wp\/v2\/product_brand?post=119911"},{"taxonomy":"product_cat","embeddable":true,"href":"https:\/\/marktxxl.de\/markt\/wp-json\/wp\/v2\/product_cat?post=119911"},{"taxonomy":"product_tag","embeddable":true,"href":"https:\/\/marktxxl.de\/markt\/wp-json\/wp\/v2\/product_tag?post=119911"}],"curies":[{"name":"wp","href":"https:\/\/api.w.org\/{rel}","templated":true}]}}