{"id":119900,"date":"2022-05-15T03:16:34","date_gmt":"2022-05-15T01:16:34","guid":{"rendered":"https:\/\/marktxxl.de\/markt\/produkt\/solar-lichterkette-aussen-qxmcov-lichterkette-gluehbirnen-252-led-solar-lichterkette-aussen-globe-birnen-lichterkette-outdoor-garten-4-modi-fuer-patio-party-aussen-warmweiss\/"},"modified":"2023-04-11T03:49:21","modified_gmt":"2023-04-11T01:49:21","slug":"solar-lichterkette-aussen-qxmcov-lichterkette-gluehbirnen-252-led-solar-lichterkette-aussen-globe-birnen-lichterkette-outdoor-garten-4-modi-fuer-patio-party-aussen-warmweiss","status":"publish","type":"product","link":"https:\/\/marktxxl.de\/markt\/produkt\/solar-lichterkette-aussen-qxmcov-lichterkette-gluehbirnen-252-led-solar-lichterkette-aussen-globe-birnen-lichterkette-outdoor-garten-4-modi-fuer-patio-party-aussen-warmweiss\/","title":{"rendered":"Qxmcov Solar Lichterkette Au\u00dfen, Lichterkette Gl\u00fchbirnen 25+2 LED Solar Lichterkette Aussen Globe Birnen Lichterkette\u2026"},"content":{"rendered":"<p>25 LED Solar Lichterketten Outdoor: Diese Lichterkette besteht aus 25 hochwertigen wasserresistenten LED-Lampen mit einer Gesamtl\u00e4nge von 7,62 Metern und einem Abstand von 0,3 m zwischen zwei Lampen. Sie schaffen eine gem\u00fctliche und festliche Atmosph\u00e4re f\u00fcr Sie und Ihre Familie. F\u00fcr Hochzeit, Geburtstag, Weihnachten, Halloween, f\u00fcr Dekoration drinnen und drau\u00dfen.<br \/>\nSolarbetrieben und USB-wiederaufladbar: LED-Solar-Lichterketten mit Solarmodul der neuen Version und zwei eingebauten wiederaufladbaren Batterien wandeln die Solarzellen die Sonnenenergie in Strom um und laden die Batterien w\u00e4hrend des Tages auf, nachts brennen sie 8-12 Stunden lang, wenn sie tags\u00fcber 8 Stunden lang voll aufgeladen werden. Wenn das Sonnenlicht nicht ausreicht, um Strom zu liefern, kann das Solarpanel problemlos \u00fcber eine beliebige USB-Steckdose aufgeladen werden.<br \/>\n2 Tasten und 4 Beleuchtungsmodi: \u00dcber zwei Tasten (EIN\/AUS-Taste und Modustaste) k\u00f6nnen Sie die Lichterketten mit 4 Modi einfach \u00fcber die Modustaste auf der R\u00fcckseite des Solarmoduls steuern. Diese LED-Au\u00dfenlichterkette mit integrierter Lichtsensorfunktion schaltet sich nachts automatisch ein und tags\u00fcber automatisch aus.<br \/>\nSicher und wasserresisternt: Betrieb mit energiesparenden LED-Lampen, wodurch die Lebensdauer der Lichtkette verl\u00e4ngert wird. Die Gl\u00fchbirnen werden auch nach einer langen Beleuchtungsdauer nicht hei\u00df und funktionieren auch dann noch, wenn eine Lampe ausf\u00e4llt. Der Stromverbrauch ist niedrig, die Helligkeit ist hoch. Schutzart IP44 hei\u00dft Wasserresistent, die Lichterkette kann auch an regnerischen Tagen verwendet werden.<br \/>\nEinfach zum Selbermachen und vielf\u00e4ltige Anwendung: Flexible Lichterketten, kein Werkzeug erforderlich, einfache Installation, jede Gl\u00fchbirne hat einen Clip an der Seite, damit Sie sie problemlos an B\u00e4umen oder B\u00fcschen aufh\u00e4ngen oder die Lichterketten unter Zelten, auf Terrassen, Markisen oder Regenschirme etc. befestigen k\u00f6nnen.<br \/>\n<div class=\"main-cross-sell\" data-asin=\"B09PBKCPY7\">\n\n\t<div class=\"WooZone-cross-sell-loader\">\n\t\t<div>\n\t\t\t<div id=\"floatingBarsG\">\n\t\t\t\t<div class=\"blockG\" id=\"rotateG_01\"><\/div>\n\t\t\t\t<div class=\"blockG\" id=\"rotateG_02\"><\/div>\n\t\t\t\t<div class=\"blockG\" id=\"rotateG_03\"><\/div>\n\t\t\t\t<div class=\"blockG\" id=\"rotateG_04\"><\/div>\n\t\t\t\t<div class=\"blockG\" id=\"rotateG_05\"><\/div>\n\t\t\t\t<div class=\"blockG\" id=\"rotateG_06\"><\/div>\n\t\t\t\t<div class=\"blockG\" id=\"rotateG_07\"><\/div>\n\t\t\t\t<div class=\"blockG\" id=\"rotateG_08\"><\/div>\n\t\t\t<\/div>\n\t\t\t<div class=\"WooZone-cross-sell-loader-text\"><\/div>\n\t\t<\/div>\n\t<\/div>\n\n\t\t\n<\/div>\n<div style=\"clear:both;\"><\/div><\/p>\n","protected":false},"excerpt":{"rendered":"<p>25 LED Solar Lichterketten Outdoor: Diese Lichterkette besteht aus 25 hochwertigen wasserresistenten LED-Lampen mit einer Gesamtl\u00e4nge von 7,62 Metern und einem Abstand von 0,3 m zwischen zwei Lampen. Sie schaffen eine gem\u00fctliche und festliche Atmosph\u00e4re f\u00fcr Sie und Ihre Familie. F\u00fcr Hochzeit, Geburtstag, Weihnachten, Halloween, f\u00fcr Dekoration drinnen und drau\u00dfen.<br \/>\nSolarbetrieben und USB-wiederaufladbar: LED-Solar-Lichterketten mit Solarmodul der neuen Version und zwei eingebauten wiederaufladbaren Batterien wandeln die Solarzellen die Sonnenenergie in Strom um und laden die Batterien w\u00e4hrend des Tages auf, nachts brennen sie 8-12 Stunden lang, wenn sie tags\u00fcber 8 Stunden lang voll aufgeladen werden. Wenn das Sonnenlicht nicht ausreicht, um Strom zu liefern, kann das Solarpanel problemlos \u00fcber eine beliebige USB-Steckdose aufgeladen werden.<br \/>\n2 Tasten und 4 Beleuchtungsmodi: \u00dcber zwei Tasten (EIN\/AUS-Taste und Modustaste) k\u00f6nnen Sie die Lichterketten mit 4 Modi einfach \u00fcber die Modustaste auf der R\u00fcckseite des Solarmoduls steuern. Diese LED-Au\u00dfenlichterkette mit integrierter Lichtsensorfunktion schaltet sich nachts automatisch ein und tags\u00fcber automatisch aus.<\/p>\n","protected":false},"featured_media":119901,"comment_status":"open","ping_status":"closed","template":"","meta":[],"product_brand":[],"product_cat":[2108,15622],"product_tag":[],"class_list":{"0":"post-119900","1":"product","2":"type-product","3":"status-publish","4":"has-post-thumbnail","6":"product_cat-beleuchtung","7":"product_cat-lichterketten","8":"pa_brand-qxmcov","9":"pa_manufacturer-qxmcov","10":"pa_size-25-led","12":"first","13":"instock","14":"shipping-taxable","15":"purchasable","16":"product-type-simple","17":"customify-col","18":"product-has-gallery"},"yoast_head":"<!-- This site is optimized with the Yoast SEO plugin v27.4 - https:\/\/yoast.com\/product\/yoast-seo-wordpress\/ -->\n<title>Qxmcov Solar Lichterkette Au\u00dfen, Lichterkette Gl\u00fchbirnen 25+2 LED Solar Lichterkette Aussen Globe Birnen Lichterkette\u2026 - Markt-XXL<\/title>\n<meta name=\"description\" content=\"Markt-XXL Qxmcov Solar Lichterkette Au\u00dfen, Lichterkette Gl\u00fchbirnen 25+2 LED Solar Lichterkette Aussen Globe Birnen Lichterkette\u2026\" \/>\n<meta name=\"robots\" content=\"index, follow, max-snippet:-1, max-image-preview:large, max-video-preview:-1\" \/>\n<link rel=\"canonical\" href=\"https:\/\/marktxxl.de\/markt\/produkt\/solar-lichterkette-aussen-qxmcov-lichterkette-gluehbirnen-252-led-solar-lichterkette-aussen-globe-birnen-lichterkette-outdoor-garten-4-modi-fuer-patio-party-aussen-warmweiss\/\" \/>\n<meta property=\"og:locale\" content=\"de_DE\" \/>\n<meta property=\"og:type\" content=\"article\" \/>\n<meta property=\"og:title\" content=\"Qxmcov Solar Lichterkette Au\u00dfen, Lichterkette Gl\u00fchbirnen 25+2 LED Solar Lichterkette Aussen Globe Birnen Lichterkette\u2026 - Markt-XXL\" \/>\n<meta property=\"og:description\" content=\"Markt-XXL Qxmcov Solar Lichterkette Au\u00dfen, Lichterkette Gl\u00fchbirnen 25+2 LED Solar Lichterkette Aussen Globe Birnen Lichterkette\u2026\" \/>\n<meta property=\"og:url\" content=\"https:\/\/marktxxl.de\/markt\/produkt\/solar-lichterkette-aussen-qxmcov-lichterkette-gluehbirnen-252-led-solar-lichterkette-aussen-globe-birnen-lichterkette-outdoor-garten-4-modi-fuer-patio-party-aussen-warmweiss\/\" \/>\n<meta property=\"og:site_name\" content=\"Markt-XXL\" \/>\n<meta property=\"article:modified_time\" content=\"2023-04-11T01:49:21+00:00\" \/>\n<meta property=\"og:image\" content=\"https:\/\/m.media-amazon.com\/images\/I\/61Iv0mDNnoL._SL500_.jpg\" \/>\n\t<meta property=\"og:image:width\" content=\"500\" \/>\n\t<meta property=\"og:image:height\" content=\"500\" \/>\n\t<meta property=\"og:image:type\" content=\"image\/jpeg\" \/>\n<meta name=\"twitter:card\" content=\"summary_large_image\" \/>\n<meta name=\"twitter:label1\" content=\"Gesch\u00e4tzte Lesezeit\" \/>\n\t<meta name=\"twitter:data1\" content=\"1\u00a0Minute\" \/>\n<script type=\"application\/ld+json\" class=\"yoast-schema-graph\">{\"@context\":\"https:\\\/\\\/schema.org\",\"@graph\":[{\"@type\":\"WebPage\",\"@id\":\"https:\\\/\\\/marktxxl.de\\\/markt\\\/produkt\\\/solar-lichterkette-aussen-qxmcov-lichterkette-gluehbirnen-252-led-solar-lichterkette-aussen-globe-birnen-lichterkette-outdoor-garten-4-modi-fuer-patio-party-aussen-warmweiss\\\/\",\"url\":\"https:\\\/\\\/marktxxl.de\\\/markt\\\/produkt\\\/solar-lichterkette-aussen-qxmcov-lichterkette-gluehbirnen-252-led-solar-lichterkette-aussen-globe-birnen-lichterkette-outdoor-garten-4-modi-fuer-patio-party-aussen-warmweiss\\\/\",\"name\":\"Qxmcov Solar Lichterkette Au\u00dfen, Lichterkette Gl\u00fchbirnen 25+2 LED Solar Lichterkette Aussen Globe Birnen Lichterkette\u2026 - Markt-XXL\",\"isPartOf\":{\"@id\":\"https:\\\/\\\/marktxxl.de\\\/markt\\\/#website\"},\"primaryImageOfPage\":{\"@id\":\"https:\\\/\\\/marktxxl.de\\\/markt\\\/produkt\\\/solar-lichterkette-aussen-qxmcov-lichterkette-gluehbirnen-252-led-solar-lichterkette-aussen-globe-birnen-lichterkette-outdoor-garten-4-modi-fuer-patio-party-aussen-warmweiss\\\/#primaryimage\"},\"image\":{\"@id\":\"https:\\\/\\\/marktxxl.de\\\/markt\\\/produkt\\\/solar-lichterkette-aussen-qxmcov-lichterkette-gluehbirnen-252-led-solar-lichterkette-aussen-globe-birnen-lichterkette-outdoor-garten-4-modi-fuer-patio-party-aussen-warmweiss\\\/#primaryimage\"},\"thumbnailUrl\":\"https:\\\/\\\/m.media-amazon.com\\\/images\\\/I\\\/61Iv0mDNnoL._SL500_.jpg\",\"datePublished\":\"2022-05-15T01:16:34+00:00\",\"dateModified\":\"2023-04-11T01:49:21+00:00\",\"description\":\"Markt-XXL Qxmcov Solar Lichterkette Au\u00dfen, Lichterkette Gl\u00fchbirnen 25+2 LED Solar Lichterkette Aussen Globe Birnen Lichterkette\u2026\",\"breadcrumb\":{\"@id\":\"https:\\\/\\\/marktxxl.de\\\/markt\\\/produkt\\\/solar-lichterkette-aussen-qxmcov-lichterkette-gluehbirnen-252-led-solar-lichterkette-aussen-globe-birnen-lichterkette-outdoor-garten-4-modi-fuer-patio-party-aussen-warmweiss\\\/#breadcrumb\"},\"inLanguage\":\"de\",\"potentialAction\":[{\"@type\":\"ReadAction\",\"target\":[\"https:\\\/\\\/marktxxl.de\\\/markt\\\/produkt\\\/solar-lichterkette-aussen-qxmcov-lichterkette-gluehbirnen-252-led-solar-lichterkette-aussen-globe-birnen-lichterkette-outdoor-garten-4-modi-fuer-patio-party-aussen-warmweiss\\\/\"]}]},{\"@type\":\"ImageObject\",\"inLanguage\":\"de\",\"@id\":\"https:\\\/\\\/marktxxl.de\\\/markt\\\/produkt\\\/solar-lichterkette-aussen-qxmcov-lichterkette-gluehbirnen-252-led-solar-lichterkette-aussen-globe-birnen-lichterkette-outdoor-garten-4-modi-fuer-patio-party-aussen-warmweiss\\\/#primaryimage\",\"url\":\"https:\\\/\\\/m.media-amazon.com\\\/images\\\/I\\\/61Iv0mDNnoL._SL500_.jpg\",\"contentUrl\":\"https:\\\/\\\/m.media-amazon.com\\\/images\\\/I\\\/61Iv0mDNnoL._SL500_.jpg\",\"width\":500,\"height\":500},{\"@type\":\"BreadcrumbList\",\"@id\":\"https:\\\/\\\/marktxxl.de\\\/markt\\\/produkt\\\/solar-lichterkette-aussen-qxmcov-lichterkette-gluehbirnen-252-led-solar-lichterkette-aussen-globe-birnen-lichterkette-outdoor-garten-4-modi-fuer-patio-party-aussen-warmweiss\\\/#breadcrumb\",\"itemListElement\":[{\"@type\":\"ListItem\",\"position\":1,\"name\":\"Startseite\",\"item\":\"https:\\\/\\\/marktxxl.de\\\/markt\\\/\"},{\"@type\":\"ListItem\",\"position\":2,\"name\":\"Markt\",\"item\":\"https:\\\/\\\/marktxxl.de\\\/markt\\\/\"},{\"@type\":\"ListItem\",\"position\":3,\"name\":\"Qxmcov Solar Lichterkette Au\u00dfen, Lichterkette Gl\u00fchbirnen 25+2 LED Solar Lichterkette Aussen Globe Birnen Lichterkette\u2026\"}]},{\"@type\":\"WebSite\",\"@id\":\"https:\\\/\\\/marktxxl.de\\\/markt\\\/#website\",\"url\":\"https:\\\/\\\/marktxxl.de\\\/markt\\\/\",\"name\":\"Markt-XXL\",\"description\":\"Ihr Markt Online\",\"publisher\":{\"@id\":\"https:\\\/\\\/marktxxl.de\\\/markt\\\/#organization\"},\"potentialAction\":[{\"@type\":\"SearchAction\",\"target\":{\"@type\":\"EntryPoint\",\"urlTemplate\":\"https:\\\/\\\/marktxxl.de\\\/markt\\\/?s={search_term_string}\"},\"query-input\":{\"@type\":\"PropertyValueSpecification\",\"valueRequired\":true,\"valueName\":\"search_term_string\"}}],\"inLanguage\":\"de\"},{\"@type\":\"Organization\",\"@id\":\"https:\\\/\\\/marktxxl.de\\\/markt\\\/#organization\",\"name\":\"Markt-XXL\",\"url\":\"https:\\\/\\\/marktxxl.de\\\/markt\\\/\",\"logo\":{\"@type\":\"ImageObject\",\"inLanguage\":\"de\",\"@id\":\"https:\\\/\\\/marktxxl.de\\\/markt\\\/#\\\/schema\\\/logo\\\/image\\\/\",\"url\":\"https:\\\/\\\/marktxxl.de\\\/markt\\\/wp-content\\\/uploads\\\/sites\\\/3\\\/2020\\\/12\\\/logo.png\",\"contentUrl\":\"https:\\\/\\\/marktxxl.de\\\/markt\\\/wp-content\\\/uploads\\\/sites\\\/3\\\/2020\\\/12\\\/logo.png\",\"width\":200,\"height\":70,\"caption\":\"Markt-XXL\"},\"image\":{\"@id\":\"https:\\\/\\\/marktxxl.de\\\/markt\\\/#\\\/schema\\\/logo\\\/image\\\/\"}}]}<\/script>\n<!-- \/ Yoast SEO plugin. -->","yoast_head_json":{"title":"Qxmcov Solar Lichterkette Au\u00dfen, Lichterkette Gl\u00fchbirnen 25+2 LED Solar Lichterkette Aussen Globe Birnen Lichterkette\u2026 - Markt-XXL","description":"Markt-XXL Qxmcov Solar Lichterkette Au\u00dfen, Lichterkette Gl\u00fchbirnen 25+2 LED Solar Lichterkette Aussen Globe Birnen Lichterkette\u2026","robots":{"index":"index","follow":"follow","max-snippet":"max-snippet:-1","max-image-preview":"max-image-preview:large","max-video-preview":"max-video-preview:-1"},"canonical":"https:\/\/marktxxl.de\/markt\/produkt\/solar-lichterkette-aussen-qxmcov-lichterkette-gluehbirnen-252-led-solar-lichterkette-aussen-globe-birnen-lichterkette-outdoor-garten-4-modi-fuer-patio-party-aussen-warmweiss\/","og_locale":"de_DE","og_type":"article","og_title":"Qxmcov Solar Lichterkette Au\u00dfen, Lichterkette Gl\u00fchbirnen 25+2 LED Solar Lichterkette Aussen Globe Birnen Lichterkette\u2026 - Markt-XXL","og_description":"Markt-XXL Qxmcov Solar Lichterkette Au\u00dfen, Lichterkette Gl\u00fchbirnen 25+2 LED Solar Lichterkette Aussen Globe Birnen Lichterkette\u2026","og_url":"https:\/\/marktxxl.de\/markt\/produkt\/solar-lichterkette-aussen-qxmcov-lichterkette-gluehbirnen-252-led-solar-lichterkette-aussen-globe-birnen-lichterkette-outdoor-garten-4-modi-fuer-patio-party-aussen-warmweiss\/","og_site_name":"Markt-XXL","article_modified_time":"2023-04-11T01:49:21+00:00","og_image":[{"width":500,"height":500,"url":"https:\/\/m.media-amazon.com\/images\/I\/61Iv0mDNnoL._SL500_.jpg","type":"image\/jpeg"}],"twitter_card":"summary_large_image","twitter_misc":{"Gesch\u00e4tzte Lesezeit":"1\u00a0Minute"},"schema":{"@context":"https:\/\/schema.org","@graph":[{"@type":"WebPage","@id":"https:\/\/marktxxl.de\/markt\/produkt\/solar-lichterkette-aussen-qxmcov-lichterkette-gluehbirnen-252-led-solar-lichterkette-aussen-globe-birnen-lichterkette-outdoor-garten-4-modi-fuer-patio-party-aussen-warmweiss\/","url":"https:\/\/marktxxl.de\/markt\/produkt\/solar-lichterkette-aussen-qxmcov-lichterkette-gluehbirnen-252-led-solar-lichterkette-aussen-globe-birnen-lichterkette-outdoor-garten-4-modi-fuer-patio-party-aussen-warmweiss\/","name":"Qxmcov Solar Lichterkette Au\u00dfen, Lichterkette Gl\u00fchbirnen 25+2 LED Solar Lichterkette Aussen Globe Birnen Lichterkette\u2026 - Markt-XXL","isPartOf":{"@id":"https:\/\/marktxxl.de\/markt\/#website"},"primaryImageOfPage":{"@id":"https:\/\/marktxxl.de\/markt\/produkt\/solar-lichterkette-aussen-qxmcov-lichterkette-gluehbirnen-252-led-solar-lichterkette-aussen-globe-birnen-lichterkette-outdoor-garten-4-modi-fuer-patio-party-aussen-warmweiss\/#primaryimage"},"image":{"@id":"https:\/\/marktxxl.de\/markt\/produkt\/solar-lichterkette-aussen-qxmcov-lichterkette-gluehbirnen-252-led-solar-lichterkette-aussen-globe-birnen-lichterkette-outdoor-garten-4-modi-fuer-patio-party-aussen-warmweiss\/#primaryimage"},"thumbnailUrl":"https:\/\/m.media-amazon.com\/images\/I\/61Iv0mDNnoL._SL500_.jpg","datePublished":"2022-05-15T01:16:34+00:00","dateModified":"2023-04-11T01:49:21+00:00","description":"Markt-XXL Qxmcov Solar Lichterkette Au\u00dfen, Lichterkette Gl\u00fchbirnen 25+2 LED Solar Lichterkette Aussen Globe Birnen Lichterkette\u2026","breadcrumb":{"@id":"https:\/\/marktxxl.de\/markt\/produkt\/solar-lichterkette-aussen-qxmcov-lichterkette-gluehbirnen-252-led-solar-lichterkette-aussen-globe-birnen-lichterkette-outdoor-garten-4-modi-fuer-patio-party-aussen-warmweiss\/#breadcrumb"},"inLanguage":"de","potentialAction":[{"@type":"ReadAction","target":["https:\/\/marktxxl.de\/markt\/produkt\/solar-lichterkette-aussen-qxmcov-lichterkette-gluehbirnen-252-led-solar-lichterkette-aussen-globe-birnen-lichterkette-outdoor-garten-4-modi-fuer-patio-party-aussen-warmweiss\/"]}]},{"@type":"ImageObject","inLanguage":"de","@id":"https:\/\/marktxxl.de\/markt\/produkt\/solar-lichterkette-aussen-qxmcov-lichterkette-gluehbirnen-252-led-solar-lichterkette-aussen-globe-birnen-lichterkette-outdoor-garten-4-modi-fuer-patio-party-aussen-warmweiss\/#primaryimage","url":"https:\/\/m.media-amazon.com\/images\/I\/61Iv0mDNnoL._SL500_.jpg","contentUrl":"https:\/\/m.media-amazon.com\/images\/I\/61Iv0mDNnoL._SL500_.jpg","width":500,"height":500},{"@type":"BreadcrumbList","@id":"https:\/\/marktxxl.de\/markt\/produkt\/solar-lichterkette-aussen-qxmcov-lichterkette-gluehbirnen-252-led-solar-lichterkette-aussen-globe-birnen-lichterkette-outdoor-garten-4-modi-fuer-patio-party-aussen-warmweiss\/#breadcrumb","itemListElement":[{"@type":"ListItem","position":1,"name":"Startseite","item":"https:\/\/marktxxl.de\/markt\/"},{"@type":"ListItem","position":2,"name":"Markt","item":"https:\/\/marktxxl.de\/markt\/"},{"@type":"ListItem","position":3,"name":"Qxmcov Solar Lichterkette Au\u00dfen, Lichterkette Gl\u00fchbirnen 25+2 LED Solar Lichterkette Aussen Globe Birnen Lichterkette\u2026"}]},{"@type":"WebSite","@id":"https:\/\/marktxxl.de\/markt\/#website","url":"https:\/\/marktxxl.de\/markt\/","name":"Markt-XXL","description":"Ihr Markt Online","publisher":{"@id":"https:\/\/marktxxl.de\/markt\/#organization"},"potentialAction":[{"@type":"SearchAction","target":{"@type":"EntryPoint","urlTemplate":"https:\/\/marktxxl.de\/markt\/?s={search_term_string}"},"query-input":{"@type":"PropertyValueSpecification","valueRequired":true,"valueName":"search_term_string"}}],"inLanguage":"de"},{"@type":"Organization","@id":"https:\/\/marktxxl.de\/markt\/#organization","name":"Markt-XXL","url":"https:\/\/marktxxl.de\/markt\/","logo":{"@type":"ImageObject","inLanguage":"de","@id":"https:\/\/marktxxl.de\/markt\/#\/schema\/logo\/image\/","url":"https:\/\/marktxxl.de\/markt\/wp-content\/uploads\/sites\/3\/2020\/12\/logo.png","contentUrl":"https:\/\/marktxxl.de\/markt\/wp-content\/uploads\/sites\/3\/2020\/12\/logo.png","width":200,"height":70,"caption":"Markt-XXL"},"image":{"@id":"https:\/\/marktxxl.de\/markt\/#\/schema\/logo\/image\/"}}]}},"_links":{"self":[{"href":"https:\/\/marktxxl.de\/markt\/wp-json\/wp\/v2\/product\/119900","targetHints":{"allow":["GET"]}}],"collection":[{"href":"https:\/\/marktxxl.de\/markt\/wp-json\/wp\/v2\/product"}],"about":[{"href":"https:\/\/marktxxl.de\/markt\/wp-json\/wp\/v2\/types\/product"}],"replies":[{"embeddable":true,"href":"https:\/\/marktxxl.de\/markt\/wp-json\/wp\/v2\/comments?post=119900"}],"wp:featuredmedia":[{"embeddable":true,"href":"https:\/\/marktxxl.de\/markt\/wp-json\/wp\/v2\/media\/119901"}],"wp:attachment":[{"href":"https:\/\/marktxxl.de\/markt\/wp-json\/wp\/v2\/media?parent=119900"}],"wp:term":[{"taxonomy":"product_brand","embeddable":true,"href":"https:\/\/marktxxl.de\/markt\/wp-json\/wp\/v2\/product_brand?post=119900"},{"taxonomy":"product_cat","embeddable":true,"href":"https:\/\/marktxxl.de\/markt\/wp-json\/wp\/v2\/product_cat?post=119900"},{"taxonomy":"product_tag","embeddable":true,"href":"https:\/\/marktxxl.de\/markt\/wp-json\/wp\/v2\/product_tag?post=119900"}],"curies":[{"name":"wp","href":"https:\/\/api.w.org\/{rel}","templated":true}]}}