{"id":119892,"date":"2022-05-15T03:16:30","date_gmt":"2022-05-15T01:16:30","guid":{"rendered":"https:\/\/marktxxl.de\/markt\/produkt\/qedertek-solar-lichterkette-aussen-11m-36ft-60-led-solarlichterkette-fuer-aussen-mit-kristall-kugeln-wasserdicht-lichterkette-aussen-solar-fuer-garten-baeume-terrasse-hochzeiten-party-balkon-dekowarm\/"},"modified":"2023-04-11T03:49:21","modified_gmt":"2023-04-11T01:49:21","slug":"qedertek-solar-lichterkette-aussen-11m-36ft-60-led-solarlichterkette-fuer-aussen-mit-kristall-kugeln-wasserdicht-lichterkette-aussen-solar-fuer-garten-baeume-terrasse-hochzeiten-party-balkon-dekowarm","status":"publish","type":"product","link":"https:\/\/marktxxl.de\/markt\/produkt\/qedertek-solar-lichterkette-aussen-11m-36ft-60-led-solarlichterkette-fuer-aussen-mit-kristall-kugeln-wasserdicht-lichterkette-aussen-solar-fuer-garten-baeume-terrasse-hochzeiten-party-balkon-dekowarm\/","title":{"rendered":"Qedertek Solar Lichterkette Aussen 11M\/36ft 60 LED Solarlichterkette f\u00fcr Au\u00dfen mit Kristall Kugeln Wasserdicht\u2026"},"content":{"rendered":"<p>Solar Lichterkette Aussen: Diese Solar Lichterkette hat 60 hochwertige warmwei\u00df LED-Kristallkugeln mit einer Gesamtl\u00e4nge von 11m\/36ft, enthalten Kabell\u00e4nge von 2m\/6.5ft. Die f\u00fcr Sie und Ihre Familie eine warme und angenehme Atmosph\u00e4re schaffen.<br \/>\n8 Verschiedene Modi: Solarbetriebene lichterkette haben 8 Beleuchtungsmodi (7 blinkend und fest), dekorative lichterketten k\u00f6nnen in jeder situation eine romantische, weiche und gem\u00fctliche atmosph\u00e4re schaffen.<br \/>\nEinfache Installation und Mit Lichtsensor: Einfache Installation solarbetriebene au\u00dfenleuchte zu zerlegen. es gibt nur zwei schalter (ON \/ OFF und Mode)um die leuchte einfach zu steuern. Solar-Lichterkette f\u00fcr den Au\u00dfenbereich l\u00e4dt sich tags\u00fcber auf und das Licht automatisch in der Nacht oder im Dunkeln. Solarbetrieben, keine zus\u00e4tzlichen Kosten, energiesparend und umweltfreundlich.<br \/>\nWasserdichte und Memory-Funktion: Die Lichterketten k\u00f6nnen allen Witterungsbedingungen (IP65) standhalten, ideal f\u00fcr Innen- und Au\u00dfendekorationen. Eingebauter Speicherchip Speichern Sie Ihre letzten Modi und m\u00fcssen Sie den Modus nicht jeden Tag neu einstellen.<br \/>\nGeeignet f\u00fcr Innen-und Au\u00dfenbereich&#8212;Diese wunderbaren Lichterkette leuchtet bei Nacht und sorgt f\u00fcr bezaubernde Atmosph\u00e4re in Ihrem Garten, auf Ihrer Terrasse, Liegewiese, Veranda, Tor, Vorgarten, etc. und Ideal f\u00fcr Oster, Party, Hochzeit, Zeremonie, Display, Zimmer, Valentinstag, Feier und andere Gelegenheiten. Wir bieten unseren kunden immer 12 monate garantie und 24 stunden Online-kundendienst.<br \/>\n<div class=\"main-cross-sell\" data-asin=\"B09MFF8QZH\">\n\n\t<div class=\"WooZone-cross-sell-loader\">\n\t\t<div>\n\t\t\t<div id=\"floatingBarsG\">\n\t\t\t\t<div class=\"blockG\" id=\"rotateG_01\"><\/div>\n\t\t\t\t<div class=\"blockG\" id=\"rotateG_02\"><\/div>\n\t\t\t\t<div class=\"blockG\" id=\"rotateG_03\"><\/div>\n\t\t\t\t<div class=\"blockG\" id=\"rotateG_04\"><\/div>\n\t\t\t\t<div class=\"blockG\" id=\"rotateG_05\"><\/div>\n\t\t\t\t<div class=\"blockG\" id=\"rotateG_06\"><\/div>\n\t\t\t\t<div class=\"blockG\" id=\"rotateG_07\"><\/div>\n\t\t\t\t<div class=\"blockG\" id=\"rotateG_08\"><\/div>\n\t\t\t<\/div>\n\t\t\t<div class=\"WooZone-cross-sell-loader-text\"><\/div>\n\t\t<\/div>\n\t<\/div>\n\n\t\t\n<\/div>\n<div style=\"clear:both;\"><\/div><\/p>\n","protected":false},"excerpt":{"rendered":"<p>Solar Lichterkette Aussen: Diese Solar Lichterkette hat 60 hochwertige warmwei\u00df LED-Kristallkugeln mit einer Gesamtl\u00e4nge von 11m\/36ft, enthalten Kabell\u00e4nge von 2m\/6.5ft. Die f\u00fcr Sie und Ihre Familie eine warme und angenehme Atmosph\u00e4re schaffen.<br \/>\n8 Verschiedene Modi: Solarbetriebene lichterkette haben 8 Beleuchtungsmodi (7 blinkend und fest), dekorative lichterketten k\u00f6nnen in jeder situation eine romantische, weiche und gem\u00fctliche atmosph\u00e4re schaffen.<br \/>\nEinfache Installation und Mit Lichtsensor: Einfache Installation solarbetriebene au\u00dfenleuchte zu zerlegen. es gibt nur zwei schalter (ON \/ OFF und Mode)um die leuchte einfach zu steuern. Solar-Lichterkette f\u00fcr den Au\u00dfenbereich l\u00e4dt sich tags\u00fcber auf und das Licht automatisch in der Nacht oder im Dunkeln. Solarbetrieben, keine zus\u00e4tzlichen Kosten, energiesparend und umweltfreundlich.<\/p>\n","protected":false},"featured_media":119893,"comment_status":"open","ping_status":"closed","template":"","meta":[],"product_brand":[],"product_cat":[2108,15622],"product_tag":[],"class_list":{"0":"post-119892","1":"product","2":"type-product","3":"status-publish","4":"has-post-thumbnail","6":"product_cat-beleuchtung","7":"product_cat-lichterketten","8":"pa_brand-qedertek","9":"pa_color-warmweiss-60-led","10":"pa_size-60-led","12":"first","13":"instock","14":"shipping-taxable","15":"purchasable","16":"product-type-simple","17":"customify-col","18":"product-has-gallery"},"yoast_head":"<!-- This site is optimized with the Yoast SEO plugin v27.4 - https:\/\/yoast.com\/product\/yoast-seo-wordpress\/ -->\n<title>Qedertek Solar Lichterkette Aussen 11M\/36ft 60 LED Solarlichterkette f\u00fcr Au\u00dfen mit Kristall Kugeln Wasserdicht\u2026 - Markt-XXL<\/title>\n<meta name=\"description\" content=\"Markt-XXL Qedertek Solar Lichterkette Aussen 11M\/36ft 60 LED Solarlichterkette f\u00fcr Au\u00dfen mit Kristall Kugeln Wasserdicht\u2026\" \/>\n<meta name=\"robots\" content=\"index, follow, max-snippet:-1, max-image-preview:large, max-video-preview:-1\" \/>\n<link rel=\"canonical\" href=\"https:\/\/marktxxl.de\/markt\/produkt\/qedertek-solar-lichterkette-aussen-11m-36ft-60-led-solarlichterkette-fuer-aussen-mit-kristall-kugeln-wasserdicht-lichterkette-aussen-solar-fuer-garten-baeume-terrasse-hochzeiten-party-balkon-dekowarm\/\" \/>\n<meta property=\"og:locale\" content=\"de_DE\" \/>\n<meta property=\"og:type\" content=\"article\" \/>\n<meta property=\"og:title\" content=\"Qedertek Solar Lichterkette Aussen 11M\/36ft 60 LED Solarlichterkette f\u00fcr Au\u00dfen mit Kristall Kugeln Wasserdicht\u2026 - Markt-XXL\" \/>\n<meta property=\"og:description\" content=\"Markt-XXL Qedertek Solar Lichterkette Aussen 11M\/36ft 60 LED Solarlichterkette f\u00fcr Au\u00dfen mit Kristall Kugeln Wasserdicht\u2026\" \/>\n<meta property=\"og:url\" content=\"https:\/\/marktxxl.de\/markt\/produkt\/qedertek-solar-lichterkette-aussen-11m-36ft-60-led-solarlichterkette-fuer-aussen-mit-kristall-kugeln-wasserdicht-lichterkette-aussen-solar-fuer-garten-baeume-terrasse-hochzeiten-party-balkon-dekowarm\/\" \/>\n<meta property=\"og:site_name\" content=\"Markt-XXL\" \/>\n<meta property=\"article:modified_time\" content=\"2023-04-11T01:49:21+00:00\" \/>\n<meta property=\"og:image\" content=\"https:\/\/m.media-amazon.com\/images\/I\/516UA6jP1US._SL500_.jpg\" \/>\n\t<meta property=\"og:image:width\" content=\"500\" \/>\n\t<meta property=\"og:image:height\" content=\"500\" \/>\n\t<meta property=\"og:image:type\" content=\"image\/jpeg\" \/>\n<meta name=\"twitter:card\" content=\"summary_large_image\" \/>\n<meta name=\"twitter:label1\" content=\"Gesch\u00e4tzte Lesezeit\" \/>\n\t<meta name=\"twitter:data1\" content=\"1\u00a0Minute\" \/>\n<script type=\"application\/ld+json\" class=\"yoast-schema-graph\">{\"@context\":\"https:\\\/\\\/schema.org\",\"@graph\":[{\"@type\":\"WebPage\",\"@id\":\"https:\\\/\\\/marktxxl.de\\\/markt\\\/produkt\\\/qedertek-solar-lichterkette-aussen-11m-36ft-60-led-solarlichterkette-fuer-aussen-mit-kristall-kugeln-wasserdicht-lichterkette-aussen-solar-fuer-garten-baeume-terrasse-hochzeiten-party-balkon-dekowarm\\\/\",\"url\":\"https:\\\/\\\/marktxxl.de\\\/markt\\\/produkt\\\/qedertek-solar-lichterkette-aussen-11m-36ft-60-led-solarlichterkette-fuer-aussen-mit-kristall-kugeln-wasserdicht-lichterkette-aussen-solar-fuer-garten-baeume-terrasse-hochzeiten-party-balkon-dekowarm\\\/\",\"name\":\"Qedertek Solar Lichterkette Aussen 11M\\\/36ft 60 LED Solarlichterkette f\u00fcr Au\u00dfen mit Kristall Kugeln Wasserdicht\u2026 - Markt-XXL\",\"isPartOf\":{\"@id\":\"https:\\\/\\\/marktxxl.de\\\/markt\\\/#website\"},\"primaryImageOfPage\":{\"@id\":\"https:\\\/\\\/marktxxl.de\\\/markt\\\/produkt\\\/qedertek-solar-lichterkette-aussen-11m-36ft-60-led-solarlichterkette-fuer-aussen-mit-kristall-kugeln-wasserdicht-lichterkette-aussen-solar-fuer-garten-baeume-terrasse-hochzeiten-party-balkon-dekowarm\\\/#primaryimage\"},\"image\":{\"@id\":\"https:\\\/\\\/marktxxl.de\\\/markt\\\/produkt\\\/qedertek-solar-lichterkette-aussen-11m-36ft-60-led-solarlichterkette-fuer-aussen-mit-kristall-kugeln-wasserdicht-lichterkette-aussen-solar-fuer-garten-baeume-terrasse-hochzeiten-party-balkon-dekowarm\\\/#primaryimage\"},\"thumbnailUrl\":\"https:\\\/\\\/m.media-amazon.com\\\/images\\\/I\\\/516UA6jP1US._SL500_.jpg\",\"datePublished\":\"2022-05-15T01:16:30+00:00\",\"dateModified\":\"2023-04-11T01:49:21+00:00\",\"description\":\"Markt-XXL Qedertek Solar Lichterkette Aussen 11M\\\/36ft 60 LED Solarlichterkette f\u00fcr Au\u00dfen mit Kristall Kugeln Wasserdicht\u2026\",\"breadcrumb\":{\"@id\":\"https:\\\/\\\/marktxxl.de\\\/markt\\\/produkt\\\/qedertek-solar-lichterkette-aussen-11m-36ft-60-led-solarlichterkette-fuer-aussen-mit-kristall-kugeln-wasserdicht-lichterkette-aussen-solar-fuer-garten-baeume-terrasse-hochzeiten-party-balkon-dekowarm\\\/#breadcrumb\"},\"inLanguage\":\"de\",\"potentialAction\":[{\"@type\":\"ReadAction\",\"target\":[\"https:\\\/\\\/marktxxl.de\\\/markt\\\/produkt\\\/qedertek-solar-lichterkette-aussen-11m-36ft-60-led-solarlichterkette-fuer-aussen-mit-kristall-kugeln-wasserdicht-lichterkette-aussen-solar-fuer-garten-baeume-terrasse-hochzeiten-party-balkon-dekowarm\\\/\"]}]},{\"@type\":\"ImageObject\",\"inLanguage\":\"de\",\"@id\":\"https:\\\/\\\/marktxxl.de\\\/markt\\\/produkt\\\/qedertek-solar-lichterkette-aussen-11m-36ft-60-led-solarlichterkette-fuer-aussen-mit-kristall-kugeln-wasserdicht-lichterkette-aussen-solar-fuer-garten-baeume-terrasse-hochzeiten-party-balkon-dekowarm\\\/#primaryimage\",\"url\":\"https:\\\/\\\/m.media-amazon.com\\\/images\\\/I\\\/516UA6jP1US._SL500_.jpg\",\"contentUrl\":\"https:\\\/\\\/m.media-amazon.com\\\/images\\\/I\\\/516UA6jP1US._SL500_.jpg\",\"width\":500,\"height\":500},{\"@type\":\"BreadcrumbList\",\"@id\":\"https:\\\/\\\/marktxxl.de\\\/markt\\\/produkt\\\/qedertek-solar-lichterkette-aussen-11m-36ft-60-led-solarlichterkette-fuer-aussen-mit-kristall-kugeln-wasserdicht-lichterkette-aussen-solar-fuer-garten-baeume-terrasse-hochzeiten-party-balkon-dekowarm\\\/#breadcrumb\",\"itemListElement\":[{\"@type\":\"ListItem\",\"position\":1,\"name\":\"Startseite\",\"item\":\"https:\\\/\\\/marktxxl.de\\\/markt\\\/\"},{\"@type\":\"ListItem\",\"position\":2,\"name\":\"Markt\",\"item\":\"https:\\\/\\\/marktxxl.de\\\/markt\\\/\"},{\"@type\":\"ListItem\",\"position\":3,\"name\":\"Qedertek Solar Lichterkette Aussen 11M\\\/36ft 60 LED Solarlichterkette f\u00fcr Au\u00dfen mit Kristall Kugeln Wasserdicht\u2026\"}]},{\"@type\":\"WebSite\",\"@id\":\"https:\\\/\\\/marktxxl.de\\\/markt\\\/#website\",\"url\":\"https:\\\/\\\/marktxxl.de\\\/markt\\\/\",\"name\":\"Markt-XXL\",\"description\":\"Ihr Markt Online\",\"publisher\":{\"@id\":\"https:\\\/\\\/marktxxl.de\\\/markt\\\/#organization\"},\"potentialAction\":[{\"@type\":\"SearchAction\",\"target\":{\"@type\":\"EntryPoint\",\"urlTemplate\":\"https:\\\/\\\/marktxxl.de\\\/markt\\\/?s={search_term_string}\"},\"query-input\":{\"@type\":\"PropertyValueSpecification\",\"valueRequired\":true,\"valueName\":\"search_term_string\"}}],\"inLanguage\":\"de\"},{\"@type\":\"Organization\",\"@id\":\"https:\\\/\\\/marktxxl.de\\\/markt\\\/#organization\",\"name\":\"Markt-XXL\",\"url\":\"https:\\\/\\\/marktxxl.de\\\/markt\\\/\",\"logo\":{\"@type\":\"ImageObject\",\"inLanguage\":\"de\",\"@id\":\"https:\\\/\\\/marktxxl.de\\\/markt\\\/#\\\/schema\\\/logo\\\/image\\\/\",\"url\":\"https:\\\/\\\/marktxxl.de\\\/markt\\\/wp-content\\\/uploads\\\/sites\\\/3\\\/2020\\\/12\\\/logo.png\",\"contentUrl\":\"https:\\\/\\\/marktxxl.de\\\/markt\\\/wp-content\\\/uploads\\\/sites\\\/3\\\/2020\\\/12\\\/logo.png\",\"width\":200,\"height\":70,\"caption\":\"Markt-XXL\"},\"image\":{\"@id\":\"https:\\\/\\\/marktxxl.de\\\/markt\\\/#\\\/schema\\\/logo\\\/image\\\/\"}}]}<\/script>\n<!-- \/ Yoast SEO plugin. -->","yoast_head_json":{"title":"Qedertek Solar Lichterkette Aussen 11M\/36ft 60 LED Solarlichterkette f\u00fcr Au\u00dfen mit Kristall Kugeln Wasserdicht\u2026 - Markt-XXL","description":"Markt-XXL Qedertek Solar Lichterkette Aussen 11M\/36ft 60 LED Solarlichterkette f\u00fcr Au\u00dfen mit Kristall Kugeln Wasserdicht\u2026","robots":{"index":"index","follow":"follow","max-snippet":"max-snippet:-1","max-image-preview":"max-image-preview:large","max-video-preview":"max-video-preview:-1"},"canonical":"https:\/\/marktxxl.de\/markt\/produkt\/qedertek-solar-lichterkette-aussen-11m-36ft-60-led-solarlichterkette-fuer-aussen-mit-kristall-kugeln-wasserdicht-lichterkette-aussen-solar-fuer-garten-baeume-terrasse-hochzeiten-party-balkon-dekowarm\/","og_locale":"de_DE","og_type":"article","og_title":"Qedertek Solar Lichterkette Aussen 11M\/36ft 60 LED Solarlichterkette f\u00fcr Au\u00dfen mit Kristall Kugeln Wasserdicht\u2026 - Markt-XXL","og_description":"Markt-XXL Qedertek Solar Lichterkette Aussen 11M\/36ft 60 LED Solarlichterkette f\u00fcr Au\u00dfen mit Kristall Kugeln Wasserdicht\u2026","og_url":"https:\/\/marktxxl.de\/markt\/produkt\/qedertek-solar-lichterkette-aussen-11m-36ft-60-led-solarlichterkette-fuer-aussen-mit-kristall-kugeln-wasserdicht-lichterkette-aussen-solar-fuer-garten-baeume-terrasse-hochzeiten-party-balkon-dekowarm\/","og_site_name":"Markt-XXL","article_modified_time":"2023-04-11T01:49:21+00:00","og_image":[{"width":500,"height":500,"url":"https:\/\/m.media-amazon.com\/images\/I\/516UA6jP1US._SL500_.jpg","type":"image\/jpeg"}],"twitter_card":"summary_large_image","twitter_misc":{"Gesch\u00e4tzte Lesezeit":"1\u00a0Minute"},"schema":{"@context":"https:\/\/schema.org","@graph":[{"@type":"WebPage","@id":"https:\/\/marktxxl.de\/markt\/produkt\/qedertek-solar-lichterkette-aussen-11m-36ft-60-led-solarlichterkette-fuer-aussen-mit-kristall-kugeln-wasserdicht-lichterkette-aussen-solar-fuer-garten-baeume-terrasse-hochzeiten-party-balkon-dekowarm\/","url":"https:\/\/marktxxl.de\/markt\/produkt\/qedertek-solar-lichterkette-aussen-11m-36ft-60-led-solarlichterkette-fuer-aussen-mit-kristall-kugeln-wasserdicht-lichterkette-aussen-solar-fuer-garten-baeume-terrasse-hochzeiten-party-balkon-dekowarm\/","name":"Qedertek Solar Lichterkette Aussen 11M\/36ft 60 LED Solarlichterkette f\u00fcr Au\u00dfen mit Kristall Kugeln Wasserdicht\u2026 - Markt-XXL","isPartOf":{"@id":"https:\/\/marktxxl.de\/markt\/#website"},"primaryImageOfPage":{"@id":"https:\/\/marktxxl.de\/markt\/produkt\/qedertek-solar-lichterkette-aussen-11m-36ft-60-led-solarlichterkette-fuer-aussen-mit-kristall-kugeln-wasserdicht-lichterkette-aussen-solar-fuer-garten-baeume-terrasse-hochzeiten-party-balkon-dekowarm\/#primaryimage"},"image":{"@id":"https:\/\/marktxxl.de\/markt\/produkt\/qedertek-solar-lichterkette-aussen-11m-36ft-60-led-solarlichterkette-fuer-aussen-mit-kristall-kugeln-wasserdicht-lichterkette-aussen-solar-fuer-garten-baeume-terrasse-hochzeiten-party-balkon-dekowarm\/#primaryimage"},"thumbnailUrl":"https:\/\/m.media-amazon.com\/images\/I\/516UA6jP1US._SL500_.jpg","datePublished":"2022-05-15T01:16:30+00:00","dateModified":"2023-04-11T01:49:21+00:00","description":"Markt-XXL Qedertek Solar Lichterkette Aussen 11M\/36ft 60 LED Solarlichterkette f\u00fcr Au\u00dfen mit Kristall Kugeln Wasserdicht\u2026","breadcrumb":{"@id":"https:\/\/marktxxl.de\/markt\/produkt\/qedertek-solar-lichterkette-aussen-11m-36ft-60-led-solarlichterkette-fuer-aussen-mit-kristall-kugeln-wasserdicht-lichterkette-aussen-solar-fuer-garten-baeume-terrasse-hochzeiten-party-balkon-dekowarm\/#breadcrumb"},"inLanguage":"de","potentialAction":[{"@type":"ReadAction","target":["https:\/\/marktxxl.de\/markt\/produkt\/qedertek-solar-lichterkette-aussen-11m-36ft-60-led-solarlichterkette-fuer-aussen-mit-kristall-kugeln-wasserdicht-lichterkette-aussen-solar-fuer-garten-baeume-terrasse-hochzeiten-party-balkon-dekowarm\/"]}]},{"@type":"ImageObject","inLanguage":"de","@id":"https:\/\/marktxxl.de\/markt\/produkt\/qedertek-solar-lichterkette-aussen-11m-36ft-60-led-solarlichterkette-fuer-aussen-mit-kristall-kugeln-wasserdicht-lichterkette-aussen-solar-fuer-garten-baeume-terrasse-hochzeiten-party-balkon-dekowarm\/#primaryimage","url":"https:\/\/m.media-amazon.com\/images\/I\/516UA6jP1US._SL500_.jpg","contentUrl":"https:\/\/m.media-amazon.com\/images\/I\/516UA6jP1US._SL500_.jpg","width":500,"height":500},{"@type":"BreadcrumbList","@id":"https:\/\/marktxxl.de\/markt\/produkt\/qedertek-solar-lichterkette-aussen-11m-36ft-60-led-solarlichterkette-fuer-aussen-mit-kristall-kugeln-wasserdicht-lichterkette-aussen-solar-fuer-garten-baeume-terrasse-hochzeiten-party-balkon-dekowarm\/#breadcrumb","itemListElement":[{"@type":"ListItem","position":1,"name":"Startseite","item":"https:\/\/marktxxl.de\/markt\/"},{"@type":"ListItem","position":2,"name":"Markt","item":"https:\/\/marktxxl.de\/markt\/"},{"@type":"ListItem","position":3,"name":"Qedertek Solar Lichterkette Aussen 11M\/36ft 60 LED Solarlichterkette f\u00fcr Au\u00dfen mit Kristall Kugeln Wasserdicht\u2026"}]},{"@type":"WebSite","@id":"https:\/\/marktxxl.de\/markt\/#website","url":"https:\/\/marktxxl.de\/markt\/","name":"Markt-XXL","description":"Ihr Markt Online","publisher":{"@id":"https:\/\/marktxxl.de\/markt\/#organization"},"potentialAction":[{"@type":"SearchAction","target":{"@type":"EntryPoint","urlTemplate":"https:\/\/marktxxl.de\/markt\/?s={search_term_string}"},"query-input":{"@type":"PropertyValueSpecification","valueRequired":true,"valueName":"search_term_string"}}],"inLanguage":"de"},{"@type":"Organization","@id":"https:\/\/marktxxl.de\/markt\/#organization","name":"Markt-XXL","url":"https:\/\/marktxxl.de\/markt\/","logo":{"@type":"ImageObject","inLanguage":"de","@id":"https:\/\/marktxxl.de\/markt\/#\/schema\/logo\/image\/","url":"https:\/\/marktxxl.de\/markt\/wp-content\/uploads\/sites\/3\/2020\/12\/logo.png","contentUrl":"https:\/\/marktxxl.de\/markt\/wp-content\/uploads\/sites\/3\/2020\/12\/logo.png","width":200,"height":70,"caption":"Markt-XXL"},"image":{"@id":"https:\/\/marktxxl.de\/markt\/#\/schema\/logo\/image\/"}}]}},"_links":{"self":[{"href":"https:\/\/marktxxl.de\/markt\/wp-json\/wp\/v2\/product\/119892","targetHints":{"allow":["GET"]}}],"collection":[{"href":"https:\/\/marktxxl.de\/markt\/wp-json\/wp\/v2\/product"}],"about":[{"href":"https:\/\/marktxxl.de\/markt\/wp-json\/wp\/v2\/types\/product"}],"replies":[{"embeddable":true,"href":"https:\/\/marktxxl.de\/markt\/wp-json\/wp\/v2\/comments?post=119892"}],"wp:featuredmedia":[{"embeddable":true,"href":"https:\/\/marktxxl.de\/markt\/wp-json\/wp\/v2\/media\/119893"}],"wp:attachment":[{"href":"https:\/\/marktxxl.de\/markt\/wp-json\/wp\/v2\/media?parent=119892"}],"wp:term":[{"taxonomy":"product_brand","embeddable":true,"href":"https:\/\/marktxxl.de\/markt\/wp-json\/wp\/v2\/product_brand?post=119892"},{"taxonomy":"product_cat","embeddable":true,"href":"https:\/\/marktxxl.de\/markt\/wp-json\/wp\/v2\/product_cat?post=119892"},{"taxonomy":"product_tag","embeddable":true,"href":"https:\/\/marktxxl.de\/markt\/wp-json\/wp\/v2\/product_tag?post=119892"}],"curies":[{"name":"wp","href":"https:\/\/api.w.org\/{rel}","templated":true}]}}