{"id":119856,"date":"2022-05-15T03:15:29","date_gmt":"2022-05-15T01:15:29","guid":{"rendered":"https:\/\/marktxxl.de\/markt\/produkt\/lichterkette-aussen-solarmoziggao-50led-solar-lichterkette-aussen-mit-kristallkugeln8-modi-ip65-lichterkette-balkon-aussenweihnachrsbeleutung-aussen-deko-fuer-outdoorinnengartenterrassepartys\/"},"modified":"2023-04-11T03:49:20","modified_gmt":"2023-04-11T01:49:20","slug":"lichterkette-aussen-solarmoziggao-50led-solar-lichterkette-aussen-mit-kristallkugeln8-modi-ip65-lichterkette-balkon-aussenweihnachrsbeleutung-aussen-deko-fuer-outdoorinnengartenterrassepartys","status":"publish","type":"product","link":"https:\/\/marktxxl.de\/markt\/produkt\/lichterkette-aussen-solarmoziggao-50led-solar-lichterkette-aussen-mit-kristallkugeln8-modi-ip65-lichterkette-balkon-aussenweihnachrsbeleutung-aussen-deko-fuer-outdoorinnengartenterrassepartys\/","title":{"rendered":"HUSHIBIN Outdoor Solar Fairy Lights, 50 LED Solar Fairy Lights with Crystal Balls, 8 Modes IP65 Fairy Lights Balcony\u2026"},"content":{"rendered":"<p>\u3010Verbesserte 50LED Solar Lichterkette\u3011 Die Solar Lichterkette Au\u00dfen\/Innen sind mit 50 hochwertigen LED-Leuchten anstelle von zerbrechlichen Glasbirnen ausgestattet. Die Solar Lichterkette haben eine L\u00e4nge von 23 Fu\u00df und sind eine perfekte Dekoration f\u00fcr Terrasse, Garten, Haus, Terrasse und so weiter<br \/>\n\u3010Aufger\u00fcstet Solarpanel\u3011 Solar Lichterkette aussen sind eingebauter 1.2V 600-mAh wiederaufladbare Batterie, 2V 170-mAh Solarpanel kann mehr als 8 Stunden halten, wenn das Solarpanel tags\u00fcber 6-8 Stunden Sonnenlicht absorbiert.<br \/>\n\u3010IP65 wasserdicht und 8 Modi\u3011 Sie k\u00f6nnen die Solar Lichterkette drinnen, drau\u00dfen, tags\u00fcber und sogar bei Regen verwenden, da sie wasserdicht nach IP65 sind. Au\u00dferdem haben die Solar-Lichterketten 8 Arbeitsmodi, die unterschiedliche Atmosph\u00e4ren f\u00fcr Ihr Leben schaffen.<br \/>\n\u3010Einfache Installation und Breite Verwendung\u3011 Super einfach auf dem Rasen zu installieren, ohne dass ein Werkzeug erforderlich ist. Die Lichterkette Au\u00dfen f\u00fcr den Au\u00dfenbereich k\u00f6nnen Ihrem Garten, Ihrer Terrasse, Ihrem Rasen, Ihrem Balkon, Ihrem Zuhause, Ihrem Au\u00dfenbereich, einem Fest, einer Hochzeit usw. eine warme und charmante Atmosph\u00e4re verleihen.<br \/>\n\u3010Energiesparend und Umweltfreundlich\u3011 Mit Solarenergie aufgeladen, umweltfreundlich ohne Stromkosten, keine Batterie erforderlich. Tags\u00fcber wandeln die effizienten Sonnenkollektoren Sonnenlicht in elektrische Energie um, die in wiederaufladbare Batterien eingebaut ist, und nachts leuchten die Lichterketten automatisch auf (Zun\u00e4chst m\u00fcssen Sie den Solarstromschalter einschalten, damit er sich tags\u00fcber automatisch im Sonnenlicht aufladen kann).<br \/>\n<div class=\"main-cross-sell\" data-asin=\"B09SFYZLWH\">\n\n\t<div class=\"WooZone-cross-sell-loader\">\n\t\t<div>\n\t\t\t<div id=\"floatingBarsG\">\n\t\t\t\t<div class=\"blockG\" id=\"rotateG_01\"><\/div>\n\t\t\t\t<div class=\"blockG\" id=\"rotateG_02\"><\/div>\n\t\t\t\t<div class=\"blockG\" id=\"rotateG_03\"><\/div>\n\t\t\t\t<div class=\"blockG\" id=\"rotateG_04\"><\/div>\n\t\t\t\t<div class=\"blockG\" id=\"rotateG_05\"><\/div>\n\t\t\t\t<div class=\"blockG\" id=\"rotateG_06\"><\/div>\n\t\t\t\t<div class=\"blockG\" id=\"rotateG_07\"><\/div>\n\t\t\t\t<div class=\"blockG\" id=\"rotateG_08\"><\/div>\n\t\t\t<\/div>\n\t\t\t<div class=\"WooZone-cross-sell-loader-text\"><\/div>\n\t\t<\/div>\n\t<\/div>\n\n\t\t\n<\/div>\n<div style=\"clear:both;\"><\/div><\/p>\n","protected":false},"excerpt":{"rendered":"<p>\u3010Verbesserte 50LED Solar Lichterkette\u3011 Die Solar Lichterkette Au\u00dfen\/Innen sind mit 50 hochwertigen LED-Leuchten anstelle von zerbrechlichen Glasbirnen ausgestattet. Die Solar Lichterkette haben eine L\u00e4nge von 23 Fu\u00df und sind eine perfekte Dekoration f\u00fcr Terrasse, Garten, Haus, Terrasse und so weiter<br \/>\n\u3010Aufger\u00fcstet Solarpanel\u3011 Solar Lichterkette aussen sind eingebauter 1.2V 600-mAh wiederaufladbare Batterie, 2V 170-mAh Solarpanel kann mehr als 8 Stunden halten, wenn das Solarpanel tags\u00fcber 6-8 Stunden Sonnenlicht absorbiert.<br \/>\n\u3010IP65 wasserdicht und 8 Modi\u3011 Sie k\u00f6nnen die Solar Lichterkette drinnen, drau\u00dfen, tags\u00fcber und sogar bei Regen verwenden, da sie wasserdicht nach IP65 sind. Au\u00dferdem haben die Solar-Lichterketten 8 Arbeitsmodi, die unterschiedliche Atmosph\u00e4ren f\u00fcr Ihr Leben schaffen.<\/p>\n","protected":false},"featured_media":119857,"comment_status":"open","ping_status":"closed","template":"","meta":[],"product_brand":[],"product_cat":[2108,15622],"product_tag":[],"class_list":{"0":"post-119856","1":"product","2":"type-product","3":"status-publish","4":"has-post-thumbnail","6":"product_cat-beleuchtung","7":"product_cat-lichterketten","8":"pa_brand-moziggao","9":"pa_manufacturer-moziggao","11":"first","12":"instock","13":"shipping-taxable","14":"purchasable","15":"product-type-simple","16":"customify-col","17":"product-has-gallery"},"yoast_head":"<!-- This site is optimized with the Yoast SEO plugin v27.4 - https:\/\/yoast.com\/product\/yoast-seo-wordpress\/ -->\n<title>HUSHIBIN Outdoor Solar Fairy Lights, 50 LED Solar Fairy Lights with Crystal Balls, 8 Modes IP65 Fairy Lights Balcony\u2026 - Markt-XXL<\/title>\n<meta name=\"description\" content=\"Markt-XXL HUSHIBIN Outdoor Solar Fairy Lights, 50 LED Solar Fairy Lights with Crystal Balls, 8 Modes IP65 Fairy Lights Balcony\u2026\" \/>\n<meta name=\"robots\" content=\"index, follow, max-snippet:-1, max-image-preview:large, max-video-preview:-1\" \/>\n<link rel=\"canonical\" href=\"https:\/\/marktxxl.de\/markt\/produkt\/lichterkette-aussen-solarmoziggao-50led-solar-lichterkette-aussen-mit-kristallkugeln8-modi-ip65-lichterkette-balkon-aussenweihnachrsbeleutung-aussen-deko-fuer-outdoorinnengartenterrassepartys\/\" \/>\n<meta property=\"og:locale\" content=\"de_DE\" \/>\n<meta property=\"og:type\" content=\"article\" \/>\n<meta property=\"og:title\" content=\"HUSHIBIN Outdoor Solar Fairy Lights, 50 LED Solar Fairy Lights with Crystal Balls, 8 Modes IP65 Fairy Lights Balcony\u2026 - Markt-XXL\" \/>\n<meta property=\"og:description\" content=\"Markt-XXL HUSHIBIN Outdoor Solar Fairy Lights, 50 LED Solar Fairy Lights with Crystal Balls, 8 Modes IP65 Fairy Lights Balcony\u2026\" \/>\n<meta property=\"og:url\" content=\"https:\/\/marktxxl.de\/markt\/produkt\/lichterkette-aussen-solarmoziggao-50led-solar-lichterkette-aussen-mit-kristallkugeln8-modi-ip65-lichterkette-balkon-aussenweihnachrsbeleutung-aussen-deko-fuer-outdoorinnengartenterrassepartys\/\" \/>\n<meta property=\"og:site_name\" content=\"Markt-XXL\" \/>\n<meta property=\"article:modified_time\" content=\"2023-04-11T01:49:20+00:00\" \/>\n<meta property=\"og:image\" content=\"https:\/\/m.media-amazon.com\/images\/I\/51-CABateuL._SL500_.jpg\" \/>\n\t<meta property=\"og:image:width\" content=\"500\" \/>\n\t<meta property=\"og:image:height\" content=\"500\" \/>\n\t<meta property=\"og:image:type\" content=\"image\/jpeg\" \/>\n<meta name=\"twitter:card\" content=\"summary_large_image\" \/>\n<meta name=\"twitter:label1\" content=\"Gesch\u00e4tzte Lesezeit\" \/>\n\t<meta name=\"twitter:data1\" content=\"1\u00a0Minute\" \/>\n<script type=\"application\/ld+json\" class=\"yoast-schema-graph\">{\"@context\":\"https:\\\/\\\/schema.org\",\"@graph\":[{\"@type\":\"WebPage\",\"@id\":\"https:\\\/\\\/marktxxl.de\\\/markt\\\/produkt\\\/lichterkette-aussen-solarmoziggao-50led-solar-lichterkette-aussen-mit-kristallkugeln8-modi-ip65-lichterkette-balkon-aussenweihnachrsbeleutung-aussen-deko-fuer-outdoorinnengartenterrassepartys\\\/\",\"url\":\"https:\\\/\\\/marktxxl.de\\\/markt\\\/produkt\\\/lichterkette-aussen-solarmoziggao-50led-solar-lichterkette-aussen-mit-kristallkugeln8-modi-ip65-lichterkette-balkon-aussenweihnachrsbeleutung-aussen-deko-fuer-outdoorinnengartenterrassepartys\\\/\",\"name\":\"HUSHIBIN Outdoor Solar Fairy Lights, 50 LED Solar Fairy Lights with Crystal Balls, 8 Modes IP65 Fairy Lights Balcony\u2026 - Markt-XXL\",\"isPartOf\":{\"@id\":\"https:\\\/\\\/marktxxl.de\\\/markt\\\/#website\"},\"primaryImageOfPage\":{\"@id\":\"https:\\\/\\\/marktxxl.de\\\/markt\\\/produkt\\\/lichterkette-aussen-solarmoziggao-50led-solar-lichterkette-aussen-mit-kristallkugeln8-modi-ip65-lichterkette-balkon-aussenweihnachrsbeleutung-aussen-deko-fuer-outdoorinnengartenterrassepartys\\\/#primaryimage\"},\"image\":{\"@id\":\"https:\\\/\\\/marktxxl.de\\\/markt\\\/produkt\\\/lichterkette-aussen-solarmoziggao-50led-solar-lichterkette-aussen-mit-kristallkugeln8-modi-ip65-lichterkette-balkon-aussenweihnachrsbeleutung-aussen-deko-fuer-outdoorinnengartenterrassepartys\\\/#primaryimage\"},\"thumbnailUrl\":\"https:\\\/\\\/m.media-amazon.com\\\/images\\\/I\\\/51-CABateuL._SL500_.jpg\",\"datePublished\":\"2022-05-15T01:15:29+00:00\",\"dateModified\":\"2023-04-11T01:49:20+00:00\",\"description\":\"Markt-XXL HUSHIBIN Outdoor Solar Fairy Lights, 50 LED Solar Fairy Lights with Crystal Balls, 8 Modes IP65 Fairy Lights Balcony\u2026\",\"breadcrumb\":{\"@id\":\"https:\\\/\\\/marktxxl.de\\\/markt\\\/produkt\\\/lichterkette-aussen-solarmoziggao-50led-solar-lichterkette-aussen-mit-kristallkugeln8-modi-ip65-lichterkette-balkon-aussenweihnachrsbeleutung-aussen-deko-fuer-outdoorinnengartenterrassepartys\\\/#breadcrumb\"},\"inLanguage\":\"de\",\"potentialAction\":[{\"@type\":\"ReadAction\",\"target\":[\"https:\\\/\\\/marktxxl.de\\\/markt\\\/produkt\\\/lichterkette-aussen-solarmoziggao-50led-solar-lichterkette-aussen-mit-kristallkugeln8-modi-ip65-lichterkette-balkon-aussenweihnachrsbeleutung-aussen-deko-fuer-outdoorinnengartenterrassepartys\\\/\"]}]},{\"@type\":\"ImageObject\",\"inLanguage\":\"de\",\"@id\":\"https:\\\/\\\/marktxxl.de\\\/markt\\\/produkt\\\/lichterkette-aussen-solarmoziggao-50led-solar-lichterkette-aussen-mit-kristallkugeln8-modi-ip65-lichterkette-balkon-aussenweihnachrsbeleutung-aussen-deko-fuer-outdoorinnengartenterrassepartys\\\/#primaryimage\",\"url\":\"https:\\\/\\\/m.media-amazon.com\\\/images\\\/I\\\/51-CABateuL._SL500_.jpg\",\"contentUrl\":\"https:\\\/\\\/m.media-amazon.com\\\/images\\\/I\\\/51-CABateuL._SL500_.jpg\",\"width\":500,\"height\":500},{\"@type\":\"BreadcrumbList\",\"@id\":\"https:\\\/\\\/marktxxl.de\\\/markt\\\/produkt\\\/lichterkette-aussen-solarmoziggao-50led-solar-lichterkette-aussen-mit-kristallkugeln8-modi-ip65-lichterkette-balkon-aussenweihnachrsbeleutung-aussen-deko-fuer-outdoorinnengartenterrassepartys\\\/#breadcrumb\",\"itemListElement\":[{\"@type\":\"ListItem\",\"position\":1,\"name\":\"Startseite\",\"item\":\"https:\\\/\\\/marktxxl.de\\\/markt\\\/\"},{\"@type\":\"ListItem\",\"position\":2,\"name\":\"Markt\",\"item\":\"https:\\\/\\\/marktxxl.de\\\/markt\\\/\"},{\"@type\":\"ListItem\",\"position\":3,\"name\":\"HUSHIBIN Outdoor Solar Fairy Lights, 50 LED Solar Fairy Lights with Crystal Balls, 8 Modes IP65 Fairy Lights Balcony\u2026\"}]},{\"@type\":\"WebSite\",\"@id\":\"https:\\\/\\\/marktxxl.de\\\/markt\\\/#website\",\"url\":\"https:\\\/\\\/marktxxl.de\\\/markt\\\/\",\"name\":\"Markt-XXL\",\"description\":\"Ihr Markt Online\",\"publisher\":{\"@id\":\"https:\\\/\\\/marktxxl.de\\\/markt\\\/#organization\"},\"potentialAction\":[{\"@type\":\"SearchAction\",\"target\":{\"@type\":\"EntryPoint\",\"urlTemplate\":\"https:\\\/\\\/marktxxl.de\\\/markt\\\/?s={search_term_string}\"},\"query-input\":{\"@type\":\"PropertyValueSpecification\",\"valueRequired\":true,\"valueName\":\"search_term_string\"}}],\"inLanguage\":\"de\"},{\"@type\":\"Organization\",\"@id\":\"https:\\\/\\\/marktxxl.de\\\/markt\\\/#organization\",\"name\":\"Markt-XXL\",\"url\":\"https:\\\/\\\/marktxxl.de\\\/markt\\\/\",\"logo\":{\"@type\":\"ImageObject\",\"inLanguage\":\"de\",\"@id\":\"https:\\\/\\\/marktxxl.de\\\/markt\\\/#\\\/schema\\\/logo\\\/image\\\/\",\"url\":\"https:\\\/\\\/marktxxl.de\\\/markt\\\/wp-content\\\/uploads\\\/sites\\\/3\\\/2020\\\/12\\\/logo.png\",\"contentUrl\":\"https:\\\/\\\/marktxxl.de\\\/markt\\\/wp-content\\\/uploads\\\/sites\\\/3\\\/2020\\\/12\\\/logo.png\",\"width\":200,\"height\":70,\"caption\":\"Markt-XXL\"},\"image\":{\"@id\":\"https:\\\/\\\/marktxxl.de\\\/markt\\\/#\\\/schema\\\/logo\\\/image\\\/\"}}]}<\/script>\n<!-- \/ Yoast SEO plugin. -->","yoast_head_json":{"title":"HUSHIBIN Outdoor Solar Fairy Lights, 50 LED Solar Fairy Lights with Crystal Balls, 8 Modes IP65 Fairy Lights Balcony\u2026 - Markt-XXL","description":"Markt-XXL HUSHIBIN Outdoor Solar Fairy Lights, 50 LED Solar Fairy Lights with Crystal Balls, 8 Modes IP65 Fairy Lights Balcony\u2026","robots":{"index":"index","follow":"follow","max-snippet":"max-snippet:-1","max-image-preview":"max-image-preview:large","max-video-preview":"max-video-preview:-1"},"canonical":"https:\/\/marktxxl.de\/markt\/produkt\/lichterkette-aussen-solarmoziggao-50led-solar-lichterkette-aussen-mit-kristallkugeln8-modi-ip65-lichterkette-balkon-aussenweihnachrsbeleutung-aussen-deko-fuer-outdoorinnengartenterrassepartys\/","og_locale":"de_DE","og_type":"article","og_title":"HUSHIBIN Outdoor Solar Fairy Lights, 50 LED Solar Fairy Lights with Crystal Balls, 8 Modes IP65 Fairy Lights Balcony\u2026 - Markt-XXL","og_description":"Markt-XXL HUSHIBIN Outdoor Solar Fairy Lights, 50 LED Solar Fairy Lights with Crystal Balls, 8 Modes IP65 Fairy Lights Balcony\u2026","og_url":"https:\/\/marktxxl.de\/markt\/produkt\/lichterkette-aussen-solarmoziggao-50led-solar-lichterkette-aussen-mit-kristallkugeln8-modi-ip65-lichterkette-balkon-aussenweihnachrsbeleutung-aussen-deko-fuer-outdoorinnengartenterrassepartys\/","og_site_name":"Markt-XXL","article_modified_time":"2023-04-11T01:49:20+00:00","og_image":[{"width":500,"height":500,"url":"https:\/\/m.media-amazon.com\/images\/I\/51-CABateuL._SL500_.jpg","type":"image\/jpeg"}],"twitter_card":"summary_large_image","twitter_misc":{"Gesch\u00e4tzte Lesezeit":"1\u00a0Minute"},"schema":{"@context":"https:\/\/schema.org","@graph":[{"@type":"WebPage","@id":"https:\/\/marktxxl.de\/markt\/produkt\/lichterkette-aussen-solarmoziggao-50led-solar-lichterkette-aussen-mit-kristallkugeln8-modi-ip65-lichterkette-balkon-aussenweihnachrsbeleutung-aussen-deko-fuer-outdoorinnengartenterrassepartys\/","url":"https:\/\/marktxxl.de\/markt\/produkt\/lichterkette-aussen-solarmoziggao-50led-solar-lichterkette-aussen-mit-kristallkugeln8-modi-ip65-lichterkette-balkon-aussenweihnachrsbeleutung-aussen-deko-fuer-outdoorinnengartenterrassepartys\/","name":"HUSHIBIN Outdoor Solar Fairy Lights, 50 LED Solar Fairy Lights with Crystal Balls, 8 Modes IP65 Fairy Lights Balcony\u2026 - Markt-XXL","isPartOf":{"@id":"https:\/\/marktxxl.de\/markt\/#website"},"primaryImageOfPage":{"@id":"https:\/\/marktxxl.de\/markt\/produkt\/lichterkette-aussen-solarmoziggao-50led-solar-lichterkette-aussen-mit-kristallkugeln8-modi-ip65-lichterkette-balkon-aussenweihnachrsbeleutung-aussen-deko-fuer-outdoorinnengartenterrassepartys\/#primaryimage"},"image":{"@id":"https:\/\/marktxxl.de\/markt\/produkt\/lichterkette-aussen-solarmoziggao-50led-solar-lichterkette-aussen-mit-kristallkugeln8-modi-ip65-lichterkette-balkon-aussenweihnachrsbeleutung-aussen-deko-fuer-outdoorinnengartenterrassepartys\/#primaryimage"},"thumbnailUrl":"https:\/\/m.media-amazon.com\/images\/I\/51-CABateuL._SL500_.jpg","datePublished":"2022-05-15T01:15:29+00:00","dateModified":"2023-04-11T01:49:20+00:00","description":"Markt-XXL HUSHIBIN Outdoor Solar Fairy Lights, 50 LED Solar Fairy Lights with Crystal Balls, 8 Modes IP65 Fairy Lights Balcony\u2026","breadcrumb":{"@id":"https:\/\/marktxxl.de\/markt\/produkt\/lichterkette-aussen-solarmoziggao-50led-solar-lichterkette-aussen-mit-kristallkugeln8-modi-ip65-lichterkette-balkon-aussenweihnachrsbeleutung-aussen-deko-fuer-outdoorinnengartenterrassepartys\/#breadcrumb"},"inLanguage":"de","potentialAction":[{"@type":"ReadAction","target":["https:\/\/marktxxl.de\/markt\/produkt\/lichterkette-aussen-solarmoziggao-50led-solar-lichterkette-aussen-mit-kristallkugeln8-modi-ip65-lichterkette-balkon-aussenweihnachrsbeleutung-aussen-deko-fuer-outdoorinnengartenterrassepartys\/"]}]},{"@type":"ImageObject","inLanguage":"de","@id":"https:\/\/marktxxl.de\/markt\/produkt\/lichterkette-aussen-solarmoziggao-50led-solar-lichterkette-aussen-mit-kristallkugeln8-modi-ip65-lichterkette-balkon-aussenweihnachrsbeleutung-aussen-deko-fuer-outdoorinnengartenterrassepartys\/#primaryimage","url":"https:\/\/m.media-amazon.com\/images\/I\/51-CABateuL._SL500_.jpg","contentUrl":"https:\/\/m.media-amazon.com\/images\/I\/51-CABateuL._SL500_.jpg","width":500,"height":500},{"@type":"BreadcrumbList","@id":"https:\/\/marktxxl.de\/markt\/produkt\/lichterkette-aussen-solarmoziggao-50led-solar-lichterkette-aussen-mit-kristallkugeln8-modi-ip65-lichterkette-balkon-aussenweihnachrsbeleutung-aussen-deko-fuer-outdoorinnengartenterrassepartys\/#breadcrumb","itemListElement":[{"@type":"ListItem","position":1,"name":"Startseite","item":"https:\/\/marktxxl.de\/markt\/"},{"@type":"ListItem","position":2,"name":"Markt","item":"https:\/\/marktxxl.de\/markt\/"},{"@type":"ListItem","position":3,"name":"HUSHIBIN Outdoor Solar Fairy Lights, 50 LED Solar Fairy Lights with Crystal Balls, 8 Modes IP65 Fairy Lights Balcony\u2026"}]},{"@type":"WebSite","@id":"https:\/\/marktxxl.de\/markt\/#website","url":"https:\/\/marktxxl.de\/markt\/","name":"Markt-XXL","description":"Ihr Markt Online","publisher":{"@id":"https:\/\/marktxxl.de\/markt\/#organization"},"potentialAction":[{"@type":"SearchAction","target":{"@type":"EntryPoint","urlTemplate":"https:\/\/marktxxl.de\/markt\/?s={search_term_string}"},"query-input":{"@type":"PropertyValueSpecification","valueRequired":true,"valueName":"search_term_string"}}],"inLanguage":"de"},{"@type":"Organization","@id":"https:\/\/marktxxl.de\/markt\/#organization","name":"Markt-XXL","url":"https:\/\/marktxxl.de\/markt\/","logo":{"@type":"ImageObject","inLanguage":"de","@id":"https:\/\/marktxxl.de\/markt\/#\/schema\/logo\/image\/","url":"https:\/\/marktxxl.de\/markt\/wp-content\/uploads\/sites\/3\/2020\/12\/logo.png","contentUrl":"https:\/\/marktxxl.de\/markt\/wp-content\/uploads\/sites\/3\/2020\/12\/logo.png","width":200,"height":70,"caption":"Markt-XXL"},"image":{"@id":"https:\/\/marktxxl.de\/markt\/#\/schema\/logo\/image\/"}}]}},"_links":{"self":[{"href":"https:\/\/marktxxl.de\/markt\/wp-json\/wp\/v2\/product\/119856","targetHints":{"allow":["GET"]}}],"collection":[{"href":"https:\/\/marktxxl.de\/markt\/wp-json\/wp\/v2\/product"}],"about":[{"href":"https:\/\/marktxxl.de\/markt\/wp-json\/wp\/v2\/types\/product"}],"replies":[{"embeddable":true,"href":"https:\/\/marktxxl.de\/markt\/wp-json\/wp\/v2\/comments?post=119856"}],"wp:featuredmedia":[{"embeddable":true,"href":"https:\/\/marktxxl.de\/markt\/wp-json\/wp\/v2\/media\/119857"}],"wp:attachment":[{"href":"https:\/\/marktxxl.de\/markt\/wp-json\/wp\/v2\/media?parent=119856"}],"wp:term":[{"taxonomy":"product_brand","embeddable":true,"href":"https:\/\/marktxxl.de\/markt\/wp-json\/wp\/v2\/product_brand?post=119856"},{"taxonomy":"product_cat","embeddable":true,"href":"https:\/\/marktxxl.de\/markt\/wp-json\/wp\/v2\/product_cat?post=119856"},{"taxonomy":"product_tag","embeddable":true,"href":"https:\/\/marktxxl.de\/markt\/wp-json\/wp\/v2\/product_tag?post=119856"}],"curies":[{"name":"wp","href":"https:\/\/api.w.org\/{rel}","templated":true}]}}