{"id":119838,"date":"2022-05-15T03:15:20","date_gmt":"2022-05-15T01:15:20","guid":{"rendered":"https:\/\/marktxxl.de\/markt\/produkt\/s14-led-lichterkette-f%e7%9c%89r-den-au%e8%84%bdenbereich-15-m-15-1-led-lampen-wasserdicht-f%e7%9c%89r-den-au%e8%84%bdenbereich-f%e7%9c%89r-terrasse-au%e8%84%bdenbereich-hinterhof-hochze\/"},"modified":"2023-04-11T03:49:20","modified_gmt":"2023-04-11T01:49:20","slug":"s14-led-lichterkette-f%e7%9c%89r-den-au%e8%84%bdenbereich-15-m-15-1-led-lampen-wasserdicht-f%e7%9c%89r-den-au%e8%84%bdenbereich-f%e7%9c%89r-terrasse-au%e8%84%bdenbereich-hinterhof-hochze","status":"publish","type":"product","link":"https:\/\/marktxxl.de\/markt\/produkt\/s14-led-lichterkette-f%e7%9c%89r-den-au%e8%84%bdenbereich-15-m-15-1-led-lampen-wasserdicht-f%e7%9c%89r-den-au%e8%84%bdenbereich-f%e7%9c%89r-terrasse-au%e8%84%bdenbereich-hinterhof-hochze\/","title":{"rendered":"S14 LED-Lichterkette f\u7709r den Au\u813denbereich, 15 m, 15 + 1 (), LED-Lampen, wasserdicht, f\u7709r den Au\u813denbereich, f\u7709r Terrasse\u2026"},"content":{"rendered":"<p>Energiesparende Orako S14 Outdoor-LED-Lichterkette spart \u00fcber 90% Energie im Vergleich zu Gl\u00fchlampen. Sie haben einen niedrigen Energieverbrauch und sorgen gleichzeitig f\u00fcr eine gute Helligkeit. Eine lange von 30.000 Stunden kann die Wartungskosten bei h\u00e4ufigem Lampenwechsel reduzieren.<br \/>\nBruchsichere und sichere Gartenleuchten sind aus sicherem Kunststoff und robustem Gummi, das schwer zu brechen ist, selbst wenn versehentlich herunterf\u00e4llt. LED-Gl\u00fchfaden und Lampengeh\u00e4use sind abnehmbar, einfach zu wechseln Und Sie k\u00f6nnen es fixieren oder \u00fcberall platzieren, wie Sie es brauchen. Eine Gl\u00fchbirne, die ausgeht, hat keinen Einfluss auf andere Gl\u00fchbirnen.<br \/>\nWasserfeste, wetterfeste Gartenleuchten in handels\u00fcblicher Qualit\u00e4t, die \u00fcber Netzstrom betrieben werden k\u00f6nnen, k\u00f6nnen Schnee, Sonne, Feuchtigkeit, Wind, Regen und extremen Temperaturen f\u00fcr den Au\u00dfenbereich standhalten. Damit Sie diese ultra-langlebigen Lichterketten das ganze Jahr \u00fcber sicher im Display lassen k\u00f6nnen.<br \/>\nBreiter Anwendungsbereich: Die LED-Lichterkette f\u00fcr den Innen- und Au\u00dfenbereich kann verwendet werden, um G\u00e4rten, Hinterh\u00f6fe, Terrassen zu dekorieren, schafft eine gute Atmosph\u00e4re f\u00fcr Partys, Hochzeiten, verschiedene Festivals, usw. und kann auch f\u00fcr den gewerblichen Gebrauch verwendet werden, wie Caf\u00e9s, Restaurants, Buchhandlungen usw. Das Gartenlicht ist die beste Wahl f\u00fcr Sie, um eine gem\u00fctliche Atmosph\u00e4re zu schaffen.<br \/>\nDas Paket enth\u00e4lt 15 m lange Lichterkette, 15 Gl\u00fchbirnen, 1 birne f\u00fcr jede Packung und eine Bedienungsanleitung (evtl. nicht in deutscher Sprache). Kundenzufriedenheit ist unser erstes Ziel. Wenn Sie aus irgendeinem Grund nicht zufrieden sind, kontaktieren Sie uns bitte und wir werden damit schnell umgehen. Jede Soffittenlampe wird mit einer 90 Tage &#8211; und einer 1 Jahr geliefert.<br \/>\n<div class=\"main-cross-sell\" data-asin=\"B099RYFPFG\">\n\n\t<div class=\"WooZone-cross-sell-loader\">\n\t\t<div>\n\t\t\t<div id=\"floatingBarsG\">\n\t\t\t\t<div class=\"blockG\" id=\"rotateG_01\"><\/div>\n\t\t\t\t<div class=\"blockG\" id=\"rotateG_02\"><\/div>\n\t\t\t\t<div class=\"blockG\" id=\"rotateG_03\"><\/div>\n\t\t\t\t<div class=\"blockG\" id=\"rotateG_04\"><\/div>\n\t\t\t\t<div class=\"blockG\" id=\"rotateG_05\"><\/div>\n\t\t\t\t<div class=\"blockG\" id=\"rotateG_06\"><\/div>\n\t\t\t\t<div class=\"blockG\" id=\"rotateG_07\"><\/div>\n\t\t\t\t<div class=\"blockG\" id=\"rotateG_08\"><\/div>\n\t\t\t<\/div>\n\t\t\t<div class=\"WooZone-cross-sell-loader-text\"><\/div>\n\t\t<\/div>\n\t<\/div>\n\n\t\t\n<\/div>\n<div style=\"clear:both;\"><\/div><\/p>\n","protected":false},"excerpt":{"rendered":"<p>Energiesparende Orako S14 Outdoor-LED-Lichterkette spart \u00fcber 90% Energie im Vergleich zu Gl\u00fchlampen. Sie haben einen niedrigen Energieverbrauch und sorgen gleichzeitig f\u00fcr eine gute Helligkeit. Eine lange von 30.000 Stunden kann die Wartungskosten bei h\u00e4ufigem Lampenwechsel reduzieren.<br \/>\nBruchsichere und sichere Gartenleuchten sind aus sicherem Kunststoff und robustem Gummi, das schwer zu brechen ist, selbst wenn versehentlich herunterf\u00e4llt. LED-Gl\u00fchfaden und Lampengeh\u00e4use sind abnehmbar, einfach zu wechseln Und Sie k\u00f6nnen es fixieren oder \u00fcberall platzieren, wie Sie es brauchen. Eine Gl\u00fchbirne, die ausgeht, hat keinen Einfluss auf andere Gl\u00fchbirnen.<br \/>\nWasserfeste, wetterfeste Gartenleuchten in handels\u00fcblicher Qualit\u00e4t, die \u00fcber Netzstrom betrieben werden k\u00f6nnen, k\u00f6nnen Schnee, Sonne, Feuchtigkeit, Wind, Regen und extremen Temperaturen f\u00fcr den Au\u00dfenbereich standhalten. Damit Sie diese ultra-langlebigen Lichterketten das ganze Jahr \u00fcber sicher im Display lassen k\u00f6nnen.<\/p>\n","protected":false},"featured_media":119839,"comment_status":"open","ping_status":"closed","template":"","meta":[],"product_brand":[],"product_cat":[2108,15622],"product_tag":[],"class_list":{"0":"post-119838","1":"product","2":"type-product","3":"status-publish","4":"has-post-thumbnail","6":"product_cat-beleuchtung","7":"product_cat-lichterketten","8":"pa_binding-unbekannter-einband","9":"pa_brand-oraoko","10":"pa_height-7-086614166-zoll","11":"pa_length-9-842519675-zoll","12":"pa_manufacturer-oraoko","13":"pa_width-7-086614166-zoll","15":"first","16":"instock","17":"shipping-taxable","18":"purchasable","19":"product-type-simple","20":"customify-col","21":"product-has-gallery"},"yoast_head":"<!-- This site is optimized with the Yoast SEO plugin v27.4 - https:\/\/yoast.com\/product\/yoast-seo-wordpress\/ -->\n<title>S14 LED-Lichterkette f\u7709r den Au\u813denbereich, 15 m, 15 + 1 (), LED-Lampen, wasserdicht, f\u7709r den Au\u813denbereich, f\u7709r Terrasse\u2026 - Markt-XXL<\/title>\n<meta name=\"description\" content=\"Markt-XXL S14 LED-Lichterkette f\u7709r den Au\u813denbereich, 15 m, 15 + 1 (), LED-Lampen, wasserdicht, f\u7709r den Au\u813denbereich, f\u7709r Terrasse\u2026\" \/>\n<meta name=\"robots\" content=\"index, follow, max-snippet:-1, max-image-preview:large, max-video-preview:-1\" \/>\n<link rel=\"canonical\" href=\"https:\/\/marktxxl.de\/markt\/produkt\/s14-led-lichterkette-f\u7709r-den-au\u813denbereich-15-m-15-1-led-lampen-wasserdicht-f\u7709r-den-au\u813denbereich-f\u7709r-terrasse-au\u813denbereich-hinterhof-hochze\/\" \/>\n<meta property=\"og:locale\" content=\"de_DE\" \/>\n<meta property=\"og:type\" content=\"article\" \/>\n<meta property=\"og:title\" content=\"S14 LED-Lichterkette f\u7709r den Au\u813denbereich, 15 m, 15 + 1 (), LED-Lampen, wasserdicht, f\u7709r den Au\u813denbereich, f\u7709r Terrasse\u2026 - Markt-XXL\" \/>\n<meta property=\"og:description\" content=\"Markt-XXL S14 LED-Lichterkette f\u7709r den Au\u813denbereich, 15 m, 15 + 1 (), LED-Lampen, wasserdicht, f\u7709r den Au\u813denbereich, f\u7709r Terrasse\u2026\" \/>\n<meta property=\"og:url\" content=\"https:\/\/marktxxl.de\/markt\/produkt\/s14-led-lichterkette-f\u7709r-den-au\u813denbereich-15-m-15-1-led-lampen-wasserdicht-f\u7709r-den-au\u813denbereich-f\u7709r-terrasse-au\u813denbereich-hinterhof-hochze\/\" \/>\n<meta property=\"og:site_name\" content=\"Markt-XXL\" \/>\n<meta property=\"article:modified_time\" content=\"2023-04-11T01:49:20+00:00\" \/>\n<meta property=\"og:image\" content=\"https:\/\/m.media-amazon.com\/images\/I\/41-wWkZmtBL._SL500_.jpg\" \/>\n\t<meta property=\"og:image:width\" content=\"500\" \/>\n\t<meta property=\"og:image:height\" content=\"500\" \/>\n\t<meta property=\"og:image:type\" content=\"image\/jpeg\" \/>\n<meta name=\"twitter:card\" content=\"summary_large_image\" \/>\n<meta name=\"twitter:label1\" content=\"Gesch\u00e4tzte Lesezeit\" \/>\n\t<meta name=\"twitter:data1\" content=\"1\u00a0Minute\" \/>\n<script type=\"application\/ld+json\" class=\"yoast-schema-graph\">{\"@context\":\"https:\\\/\\\/schema.org\",\"@graph\":[{\"@type\":\"WebPage\",\"@id\":\"https:\\\/\\\/marktxxl.de\\\/markt\\\/produkt\\\/s14-led-lichterkette-f%e7%9c%89r-den-au%e8%84%bdenbereich-15-m-15-1-led-lampen-wasserdicht-f%e7%9c%89r-den-au%e8%84%bdenbereich-f%e7%9c%89r-terrasse-au%e8%84%bdenbereich-hinterhof-hochze\\\/\",\"url\":\"https:\\\/\\\/marktxxl.de\\\/markt\\\/produkt\\\/s14-led-lichterkette-f%e7%9c%89r-den-au%e8%84%bdenbereich-15-m-15-1-led-lampen-wasserdicht-f%e7%9c%89r-den-au%e8%84%bdenbereich-f%e7%9c%89r-terrasse-au%e8%84%bdenbereich-hinterhof-hochze\\\/\",\"name\":\"S14 LED-Lichterkette f\u7709r den Au\u813denbereich, 15 m, 15 + 1 (), LED-Lampen, wasserdicht, f\u7709r den Au\u813denbereich, f\u7709r Terrasse\u2026 - Markt-XXL\",\"isPartOf\":{\"@id\":\"https:\\\/\\\/marktxxl.de\\\/markt\\\/#website\"},\"primaryImageOfPage\":{\"@id\":\"https:\\\/\\\/marktxxl.de\\\/markt\\\/produkt\\\/s14-led-lichterkette-f%e7%9c%89r-den-au%e8%84%bdenbereich-15-m-15-1-led-lampen-wasserdicht-f%e7%9c%89r-den-au%e8%84%bdenbereich-f%e7%9c%89r-terrasse-au%e8%84%bdenbereich-hinterhof-hochze\\\/#primaryimage\"},\"image\":{\"@id\":\"https:\\\/\\\/marktxxl.de\\\/markt\\\/produkt\\\/s14-led-lichterkette-f%e7%9c%89r-den-au%e8%84%bdenbereich-15-m-15-1-led-lampen-wasserdicht-f%e7%9c%89r-den-au%e8%84%bdenbereich-f%e7%9c%89r-terrasse-au%e8%84%bdenbereich-hinterhof-hochze\\\/#primaryimage\"},\"thumbnailUrl\":\"https:\\\/\\\/m.media-amazon.com\\\/images\\\/I\\\/41-wWkZmtBL._SL500_.jpg\",\"datePublished\":\"2022-05-15T01:15:20+00:00\",\"dateModified\":\"2023-04-11T01:49:20+00:00\",\"description\":\"Markt-XXL S14 LED-Lichterkette f\u7709r den Au\u813denbereich, 15 m, 15 + 1 (), LED-Lampen, wasserdicht, f\u7709r den Au\u813denbereich, f\u7709r Terrasse\u2026\",\"breadcrumb\":{\"@id\":\"https:\\\/\\\/marktxxl.de\\\/markt\\\/produkt\\\/s14-led-lichterkette-f%e7%9c%89r-den-au%e8%84%bdenbereich-15-m-15-1-led-lampen-wasserdicht-f%e7%9c%89r-den-au%e8%84%bdenbereich-f%e7%9c%89r-terrasse-au%e8%84%bdenbereich-hinterhof-hochze\\\/#breadcrumb\"},\"inLanguage\":\"de\",\"potentialAction\":[{\"@type\":\"ReadAction\",\"target\":[\"https:\\\/\\\/marktxxl.de\\\/markt\\\/produkt\\\/s14-led-lichterkette-f%e7%9c%89r-den-au%e8%84%bdenbereich-15-m-15-1-led-lampen-wasserdicht-f%e7%9c%89r-den-au%e8%84%bdenbereich-f%e7%9c%89r-terrasse-au%e8%84%bdenbereich-hinterhof-hochze\\\/\"]}]},{\"@type\":\"ImageObject\",\"inLanguage\":\"de\",\"@id\":\"https:\\\/\\\/marktxxl.de\\\/markt\\\/produkt\\\/s14-led-lichterkette-f%e7%9c%89r-den-au%e8%84%bdenbereich-15-m-15-1-led-lampen-wasserdicht-f%e7%9c%89r-den-au%e8%84%bdenbereich-f%e7%9c%89r-terrasse-au%e8%84%bdenbereich-hinterhof-hochze\\\/#primaryimage\",\"url\":\"https:\\\/\\\/m.media-amazon.com\\\/images\\\/I\\\/41-wWkZmtBL._SL500_.jpg\",\"contentUrl\":\"https:\\\/\\\/m.media-amazon.com\\\/images\\\/I\\\/41-wWkZmtBL._SL500_.jpg\",\"width\":500,\"height\":500},{\"@type\":\"BreadcrumbList\",\"@id\":\"https:\\\/\\\/marktxxl.de\\\/markt\\\/produkt\\\/s14-led-lichterkette-f%e7%9c%89r-den-au%e8%84%bdenbereich-15-m-15-1-led-lampen-wasserdicht-f%e7%9c%89r-den-au%e8%84%bdenbereich-f%e7%9c%89r-terrasse-au%e8%84%bdenbereich-hinterhof-hochze\\\/#breadcrumb\",\"itemListElement\":[{\"@type\":\"ListItem\",\"position\":1,\"name\":\"Startseite\",\"item\":\"https:\\\/\\\/marktxxl.de\\\/markt\\\/\"},{\"@type\":\"ListItem\",\"position\":2,\"name\":\"Markt\",\"item\":\"https:\\\/\\\/marktxxl.de\\\/markt\\\/\"},{\"@type\":\"ListItem\",\"position\":3,\"name\":\"S14 LED-Lichterkette f\u7709r den Au\u813denbereich, 15 m, 15 + 1 (), LED-Lampen, wasserdicht, f\u7709r den Au\u813denbereich, f\u7709r Terrasse\u2026\"}]},{\"@type\":\"WebSite\",\"@id\":\"https:\\\/\\\/marktxxl.de\\\/markt\\\/#website\",\"url\":\"https:\\\/\\\/marktxxl.de\\\/markt\\\/\",\"name\":\"Markt-XXL\",\"description\":\"Ihr Markt Online\",\"publisher\":{\"@id\":\"https:\\\/\\\/marktxxl.de\\\/markt\\\/#organization\"},\"potentialAction\":[{\"@type\":\"SearchAction\",\"target\":{\"@type\":\"EntryPoint\",\"urlTemplate\":\"https:\\\/\\\/marktxxl.de\\\/markt\\\/?s={search_term_string}\"},\"query-input\":{\"@type\":\"PropertyValueSpecification\",\"valueRequired\":true,\"valueName\":\"search_term_string\"}}],\"inLanguage\":\"de\"},{\"@type\":\"Organization\",\"@id\":\"https:\\\/\\\/marktxxl.de\\\/markt\\\/#organization\",\"name\":\"Markt-XXL\",\"url\":\"https:\\\/\\\/marktxxl.de\\\/markt\\\/\",\"logo\":{\"@type\":\"ImageObject\",\"inLanguage\":\"de\",\"@id\":\"https:\\\/\\\/marktxxl.de\\\/markt\\\/#\\\/schema\\\/logo\\\/image\\\/\",\"url\":\"https:\\\/\\\/marktxxl.de\\\/markt\\\/wp-content\\\/uploads\\\/sites\\\/3\\\/2020\\\/12\\\/logo.png\",\"contentUrl\":\"https:\\\/\\\/marktxxl.de\\\/markt\\\/wp-content\\\/uploads\\\/sites\\\/3\\\/2020\\\/12\\\/logo.png\",\"width\":200,\"height\":70,\"caption\":\"Markt-XXL\"},\"image\":{\"@id\":\"https:\\\/\\\/marktxxl.de\\\/markt\\\/#\\\/schema\\\/logo\\\/image\\\/\"}}]}<\/script>\n<!-- \/ Yoast SEO plugin. -->","yoast_head_json":{"title":"S14 LED-Lichterkette f\u7709r den Au\u813denbereich, 15 m, 15 + 1 (), LED-Lampen, wasserdicht, f\u7709r den Au\u813denbereich, f\u7709r Terrasse\u2026 - Markt-XXL","description":"Markt-XXL S14 LED-Lichterkette f\u7709r den Au\u813denbereich, 15 m, 15 + 1 (), LED-Lampen, wasserdicht, f\u7709r den Au\u813denbereich, f\u7709r Terrasse\u2026","robots":{"index":"index","follow":"follow","max-snippet":"max-snippet:-1","max-image-preview":"max-image-preview:large","max-video-preview":"max-video-preview:-1"},"canonical":"https:\/\/marktxxl.de\/markt\/produkt\/s14-led-lichterkette-f\u7709r-den-au\u813denbereich-15-m-15-1-led-lampen-wasserdicht-f\u7709r-den-au\u813denbereich-f\u7709r-terrasse-au\u813denbereich-hinterhof-hochze\/","og_locale":"de_DE","og_type":"article","og_title":"S14 LED-Lichterkette f\u7709r den Au\u813denbereich, 15 m, 15 + 1 (), LED-Lampen, wasserdicht, f\u7709r den Au\u813denbereich, f\u7709r Terrasse\u2026 - Markt-XXL","og_description":"Markt-XXL S14 LED-Lichterkette f\u7709r den Au\u813denbereich, 15 m, 15 + 1 (), LED-Lampen, wasserdicht, f\u7709r den Au\u813denbereich, f\u7709r Terrasse\u2026","og_url":"https:\/\/marktxxl.de\/markt\/produkt\/s14-led-lichterkette-f\u7709r-den-au\u813denbereich-15-m-15-1-led-lampen-wasserdicht-f\u7709r-den-au\u813denbereich-f\u7709r-terrasse-au\u813denbereich-hinterhof-hochze\/","og_site_name":"Markt-XXL","article_modified_time":"2023-04-11T01:49:20+00:00","og_image":[{"width":500,"height":500,"url":"https:\/\/m.media-amazon.com\/images\/I\/41-wWkZmtBL._SL500_.jpg","type":"image\/jpeg"}],"twitter_card":"summary_large_image","twitter_misc":{"Gesch\u00e4tzte Lesezeit":"1\u00a0Minute"},"schema":{"@context":"https:\/\/schema.org","@graph":[{"@type":"WebPage","@id":"https:\/\/marktxxl.de\/markt\/produkt\/s14-led-lichterkette-f%e7%9c%89r-den-au%e8%84%bdenbereich-15-m-15-1-led-lampen-wasserdicht-f%e7%9c%89r-den-au%e8%84%bdenbereich-f%e7%9c%89r-terrasse-au%e8%84%bdenbereich-hinterhof-hochze\/","url":"https:\/\/marktxxl.de\/markt\/produkt\/s14-led-lichterkette-f%e7%9c%89r-den-au%e8%84%bdenbereich-15-m-15-1-led-lampen-wasserdicht-f%e7%9c%89r-den-au%e8%84%bdenbereich-f%e7%9c%89r-terrasse-au%e8%84%bdenbereich-hinterhof-hochze\/","name":"S14 LED-Lichterkette f\u7709r den Au\u813denbereich, 15 m, 15 + 1 (), LED-Lampen, wasserdicht, f\u7709r den Au\u813denbereich, f\u7709r Terrasse\u2026 - Markt-XXL","isPartOf":{"@id":"https:\/\/marktxxl.de\/markt\/#website"},"primaryImageOfPage":{"@id":"https:\/\/marktxxl.de\/markt\/produkt\/s14-led-lichterkette-f%e7%9c%89r-den-au%e8%84%bdenbereich-15-m-15-1-led-lampen-wasserdicht-f%e7%9c%89r-den-au%e8%84%bdenbereich-f%e7%9c%89r-terrasse-au%e8%84%bdenbereich-hinterhof-hochze\/#primaryimage"},"image":{"@id":"https:\/\/marktxxl.de\/markt\/produkt\/s14-led-lichterkette-f%e7%9c%89r-den-au%e8%84%bdenbereich-15-m-15-1-led-lampen-wasserdicht-f%e7%9c%89r-den-au%e8%84%bdenbereich-f%e7%9c%89r-terrasse-au%e8%84%bdenbereich-hinterhof-hochze\/#primaryimage"},"thumbnailUrl":"https:\/\/m.media-amazon.com\/images\/I\/41-wWkZmtBL._SL500_.jpg","datePublished":"2022-05-15T01:15:20+00:00","dateModified":"2023-04-11T01:49:20+00:00","description":"Markt-XXL S14 LED-Lichterkette f\u7709r den Au\u813denbereich, 15 m, 15 + 1 (), LED-Lampen, wasserdicht, f\u7709r den Au\u813denbereich, f\u7709r Terrasse\u2026","breadcrumb":{"@id":"https:\/\/marktxxl.de\/markt\/produkt\/s14-led-lichterkette-f%e7%9c%89r-den-au%e8%84%bdenbereich-15-m-15-1-led-lampen-wasserdicht-f%e7%9c%89r-den-au%e8%84%bdenbereich-f%e7%9c%89r-terrasse-au%e8%84%bdenbereich-hinterhof-hochze\/#breadcrumb"},"inLanguage":"de","potentialAction":[{"@type":"ReadAction","target":["https:\/\/marktxxl.de\/markt\/produkt\/s14-led-lichterkette-f%e7%9c%89r-den-au%e8%84%bdenbereich-15-m-15-1-led-lampen-wasserdicht-f%e7%9c%89r-den-au%e8%84%bdenbereich-f%e7%9c%89r-terrasse-au%e8%84%bdenbereich-hinterhof-hochze\/"]}]},{"@type":"ImageObject","inLanguage":"de","@id":"https:\/\/marktxxl.de\/markt\/produkt\/s14-led-lichterkette-f%e7%9c%89r-den-au%e8%84%bdenbereich-15-m-15-1-led-lampen-wasserdicht-f%e7%9c%89r-den-au%e8%84%bdenbereich-f%e7%9c%89r-terrasse-au%e8%84%bdenbereich-hinterhof-hochze\/#primaryimage","url":"https:\/\/m.media-amazon.com\/images\/I\/41-wWkZmtBL._SL500_.jpg","contentUrl":"https:\/\/m.media-amazon.com\/images\/I\/41-wWkZmtBL._SL500_.jpg","width":500,"height":500},{"@type":"BreadcrumbList","@id":"https:\/\/marktxxl.de\/markt\/produkt\/s14-led-lichterkette-f%e7%9c%89r-den-au%e8%84%bdenbereich-15-m-15-1-led-lampen-wasserdicht-f%e7%9c%89r-den-au%e8%84%bdenbereich-f%e7%9c%89r-terrasse-au%e8%84%bdenbereich-hinterhof-hochze\/#breadcrumb","itemListElement":[{"@type":"ListItem","position":1,"name":"Startseite","item":"https:\/\/marktxxl.de\/markt\/"},{"@type":"ListItem","position":2,"name":"Markt","item":"https:\/\/marktxxl.de\/markt\/"},{"@type":"ListItem","position":3,"name":"S14 LED-Lichterkette f\u7709r den Au\u813denbereich, 15 m, 15 + 1 (), LED-Lampen, wasserdicht, f\u7709r den Au\u813denbereich, f\u7709r Terrasse\u2026"}]},{"@type":"WebSite","@id":"https:\/\/marktxxl.de\/markt\/#website","url":"https:\/\/marktxxl.de\/markt\/","name":"Markt-XXL","description":"Ihr Markt Online","publisher":{"@id":"https:\/\/marktxxl.de\/markt\/#organization"},"potentialAction":[{"@type":"SearchAction","target":{"@type":"EntryPoint","urlTemplate":"https:\/\/marktxxl.de\/markt\/?s={search_term_string}"},"query-input":{"@type":"PropertyValueSpecification","valueRequired":true,"valueName":"search_term_string"}}],"inLanguage":"de"},{"@type":"Organization","@id":"https:\/\/marktxxl.de\/markt\/#organization","name":"Markt-XXL","url":"https:\/\/marktxxl.de\/markt\/","logo":{"@type":"ImageObject","inLanguage":"de","@id":"https:\/\/marktxxl.de\/markt\/#\/schema\/logo\/image\/","url":"https:\/\/marktxxl.de\/markt\/wp-content\/uploads\/sites\/3\/2020\/12\/logo.png","contentUrl":"https:\/\/marktxxl.de\/markt\/wp-content\/uploads\/sites\/3\/2020\/12\/logo.png","width":200,"height":70,"caption":"Markt-XXL"},"image":{"@id":"https:\/\/marktxxl.de\/markt\/#\/schema\/logo\/image\/"}}]}},"_links":{"self":[{"href":"https:\/\/marktxxl.de\/markt\/wp-json\/wp\/v2\/product\/119838","targetHints":{"allow":["GET"]}}],"collection":[{"href":"https:\/\/marktxxl.de\/markt\/wp-json\/wp\/v2\/product"}],"about":[{"href":"https:\/\/marktxxl.de\/markt\/wp-json\/wp\/v2\/types\/product"}],"replies":[{"embeddable":true,"href":"https:\/\/marktxxl.de\/markt\/wp-json\/wp\/v2\/comments?post=119838"}],"wp:featuredmedia":[{"embeddable":true,"href":"https:\/\/marktxxl.de\/markt\/wp-json\/wp\/v2\/media\/119839"}],"wp:attachment":[{"href":"https:\/\/marktxxl.de\/markt\/wp-json\/wp\/v2\/media?parent=119838"}],"wp:term":[{"taxonomy":"product_brand","embeddable":true,"href":"https:\/\/marktxxl.de\/markt\/wp-json\/wp\/v2\/product_brand?post=119838"},{"taxonomy":"product_cat","embeddable":true,"href":"https:\/\/marktxxl.de\/markt\/wp-json\/wp\/v2\/product_cat?post=119838"},{"taxonomy":"product_tag","embeddable":true,"href":"https:\/\/marktxxl.de\/markt\/wp-json\/wp\/v2\/product_tag?post=119838"}],"curies":[{"name":"wp","href":"https:\/\/api.w.org\/{rel}","templated":true}]}}