{"id":119817,"date":"2022-05-15T03:15:11","date_gmt":"2022-05-15T01:15:11","guid":{"rendered":"https:\/\/marktxxl.de\/markt\/produkt\/brightech-ambiente-usb-betriebene-lichterketten\/"},"modified":"2023-04-11T03:49:20","modified_gmt":"2023-04-11T01:49:20","slug":"brightech-ambiente-usb-betriebene-lichterketten","status":"publish","type":"product","link":"https:\/\/marktxxl.de\/markt\/produkt\/brightech-ambiente-usb-betriebene-lichterketten\/","title":{"rendered":"Brightech Ambience Pro \u2013 USB-batteriebetriebene, wasserdichte Lichterkette f\u00fcr Camping und Zelte \u2013 Verleihen Sie Ihrem\u2026"},"content":{"rendered":"<p>DIE W\u00c4LDER HABEN KEINE STECKDOSE UND DIESE POWER BANK-betriebenen Lichterketten BRAUCHEN KEINE. Nehmen Sie ein Standard-Netzteil zum Aufladen von Telefonen und schlie\u00dfen Sie Ihre Beleuchtung an. Diese Ambience Pros eignen sich besser f\u00fcr Pausen in der Natur als Solarleuchten, da Sie kein Sonnenlicht ben\u00f6tigen, bevor Sie sie verwenden. Wenn Sie also auf Ihrem Campingplatz ankommen und es bew\u00f6lkt oder nachts ist, kein Problem mit USB-Leuchten.<br \/>\nWASSERDICHT, WETTERFEST, BRUCHSICHER. F\u00dcR DIE NATUR GEBAUT. Die Ambience Pro-Serie verwendet alle handels\u00fcbliche Isolierungen, um Wasser fernzuhalten. Dieses Set hat auch starke Plastikbirnen, so dass sie, selbst wenn sie gegen B\u00e4ume oder Ausr\u00fcstung sto\u00dfen, weiterhin gut funktionieren, ohne wie Glas zu zerbrechen. Andere Brightech Ambience Pro Outdoor-Saiten funktionierten laut Bewertungen sogar nach einem Hurrikan in Florida weiterhin einwandfrei.<br \/>\nGROSSZ\u00dcGIGES, HELLES LICHT F\u00dcR IHR ZELT ODER BELEUCHTEN SIE DEN GANZEN CAMPINGPLATZ F\u00dcR MEHR SICHERHEIT UND M\u00d6GLICHKEITEN. Genug, \u00fcberall eine Laterne zu tragen. Mit 10 mitgelieferten LED-Lampen (jeweils 1,5 W weiches wei\u00dfes (2700 K) Licht), die \u00fcber etwa 5,5 m eines 24,5-Fu\u00df-Strangs h\u00e4ngen, haben Sie ausreichend Licht, um Tiere fernzuhalten, Dinge in Ihrem Zelt zu finden oder sogar zu lesen. Au\u00dferdem bleiben LEDs k\u00fchl. Gehen Sie problemlos zwischen den Zelten hin und her.<br \/>\nN\u00dcTZLICH AUCH ALS TERRASSEN- ODER HOFLICHTER: Schmei\u00dfen Sie eine Party und sorgen Sie mit diesen attraktiven Lichterketten f\u00fcr den Au\u00dfenbereich f\u00fcr genau die richtige Stimmung. Das Licht ist hell genug, um vorbeizugrillen und zu essen, aber nicht \u00fcberw\u00e4ltigend wie ein Sicherheitslicht im Garten.<br \/>\n<div class=\"main-cross-sell\" data-asin=\"B09TW6HYPH\">\n\n\t<div class=\"WooZone-cross-sell-loader\">\n\t\t<div>\n\t\t\t<div id=\"floatingBarsG\">\n\t\t\t\t<div class=\"blockG\" id=\"rotateG_01\"><\/div>\n\t\t\t\t<div class=\"blockG\" id=\"rotateG_02\"><\/div>\n\t\t\t\t<div class=\"blockG\" id=\"rotateG_03\"><\/div>\n\t\t\t\t<div class=\"blockG\" id=\"rotateG_04\"><\/div>\n\t\t\t\t<div class=\"blockG\" id=\"rotateG_05\"><\/div>\n\t\t\t\t<div class=\"blockG\" id=\"rotateG_06\"><\/div>\n\t\t\t\t<div class=\"blockG\" id=\"rotateG_07\"><\/div>\n\t\t\t\t<div class=\"blockG\" id=\"rotateG_08\"><\/div>\n\t\t\t<\/div>\n\t\t\t<div class=\"WooZone-cross-sell-loader-text\"><\/div>\n\t\t<\/div>\n\t<\/div>\n\n\t\t\n<\/div>\n<div style=\"clear:both;\"><\/div><\/p>\n","protected":false},"excerpt":{"rendered":"<p>DIE W\u00c4LDER HABEN KEINE STECKDOSE UND DIESE POWER BANK-betriebenen Lichterketten BRAUCHEN KEINE. Nehmen Sie ein Standard-Netzteil zum Aufladen von Telefonen und schlie\u00dfen Sie Ihre Beleuchtung an. Diese Ambience Pros eignen sich besser f\u00fcr Pausen in der Natur als Solarleuchten, da Sie kein Sonnenlicht ben\u00f6tigen, bevor Sie sie verwenden. Wenn Sie also auf Ihrem Campingplatz ankommen und es bew\u00f6lkt oder nachts ist, kein Problem mit USB-Leuchten.<br \/>\nWASSERDICHT, WETTERFEST, BRUCHSICHER. F\u00dcR DIE NATUR GEBAUT. Die Ambience Pro-Serie verwendet alle handels\u00fcbliche Isolierungen, um Wasser fernzuhalten. Dieses Set hat auch starke Plastikbirnen, so dass sie, selbst wenn sie gegen B\u00e4ume oder Ausr\u00fcstung sto\u00dfen, weiterhin gut funktionieren, ohne wie Glas zu zerbrechen. Andere Brightech Ambience Pro Outdoor-Saiten funktionierten laut Bewertungen sogar nach einem Hurrikan in Florida weiterhin einwandfrei.<br \/>\nGROSSZ\u00dcGIGES, HELLES LICHT F\u00dcR IHR ZELT ODER BELEUCHTEN SIE DEN GANZEN CAMPINGPLATZ F\u00dcR MEHR SICHERHEIT UND M\u00d6GLICHKEITEN. Genug, \u00fcberall eine Laterne zu tragen. Mit 10 mitgelieferten LED-Lampen (jeweils 1,5 W weiches wei\u00dfes (2700 K) Licht), die \u00fcber etwa 5,5 m eines 24,5-Fu\u00df-Strangs h\u00e4ngen, haben Sie ausreichend Licht, um Tiere fernzuhalten, Dinge in Ihrem Zelt zu finden oder sogar zu lesen. Au\u00dferdem bleiben LEDs k\u00fchl. Gehen Sie problemlos zwischen den Zelten hin und her.<\/p>\n","protected":false},"featured_media":119818,"comment_status":"open","ping_status":"closed","template":"","meta":[],"product_brand":[],"product_cat":[2108,15622],"product_tag":[],"class_list":{"0":"post-119817","1":"product","2":"type-product","3":"status-publish","4":"has-post-thumbnail","6":"product_cat-beleuchtung","7":"product_cat-lichterketten","8":"pa_brand-brightech","9":"pa_manufacturer-brightech","11":"first","12":"instock","13":"shipping-taxable","14":"purchasable","15":"product-type-simple","16":"customify-col","17":"product-has-gallery"},"yoast_head":"<!-- This site is optimized with the Yoast SEO plugin v27.4 - https:\/\/yoast.com\/product\/yoast-seo-wordpress\/ -->\n<title>Brightech Ambience Pro \u2013 USB-batteriebetriebene, wasserdichte Lichterkette f\u00fcr Camping und Zelte \u2013 Verleihen Sie Ihrem\u2026 - Markt-XXL<\/title>\n<meta name=\"description\" content=\"Markt-XXL Brightech Ambience Pro \u2013 USB-batteriebetriebene, wasserdichte Lichterkette f\u00fcr Camping und Zelte \u2013 Verleihen Sie Ihrem\u2026\" \/>\n<meta name=\"robots\" content=\"index, follow, max-snippet:-1, max-image-preview:large, max-video-preview:-1\" \/>\n<link rel=\"canonical\" href=\"https:\/\/marktxxl.de\/markt\/produkt\/brightech-ambiente-usb-betriebene-lichterketten\/\" \/>\n<meta property=\"og:locale\" content=\"de_DE\" \/>\n<meta property=\"og:type\" content=\"article\" \/>\n<meta property=\"og:title\" content=\"Brightech Ambience Pro \u2013 USB-batteriebetriebene, wasserdichte Lichterkette f\u00fcr Camping und Zelte \u2013 Verleihen Sie Ihrem\u2026 - Markt-XXL\" \/>\n<meta property=\"og:description\" content=\"Markt-XXL Brightech Ambience Pro \u2013 USB-batteriebetriebene, wasserdichte Lichterkette f\u00fcr Camping und Zelte \u2013 Verleihen Sie Ihrem\u2026\" \/>\n<meta property=\"og:url\" content=\"https:\/\/marktxxl.de\/markt\/produkt\/brightech-ambiente-usb-betriebene-lichterketten\/\" \/>\n<meta property=\"og:site_name\" content=\"Markt-XXL\" \/>\n<meta property=\"article:modified_time\" content=\"2023-04-11T01:49:20+00:00\" \/>\n<meta property=\"og:image\" content=\"https:\/\/m.media-amazon.com\/images\/I\/41Sn3TJj2sL._SL500_.jpg\" \/>\n\t<meta property=\"og:image:width\" content=\"500\" \/>\n\t<meta property=\"og:image:height\" content=\"500\" \/>\n\t<meta property=\"og:image:type\" content=\"image\/jpeg\" \/>\n<meta name=\"twitter:card\" content=\"summary_large_image\" \/>\n<meta name=\"twitter:label1\" content=\"Gesch\u00e4tzte Lesezeit\" \/>\n\t<meta name=\"twitter:data1\" content=\"1\u00a0Minute\" \/>\n<script type=\"application\/ld+json\" class=\"yoast-schema-graph\">{\"@context\":\"https:\\\/\\\/schema.org\",\"@graph\":[{\"@type\":\"WebPage\",\"@id\":\"https:\\\/\\\/marktxxl.de\\\/markt\\\/produkt\\\/brightech-ambiente-usb-betriebene-lichterketten\\\/\",\"url\":\"https:\\\/\\\/marktxxl.de\\\/markt\\\/produkt\\\/brightech-ambiente-usb-betriebene-lichterketten\\\/\",\"name\":\"Brightech Ambience Pro \u2013 USB-batteriebetriebene, wasserdichte Lichterkette f\u00fcr Camping und Zelte \u2013 Verleihen Sie Ihrem\u2026 - Markt-XXL\",\"isPartOf\":{\"@id\":\"https:\\\/\\\/marktxxl.de\\\/markt\\\/#website\"},\"primaryImageOfPage\":{\"@id\":\"https:\\\/\\\/marktxxl.de\\\/markt\\\/produkt\\\/brightech-ambiente-usb-betriebene-lichterketten\\\/#primaryimage\"},\"image\":{\"@id\":\"https:\\\/\\\/marktxxl.de\\\/markt\\\/produkt\\\/brightech-ambiente-usb-betriebene-lichterketten\\\/#primaryimage\"},\"thumbnailUrl\":\"https:\\\/\\\/m.media-amazon.com\\\/images\\\/I\\\/41Sn3TJj2sL._SL500_.jpg\",\"datePublished\":\"2022-05-15T01:15:11+00:00\",\"dateModified\":\"2023-04-11T01:49:20+00:00\",\"description\":\"Markt-XXL Brightech Ambience Pro \u2013 USB-batteriebetriebene, wasserdichte Lichterkette f\u00fcr Camping und Zelte \u2013 Verleihen Sie Ihrem\u2026\",\"breadcrumb\":{\"@id\":\"https:\\\/\\\/marktxxl.de\\\/markt\\\/produkt\\\/brightech-ambiente-usb-betriebene-lichterketten\\\/#breadcrumb\"},\"inLanguage\":\"de\",\"potentialAction\":[{\"@type\":\"ReadAction\",\"target\":[\"https:\\\/\\\/marktxxl.de\\\/markt\\\/produkt\\\/brightech-ambiente-usb-betriebene-lichterketten\\\/\"]}]},{\"@type\":\"ImageObject\",\"inLanguage\":\"de\",\"@id\":\"https:\\\/\\\/marktxxl.de\\\/markt\\\/produkt\\\/brightech-ambiente-usb-betriebene-lichterketten\\\/#primaryimage\",\"url\":\"https:\\\/\\\/m.media-amazon.com\\\/images\\\/I\\\/41Sn3TJj2sL._SL500_.jpg\",\"contentUrl\":\"https:\\\/\\\/m.media-amazon.com\\\/images\\\/I\\\/41Sn3TJj2sL._SL500_.jpg\",\"width\":500,\"height\":500},{\"@type\":\"BreadcrumbList\",\"@id\":\"https:\\\/\\\/marktxxl.de\\\/markt\\\/produkt\\\/brightech-ambiente-usb-betriebene-lichterketten\\\/#breadcrumb\",\"itemListElement\":[{\"@type\":\"ListItem\",\"position\":1,\"name\":\"Startseite\",\"item\":\"https:\\\/\\\/marktxxl.de\\\/markt\\\/\"},{\"@type\":\"ListItem\",\"position\":2,\"name\":\"Markt\",\"item\":\"https:\\\/\\\/marktxxl.de\\\/markt\\\/\"},{\"@type\":\"ListItem\",\"position\":3,\"name\":\"Brightech Ambience Pro \u2013 USB-batteriebetriebene, wasserdichte Lichterkette f\u00fcr Camping und Zelte \u2013 Verleihen Sie Ihrem\u2026\"}]},{\"@type\":\"WebSite\",\"@id\":\"https:\\\/\\\/marktxxl.de\\\/markt\\\/#website\",\"url\":\"https:\\\/\\\/marktxxl.de\\\/markt\\\/\",\"name\":\"Markt-XXL\",\"description\":\"Ihr Markt Online\",\"publisher\":{\"@id\":\"https:\\\/\\\/marktxxl.de\\\/markt\\\/#organization\"},\"potentialAction\":[{\"@type\":\"SearchAction\",\"target\":{\"@type\":\"EntryPoint\",\"urlTemplate\":\"https:\\\/\\\/marktxxl.de\\\/markt\\\/?s={search_term_string}\"},\"query-input\":{\"@type\":\"PropertyValueSpecification\",\"valueRequired\":true,\"valueName\":\"search_term_string\"}}],\"inLanguage\":\"de\"},{\"@type\":\"Organization\",\"@id\":\"https:\\\/\\\/marktxxl.de\\\/markt\\\/#organization\",\"name\":\"Markt-XXL\",\"url\":\"https:\\\/\\\/marktxxl.de\\\/markt\\\/\",\"logo\":{\"@type\":\"ImageObject\",\"inLanguage\":\"de\",\"@id\":\"https:\\\/\\\/marktxxl.de\\\/markt\\\/#\\\/schema\\\/logo\\\/image\\\/\",\"url\":\"https:\\\/\\\/marktxxl.de\\\/markt\\\/wp-content\\\/uploads\\\/sites\\\/3\\\/2020\\\/12\\\/logo.png\",\"contentUrl\":\"https:\\\/\\\/marktxxl.de\\\/markt\\\/wp-content\\\/uploads\\\/sites\\\/3\\\/2020\\\/12\\\/logo.png\",\"width\":200,\"height\":70,\"caption\":\"Markt-XXL\"},\"image\":{\"@id\":\"https:\\\/\\\/marktxxl.de\\\/markt\\\/#\\\/schema\\\/logo\\\/image\\\/\"}}]}<\/script>\n<!-- \/ Yoast SEO plugin. -->","yoast_head_json":{"title":"Brightech Ambience Pro \u2013 USB-batteriebetriebene, wasserdichte Lichterkette f\u00fcr Camping und Zelte \u2013 Verleihen Sie Ihrem\u2026 - Markt-XXL","description":"Markt-XXL Brightech Ambience Pro \u2013 USB-batteriebetriebene, wasserdichte Lichterkette f\u00fcr Camping und Zelte \u2013 Verleihen Sie Ihrem\u2026","robots":{"index":"index","follow":"follow","max-snippet":"max-snippet:-1","max-image-preview":"max-image-preview:large","max-video-preview":"max-video-preview:-1"},"canonical":"https:\/\/marktxxl.de\/markt\/produkt\/brightech-ambiente-usb-betriebene-lichterketten\/","og_locale":"de_DE","og_type":"article","og_title":"Brightech Ambience Pro \u2013 USB-batteriebetriebene, wasserdichte Lichterkette f\u00fcr Camping und Zelte \u2013 Verleihen Sie Ihrem\u2026 - Markt-XXL","og_description":"Markt-XXL Brightech Ambience Pro \u2013 USB-batteriebetriebene, wasserdichte Lichterkette f\u00fcr Camping und Zelte \u2013 Verleihen Sie Ihrem\u2026","og_url":"https:\/\/marktxxl.de\/markt\/produkt\/brightech-ambiente-usb-betriebene-lichterketten\/","og_site_name":"Markt-XXL","article_modified_time":"2023-04-11T01:49:20+00:00","og_image":[{"width":500,"height":500,"url":"https:\/\/m.media-amazon.com\/images\/I\/41Sn3TJj2sL._SL500_.jpg","type":"image\/jpeg"}],"twitter_card":"summary_large_image","twitter_misc":{"Gesch\u00e4tzte Lesezeit":"1\u00a0Minute"},"schema":{"@context":"https:\/\/schema.org","@graph":[{"@type":"WebPage","@id":"https:\/\/marktxxl.de\/markt\/produkt\/brightech-ambiente-usb-betriebene-lichterketten\/","url":"https:\/\/marktxxl.de\/markt\/produkt\/brightech-ambiente-usb-betriebene-lichterketten\/","name":"Brightech Ambience Pro \u2013 USB-batteriebetriebene, wasserdichte Lichterkette f\u00fcr Camping und Zelte \u2013 Verleihen Sie Ihrem\u2026 - Markt-XXL","isPartOf":{"@id":"https:\/\/marktxxl.de\/markt\/#website"},"primaryImageOfPage":{"@id":"https:\/\/marktxxl.de\/markt\/produkt\/brightech-ambiente-usb-betriebene-lichterketten\/#primaryimage"},"image":{"@id":"https:\/\/marktxxl.de\/markt\/produkt\/brightech-ambiente-usb-betriebene-lichterketten\/#primaryimage"},"thumbnailUrl":"https:\/\/m.media-amazon.com\/images\/I\/41Sn3TJj2sL._SL500_.jpg","datePublished":"2022-05-15T01:15:11+00:00","dateModified":"2023-04-11T01:49:20+00:00","description":"Markt-XXL Brightech Ambience Pro \u2013 USB-batteriebetriebene, wasserdichte Lichterkette f\u00fcr Camping und Zelte \u2013 Verleihen Sie Ihrem\u2026","breadcrumb":{"@id":"https:\/\/marktxxl.de\/markt\/produkt\/brightech-ambiente-usb-betriebene-lichterketten\/#breadcrumb"},"inLanguage":"de","potentialAction":[{"@type":"ReadAction","target":["https:\/\/marktxxl.de\/markt\/produkt\/brightech-ambiente-usb-betriebene-lichterketten\/"]}]},{"@type":"ImageObject","inLanguage":"de","@id":"https:\/\/marktxxl.de\/markt\/produkt\/brightech-ambiente-usb-betriebene-lichterketten\/#primaryimage","url":"https:\/\/m.media-amazon.com\/images\/I\/41Sn3TJj2sL._SL500_.jpg","contentUrl":"https:\/\/m.media-amazon.com\/images\/I\/41Sn3TJj2sL._SL500_.jpg","width":500,"height":500},{"@type":"BreadcrumbList","@id":"https:\/\/marktxxl.de\/markt\/produkt\/brightech-ambiente-usb-betriebene-lichterketten\/#breadcrumb","itemListElement":[{"@type":"ListItem","position":1,"name":"Startseite","item":"https:\/\/marktxxl.de\/markt\/"},{"@type":"ListItem","position":2,"name":"Markt","item":"https:\/\/marktxxl.de\/markt\/"},{"@type":"ListItem","position":3,"name":"Brightech Ambience Pro \u2013 USB-batteriebetriebene, wasserdichte Lichterkette f\u00fcr Camping und Zelte \u2013 Verleihen Sie Ihrem\u2026"}]},{"@type":"WebSite","@id":"https:\/\/marktxxl.de\/markt\/#website","url":"https:\/\/marktxxl.de\/markt\/","name":"Markt-XXL","description":"Ihr Markt Online","publisher":{"@id":"https:\/\/marktxxl.de\/markt\/#organization"},"potentialAction":[{"@type":"SearchAction","target":{"@type":"EntryPoint","urlTemplate":"https:\/\/marktxxl.de\/markt\/?s={search_term_string}"},"query-input":{"@type":"PropertyValueSpecification","valueRequired":true,"valueName":"search_term_string"}}],"inLanguage":"de"},{"@type":"Organization","@id":"https:\/\/marktxxl.de\/markt\/#organization","name":"Markt-XXL","url":"https:\/\/marktxxl.de\/markt\/","logo":{"@type":"ImageObject","inLanguage":"de","@id":"https:\/\/marktxxl.de\/markt\/#\/schema\/logo\/image\/","url":"https:\/\/marktxxl.de\/markt\/wp-content\/uploads\/sites\/3\/2020\/12\/logo.png","contentUrl":"https:\/\/marktxxl.de\/markt\/wp-content\/uploads\/sites\/3\/2020\/12\/logo.png","width":200,"height":70,"caption":"Markt-XXL"},"image":{"@id":"https:\/\/marktxxl.de\/markt\/#\/schema\/logo\/image\/"}}]}},"_links":{"self":[{"href":"https:\/\/marktxxl.de\/markt\/wp-json\/wp\/v2\/product\/119817","targetHints":{"allow":["GET"]}}],"collection":[{"href":"https:\/\/marktxxl.de\/markt\/wp-json\/wp\/v2\/product"}],"about":[{"href":"https:\/\/marktxxl.de\/markt\/wp-json\/wp\/v2\/types\/product"}],"replies":[{"embeddable":true,"href":"https:\/\/marktxxl.de\/markt\/wp-json\/wp\/v2\/comments?post=119817"}],"wp:featuredmedia":[{"embeddable":true,"href":"https:\/\/marktxxl.de\/markt\/wp-json\/wp\/v2\/media\/119818"}],"wp:attachment":[{"href":"https:\/\/marktxxl.de\/markt\/wp-json\/wp\/v2\/media?parent=119817"}],"wp:term":[{"taxonomy":"product_brand","embeddable":true,"href":"https:\/\/marktxxl.de\/markt\/wp-json\/wp\/v2\/product_brand?post=119817"},{"taxonomy":"product_cat","embeddable":true,"href":"https:\/\/marktxxl.de\/markt\/wp-json\/wp\/v2\/product_cat?post=119817"},{"taxonomy":"product_tag","embeddable":true,"href":"https:\/\/marktxxl.de\/markt\/wp-json\/wp\/v2\/product_tag?post=119817"}],"curies":[{"name":"wp","href":"https:\/\/api.w.org\/{rel}","templated":true}]}}