{"id":119686,"date":"2022-05-15T03:07:40","date_gmt":"2022-05-15T01:07:40","guid":{"rendered":"https:\/\/marktxxl.de\/markt\/produkt\/g9-led-lampe-6er-set-warmweiss-2700k-g9-led-birnen-5w-450lumen-led-leuchtmittel-ersatz-50w-g9-halogenlampe-360-abstrahlwinkel-kein-flackern-nicht-dimmbar-perfekt-fuer-leuchter-wohnzimmer-ess\/"},"modified":"2023-04-11T03:49:19","modified_gmt":"2023-04-11T01:49:19","slug":"g9-led-lampe-6er-set-warmweiss-2700k-g9-led-birnen-5w-450lumen-led-leuchtmittel-ersatz-50w-g9-halogenlampe-360-abstrahlwinkel-kein-flackern-nicht-dimmbar-perfekt-fuer-leuchter-wohnzimmer-ess","status":"publish","type":"product","link":"https:\/\/marktxxl.de\/markt\/produkt\/g9-led-lampe-6er-set-warmweiss-2700k-g9-led-birnen-5w-450lumen-led-leuchtmittel-ersatz-50w-g9-halogenlampe-360-abstrahlwinkel-kein-flackern-nicht-dimmbar-perfekt-fuer-leuchter-wohnzimmer-ess\/","title":{"rendered":"G9 LED Lampe 6er Set, Warmwei\u00df 2700K G9 LED Birnen, 5W 450Lumen LED Leuchtmittel Ersatz 50W G9 Halogenlampe, 360\u2026"},"content":{"rendered":"<p>\u3010SUPER HELLE &amp; ENERGIESPARENDE LEDs\u3011LOFTer 5W G9 LED Lampe bieten eine hohe Lichtausbeute mit 450 Lumen Leistung, die so hell ist wie eine 50-Watt-Halogenlampe, genug, um Ihr gesamtes Wohnzimmer oder Esszimmer ohne Flackern und Blenden zu beleuchten, aber nur verbrauchen im Vergleich zu Ihren alten Halogenlampen 10 % Energie, da sie nur minimale W\u00e4rme abgeben. Gro\u00dfartiger Ersatz, mit dem Sie 90% der Stromrechnung f\u00fcr die Beleuchtung sparen k\u00f6nnen<br \/>\n\u30102700K warmwei\u00df &amp; 360 \u00b0Abstrahlwinkel\u3011 Diese G9 Kapsel LED Birnen ist 2700k, die ein sehr sch\u00f6nes warmes, intimes Licht ausstrahlt, ist eine gute Wahl f\u00fcr Wohn- und Schlafzimmer, in denen Sie Entspannungsatmosph\u00e4re w\u00fcnschen, und besteht aus 52 St\u00fcck 2835SMD-Energie -effiziente LED-Chips, 4 zus\u00e4tzliche LEDs auf der Oberseite der Lampe, perfekt f\u00fcr 360\u00b0 Abstrahlwinkel, keine blinden Ecken oder Schatten!<br \/>\n\u3010EINFACH ZU INSTALLIEREN UND SOFORT ARBEITEN\u3011 Die LED Leuchtmitte sind mit einer Standardkapselform und einem Bi-Pin G9 Sockel ausgestattet, arbeiten mit 220-240 Volt. Ziehen Sie einfach die alten G9-Gl\u00fchbirnen aus der Fassung und setzen Sie diese neue ein. Wenn Sie den Schalter einschalten, leuchtet er sofort mit voller Helligkeit. Wirklich eine gute Wahl, um Ihre alten Gl\u00fchbirnen zu ersetzen<br \/>\n\u3010BRANDSCHUTZ KERAMIKBASIS UND HOHE QUALIT\u00c4T\u3011 Unsere G9 LED Gl\u00fchbirnen sind mit einem feuerfesten Keramiksockel ausgestattet, der W\u00e4rme besser absorbiert und ableitet als herk\u00f6mmliche Gl\u00fchbirnenfassungen, die die Lebensdauer auf 30000 Stunden verl\u00e4ngern. Auch kein Blei oder Quecksilber, keine UV- oder IR-Strahlung, eine tolle Kombination aus hervorragender Energieeffizienz, langlebiger Leistung und weicher und angenehmer Lichtatmosph\u00e4re<br \/>\n\u3010BREITE ANWENDUNG\u3011 Geeignet f\u00fcr verschiedene Arten von G9 LED Lampen, wie Kronleuchter, Wandleuchten, Pendelleuchten, Deckenleuchten, Deckenventilatoren, Tischlampen, Stehlampen, Unterschrankleuchten, K\u00fcchen, Wohnzimmer, Schlafzimmer, Esszimmer, Badezimmer , B\u00fcro, Restaurant, Gesch\u00e4ft, Bar usw. Hervorragende warmwei\u00dfe Beleuchtung, um eine einzigartige Lichtatmosph\u00e4re f\u00fcr Ihr Zuhause und Ihren Gesch\u00e4ftsraum zu schaffen!<br \/>\n<div class=\"main-cross-sell\" data-asin=\"B09Q7XTSK7\">\n\n\t<div class=\"WooZone-cross-sell-loader\">\n\t\t<div>\n\t\t\t<div id=\"floatingBarsG\">\n\t\t\t\t<div class=\"blockG\" id=\"rotateG_01\"><\/div>\n\t\t\t\t<div class=\"blockG\" id=\"rotateG_02\"><\/div>\n\t\t\t\t<div class=\"blockG\" id=\"rotateG_03\"><\/div>\n\t\t\t\t<div class=\"blockG\" id=\"rotateG_04\"><\/div>\n\t\t\t\t<div class=\"blockG\" id=\"rotateG_05\"><\/div>\n\t\t\t\t<div class=\"blockG\" id=\"rotateG_06\"><\/div>\n\t\t\t\t<div class=\"blockG\" id=\"rotateG_07\"><\/div>\n\t\t\t\t<div class=\"blockG\" id=\"rotateG_08\"><\/div>\n\t\t\t<\/div>\n\t\t\t<div class=\"WooZone-cross-sell-loader-text\"><\/div>\n\t\t<\/div>\n\t<\/div>\n\n\t\t\n<\/div>\n<div style=\"clear:both;\"><\/div><\/p>\n","protected":false},"excerpt":{"rendered":"<p>\u3010SUPER HELLE &amp; ENERGIESPARENDE LEDs\u3011LOFTer 5W G9 LED Lampe bieten eine hohe Lichtausbeute mit 450 Lumen Leistung, die so hell ist wie eine 50-Watt-Halogenlampe, genug, um Ihr gesamtes Wohnzimmer oder Esszimmer ohne Flackern und Blenden zu beleuchten, aber nur verbrauchen im Vergleich zu Ihren alten Halogenlampen 10 % Energie, da sie nur minimale W\u00e4rme abgeben. Gro\u00dfartiger Ersatz, mit dem Sie 90% der Stromrechnung f\u00fcr die Beleuchtung sparen k\u00f6nnen<br \/>\n\u30102700K warmwei\u00df &amp; 360 \u00b0Abstrahlwinkel\u3011 Diese G9 Kapsel LED Birnen ist 2700k, die ein sehr sch\u00f6nes warmes, intimes Licht ausstrahlt, ist eine gute Wahl f\u00fcr Wohn- und Schlafzimmer, in denen Sie Entspannungsatmosph\u00e4re w\u00fcnschen, und besteht aus 52 St\u00fcck 2835SMD-Energie -effiziente LED-Chips, 4 zus\u00e4tzliche LEDs auf der Oberseite der Lampe, perfekt f\u00fcr 360\u00b0 Abstrahlwinkel, keine blinden Ecken oder Schatten!<br \/>\n\u3010EINFACH ZU INSTALLIEREN UND SOFORT ARBEITEN\u3011 Die LED Leuchtmitte sind mit einer Standardkapselform und einem Bi-Pin G9 Sockel ausgestattet, arbeiten mit 220-240 Volt. Ziehen Sie einfach die alten G9-Gl\u00fchbirnen aus der Fassung und setzen Sie diese neue ein. Wenn Sie den Schalter einschalten, leuchtet er sofort mit voller Helligkeit. Wirklich eine gute Wahl, um Ihre alten Gl\u00fchbirnen zu ersetzen<\/p>\n","protected":false},"featured_media":119687,"comment_status":"open","ping_status":"closed","template":"","meta":[],"product_brand":[],"product_cat":[2108,11521],"product_tag":[],"class_list":{"0":"post-119686","1":"product","2":"type-product","3":"status-publish","4":"has-post-thumbnail","6":"product_cat-beleuchtung","7":"product_cat-leuchtmittel","8":"pa_brand-lofter-pro","9":"pa_color-g9","10":"pa_height-2-51968-zoll","11":"pa_length-2-95275-zoll","12":"pa_manufacturer-lofter","13":"pa_model-g9-a-52","14":"pa_size-6-stueck-1er-pack","15":"pa_warranty-lifetime-warranty","16":"pa_width-0-74803-zoll","18":"first","19":"instock","20":"shipping-taxable","21":"purchasable","22":"product-type-simple","23":"customify-col","24":"product-has-gallery"},"yoast_head":"<!-- This site is optimized with the Yoast SEO plugin v27.4 - https:\/\/yoast.com\/product\/yoast-seo-wordpress\/ -->\n<title>G9 LED Lampe 6er Set, Warmwei\u00df 2700K G9 LED Birnen, 5W 450Lumen LED Leuchtmittel Ersatz 50W G9 Halogenlampe, 360\u2026 - Markt-XXL<\/title>\n<meta name=\"description\" content=\"Markt-XXL G9 LED Lampe 6er Set, Warmwei\u00df 2700K G9 LED Birnen, 5W 450Lumen LED Leuchtmittel Ersatz 50W G9 Halogenlampe, 360\u2026\" \/>\n<meta name=\"robots\" content=\"index, follow, max-snippet:-1, max-image-preview:large, max-video-preview:-1\" \/>\n<link rel=\"canonical\" href=\"https:\/\/marktxxl.de\/markt\/produkt\/g9-led-lampe-6er-set-warmweiss-2700k-g9-led-birnen-5w-450lumen-led-leuchtmittel-ersatz-50w-g9-halogenlampe-360-abstrahlwinkel-kein-flackern-nicht-dimmbar-perfekt-fuer-leuchter-wohnzimmer-ess\/\" \/>\n<meta property=\"og:locale\" content=\"de_DE\" \/>\n<meta property=\"og:type\" content=\"article\" \/>\n<meta property=\"og:title\" content=\"G9 LED Lampe 6er Set, Warmwei\u00df 2700K G9 LED Birnen, 5W 450Lumen LED Leuchtmittel Ersatz 50W G9 Halogenlampe, 360\u2026 - Markt-XXL\" \/>\n<meta property=\"og:description\" content=\"Markt-XXL G9 LED Lampe 6er Set, Warmwei\u00df 2700K G9 LED Birnen, 5W 450Lumen LED Leuchtmittel Ersatz 50W G9 Halogenlampe, 360\u2026\" \/>\n<meta property=\"og:url\" content=\"https:\/\/marktxxl.de\/markt\/produkt\/g9-led-lampe-6er-set-warmweiss-2700k-g9-led-birnen-5w-450lumen-led-leuchtmittel-ersatz-50w-g9-halogenlampe-360-abstrahlwinkel-kein-flackern-nicht-dimmbar-perfekt-fuer-leuchter-wohnzimmer-ess\/\" \/>\n<meta property=\"og:site_name\" content=\"Markt-XXL\" \/>\n<meta property=\"article:modified_time\" content=\"2023-04-11T01:49:19+00:00\" \/>\n<meta property=\"og:image\" content=\"https:\/\/m.media-amazon.com\/images\/I\/41-7TSsOdyL._SL500_.jpg\" \/>\n\t<meta property=\"og:image:width\" content=\"500\" \/>\n\t<meta property=\"og:image:height\" content=\"500\" \/>\n\t<meta property=\"og:image:type\" content=\"image\/jpeg\" \/>\n<meta name=\"twitter:card\" content=\"summary_large_image\" \/>\n<meta name=\"twitter:label1\" content=\"Gesch\u00e4tzte Lesezeit\" \/>\n\t<meta name=\"twitter:data1\" content=\"2\u00a0Minuten\" \/>\n<script type=\"application\/ld+json\" class=\"yoast-schema-graph\">{\"@context\":\"https:\\\/\\\/schema.org\",\"@graph\":[{\"@type\":\"WebPage\",\"@id\":\"https:\\\/\\\/marktxxl.de\\\/markt\\\/produkt\\\/g9-led-lampe-6er-set-warmweiss-2700k-g9-led-birnen-5w-450lumen-led-leuchtmittel-ersatz-50w-g9-halogenlampe-360-abstrahlwinkel-kein-flackern-nicht-dimmbar-perfekt-fuer-leuchter-wohnzimmer-ess\\\/\",\"url\":\"https:\\\/\\\/marktxxl.de\\\/markt\\\/produkt\\\/g9-led-lampe-6er-set-warmweiss-2700k-g9-led-birnen-5w-450lumen-led-leuchtmittel-ersatz-50w-g9-halogenlampe-360-abstrahlwinkel-kein-flackern-nicht-dimmbar-perfekt-fuer-leuchter-wohnzimmer-ess\\\/\",\"name\":\"G9 LED Lampe 6er Set, Warmwei\u00df 2700K G9 LED Birnen, 5W 450Lumen LED Leuchtmittel Ersatz 50W G9 Halogenlampe, 360\u2026 - Markt-XXL\",\"isPartOf\":{\"@id\":\"https:\\\/\\\/marktxxl.de\\\/markt\\\/#website\"},\"primaryImageOfPage\":{\"@id\":\"https:\\\/\\\/marktxxl.de\\\/markt\\\/produkt\\\/g9-led-lampe-6er-set-warmweiss-2700k-g9-led-birnen-5w-450lumen-led-leuchtmittel-ersatz-50w-g9-halogenlampe-360-abstrahlwinkel-kein-flackern-nicht-dimmbar-perfekt-fuer-leuchter-wohnzimmer-ess\\\/#primaryimage\"},\"image\":{\"@id\":\"https:\\\/\\\/marktxxl.de\\\/markt\\\/produkt\\\/g9-led-lampe-6er-set-warmweiss-2700k-g9-led-birnen-5w-450lumen-led-leuchtmittel-ersatz-50w-g9-halogenlampe-360-abstrahlwinkel-kein-flackern-nicht-dimmbar-perfekt-fuer-leuchter-wohnzimmer-ess\\\/#primaryimage\"},\"thumbnailUrl\":\"https:\\\/\\\/m.media-amazon.com\\\/images\\\/I\\\/41-7TSsOdyL._SL500_.jpg\",\"datePublished\":\"2022-05-15T01:07:40+00:00\",\"dateModified\":\"2023-04-11T01:49:19+00:00\",\"description\":\"Markt-XXL G9 LED Lampe 6er Set, Warmwei\u00df 2700K G9 LED Birnen, 5W 450Lumen LED Leuchtmittel Ersatz 50W G9 Halogenlampe, 360\u2026\",\"breadcrumb\":{\"@id\":\"https:\\\/\\\/marktxxl.de\\\/markt\\\/produkt\\\/g9-led-lampe-6er-set-warmweiss-2700k-g9-led-birnen-5w-450lumen-led-leuchtmittel-ersatz-50w-g9-halogenlampe-360-abstrahlwinkel-kein-flackern-nicht-dimmbar-perfekt-fuer-leuchter-wohnzimmer-ess\\\/#breadcrumb\"},\"inLanguage\":\"de\",\"potentialAction\":[{\"@type\":\"ReadAction\",\"target\":[\"https:\\\/\\\/marktxxl.de\\\/markt\\\/produkt\\\/g9-led-lampe-6er-set-warmweiss-2700k-g9-led-birnen-5w-450lumen-led-leuchtmittel-ersatz-50w-g9-halogenlampe-360-abstrahlwinkel-kein-flackern-nicht-dimmbar-perfekt-fuer-leuchter-wohnzimmer-ess\\\/\"]}]},{\"@type\":\"ImageObject\",\"inLanguage\":\"de\",\"@id\":\"https:\\\/\\\/marktxxl.de\\\/markt\\\/produkt\\\/g9-led-lampe-6er-set-warmweiss-2700k-g9-led-birnen-5w-450lumen-led-leuchtmittel-ersatz-50w-g9-halogenlampe-360-abstrahlwinkel-kein-flackern-nicht-dimmbar-perfekt-fuer-leuchter-wohnzimmer-ess\\\/#primaryimage\",\"url\":\"https:\\\/\\\/m.media-amazon.com\\\/images\\\/I\\\/41-7TSsOdyL._SL500_.jpg\",\"contentUrl\":\"https:\\\/\\\/m.media-amazon.com\\\/images\\\/I\\\/41-7TSsOdyL._SL500_.jpg\",\"width\":500,\"height\":500},{\"@type\":\"BreadcrumbList\",\"@id\":\"https:\\\/\\\/marktxxl.de\\\/markt\\\/produkt\\\/g9-led-lampe-6er-set-warmweiss-2700k-g9-led-birnen-5w-450lumen-led-leuchtmittel-ersatz-50w-g9-halogenlampe-360-abstrahlwinkel-kein-flackern-nicht-dimmbar-perfekt-fuer-leuchter-wohnzimmer-ess\\\/#breadcrumb\",\"itemListElement\":[{\"@type\":\"ListItem\",\"position\":1,\"name\":\"Startseite\",\"item\":\"https:\\\/\\\/marktxxl.de\\\/markt\\\/\"},{\"@type\":\"ListItem\",\"position\":2,\"name\":\"Markt\",\"item\":\"https:\\\/\\\/marktxxl.de\\\/markt\\\/\"},{\"@type\":\"ListItem\",\"position\":3,\"name\":\"G9 LED Lampe 6er Set, Warmwei\u00df 2700K G9 LED Birnen, 5W 450Lumen LED Leuchtmittel Ersatz 50W G9 Halogenlampe, 360\u2026\"}]},{\"@type\":\"WebSite\",\"@id\":\"https:\\\/\\\/marktxxl.de\\\/markt\\\/#website\",\"url\":\"https:\\\/\\\/marktxxl.de\\\/markt\\\/\",\"name\":\"Markt-XXL\",\"description\":\"Ihr Markt Online\",\"publisher\":{\"@id\":\"https:\\\/\\\/marktxxl.de\\\/markt\\\/#organization\"},\"potentialAction\":[{\"@type\":\"SearchAction\",\"target\":{\"@type\":\"EntryPoint\",\"urlTemplate\":\"https:\\\/\\\/marktxxl.de\\\/markt\\\/?s={search_term_string}\"},\"query-input\":{\"@type\":\"PropertyValueSpecification\",\"valueRequired\":true,\"valueName\":\"search_term_string\"}}],\"inLanguage\":\"de\"},{\"@type\":\"Organization\",\"@id\":\"https:\\\/\\\/marktxxl.de\\\/markt\\\/#organization\",\"name\":\"Markt-XXL\",\"url\":\"https:\\\/\\\/marktxxl.de\\\/markt\\\/\",\"logo\":{\"@type\":\"ImageObject\",\"inLanguage\":\"de\",\"@id\":\"https:\\\/\\\/marktxxl.de\\\/markt\\\/#\\\/schema\\\/logo\\\/image\\\/\",\"url\":\"https:\\\/\\\/marktxxl.de\\\/markt\\\/wp-content\\\/uploads\\\/sites\\\/3\\\/2020\\\/12\\\/logo.png\",\"contentUrl\":\"https:\\\/\\\/marktxxl.de\\\/markt\\\/wp-content\\\/uploads\\\/sites\\\/3\\\/2020\\\/12\\\/logo.png\",\"width\":200,\"height\":70,\"caption\":\"Markt-XXL\"},\"image\":{\"@id\":\"https:\\\/\\\/marktxxl.de\\\/markt\\\/#\\\/schema\\\/logo\\\/image\\\/\"}}]}<\/script>\n<!-- \/ Yoast SEO plugin. -->","yoast_head_json":{"title":"G9 LED Lampe 6er Set, Warmwei\u00df 2700K G9 LED Birnen, 5W 450Lumen LED Leuchtmittel Ersatz 50W G9 Halogenlampe, 360\u2026 - Markt-XXL","description":"Markt-XXL G9 LED Lampe 6er Set, Warmwei\u00df 2700K G9 LED Birnen, 5W 450Lumen LED Leuchtmittel Ersatz 50W G9 Halogenlampe, 360\u2026","robots":{"index":"index","follow":"follow","max-snippet":"max-snippet:-1","max-image-preview":"max-image-preview:large","max-video-preview":"max-video-preview:-1"},"canonical":"https:\/\/marktxxl.de\/markt\/produkt\/g9-led-lampe-6er-set-warmweiss-2700k-g9-led-birnen-5w-450lumen-led-leuchtmittel-ersatz-50w-g9-halogenlampe-360-abstrahlwinkel-kein-flackern-nicht-dimmbar-perfekt-fuer-leuchter-wohnzimmer-ess\/","og_locale":"de_DE","og_type":"article","og_title":"G9 LED Lampe 6er Set, Warmwei\u00df 2700K G9 LED Birnen, 5W 450Lumen LED Leuchtmittel Ersatz 50W G9 Halogenlampe, 360\u2026 - Markt-XXL","og_description":"Markt-XXL G9 LED Lampe 6er Set, Warmwei\u00df 2700K G9 LED Birnen, 5W 450Lumen LED Leuchtmittel Ersatz 50W G9 Halogenlampe, 360\u2026","og_url":"https:\/\/marktxxl.de\/markt\/produkt\/g9-led-lampe-6er-set-warmweiss-2700k-g9-led-birnen-5w-450lumen-led-leuchtmittel-ersatz-50w-g9-halogenlampe-360-abstrahlwinkel-kein-flackern-nicht-dimmbar-perfekt-fuer-leuchter-wohnzimmer-ess\/","og_site_name":"Markt-XXL","article_modified_time":"2023-04-11T01:49:19+00:00","og_image":[{"width":500,"height":500,"url":"https:\/\/m.media-amazon.com\/images\/I\/41-7TSsOdyL._SL500_.jpg","type":"image\/jpeg"}],"twitter_card":"summary_large_image","twitter_misc":{"Gesch\u00e4tzte Lesezeit":"2\u00a0Minuten"},"schema":{"@context":"https:\/\/schema.org","@graph":[{"@type":"WebPage","@id":"https:\/\/marktxxl.de\/markt\/produkt\/g9-led-lampe-6er-set-warmweiss-2700k-g9-led-birnen-5w-450lumen-led-leuchtmittel-ersatz-50w-g9-halogenlampe-360-abstrahlwinkel-kein-flackern-nicht-dimmbar-perfekt-fuer-leuchter-wohnzimmer-ess\/","url":"https:\/\/marktxxl.de\/markt\/produkt\/g9-led-lampe-6er-set-warmweiss-2700k-g9-led-birnen-5w-450lumen-led-leuchtmittel-ersatz-50w-g9-halogenlampe-360-abstrahlwinkel-kein-flackern-nicht-dimmbar-perfekt-fuer-leuchter-wohnzimmer-ess\/","name":"G9 LED Lampe 6er Set, Warmwei\u00df 2700K G9 LED Birnen, 5W 450Lumen LED Leuchtmittel Ersatz 50W G9 Halogenlampe, 360\u2026 - Markt-XXL","isPartOf":{"@id":"https:\/\/marktxxl.de\/markt\/#website"},"primaryImageOfPage":{"@id":"https:\/\/marktxxl.de\/markt\/produkt\/g9-led-lampe-6er-set-warmweiss-2700k-g9-led-birnen-5w-450lumen-led-leuchtmittel-ersatz-50w-g9-halogenlampe-360-abstrahlwinkel-kein-flackern-nicht-dimmbar-perfekt-fuer-leuchter-wohnzimmer-ess\/#primaryimage"},"image":{"@id":"https:\/\/marktxxl.de\/markt\/produkt\/g9-led-lampe-6er-set-warmweiss-2700k-g9-led-birnen-5w-450lumen-led-leuchtmittel-ersatz-50w-g9-halogenlampe-360-abstrahlwinkel-kein-flackern-nicht-dimmbar-perfekt-fuer-leuchter-wohnzimmer-ess\/#primaryimage"},"thumbnailUrl":"https:\/\/m.media-amazon.com\/images\/I\/41-7TSsOdyL._SL500_.jpg","datePublished":"2022-05-15T01:07:40+00:00","dateModified":"2023-04-11T01:49:19+00:00","description":"Markt-XXL G9 LED Lampe 6er Set, Warmwei\u00df 2700K G9 LED Birnen, 5W 450Lumen LED Leuchtmittel Ersatz 50W G9 Halogenlampe, 360\u2026","breadcrumb":{"@id":"https:\/\/marktxxl.de\/markt\/produkt\/g9-led-lampe-6er-set-warmweiss-2700k-g9-led-birnen-5w-450lumen-led-leuchtmittel-ersatz-50w-g9-halogenlampe-360-abstrahlwinkel-kein-flackern-nicht-dimmbar-perfekt-fuer-leuchter-wohnzimmer-ess\/#breadcrumb"},"inLanguage":"de","potentialAction":[{"@type":"ReadAction","target":["https:\/\/marktxxl.de\/markt\/produkt\/g9-led-lampe-6er-set-warmweiss-2700k-g9-led-birnen-5w-450lumen-led-leuchtmittel-ersatz-50w-g9-halogenlampe-360-abstrahlwinkel-kein-flackern-nicht-dimmbar-perfekt-fuer-leuchter-wohnzimmer-ess\/"]}]},{"@type":"ImageObject","inLanguage":"de","@id":"https:\/\/marktxxl.de\/markt\/produkt\/g9-led-lampe-6er-set-warmweiss-2700k-g9-led-birnen-5w-450lumen-led-leuchtmittel-ersatz-50w-g9-halogenlampe-360-abstrahlwinkel-kein-flackern-nicht-dimmbar-perfekt-fuer-leuchter-wohnzimmer-ess\/#primaryimage","url":"https:\/\/m.media-amazon.com\/images\/I\/41-7TSsOdyL._SL500_.jpg","contentUrl":"https:\/\/m.media-amazon.com\/images\/I\/41-7TSsOdyL._SL500_.jpg","width":500,"height":500},{"@type":"BreadcrumbList","@id":"https:\/\/marktxxl.de\/markt\/produkt\/g9-led-lampe-6er-set-warmweiss-2700k-g9-led-birnen-5w-450lumen-led-leuchtmittel-ersatz-50w-g9-halogenlampe-360-abstrahlwinkel-kein-flackern-nicht-dimmbar-perfekt-fuer-leuchter-wohnzimmer-ess\/#breadcrumb","itemListElement":[{"@type":"ListItem","position":1,"name":"Startseite","item":"https:\/\/marktxxl.de\/markt\/"},{"@type":"ListItem","position":2,"name":"Markt","item":"https:\/\/marktxxl.de\/markt\/"},{"@type":"ListItem","position":3,"name":"G9 LED Lampe 6er Set, Warmwei\u00df 2700K G9 LED Birnen, 5W 450Lumen LED Leuchtmittel Ersatz 50W G9 Halogenlampe, 360\u2026"}]},{"@type":"WebSite","@id":"https:\/\/marktxxl.de\/markt\/#website","url":"https:\/\/marktxxl.de\/markt\/","name":"Markt-XXL","description":"Ihr Markt Online","publisher":{"@id":"https:\/\/marktxxl.de\/markt\/#organization"},"potentialAction":[{"@type":"SearchAction","target":{"@type":"EntryPoint","urlTemplate":"https:\/\/marktxxl.de\/markt\/?s={search_term_string}"},"query-input":{"@type":"PropertyValueSpecification","valueRequired":true,"valueName":"search_term_string"}}],"inLanguage":"de"},{"@type":"Organization","@id":"https:\/\/marktxxl.de\/markt\/#organization","name":"Markt-XXL","url":"https:\/\/marktxxl.de\/markt\/","logo":{"@type":"ImageObject","inLanguage":"de","@id":"https:\/\/marktxxl.de\/markt\/#\/schema\/logo\/image\/","url":"https:\/\/marktxxl.de\/markt\/wp-content\/uploads\/sites\/3\/2020\/12\/logo.png","contentUrl":"https:\/\/marktxxl.de\/markt\/wp-content\/uploads\/sites\/3\/2020\/12\/logo.png","width":200,"height":70,"caption":"Markt-XXL"},"image":{"@id":"https:\/\/marktxxl.de\/markt\/#\/schema\/logo\/image\/"}}]}},"_links":{"self":[{"href":"https:\/\/marktxxl.de\/markt\/wp-json\/wp\/v2\/product\/119686","targetHints":{"allow":["GET"]}}],"collection":[{"href":"https:\/\/marktxxl.de\/markt\/wp-json\/wp\/v2\/product"}],"about":[{"href":"https:\/\/marktxxl.de\/markt\/wp-json\/wp\/v2\/types\/product"}],"replies":[{"embeddable":true,"href":"https:\/\/marktxxl.de\/markt\/wp-json\/wp\/v2\/comments?post=119686"}],"wp:featuredmedia":[{"embeddable":true,"href":"https:\/\/marktxxl.de\/markt\/wp-json\/wp\/v2\/media\/119687"}],"wp:attachment":[{"href":"https:\/\/marktxxl.de\/markt\/wp-json\/wp\/v2\/media?parent=119686"}],"wp:term":[{"taxonomy":"product_brand","embeddable":true,"href":"https:\/\/marktxxl.de\/markt\/wp-json\/wp\/v2\/product_brand?post=119686"},{"taxonomy":"product_cat","embeddable":true,"href":"https:\/\/marktxxl.de\/markt\/wp-json\/wp\/v2\/product_cat?post=119686"},{"taxonomy":"product_tag","embeddable":true,"href":"https:\/\/marktxxl.de\/markt\/wp-json\/wp\/v2\/product_tag?post=119686"}],"curies":[{"name":"wp","href":"https:\/\/api.w.org\/{rel}","templated":true}]}}