{"id":119082,"date":"2022-05-15T02:46:21","date_gmt":"2022-05-15T00:46:21","guid":{"rendered":"https:\/\/marktxxl.de\/markt\/produkt\/solar-gartenfackeln-4er-gabless-solarlampen-fuer-aussen-solar-flammenlicht-33led-solarleuchten-garten-aussen-mit-flammeneffekt-solar-gartenfackeln-lampen-fuer-terrasse-balkon-rasen-ip65-wasserdi\/"},"modified":"2023-04-09T03:26:57","modified_gmt":"2023-04-09T01:26:57","slug":"solar-gartenfackeln-4er-gabless-solarlampen-fuer-aussen-solar-flammenlicht-33led-solarleuchten-garten-aussen-mit-flammeneffekt-solar-gartenfackeln-lampen-fuer-terrasse-balkon-rasen-ip65-wasserdi","status":"publish","type":"product","link":"https:\/\/marktxxl.de\/markt\/produkt\/solar-gartenfackeln-4er-gabless-solarlampen-fuer-aussen-solar-flammenlicht-33led-solarleuchten-garten-aussen-mit-flammeneffekt-solar-gartenfackeln-lampen-fuer-terrasse-balkon-rasen-ip65-wasserdi\/","title":{"rendered":"gabless Solar Gartenfackeln 4er, Solarlampen f\u00fcr Au\u00dfen, Solar Flammenlicht 33LED, Solarleuchten Garten au\u00dfen mit\u2026"},"content":{"rendered":"<p>\u3010Solar Flammenlicht mit 33LED\u3011 gabless Solarlampen f\u00fcr au\u00dfen verwenden 33 warme LEDs mit tanzendem Flammeneffekt, um eine warme, romanische Atmosph\u00e4re zu machen. Durch das warme Licht des Flammenlichtes ist die Solar Fackeln die sch\u00f6ne Dekoration f\u00fcr Garten, Rasen und Balkon sowie f\u00fcr Veranstaltungen im Freien wie Familientreffen, Grillabende, Camping, Erntedankfest, Halloween und Weihnachten.<br \/>\n\u3010Automatisch einladen und beleuchten\u3011Die Solarlechten Garten haben einen EIN\/AUS-Schalter und einen Solarsensor. Das Solar Flammenlicht wird am Tag automatisch aufladen und in der Nacht bis zum Morgengrauen automatisch beleuchten. Die Solarlampen haben keine Energiekosten und es ist auch freundlich f\u00fcr die Umwelt.<br \/>\n\u3010Lange Beleuchtungszeit &amp; 600mAh eingebaute Batterie\u3011Die Solarlampen f\u00fcr Au\u00dfen sind mit 600 mAh Solar Batterie ausgestattet, der 600mAh Akku kann f\u00fcr 8-10 Stunden Leuchtdauer in den Sommer ( nach voller Aufladung von 8 Stunden ) und f\u00fcr 4-6 Stunden in den Winter beleuchten.<br \/>\n\u3010IP65 Wasserdicht &amp; Wetterfest \u3011Die Solar Gartenfackeln Lampen sind aus hochwertigem ABS-Kunststoff gefertigt, wasserdicht und wetterfest. Mit IP65 wasserdicht k\u00f6nnen die Solar Flammenlicht unter verschiedenen Wetterbedingungen (sonnig \/ Regen \/ Schnee) verwendet werden. Dadurch eignet sich die Solarleuchten besonders geeignet f\u00fcr Au\u00dfen wie Garten, Balkon und Terrasse.<br \/>\n\u3010Einfach zu installieren &amp; Packageinhalt\u3011Vor dem Einstecken in den Boden schalten Sie bitte die &#8220;ON&#8221; Taste ein, installieren Sie einfach die Solar Flammenlicht \u00fcberall, durch das Erdspie\u00df kann die Solarlampen fest im Boden an \u00fcberall verankert werden. Packageinhalt: 4* gabless Solar Flammenlicht, 4* Erdspie\u00df, 4* Verl\u00e4ngerungsrohr, 1* Bedienungsanleitung.<br \/>\n<div class=\"main-cross-sell\" data-asin=\"B09S6F8YTV\">\n\n\t<div class=\"WooZone-cross-sell-loader\">\n\t\t<div>\n\t\t\t<div id=\"floatingBarsG\">\n\t\t\t\t<div class=\"blockG\" id=\"rotateG_01\"><\/div>\n\t\t\t\t<div class=\"blockG\" id=\"rotateG_02\"><\/div>\n\t\t\t\t<div class=\"blockG\" id=\"rotateG_03\"><\/div>\n\t\t\t\t<div class=\"blockG\" id=\"rotateG_04\"><\/div>\n\t\t\t\t<div class=\"blockG\" id=\"rotateG_05\"><\/div>\n\t\t\t\t<div class=\"blockG\" id=\"rotateG_06\"><\/div>\n\t\t\t\t<div class=\"blockG\" id=\"rotateG_07\"><\/div>\n\t\t\t\t<div class=\"blockG\" id=\"rotateG_08\"><\/div>\n\t\t\t<\/div>\n\t\t\t<div class=\"WooZone-cross-sell-loader-text\"><\/div>\n\t\t<\/div>\n\t<\/div>\n\n\t\t\n<\/div>\n<div style=\"clear:both;\"><\/div><\/p>\n","protected":false},"excerpt":{"rendered":"<p>\u3010Solar Flammenlicht mit 33LED\u3011 gabless Solarlampen f\u00fcr au\u00dfen verwenden 33 warme LEDs mit tanzendem Flammeneffekt, um eine warme, romanische Atmosph\u00e4re zu machen. Durch das warme Licht des Flammenlichtes ist die Solar Fackeln die sch\u00f6ne Dekoration f\u00fcr Garten, Rasen und Balkon sowie f\u00fcr Veranstaltungen im Freien wie Familientreffen, Grillabende, Camping, Erntedankfest, Halloween und Weihnachten.<br \/>\n\u3010Automatisch einladen und beleuchten\u3011Die Solarlechten Garten haben einen EIN\/AUS-Schalter und einen Solarsensor. Das Solar Flammenlicht wird am Tag automatisch aufladen und in der Nacht bis zum Morgengrauen automatisch beleuchten. Die Solarlampen haben keine Energiekosten und es ist auch freundlich f\u00fcr die Umwelt.<br \/>\n\u3010Lange Beleuchtungszeit &amp; 600mAh eingebaute Batterie\u3011Die Solarlampen f\u00fcr Au\u00dfen sind mit 600 mAh Solar Batterie ausgestattet, der 600mAh Akku kann f\u00fcr 8-10 Stunden Leuchtdauer in den Sommer ( nach voller Aufladung von 8 Stunden ) und f\u00fcr 4-6 Stunden in den Winter beleuchten.<\/p>\n","protected":false},"featured_media":119083,"comment_status":"open","ping_status":"closed","template":"","meta":[],"product_brand":[],"product_cat":[11446,2108],"product_tag":[],"class_list":{"0":"post-119082","1":"product","2":"type-product","3":"status-publish","4":"has-post-thumbnail","6":"product_cat-aussenbeleuchtung","7":"product_cat-beleuchtung","8":"pa_brand-gabless","9":"pa_manufacturer-shenzhen-chousen-optoelectronics-technology-co-ltd","10":"pa_model-v1","11":"pa_weight-1-763698096-pfund","13":"first","14":"instock","15":"shipping-taxable","16":"purchasable","17":"product-type-simple","18":"customify-col","19":"product-has-gallery"},"yoast_head":"<!-- This site is optimized with the Yoast SEO plugin v27.3 - https:\/\/yoast.com\/product\/yoast-seo-wordpress\/ -->\n<title>gabless Solar Gartenfackeln 4er, Solarlampen f\u00fcr Au\u00dfen, Solar Flammenlicht 33LED, Solarleuchten Garten au\u00dfen mit\u2026 - Markt-XXL<\/title>\n<meta name=\"description\" content=\"Markt-XXL gabless Solar Gartenfackeln 4er, Solarlampen f\u00fcr Au\u00dfen, Solar Flammenlicht 33LED, Solarleuchten Garten au\u00dfen mit\u2026\" \/>\n<meta name=\"robots\" content=\"index, follow, max-snippet:-1, max-image-preview:large, max-video-preview:-1\" \/>\n<link rel=\"canonical\" href=\"https:\/\/marktxxl.de\/markt\/produkt\/solar-gartenfackeln-4er-gabless-solarlampen-fuer-aussen-solar-flammenlicht-33led-solarleuchten-garten-aussen-mit-flammeneffekt-solar-gartenfackeln-lampen-fuer-terrasse-balkon-rasen-ip65-wasserdi\/\" \/>\n<meta property=\"og:locale\" content=\"de_DE\" \/>\n<meta property=\"og:type\" content=\"article\" \/>\n<meta property=\"og:title\" content=\"gabless Solar Gartenfackeln 4er, Solarlampen f\u00fcr Au\u00dfen, Solar Flammenlicht 33LED, Solarleuchten Garten au\u00dfen mit\u2026 - Markt-XXL\" \/>\n<meta property=\"og:description\" content=\"Markt-XXL gabless Solar Gartenfackeln 4er, Solarlampen f\u00fcr Au\u00dfen, Solar Flammenlicht 33LED, Solarleuchten Garten au\u00dfen mit\u2026\" \/>\n<meta property=\"og:url\" content=\"https:\/\/marktxxl.de\/markt\/produkt\/solar-gartenfackeln-4er-gabless-solarlampen-fuer-aussen-solar-flammenlicht-33led-solarleuchten-garten-aussen-mit-flammeneffekt-solar-gartenfackeln-lampen-fuer-terrasse-balkon-rasen-ip65-wasserdi\/\" \/>\n<meta property=\"og:site_name\" content=\"Markt-XXL\" \/>\n<meta property=\"article:modified_time\" content=\"2023-04-09T01:26:57+00:00\" \/>\n<meta property=\"og:image\" content=\"https:\/\/m.media-amazon.com\/images\/I\/51cEMGv+ShL._SL500_.jpg\" \/>\n\t<meta property=\"og:image:width\" content=\"500\" \/>\n\t<meta property=\"og:image:height\" content=\"500\" \/>\n\t<meta property=\"og:image:type\" content=\"image\/jpeg\" \/>\n<meta name=\"twitter:card\" content=\"summary_large_image\" \/>\n<meta name=\"twitter:label1\" content=\"Gesch\u00e4tzte Lesezeit\" \/>\n\t<meta name=\"twitter:data1\" content=\"1\u00a0Minute\" \/>\n<script type=\"application\/ld+json\" class=\"yoast-schema-graph\">{\"@context\":\"https:\\\/\\\/schema.org\",\"@graph\":[{\"@type\":\"WebPage\",\"@id\":\"https:\\\/\\\/marktxxl.de\\\/markt\\\/produkt\\\/solar-gartenfackeln-4er-gabless-solarlampen-fuer-aussen-solar-flammenlicht-33led-solarleuchten-garten-aussen-mit-flammeneffekt-solar-gartenfackeln-lampen-fuer-terrasse-balkon-rasen-ip65-wasserdi\\\/\",\"url\":\"https:\\\/\\\/marktxxl.de\\\/markt\\\/produkt\\\/solar-gartenfackeln-4er-gabless-solarlampen-fuer-aussen-solar-flammenlicht-33led-solarleuchten-garten-aussen-mit-flammeneffekt-solar-gartenfackeln-lampen-fuer-terrasse-balkon-rasen-ip65-wasserdi\\\/\",\"name\":\"gabless Solar Gartenfackeln 4er, Solarlampen f\u00fcr Au\u00dfen, Solar Flammenlicht 33LED, Solarleuchten Garten au\u00dfen mit\u2026 - Markt-XXL\",\"isPartOf\":{\"@id\":\"https:\\\/\\\/marktxxl.de\\\/markt\\\/#website\"},\"primaryImageOfPage\":{\"@id\":\"https:\\\/\\\/marktxxl.de\\\/markt\\\/produkt\\\/solar-gartenfackeln-4er-gabless-solarlampen-fuer-aussen-solar-flammenlicht-33led-solarleuchten-garten-aussen-mit-flammeneffekt-solar-gartenfackeln-lampen-fuer-terrasse-balkon-rasen-ip65-wasserdi\\\/#primaryimage\"},\"image\":{\"@id\":\"https:\\\/\\\/marktxxl.de\\\/markt\\\/produkt\\\/solar-gartenfackeln-4er-gabless-solarlampen-fuer-aussen-solar-flammenlicht-33led-solarleuchten-garten-aussen-mit-flammeneffekt-solar-gartenfackeln-lampen-fuer-terrasse-balkon-rasen-ip65-wasserdi\\\/#primaryimage\"},\"thumbnailUrl\":\"https:\\\/\\\/m.media-amazon.com\\\/images\\\/I\\\/51cEMGv+ShL._SL500_.jpg\",\"datePublished\":\"2022-05-15T00:46:21+00:00\",\"dateModified\":\"2023-04-09T01:26:57+00:00\",\"description\":\"Markt-XXL gabless Solar Gartenfackeln 4er, Solarlampen f\u00fcr Au\u00dfen, Solar Flammenlicht 33LED, Solarleuchten Garten au\u00dfen mit\u2026\",\"breadcrumb\":{\"@id\":\"https:\\\/\\\/marktxxl.de\\\/markt\\\/produkt\\\/solar-gartenfackeln-4er-gabless-solarlampen-fuer-aussen-solar-flammenlicht-33led-solarleuchten-garten-aussen-mit-flammeneffekt-solar-gartenfackeln-lampen-fuer-terrasse-balkon-rasen-ip65-wasserdi\\\/#breadcrumb\"},\"inLanguage\":\"de\",\"potentialAction\":[{\"@type\":\"ReadAction\",\"target\":[\"https:\\\/\\\/marktxxl.de\\\/markt\\\/produkt\\\/solar-gartenfackeln-4er-gabless-solarlampen-fuer-aussen-solar-flammenlicht-33led-solarleuchten-garten-aussen-mit-flammeneffekt-solar-gartenfackeln-lampen-fuer-terrasse-balkon-rasen-ip65-wasserdi\\\/\"]}]},{\"@type\":\"ImageObject\",\"inLanguage\":\"de\",\"@id\":\"https:\\\/\\\/marktxxl.de\\\/markt\\\/produkt\\\/solar-gartenfackeln-4er-gabless-solarlampen-fuer-aussen-solar-flammenlicht-33led-solarleuchten-garten-aussen-mit-flammeneffekt-solar-gartenfackeln-lampen-fuer-terrasse-balkon-rasen-ip65-wasserdi\\\/#primaryimage\",\"url\":\"https:\\\/\\\/m.media-amazon.com\\\/images\\\/I\\\/51cEMGv+ShL._SL500_.jpg\",\"contentUrl\":\"https:\\\/\\\/m.media-amazon.com\\\/images\\\/I\\\/51cEMGv+ShL._SL500_.jpg\",\"width\":500,\"height\":500},{\"@type\":\"BreadcrumbList\",\"@id\":\"https:\\\/\\\/marktxxl.de\\\/markt\\\/produkt\\\/solar-gartenfackeln-4er-gabless-solarlampen-fuer-aussen-solar-flammenlicht-33led-solarleuchten-garten-aussen-mit-flammeneffekt-solar-gartenfackeln-lampen-fuer-terrasse-balkon-rasen-ip65-wasserdi\\\/#breadcrumb\",\"itemListElement\":[{\"@type\":\"ListItem\",\"position\":1,\"name\":\"Startseite\",\"item\":\"https:\\\/\\\/marktxxl.de\\\/markt\\\/\"},{\"@type\":\"ListItem\",\"position\":2,\"name\":\"Markt\",\"item\":\"https:\\\/\\\/marktxxl.de\\\/markt\\\/\"},{\"@type\":\"ListItem\",\"position\":3,\"name\":\"gabless Solar Gartenfackeln 4er, Solarlampen f\u00fcr Au\u00dfen, Solar Flammenlicht 33LED, Solarleuchten Garten au\u00dfen mit\u2026\"}]},{\"@type\":\"WebSite\",\"@id\":\"https:\\\/\\\/marktxxl.de\\\/markt\\\/#website\",\"url\":\"https:\\\/\\\/marktxxl.de\\\/markt\\\/\",\"name\":\"Markt-XXL\",\"description\":\"Ihr Markt Online\",\"publisher\":{\"@id\":\"https:\\\/\\\/marktxxl.de\\\/markt\\\/#organization\"},\"potentialAction\":[{\"@type\":\"SearchAction\",\"target\":{\"@type\":\"EntryPoint\",\"urlTemplate\":\"https:\\\/\\\/marktxxl.de\\\/markt\\\/?s={search_term_string}\"},\"query-input\":{\"@type\":\"PropertyValueSpecification\",\"valueRequired\":true,\"valueName\":\"search_term_string\"}}],\"inLanguage\":\"de\"},{\"@type\":\"Organization\",\"@id\":\"https:\\\/\\\/marktxxl.de\\\/markt\\\/#organization\",\"name\":\"Markt-XXL\",\"url\":\"https:\\\/\\\/marktxxl.de\\\/markt\\\/\",\"logo\":{\"@type\":\"ImageObject\",\"inLanguage\":\"de\",\"@id\":\"https:\\\/\\\/marktxxl.de\\\/markt\\\/#\\\/schema\\\/logo\\\/image\\\/\",\"url\":\"https:\\\/\\\/marktxxl.de\\\/markt\\\/wp-content\\\/uploads\\\/sites\\\/3\\\/2020\\\/12\\\/logo.png\",\"contentUrl\":\"https:\\\/\\\/marktxxl.de\\\/markt\\\/wp-content\\\/uploads\\\/sites\\\/3\\\/2020\\\/12\\\/logo.png\",\"width\":200,\"height\":70,\"caption\":\"Markt-XXL\"},\"image\":{\"@id\":\"https:\\\/\\\/marktxxl.de\\\/markt\\\/#\\\/schema\\\/logo\\\/image\\\/\"}}]}<\/script>\n<!-- \/ Yoast SEO plugin. -->","yoast_head_json":{"title":"gabless Solar Gartenfackeln 4er, Solarlampen f\u00fcr Au\u00dfen, Solar Flammenlicht 33LED, Solarleuchten Garten au\u00dfen mit\u2026 - Markt-XXL","description":"Markt-XXL gabless Solar Gartenfackeln 4er, Solarlampen f\u00fcr Au\u00dfen, Solar Flammenlicht 33LED, Solarleuchten Garten au\u00dfen mit\u2026","robots":{"index":"index","follow":"follow","max-snippet":"max-snippet:-1","max-image-preview":"max-image-preview:large","max-video-preview":"max-video-preview:-1"},"canonical":"https:\/\/marktxxl.de\/markt\/produkt\/solar-gartenfackeln-4er-gabless-solarlampen-fuer-aussen-solar-flammenlicht-33led-solarleuchten-garten-aussen-mit-flammeneffekt-solar-gartenfackeln-lampen-fuer-terrasse-balkon-rasen-ip65-wasserdi\/","og_locale":"de_DE","og_type":"article","og_title":"gabless Solar Gartenfackeln 4er, Solarlampen f\u00fcr Au\u00dfen, Solar Flammenlicht 33LED, Solarleuchten Garten au\u00dfen mit\u2026 - Markt-XXL","og_description":"Markt-XXL gabless Solar Gartenfackeln 4er, Solarlampen f\u00fcr Au\u00dfen, Solar Flammenlicht 33LED, Solarleuchten Garten au\u00dfen mit\u2026","og_url":"https:\/\/marktxxl.de\/markt\/produkt\/solar-gartenfackeln-4er-gabless-solarlampen-fuer-aussen-solar-flammenlicht-33led-solarleuchten-garten-aussen-mit-flammeneffekt-solar-gartenfackeln-lampen-fuer-terrasse-balkon-rasen-ip65-wasserdi\/","og_site_name":"Markt-XXL","article_modified_time":"2023-04-09T01:26:57+00:00","og_image":[{"width":500,"height":500,"url":"https:\/\/m.media-amazon.com\/images\/I\/51cEMGv+ShL._SL500_.jpg","type":"image\/jpeg"}],"twitter_card":"summary_large_image","twitter_misc":{"Gesch\u00e4tzte Lesezeit":"1\u00a0Minute"},"schema":{"@context":"https:\/\/schema.org","@graph":[{"@type":"WebPage","@id":"https:\/\/marktxxl.de\/markt\/produkt\/solar-gartenfackeln-4er-gabless-solarlampen-fuer-aussen-solar-flammenlicht-33led-solarleuchten-garten-aussen-mit-flammeneffekt-solar-gartenfackeln-lampen-fuer-terrasse-balkon-rasen-ip65-wasserdi\/","url":"https:\/\/marktxxl.de\/markt\/produkt\/solar-gartenfackeln-4er-gabless-solarlampen-fuer-aussen-solar-flammenlicht-33led-solarleuchten-garten-aussen-mit-flammeneffekt-solar-gartenfackeln-lampen-fuer-terrasse-balkon-rasen-ip65-wasserdi\/","name":"gabless Solar Gartenfackeln 4er, Solarlampen f\u00fcr Au\u00dfen, Solar Flammenlicht 33LED, Solarleuchten Garten au\u00dfen mit\u2026 - Markt-XXL","isPartOf":{"@id":"https:\/\/marktxxl.de\/markt\/#website"},"primaryImageOfPage":{"@id":"https:\/\/marktxxl.de\/markt\/produkt\/solar-gartenfackeln-4er-gabless-solarlampen-fuer-aussen-solar-flammenlicht-33led-solarleuchten-garten-aussen-mit-flammeneffekt-solar-gartenfackeln-lampen-fuer-terrasse-balkon-rasen-ip65-wasserdi\/#primaryimage"},"image":{"@id":"https:\/\/marktxxl.de\/markt\/produkt\/solar-gartenfackeln-4er-gabless-solarlampen-fuer-aussen-solar-flammenlicht-33led-solarleuchten-garten-aussen-mit-flammeneffekt-solar-gartenfackeln-lampen-fuer-terrasse-balkon-rasen-ip65-wasserdi\/#primaryimage"},"thumbnailUrl":"https:\/\/m.media-amazon.com\/images\/I\/51cEMGv+ShL._SL500_.jpg","datePublished":"2022-05-15T00:46:21+00:00","dateModified":"2023-04-09T01:26:57+00:00","description":"Markt-XXL gabless Solar Gartenfackeln 4er, Solarlampen f\u00fcr Au\u00dfen, Solar Flammenlicht 33LED, Solarleuchten Garten au\u00dfen mit\u2026","breadcrumb":{"@id":"https:\/\/marktxxl.de\/markt\/produkt\/solar-gartenfackeln-4er-gabless-solarlampen-fuer-aussen-solar-flammenlicht-33led-solarleuchten-garten-aussen-mit-flammeneffekt-solar-gartenfackeln-lampen-fuer-terrasse-balkon-rasen-ip65-wasserdi\/#breadcrumb"},"inLanguage":"de","potentialAction":[{"@type":"ReadAction","target":["https:\/\/marktxxl.de\/markt\/produkt\/solar-gartenfackeln-4er-gabless-solarlampen-fuer-aussen-solar-flammenlicht-33led-solarleuchten-garten-aussen-mit-flammeneffekt-solar-gartenfackeln-lampen-fuer-terrasse-balkon-rasen-ip65-wasserdi\/"]}]},{"@type":"ImageObject","inLanguage":"de","@id":"https:\/\/marktxxl.de\/markt\/produkt\/solar-gartenfackeln-4er-gabless-solarlampen-fuer-aussen-solar-flammenlicht-33led-solarleuchten-garten-aussen-mit-flammeneffekt-solar-gartenfackeln-lampen-fuer-terrasse-balkon-rasen-ip65-wasserdi\/#primaryimage","url":"https:\/\/m.media-amazon.com\/images\/I\/51cEMGv+ShL._SL500_.jpg","contentUrl":"https:\/\/m.media-amazon.com\/images\/I\/51cEMGv+ShL._SL500_.jpg","width":500,"height":500},{"@type":"BreadcrumbList","@id":"https:\/\/marktxxl.de\/markt\/produkt\/solar-gartenfackeln-4er-gabless-solarlampen-fuer-aussen-solar-flammenlicht-33led-solarleuchten-garten-aussen-mit-flammeneffekt-solar-gartenfackeln-lampen-fuer-terrasse-balkon-rasen-ip65-wasserdi\/#breadcrumb","itemListElement":[{"@type":"ListItem","position":1,"name":"Startseite","item":"https:\/\/marktxxl.de\/markt\/"},{"@type":"ListItem","position":2,"name":"Markt","item":"https:\/\/marktxxl.de\/markt\/"},{"@type":"ListItem","position":3,"name":"gabless Solar Gartenfackeln 4er, Solarlampen f\u00fcr Au\u00dfen, Solar Flammenlicht 33LED, Solarleuchten Garten au\u00dfen mit\u2026"}]},{"@type":"WebSite","@id":"https:\/\/marktxxl.de\/markt\/#website","url":"https:\/\/marktxxl.de\/markt\/","name":"Markt-XXL","description":"Ihr Markt Online","publisher":{"@id":"https:\/\/marktxxl.de\/markt\/#organization"},"potentialAction":[{"@type":"SearchAction","target":{"@type":"EntryPoint","urlTemplate":"https:\/\/marktxxl.de\/markt\/?s={search_term_string}"},"query-input":{"@type":"PropertyValueSpecification","valueRequired":true,"valueName":"search_term_string"}}],"inLanguage":"de"},{"@type":"Organization","@id":"https:\/\/marktxxl.de\/markt\/#organization","name":"Markt-XXL","url":"https:\/\/marktxxl.de\/markt\/","logo":{"@type":"ImageObject","inLanguage":"de","@id":"https:\/\/marktxxl.de\/markt\/#\/schema\/logo\/image\/","url":"https:\/\/marktxxl.de\/markt\/wp-content\/uploads\/sites\/3\/2020\/12\/logo.png","contentUrl":"https:\/\/marktxxl.de\/markt\/wp-content\/uploads\/sites\/3\/2020\/12\/logo.png","width":200,"height":70,"caption":"Markt-XXL"},"image":{"@id":"https:\/\/marktxxl.de\/markt\/#\/schema\/logo\/image\/"}}]}},"_links":{"self":[{"href":"https:\/\/marktxxl.de\/markt\/wp-json\/wp\/v2\/product\/119082","targetHints":{"allow":["GET"]}}],"collection":[{"href":"https:\/\/marktxxl.de\/markt\/wp-json\/wp\/v2\/product"}],"about":[{"href":"https:\/\/marktxxl.de\/markt\/wp-json\/wp\/v2\/types\/product"}],"replies":[{"embeddable":true,"href":"https:\/\/marktxxl.de\/markt\/wp-json\/wp\/v2\/comments?post=119082"}],"wp:featuredmedia":[{"embeddable":true,"href":"https:\/\/marktxxl.de\/markt\/wp-json\/wp\/v2\/media\/119083"}],"wp:attachment":[{"href":"https:\/\/marktxxl.de\/markt\/wp-json\/wp\/v2\/media?parent=119082"}],"wp:term":[{"taxonomy":"product_brand","embeddable":true,"href":"https:\/\/marktxxl.de\/markt\/wp-json\/wp\/v2\/product_brand?post=119082"},{"taxonomy":"product_cat","embeddable":true,"href":"https:\/\/marktxxl.de\/markt\/wp-json\/wp\/v2\/product_cat?post=119082"},{"taxonomy":"product_tag","embeddable":true,"href":"https:\/\/marktxxl.de\/markt\/wp-json\/wp\/v2\/product_tag?post=119082"}],"curies":[{"name":"wp","href":"https:\/\/api.w.org\/{rel}","templated":true}]}}