{"id":119055,"date":"2022-05-15T02:44:10","date_gmt":"2022-05-15T00:44:10","guid":{"rendered":"https:\/\/marktxxl.de\/markt\/produkt\/led-kerzen-mit-timerfunktion-led-teelichter-mit-fernbedienung-und-lichterkette-gross-led-candle-echtwachs-led-kerzen-einstellbare-helligkeit-2-modi-tanzende-flammewarmweiss\/"},"modified":"2023-04-09T03:26:56","modified_gmt":"2023-04-09T01:26:56","slug":"led-kerzen-mit-timerfunktion-led-teelichter-mit-fernbedienung-und-lichterkette-gross-led-candle-echtwachs-led-kerzen-einstellbare-helligkeit-2-modi-tanzende-flammewarmweiss","status":"publish","type":"product","link":"https:\/\/marktxxl.de\/markt\/produkt\/led-kerzen-mit-timerfunktion-led-teelichter-mit-fernbedienung-und-lichterkette-gross-led-candle-echtwachs-led-kerzen-einstellbare-helligkeit-2-modi-tanzende-flammewarmweiss\/","title":{"rendered":"INDARUN Led Kerzen mit Timerfunktion Led Teelichter mit Fernbedienung und Lichterkette Gro\u00df Led Candle Echtwachs Led\u2026"},"content":{"rendered":"<p>\ud83d\udca1 Neue eingebettete Starlight-String LED Kerzen: Jede elektrische kerze ist in eine silberne Lichterkette eingewickelt. Diese Lichterketten bestehen aus 12 bis 16 LEDs, um kleine, \u200bhelle Punkte und ein einzigartiges und charmantes Erscheinungsbild zu erzielen.<br \/>\n\ud83d\udca1 Fernbedienung mit Timer &amp; einstellbare Helligkeit: led teelichter mit fernbedienung kann die Helligkeit einstellen. Nachdem Sie den Timer eingestellt haben, z\u00fcnden Sie die Kerzen jeden Tag zur gleichen Zeit an, die Dauer betr\u00e4gt 2 Stunden \/ 4 Stunden \/ 6 Stunden \/ 8 Stunden.<br \/>\n\ud83d\udca1 Wie eine echte Flamme: Das elektronische LED-Kerzen \u00fcbernimmt die Flammensimulationstechnologie, Flackern und gl\u00fchen wie echte Kerzen und die, bringt die realistischste Erfahrung in jeden Raum. LED-Kerzen haben kein echtes Feuer und Sie m\u00fcssen sich keine Sorgen \u00fcber feuerbedingte Unf\u00e4lle machen.<br \/>\n\ud83d\udca1 Echtes Wachs (Elfenbeinfarbe): Echtes Wachs ist realer, kann einen weicheren \u200bund nat\u00fcrlicheren Glanz erzeugen. Die Form des Led Kerzen sehr sch\u00f6n. Nicht, wie bei vielen gerade, sondern etwas wellig. Diese Elfenbeinkerzen sind 10cm, 12.5cm, 15cm (7.5cm im Durchmesser) und jedes Set hat 3 abgestufte zylindrische Kerzen.<br \/>\n\ud83d\udca1 Batteriebetrieben: Jede Kerze wird mit 2 AA-Batterien (nicht im Lieferumfang enthalten) betrieben. Echtwachs led kerzen ist f\u00fcr alle Arten von Kerzenhaltern geeignet und kann als Nachtlicht verwendet werden. Es kann allgemein angewandt werden zum geburtstag &amp; zu weihnachten &amp; wohnaccessoires &amp; bars &amp; hotels &amp; partys &amp; urlaub&amp; hochzeit oder anderen anl\u00e4ssen.<br \/>\n<div class=\"main-cross-sell\" data-asin=\"B0957FNGXY\">\n\n\t<div class=\"WooZone-cross-sell-loader\">\n\t\t<div>\n\t\t\t<div id=\"floatingBarsG\">\n\t\t\t\t<div class=\"blockG\" id=\"rotateG_01\"><\/div>\n\t\t\t\t<div class=\"blockG\" id=\"rotateG_02\"><\/div>\n\t\t\t\t<div class=\"blockG\" id=\"rotateG_03\"><\/div>\n\t\t\t\t<div class=\"blockG\" id=\"rotateG_04\"><\/div>\n\t\t\t\t<div class=\"blockG\" id=\"rotateG_05\"><\/div>\n\t\t\t\t<div class=\"blockG\" id=\"rotateG_06\"><\/div>\n\t\t\t\t<div class=\"blockG\" id=\"rotateG_07\"><\/div>\n\t\t\t\t<div class=\"blockG\" id=\"rotateG_08\"><\/div>\n\t\t\t<\/div>\n\t\t\t<div class=\"WooZone-cross-sell-loader-text\"><\/div>\n\t\t<\/div>\n\t<\/div>\n\n\t\t\n<\/div>\n<div style=\"clear:both;\"><\/div><\/p>\n","protected":false},"excerpt":{"rendered":"<p>\ud83d\udca1 Neue eingebettete Starlight-String LED Kerzen: Jede elektrische kerze ist in eine silberne Lichterkette eingewickelt. Diese Lichterketten bestehen aus 12 bis 16 LEDs, um kleine, \u200bhelle Punkte und ein einzigartiges und charmantes Erscheinungsbild zu erzielen.<br \/>\n\ud83d\udca1 Fernbedienung mit Timer &amp; einstellbare Helligkeit: led teelichter mit fernbedienung kann die Helligkeit einstellen. Nachdem Sie den Timer eingestellt haben, z\u00fcnden Sie die Kerzen jeden Tag zur gleichen Zeit an, die Dauer betr\u00e4gt 2 Stunden \/ 4 Stunden \/ 6 Stunden \/ 8 Stunden.<br \/>\n\ud83d\udca1 Wie eine echte Flamme: Das elektronische LED-Kerzen \u00fcbernimmt die Flammensimulationstechnologie, Flackern und gl\u00fchen wie echte Kerzen und die, bringt die realistischste Erfahrung in jeden Raum. LED-Kerzen haben kein echtes Feuer und Sie m\u00fcssen sich keine Sorgen \u00fcber feuerbedingte Unf\u00e4lle machen.<\/p>\n","protected":false},"featured_media":119056,"comment_status":"open","ping_status":"closed","template":"","meta":[],"product_brand":[],"product_cat":[11446,2108],"product_tag":[],"class_list":{"0":"post-119055","1":"product","2":"type-product","3":"status-publish","4":"has-post-thumbnail","6":"product_cat-aussenbeleuchtung","7":"product_cat-beleuchtung","8":"pa_brand-indarun","9":"pa_manufacturer-indarun","10":"pa_warranty-1-year-warranty","12":"first","13":"instock","14":"shipping-taxable","15":"purchasable","16":"product-type-simple","17":"customify-col","18":"product-has-gallery"},"yoast_head":"<!-- This site is optimized with the Yoast SEO plugin v27.4 - https:\/\/yoast.com\/product\/yoast-seo-wordpress\/ -->\n<title>INDARUN Led Kerzen mit Timerfunktion Led Teelichter mit Fernbedienung und Lichterkette Gro\u00df Led Candle Echtwachs Led\u2026 - Markt-XXL<\/title>\n<meta name=\"description\" content=\"Markt-XXL INDARUN Led Kerzen mit Timerfunktion Led Teelichter mit Fernbedienung und Lichterkette Gro\u00df Led Candle Echtwachs Led\u2026\" \/>\n<meta name=\"robots\" content=\"index, follow, max-snippet:-1, max-image-preview:large, max-video-preview:-1\" \/>\n<link rel=\"canonical\" href=\"https:\/\/marktxxl.de\/markt\/produkt\/led-kerzen-mit-timerfunktion-led-teelichter-mit-fernbedienung-und-lichterkette-gross-led-candle-echtwachs-led-kerzen-einstellbare-helligkeit-2-modi-tanzende-flammewarmweiss\/\" \/>\n<meta property=\"og:locale\" content=\"de_DE\" \/>\n<meta property=\"og:type\" content=\"article\" \/>\n<meta property=\"og:title\" content=\"INDARUN Led Kerzen mit Timerfunktion Led Teelichter mit Fernbedienung und Lichterkette Gro\u00df Led Candle Echtwachs Led\u2026 - Markt-XXL\" \/>\n<meta property=\"og:description\" content=\"Markt-XXL INDARUN Led Kerzen mit Timerfunktion Led Teelichter mit Fernbedienung und Lichterkette Gro\u00df Led Candle Echtwachs Led\u2026\" \/>\n<meta property=\"og:url\" content=\"https:\/\/marktxxl.de\/markt\/produkt\/led-kerzen-mit-timerfunktion-led-teelichter-mit-fernbedienung-und-lichterkette-gross-led-candle-echtwachs-led-kerzen-einstellbare-helligkeit-2-modi-tanzende-flammewarmweiss\/\" \/>\n<meta property=\"og:site_name\" content=\"Markt-XXL\" \/>\n<meta property=\"article:modified_time\" content=\"2023-04-09T01:26:56+00:00\" \/>\n<meta property=\"og:image\" content=\"https:\/\/m.media-amazon.com\/images\/I\/41sfNvMfWqS._SL500_.jpg\" \/>\n\t<meta property=\"og:image:width\" content=\"500\" \/>\n\t<meta property=\"og:image:height\" content=\"500\" \/>\n\t<meta property=\"og:image:type\" content=\"image\/jpeg\" \/>\n<meta name=\"twitter:card\" content=\"summary_large_image\" \/>\n<meta name=\"twitter:label1\" content=\"Gesch\u00e4tzte Lesezeit\" \/>\n\t<meta name=\"twitter:data1\" content=\"1\u00a0Minute\" \/>\n<script type=\"application\/ld+json\" class=\"yoast-schema-graph\">{\"@context\":\"https:\\\/\\\/schema.org\",\"@graph\":[{\"@type\":\"WebPage\",\"@id\":\"https:\\\/\\\/marktxxl.de\\\/markt\\\/produkt\\\/led-kerzen-mit-timerfunktion-led-teelichter-mit-fernbedienung-und-lichterkette-gross-led-candle-echtwachs-led-kerzen-einstellbare-helligkeit-2-modi-tanzende-flammewarmweiss\\\/\",\"url\":\"https:\\\/\\\/marktxxl.de\\\/markt\\\/produkt\\\/led-kerzen-mit-timerfunktion-led-teelichter-mit-fernbedienung-und-lichterkette-gross-led-candle-echtwachs-led-kerzen-einstellbare-helligkeit-2-modi-tanzende-flammewarmweiss\\\/\",\"name\":\"INDARUN Led Kerzen mit Timerfunktion Led Teelichter mit Fernbedienung und Lichterkette Gro\u00df Led Candle Echtwachs Led\u2026 - Markt-XXL\",\"isPartOf\":{\"@id\":\"https:\\\/\\\/marktxxl.de\\\/markt\\\/#website\"},\"primaryImageOfPage\":{\"@id\":\"https:\\\/\\\/marktxxl.de\\\/markt\\\/produkt\\\/led-kerzen-mit-timerfunktion-led-teelichter-mit-fernbedienung-und-lichterkette-gross-led-candle-echtwachs-led-kerzen-einstellbare-helligkeit-2-modi-tanzende-flammewarmweiss\\\/#primaryimage\"},\"image\":{\"@id\":\"https:\\\/\\\/marktxxl.de\\\/markt\\\/produkt\\\/led-kerzen-mit-timerfunktion-led-teelichter-mit-fernbedienung-und-lichterkette-gross-led-candle-echtwachs-led-kerzen-einstellbare-helligkeit-2-modi-tanzende-flammewarmweiss\\\/#primaryimage\"},\"thumbnailUrl\":\"https:\\\/\\\/m.media-amazon.com\\\/images\\\/I\\\/41sfNvMfWqS._SL500_.jpg\",\"datePublished\":\"2022-05-15T00:44:10+00:00\",\"dateModified\":\"2023-04-09T01:26:56+00:00\",\"description\":\"Markt-XXL INDARUN Led Kerzen mit Timerfunktion Led Teelichter mit Fernbedienung und Lichterkette Gro\u00df Led Candle Echtwachs Led\u2026\",\"breadcrumb\":{\"@id\":\"https:\\\/\\\/marktxxl.de\\\/markt\\\/produkt\\\/led-kerzen-mit-timerfunktion-led-teelichter-mit-fernbedienung-und-lichterkette-gross-led-candle-echtwachs-led-kerzen-einstellbare-helligkeit-2-modi-tanzende-flammewarmweiss\\\/#breadcrumb\"},\"inLanguage\":\"de\",\"potentialAction\":[{\"@type\":\"ReadAction\",\"target\":[\"https:\\\/\\\/marktxxl.de\\\/markt\\\/produkt\\\/led-kerzen-mit-timerfunktion-led-teelichter-mit-fernbedienung-und-lichterkette-gross-led-candle-echtwachs-led-kerzen-einstellbare-helligkeit-2-modi-tanzende-flammewarmweiss\\\/\"]}]},{\"@type\":\"ImageObject\",\"inLanguage\":\"de\",\"@id\":\"https:\\\/\\\/marktxxl.de\\\/markt\\\/produkt\\\/led-kerzen-mit-timerfunktion-led-teelichter-mit-fernbedienung-und-lichterkette-gross-led-candle-echtwachs-led-kerzen-einstellbare-helligkeit-2-modi-tanzende-flammewarmweiss\\\/#primaryimage\",\"url\":\"https:\\\/\\\/m.media-amazon.com\\\/images\\\/I\\\/41sfNvMfWqS._SL500_.jpg\",\"contentUrl\":\"https:\\\/\\\/m.media-amazon.com\\\/images\\\/I\\\/41sfNvMfWqS._SL500_.jpg\",\"width\":500,\"height\":500},{\"@type\":\"BreadcrumbList\",\"@id\":\"https:\\\/\\\/marktxxl.de\\\/markt\\\/produkt\\\/led-kerzen-mit-timerfunktion-led-teelichter-mit-fernbedienung-und-lichterkette-gross-led-candle-echtwachs-led-kerzen-einstellbare-helligkeit-2-modi-tanzende-flammewarmweiss\\\/#breadcrumb\",\"itemListElement\":[{\"@type\":\"ListItem\",\"position\":1,\"name\":\"Startseite\",\"item\":\"https:\\\/\\\/marktxxl.de\\\/markt\\\/\"},{\"@type\":\"ListItem\",\"position\":2,\"name\":\"Markt\",\"item\":\"https:\\\/\\\/marktxxl.de\\\/markt\\\/\"},{\"@type\":\"ListItem\",\"position\":3,\"name\":\"INDARUN Led Kerzen mit Timerfunktion Led Teelichter mit Fernbedienung und Lichterkette Gro\u00df Led Candle Echtwachs Led\u2026\"}]},{\"@type\":\"WebSite\",\"@id\":\"https:\\\/\\\/marktxxl.de\\\/markt\\\/#website\",\"url\":\"https:\\\/\\\/marktxxl.de\\\/markt\\\/\",\"name\":\"Markt-XXL\",\"description\":\"Ihr Markt Online\",\"publisher\":{\"@id\":\"https:\\\/\\\/marktxxl.de\\\/markt\\\/#organization\"},\"potentialAction\":[{\"@type\":\"SearchAction\",\"target\":{\"@type\":\"EntryPoint\",\"urlTemplate\":\"https:\\\/\\\/marktxxl.de\\\/markt\\\/?s={search_term_string}\"},\"query-input\":{\"@type\":\"PropertyValueSpecification\",\"valueRequired\":true,\"valueName\":\"search_term_string\"}}],\"inLanguage\":\"de\"},{\"@type\":\"Organization\",\"@id\":\"https:\\\/\\\/marktxxl.de\\\/markt\\\/#organization\",\"name\":\"Markt-XXL\",\"url\":\"https:\\\/\\\/marktxxl.de\\\/markt\\\/\",\"logo\":{\"@type\":\"ImageObject\",\"inLanguage\":\"de\",\"@id\":\"https:\\\/\\\/marktxxl.de\\\/markt\\\/#\\\/schema\\\/logo\\\/image\\\/\",\"url\":\"https:\\\/\\\/marktxxl.de\\\/markt\\\/wp-content\\\/uploads\\\/sites\\\/3\\\/2020\\\/12\\\/logo.png\",\"contentUrl\":\"https:\\\/\\\/marktxxl.de\\\/markt\\\/wp-content\\\/uploads\\\/sites\\\/3\\\/2020\\\/12\\\/logo.png\",\"width\":200,\"height\":70,\"caption\":\"Markt-XXL\"},\"image\":{\"@id\":\"https:\\\/\\\/marktxxl.de\\\/markt\\\/#\\\/schema\\\/logo\\\/image\\\/\"}}]}<\/script>\n<!-- \/ Yoast SEO plugin. -->","yoast_head_json":{"title":"INDARUN Led Kerzen mit Timerfunktion Led Teelichter mit Fernbedienung und Lichterkette Gro\u00df Led Candle Echtwachs Led\u2026 - Markt-XXL","description":"Markt-XXL INDARUN Led Kerzen mit Timerfunktion Led Teelichter mit Fernbedienung und Lichterkette Gro\u00df Led Candle Echtwachs Led\u2026","robots":{"index":"index","follow":"follow","max-snippet":"max-snippet:-1","max-image-preview":"max-image-preview:large","max-video-preview":"max-video-preview:-1"},"canonical":"https:\/\/marktxxl.de\/markt\/produkt\/led-kerzen-mit-timerfunktion-led-teelichter-mit-fernbedienung-und-lichterkette-gross-led-candle-echtwachs-led-kerzen-einstellbare-helligkeit-2-modi-tanzende-flammewarmweiss\/","og_locale":"de_DE","og_type":"article","og_title":"INDARUN Led Kerzen mit Timerfunktion Led Teelichter mit Fernbedienung und Lichterkette Gro\u00df Led Candle Echtwachs Led\u2026 - Markt-XXL","og_description":"Markt-XXL INDARUN Led Kerzen mit Timerfunktion Led Teelichter mit Fernbedienung und Lichterkette Gro\u00df Led Candle Echtwachs Led\u2026","og_url":"https:\/\/marktxxl.de\/markt\/produkt\/led-kerzen-mit-timerfunktion-led-teelichter-mit-fernbedienung-und-lichterkette-gross-led-candle-echtwachs-led-kerzen-einstellbare-helligkeit-2-modi-tanzende-flammewarmweiss\/","og_site_name":"Markt-XXL","article_modified_time":"2023-04-09T01:26:56+00:00","og_image":[{"width":500,"height":500,"url":"https:\/\/m.media-amazon.com\/images\/I\/41sfNvMfWqS._SL500_.jpg","type":"image\/jpeg"}],"twitter_card":"summary_large_image","twitter_misc":{"Gesch\u00e4tzte Lesezeit":"1\u00a0Minute"},"schema":{"@context":"https:\/\/schema.org","@graph":[{"@type":"WebPage","@id":"https:\/\/marktxxl.de\/markt\/produkt\/led-kerzen-mit-timerfunktion-led-teelichter-mit-fernbedienung-und-lichterkette-gross-led-candle-echtwachs-led-kerzen-einstellbare-helligkeit-2-modi-tanzende-flammewarmweiss\/","url":"https:\/\/marktxxl.de\/markt\/produkt\/led-kerzen-mit-timerfunktion-led-teelichter-mit-fernbedienung-und-lichterkette-gross-led-candle-echtwachs-led-kerzen-einstellbare-helligkeit-2-modi-tanzende-flammewarmweiss\/","name":"INDARUN Led Kerzen mit Timerfunktion Led Teelichter mit Fernbedienung und Lichterkette Gro\u00df Led Candle Echtwachs Led\u2026 - Markt-XXL","isPartOf":{"@id":"https:\/\/marktxxl.de\/markt\/#website"},"primaryImageOfPage":{"@id":"https:\/\/marktxxl.de\/markt\/produkt\/led-kerzen-mit-timerfunktion-led-teelichter-mit-fernbedienung-und-lichterkette-gross-led-candle-echtwachs-led-kerzen-einstellbare-helligkeit-2-modi-tanzende-flammewarmweiss\/#primaryimage"},"image":{"@id":"https:\/\/marktxxl.de\/markt\/produkt\/led-kerzen-mit-timerfunktion-led-teelichter-mit-fernbedienung-und-lichterkette-gross-led-candle-echtwachs-led-kerzen-einstellbare-helligkeit-2-modi-tanzende-flammewarmweiss\/#primaryimage"},"thumbnailUrl":"https:\/\/m.media-amazon.com\/images\/I\/41sfNvMfWqS._SL500_.jpg","datePublished":"2022-05-15T00:44:10+00:00","dateModified":"2023-04-09T01:26:56+00:00","description":"Markt-XXL INDARUN Led Kerzen mit Timerfunktion Led Teelichter mit Fernbedienung und Lichterkette Gro\u00df Led Candle Echtwachs Led\u2026","breadcrumb":{"@id":"https:\/\/marktxxl.de\/markt\/produkt\/led-kerzen-mit-timerfunktion-led-teelichter-mit-fernbedienung-und-lichterkette-gross-led-candle-echtwachs-led-kerzen-einstellbare-helligkeit-2-modi-tanzende-flammewarmweiss\/#breadcrumb"},"inLanguage":"de","potentialAction":[{"@type":"ReadAction","target":["https:\/\/marktxxl.de\/markt\/produkt\/led-kerzen-mit-timerfunktion-led-teelichter-mit-fernbedienung-und-lichterkette-gross-led-candle-echtwachs-led-kerzen-einstellbare-helligkeit-2-modi-tanzende-flammewarmweiss\/"]}]},{"@type":"ImageObject","inLanguage":"de","@id":"https:\/\/marktxxl.de\/markt\/produkt\/led-kerzen-mit-timerfunktion-led-teelichter-mit-fernbedienung-und-lichterkette-gross-led-candle-echtwachs-led-kerzen-einstellbare-helligkeit-2-modi-tanzende-flammewarmweiss\/#primaryimage","url":"https:\/\/m.media-amazon.com\/images\/I\/41sfNvMfWqS._SL500_.jpg","contentUrl":"https:\/\/m.media-amazon.com\/images\/I\/41sfNvMfWqS._SL500_.jpg","width":500,"height":500},{"@type":"BreadcrumbList","@id":"https:\/\/marktxxl.de\/markt\/produkt\/led-kerzen-mit-timerfunktion-led-teelichter-mit-fernbedienung-und-lichterkette-gross-led-candle-echtwachs-led-kerzen-einstellbare-helligkeit-2-modi-tanzende-flammewarmweiss\/#breadcrumb","itemListElement":[{"@type":"ListItem","position":1,"name":"Startseite","item":"https:\/\/marktxxl.de\/markt\/"},{"@type":"ListItem","position":2,"name":"Markt","item":"https:\/\/marktxxl.de\/markt\/"},{"@type":"ListItem","position":3,"name":"INDARUN Led Kerzen mit Timerfunktion Led Teelichter mit Fernbedienung und Lichterkette Gro\u00df Led Candle Echtwachs Led\u2026"}]},{"@type":"WebSite","@id":"https:\/\/marktxxl.de\/markt\/#website","url":"https:\/\/marktxxl.de\/markt\/","name":"Markt-XXL","description":"Ihr Markt Online","publisher":{"@id":"https:\/\/marktxxl.de\/markt\/#organization"},"potentialAction":[{"@type":"SearchAction","target":{"@type":"EntryPoint","urlTemplate":"https:\/\/marktxxl.de\/markt\/?s={search_term_string}"},"query-input":{"@type":"PropertyValueSpecification","valueRequired":true,"valueName":"search_term_string"}}],"inLanguage":"de"},{"@type":"Organization","@id":"https:\/\/marktxxl.de\/markt\/#organization","name":"Markt-XXL","url":"https:\/\/marktxxl.de\/markt\/","logo":{"@type":"ImageObject","inLanguage":"de","@id":"https:\/\/marktxxl.de\/markt\/#\/schema\/logo\/image\/","url":"https:\/\/marktxxl.de\/markt\/wp-content\/uploads\/sites\/3\/2020\/12\/logo.png","contentUrl":"https:\/\/marktxxl.de\/markt\/wp-content\/uploads\/sites\/3\/2020\/12\/logo.png","width":200,"height":70,"caption":"Markt-XXL"},"image":{"@id":"https:\/\/marktxxl.de\/markt\/#\/schema\/logo\/image\/"}}]}},"_links":{"self":[{"href":"https:\/\/marktxxl.de\/markt\/wp-json\/wp\/v2\/product\/119055","targetHints":{"allow":["GET"]}}],"collection":[{"href":"https:\/\/marktxxl.de\/markt\/wp-json\/wp\/v2\/product"}],"about":[{"href":"https:\/\/marktxxl.de\/markt\/wp-json\/wp\/v2\/types\/product"}],"replies":[{"embeddable":true,"href":"https:\/\/marktxxl.de\/markt\/wp-json\/wp\/v2\/comments?post=119055"}],"wp:featuredmedia":[{"embeddable":true,"href":"https:\/\/marktxxl.de\/markt\/wp-json\/wp\/v2\/media\/119056"}],"wp:attachment":[{"href":"https:\/\/marktxxl.de\/markt\/wp-json\/wp\/v2\/media?parent=119055"}],"wp:term":[{"taxonomy":"product_brand","embeddable":true,"href":"https:\/\/marktxxl.de\/markt\/wp-json\/wp\/v2\/product_brand?post=119055"},{"taxonomy":"product_cat","embeddable":true,"href":"https:\/\/marktxxl.de\/markt\/wp-json\/wp\/v2\/product_cat?post=119055"},{"taxonomy":"product_tag","embeddable":true,"href":"https:\/\/marktxxl.de\/markt\/wp-json\/wp\/v2\/product_tag?post=119055"}],"curies":[{"name":"wp","href":"https:\/\/api.w.org\/{rel}","templated":true}]}}