{"id":118930,"date":"2022-05-15T02:40:43","date_gmt":"2022-05-15T00:40:43","guid":{"rendered":"https:\/\/marktxxl.de\/markt\/produkt\/solarlampen-fuer-aussen-garten-2-stueck-solar-aussenleuchte-mit-bewegungsmelder-ip54-wasserdicht-2-modi-dimmbar-wandleuchte-ausenbeleutung-hauswand-deko-klassisches-design\/"},"modified":"2023-04-09T03:26:54","modified_gmt":"2023-04-09T01:26:54","slug":"solarlampen-fuer-aussen-garten-2-stueck-solar-aussenleuchte-mit-bewegungsmelder-ip54-wasserdicht-2-modi-dimmbar-wandleuchte-ausenbeleutung-hauswand-deko-klassisches-design","status":"publish","type":"product","link":"https:\/\/marktxxl.de\/markt\/produkt\/solarlampen-fuer-aussen-garten-2-stueck-solar-aussenleuchte-mit-bewegungsmelder-ip54-wasserdicht-2-modi-dimmbar-wandleuchte-ausenbeleutung-hauswand-deko-klassisches-design\/","title":{"rendered":"Octobermoon Solar Wandleuchten Au\u00dfen, 2 St\u00fcck Solar Aussenleuchte mit Bewegungsmelder, IP54 Wasserdicht 2 Modi Dimmbar\u2026"},"content":{"rendered":"<p>\ud83d\udca1Solar-wiederaufladbare Wandleuchte\uff1a Solarlampen f\u00fcr au\u00dfen im Retro-Design, eingebaute Sicherheits-Lithiumbatterie, Kapazit\u00e4t 1200 mA, ausgestattet mit monokristallinem Solarpanel, Solarenergie-Umwandlungsrate erreicht 19 %, im Sommer, Solar-Ladung 5-6 Stunden w\u00e4hrend des Tages kann die ganze Nacht Beleuchtung 8-10 Stunden im Winter Auch an Regentagen einsetzba. 2 St\u00fcck E14 Warmlicht-wandlampe mit angenehmem Licht und guter Helligkeit.<br \/>\n\ud83d\udca1Solarlampen mit Bewegungsmelder: Eingebauter starker Lichtsensor und pr\u00e4ziser PIR-Bewegungssensor, Solarleuchte f\u00fcr den Au\u00dfenbereich hat eine Erkennungsreichweite von 3-7 Metern und einen Erkennungswinkel von 120 Grad.Wenn eine Bewegung erkannt wird, wechselt das Licht automatisch in den Highlight-Modus. Die Solarleuchten f\u00fcr den Au\u00dfenbereich k\u00f6nnen Ihren Garten in einen magischen Ort verwandeln, der sich perfekt f\u00fcr Unterhaltung oder Entspannung nach Einbruch der Dunkelheit eignet.<br \/>\n\ud83d\udca12 Intelligenten Beleuchtungsmodi: \u2460Dim-Light-Sensor-Modus: Nachdem der Schalter eingeschaltet wurde und Dunkelheit erkannt wird, wird der Dim-Light-Sensor-Modus eingeschaltet, das Low-Light ist immer eingeschaltet und leuchtet automatisch.\u2461starke Lichtsensor-Modus: Wenn eine Bewegung erkannt wird, wechselt es zusammen mit dem Bewegungserkennungsmodus in den Hervorhebungsmodus von 20 Sekunden, und es wird zum Modus mit geringer Helligkeit, wenn nach 20 Sekunden keine Bewegung erfolgt.<br \/>\n\ud83d\udca1IP54 Wasserdichte Solarleuchte\uff1aIn anbedacht des anhaltenden Schmuddelwetters und der gef\u00fchlt sehr dunklen N\u00e4chte muss jede Familie eine Solar-Wandleuchte brauchen. Und Wasserfestigkeit ist sowohl aus Sicherheitsgr\u00fcnden wichtig als auch um zu verhindern, dass die Leuchten bei N\u00e4sse besch\u00e4digt werden.Hergestellt aus hochwertigem ABS und transparenter PC-Abdeckung, unsere solarlampen mit IP54-Wasserdichtigkeit funktionieren, um das Leuchtmittel besser zu sch\u00fctzen.<br \/>\n\ud83d\udca1Einfache Installation: Bohren Sie zwei Punkte mit Positionierungspapier. Schlagen Sie die S\u00e4ulenscharniere vorsichtig in das Loch und befestigen Sie zwei Schrauben in den S\u00e4ulenscharnieren. H\u00e4ngen Sie dann die Lampe an die Schrauben.Keine Verkabelung erforderlich. Energieeinsparung und Umweltschutz.<br \/>\n<div class=\"main-cross-sell\" data-asin=\"B09TFMDQFP\">\n\n\t<div class=\"WooZone-cross-sell-loader\">\n\t\t<div>\n\t\t\t<div id=\"floatingBarsG\">\n\t\t\t\t<div class=\"blockG\" id=\"rotateG_01\"><\/div>\n\t\t\t\t<div class=\"blockG\" id=\"rotateG_02\"><\/div>\n\t\t\t\t<div class=\"blockG\" id=\"rotateG_03\"><\/div>\n\t\t\t\t<div class=\"blockG\" id=\"rotateG_04\"><\/div>\n\t\t\t\t<div class=\"blockG\" id=\"rotateG_05\"><\/div>\n\t\t\t\t<div class=\"blockG\" id=\"rotateG_06\"><\/div>\n\t\t\t\t<div class=\"blockG\" id=\"rotateG_07\"><\/div>\n\t\t\t\t<div class=\"blockG\" id=\"rotateG_08\"><\/div>\n\t\t\t<\/div>\n\t\t\t<div class=\"WooZone-cross-sell-loader-text\"><\/div>\n\t\t<\/div>\n\t<\/div>\n\n\t\t\n<\/div>\n<div style=\"clear:both;\"><\/div><\/p>\n","protected":false},"excerpt":{"rendered":"<p>\ud83d\udca1Solar-wiederaufladbare Wandleuchte\uff1a Solarlampen f\u00fcr au\u00dfen im Retro-Design, eingebaute Sicherheits-Lithiumbatterie, Kapazit\u00e4t 1200 mA, ausgestattet mit monokristallinem Solarpanel, Solarenergie-Umwandlungsrate erreicht 19 %, im Sommer, Solar-Ladung 5-6 Stunden w\u00e4hrend des Tages kann die ganze Nacht Beleuchtung 8-10 Stunden im Winter Auch an Regentagen einsetzba. 2 St\u00fcck E14 Warmlicht-wandlampe mit angenehmem Licht und guter Helligkeit.<br \/>\n\ud83d\udca1Solarlampen mit Bewegungsmelder: Eingebauter starker Lichtsensor und pr\u00e4ziser PIR-Bewegungssensor, Solarleuchte f\u00fcr den Au\u00dfenbereich hat eine Erkennungsreichweite von 3-7 Metern und einen Erkennungswinkel von 120 Grad.Wenn eine Bewegung erkannt wird, wechselt das Licht automatisch in den Highlight-Modus. Die Solarleuchten f\u00fcr den Au\u00dfenbereich k\u00f6nnen Ihren Garten in einen magischen Ort verwandeln, der sich perfekt f\u00fcr Unterhaltung oder Entspannung nach Einbruch der Dunkelheit eignet.<br \/>\n\ud83d\udca12 Intelligenten Beleuchtungsmodi: \u2460Dim-Light-Sensor-Modus: Nachdem der Schalter eingeschaltet wurde und Dunkelheit erkannt wird, wird der Dim-Light-Sensor-Modus eingeschaltet, das Low-Light ist immer eingeschaltet und leuchtet automatisch.\u2461starke Lichtsensor-Modus: Wenn eine Bewegung erkannt wird, wechselt es zusammen mit dem Bewegungserkennungsmodus in den Hervorhebungsmodus von 20 Sekunden, und es wird zum Modus mit geringer Helligkeit, wenn nach 20 Sekunden keine Bewegung erfolgt.<\/p>\n","protected":false},"featured_media":118931,"comment_status":"open","ping_status":"closed","template":"","meta":[],"product_brand":[],"product_cat":[11446,2108],"product_tag":[],"class_list":{"0":"post-118930","1":"product","2":"type-product","3":"status-publish","4":"has-post-thumbnail","6":"product_cat-aussenbeleuchtung","7":"product_cat-beleuchtung","8":"pa_brand-octobermoon","9":"pa_color-braun","10":"pa_height-3-26771-zoll","11":"pa_length-6-65353-zoll","12":"pa_manufacturer-shenzhen-ennoplus-technology-co-ltd","13":"pa_model-slw0801","14":"pa_width-7-566914-zoll","16":"first","17":"instock","18":"shipping-taxable","19":"purchasable","20":"product-type-simple","21":"customify-col","22":"product-has-gallery"},"yoast_head":"<!-- This site is optimized with the Yoast SEO plugin v27.4 - https:\/\/yoast.com\/product\/yoast-seo-wordpress\/ -->\n<title>Octobermoon Solar Wandleuchten Au\u00dfen, 2 St\u00fcck Solar Aussenleuchte mit Bewegungsmelder, IP54 Wasserdicht 2 Modi Dimmbar\u2026 - Markt-XXL<\/title>\n<meta name=\"description\" content=\"Markt-XXL Octobermoon Solar Wandleuchten Au\u00dfen, 2 St\u00fcck Solar Aussenleuchte mit Bewegungsmelder, IP54 Wasserdicht 2 Modi Dimmbar\u2026\" \/>\n<meta name=\"robots\" content=\"index, follow, max-snippet:-1, max-image-preview:large, max-video-preview:-1\" \/>\n<link rel=\"canonical\" href=\"https:\/\/marktxxl.de\/markt\/produkt\/solarlampen-fuer-aussen-garten-2-stueck-solar-aussenleuchte-mit-bewegungsmelder-ip54-wasserdicht-2-modi-dimmbar-wandleuchte-ausenbeleutung-hauswand-deko-klassisches-design\/\" \/>\n<meta property=\"og:locale\" content=\"de_DE\" \/>\n<meta property=\"og:type\" content=\"article\" \/>\n<meta property=\"og:title\" content=\"Octobermoon Solar Wandleuchten Au\u00dfen, 2 St\u00fcck Solar Aussenleuchte mit Bewegungsmelder, IP54 Wasserdicht 2 Modi Dimmbar\u2026 - Markt-XXL\" \/>\n<meta property=\"og:description\" content=\"Markt-XXL Octobermoon Solar Wandleuchten Au\u00dfen, 2 St\u00fcck Solar Aussenleuchte mit Bewegungsmelder, IP54 Wasserdicht 2 Modi Dimmbar\u2026\" \/>\n<meta property=\"og:url\" content=\"https:\/\/marktxxl.de\/markt\/produkt\/solarlampen-fuer-aussen-garten-2-stueck-solar-aussenleuchte-mit-bewegungsmelder-ip54-wasserdicht-2-modi-dimmbar-wandleuchte-ausenbeleutung-hauswand-deko-klassisches-design\/\" \/>\n<meta property=\"og:site_name\" content=\"Markt-XXL\" \/>\n<meta property=\"article:modified_time\" content=\"2023-04-09T01:26:54+00:00\" \/>\n<meta property=\"og:image\" content=\"https:\/\/m.media-amazon.com\/images\/I\/41h3NDo0YTL._SL500_.jpg\" \/>\n\t<meta property=\"og:image:width\" content=\"500\" \/>\n\t<meta property=\"og:image:height\" content=\"500\" \/>\n\t<meta property=\"og:image:type\" content=\"image\/jpeg\" \/>\n<meta name=\"twitter:card\" content=\"summary_large_image\" \/>\n<meta name=\"twitter:label1\" content=\"Gesch\u00e4tzte Lesezeit\" \/>\n\t<meta name=\"twitter:data1\" content=\"1\u00a0Minute\" \/>\n<script type=\"application\/ld+json\" class=\"yoast-schema-graph\">{\"@context\":\"https:\\\/\\\/schema.org\",\"@graph\":[{\"@type\":\"WebPage\",\"@id\":\"https:\\\/\\\/marktxxl.de\\\/markt\\\/produkt\\\/solarlampen-fuer-aussen-garten-2-stueck-solar-aussenleuchte-mit-bewegungsmelder-ip54-wasserdicht-2-modi-dimmbar-wandleuchte-ausenbeleutung-hauswand-deko-klassisches-design\\\/\",\"url\":\"https:\\\/\\\/marktxxl.de\\\/markt\\\/produkt\\\/solarlampen-fuer-aussen-garten-2-stueck-solar-aussenleuchte-mit-bewegungsmelder-ip54-wasserdicht-2-modi-dimmbar-wandleuchte-ausenbeleutung-hauswand-deko-klassisches-design\\\/\",\"name\":\"Octobermoon Solar Wandleuchten Au\u00dfen, 2 St\u00fcck Solar Aussenleuchte mit Bewegungsmelder, IP54 Wasserdicht 2 Modi Dimmbar\u2026 - Markt-XXL\",\"isPartOf\":{\"@id\":\"https:\\\/\\\/marktxxl.de\\\/markt\\\/#website\"},\"primaryImageOfPage\":{\"@id\":\"https:\\\/\\\/marktxxl.de\\\/markt\\\/produkt\\\/solarlampen-fuer-aussen-garten-2-stueck-solar-aussenleuchte-mit-bewegungsmelder-ip54-wasserdicht-2-modi-dimmbar-wandleuchte-ausenbeleutung-hauswand-deko-klassisches-design\\\/#primaryimage\"},\"image\":{\"@id\":\"https:\\\/\\\/marktxxl.de\\\/markt\\\/produkt\\\/solarlampen-fuer-aussen-garten-2-stueck-solar-aussenleuchte-mit-bewegungsmelder-ip54-wasserdicht-2-modi-dimmbar-wandleuchte-ausenbeleutung-hauswand-deko-klassisches-design\\\/#primaryimage\"},\"thumbnailUrl\":\"https:\\\/\\\/m.media-amazon.com\\\/images\\\/I\\\/41h3NDo0YTL._SL500_.jpg\",\"datePublished\":\"2022-05-15T00:40:43+00:00\",\"dateModified\":\"2023-04-09T01:26:54+00:00\",\"description\":\"Markt-XXL Octobermoon Solar Wandleuchten Au\u00dfen, 2 St\u00fcck Solar Aussenleuchte mit Bewegungsmelder, IP54 Wasserdicht 2 Modi Dimmbar\u2026\",\"breadcrumb\":{\"@id\":\"https:\\\/\\\/marktxxl.de\\\/markt\\\/produkt\\\/solarlampen-fuer-aussen-garten-2-stueck-solar-aussenleuchte-mit-bewegungsmelder-ip54-wasserdicht-2-modi-dimmbar-wandleuchte-ausenbeleutung-hauswand-deko-klassisches-design\\\/#breadcrumb\"},\"inLanguage\":\"de\",\"potentialAction\":[{\"@type\":\"ReadAction\",\"target\":[\"https:\\\/\\\/marktxxl.de\\\/markt\\\/produkt\\\/solarlampen-fuer-aussen-garten-2-stueck-solar-aussenleuchte-mit-bewegungsmelder-ip54-wasserdicht-2-modi-dimmbar-wandleuchte-ausenbeleutung-hauswand-deko-klassisches-design\\\/\"]}]},{\"@type\":\"ImageObject\",\"inLanguage\":\"de\",\"@id\":\"https:\\\/\\\/marktxxl.de\\\/markt\\\/produkt\\\/solarlampen-fuer-aussen-garten-2-stueck-solar-aussenleuchte-mit-bewegungsmelder-ip54-wasserdicht-2-modi-dimmbar-wandleuchte-ausenbeleutung-hauswand-deko-klassisches-design\\\/#primaryimage\",\"url\":\"https:\\\/\\\/m.media-amazon.com\\\/images\\\/I\\\/41h3NDo0YTL._SL500_.jpg\",\"contentUrl\":\"https:\\\/\\\/m.media-amazon.com\\\/images\\\/I\\\/41h3NDo0YTL._SL500_.jpg\",\"width\":500,\"height\":500},{\"@type\":\"BreadcrumbList\",\"@id\":\"https:\\\/\\\/marktxxl.de\\\/markt\\\/produkt\\\/solarlampen-fuer-aussen-garten-2-stueck-solar-aussenleuchte-mit-bewegungsmelder-ip54-wasserdicht-2-modi-dimmbar-wandleuchte-ausenbeleutung-hauswand-deko-klassisches-design\\\/#breadcrumb\",\"itemListElement\":[{\"@type\":\"ListItem\",\"position\":1,\"name\":\"Startseite\",\"item\":\"https:\\\/\\\/marktxxl.de\\\/markt\\\/\"},{\"@type\":\"ListItem\",\"position\":2,\"name\":\"Markt\",\"item\":\"https:\\\/\\\/marktxxl.de\\\/markt\\\/\"},{\"@type\":\"ListItem\",\"position\":3,\"name\":\"Octobermoon Solar Wandleuchten Au\u00dfen, 2 St\u00fcck Solar Aussenleuchte mit Bewegungsmelder, IP54 Wasserdicht 2 Modi Dimmbar\u2026\"}]},{\"@type\":\"WebSite\",\"@id\":\"https:\\\/\\\/marktxxl.de\\\/markt\\\/#website\",\"url\":\"https:\\\/\\\/marktxxl.de\\\/markt\\\/\",\"name\":\"Markt-XXL\",\"description\":\"Ihr Markt Online\",\"publisher\":{\"@id\":\"https:\\\/\\\/marktxxl.de\\\/markt\\\/#organization\"},\"potentialAction\":[{\"@type\":\"SearchAction\",\"target\":{\"@type\":\"EntryPoint\",\"urlTemplate\":\"https:\\\/\\\/marktxxl.de\\\/markt\\\/?s={search_term_string}\"},\"query-input\":{\"@type\":\"PropertyValueSpecification\",\"valueRequired\":true,\"valueName\":\"search_term_string\"}}],\"inLanguage\":\"de\"},{\"@type\":\"Organization\",\"@id\":\"https:\\\/\\\/marktxxl.de\\\/markt\\\/#organization\",\"name\":\"Markt-XXL\",\"url\":\"https:\\\/\\\/marktxxl.de\\\/markt\\\/\",\"logo\":{\"@type\":\"ImageObject\",\"inLanguage\":\"de\",\"@id\":\"https:\\\/\\\/marktxxl.de\\\/markt\\\/#\\\/schema\\\/logo\\\/image\\\/\",\"url\":\"https:\\\/\\\/marktxxl.de\\\/markt\\\/wp-content\\\/uploads\\\/sites\\\/3\\\/2020\\\/12\\\/logo.png\",\"contentUrl\":\"https:\\\/\\\/marktxxl.de\\\/markt\\\/wp-content\\\/uploads\\\/sites\\\/3\\\/2020\\\/12\\\/logo.png\",\"width\":200,\"height\":70,\"caption\":\"Markt-XXL\"},\"image\":{\"@id\":\"https:\\\/\\\/marktxxl.de\\\/markt\\\/#\\\/schema\\\/logo\\\/image\\\/\"}}]}<\/script>\n<!-- \/ Yoast SEO plugin. -->","yoast_head_json":{"title":"Octobermoon Solar Wandleuchten Au\u00dfen, 2 St\u00fcck Solar Aussenleuchte mit Bewegungsmelder, IP54 Wasserdicht 2 Modi Dimmbar\u2026 - Markt-XXL","description":"Markt-XXL Octobermoon Solar Wandleuchten Au\u00dfen, 2 St\u00fcck Solar Aussenleuchte mit Bewegungsmelder, IP54 Wasserdicht 2 Modi Dimmbar\u2026","robots":{"index":"index","follow":"follow","max-snippet":"max-snippet:-1","max-image-preview":"max-image-preview:large","max-video-preview":"max-video-preview:-1"},"canonical":"https:\/\/marktxxl.de\/markt\/produkt\/solarlampen-fuer-aussen-garten-2-stueck-solar-aussenleuchte-mit-bewegungsmelder-ip54-wasserdicht-2-modi-dimmbar-wandleuchte-ausenbeleutung-hauswand-deko-klassisches-design\/","og_locale":"de_DE","og_type":"article","og_title":"Octobermoon Solar Wandleuchten Au\u00dfen, 2 St\u00fcck Solar Aussenleuchte mit Bewegungsmelder, IP54 Wasserdicht 2 Modi Dimmbar\u2026 - Markt-XXL","og_description":"Markt-XXL Octobermoon Solar Wandleuchten Au\u00dfen, 2 St\u00fcck Solar Aussenleuchte mit Bewegungsmelder, IP54 Wasserdicht 2 Modi Dimmbar\u2026","og_url":"https:\/\/marktxxl.de\/markt\/produkt\/solarlampen-fuer-aussen-garten-2-stueck-solar-aussenleuchte-mit-bewegungsmelder-ip54-wasserdicht-2-modi-dimmbar-wandleuchte-ausenbeleutung-hauswand-deko-klassisches-design\/","og_site_name":"Markt-XXL","article_modified_time":"2023-04-09T01:26:54+00:00","og_image":[{"width":500,"height":500,"url":"https:\/\/m.media-amazon.com\/images\/I\/41h3NDo0YTL._SL500_.jpg","type":"image\/jpeg"}],"twitter_card":"summary_large_image","twitter_misc":{"Gesch\u00e4tzte Lesezeit":"1\u00a0Minute"},"schema":{"@context":"https:\/\/schema.org","@graph":[{"@type":"WebPage","@id":"https:\/\/marktxxl.de\/markt\/produkt\/solarlampen-fuer-aussen-garten-2-stueck-solar-aussenleuchte-mit-bewegungsmelder-ip54-wasserdicht-2-modi-dimmbar-wandleuchte-ausenbeleutung-hauswand-deko-klassisches-design\/","url":"https:\/\/marktxxl.de\/markt\/produkt\/solarlampen-fuer-aussen-garten-2-stueck-solar-aussenleuchte-mit-bewegungsmelder-ip54-wasserdicht-2-modi-dimmbar-wandleuchte-ausenbeleutung-hauswand-deko-klassisches-design\/","name":"Octobermoon Solar Wandleuchten Au\u00dfen, 2 St\u00fcck Solar Aussenleuchte mit Bewegungsmelder, IP54 Wasserdicht 2 Modi Dimmbar\u2026 - Markt-XXL","isPartOf":{"@id":"https:\/\/marktxxl.de\/markt\/#website"},"primaryImageOfPage":{"@id":"https:\/\/marktxxl.de\/markt\/produkt\/solarlampen-fuer-aussen-garten-2-stueck-solar-aussenleuchte-mit-bewegungsmelder-ip54-wasserdicht-2-modi-dimmbar-wandleuchte-ausenbeleutung-hauswand-deko-klassisches-design\/#primaryimage"},"image":{"@id":"https:\/\/marktxxl.de\/markt\/produkt\/solarlampen-fuer-aussen-garten-2-stueck-solar-aussenleuchte-mit-bewegungsmelder-ip54-wasserdicht-2-modi-dimmbar-wandleuchte-ausenbeleutung-hauswand-deko-klassisches-design\/#primaryimage"},"thumbnailUrl":"https:\/\/m.media-amazon.com\/images\/I\/41h3NDo0YTL._SL500_.jpg","datePublished":"2022-05-15T00:40:43+00:00","dateModified":"2023-04-09T01:26:54+00:00","description":"Markt-XXL Octobermoon Solar Wandleuchten Au\u00dfen, 2 St\u00fcck Solar Aussenleuchte mit Bewegungsmelder, IP54 Wasserdicht 2 Modi Dimmbar\u2026","breadcrumb":{"@id":"https:\/\/marktxxl.de\/markt\/produkt\/solarlampen-fuer-aussen-garten-2-stueck-solar-aussenleuchte-mit-bewegungsmelder-ip54-wasserdicht-2-modi-dimmbar-wandleuchte-ausenbeleutung-hauswand-deko-klassisches-design\/#breadcrumb"},"inLanguage":"de","potentialAction":[{"@type":"ReadAction","target":["https:\/\/marktxxl.de\/markt\/produkt\/solarlampen-fuer-aussen-garten-2-stueck-solar-aussenleuchte-mit-bewegungsmelder-ip54-wasserdicht-2-modi-dimmbar-wandleuchte-ausenbeleutung-hauswand-deko-klassisches-design\/"]}]},{"@type":"ImageObject","inLanguage":"de","@id":"https:\/\/marktxxl.de\/markt\/produkt\/solarlampen-fuer-aussen-garten-2-stueck-solar-aussenleuchte-mit-bewegungsmelder-ip54-wasserdicht-2-modi-dimmbar-wandleuchte-ausenbeleutung-hauswand-deko-klassisches-design\/#primaryimage","url":"https:\/\/m.media-amazon.com\/images\/I\/41h3NDo0YTL._SL500_.jpg","contentUrl":"https:\/\/m.media-amazon.com\/images\/I\/41h3NDo0YTL._SL500_.jpg","width":500,"height":500},{"@type":"BreadcrumbList","@id":"https:\/\/marktxxl.de\/markt\/produkt\/solarlampen-fuer-aussen-garten-2-stueck-solar-aussenleuchte-mit-bewegungsmelder-ip54-wasserdicht-2-modi-dimmbar-wandleuchte-ausenbeleutung-hauswand-deko-klassisches-design\/#breadcrumb","itemListElement":[{"@type":"ListItem","position":1,"name":"Startseite","item":"https:\/\/marktxxl.de\/markt\/"},{"@type":"ListItem","position":2,"name":"Markt","item":"https:\/\/marktxxl.de\/markt\/"},{"@type":"ListItem","position":3,"name":"Octobermoon Solar Wandleuchten Au\u00dfen, 2 St\u00fcck Solar Aussenleuchte mit Bewegungsmelder, IP54 Wasserdicht 2 Modi Dimmbar\u2026"}]},{"@type":"WebSite","@id":"https:\/\/marktxxl.de\/markt\/#website","url":"https:\/\/marktxxl.de\/markt\/","name":"Markt-XXL","description":"Ihr Markt Online","publisher":{"@id":"https:\/\/marktxxl.de\/markt\/#organization"},"potentialAction":[{"@type":"SearchAction","target":{"@type":"EntryPoint","urlTemplate":"https:\/\/marktxxl.de\/markt\/?s={search_term_string}"},"query-input":{"@type":"PropertyValueSpecification","valueRequired":true,"valueName":"search_term_string"}}],"inLanguage":"de"},{"@type":"Organization","@id":"https:\/\/marktxxl.de\/markt\/#organization","name":"Markt-XXL","url":"https:\/\/marktxxl.de\/markt\/","logo":{"@type":"ImageObject","inLanguage":"de","@id":"https:\/\/marktxxl.de\/markt\/#\/schema\/logo\/image\/","url":"https:\/\/marktxxl.de\/markt\/wp-content\/uploads\/sites\/3\/2020\/12\/logo.png","contentUrl":"https:\/\/marktxxl.de\/markt\/wp-content\/uploads\/sites\/3\/2020\/12\/logo.png","width":200,"height":70,"caption":"Markt-XXL"},"image":{"@id":"https:\/\/marktxxl.de\/markt\/#\/schema\/logo\/image\/"}}]}},"_links":{"self":[{"href":"https:\/\/marktxxl.de\/markt\/wp-json\/wp\/v2\/product\/118930","targetHints":{"allow":["GET"]}}],"collection":[{"href":"https:\/\/marktxxl.de\/markt\/wp-json\/wp\/v2\/product"}],"about":[{"href":"https:\/\/marktxxl.de\/markt\/wp-json\/wp\/v2\/types\/product"}],"replies":[{"embeddable":true,"href":"https:\/\/marktxxl.de\/markt\/wp-json\/wp\/v2\/comments?post=118930"}],"wp:featuredmedia":[{"embeddable":true,"href":"https:\/\/marktxxl.de\/markt\/wp-json\/wp\/v2\/media\/118931"}],"wp:attachment":[{"href":"https:\/\/marktxxl.de\/markt\/wp-json\/wp\/v2\/media?parent=118930"}],"wp:term":[{"taxonomy":"product_brand","embeddable":true,"href":"https:\/\/marktxxl.de\/markt\/wp-json\/wp\/v2\/product_brand?post=118930"},{"taxonomy":"product_cat","embeddable":true,"href":"https:\/\/marktxxl.de\/markt\/wp-json\/wp\/v2\/product_cat?post=118930"},{"taxonomy":"product_tag","embeddable":true,"href":"https:\/\/marktxxl.de\/markt\/wp-json\/wp\/v2\/product_tag?post=118930"}],"curies":[{"name":"wp","href":"https:\/\/api.w.org\/{rel}","templated":true}]}}