{"id":118910,"date":"2022-05-15T02:40:34","date_gmt":"2022-05-15T00:40:34","guid":{"rendered":"https:\/\/marktxxl.de\/markt\/produkt\/meihua-2-stueck-60-w-led-strahler-mit-bewegungsmelder-aussenstrahler-ip66-led-lampen-fuer-den-aussenbereich-energiesparend-wasserdicht-fuer-tore-garage-terrasse-kaltweiss\/"},"modified":"2023-04-09T03:26:54","modified_gmt":"2023-04-09T01:26:54","slug":"meihua-2-stueck-60-w-led-strahler-mit-bewegungsmelder-aussenstrahler-ip66-led-lampen-fuer-den-aussenbereich-energiesparend-wasserdicht-fuer-tore-garage-terrasse-kaltweiss","status":"publish","type":"product","link":"https:\/\/marktxxl.de\/markt\/produkt\/meihua-2-stueck-60-w-led-strahler-mit-bewegungsmelder-aussenstrahler-ip66-led-lampen-fuer-den-aussenbereich-energiesparend-wasserdicht-fuer-tore-garage-terrasse-kaltweiss\/","title":{"rendered":"2 St\u00fcck 60 W LED-Strahler f\u00fcr den Au\u00dfenbereich mit Bewegungsmelder, MEIHUA LED-Strahler f\u00fcr Au\u00dfenbereich, 5200 lm, 6500\u2026"},"content":{"rendered":"<p>[Aktualisierter Bewegungsmelder]: Drei Schl\u00fcssel erm\u00f6glichen eine schnellere und pr\u00e4zisere Einstellung der LED-Projektoren. Time-Einstellung von 0-600s als Beleuchtungsdauer, SENS-Einstellung zur Einstellung des Erfassungsradius bis zu 12 m, LUX-Einstellung f\u00fcr tags\u00fcber oder nachts. 180\u00b0 vertikal einstellbarer Winkel f\u00fcr den Detektor<br \/>\n[Mehr Helligkeit]: Mit extrem hellen wei\u00dfen LEDs (6000 Lumen), ist der LED-Au\u00dfenstrahler ideal f\u00fcr die Beleuchtung von Au\u00dfenbereichen und Hausw\u00e4nden. Aktualisierte Sicherheitsreflektoren reduzieren unn\u00f6tige Lichtreflexionen und Lichtbrechungen. die eine h\u00f6here Helligkeit bei gleicher Leistung erreicht.<br \/>\nBeste Materialien: Hergestellt aus wetterfesten Materialien, leichter und d\u00fcnner, einfach zu installieren, mit verbesserter Maske aus geh\u00e4rtetem Glas, hocheffiziente LED-Perlen, ideal als Au\u00dfenbeleuchtung f\u00fcr Terrasse, Hof, Lagerung, Garage, Stadion etc.<br \/>\n[Unversehrter Support]: Wenn Sie Probleme mit unserem Produkt haben, bieten wir unseren Kunden innerhalb von 24 Stunden R\u00fcckerstattung oder Ersatz an.<br \/>\nIP66 Schutz: IP66 f\u00fcr LED-Scheinwerfer und IP65 f\u00fcr Infrarot-Sensor, das solide Geh\u00e4use h\u00e4lt den LED-Projektor vor Feuchtigkeit und Staub, stabil und langlebig. Kann gut bei Regen, Schnee und Schnee verwendet werden.<br \/>\n<div class=\"main-cross-sell\" data-asin=\"B088R9VQ4R\">\n\n\t<div class=\"WooZone-cross-sell-loader\">\n\t\t<div>\n\t\t\t<div id=\"floatingBarsG\">\n\t\t\t\t<div class=\"blockG\" id=\"rotateG_01\"><\/div>\n\t\t\t\t<div class=\"blockG\" id=\"rotateG_02\"><\/div>\n\t\t\t\t<div class=\"blockG\" id=\"rotateG_03\"><\/div>\n\t\t\t\t<div class=\"blockG\" id=\"rotateG_04\"><\/div>\n\t\t\t\t<div class=\"blockG\" id=\"rotateG_05\"><\/div>\n\t\t\t\t<div class=\"blockG\" id=\"rotateG_06\"><\/div>\n\t\t\t\t<div class=\"blockG\" id=\"rotateG_07\"><\/div>\n\t\t\t\t<div class=\"blockG\" id=\"rotateG_08\"><\/div>\n\t\t\t<\/div>\n\t\t\t<div class=\"WooZone-cross-sell-loader-text\"><\/div>\n\t\t<\/div>\n\t<\/div>\n\n\t\t\n<\/div>\n<div style=\"clear:both;\"><\/div><\/p>\n","protected":false},"excerpt":{"rendered":"<p>[Aktualisierter Bewegungsmelder]: Drei Schl\u00fcssel erm\u00f6glichen eine schnellere und pr\u00e4zisere Einstellung der LED-Projektoren. Time-Einstellung von 0-600s als Beleuchtungsdauer, SENS-Einstellung zur Einstellung des Erfassungsradius bis zu 12 m, LUX-Einstellung f\u00fcr tags\u00fcber oder nachts. 180\u00b0 vertikal einstellbarer Winkel f\u00fcr den Detektor<br \/>\n[Mehr Helligkeit]: Mit extrem hellen wei\u00dfen LEDs (6000 Lumen), ist der LED-Au\u00dfenstrahler ideal f\u00fcr die Beleuchtung von Au\u00dfenbereichen und Hausw\u00e4nden. Aktualisierte Sicherheitsreflektoren reduzieren unn\u00f6tige Lichtreflexionen und Lichtbrechungen. die eine h\u00f6here Helligkeit bei gleicher Leistung erreicht.<br \/>\nBeste Materialien: Hergestellt aus wetterfesten Materialien, leichter und d\u00fcnner, einfach zu installieren, mit verbesserter Maske aus geh\u00e4rtetem Glas, hocheffiziente LED-Perlen, ideal als Au\u00dfenbeleuchtung f\u00fcr Terrasse, Hof, Lagerung, Garage, Stadion etc.<\/p>\n","protected":false},"featured_media":118911,"comment_status":"open","ping_status":"closed","template":"","meta":[],"product_brand":[],"product_cat":[11446,2108],"product_tag":[],"class_list":{"0":"post-118910","1":"product","2":"type-product","3":"status-publish","4":"has-post-thumbnail","6":"product_cat-aussenbeleuchtung","7":"product_cat-beleuchtung","8":"pa_brand-meihua","9":"pa_manufacturer-meihua","11":"first","12":"instock","13":"shipping-taxable","14":"purchasable","15":"product-type-simple","16":"customify-col","17":"product-has-gallery"},"yoast_head":"<!-- This site is optimized with the Yoast SEO plugin v27.4 - https:\/\/yoast.com\/product\/yoast-seo-wordpress\/ -->\n<title>2 St\u00fcck 60 W LED-Strahler f\u00fcr den Au\u00dfenbereich mit Bewegungsmelder, MEIHUA LED-Strahler f\u00fcr Au\u00dfenbereich, 5200 lm, 6500\u2026 - Markt-XXL<\/title>\n<meta name=\"description\" content=\"Markt-XXL 2 St\u00fcck 60 W LED-Strahler f\u00fcr den Au\u00dfenbereich mit Bewegungsmelder, MEIHUA LED-Strahler f\u00fcr Au\u00dfenbereich, 5200 lm, 6500\u2026\" \/>\n<meta name=\"robots\" content=\"index, follow, max-snippet:-1, max-image-preview:large, max-video-preview:-1\" \/>\n<link rel=\"canonical\" href=\"https:\/\/marktxxl.de\/markt\/produkt\/meihua-2-stueck-60-w-led-strahler-mit-bewegungsmelder-aussenstrahler-ip66-led-lampen-fuer-den-aussenbereich-energiesparend-wasserdicht-fuer-tore-garage-terrasse-kaltweiss\/\" \/>\n<meta property=\"og:locale\" content=\"de_DE\" \/>\n<meta property=\"og:type\" content=\"article\" \/>\n<meta property=\"og:title\" content=\"2 St\u00fcck 60 W LED-Strahler f\u00fcr den Au\u00dfenbereich mit Bewegungsmelder, MEIHUA LED-Strahler f\u00fcr Au\u00dfenbereich, 5200 lm, 6500\u2026 - Markt-XXL\" \/>\n<meta property=\"og:description\" content=\"Markt-XXL 2 St\u00fcck 60 W LED-Strahler f\u00fcr den Au\u00dfenbereich mit Bewegungsmelder, MEIHUA LED-Strahler f\u00fcr Au\u00dfenbereich, 5200 lm, 6500\u2026\" \/>\n<meta property=\"og:url\" content=\"https:\/\/marktxxl.de\/markt\/produkt\/meihua-2-stueck-60-w-led-strahler-mit-bewegungsmelder-aussenstrahler-ip66-led-lampen-fuer-den-aussenbereich-energiesparend-wasserdicht-fuer-tore-garage-terrasse-kaltweiss\/\" \/>\n<meta property=\"og:site_name\" content=\"Markt-XXL\" \/>\n<meta property=\"article:modified_time\" content=\"2023-04-09T01:26:54+00:00\" \/>\n<meta property=\"og:image\" content=\"https:\/\/m.media-amazon.com\/images\/I\/41gQbrnOshL._SL500_.jpg\" \/>\n\t<meta property=\"og:image:width\" content=\"500\" \/>\n\t<meta property=\"og:image:height\" content=\"391\" \/>\n\t<meta property=\"og:image:type\" content=\"image\/jpeg\" \/>\n<meta name=\"twitter:card\" content=\"summary_large_image\" \/>\n<meta name=\"twitter:label1\" content=\"Gesch\u00e4tzte Lesezeit\" \/>\n\t<meta name=\"twitter:data1\" content=\"1\u00a0Minute\" \/>\n<script type=\"application\/ld+json\" class=\"yoast-schema-graph\">{\"@context\":\"https:\\\/\\\/schema.org\",\"@graph\":[{\"@type\":\"WebPage\",\"@id\":\"https:\\\/\\\/marktxxl.de\\\/markt\\\/produkt\\\/meihua-2-stueck-60-w-led-strahler-mit-bewegungsmelder-aussenstrahler-ip66-led-lampen-fuer-den-aussenbereich-energiesparend-wasserdicht-fuer-tore-garage-terrasse-kaltweiss\\\/\",\"url\":\"https:\\\/\\\/marktxxl.de\\\/markt\\\/produkt\\\/meihua-2-stueck-60-w-led-strahler-mit-bewegungsmelder-aussenstrahler-ip66-led-lampen-fuer-den-aussenbereich-energiesparend-wasserdicht-fuer-tore-garage-terrasse-kaltweiss\\\/\",\"name\":\"2 St\u00fcck 60 W LED-Strahler f\u00fcr den Au\u00dfenbereich mit Bewegungsmelder, MEIHUA LED-Strahler f\u00fcr Au\u00dfenbereich, 5200 lm, 6500\u2026 - Markt-XXL\",\"isPartOf\":{\"@id\":\"https:\\\/\\\/marktxxl.de\\\/markt\\\/#website\"},\"primaryImageOfPage\":{\"@id\":\"https:\\\/\\\/marktxxl.de\\\/markt\\\/produkt\\\/meihua-2-stueck-60-w-led-strahler-mit-bewegungsmelder-aussenstrahler-ip66-led-lampen-fuer-den-aussenbereich-energiesparend-wasserdicht-fuer-tore-garage-terrasse-kaltweiss\\\/#primaryimage\"},\"image\":{\"@id\":\"https:\\\/\\\/marktxxl.de\\\/markt\\\/produkt\\\/meihua-2-stueck-60-w-led-strahler-mit-bewegungsmelder-aussenstrahler-ip66-led-lampen-fuer-den-aussenbereich-energiesparend-wasserdicht-fuer-tore-garage-terrasse-kaltweiss\\\/#primaryimage\"},\"thumbnailUrl\":\"https:\\\/\\\/m.media-amazon.com\\\/images\\\/I\\\/41gQbrnOshL._SL500_.jpg\",\"datePublished\":\"2022-05-15T00:40:34+00:00\",\"dateModified\":\"2023-04-09T01:26:54+00:00\",\"description\":\"Markt-XXL 2 St\u00fcck 60 W LED-Strahler f\u00fcr den Au\u00dfenbereich mit Bewegungsmelder, MEIHUA LED-Strahler f\u00fcr Au\u00dfenbereich, 5200 lm, 6500\u2026\",\"breadcrumb\":{\"@id\":\"https:\\\/\\\/marktxxl.de\\\/markt\\\/produkt\\\/meihua-2-stueck-60-w-led-strahler-mit-bewegungsmelder-aussenstrahler-ip66-led-lampen-fuer-den-aussenbereich-energiesparend-wasserdicht-fuer-tore-garage-terrasse-kaltweiss\\\/#breadcrumb\"},\"inLanguage\":\"de\",\"potentialAction\":[{\"@type\":\"ReadAction\",\"target\":[\"https:\\\/\\\/marktxxl.de\\\/markt\\\/produkt\\\/meihua-2-stueck-60-w-led-strahler-mit-bewegungsmelder-aussenstrahler-ip66-led-lampen-fuer-den-aussenbereich-energiesparend-wasserdicht-fuer-tore-garage-terrasse-kaltweiss\\\/\"]}]},{\"@type\":\"ImageObject\",\"inLanguage\":\"de\",\"@id\":\"https:\\\/\\\/marktxxl.de\\\/markt\\\/produkt\\\/meihua-2-stueck-60-w-led-strahler-mit-bewegungsmelder-aussenstrahler-ip66-led-lampen-fuer-den-aussenbereich-energiesparend-wasserdicht-fuer-tore-garage-terrasse-kaltweiss\\\/#primaryimage\",\"url\":\"https:\\\/\\\/m.media-amazon.com\\\/images\\\/I\\\/41gQbrnOshL._SL500_.jpg\",\"contentUrl\":\"https:\\\/\\\/m.media-amazon.com\\\/images\\\/I\\\/41gQbrnOshL._SL500_.jpg\",\"width\":500,\"height\":391},{\"@type\":\"BreadcrumbList\",\"@id\":\"https:\\\/\\\/marktxxl.de\\\/markt\\\/produkt\\\/meihua-2-stueck-60-w-led-strahler-mit-bewegungsmelder-aussenstrahler-ip66-led-lampen-fuer-den-aussenbereich-energiesparend-wasserdicht-fuer-tore-garage-terrasse-kaltweiss\\\/#breadcrumb\",\"itemListElement\":[{\"@type\":\"ListItem\",\"position\":1,\"name\":\"Startseite\",\"item\":\"https:\\\/\\\/marktxxl.de\\\/markt\\\/\"},{\"@type\":\"ListItem\",\"position\":2,\"name\":\"Markt\",\"item\":\"https:\\\/\\\/marktxxl.de\\\/markt\\\/\"},{\"@type\":\"ListItem\",\"position\":3,\"name\":\"2 St\u00fcck 60 W LED-Strahler f\u00fcr den Au\u00dfenbereich mit Bewegungsmelder, MEIHUA LED-Strahler f\u00fcr Au\u00dfenbereich, 5200 lm, 6500\u2026\"}]},{\"@type\":\"WebSite\",\"@id\":\"https:\\\/\\\/marktxxl.de\\\/markt\\\/#website\",\"url\":\"https:\\\/\\\/marktxxl.de\\\/markt\\\/\",\"name\":\"Markt-XXL\",\"description\":\"Ihr Markt Online\",\"publisher\":{\"@id\":\"https:\\\/\\\/marktxxl.de\\\/markt\\\/#organization\"},\"potentialAction\":[{\"@type\":\"SearchAction\",\"target\":{\"@type\":\"EntryPoint\",\"urlTemplate\":\"https:\\\/\\\/marktxxl.de\\\/markt\\\/?s={search_term_string}\"},\"query-input\":{\"@type\":\"PropertyValueSpecification\",\"valueRequired\":true,\"valueName\":\"search_term_string\"}}],\"inLanguage\":\"de\"},{\"@type\":\"Organization\",\"@id\":\"https:\\\/\\\/marktxxl.de\\\/markt\\\/#organization\",\"name\":\"Markt-XXL\",\"url\":\"https:\\\/\\\/marktxxl.de\\\/markt\\\/\",\"logo\":{\"@type\":\"ImageObject\",\"inLanguage\":\"de\",\"@id\":\"https:\\\/\\\/marktxxl.de\\\/markt\\\/#\\\/schema\\\/logo\\\/image\\\/\",\"url\":\"https:\\\/\\\/marktxxl.de\\\/markt\\\/wp-content\\\/uploads\\\/sites\\\/3\\\/2020\\\/12\\\/logo.png\",\"contentUrl\":\"https:\\\/\\\/marktxxl.de\\\/markt\\\/wp-content\\\/uploads\\\/sites\\\/3\\\/2020\\\/12\\\/logo.png\",\"width\":200,\"height\":70,\"caption\":\"Markt-XXL\"},\"image\":{\"@id\":\"https:\\\/\\\/marktxxl.de\\\/markt\\\/#\\\/schema\\\/logo\\\/image\\\/\"}}]}<\/script>\n<!-- \/ Yoast SEO plugin. -->","yoast_head_json":{"title":"2 St\u00fcck 60 W LED-Strahler f\u00fcr den Au\u00dfenbereich mit Bewegungsmelder, MEIHUA LED-Strahler f\u00fcr Au\u00dfenbereich, 5200 lm, 6500\u2026 - Markt-XXL","description":"Markt-XXL 2 St\u00fcck 60 W LED-Strahler f\u00fcr den Au\u00dfenbereich mit Bewegungsmelder, MEIHUA LED-Strahler f\u00fcr Au\u00dfenbereich, 5200 lm, 6500\u2026","robots":{"index":"index","follow":"follow","max-snippet":"max-snippet:-1","max-image-preview":"max-image-preview:large","max-video-preview":"max-video-preview:-1"},"canonical":"https:\/\/marktxxl.de\/markt\/produkt\/meihua-2-stueck-60-w-led-strahler-mit-bewegungsmelder-aussenstrahler-ip66-led-lampen-fuer-den-aussenbereich-energiesparend-wasserdicht-fuer-tore-garage-terrasse-kaltweiss\/","og_locale":"de_DE","og_type":"article","og_title":"2 St\u00fcck 60 W LED-Strahler f\u00fcr den Au\u00dfenbereich mit Bewegungsmelder, MEIHUA LED-Strahler f\u00fcr Au\u00dfenbereich, 5200 lm, 6500\u2026 - Markt-XXL","og_description":"Markt-XXL 2 St\u00fcck 60 W LED-Strahler f\u00fcr den Au\u00dfenbereich mit Bewegungsmelder, MEIHUA LED-Strahler f\u00fcr Au\u00dfenbereich, 5200 lm, 6500\u2026","og_url":"https:\/\/marktxxl.de\/markt\/produkt\/meihua-2-stueck-60-w-led-strahler-mit-bewegungsmelder-aussenstrahler-ip66-led-lampen-fuer-den-aussenbereich-energiesparend-wasserdicht-fuer-tore-garage-terrasse-kaltweiss\/","og_site_name":"Markt-XXL","article_modified_time":"2023-04-09T01:26:54+00:00","og_image":[{"width":500,"height":391,"url":"https:\/\/m.media-amazon.com\/images\/I\/41gQbrnOshL._SL500_.jpg","type":"image\/jpeg"}],"twitter_card":"summary_large_image","twitter_misc":{"Gesch\u00e4tzte Lesezeit":"1\u00a0Minute"},"schema":{"@context":"https:\/\/schema.org","@graph":[{"@type":"WebPage","@id":"https:\/\/marktxxl.de\/markt\/produkt\/meihua-2-stueck-60-w-led-strahler-mit-bewegungsmelder-aussenstrahler-ip66-led-lampen-fuer-den-aussenbereich-energiesparend-wasserdicht-fuer-tore-garage-terrasse-kaltweiss\/","url":"https:\/\/marktxxl.de\/markt\/produkt\/meihua-2-stueck-60-w-led-strahler-mit-bewegungsmelder-aussenstrahler-ip66-led-lampen-fuer-den-aussenbereich-energiesparend-wasserdicht-fuer-tore-garage-terrasse-kaltweiss\/","name":"2 St\u00fcck 60 W LED-Strahler f\u00fcr den Au\u00dfenbereich mit Bewegungsmelder, MEIHUA LED-Strahler f\u00fcr Au\u00dfenbereich, 5200 lm, 6500\u2026 - Markt-XXL","isPartOf":{"@id":"https:\/\/marktxxl.de\/markt\/#website"},"primaryImageOfPage":{"@id":"https:\/\/marktxxl.de\/markt\/produkt\/meihua-2-stueck-60-w-led-strahler-mit-bewegungsmelder-aussenstrahler-ip66-led-lampen-fuer-den-aussenbereich-energiesparend-wasserdicht-fuer-tore-garage-terrasse-kaltweiss\/#primaryimage"},"image":{"@id":"https:\/\/marktxxl.de\/markt\/produkt\/meihua-2-stueck-60-w-led-strahler-mit-bewegungsmelder-aussenstrahler-ip66-led-lampen-fuer-den-aussenbereich-energiesparend-wasserdicht-fuer-tore-garage-terrasse-kaltweiss\/#primaryimage"},"thumbnailUrl":"https:\/\/m.media-amazon.com\/images\/I\/41gQbrnOshL._SL500_.jpg","datePublished":"2022-05-15T00:40:34+00:00","dateModified":"2023-04-09T01:26:54+00:00","description":"Markt-XXL 2 St\u00fcck 60 W LED-Strahler f\u00fcr den Au\u00dfenbereich mit Bewegungsmelder, MEIHUA LED-Strahler f\u00fcr Au\u00dfenbereich, 5200 lm, 6500\u2026","breadcrumb":{"@id":"https:\/\/marktxxl.de\/markt\/produkt\/meihua-2-stueck-60-w-led-strahler-mit-bewegungsmelder-aussenstrahler-ip66-led-lampen-fuer-den-aussenbereich-energiesparend-wasserdicht-fuer-tore-garage-terrasse-kaltweiss\/#breadcrumb"},"inLanguage":"de","potentialAction":[{"@type":"ReadAction","target":["https:\/\/marktxxl.de\/markt\/produkt\/meihua-2-stueck-60-w-led-strahler-mit-bewegungsmelder-aussenstrahler-ip66-led-lampen-fuer-den-aussenbereich-energiesparend-wasserdicht-fuer-tore-garage-terrasse-kaltweiss\/"]}]},{"@type":"ImageObject","inLanguage":"de","@id":"https:\/\/marktxxl.de\/markt\/produkt\/meihua-2-stueck-60-w-led-strahler-mit-bewegungsmelder-aussenstrahler-ip66-led-lampen-fuer-den-aussenbereich-energiesparend-wasserdicht-fuer-tore-garage-terrasse-kaltweiss\/#primaryimage","url":"https:\/\/m.media-amazon.com\/images\/I\/41gQbrnOshL._SL500_.jpg","contentUrl":"https:\/\/m.media-amazon.com\/images\/I\/41gQbrnOshL._SL500_.jpg","width":500,"height":391},{"@type":"BreadcrumbList","@id":"https:\/\/marktxxl.de\/markt\/produkt\/meihua-2-stueck-60-w-led-strahler-mit-bewegungsmelder-aussenstrahler-ip66-led-lampen-fuer-den-aussenbereich-energiesparend-wasserdicht-fuer-tore-garage-terrasse-kaltweiss\/#breadcrumb","itemListElement":[{"@type":"ListItem","position":1,"name":"Startseite","item":"https:\/\/marktxxl.de\/markt\/"},{"@type":"ListItem","position":2,"name":"Markt","item":"https:\/\/marktxxl.de\/markt\/"},{"@type":"ListItem","position":3,"name":"2 St\u00fcck 60 W LED-Strahler f\u00fcr den Au\u00dfenbereich mit Bewegungsmelder, MEIHUA LED-Strahler f\u00fcr Au\u00dfenbereich, 5200 lm, 6500\u2026"}]},{"@type":"WebSite","@id":"https:\/\/marktxxl.de\/markt\/#website","url":"https:\/\/marktxxl.de\/markt\/","name":"Markt-XXL","description":"Ihr Markt Online","publisher":{"@id":"https:\/\/marktxxl.de\/markt\/#organization"},"potentialAction":[{"@type":"SearchAction","target":{"@type":"EntryPoint","urlTemplate":"https:\/\/marktxxl.de\/markt\/?s={search_term_string}"},"query-input":{"@type":"PropertyValueSpecification","valueRequired":true,"valueName":"search_term_string"}}],"inLanguage":"de"},{"@type":"Organization","@id":"https:\/\/marktxxl.de\/markt\/#organization","name":"Markt-XXL","url":"https:\/\/marktxxl.de\/markt\/","logo":{"@type":"ImageObject","inLanguage":"de","@id":"https:\/\/marktxxl.de\/markt\/#\/schema\/logo\/image\/","url":"https:\/\/marktxxl.de\/markt\/wp-content\/uploads\/sites\/3\/2020\/12\/logo.png","contentUrl":"https:\/\/marktxxl.de\/markt\/wp-content\/uploads\/sites\/3\/2020\/12\/logo.png","width":200,"height":70,"caption":"Markt-XXL"},"image":{"@id":"https:\/\/marktxxl.de\/markt\/#\/schema\/logo\/image\/"}}]}},"_links":{"self":[{"href":"https:\/\/marktxxl.de\/markt\/wp-json\/wp\/v2\/product\/118910","targetHints":{"allow":["GET"]}}],"collection":[{"href":"https:\/\/marktxxl.de\/markt\/wp-json\/wp\/v2\/product"}],"about":[{"href":"https:\/\/marktxxl.de\/markt\/wp-json\/wp\/v2\/types\/product"}],"replies":[{"embeddable":true,"href":"https:\/\/marktxxl.de\/markt\/wp-json\/wp\/v2\/comments?post=118910"}],"wp:featuredmedia":[{"embeddable":true,"href":"https:\/\/marktxxl.de\/markt\/wp-json\/wp\/v2\/media\/118911"}],"wp:attachment":[{"href":"https:\/\/marktxxl.de\/markt\/wp-json\/wp\/v2\/media?parent=118910"}],"wp:term":[{"taxonomy":"product_brand","embeddable":true,"href":"https:\/\/marktxxl.de\/markt\/wp-json\/wp\/v2\/product_brand?post=118910"},{"taxonomy":"product_cat","embeddable":true,"href":"https:\/\/marktxxl.de\/markt\/wp-json\/wp\/v2\/product_cat?post=118910"},{"taxonomy":"product_tag","embeddable":true,"href":"https:\/\/marktxxl.de\/markt\/wp-json\/wp\/v2\/product_tag?post=118910"}],"curies":[{"name":"wp","href":"https:\/\/api.w.org\/{rel}","templated":true}]}}