{"id":118871,"date":"2022-05-15T02:37:33","date_gmt":"2022-05-15T00:37:33","guid":{"rendered":"https:\/\/marktxxl.de\/markt\/produkt\/solar-gartenleuchten-solarleuchten-fuer-garten-6-stueck-led-warmweiss-wasserdicht-automatisch-solarbetrieben-fuer-hof-landschaft-rasen-terrasse-weg-und-einfahrt-6-stueck\/"},"modified":"2023-04-09T03:26:54","modified_gmt":"2023-04-09T01:26:54","slug":"solar-gartenleuchten-solarleuchten-fuer-garten-6-stueck-led-warmweiss-wasserdicht-automatisch-solarbetrieben-fuer-hof-landschaft-rasen-terrasse-weg-und-einfahrt-6-stueck","status":"publish","type":"product","link":"https:\/\/marktxxl.de\/markt\/produkt\/solar-gartenleuchten-solarleuchten-fuer-garten-6-stueck-led-warmweiss-wasserdicht-automatisch-solarbetrieben-fuer-hof-landschaft-rasen-terrasse-weg-und-einfahrt-6-stueck\/","title":{"rendered":"Solpex Solar Gartenleuchten, Solarleuchten f\u00fcr Garten, 6 St\u00fcck, LED Warmwei\u00df, wasserdicht, automatisch, solarbetrieben\u2026"},"content":{"rendered":"<p>\u3010Einfache Montage und Verwendung\u3011 Keine Werkzeuge und externe Dr\u00e4hte. Die Garten-Solarleuchten im Au\u00dfenbereich sind wasserdicht und k\u00f6nnen in wenigen Minuten installiert werden. Bitte installieren Sie jedes Teil zusammen, und dr\u00fccken Sie dann den Pfahl in den weichen Boden, um Flexibilit\u00e4t zu erhalten, wo Sie sie platzieren.<br \/>\n\u3010Qualit\u00e4tsservice\u3011 Sollten Sie wider erwarten mit unserem Produkt unzufrieden sein oder Probleme haben, versprechen wir Ihnen, ihr Problem innerhalb von 24 Stunden zu l\u00f6sen. Zudem bieten wir einen R\u00fcckgabeservice innerhalb von 30 Tagen und 180 Tagen Garantie.<br \/>\n<div class=\"main-cross-sell\" data-asin=\"B09NRCTN75\">\n\n\t<div class=\"WooZone-cross-sell-loader\">\n\t\t<div>\n\t\t\t<div id=\"floatingBarsG\">\n\t\t\t\t<div class=\"blockG\" id=\"rotateG_01\"><\/div>\n\t\t\t\t<div class=\"blockG\" id=\"rotateG_02\"><\/div>\n\t\t\t\t<div class=\"blockG\" id=\"rotateG_03\"><\/div>\n\t\t\t\t<div class=\"blockG\" id=\"rotateG_04\"><\/div>\n\t\t\t\t<div class=\"blockG\" id=\"rotateG_05\"><\/div>\n\t\t\t\t<div class=\"blockG\" id=\"rotateG_06\"><\/div>\n\t\t\t\t<div class=\"blockG\" id=\"rotateG_07\"><\/div>\n\t\t\t\t<div class=\"blockG\" id=\"rotateG_08\"><\/div>\n\t\t\t<\/div>\n\t\t\t<div class=\"WooZone-cross-sell-loader-text\"><\/div>\n\t\t<\/div>\n\t<\/div>\n\n\t\t\n<\/div>\n<div style=\"clear:both;\"><\/div><\/p>\n","protected":false},"excerpt":{"rendered":"<p>\u3010Einfache Montage und Verwendung\u3011 Keine Werkzeuge und externe Dr\u00e4hte. Die Garten-Solarleuchten im Au\u00dfenbereich sind wasserdicht und k\u00f6nnen in wenigen Minuten installiert werden. Bitte installieren Sie jedes Teil zusammen, und dr\u00fccken Sie dann den Pfahl in den weichen Boden, um Flexibilit\u00e4t zu erhalten, wo Sie sie platzieren.<br \/>\n\u3010Qualit\u00e4tsservice\u3011 Sollten Sie wider erwarten mit unserem Produkt unzufrieden sein oder Probleme haben, versprechen wir Ihnen, ihr Problem innerhalb von 24 Stunden zu l\u00f6sen. Zudem bieten wir einen R\u00fcckgabeservice innerhalb von 30 Tagen und 180 Tagen Garantie.<\/p>\n","protected":false},"featured_media":118872,"comment_status":"open","ping_status":"closed","template":"","meta":[],"product_brand":[],"product_cat":[11446,2108],"product_tag":[],"class_list":{"0":"post-118871","1":"product","2":"type-product","3":"status-publish","4":"has-post-thumbnail","6":"product_cat-aussenbeleuchtung","7":"product_cat-beleuchtung","8":"pa_brand-solpex","9":"pa_color-braun","10":"pa_manufacturer-solpex","12":"first","13":"instock","14":"shipping-taxable","15":"purchasable","16":"product-type-simple","17":"customify-col","18":"product-has-gallery"},"yoast_head":"<!-- This site is optimized with the Yoast SEO plugin v27.4 - https:\/\/yoast.com\/product\/yoast-seo-wordpress\/ -->\n<title>Solpex Solar Gartenleuchten, Solarleuchten f\u00fcr Garten, 6 St\u00fcck, LED Warmwei\u00df, wasserdicht, automatisch, solarbetrieben\u2026 - Markt-XXL<\/title>\n<meta name=\"description\" content=\"Markt-XXL Solpex Solar Gartenleuchten, Solarleuchten f\u00fcr Garten, 6 St\u00fcck, LED Warmwei\u00df, wasserdicht, automatisch, solarbetrieben\u2026\" \/>\n<meta name=\"robots\" content=\"index, follow, max-snippet:-1, max-image-preview:large, max-video-preview:-1\" \/>\n<link rel=\"canonical\" href=\"https:\/\/marktxxl.de\/markt\/produkt\/solar-gartenleuchten-solarleuchten-fuer-garten-6-stueck-led-warmweiss-wasserdicht-automatisch-solarbetrieben-fuer-hof-landschaft-rasen-terrasse-weg-und-einfahrt-6-stueck\/\" \/>\n<meta property=\"og:locale\" content=\"de_DE\" \/>\n<meta property=\"og:type\" content=\"article\" \/>\n<meta property=\"og:title\" content=\"Solpex Solar Gartenleuchten, Solarleuchten f\u00fcr Garten, 6 St\u00fcck, LED Warmwei\u00df, wasserdicht, automatisch, solarbetrieben\u2026 - Markt-XXL\" \/>\n<meta property=\"og:description\" content=\"Markt-XXL Solpex Solar Gartenleuchten, Solarleuchten f\u00fcr Garten, 6 St\u00fcck, LED Warmwei\u00df, wasserdicht, automatisch, solarbetrieben\u2026\" \/>\n<meta property=\"og:url\" content=\"https:\/\/marktxxl.de\/markt\/produkt\/solar-gartenleuchten-solarleuchten-fuer-garten-6-stueck-led-warmweiss-wasserdicht-automatisch-solarbetrieben-fuer-hof-landschaft-rasen-terrasse-weg-und-einfahrt-6-stueck\/\" \/>\n<meta property=\"og:site_name\" content=\"Markt-XXL\" \/>\n<meta property=\"article:modified_time\" content=\"2023-04-09T01:26:54+00:00\" \/>\n<meta property=\"og:image\" content=\"https:\/\/m.media-amazon.com\/images\/I\/61T0Olpo2rL._SL500_.jpg\" \/>\n\t<meta property=\"og:image:width\" content=\"500\" \/>\n\t<meta property=\"og:image:height\" content=\"500\" \/>\n\t<meta property=\"og:image:type\" content=\"image\/jpeg\" \/>\n<meta name=\"twitter:card\" content=\"summary_large_image\" \/>\n<script type=\"application\/ld+json\" class=\"yoast-schema-graph\">{\"@context\":\"https:\\\/\\\/schema.org\",\"@graph\":[{\"@type\":\"WebPage\",\"@id\":\"https:\\\/\\\/marktxxl.de\\\/markt\\\/produkt\\\/solar-gartenleuchten-solarleuchten-fuer-garten-6-stueck-led-warmweiss-wasserdicht-automatisch-solarbetrieben-fuer-hof-landschaft-rasen-terrasse-weg-und-einfahrt-6-stueck\\\/\",\"url\":\"https:\\\/\\\/marktxxl.de\\\/markt\\\/produkt\\\/solar-gartenleuchten-solarleuchten-fuer-garten-6-stueck-led-warmweiss-wasserdicht-automatisch-solarbetrieben-fuer-hof-landschaft-rasen-terrasse-weg-und-einfahrt-6-stueck\\\/\",\"name\":\"Solpex Solar Gartenleuchten, Solarleuchten f\u00fcr Garten, 6 St\u00fcck, LED Warmwei\u00df, wasserdicht, automatisch, solarbetrieben\u2026 - Markt-XXL\",\"isPartOf\":{\"@id\":\"https:\\\/\\\/marktxxl.de\\\/markt\\\/#website\"},\"primaryImageOfPage\":{\"@id\":\"https:\\\/\\\/marktxxl.de\\\/markt\\\/produkt\\\/solar-gartenleuchten-solarleuchten-fuer-garten-6-stueck-led-warmweiss-wasserdicht-automatisch-solarbetrieben-fuer-hof-landschaft-rasen-terrasse-weg-und-einfahrt-6-stueck\\\/#primaryimage\"},\"image\":{\"@id\":\"https:\\\/\\\/marktxxl.de\\\/markt\\\/produkt\\\/solar-gartenleuchten-solarleuchten-fuer-garten-6-stueck-led-warmweiss-wasserdicht-automatisch-solarbetrieben-fuer-hof-landschaft-rasen-terrasse-weg-und-einfahrt-6-stueck\\\/#primaryimage\"},\"thumbnailUrl\":\"https:\\\/\\\/m.media-amazon.com\\\/images\\\/I\\\/61T0Olpo2rL._SL500_.jpg\",\"datePublished\":\"2022-05-15T00:37:33+00:00\",\"dateModified\":\"2023-04-09T01:26:54+00:00\",\"description\":\"Markt-XXL Solpex Solar Gartenleuchten, Solarleuchten f\u00fcr Garten, 6 St\u00fcck, LED Warmwei\u00df, wasserdicht, automatisch, solarbetrieben\u2026\",\"breadcrumb\":{\"@id\":\"https:\\\/\\\/marktxxl.de\\\/markt\\\/produkt\\\/solar-gartenleuchten-solarleuchten-fuer-garten-6-stueck-led-warmweiss-wasserdicht-automatisch-solarbetrieben-fuer-hof-landschaft-rasen-terrasse-weg-und-einfahrt-6-stueck\\\/#breadcrumb\"},\"inLanguage\":\"de\",\"potentialAction\":[{\"@type\":\"ReadAction\",\"target\":[\"https:\\\/\\\/marktxxl.de\\\/markt\\\/produkt\\\/solar-gartenleuchten-solarleuchten-fuer-garten-6-stueck-led-warmweiss-wasserdicht-automatisch-solarbetrieben-fuer-hof-landschaft-rasen-terrasse-weg-und-einfahrt-6-stueck\\\/\"]}]},{\"@type\":\"ImageObject\",\"inLanguage\":\"de\",\"@id\":\"https:\\\/\\\/marktxxl.de\\\/markt\\\/produkt\\\/solar-gartenleuchten-solarleuchten-fuer-garten-6-stueck-led-warmweiss-wasserdicht-automatisch-solarbetrieben-fuer-hof-landschaft-rasen-terrasse-weg-und-einfahrt-6-stueck\\\/#primaryimage\",\"url\":\"https:\\\/\\\/m.media-amazon.com\\\/images\\\/I\\\/61T0Olpo2rL._SL500_.jpg\",\"contentUrl\":\"https:\\\/\\\/m.media-amazon.com\\\/images\\\/I\\\/61T0Olpo2rL._SL500_.jpg\",\"width\":500,\"height\":500},{\"@type\":\"BreadcrumbList\",\"@id\":\"https:\\\/\\\/marktxxl.de\\\/markt\\\/produkt\\\/solar-gartenleuchten-solarleuchten-fuer-garten-6-stueck-led-warmweiss-wasserdicht-automatisch-solarbetrieben-fuer-hof-landschaft-rasen-terrasse-weg-und-einfahrt-6-stueck\\\/#breadcrumb\",\"itemListElement\":[{\"@type\":\"ListItem\",\"position\":1,\"name\":\"Startseite\",\"item\":\"https:\\\/\\\/marktxxl.de\\\/markt\\\/\"},{\"@type\":\"ListItem\",\"position\":2,\"name\":\"Markt\",\"item\":\"https:\\\/\\\/marktxxl.de\\\/markt\\\/\"},{\"@type\":\"ListItem\",\"position\":3,\"name\":\"Solpex Solar Gartenleuchten, Solarleuchten f\u00fcr Garten, 6 St\u00fcck, LED Warmwei\u00df, wasserdicht, automatisch, solarbetrieben\u2026\"}]},{\"@type\":\"WebSite\",\"@id\":\"https:\\\/\\\/marktxxl.de\\\/markt\\\/#website\",\"url\":\"https:\\\/\\\/marktxxl.de\\\/markt\\\/\",\"name\":\"Markt-XXL\",\"description\":\"Ihr Markt Online\",\"publisher\":{\"@id\":\"https:\\\/\\\/marktxxl.de\\\/markt\\\/#organization\"},\"potentialAction\":[{\"@type\":\"SearchAction\",\"target\":{\"@type\":\"EntryPoint\",\"urlTemplate\":\"https:\\\/\\\/marktxxl.de\\\/markt\\\/?s={search_term_string}\"},\"query-input\":{\"@type\":\"PropertyValueSpecification\",\"valueRequired\":true,\"valueName\":\"search_term_string\"}}],\"inLanguage\":\"de\"},{\"@type\":\"Organization\",\"@id\":\"https:\\\/\\\/marktxxl.de\\\/markt\\\/#organization\",\"name\":\"Markt-XXL\",\"url\":\"https:\\\/\\\/marktxxl.de\\\/markt\\\/\",\"logo\":{\"@type\":\"ImageObject\",\"inLanguage\":\"de\",\"@id\":\"https:\\\/\\\/marktxxl.de\\\/markt\\\/#\\\/schema\\\/logo\\\/image\\\/\",\"url\":\"https:\\\/\\\/marktxxl.de\\\/markt\\\/wp-content\\\/uploads\\\/sites\\\/3\\\/2020\\\/12\\\/logo.png\",\"contentUrl\":\"https:\\\/\\\/marktxxl.de\\\/markt\\\/wp-content\\\/uploads\\\/sites\\\/3\\\/2020\\\/12\\\/logo.png\",\"width\":200,\"height\":70,\"caption\":\"Markt-XXL\"},\"image\":{\"@id\":\"https:\\\/\\\/marktxxl.de\\\/markt\\\/#\\\/schema\\\/logo\\\/image\\\/\"}}]}<\/script>\n<!-- \/ Yoast SEO plugin. -->","yoast_head_json":{"title":"Solpex Solar Gartenleuchten, Solarleuchten f\u00fcr Garten, 6 St\u00fcck, LED Warmwei\u00df, wasserdicht, automatisch, solarbetrieben\u2026 - Markt-XXL","description":"Markt-XXL Solpex Solar Gartenleuchten, Solarleuchten f\u00fcr Garten, 6 St\u00fcck, LED Warmwei\u00df, wasserdicht, automatisch, solarbetrieben\u2026","robots":{"index":"index","follow":"follow","max-snippet":"max-snippet:-1","max-image-preview":"max-image-preview:large","max-video-preview":"max-video-preview:-1"},"canonical":"https:\/\/marktxxl.de\/markt\/produkt\/solar-gartenleuchten-solarleuchten-fuer-garten-6-stueck-led-warmweiss-wasserdicht-automatisch-solarbetrieben-fuer-hof-landschaft-rasen-terrasse-weg-und-einfahrt-6-stueck\/","og_locale":"de_DE","og_type":"article","og_title":"Solpex Solar Gartenleuchten, Solarleuchten f\u00fcr Garten, 6 St\u00fcck, LED Warmwei\u00df, wasserdicht, automatisch, solarbetrieben\u2026 - Markt-XXL","og_description":"Markt-XXL Solpex Solar Gartenleuchten, Solarleuchten f\u00fcr Garten, 6 St\u00fcck, LED Warmwei\u00df, wasserdicht, automatisch, solarbetrieben\u2026","og_url":"https:\/\/marktxxl.de\/markt\/produkt\/solar-gartenleuchten-solarleuchten-fuer-garten-6-stueck-led-warmweiss-wasserdicht-automatisch-solarbetrieben-fuer-hof-landschaft-rasen-terrasse-weg-und-einfahrt-6-stueck\/","og_site_name":"Markt-XXL","article_modified_time":"2023-04-09T01:26:54+00:00","og_image":[{"width":500,"height":500,"url":"https:\/\/m.media-amazon.com\/images\/I\/61T0Olpo2rL._SL500_.jpg","type":"image\/jpeg"}],"twitter_card":"summary_large_image","schema":{"@context":"https:\/\/schema.org","@graph":[{"@type":"WebPage","@id":"https:\/\/marktxxl.de\/markt\/produkt\/solar-gartenleuchten-solarleuchten-fuer-garten-6-stueck-led-warmweiss-wasserdicht-automatisch-solarbetrieben-fuer-hof-landschaft-rasen-terrasse-weg-und-einfahrt-6-stueck\/","url":"https:\/\/marktxxl.de\/markt\/produkt\/solar-gartenleuchten-solarleuchten-fuer-garten-6-stueck-led-warmweiss-wasserdicht-automatisch-solarbetrieben-fuer-hof-landschaft-rasen-terrasse-weg-und-einfahrt-6-stueck\/","name":"Solpex Solar Gartenleuchten, Solarleuchten f\u00fcr Garten, 6 St\u00fcck, LED Warmwei\u00df, wasserdicht, automatisch, solarbetrieben\u2026 - Markt-XXL","isPartOf":{"@id":"https:\/\/marktxxl.de\/markt\/#website"},"primaryImageOfPage":{"@id":"https:\/\/marktxxl.de\/markt\/produkt\/solar-gartenleuchten-solarleuchten-fuer-garten-6-stueck-led-warmweiss-wasserdicht-automatisch-solarbetrieben-fuer-hof-landschaft-rasen-terrasse-weg-und-einfahrt-6-stueck\/#primaryimage"},"image":{"@id":"https:\/\/marktxxl.de\/markt\/produkt\/solar-gartenleuchten-solarleuchten-fuer-garten-6-stueck-led-warmweiss-wasserdicht-automatisch-solarbetrieben-fuer-hof-landschaft-rasen-terrasse-weg-und-einfahrt-6-stueck\/#primaryimage"},"thumbnailUrl":"https:\/\/m.media-amazon.com\/images\/I\/61T0Olpo2rL._SL500_.jpg","datePublished":"2022-05-15T00:37:33+00:00","dateModified":"2023-04-09T01:26:54+00:00","description":"Markt-XXL Solpex Solar Gartenleuchten, Solarleuchten f\u00fcr Garten, 6 St\u00fcck, LED Warmwei\u00df, wasserdicht, automatisch, solarbetrieben\u2026","breadcrumb":{"@id":"https:\/\/marktxxl.de\/markt\/produkt\/solar-gartenleuchten-solarleuchten-fuer-garten-6-stueck-led-warmweiss-wasserdicht-automatisch-solarbetrieben-fuer-hof-landschaft-rasen-terrasse-weg-und-einfahrt-6-stueck\/#breadcrumb"},"inLanguage":"de","potentialAction":[{"@type":"ReadAction","target":["https:\/\/marktxxl.de\/markt\/produkt\/solar-gartenleuchten-solarleuchten-fuer-garten-6-stueck-led-warmweiss-wasserdicht-automatisch-solarbetrieben-fuer-hof-landschaft-rasen-terrasse-weg-und-einfahrt-6-stueck\/"]}]},{"@type":"ImageObject","inLanguage":"de","@id":"https:\/\/marktxxl.de\/markt\/produkt\/solar-gartenleuchten-solarleuchten-fuer-garten-6-stueck-led-warmweiss-wasserdicht-automatisch-solarbetrieben-fuer-hof-landschaft-rasen-terrasse-weg-und-einfahrt-6-stueck\/#primaryimage","url":"https:\/\/m.media-amazon.com\/images\/I\/61T0Olpo2rL._SL500_.jpg","contentUrl":"https:\/\/m.media-amazon.com\/images\/I\/61T0Olpo2rL._SL500_.jpg","width":500,"height":500},{"@type":"BreadcrumbList","@id":"https:\/\/marktxxl.de\/markt\/produkt\/solar-gartenleuchten-solarleuchten-fuer-garten-6-stueck-led-warmweiss-wasserdicht-automatisch-solarbetrieben-fuer-hof-landschaft-rasen-terrasse-weg-und-einfahrt-6-stueck\/#breadcrumb","itemListElement":[{"@type":"ListItem","position":1,"name":"Startseite","item":"https:\/\/marktxxl.de\/markt\/"},{"@type":"ListItem","position":2,"name":"Markt","item":"https:\/\/marktxxl.de\/markt\/"},{"@type":"ListItem","position":3,"name":"Solpex Solar Gartenleuchten, Solarleuchten f\u00fcr Garten, 6 St\u00fcck, LED Warmwei\u00df, wasserdicht, automatisch, solarbetrieben\u2026"}]},{"@type":"WebSite","@id":"https:\/\/marktxxl.de\/markt\/#website","url":"https:\/\/marktxxl.de\/markt\/","name":"Markt-XXL","description":"Ihr Markt Online","publisher":{"@id":"https:\/\/marktxxl.de\/markt\/#organization"},"potentialAction":[{"@type":"SearchAction","target":{"@type":"EntryPoint","urlTemplate":"https:\/\/marktxxl.de\/markt\/?s={search_term_string}"},"query-input":{"@type":"PropertyValueSpecification","valueRequired":true,"valueName":"search_term_string"}}],"inLanguage":"de"},{"@type":"Organization","@id":"https:\/\/marktxxl.de\/markt\/#organization","name":"Markt-XXL","url":"https:\/\/marktxxl.de\/markt\/","logo":{"@type":"ImageObject","inLanguage":"de","@id":"https:\/\/marktxxl.de\/markt\/#\/schema\/logo\/image\/","url":"https:\/\/marktxxl.de\/markt\/wp-content\/uploads\/sites\/3\/2020\/12\/logo.png","contentUrl":"https:\/\/marktxxl.de\/markt\/wp-content\/uploads\/sites\/3\/2020\/12\/logo.png","width":200,"height":70,"caption":"Markt-XXL"},"image":{"@id":"https:\/\/marktxxl.de\/markt\/#\/schema\/logo\/image\/"}}]}},"_links":{"self":[{"href":"https:\/\/marktxxl.de\/markt\/wp-json\/wp\/v2\/product\/118871","targetHints":{"allow":["GET"]}}],"collection":[{"href":"https:\/\/marktxxl.de\/markt\/wp-json\/wp\/v2\/product"}],"about":[{"href":"https:\/\/marktxxl.de\/markt\/wp-json\/wp\/v2\/types\/product"}],"replies":[{"embeddable":true,"href":"https:\/\/marktxxl.de\/markt\/wp-json\/wp\/v2\/comments?post=118871"}],"wp:featuredmedia":[{"embeddable":true,"href":"https:\/\/marktxxl.de\/markt\/wp-json\/wp\/v2\/media\/118872"}],"wp:attachment":[{"href":"https:\/\/marktxxl.de\/markt\/wp-json\/wp\/v2\/media?parent=118871"}],"wp:term":[{"taxonomy":"product_brand","embeddable":true,"href":"https:\/\/marktxxl.de\/markt\/wp-json\/wp\/v2\/product_brand?post=118871"},{"taxonomy":"product_cat","embeddable":true,"href":"https:\/\/marktxxl.de\/markt\/wp-json\/wp\/v2\/product_cat?post=118871"},{"taxonomy":"product_tag","embeddable":true,"href":"https:\/\/marktxxl.de\/markt\/wp-json\/wp\/v2\/product_tag?post=118871"}],"curies":[{"name":"wp","href":"https:\/\/api.w.org\/{rel}","templated":true}]}}