{"id":118844,"date":"2022-05-15T02:37:19","date_gmt":"2022-05-15T00:37:19","guid":{"rendered":"https:\/\/marktxxl.de\/markt\/produkt\/ebros-picante-mexikanischer-chihuahua-hund-dekoration-fuer-wege-314-cm-hoch-mit-solar-led-laterne-lampe-dieses-kleine-licht-von-minen\/"},"modified":"2023-04-09T03:26:54","modified_gmt":"2023-04-09T01:26:54","slug":"ebros-picante-mexikanischer-chihuahua-hund-dekoration-fuer-wege-314-cm-hoch-mit-solar-led-laterne-lampe-dieses-kleine-licht-von-minen","status":"publish","type":"product","link":"https:\/\/marktxxl.de\/markt\/produkt\/ebros-picante-mexikanischer-chihuahua-hund-dekoration-fuer-wege-314-cm-hoch-mit-solar-led-laterne-lampe-dieses-kleine-licht-von-minen\/","title":{"rendered":"Ebros Picante Mexikanischer Chihuahua-Hund, Dekoration f\u00fcr Wege, 31,4 cm hoch mit Solar-LED-Laterne, Lampe, dieses\u2026"},"content":{"rendered":"<p>Diese bezaubernde Chihuahua-Statue ist ca. 31,8 cm hoch, 26 cm lang und 15,2 cm tief.<br \/>\nDie LED-Lampenfigur ist solarbetrieben und die Laterne hat einen An-\/Ausschalter. Die Laterne schaltet sich automatisch bei Abwesenheit von Licht ein. Obwohl die Batteriesteckdosen zwei m\u00f6gliche Platzierungen der Batterie anzeigen, ben\u00f6tigt die Laterneneinheit nur eine Batterie (im Lieferumfang der Laterne enthalten).<br \/>\nDiese Chihuahua-Lichtw\u00e4chter-Statue ist aus Verbundharz, handbemalt und einzeln poliert. Der Farbton kann von den Bildern abweichen. Begr\u00fc\u00dfen Sie Ihre G\u00e4ste mit dieser gut gearbeiteten Chihuahua-Statue mit einem Foto-Sensor, solarbetrieben.<br \/>\nVerwenden Sie diese Statue als Wegeleuchte, Baumhausdekoration, Terrassenbeleuchtung und viele andere Bereiche Ihres Hauses, die Ihrer Fantasie freien Lauf lassen. Wenn Sie planen, diese Figur im Freien zu verwenden, m\u00fcssen Sie diese Statue mit UV-Licht beschichten um Farbverf\u00e4rbungen, Absplitterungen und Abl\u00f6sen zu vermeiden. Kaufen Sie ein transparentes Polyurethan-Produkt, das besagt, dass es UV-Schutz bietet. Diese Produkte sind in Ihren \u00f6rtlichen Baumarkt erh\u00e4ltlich.<br \/>\nDies ist eine exklusive Kollektion von Ebros. Cola kann neben der Statue platziert werden, ist nicht im Lieferumfang enthalten. Es soll eine Perspektive der Gr\u00f6\u00dfe bieten.<br \/>\n<div class=\"main-cross-sell\" data-asin=\"B07H7765T9\">\n\n\t<div class=\"WooZone-cross-sell-loader\">\n\t\t<div>\n\t\t\t<div id=\"floatingBarsG\">\n\t\t\t\t<div class=\"blockG\" id=\"rotateG_01\"><\/div>\n\t\t\t\t<div class=\"blockG\" id=\"rotateG_02\"><\/div>\n\t\t\t\t<div class=\"blockG\" id=\"rotateG_03\"><\/div>\n\t\t\t\t<div class=\"blockG\" id=\"rotateG_04\"><\/div>\n\t\t\t\t<div class=\"blockG\" id=\"rotateG_05\"><\/div>\n\t\t\t\t<div class=\"blockG\" id=\"rotateG_06\"><\/div>\n\t\t\t\t<div class=\"blockG\" id=\"rotateG_07\"><\/div>\n\t\t\t\t<div class=\"blockG\" id=\"rotateG_08\"><\/div>\n\t\t\t<\/div>\n\t\t\t<div class=\"WooZone-cross-sell-loader-text\"><\/div>\n\t\t<\/div>\n\t<\/div>\n\n\t\t\n<\/div>\n<div style=\"clear:both;\"><\/div><\/p>\n","protected":false},"excerpt":{"rendered":"<p>Diese bezaubernde Chihuahua-Statue ist ca. 31,8 cm hoch, 26 cm lang und 15,2 cm tief.<br \/>\nDie LED-Lampenfigur ist solarbetrieben und die Laterne hat einen An-\/Ausschalter. Die Laterne schaltet sich automatisch bei Abwesenheit von Licht ein. Obwohl die Batteriesteckdosen zwei m\u00f6gliche Platzierungen der Batterie anzeigen, ben\u00f6tigt die Laterneneinheit nur eine Batterie (im Lieferumfang der Laterne enthalten).<br \/>\nDiese Chihuahua-Lichtw\u00e4chter-Statue ist aus Verbundharz, handbemalt und einzeln poliert. Der Farbton kann von den Bildern abweichen. Begr\u00fc\u00dfen Sie Ihre G\u00e4ste mit dieser gut gearbeiteten Chihuahua-Statue mit einem Foto-Sensor, solarbetrieben.<\/p>\n","protected":false},"featured_media":118845,"comment_status":"open","ping_status":"closed","template":"","meta":[],"product_brand":[],"product_cat":[11446,2108],"product_tag":[],"class_list":{"0":"post-118844","1":"product","2":"type-product","3":"status-publish","4":"has-post-thumbnail","6":"product_cat-aussenbeleuchtung","7":"product_cat-beleuchtung","8":"pa_binding-haushaltswaren","9":"pa_brand-ebros-gift","10":"pa_brand-thames-hudson","11":"pa_height-12-5-zoll","12":"pa_length-6-zoll","13":"pa_manufacturer-ebros-gift","14":"pa_model-atlantic-collectibles","15":"pa_width-10-25-zoll","17":"first","18":"instock","19":"shipping-taxable","20":"purchasable","21":"product-type-simple","22":"customify-col","23":"product-has-gallery"},"yoast_head":"<!-- This site is optimized with the Yoast SEO plugin v27.3 - https:\/\/yoast.com\/product\/yoast-seo-wordpress\/ -->\n<title>Ebros Picante Mexikanischer Chihuahua-Hund, Dekoration f\u00fcr Wege, 31,4 cm hoch mit Solar-LED-Laterne, Lampe, dieses\u2026 - Markt-XXL<\/title>\n<meta name=\"description\" content=\"Markt-XXL Ebros Picante Mexikanischer Chihuahua-Hund, Dekoration f\u00fcr Wege, 31,4 cm hoch mit Solar-LED-Laterne, Lampe, dieses\u2026\" \/>\n<meta name=\"robots\" content=\"index, follow, max-snippet:-1, max-image-preview:large, max-video-preview:-1\" \/>\n<link rel=\"canonical\" href=\"https:\/\/marktxxl.de\/markt\/produkt\/ebros-picante-mexikanischer-chihuahua-hund-dekoration-fuer-wege-314-cm-hoch-mit-solar-led-laterne-lampe-dieses-kleine-licht-von-minen\/\" \/>\n<meta property=\"og:locale\" content=\"de_DE\" \/>\n<meta property=\"og:type\" content=\"article\" \/>\n<meta property=\"og:title\" content=\"Ebros Picante Mexikanischer Chihuahua-Hund, Dekoration f\u00fcr Wege, 31,4 cm hoch mit Solar-LED-Laterne, Lampe, dieses\u2026 - Markt-XXL\" \/>\n<meta property=\"og:description\" content=\"Markt-XXL Ebros Picante Mexikanischer Chihuahua-Hund, Dekoration f\u00fcr Wege, 31,4 cm hoch mit Solar-LED-Laterne, Lampe, dieses\u2026\" \/>\n<meta property=\"og:url\" content=\"https:\/\/marktxxl.de\/markt\/produkt\/ebros-picante-mexikanischer-chihuahua-hund-dekoration-fuer-wege-314-cm-hoch-mit-solar-led-laterne-lampe-dieses-kleine-licht-von-minen\/\" \/>\n<meta property=\"og:site_name\" content=\"Markt-XXL\" \/>\n<meta property=\"article:modified_time\" content=\"2023-04-09T01:26:54+00:00\" \/>\n<meta property=\"og:image\" content=\"https:\/\/m.media-amazon.com\/images\/I\/51JdqTv+JeL._SL500_.jpg\" \/>\n\t<meta property=\"og:image:width\" content=\"297\" \/>\n\t<meta property=\"og:image:height\" content=\"500\" \/>\n\t<meta property=\"og:image:type\" content=\"image\/jpeg\" \/>\n<meta name=\"twitter:card\" content=\"summary_large_image\" \/>\n<meta name=\"twitter:label1\" content=\"Gesch\u00e4tzte Lesezeit\" \/>\n\t<meta name=\"twitter:data1\" content=\"1\u00a0Minute\" \/>\n<script type=\"application\/ld+json\" class=\"yoast-schema-graph\">{\"@context\":\"https:\\\/\\\/schema.org\",\"@graph\":[{\"@type\":\"WebPage\",\"@id\":\"https:\\\/\\\/marktxxl.de\\\/markt\\\/produkt\\\/ebros-picante-mexikanischer-chihuahua-hund-dekoration-fuer-wege-314-cm-hoch-mit-solar-led-laterne-lampe-dieses-kleine-licht-von-minen\\\/\",\"url\":\"https:\\\/\\\/marktxxl.de\\\/markt\\\/produkt\\\/ebros-picante-mexikanischer-chihuahua-hund-dekoration-fuer-wege-314-cm-hoch-mit-solar-led-laterne-lampe-dieses-kleine-licht-von-minen\\\/\",\"name\":\"Ebros Picante Mexikanischer Chihuahua-Hund, Dekoration f\u00fcr Wege, 31,4 cm hoch mit Solar-LED-Laterne, Lampe, dieses\u2026 - Markt-XXL\",\"isPartOf\":{\"@id\":\"https:\\\/\\\/marktxxl.de\\\/markt\\\/#website\"},\"primaryImageOfPage\":{\"@id\":\"https:\\\/\\\/marktxxl.de\\\/markt\\\/produkt\\\/ebros-picante-mexikanischer-chihuahua-hund-dekoration-fuer-wege-314-cm-hoch-mit-solar-led-laterne-lampe-dieses-kleine-licht-von-minen\\\/#primaryimage\"},\"image\":{\"@id\":\"https:\\\/\\\/marktxxl.de\\\/markt\\\/produkt\\\/ebros-picante-mexikanischer-chihuahua-hund-dekoration-fuer-wege-314-cm-hoch-mit-solar-led-laterne-lampe-dieses-kleine-licht-von-minen\\\/#primaryimage\"},\"thumbnailUrl\":\"https:\\\/\\\/m.media-amazon.com\\\/images\\\/I\\\/51JdqTv+JeL._SL500_.jpg\",\"datePublished\":\"2022-05-15T00:37:19+00:00\",\"dateModified\":\"2023-04-09T01:26:54+00:00\",\"description\":\"Markt-XXL Ebros Picante Mexikanischer Chihuahua-Hund, Dekoration f\u00fcr Wege, 31,4 cm hoch mit Solar-LED-Laterne, Lampe, dieses\u2026\",\"breadcrumb\":{\"@id\":\"https:\\\/\\\/marktxxl.de\\\/markt\\\/produkt\\\/ebros-picante-mexikanischer-chihuahua-hund-dekoration-fuer-wege-314-cm-hoch-mit-solar-led-laterne-lampe-dieses-kleine-licht-von-minen\\\/#breadcrumb\"},\"inLanguage\":\"de\",\"potentialAction\":[{\"@type\":\"ReadAction\",\"target\":[\"https:\\\/\\\/marktxxl.de\\\/markt\\\/produkt\\\/ebros-picante-mexikanischer-chihuahua-hund-dekoration-fuer-wege-314-cm-hoch-mit-solar-led-laterne-lampe-dieses-kleine-licht-von-minen\\\/\"]}]},{\"@type\":\"ImageObject\",\"inLanguage\":\"de\",\"@id\":\"https:\\\/\\\/marktxxl.de\\\/markt\\\/produkt\\\/ebros-picante-mexikanischer-chihuahua-hund-dekoration-fuer-wege-314-cm-hoch-mit-solar-led-laterne-lampe-dieses-kleine-licht-von-minen\\\/#primaryimage\",\"url\":\"https:\\\/\\\/m.media-amazon.com\\\/images\\\/I\\\/51JdqTv+JeL._SL500_.jpg\",\"contentUrl\":\"https:\\\/\\\/m.media-amazon.com\\\/images\\\/I\\\/51JdqTv+JeL._SL500_.jpg\",\"width\":297,\"height\":500},{\"@type\":\"BreadcrumbList\",\"@id\":\"https:\\\/\\\/marktxxl.de\\\/markt\\\/produkt\\\/ebros-picante-mexikanischer-chihuahua-hund-dekoration-fuer-wege-314-cm-hoch-mit-solar-led-laterne-lampe-dieses-kleine-licht-von-minen\\\/#breadcrumb\",\"itemListElement\":[{\"@type\":\"ListItem\",\"position\":1,\"name\":\"Startseite\",\"item\":\"https:\\\/\\\/marktxxl.de\\\/markt\\\/\"},{\"@type\":\"ListItem\",\"position\":2,\"name\":\"Markt\",\"item\":\"https:\\\/\\\/marktxxl.de\\\/markt\\\/\"},{\"@type\":\"ListItem\",\"position\":3,\"name\":\"Ebros Picante Mexikanischer Chihuahua-Hund, Dekoration f\u00fcr Wege, 31,4 cm hoch mit Solar-LED-Laterne, Lampe, dieses\u2026\"}]},{\"@type\":\"WebSite\",\"@id\":\"https:\\\/\\\/marktxxl.de\\\/markt\\\/#website\",\"url\":\"https:\\\/\\\/marktxxl.de\\\/markt\\\/\",\"name\":\"Markt-XXL\",\"description\":\"Ihr Markt Online\",\"publisher\":{\"@id\":\"https:\\\/\\\/marktxxl.de\\\/markt\\\/#organization\"},\"potentialAction\":[{\"@type\":\"SearchAction\",\"target\":{\"@type\":\"EntryPoint\",\"urlTemplate\":\"https:\\\/\\\/marktxxl.de\\\/markt\\\/?s={search_term_string}\"},\"query-input\":{\"@type\":\"PropertyValueSpecification\",\"valueRequired\":true,\"valueName\":\"search_term_string\"}}],\"inLanguage\":\"de\"},{\"@type\":\"Organization\",\"@id\":\"https:\\\/\\\/marktxxl.de\\\/markt\\\/#organization\",\"name\":\"Markt-XXL\",\"url\":\"https:\\\/\\\/marktxxl.de\\\/markt\\\/\",\"logo\":{\"@type\":\"ImageObject\",\"inLanguage\":\"de\",\"@id\":\"https:\\\/\\\/marktxxl.de\\\/markt\\\/#\\\/schema\\\/logo\\\/image\\\/\",\"url\":\"https:\\\/\\\/marktxxl.de\\\/markt\\\/wp-content\\\/uploads\\\/sites\\\/3\\\/2020\\\/12\\\/logo.png\",\"contentUrl\":\"https:\\\/\\\/marktxxl.de\\\/markt\\\/wp-content\\\/uploads\\\/sites\\\/3\\\/2020\\\/12\\\/logo.png\",\"width\":200,\"height\":70,\"caption\":\"Markt-XXL\"},\"image\":{\"@id\":\"https:\\\/\\\/marktxxl.de\\\/markt\\\/#\\\/schema\\\/logo\\\/image\\\/\"}}]}<\/script>\n<!-- \/ Yoast SEO plugin. -->","yoast_head_json":{"title":"Ebros Picante Mexikanischer Chihuahua-Hund, Dekoration f\u00fcr Wege, 31,4 cm hoch mit Solar-LED-Laterne, Lampe, dieses\u2026 - Markt-XXL","description":"Markt-XXL Ebros Picante Mexikanischer Chihuahua-Hund, Dekoration f\u00fcr Wege, 31,4 cm hoch mit Solar-LED-Laterne, Lampe, dieses\u2026","robots":{"index":"index","follow":"follow","max-snippet":"max-snippet:-1","max-image-preview":"max-image-preview:large","max-video-preview":"max-video-preview:-1"},"canonical":"https:\/\/marktxxl.de\/markt\/produkt\/ebros-picante-mexikanischer-chihuahua-hund-dekoration-fuer-wege-314-cm-hoch-mit-solar-led-laterne-lampe-dieses-kleine-licht-von-minen\/","og_locale":"de_DE","og_type":"article","og_title":"Ebros Picante Mexikanischer Chihuahua-Hund, Dekoration f\u00fcr Wege, 31,4 cm hoch mit Solar-LED-Laterne, Lampe, dieses\u2026 - Markt-XXL","og_description":"Markt-XXL Ebros Picante Mexikanischer Chihuahua-Hund, Dekoration f\u00fcr Wege, 31,4 cm hoch mit Solar-LED-Laterne, Lampe, dieses\u2026","og_url":"https:\/\/marktxxl.de\/markt\/produkt\/ebros-picante-mexikanischer-chihuahua-hund-dekoration-fuer-wege-314-cm-hoch-mit-solar-led-laterne-lampe-dieses-kleine-licht-von-minen\/","og_site_name":"Markt-XXL","article_modified_time":"2023-04-09T01:26:54+00:00","og_image":[{"width":297,"height":500,"url":"https:\/\/m.media-amazon.com\/images\/I\/51JdqTv+JeL._SL500_.jpg","type":"image\/jpeg"}],"twitter_card":"summary_large_image","twitter_misc":{"Gesch\u00e4tzte Lesezeit":"1\u00a0Minute"},"schema":{"@context":"https:\/\/schema.org","@graph":[{"@type":"WebPage","@id":"https:\/\/marktxxl.de\/markt\/produkt\/ebros-picante-mexikanischer-chihuahua-hund-dekoration-fuer-wege-314-cm-hoch-mit-solar-led-laterne-lampe-dieses-kleine-licht-von-minen\/","url":"https:\/\/marktxxl.de\/markt\/produkt\/ebros-picante-mexikanischer-chihuahua-hund-dekoration-fuer-wege-314-cm-hoch-mit-solar-led-laterne-lampe-dieses-kleine-licht-von-minen\/","name":"Ebros Picante Mexikanischer Chihuahua-Hund, Dekoration f\u00fcr Wege, 31,4 cm hoch mit Solar-LED-Laterne, Lampe, dieses\u2026 - Markt-XXL","isPartOf":{"@id":"https:\/\/marktxxl.de\/markt\/#website"},"primaryImageOfPage":{"@id":"https:\/\/marktxxl.de\/markt\/produkt\/ebros-picante-mexikanischer-chihuahua-hund-dekoration-fuer-wege-314-cm-hoch-mit-solar-led-laterne-lampe-dieses-kleine-licht-von-minen\/#primaryimage"},"image":{"@id":"https:\/\/marktxxl.de\/markt\/produkt\/ebros-picante-mexikanischer-chihuahua-hund-dekoration-fuer-wege-314-cm-hoch-mit-solar-led-laterne-lampe-dieses-kleine-licht-von-minen\/#primaryimage"},"thumbnailUrl":"https:\/\/m.media-amazon.com\/images\/I\/51JdqTv+JeL._SL500_.jpg","datePublished":"2022-05-15T00:37:19+00:00","dateModified":"2023-04-09T01:26:54+00:00","description":"Markt-XXL Ebros Picante Mexikanischer Chihuahua-Hund, Dekoration f\u00fcr Wege, 31,4 cm hoch mit Solar-LED-Laterne, Lampe, dieses\u2026","breadcrumb":{"@id":"https:\/\/marktxxl.de\/markt\/produkt\/ebros-picante-mexikanischer-chihuahua-hund-dekoration-fuer-wege-314-cm-hoch-mit-solar-led-laterne-lampe-dieses-kleine-licht-von-minen\/#breadcrumb"},"inLanguage":"de","potentialAction":[{"@type":"ReadAction","target":["https:\/\/marktxxl.de\/markt\/produkt\/ebros-picante-mexikanischer-chihuahua-hund-dekoration-fuer-wege-314-cm-hoch-mit-solar-led-laterne-lampe-dieses-kleine-licht-von-minen\/"]}]},{"@type":"ImageObject","inLanguage":"de","@id":"https:\/\/marktxxl.de\/markt\/produkt\/ebros-picante-mexikanischer-chihuahua-hund-dekoration-fuer-wege-314-cm-hoch-mit-solar-led-laterne-lampe-dieses-kleine-licht-von-minen\/#primaryimage","url":"https:\/\/m.media-amazon.com\/images\/I\/51JdqTv+JeL._SL500_.jpg","contentUrl":"https:\/\/m.media-amazon.com\/images\/I\/51JdqTv+JeL._SL500_.jpg","width":297,"height":500},{"@type":"BreadcrumbList","@id":"https:\/\/marktxxl.de\/markt\/produkt\/ebros-picante-mexikanischer-chihuahua-hund-dekoration-fuer-wege-314-cm-hoch-mit-solar-led-laterne-lampe-dieses-kleine-licht-von-minen\/#breadcrumb","itemListElement":[{"@type":"ListItem","position":1,"name":"Startseite","item":"https:\/\/marktxxl.de\/markt\/"},{"@type":"ListItem","position":2,"name":"Markt","item":"https:\/\/marktxxl.de\/markt\/"},{"@type":"ListItem","position":3,"name":"Ebros Picante Mexikanischer Chihuahua-Hund, Dekoration f\u00fcr Wege, 31,4 cm hoch mit Solar-LED-Laterne, Lampe, dieses\u2026"}]},{"@type":"WebSite","@id":"https:\/\/marktxxl.de\/markt\/#website","url":"https:\/\/marktxxl.de\/markt\/","name":"Markt-XXL","description":"Ihr Markt Online","publisher":{"@id":"https:\/\/marktxxl.de\/markt\/#organization"},"potentialAction":[{"@type":"SearchAction","target":{"@type":"EntryPoint","urlTemplate":"https:\/\/marktxxl.de\/markt\/?s={search_term_string}"},"query-input":{"@type":"PropertyValueSpecification","valueRequired":true,"valueName":"search_term_string"}}],"inLanguage":"de"},{"@type":"Organization","@id":"https:\/\/marktxxl.de\/markt\/#organization","name":"Markt-XXL","url":"https:\/\/marktxxl.de\/markt\/","logo":{"@type":"ImageObject","inLanguage":"de","@id":"https:\/\/marktxxl.de\/markt\/#\/schema\/logo\/image\/","url":"https:\/\/marktxxl.de\/markt\/wp-content\/uploads\/sites\/3\/2020\/12\/logo.png","contentUrl":"https:\/\/marktxxl.de\/markt\/wp-content\/uploads\/sites\/3\/2020\/12\/logo.png","width":200,"height":70,"caption":"Markt-XXL"},"image":{"@id":"https:\/\/marktxxl.de\/markt\/#\/schema\/logo\/image\/"}}]}},"_links":{"self":[{"href":"https:\/\/marktxxl.de\/markt\/wp-json\/wp\/v2\/product\/118844","targetHints":{"allow":["GET"]}}],"collection":[{"href":"https:\/\/marktxxl.de\/markt\/wp-json\/wp\/v2\/product"}],"about":[{"href":"https:\/\/marktxxl.de\/markt\/wp-json\/wp\/v2\/types\/product"}],"replies":[{"embeddable":true,"href":"https:\/\/marktxxl.de\/markt\/wp-json\/wp\/v2\/comments?post=118844"}],"wp:featuredmedia":[{"embeddable":true,"href":"https:\/\/marktxxl.de\/markt\/wp-json\/wp\/v2\/media\/118845"}],"wp:attachment":[{"href":"https:\/\/marktxxl.de\/markt\/wp-json\/wp\/v2\/media?parent=118844"}],"wp:term":[{"taxonomy":"product_brand","embeddable":true,"href":"https:\/\/marktxxl.de\/markt\/wp-json\/wp\/v2\/product_brand?post=118844"},{"taxonomy":"product_cat","embeddable":true,"href":"https:\/\/marktxxl.de\/markt\/wp-json\/wp\/v2\/product_cat?post=118844"},{"taxonomy":"product_tag","embeddable":true,"href":"https:\/\/marktxxl.de\/markt\/wp-json\/wp\/v2\/product_tag?post=118844"}],"curies":[{"name":"wp","href":"https:\/\/api.w.org\/{rel}","templated":true}]}}