{"id":118800,"date":"2022-05-15T02:35:02","date_gmt":"2022-05-15T00:35:02","guid":{"rendered":"https:\/\/marktxxl.de\/markt\/produkt\/varta-pets-nachtlicht-max-fuer-kinder-inkl-3xaaa-longlife-power-batterien-taschenlampe-orientierungslicht-stimmungslicht-fuer-schlafzimmer-mit-touch-sensor-und-an-und-ausschalt-funktion\/"},"modified":"2023-04-09T03:26:53","modified_gmt":"2023-04-09T01:26:53","slug":"varta-pets-nachtlicht-max-fuer-kinder-inkl-3xaaa-longlife-power-batterien-taschenlampe-orientierungslicht-stimmungslicht-fuer-schlafzimmer-mit-touch-sensor-und-an-und-ausschalt-funktion","status":"publish","type":"product","link":"https:\/\/marktxxl.de\/markt\/produkt\/varta-pets-nachtlicht-max-fuer-kinder-inkl-3xaaa-longlife-power-batterien-taschenlampe-orientierungslicht-stimmungslicht-fuer-schlafzimmer-mit-touch-sensor-und-an-und-ausschalt-funktion\/","title":{"rendered":"VARTA Pets Nachtlicht Max (f\u00fcr Kinder inkl. 3xAAA Longlife Power Batterien Taschenlampe, Orientierungslicht\u2026"},"content":{"rendered":"<p>Das Nachtlicht in Form des Pets 2 Charakters Max, erleichtert das Einschlafen von Kindern und ist ein dekoratives Element im Kinderzimmer.<br \/>\nIdeal f\u00fcr Kinderzimmer, Jugendzimmer oder als Nachtlicht, Orientierungslicht und Notfalllicht, sowie bei Stromausfall<br \/>\nDas Nachtlicht kann \u00fcber den Sensor im Hundenapf an- und ausgeschaltet werden. Mit dem Schiebeschalter an der Unterseite k\u00f6nnen Sie zwischen den Lichtmodi (Hoch\/Tief) w\u00e4hlen<br \/>\nDie Lichtleistung betr\u00e4gt 7 Lumen bei einer Laufzeit von bis zu 200 Stunden. Das Nachtlicht verf\u00fcgt \u00fcber eine automatische Abschaltfunktion (es schaltet sich nach 30 Minuten im High-Modus und nach 60 Minuten im Low-Modus aus).<br \/>\ninklusive 3xAAA VARTA Longlife Power Batterien<br \/>\n<div class=\"main-cross-sell\" data-asin=\"B07QHKWBRZ\">\n\n\t<div class=\"WooZone-cross-sell-loader\">\n\t\t<div>\n\t\t\t<div id=\"floatingBarsG\">\n\t\t\t\t<div class=\"blockG\" id=\"rotateG_01\"><\/div>\n\t\t\t\t<div class=\"blockG\" id=\"rotateG_02\"><\/div>\n\t\t\t\t<div class=\"blockG\" id=\"rotateG_03\"><\/div>\n\t\t\t\t<div class=\"blockG\" id=\"rotateG_04\"><\/div>\n\t\t\t\t<div class=\"blockG\" id=\"rotateG_05\"><\/div>\n\t\t\t\t<div class=\"blockG\" id=\"rotateG_06\"><\/div>\n\t\t\t\t<div class=\"blockG\" id=\"rotateG_07\"><\/div>\n\t\t\t\t<div class=\"blockG\" id=\"rotateG_08\"><\/div>\n\t\t\t<\/div>\n\t\t\t<div class=\"WooZone-cross-sell-loader-text\"><\/div>\n\t\t<\/div>\n\t<\/div>\n\n\t\t\n<\/div>\n<div style=\"clear:both;\"><\/div><\/p>\n","protected":false},"excerpt":{"rendered":"<p>Das Nachtlicht in Form des Pets 2 Charakters Max, erleichtert das Einschlafen von Kindern und ist ein dekoratives Element im Kinderzimmer.<br \/>\nIdeal f\u00fcr Kinderzimmer, Jugendzimmer oder als Nachtlicht, Orientierungslicht und Notfalllicht, sowie bei Stromausfall<br \/>\nDas Nachtlicht kann \u00fcber den Sensor im Hundenapf an- und ausgeschaltet werden. Mit dem Schiebeschalter an der Unterseite k\u00f6nnen Sie zwischen den Lichtmodi (Hoch\/Tief) w\u00e4hlen<\/p>\n","protected":false},"featured_media":118801,"comment_status":"open","ping_status":"closed","template":"","meta":[],"product_brand":[],"product_cat":[2108],"product_tag":[],"class_list":{"0":"post-118800","1":"product","2":"type-product","3":"status-publish","4":"has-post-thumbnail","6":"product_cat-beleuchtung","7":"pa_binding-elektronik","8":"pa_brand-varta","9":"pa_color-weiss","10":"pa_height-8-0708661335-zoll","11":"pa_length-4-8425196801-zoll","12":"pa_manufacturer-varta","13":"pa_model-34798","14":"pa_warranty-25987","15":"pa_weight-0-5291094288-pfund","16":"pa_width-4-9999999949-zoll","18":"first","19":"instock","20":"shipping-taxable","21":"purchasable","22":"product-type-simple","23":"customify-col","24":"product-has-gallery"},"yoast_head":"<!-- This site is optimized with the Yoast SEO plugin v27.3 - https:\/\/yoast.com\/product\/yoast-seo-wordpress\/ -->\n<title>VARTA Pets Nachtlicht Max (f\u00fcr Kinder inkl. 3xAAA Longlife Power Batterien Taschenlampe, Orientierungslicht\u2026 - Markt-XXL<\/title>\n<meta name=\"description\" content=\"Markt-XXL VARTA Pets Nachtlicht Max (f\u00fcr Kinder inkl. 3xAAA Longlife Power Batterien Taschenlampe, Orientierungslicht\u2026\" \/>\n<meta name=\"robots\" content=\"index, follow, max-snippet:-1, max-image-preview:large, max-video-preview:-1\" \/>\n<link rel=\"canonical\" href=\"https:\/\/marktxxl.de\/markt\/produkt\/varta-pets-nachtlicht-max-fuer-kinder-inkl-3xaaa-longlife-power-batterien-taschenlampe-orientierungslicht-stimmungslicht-fuer-schlafzimmer-mit-touch-sensor-und-an-und-ausschalt-funktion\/\" \/>\n<meta property=\"og:locale\" content=\"de_DE\" \/>\n<meta property=\"og:type\" content=\"article\" \/>\n<meta property=\"og:title\" content=\"VARTA Pets Nachtlicht Max (f\u00fcr Kinder inkl. 3xAAA Longlife Power Batterien Taschenlampe, Orientierungslicht\u2026 - Markt-XXL\" \/>\n<meta property=\"og:description\" content=\"Markt-XXL VARTA Pets Nachtlicht Max (f\u00fcr Kinder inkl. 3xAAA Longlife Power Batterien Taschenlampe, Orientierungslicht\u2026\" \/>\n<meta property=\"og:url\" content=\"https:\/\/marktxxl.de\/markt\/produkt\/varta-pets-nachtlicht-max-fuer-kinder-inkl-3xaaa-longlife-power-batterien-taschenlampe-orientierungslicht-stimmungslicht-fuer-schlafzimmer-mit-touch-sensor-und-an-und-ausschalt-funktion\/\" \/>\n<meta property=\"og:site_name\" content=\"Markt-XXL\" \/>\n<meta property=\"article:modified_time\" content=\"2023-04-09T01:26:53+00:00\" \/>\n<meta property=\"og:image\" content=\"https:\/\/m.media-amazon.com\/images\/I\/41Sf4vtyU-L._SL500_.jpg\" \/>\n\t<meta property=\"og:image:width\" content=\"500\" \/>\n\t<meta property=\"og:image:height\" content=\"500\" \/>\n\t<meta property=\"og:image:type\" content=\"image\/jpeg\" \/>\n<meta name=\"twitter:card\" content=\"summary_large_image\" \/>\n<meta name=\"twitter:label1\" content=\"Gesch\u00e4tzte Lesezeit\" \/>\n\t<meta name=\"twitter:data1\" content=\"1\u00a0Minute\" \/>\n<script type=\"application\/ld+json\" class=\"yoast-schema-graph\">{\"@context\":\"https:\\\/\\\/schema.org\",\"@graph\":[{\"@type\":\"WebPage\",\"@id\":\"https:\\\/\\\/marktxxl.de\\\/markt\\\/produkt\\\/varta-pets-nachtlicht-max-fuer-kinder-inkl-3xaaa-longlife-power-batterien-taschenlampe-orientierungslicht-stimmungslicht-fuer-schlafzimmer-mit-touch-sensor-und-an-und-ausschalt-funktion\\\/\",\"url\":\"https:\\\/\\\/marktxxl.de\\\/markt\\\/produkt\\\/varta-pets-nachtlicht-max-fuer-kinder-inkl-3xaaa-longlife-power-batterien-taschenlampe-orientierungslicht-stimmungslicht-fuer-schlafzimmer-mit-touch-sensor-und-an-und-ausschalt-funktion\\\/\",\"name\":\"VARTA Pets Nachtlicht Max (f\u00fcr Kinder inkl. 3xAAA Longlife Power Batterien Taschenlampe, Orientierungslicht\u2026 - Markt-XXL\",\"isPartOf\":{\"@id\":\"https:\\\/\\\/marktxxl.de\\\/markt\\\/#website\"},\"primaryImageOfPage\":{\"@id\":\"https:\\\/\\\/marktxxl.de\\\/markt\\\/produkt\\\/varta-pets-nachtlicht-max-fuer-kinder-inkl-3xaaa-longlife-power-batterien-taschenlampe-orientierungslicht-stimmungslicht-fuer-schlafzimmer-mit-touch-sensor-und-an-und-ausschalt-funktion\\\/#primaryimage\"},\"image\":{\"@id\":\"https:\\\/\\\/marktxxl.de\\\/markt\\\/produkt\\\/varta-pets-nachtlicht-max-fuer-kinder-inkl-3xaaa-longlife-power-batterien-taschenlampe-orientierungslicht-stimmungslicht-fuer-schlafzimmer-mit-touch-sensor-und-an-und-ausschalt-funktion\\\/#primaryimage\"},\"thumbnailUrl\":\"https:\\\/\\\/m.media-amazon.com\\\/images\\\/I\\\/41Sf4vtyU-L._SL500_.jpg\",\"datePublished\":\"2022-05-15T00:35:02+00:00\",\"dateModified\":\"2023-04-09T01:26:53+00:00\",\"description\":\"Markt-XXL VARTA Pets Nachtlicht Max (f\u00fcr Kinder inkl. 3xAAA Longlife Power Batterien Taschenlampe, Orientierungslicht\u2026\",\"breadcrumb\":{\"@id\":\"https:\\\/\\\/marktxxl.de\\\/markt\\\/produkt\\\/varta-pets-nachtlicht-max-fuer-kinder-inkl-3xaaa-longlife-power-batterien-taschenlampe-orientierungslicht-stimmungslicht-fuer-schlafzimmer-mit-touch-sensor-und-an-und-ausschalt-funktion\\\/#breadcrumb\"},\"inLanguage\":\"de\",\"potentialAction\":[{\"@type\":\"ReadAction\",\"target\":[\"https:\\\/\\\/marktxxl.de\\\/markt\\\/produkt\\\/varta-pets-nachtlicht-max-fuer-kinder-inkl-3xaaa-longlife-power-batterien-taschenlampe-orientierungslicht-stimmungslicht-fuer-schlafzimmer-mit-touch-sensor-und-an-und-ausschalt-funktion\\\/\"]}]},{\"@type\":\"ImageObject\",\"inLanguage\":\"de\",\"@id\":\"https:\\\/\\\/marktxxl.de\\\/markt\\\/produkt\\\/varta-pets-nachtlicht-max-fuer-kinder-inkl-3xaaa-longlife-power-batterien-taschenlampe-orientierungslicht-stimmungslicht-fuer-schlafzimmer-mit-touch-sensor-und-an-und-ausschalt-funktion\\\/#primaryimage\",\"url\":\"https:\\\/\\\/m.media-amazon.com\\\/images\\\/I\\\/41Sf4vtyU-L._SL500_.jpg\",\"contentUrl\":\"https:\\\/\\\/m.media-amazon.com\\\/images\\\/I\\\/41Sf4vtyU-L._SL500_.jpg\",\"width\":500,\"height\":500},{\"@type\":\"BreadcrumbList\",\"@id\":\"https:\\\/\\\/marktxxl.de\\\/markt\\\/produkt\\\/varta-pets-nachtlicht-max-fuer-kinder-inkl-3xaaa-longlife-power-batterien-taschenlampe-orientierungslicht-stimmungslicht-fuer-schlafzimmer-mit-touch-sensor-und-an-und-ausschalt-funktion\\\/#breadcrumb\",\"itemListElement\":[{\"@type\":\"ListItem\",\"position\":1,\"name\":\"Startseite\",\"item\":\"https:\\\/\\\/marktxxl.de\\\/markt\\\/\"},{\"@type\":\"ListItem\",\"position\":2,\"name\":\"Markt\",\"item\":\"https:\\\/\\\/marktxxl.de\\\/markt\\\/\"},{\"@type\":\"ListItem\",\"position\":3,\"name\":\"VARTA Pets Nachtlicht Max (f\u00fcr Kinder inkl. 3xAAA Longlife Power Batterien Taschenlampe, Orientierungslicht\u2026\"}]},{\"@type\":\"WebSite\",\"@id\":\"https:\\\/\\\/marktxxl.de\\\/markt\\\/#website\",\"url\":\"https:\\\/\\\/marktxxl.de\\\/markt\\\/\",\"name\":\"Markt-XXL\",\"description\":\"Ihr Markt Online\",\"publisher\":{\"@id\":\"https:\\\/\\\/marktxxl.de\\\/markt\\\/#organization\"},\"potentialAction\":[{\"@type\":\"SearchAction\",\"target\":{\"@type\":\"EntryPoint\",\"urlTemplate\":\"https:\\\/\\\/marktxxl.de\\\/markt\\\/?s={search_term_string}\"},\"query-input\":{\"@type\":\"PropertyValueSpecification\",\"valueRequired\":true,\"valueName\":\"search_term_string\"}}],\"inLanguage\":\"de\"},{\"@type\":\"Organization\",\"@id\":\"https:\\\/\\\/marktxxl.de\\\/markt\\\/#organization\",\"name\":\"Markt-XXL\",\"url\":\"https:\\\/\\\/marktxxl.de\\\/markt\\\/\",\"logo\":{\"@type\":\"ImageObject\",\"inLanguage\":\"de\",\"@id\":\"https:\\\/\\\/marktxxl.de\\\/markt\\\/#\\\/schema\\\/logo\\\/image\\\/\",\"url\":\"https:\\\/\\\/marktxxl.de\\\/markt\\\/wp-content\\\/uploads\\\/sites\\\/3\\\/2020\\\/12\\\/logo.png\",\"contentUrl\":\"https:\\\/\\\/marktxxl.de\\\/markt\\\/wp-content\\\/uploads\\\/sites\\\/3\\\/2020\\\/12\\\/logo.png\",\"width\":200,\"height\":70,\"caption\":\"Markt-XXL\"},\"image\":{\"@id\":\"https:\\\/\\\/marktxxl.de\\\/markt\\\/#\\\/schema\\\/logo\\\/image\\\/\"}}]}<\/script>\n<!-- \/ Yoast SEO plugin. -->","yoast_head_json":{"title":"VARTA Pets Nachtlicht Max (f\u00fcr Kinder inkl. 3xAAA Longlife Power Batterien Taschenlampe, Orientierungslicht\u2026 - Markt-XXL","description":"Markt-XXL VARTA Pets Nachtlicht Max (f\u00fcr Kinder inkl. 3xAAA Longlife Power Batterien Taschenlampe, Orientierungslicht\u2026","robots":{"index":"index","follow":"follow","max-snippet":"max-snippet:-1","max-image-preview":"max-image-preview:large","max-video-preview":"max-video-preview:-1"},"canonical":"https:\/\/marktxxl.de\/markt\/produkt\/varta-pets-nachtlicht-max-fuer-kinder-inkl-3xaaa-longlife-power-batterien-taschenlampe-orientierungslicht-stimmungslicht-fuer-schlafzimmer-mit-touch-sensor-und-an-und-ausschalt-funktion\/","og_locale":"de_DE","og_type":"article","og_title":"VARTA Pets Nachtlicht Max (f\u00fcr Kinder inkl. 3xAAA Longlife Power Batterien Taschenlampe, Orientierungslicht\u2026 - Markt-XXL","og_description":"Markt-XXL VARTA Pets Nachtlicht Max (f\u00fcr Kinder inkl. 3xAAA Longlife Power Batterien Taschenlampe, Orientierungslicht\u2026","og_url":"https:\/\/marktxxl.de\/markt\/produkt\/varta-pets-nachtlicht-max-fuer-kinder-inkl-3xaaa-longlife-power-batterien-taschenlampe-orientierungslicht-stimmungslicht-fuer-schlafzimmer-mit-touch-sensor-und-an-und-ausschalt-funktion\/","og_site_name":"Markt-XXL","article_modified_time":"2023-04-09T01:26:53+00:00","og_image":[{"width":500,"height":500,"url":"https:\/\/m.media-amazon.com\/images\/I\/41Sf4vtyU-L._SL500_.jpg","type":"image\/jpeg"}],"twitter_card":"summary_large_image","twitter_misc":{"Gesch\u00e4tzte Lesezeit":"1\u00a0Minute"},"schema":{"@context":"https:\/\/schema.org","@graph":[{"@type":"WebPage","@id":"https:\/\/marktxxl.de\/markt\/produkt\/varta-pets-nachtlicht-max-fuer-kinder-inkl-3xaaa-longlife-power-batterien-taschenlampe-orientierungslicht-stimmungslicht-fuer-schlafzimmer-mit-touch-sensor-und-an-und-ausschalt-funktion\/","url":"https:\/\/marktxxl.de\/markt\/produkt\/varta-pets-nachtlicht-max-fuer-kinder-inkl-3xaaa-longlife-power-batterien-taschenlampe-orientierungslicht-stimmungslicht-fuer-schlafzimmer-mit-touch-sensor-und-an-und-ausschalt-funktion\/","name":"VARTA Pets Nachtlicht Max (f\u00fcr Kinder inkl. 3xAAA Longlife Power Batterien Taschenlampe, Orientierungslicht\u2026 - Markt-XXL","isPartOf":{"@id":"https:\/\/marktxxl.de\/markt\/#website"},"primaryImageOfPage":{"@id":"https:\/\/marktxxl.de\/markt\/produkt\/varta-pets-nachtlicht-max-fuer-kinder-inkl-3xaaa-longlife-power-batterien-taschenlampe-orientierungslicht-stimmungslicht-fuer-schlafzimmer-mit-touch-sensor-und-an-und-ausschalt-funktion\/#primaryimage"},"image":{"@id":"https:\/\/marktxxl.de\/markt\/produkt\/varta-pets-nachtlicht-max-fuer-kinder-inkl-3xaaa-longlife-power-batterien-taschenlampe-orientierungslicht-stimmungslicht-fuer-schlafzimmer-mit-touch-sensor-und-an-und-ausschalt-funktion\/#primaryimage"},"thumbnailUrl":"https:\/\/m.media-amazon.com\/images\/I\/41Sf4vtyU-L._SL500_.jpg","datePublished":"2022-05-15T00:35:02+00:00","dateModified":"2023-04-09T01:26:53+00:00","description":"Markt-XXL VARTA Pets Nachtlicht Max (f\u00fcr Kinder inkl. 3xAAA Longlife Power Batterien Taschenlampe, Orientierungslicht\u2026","breadcrumb":{"@id":"https:\/\/marktxxl.de\/markt\/produkt\/varta-pets-nachtlicht-max-fuer-kinder-inkl-3xaaa-longlife-power-batterien-taschenlampe-orientierungslicht-stimmungslicht-fuer-schlafzimmer-mit-touch-sensor-und-an-und-ausschalt-funktion\/#breadcrumb"},"inLanguage":"de","potentialAction":[{"@type":"ReadAction","target":["https:\/\/marktxxl.de\/markt\/produkt\/varta-pets-nachtlicht-max-fuer-kinder-inkl-3xaaa-longlife-power-batterien-taschenlampe-orientierungslicht-stimmungslicht-fuer-schlafzimmer-mit-touch-sensor-und-an-und-ausschalt-funktion\/"]}]},{"@type":"ImageObject","inLanguage":"de","@id":"https:\/\/marktxxl.de\/markt\/produkt\/varta-pets-nachtlicht-max-fuer-kinder-inkl-3xaaa-longlife-power-batterien-taschenlampe-orientierungslicht-stimmungslicht-fuer-schlafzimmer-mit-touch-sensor-und-an-und-ausschalt-funktion\/#primaryimage","url":"https:\/\/m.media-amazon.com\/images\/I\/41Sf4vtyU-L._SL500_.jpg","contentUrl":"https:\/\/m.media-amazon.com\/images\/I\/41Sf4vtyU-L._SL500_.jpg","width":500,"height":500},{"@type":"BreadcrumbList","@id":"https:\/\/marktxxl.de\/markt\/produkt\/varta-pets-nachtlicht-max-fuer-kinder-inkl-3xaaa-longlife-power-batterien-taschenlampe-orientierungslicht-stimmungslicht-fuer-schlafzimmer-mit-touch-sensor-und-an-und-ausschalt-funktion\/#breadcrumb","itemListElement":[{"@type":"ListItem","position":1,"name":"Startseite","item":"https:\/\/marktxxl.de\/markt\/"},{"@type":"ListItem","position":2,"name":"Markt","item":"https:\/\/marktxxl.de\/markt\/"},{"@type":"ListItem","position":3,"name":"VARTA Pets Nachtlicht Max (f\u00fcr Kinder inkl. 3xAAA Longlife Power Batterien Taschenlampe, Orientierungslicht\u2026"}]},{"@type":"WebSite","@id":"https:\/\/marktxxl.de\/markt\/#website","url":"https:\/\/marktxxl.de\/markt\/","name":"Markt-XXL","description":"Ihr Markt Online","publisher":{"@id":"https:\/\/marktxxl.de\/markt\/#organization"},"potentialAction":[{"@type":"SearchAction","target":{"@type":"EntryPoint","urlTemplate":"https:\/\/marktxxl.de\/markt\/?s={search_term_string}"},"query-input":{"@type":"PropertyValueSpecification","valueRequired":true,"valueName":"search_term_string"}}],"inLanguage":"de"},{"@type":"Organization","@id":"https:\/\/marktxxl.de\/markt\/#organization","name":"Markt-XXL","url":"https:\/\/marktxxl.de\/markt\/","logo":{"@type":"ImageObject","inLanguage":"de","@id":"https:\/\/marktxxl.de\/markt\/#\/schema\/logo\/image\/","url":"https:\/\/marktxxl.de\/markt\/wp-content\/uploads\/sites\/3\/2020\/12\/logo.png","contentUrl":"https:\/\/marktxxl.de\/markt\/wp-content\/uploads\/sites\/3\/2020\/12\/logo.png","width":200,"height":70,"caption":"Markt-XXL"},"image":{"@id":"https:\/\/marktxxl.de\/markt\/#\/schema\/logo\/image\/"}}]}},"_links":{"self":[{"href":"https:\/\/marktxxl.de\/markt\/wp-json\/wp\/v2\/product\/118800","targetHints":{"allow":["GET"]}}],"collection":[{"href":"https:\/\/marktxxl.de\/markt\/wp-json\/wp\/v2\/product"}],"about":[{"href":"https:\/\/marktxxl.de\/markt\/wp-json\/wp\/v2\/types\/product"}],"replies":[{"embeddable":true,"href":"https:\/\/marktxxl.de\/markt\/wp-json\/wp\/v2\/comments?post=118800"}],"wp:featuredmedia":[{"embeddable":true,"href":"https:\/\/marktxxl.de\/markt\/wp-json\/wp\/v2\/media\/118801"}],"wp:attachment":[{"href":"https:\/\/marktxxl.de\/markt\/wp-json\/wp\/v2\/media?parent=118800"}],"wp:term":[{"taxonomy":"product_brand","embeddable":true,"href":"https:\/\/marktxxl.de\/markt\/wp-json\/wp\/v2\/product_brand?post=118800"},{"taxonomy":"product_cat","embeddable":true,"href":"https:\/\/marktxxl.de\/markt\/wp-json\/wp\/v2\/product_cat?post=118800"},{"taxonomy":"product_tag","embeddable":true,"href":"https:\/\/marktxxl.de\/markt\/wp-json\/wp\/v2\/product_tag?post=118800"}],"curies":[{"name":"wp","href":"https:\/\/api.w.org\/{rel}","templated":true}]}}