{"id":118672,"date":"2022-05-15T02:28:41","date_gmt":"2022-05-15T00:28:41","guid":{"rendered":"https:\/\/marktxxl.de\/markt\/produkt\/black-forest-fox-rough-schweisser-arbeitsschuerze-lederschuerze-aus-bueffel-wild-leder-schuerze-rauleder-grillschuerze-gastronomie-barista-kochschuerze-61x94-cm-variabel-von-m-xxl-in-3-fa\/"},"modified":"2023-04-09T03:26:52","modified_gmt":"2023-04-09T01:26:52","slug":"black-forest-fox-rough-schweisser-arbeitsschuerze-lederschuerze-aus-bueffel-wild-leder-schuerze-rauleder-grillschuerze-gastronomie-barista-kochschuerze-61x94-cm-variabel-von-m-xxl-in-3-fa","status":"publish","type":"product","link":"https:\/\/marktxxl.de\/markt\/produkt\/black-forest-fox-rough-schweisser-arbeitsschuerze-lederschuerze-aus-bueffel-wild-leder-schuerze-rauleder-grillschuerze-gastronomie-barista-kochschuerze-61x94-cm-variabel-von-m-xxl-in-3-fa\/","title":{"rendered":"Black Forest Fox ROUGH Schwei\u00dfer-, Arbeitssch\u00fcrze Ledersch\u00fcrze aus B\u00fcffel Wild Leder Sch\u00fcrze, Rauleder, Grillsch\u00fcrze\u2026"},"content":{"rendered":"<p>\ud83d\udd25\u3010Technische Daten Sch\u00fcrze:\u3011 B x H x (cm): 61 x 94 \ud83d\udd25 Gewicht (in gr): 1060 \ud83d\udd25 Oberteil L\u00e4nge 35,5 cm \ud83d\udd25 Unterteil L\u00e4nge 58 cm \ud83d\udd25 Cross R\u00fcckengurt Design: Dank dem X-Riemen mit Klickverschluss ist ein langes Tragen kein Problem. Das X zwischen den Schulterbl\u00e4ttern verteilt das Gewicht, die Halswirbel werden entlastet und beugt ein schnelles Erm\u00fcden vor. Die smarte Verschlusstechnik ist in der Gr\u00f6\u00dfe und L\u00e4nge variabel, bis XXL Unterteil Taschen je (cm): 18 x 19 Obere Tasche je (cm): 17 x 11<br \/>\n\ud83d\udd25\u3010 HEVORRAGENDER SCHUTZ:\u3011 Hitzebest\u00e4ndige &amp; flammhemmende Ledersch\u00fcrze aus Rindspaltleder. Extra lang (61cm (B) x 94 cm(H)). Mit der vollst\u00e4ndigen Abdeckung sch\u00fctzt diese Sch\u00fcrze bis zum Knie.<br \/>\n\ud83d\udd25\u3010FLEXIBEL:\u3011 Mehr Beinfreiheit und Flexibilit\u00e4t durch die seitlich angebrachten Druckkn\u00f6pfe, mit diesen kann die L\u00e4nge um 23 cm gek\u00fcrzt werden.<br \/>\n\ud83d\udd25\u3010TASCHEN f\u00fcr WERKZEUGE:\u3011 Die Sch\u00fcrze verf\u00fcgt \u00fcber 6 Taschen, ringsum doppelt abgen\u00e4ht. Um ein heilloses Durcheinander zu vermeiden, wurde diese ohne Stauraumeinbu\u00dfe praktisch aufgeteilt. Die Taschen bieten ausreichend Platz f\u00fcr Werkzeuge oder sonstiges Equipment.<br \/>\n<div class=\"main-cross-sell\" data-asin=\"B092M9S1LR\">\n\n\t<div class=\"WooZone-cross-sell-loader\">\n\t\t<div>\n\t\t\t<div id=\"floatingBarsG\">\n\t\t\t\t<div class=\"blockG\" id=\"rotateG_01\"><\/div>\n\t\t\t\t<div class=\"blockG\" id=\"rotateG_02\"><\/div>\n\t\t\t\t<div class=\"blockG\" id=\"rotateG_03\"><\/div>\n\t\t\t\t<div class=\"blockG\" id=\"rotateG_04\"><\/div>\n\t\t\t\t<div class=\"blockG\" id=\"rotateG_05\"><\/div>\n\t\t\t\t<div class=\"blockG\" id=\"rotateG_06\"><\/div>\n\t\t\t\t<div class=\"blockG\" id=\"rotateG_07\"><\/div>\n\t\t\t\t<div class=\"blockG\" id=\"rotateG_08\"><\/div>\n\t\t\t<\/div>\n\t\t\t<div class=\"WooZone-cross-sell-loader-text\"><\/div>\n\t\t<\/div>\n\t<\/div>\n\n\t\t\n<\/div>\n<div style=\"clear:both;\"><\/div><\/p>\n","protected":false},"excerpt":{"rendered":"<p>\ud83d\udd25\u3010Technische Daten Sch\u00fcrze:\u3011 B x H x (cm): 61 x 94 \ud83d\udd25 Gewicht (in gr): 1060 \ud83d\udd25 Oberteil L\u00e4nge 35,5 cm \ud83d\udd25 Unterteil L\u00e4nge 58 cm \ud83d\udd25 Cross R\u00fcckengurt Design: Dank dem X-Riemen mit Klickverschluss ist ein langes Tragen kein Problem. Das X zwischen den Schulterbl\u00e4ttern verteilt das Gewicht, die Halswirbel werden entlastet und beugt ein schnelles Erm\u00fcden vor. Die smarte Verschlusstechnik ist in der Gr\u00f6\u00dfe und L\u00e4nge variabel, bis XXL Unterteil Taschen je (cm): 18 x 19 Obere Tasche je (cm): 17 x 11<br \/>\n\ud83d\udd25\u3010 HEVORRAGENDER SCHUTZ:\u3011 Hitzebest\u00e4ndige &amp; flammhemmende Ledersch\u00fcrze aus Rindspaltleder. Extra lang (61cm (B) x 94 cm(H)). Mit der vollst\u00e4ndigen Abdeckung sch\u00fctzt diese Sch\u00fcrze bis zum Knie.<br \/>\n\ud83d\udd25\u3010FLEXIBEL:\u3011 Mehr Beinfreiheit und Flexibilit\u00e4t durch die seitlich angebrachten Druckkn\u00f6pfe, mit diesen kann die L\u00e4nge um 23 cm gek\u00fcrzt werden.<\/p>\n","protected":false},"featured_media":118673,"comment_status":"open","ping_status":"closed","template":"","meta":[],"product_brand":[],"product_cat":[4143,1186],"product_tag":[],"class_list":{"0":"post-118672","1":"product","2":"type-product","3":"status-publish","4":"has-post-thumbnail","6":"product_cat-arbeitskleidung-uniformen","7":"product_cat-bekleidung","8":"pa_brand-black-forest-fox","9":"pa_model-rough-2021","10":"pa_size-einheitsgroesse","12":"first","13":"instock","14":"shipping-taxable","15":"purchasable","16":"product-type-simple","17":"customify-col","18":"product-has-gallery"},"yoast_head":"<!-- This site is optimized with the Yoast SEO plugin v27.4 - https:\/\/yoast.com\/product\/yoast-seo-wordpress\/ -->\n<title>Black Forest Fox ROUGH Schwei\u00dfer-, Arbeitssch\u00fcrze Ledersch\u00fcrze aus B\u00fcffel Wild Leder Sch\u00fcrze, Rauleder, Grillsch\u00fcrze\u2026 - Markt-XXL<\/title>\n<meta name=\"description\" content=\"Markt-XXL Black Forest Fox ROUGH Schwei\u00dfer-, Arbeitssch\u00fcrze Ledersch\u00fcrze aus B\u00fcffel Wild Leder Sch\u00fcrze, Rauleder, Grillsch\u00fcrze\u2026\" \/>\n<meta name=\"robots\" content=\"index, follow, max-snippet:-1, max-image-preview:large, max-video-preview:-1\" \/>\n<link rel=\"canonical\" href=\"https:\/\/marktxxl.de\/markt\/produkt\/black-forest-fox-rough-schweisser-arbeitsschuerze-lederschuerze-aus-bueffel-wild-leder-schuerze-rauleder-grillschuerze-gastronomie-barista-kochschuerze-61x94-cm-variabel-von-m-xxl-in-3-fa\/\" \/>\n<meta property=\"og:locale\" content=\"de_DE\" \/>\n<meta property=\"og:type\" content=\"article\" \/>\n<meta property=\"og:title\" content=\"Black Forest Fox ROUGH Schwei\u00dfer-, Arbeitssch\u00fcrze Ledersch\u00fcrze aus B\u00fcffel Wild Leder Sch\u00fcrze, Rauleder, Grillsch\u00fcrze\u2026 - Markt-XXL\" \/>\n<meta property=\"og:description\" content=\"Markt-XXL Black Forest Fox ROUGH Schwei\u00dfer-, Arbeitssch\u00fcrze Ledersch\u00fcrze aus B\u00fcffel Wild Leder Sch\u00fcrze, Rauleder, Grillsch\u00fcrze\u2026\" \/>\n<meta property=\"og:url\" content=\"https:\/\/marktxxl.de\/markt\/produkt\/black-forest-fox-rough-schweisser-arbeitsschuerze-lederschuerze-aus-bueffel-wild-leder-schuerze-rauleder-grillschuerze-gastronomie-barista-kochschuerze-61x94-cm-variabel-von-m-xxl-in-3-fa\/\" \/>\n<meta property=\"og:site_name\" content=\"Markt-XXL\" \/>\n<meta property=\"article:modified_time\" content=\"2023-04-09T01:26:52+00:00\" \/>\n<meta property=\"og:image\" content=\"https:\/\/m.media-amazon.com\/images\/I\/31ggaADkHSL._SL500_.jpg\" \/>\n\t<meta property=\"og:image:width\" content=\"500\" \/>\n\t<meta property=\"og:image:height\" content=\"500\" \/>\n\t<meta property=\"og:image:type\" content=\"image\/jpeg\" \/>\n<meta name=\"twitter:card\" content=\"summary_large_image\" \/>\n<meta name=\"twitter:label1\" content=\"Gesch\u00e4tzte Lesezeit\" \/>\n\t<meta name=\"twitter:data1\" content=\"1\u00a0Minute\" \/>\n<script type=\"application\/ld+json\" class=\"yoast-schema-graph\">{\"@context\":\"https:\\\/\\\/schema.org\",\"@graph\":[{\"@type\":\"WebPage\",\"@id\":\"https:\\\/\\\/marktxxl.de\\\/markt\\\/produkt\\\/black-forest-fox-rough-schweisser-arbeitsschuerze-lederschuerze-aus-bueffel-wild-leder-schuerze-rauleder-grillschuerze-gastronomie-barista-kochschuerze-61x94-cm-variabel-von-m-xxl-in-3-fa\\\/\",\"url\":\"https:\\\/\\\/marktxxl.de\\\/markt\\\/produkt\\\/black-forest-fox-rough-schweisser-arbeitsschuerze-lederschuerze-aus-bueffel-wild-leder-schuerze-rauleder-grillschuerze-gastronomie-barista-kochschuerze-61x94-cm-variabel-von-m-xxl-in-3-fa\\\/\",\"name\":\"Black Forest Fox ROUGH Schwei\u00dfer-, Arbeitssch\u00fcrze Ledersch\u00fcrze aus B\u00fcffel Wild Leder Sch\u00fcrze, Rauleder, Grillsch\u00fcrze\u2026 - Markt-XXL\",\"isPartOf\":{\"@id\":\"https:\\\/\\\/marktxxl.de\\\/markt\\\/#website\"},\"primaryImageOfPage\":{\"@id\":\"https:\\\/\\\/marktxxl.de\\\/markt\\\/produkt\\\/black-forest-fox-rough-schweisser-arbeitsschuerze-lederschuerze-aus-bueffel-wild-leder-schuerze-rauleder-grillschuerze-gastronomie-barista-kochschuerze-61x94-cm-variabel-von-m-xxl-in-3-fa\\\/#primaryimage\"},\"image\":{\"@id\":\"https:\\\/\\\/marktxxl.de\\\/markt\\\/produkt\\\/black-forest-fox-rough-schweisser-arbeitsschuerze-lederschuerze-aus-bueffel-wild-leder-schuerze-rauleder-grillschuerze-gastronomie-barista-kochschuerze-61x94-cm-variabel-von-m-xxl-in-3-fa\\\/#primaryimage\"},\"thumbnailUrl\":\"https:\\\/\\\/m.media-amazon.com\\\/images\\\/I\\\/31ggaADkHSL._SL500_.jpg\",\"datePublished\":\"2022-05-15T00:28:41+00:00\",\"dateModified\":\"2023-04-09T01:26:52+00:00\",\"description\":\"Markt-XXL Black Forest Fox ROUGH Schwei\u00dfer-, Arbeitssch\u00fcrze Ledersch\u00fcrze aus B\u00fcffel Wild Leder Sch\u00fcrze, Rauleder, Grillsch\u00fcrze\u2026\",\"breadcrumb\":{\"@id\":\"https:\\\/\\\/marktxxl.de\\\/markt\\\/produkt\\\/black-forest-fox-rough-schweisser-arbeitsschuerze-lederschuerze-aus-bueffel-wild-leder-schuerze-rauleder-grillschuerze-gastronomie-barista-kochschuerze-61x94-cm-variabel-von-m-xxl-in-3-fa\\\/#breadcrumb\"},\"inLanguage\":\"de\",\"potentialAction\":[{\"@type\":\"ReadAction\",\"target\":[\"https:\\\/\\\/marktxxl.de\\\/markt\\\/produkt\\\/black-forest-fox-rough-schweisser-arbeitsschuerze-lederschuerze-aus-bueffel-wild-leder-schuerze-rauleder-grillschuerze-gastronomie-barista-kochschuerze-61x94-cm-variabel-von-m-xxl-in-3-fa\\\/\"]}]},{\"@type\":\"ImageObject\",\"inLanguage\":\"de\",\"@id\":\"https:\\\/\\\/marktxxl.de\\\/markt\\\/produkt\\\/black-forest-fox-rough-schweisser-arbeitsschuerze-lederschuerze-aus-bueffel-wild-leder-schuerze-rauleder-grillschuerze-gastronomie-barista-kochschuerze-61x94-cm-variabel-von-m-xxl-in-3-fa\\\/#primaryimage\",\"url\":\"https:\\\/\\\/m.media-amazon.com\\\/images\\\/I\\\/31ggaADkHSL._SL500_.jpg\",\"contentUrl\":\"https:\\\/\\\/m.media-amazon.com\\\/images\\\/I\\\/31ggaADkHSL._SL500_.jpg\",\"width\":500,\"height\":500},{\"@type\":\"BreadcrumbList\",\"@id\":\"https:\\\/\\\/marktxxl.de\\\/markt\\\/produkt\\\/black-forest-fox-rough-schweisser-arbeitsschuerze-lederschuerze-aus-bueffel-wild-leder-schuerze-rauleder-grillschuerze-gastronomie-barista-kochschuerze-61x94-cm-variabel-von-m-xxl-in-3-fa\\\/#breadcrumb\",\"itemListElement\":[{\"@type\":\"ListItem\",\"position\":1,\"name\":\"Startseite\",\"item\":\"https:\\\/\\\/marktxxl.de\\\/markt\\\/\"},{\"@type\":\"ListItem\",\"position\":2,\"name\":\"Markt\",\"item\":\"https:\\\/\\\/marktxxl.de\\\/markt\\\/\"},{\"@type\":\"ListItem\",\"position\":3,\"name\":\"Black Forest Fox ROUGH Schwei\u00dfer-, Arbeitssch\u00fcrze Ledersch\u00fcrze aus B\u00fcffel Wild Leder Sch\u00fcrze, Rauleder, Grillsch\u00fcrze\u2026\"}]},{\"@type\":\"WebSite\",\"@id\":\"https:\\\/\\\/marktxxl.de\\\/markt\\\/#website\",\"url\":\"https:\\\/\\\/marktxxl.de\\\/markt\\\/\",\"name\":\"Markt-XXL\",\"description\":\"Ihr Markt Online\",\"publisher\":{\"@id\":\"https:\\\/\\\/marktxxl.de\\\/markt\\\/#organization\"},\"potentialAction\":[{\"@type\":\"SearchAction\",\"target\":{\"@type\":\"EntryPoint\",\"urlTemplate\":\"https:\\\/\\\/marktxxl.de\\\/markt\\\/?s={search_term_string}\"},\"query-input\":{\"@type\":\"PropertyValueSpecification\",\"valueRequired\":true,\"valueName\":\"search_term_string\"}}],\"inLanguage\":\"de\"},{\"@type\":\"Organization\",\"@id\":\"https:\\\/\\\/marktxxl.de\\\/markt\\\/#organization\",\"name\":\"Markt-XXL\",\"url\":\"https:\\\/\\\/marktxxl.de\\\/markt\\\/\",\"logo\":{\"@type\":\"ImageObject\",\"inLanguage\":\"de\",\"@id\":\"https:\\\/\\\/marktxxl.de\\\/markt\\\/#\\\/schema\\\/logo\\\/image\\\/\",\"url\":\"https:\\\/\\\/marktxxl.de\\\/markt\\\/wp-content\\\/uploads\\\/sites\\\/3\\\/2020\\\/12\\\/logo.png\",\"contentUrl\":\"https:\\\/\\\/marktxxl.de\\\/markt\\\/wp-content\\\/uploads\\\/sites\\\/3\\\/2020\\\/12\\\/logo.png\",\"width\":200,\"height\":70,\"caption\":\"Markt-XXL\"},\"image\":{\"@id\":\"https:\\\/\\\/marktxxl.de\\\/markt\\\/#\\\/schema\\\/logo\\\/image\\\/\"}}]}<\/script>\n<!-- \/ Yoast SEO plugin. -->","yoast_head_json":{"title":"Black Forest Fox ROUGH Schwei\u00dfer-, Arbeitssch\u00fcrze Ledersch\u00fcrze aus B\u00fcffel Wild Leder Sch\u00fcrze, Rauleder, Grillsch\u00fcrze\u2026 - Markt-XXL","description":"Markt-XXL Black Forest Fox ROUGH Schwei\u00dfer-, Arbeitssch\u00fcrze Ledersch\u00fcrze aus B\u00fcffel Wild Leder Sch\u00fcrze, Rauleder, Grillsch\u00fcrze\u2026","robots":{"index":"index","follow":"follow","max-snippet":"max-snippet:-1","max-image-preview":"max-image-preview:large","max-video-preview":"max-video-preview:-1"},"canonical":"https:\/\/marktxxl.de\/markt\/produkt\/black-forest-fox-rough-schweisser-arbeitsschuerze-lederschuerze-aus-bueffel-wild-leder-schuerze-rauleder-grillschuerze-gastronomie-barista-kochschuerze-61x94-cm-variabel-von-m-xxl-in-3-fa\/","og_locale":"de_DE","og_type":"article","og_title":"Black Forest Fox ROUGH Schwei\u00dfer-, Arbeitssch\u00fcrze Ledersch\u00fcrze aus B\u00fcffel Wild Leder Sch\u00fcrze, Rauleder, Grillsch\u00fcrze\u2026 - Markt-XXL","og_description":"Markt-XXL Black Forest Fox ROUGH Schwei\u00dfer-, Arbeitssch\u00fcrze Ledersch\u00fcrze aus B\u00fcffel Wild Leder Sch\u00fcrze, Rauleder, Grillsch\u00fcrze\u2026","og_url":"https:\/\/marktxxl.de\/markt\/produkt\/black-forest-fox-rough-schweisser-arbeitsschuerze-lederschuerze-aus-bueffel-wild-leder-schuerze-rauleder-grillschuerze-gastronomie-barista-kochschuerze-61x94-cm-variabel-von-m-xxl-in-3-fa\/","og_site_name":"Markt-XXL","article_modified_time":"2023-04-09T01:26:52+00:00","og_image":[{"width":500,"height":500,"url":"https:\/\/m.media-amazon.com\/images\/I\/31ggaADkHSL._SL500_.jpg","type":"image\/jpeg"}],"twitter_card":"summary_large_image","twitter_misc":{"Gesch\u00e4tzte Lesezeit":"1\u00a0Minute"},"schema":{"@context":"https:\/\/schema.org","@graph":[{"@type":"WebPage","@id":"https:\/\/marktxxl.de\/markt\/produkt\/black-forest-fox-rough-schweisser-arbeitsschuerze-lederschuerze-aus-bueffel-wild-leder-schuerze-rauleder-grillschuerze-gastronomie-barista-kochschuerze-61x94-cm-variabel-von-m-xxl-in-3-fa\/","url":"https:\/\/marktxxl.de\/markt\/produkt\/black-forest-fox-rough-schweisser-arbeitsschuerze-lederschuerze-aus-bueffel-wild-leder-schuerze-rauleder-grillschuerze-gastronomie-barista-kochschuerze-61x94-cm-variabel-von-m-xxl-in-3-fa\/","name":"Black Forest Fox ROUGH Schwei\u00dfer-, Arbeitssch\u00fcrze Ledersch\u00fcrze aus B\u00fcffel Wild Leder Sch\u00fcrze, Rauleder, Grillsch\u00fcrze\u2026 - Markt-XXL","isPartOf":{"@id":"https:\/\/marktxxl.de\/markt\/#website"},"primaryImageOfPage":{"@id":"https:\/\/marktxxl.de\/markt\/produkt\/black-forest-fox-rough-schweisser-arbeitsschuerze-lederschuerze-aus-bueffel-wild-leder-schuerze-rauleder-grillschuerze-gastronomie-barista-kochschuerze-61x94-cm-variabel-von-m-xxl-in-3-fa\/#primaryimage"},"image":{"@id":"https:\/\/marktxxl.de\/markt\/produkt\/black-forest-fox-rough-schweisser-arbeitsschuerze-lederschuerze-aus-bueffel-wild-leder-schuerze-rauleder-grillschuerze-gastronomie-barista-kochschuerze-61x94-cm-variabel-von-m-xxl-in-3-fa\/#primaryimage"},"thumbnailUrl":"https:\/\/m.media-amazon.com\/images\/I\/31ggaADkHSL._SL500_.jpg","datePublished":"2022-05-15T00:28:41+00:00","dateModified":"2023-04-09T01:26:52+00:00","description":"Markt-XXL Black Forest Fox ROUGH Schwei\u00dfer-, Arbeitssch\u00fcrze Ledersch\u00fcrze aus B\u00fcffel Wild Leder Sch\u00fcrze, Rauleder, Grillsch\u00fcrze\u2026","breadcrumb":{"@id":"https:\/\/marktxxl.de\/markt\/produkt\/black-forest-fox-rough-schweisser-arbeitsschuerze-lederschuerze-aus-bueffel-wild-leder-schuerze-rauleder-grillschuerze-gastronomie-barista-kochschuerze-61x94-cm-variabel-von-m-xxl-in-3-fa\/#breadcrumb"},"inLanguage":"de","potentialAction":[{"@type":"ReadAction","target":["https:\/\/marktxxl.de\/markt\/produkt\/black-forest-fox-rough-schweisser-arbeitsschuerze-lederschuerze-aus-bueffel-wild-leder-schuerze-rauleder-grillschuerze-gastronomie-barista-kochschuerze-61x94-cm-variabel-von-m-xxl-in-3-fa\/"]}]},{"@type":"ImageObject","inLanguage":"de","@id":"https:\/\/marktxxl.de\/markt\/produkt\/black-forest-fox-rough-schweisser-arbeitsschuerze-lederschuerze-aus-bueffel-wild-leder-schuerze-rauleder-grillschuerze-gastronomie-barista-kochschuerze-61x94-cm-variabel-von-m-xxl-in-3-fa\/#primaryimage","url":"https:\/\/m.media-amazon.com\/images\/I\/31ggaADkHSL._SL500_.jpg","contentUrl":"https:\/\/m.media-amazon.com\/images\/I\/31ggaADkHSL._SL500_.jpg","width":500,"height":500},{"@type":"BreadcrumbList","@id":"https:\/\/marktxxl.de\/markt\/produkt\/black-forest-fox-rough-schweisser-arbeitsschuerze-lederschuerze-aus-bueffel-wild-leder-schuerze-rauleder-grillschuerze-gastronomie-barista-kochschuerze-61x94-cm-variabel-von-m-xxl-in-3-fa\/#breadcrumb","itemListElement":[{"@type":"ListItem","position":1,"name":"Startseite","item":"https:\/\/marktxxl.de\/markt\/"},{"@type":"ListItem","position":2,"name":"Markt","item":"https:\/\/marktxxl.de\/markt\/"},{"@type":"ListItem","position":3,"name":"Black Forest Fox ROUGH Schwei\u00dfer-, Arbeitssch\u00fcrze Ledersch\u00fcrze aus B\u00fcffel Wild Leder Sch\u00fcrze, Rauleder, Grillsch\u00fcrze\u2026"}]},{"@type":"WebSite","@id":"https:\/\/marktxxl.de\/markt\/#website","url":"https:\/\/marktxxl.de\/markt\/","name":"Markt-XXL","description":"Ihr Markt Online","publisher":{"@id":"https:\/\/marktxxl.de\/markt\/#organization"},"potentialAction":[{"@type":"SearchAction","target":{"@type":"EntryPoint","urlTemplate":"https:\/\/marktxxl.de\/markt\/?s={search_term_string}"},"query-input":{"@type":"PropertyValueSpecification","valueRequired":true,"valueName":"search_term_string"}}],"inLanguage":"de"},{"@type":"Organization","@id":"https:\/\/marktxxl.de\/markt\/#organization","name":"Markt-XXL","url":"https:\/\/marktxxl.de\/markt\/","logo":{"@type":"ImageObject","inLanguage":"de","@id":"https:\/\/marktxxl.de\/markt\/#\/schema\/logo\/image\/","url":"https:\/\/marktxxl.de\/markt\/wp-content\/uploads\/sites\/3\/2020\/12\/logo.png","contentUrl":"https:\/\/marktxxl.de\/markt\/wp-content\/uploads\/sites\/3\/2020\/12\/logo.png","width":200,"height":70,"caption":"Markt-XXL"},"image":{"@id":"https:\/\/marktxxl.de\/markt\/#\/schema\/logo\/image\/"}}]}},"_links":{"self":[{"href":"https:\/\/marktxxl.de\/markt\/wp-json\/wp\/v2\/product\/118672","targetHints":{"allow":["GET"]}}],"collection":[{"href":"https:\/\/marktxxl.de\/markt\/wp-json\/wp\/v2\/product"}],"about":[{"href":"https:\/\/marktxxl.de\/markt\/wp-json\/wp\/v2\/types\/product"}],"replies":[{"embeddable":true,"href":"https:\/\/marktxxl.de\/markt\/wp-json\/wp\/v2\/comments?post=118672"}],"wp:featuredmedia":[{"embeddable":true,"href":"https:\/\/marktxxl.de\/markt\/wp-json\/wp\/v2\/media\/118673"}],"wp:attachment":[{"href":"https:\/\/marktxxl.de\/markt\/wp-json\/wp\/v2\/media?parent=118672"}],"wp:term":[{"taxonomy":"product_brand","embeddable":true,"href":"https:\/\/marktxxl.de\/markt\/wp-json\/wp\/v2\/product_brand?post=118672"},{"taxonomy":"product_cat","embeddable":true,"href":"https:\/\/marktxxl.de\/markt\/wp-json\/wp\/v2\/product_cat?post=118672"},{"taxonomy":"product_tag","embeddable":true,"href":"https:\/\/marktxxl.de\/markt\/wp-json\/wp\/v2\/product_tag?post=118672"}],"curies":[{"name":"wp","href":"https:\/\/api.w.org\/{rel}","templated":true}]}}