{"id":118659,"date":"2022-05-15T02:28:27","date_gmt":"2022-05-15T00:28:27","guid":{"rendered":"https:\/\/marktxxl.de\/markt\/produkt\/5-11-herren-herren-apex-hose-arbeits-nutzungshinweise\/"},"modified":"2023-04-09T03:26:51","modified_gmt":"2023-04-09T01:26:51","slug":"5-11-herren-herren-apex-hose-arbeits-nutzungshinweise","status":"publish","type":"product","link":"https:\/\/marktxxl.de\/markt\/produkt\/5-11-herren-herren-apex-hose-arbeits-nutzungshinweise\/","title":{"rendered":"5.11 Herren Herren Apex Hose Arbeits-dienstleistung-umsetzung:"},"content":{"rendered":"<p>Hochwertiges Material \u2013 Hergestellt aus hochwertigem 67 % Polyester und 33 % Baumwolle, zwei-Wege-Flex-Tac-mechanischem Stretchgewebe. Diese taktische Hose ist robust und flexibel, um maximale Leistung zu gew\u00e4hrleisten.<br \/>\nTeflonbeschichteter Stoff \u2013 Diese Hose hat eine sch\u00fctzende Oberfl\u00e4che, die Flecken, Erde und Feuchtigkeit widersteht, ohne die Atmungsaktivit\u00e4t zu beeintr\u00e4chtigen. Die Beschichtung erleichtert auch die Reinigung dieses Kleidungsst\u00fccks!<br \/>\nSpezielle Aufbewahrung \u2013 speziell f\u00fcr Profis unterwegs, hat diese Hose eine tiefe interne Doppelpasse Cargo-Tasche Magazintaschen und eine flexible Manschettentasche innen an der Taille, um reichlich Stauraum und m\u00fchelosen Zugang zu all Ihrer missionskritischen Ausr\u00fcstung zu bieten.<br \/>\nVollst\u00e4ndig mit Zwickel im Schritt \u2013 mit einem Zwickel im Schritt bietet diese Hose optimale Mobilit\u00e4t und ein bequemeres Tragegef\u00fchl. Sein verst\u00e4rktes Design eliminiert Ihre Sorgen \u00fcber Risse und Risse.<br \/>\nVielzahl von Farben und Gr\u00f6\u00dfen \u2013 diese 5.11 Apex Hose ist in den Gr\u00f6\u00dfen 28 bis 44 in Ranger Green, Black, Khaki, Storm, Volcanic, Battle Brown, Burnt, TDU Green, Tundra und Dark Navy erh\u00e4ltlich. W\u00e4hlen Sie zwischen 30-36 L\u00e4ngen passend zu Ihrer K\u00f6rpergr\u00f6\u00dfe.<br \/>\n<div class=\"main-cross-sell\" data-asin=\"B09VSL6SBK\">\n\n\t<div class=\"WooZone-cross-sell-loader\">\n\t\t<div>\n\t\t\t<div id=\"floatingBarsG\">\n\t\t\t\t<div class=\"blockG\" id=\"rotateG_01\"><\/div>\n\t\t\t\t<div class=\"blockG\" id=\"rotateG_02\"><\/div>\n\t\t\t\t<div class=\"blockG\" id=\"rotateG_03\"><\/div>\n\t\t\t\t<div class=\"blockG\" id=\"rotateG_04\"><\/div>\n\t\t\t\t<div class=\"blockG\" id=\"rotateG_05\"><\/div>\n\t\t\t\t<div class=\"blockG\" id=\"rotateG_06\"><\/div>\n\t\t\t\t<div class=\"blockG\" id=\"rotateG_07\"><\/div>\n\t\t\t\t<div class=\"blockG\" id=\"rotateG_08\"><\/div>\n\t\t\t<\/div>\n\t\t\t<div class=\"WooZone-cross-sell-loader-text\"><\/div>\n\t\t<\/div>\n\t<\/div>\n\n\t\t\n<\/div>\n<div style=\"clear:both;\"><\/div><\/p>\n","protected":false},"excerpt":{"rendered":"<p>Hochwertiges Material \u2013 Hergestellt aus hochwertigem 67 % Polyester und 33 % Baumwolle, zwei-Wege-Flex-Tac-mechanischem Stretchgewebe. Diese taktische Hose ist robust und flexibel, um maximale Leistung zu gew\u00e4hrleisten.<br \/>\nTeflonbeschichteter Stoff \u2013 Diese Hose hat eine sch\u00fctzende Oberfl\u00e4che, die Flecken, Erde und Feuchtigkeit widersteht, ohne die Atmungsaktivit\u00e4t zu beeintr\u00e4chtigen. Die Beschichtung erleichtert auch die Reinigung dieses Kleidungsst\u00fccks!<br \/>\nSpezielle Aufbewahrung \u2013 speziell f\u00fcr Profis unterwegs, hat diese Hose eine tiefe interne Doppelpasse Cargo-Tasche Magazintaschen und eine flexible Manschettentasche innen an der Taille, um reichlich Stauraum und m\u00fchelosen Zugang zu all Ihrer missionskritischen Ausr\u00fcstung zu bieten.<\/p>\n","protected":false},"featured_media":118660,"comment_status":"open","ping_status":"closed","template":"","meta":[],"product_brand":[],"product_cat":[4143,1186],"product_tag":[],"class_list":{"0":"post-118659","1":"product","2":"type-product","3":"status-publish","4":"has-post-thumbnail","6":"product_cat-arbeitskleidung-uniformen","7":"product_cat-bekleidung","8":"pa_binding-ausruestung","9":"pa_brand-5-11","10":"pa_manufacturer-5-11-tactical-apparel","11":"pa_model-34748","13":"first","14":"instock","15":"shipping-taxable","16":"purchasable","17":"product-type-simple","18":"customify-col","19":"product-has-gallery"},"yoast_head":"<!-- This site is optimized with the Yoast SEO plugin v27.3 - https:\/\/yoast.com\/product\/yoast-seo-wordpress\/ -->\n<title>5.11 Herren Herren Apex Hose Arbeits-dienstleistung-umsetzung: - Markt-XXL<\/title>\n<meta name=\"description\" content=\"Markt-XXL 5.11 Herren Herren Apex Hose Arbeits-dienstleistung-umsetzung:\" \/>\n<meta name=\"robots\" content=\"index, follow, max-snippet:-1, max-image-preview:large, max-video-preview:-1\" \/>\n<link rel=\"canonical\" href=\"https:\/\/marktxxl.de\/markt\/produkt\/5-11-herren-herren-apex-hose-arbeits-nutzungshinweise\/\" \/>\n<meta property=\"og:locale\" content=\"de_DE\" \/>\n<meta property=\"og:type\" content=\"article\" \/>\n<meta property=\"og:title\" content=\"5.11 Herren Herren Apex Hose Arbeits-dienstleistung-umsetzung: - Markt-XXL\" \/>\n<meta property=\"og:description\" content=\"Markt-XXL 5.11 Herren Herren Apex Hose Arbeits-dienstleistung-umsetzung:\" \/>\n<meta property=\"og:url\" content=\"https:\/\/marktxxl.de\/markt\/produkt\/5-11-herren-herren-apex-hose-arbeits-nutzungshinweise\/\" \/>\n<meta property=\"og:site_name\" content=\"Markt-XXL\" \/>\n<meta property=\"article:modified_time\" content=\"2023-04-09T01:26:51+00:00\" \/>\n<meta property=\"og:image\" content=\"https:\/\/m.media-amazon.com\/images\/I\/41qadvrIO2L._SL500_.jpg\" \/>\n\t<meta property=\"og:image:width\" content=\"500\" \/>\n\t<meta property=\"og:image:height\" content=\"500\" \/>\n\t<meta property=\"og:image:type\" content=\"image\/jpeg\" \/>\n<meta name=\"twitter:card\" content=\"summary_large_image\" \/>\n<meta name=\"twitter:label1\" content=\"Gesch\u00e4tzte Lesezeit\" \/>\n\t<meta name=\"twitter:data1\" content=\"1\u00a0Minute\" \/>\n<script type=\"application\/ld+json\" class=\"yoast-schema-graph\">{\"@context\":\"https:\\\/\\\/schema.org\",\"@graph\":[{\"@type\":\"WebPage\",\"@id\":\"https:\\\/\\\/marktxxl.de\\\/markt\\\/produkt\\\/5-11-herren-herren-apex-hose-arbeits-nutzungshinweise\\\/\",\"url\":\"https:\\\/\\\/marktxxl.de\\\/markt\\\/produkt\\\/5-11-herren-herren-apex-hose-arbeits-nutzungshinweise\\\/\",\"name\":\"5.11 Herren Herren Apex Hose Arbeits-dienstleistung-umsetzung: - Markt-XXL\",\"isPartOf\":{\"@id\":\"https:\\\/\\\/marktxxl.de\\\/markt\\\/#website\"},\"primaryImageOfPage\":{\"@id\":\"https:\\\/\\\/marktxxl.de\\\/markt\\\/produkt\\\/5-11-herren-herren-apex-hose-arbeits-nutzungshinweise\\\/#primaryimage\"},\"image\":{\"@id\":\"https:\\\/\\\/marktxxl.de\\\/markt\\\/produkt\\\/5-11-herren-herren-apex-hose-arbeits-nutzungshinweise\\\/#primaryimage\"},\"thumbnailUrl\":\"https:\\\/\\\/m.media-amazon.com\\\/images\\\/I\\\/41qadvrIO2L._SL500_.jpg\",\"datePublished\":\"2022-05-15T00:28:27+00:00\",\"dateModified\":\"2023-04-09T01:26:51+00:00\",\"description\":\"Markt-XXL 5.11 Herren Herren Apex Hose Arbeits-dienstleistung-umsetzung:\",\"breadcrumb\":{\"@id\":\"https:\\\/\\\/marktxxl.de\\\/markt\\\/produkt\\\/5-11-herren-herren-apex-hose-arbeits-nutzungshinweise\\\/#breadcrumb\"},\"inLanguage\":\"de\",\"potentialAction\":[{\"@type\":\"ReadAction\",\"target\":[\"https:\\\/\\\/marktxxl.de\\\/markt\\\/produkt\\\/5-11-herren-herren-apex-hose-arbeits-nutzungshinweise\\\/\"]}]},{\"@type\":\"ImageObject\",\"inLanguage\":\"de\",\"@id\":\"https:\\\/\\\/marktxxl.de\\\/markt\\\/produkt\\\/5-11-herren-herren-apex-hose-arbeits-nutzungshinweise\\\/#primaryimage\",\"url\":\"https:\\\/\\\/m.media-amazon.com\\\/images\\\/I\\\/41qadvrIO2L._SL500_.jpg\",\"contentUrl\":\"https:\\\/\\\/m.media-amazon.com\\\/images\\\/I\\\/41qadvrIO2L._SL500_.jpg\",\"width\":500,\"height\":500},{\"@type\":\"BreadcrumbList\",\"@id\":\"https:\\\/\\\/marktxxl.de\\\/markt\\\/produkt\\\/5-11-herren-herren-apex-hose-arbeits-nutzungshinweise\\\/#breadcrumb\",\"itemListElement\":[{\"@type\":\"ListItem\",\"position\":1,\"name\":\"Startseite\",\"item\":\"https:\\\/\\\/marktxxl.de\\\/markt\\\/\"},{\"@type\":\"ListItem\",\"position\":2,\"name\":\"Markt\",\"item\":\"https:\\\/\\\/marktxxl.de\\\/markt\\\/\"},{\"@type\":\"ListItem\",\"position\":3,\"name\":\"5.11 Herren Herren Apex Hose Arbeits-dienstleistung-umsetzung:\"}]},{\"@type\":\"WebSite\",\"@id\":\"https:\\\/\\\/marktxxl.de\\\/markt\\\/#website\",\"url\":\"https:\\\/\\\/marktxxl.de\\\/markt\\\/\",\"name\":\"Markt-XXL\",\"description\":\"Ihr Markt Online\",\"publisher\":{\"@id\":\"https:\\\/\\\/marktxxl.de\\\/markt\\\/#organization\"},\"potentialAction\":[{\"@type\":\"SearchAction\",\"target\":{\"@type\":\"EntryPoint\",\"urlTemplate\":\"https:\\\/\\\/marktxxl.de\\\/markt\\\/?s={search_term_string}\"},\"query-input\":{\"@type\":\"PropertyValueSpecification\",\"valueRequired\":true,\"valueName\":\"search_term_string\"}}],\"inLanguage\":\"de\"},{\"@type\":\"Organization\",\"@id\":\"https:\\\/\\\/marktxxl.de\\\/markt\\\/#organization\",\"name\":\"Markt-XXL\",\"url\":\"https:\\\/\\\/marktxxl.de\\\/markt\\\/\",\"logo\":{\"@type\":\"ImageObject\",\"inLanguage\":\"de\",\"@id\":\"https:\\\/\\\/marktxxl.de\\\/markt\\\/#\\\/schema\\\/logo\\\/image\\\/\",\"url\":\"https:\\\/\\\/marktxxl.de\\\/markt\\\/wp-content\\\/uploads\\\/sites\\\/3\\\/2020\\\/12\\\/logo.png\",\"contentUrl\":\"https:\\\/\\\/marktxxl.de\\\/markt\\\/wp-content\\\/uploads\\\/sites\\\/3\\\/2020\\\/12\\\/logo.png\",\"width\":200,\"height\":70,\"caption\":\"Markt-XXL\"},\"image\":{\"@id\":\"https:\\\/\\\/marktxxl.de\\\/markt\\\/#\\\/schema\\\/logo\\\/image\\\/\"}}]}<\/script>\n<!-- \/ Yoast SEO plugin. -->","yoast_head_json":{"title":"5.11 Herren Herren Apex Hose Arbeits-dienstleistung-umsetzung: - Markt-XXL","description":"Markt-XXL 5.11 Herren Herren Apex Hose Arbeits-dienstleistung-umsetzung:","robots":{"index":"index","follow":"follow","max-snippet":"max-snippet:-1","max-image-preview":"max-image-preview:large","max-video-preview":"max-video-preview:-1"},"canonical":"https:\/\/marktxxl.de\/markt\/produkt\/5-11-herren-herren-apex-hose-arbeits-nutzungshinweise\/","og_locale":"de_DE","og_type":"article","og_title":"5.11 Herren Herren Apex Hose Arbeits-dienstleistung-umsetzung: - Markt-XXL","og_description":"Markt-XXL 5.11 Herren Herren Apex Hose Arbeits-dienstleistung-umsetzung:","og_url":"https:\/\/marktxxl.de\/markt\/produkt\/5-11-herren-herren-apex-hose-arbeits-nutzungshinweise\/","og_site_name":"Markt-XXL","article_modified_time":"2023-04-09T01:26:51+00:00","og_image":[{"width":500,"height":500,"url":"https:\/\/m.media-amazon.com\/images\/I\/41qadvrIO2L._SL500_.jpg","type":"image\/jpeg"}],"twitter_card":"summary_large_image","twitter_misc":{"Gesch\u00e4tzte Lesezeit":"1\u00a0Minute"},"schema":{"@context":"https:\/\/schema.org","@graph":[{"@type":"WebPage","@id":"https:\/\/marktxxl.de\/markt\/produkt\/5-11-herren-herren-apex-hose-arbeits-nutzungshinweise\/","url":"https:\/\/marktxxl.de\/markt\/produkt\/5-11-herren-herren-apex-hose-arbeits-nutzungshinweise\/","name":"5.11 Herren Herren Apex Hose Arbeits-dienstleistung-umsetzung: - Markt-XXL","isPartOf":{"@id":"https:\/\/marktxxl.de\/markt\/#website"},"primaryImageOfPage":{"@id":"https:\/\/marktxxl.de\/markt\/produkt\/5-11-herren-herren-apex-hose-arbeits-nutzungshinweise\/#primaryimage"},"image":{"@id":"https:\/\/marktxxl.de\/markt\/produkt\/5-11-herren-herren-apex-hose-arbeits-nutzungshinweise\/#primaryimage"},"thumbnailUrl":"https:\/\/m.media-amazon.com\/images\/I\/41qadvrIO2L._SL500_.jpg","datePublished":"2022-05-15T00:28:27+00:00","dateModified":"2023-04-09T01:26:51+00:00","description":"Markt-XXL 5.11 Herren Herren Apex Hose Arbeits-dienstleistung-umsetzung:","breadcrumb":{"@id":"https:\/\/marktxxl.de\/markt\/produkt\/5-11-herren-herren-apex-hose-arbeits-nutzungshinweise\/#breadcrumb"},"inLanguage":"de","potentialAction":[{"@type":"ReadAction","target":["https:\/\/marktxxl.de\/markt\/produkt\/5-11-herren-herren-apex-hose-arbeits-nutzungshinweise\/"]}]},{"@type":"ImageObject","inLanguage":"de","@id":"https:\/\/marktxxl.de\/markt\/produkt\/5-11-herren-herren-apex-hose-arbeits-nutzungshinweise\/#primaryimage","url":"https:\/\/m.media-amazon.com\/images\/I\/41qadvrIO2L._SL500_.jpg","contentUrl":"https:\/\/m.media-amazon.com\/images\/I\/41qadvrIO2L._SL500_.jpg","width":500,"height":500},{"@type":"BreadcrumbList","@id":"https:\/\/marktxxl.de\/markt\/produkt\/5-11-herren-herren-apex-hose-arbeits-nutzungshinweise\/#breadcrumb","itemListElement":[{"@type":"ListItem","position":1,"name":"Startseite","item":"https:\/\/marktxxl.de\/markt\/"},{"@type":"ListItem","position":2,"name":"Markt","item":"https:\/\/marktxxl.de\/markt\/"},{"@type":"ListItem","position":3,"name":"5.11 Herren Herren Apex Hose Arbeits-dienstleistung-umsetzung:"}]},{"@type":"WebSite","@id":"https:\/\/marktxxl.de\/markt\/#website","url":"https:\/\/marktxxl.de\/markt\/","name":"Markt-XXL","description":"Ihr Markt Online","publisher":{"@id":"https:\/\/marktxxl.de\/markt\/#organization"},"potentialAction":[{"@type":"SearchAction","target":{"@type":"EntryPoint","urlTemplate":"https:\/\/marktxxl.de\/markt\/?s={search_term_string}"},"query-input":{"@type":"PropertyValueSpecification","valueRequired":true,"valueName":"search_term_string"}}],"inLanguage":"de"},{"@type":"Organization","@id":"https:\/\/marktxxl.de\/markt\/#organization","name":"Markt-XXL","url":"https:\/\/marktxxl.de\/markt\/","logo":{"@type":"ImageObject","inLanguage":"de","@id":"https:\/\/marktxxl.de\/markt\/#\/schema\/logo\/image\/","url":"https:\/\/marktxxl.de\/markt\/wp-content\/uploads\/sites\/3\/2020\/12\/logo.png","contentUrl":"https:\/\/marktxxl.de\/markt\/wp-content\/uploads\/sites\/3\/2020\/12\/logo.png","width":200,"height":70,"caption":"Markt-XXL"},"image":{"@id":"https:\/\/marktxxl.de\/markt\/#\/schema\/logo\/image\/"}}]}},"_links":{"self":[{"href":"https:\/\/marktxxl.de\/markt\/wp-json\/wp\/v2\/product\/118659","targetHints":{"allow":["GET"]}}],"collection":[{"href":"https:\/\/marktxxl.de\/markt\/wp-json\/wp\/v2\/product"}],"about":[{"href":"https:\/\/marktxxl.de\/markt\/wp-json\/wp\/v2\/types\/product"}],"replies":[{"embeddable":true,"href":"https:\/\/marktxxl.de\/markt\/wp-json\/wp\/v2\/comments?post=118659"}],"wp:featuredmedia":[{"embeddable":true,"href":"https:\/\/marktxxl.de\/markt\/wp-json\/wp\/v2\/media\/118660"}],"wp:attachment":[{"href":"https:\/\/marktxxl.de\/markt\/wp-json\/wp\/v2\/media?parent=118659"}],"wp:term":[{"taxonomy":"product_brand","embeddable":true,"href":"https:\/\/marktxxl.de\/markt\/wp-json\/wp\/v2\/product_brand?post=118659"},{"taxonomy":"product_cat","embeddable":true,"href":"https:\/\/marktxxl.de\/markt\/wp-json\/wp\/v2\/product_cat?post=118659"},{"taxonomy":"product_tag","embeddable":true,"href":"https:\/\/marktxxl.de\/markt\/wp-json\/wp\/v2\/product_tag?post=118659"}],"curies":[{"name":"wp","href":"https:\/\/api.w.org\/{rel}","templated":true}]}}