{"id":118587,"date":"2022-05-15T02:22:28","date_gmt":"2022-05-15T00:22:28","guid":{"rendered":"https:\/\/marktxxl.de\/markt\/produkt\/cherokee-infinity-women-scrubs-pant-mid-rise-tapered-leg-pull-on-ck065a\/"},"modified":"2023-04-11T03:47:45","modified_gmt":"2023-04-11T01:47:45","slug":"cherokee-infinity-women-scrubs-pant-mid-rise-tapered-leg-pull-on-ck065a","status":"publish","type":"product","link":"https:\/\/marktxxl.de\/markt\/produkt\/cherokee-infinity-women-scrubs-pant-mid-rise-tapered-leg-pull-on-ck065a\/","title":{"rendered":"Cherokee Infinity Women Scrubs Pant Mid Rise Tapered Leg Pull-on CK065A"},"content":{"rendered":"<p>Schmeichelnde Passform, Gr\u00f6\u00dfen bis 5XL \u2013 Damen-Schlupfhose erh\u00e4ltlich in den Gr\u00f6\u00dfen XXS bis 5XL plus Petite und Tall Innenn\u00e4hte. Aktualisiertes Tapered Leg Vorderbeinn\u00e4hte sorgen f\u00fcr Verl\u00e4ngerungseffekt. Unsere medizinischen Peelings sind auf Komfort und maximale Haltbarkeit ausgelegt. (Underscrub separat erh\u00e4ltlich.)<br \/>\nGeruchsbek\u00e4mpfung, lange Tragedauer \u2013 sichere, antimikrobielle Stofftechnologie* reduziert Geruch und Stoffsch\u00e4den. Ihre Peelings riechen frischer und halten l\u00e4nger. Unser antimikrobieller Stoffschutz h\u00e4lt mehr als 50 Waschg\u00e4nge<br \/>\nVier-Wege-Stretch-Gewebe \u2013 unser feuchtigkeitsableitender Stoff ist dehnbar, weich, langlebig und maschinenwaschbar, so dass es bequem und pflegeleicht ist, um Ihre h\u00e4rteste Arbeitsschicht zu \u00fcberdauern. Sichere Stofftechnologie l\u00e4sst Sie frisch aussehen, f\u00fchlen und riechen.<br \/>\nViel Stauraum \u2013 Sechs Taschen f\u00fcr Stauraum. Diese Hose verf\u00fcgt \u00fcber zwei Leistentaschen vorne, zwei Cargotaschen und zwei Ges\u00e4\u00dftaschen. Rechte Cargo hat einen Rei\u00dfverschluss. Infinity by Cherokee Taschen sind gro\u00df genug f\u00fcr iPhone und Galaxy Handys.<br \/>\nStrickbund \u2013 Der elastische Bund ist mit einem weichen, bequemen und feuchtigkeitsableitenden Rippstrick \u00fcberzogen, der extra Stretch bietet, genau dort, wo Sie ihn brauchen. Mit diesem bequemen und sicheren Bund k\u00f6nnen Sie m\u00fchelos greifen, biegen und verdrehen.<br \/>\n<div class=\"main-cross-sell\" data-asin=\"B09XXG1938\">\n\n\t<div class=\"WooZone-cross-sell-loader\">\n\t\t<div>\n\t\t\t<div id=\"floatingBarsG\">\n\t\t\t\t<div class=\"blockG\" id=\"rotateG_01\"><\/div>\n\t\t\t\t<div class=\"blockG\" id=\"rotateG_02\"><\/div>\n\t\t\t\t<div class=\"blockG\" id=\"rotateG_03\"><\/div>\n\t\t\t\t<div class=\"blockG\" id=\"rotateG_04\"><\/div>\n\t\t\t\t<div class=\"blockG\" id=\"rotateG_05\"><\/div>\n\t\t\t\t<div class=\"blockG\" id=\"rotateG_06\"><\/div>\n\t\t\t\t<div class=\"blockG\" id=\"rotateG_07\"><\/div>\n\t\t\t\t<div class=\"blockG\" id=\"rotateG_08\"><\/div>\n\t\t\t<\/div>\n\t\t\t<div class=\"WooZone-cross-sell-loader-text\"><\/div>\n\t\t<\/div>\n\t<\/div>\n\n\t\t\n<\/div>\n<div style=\"clear:both;\"><\/div><\/p>\n","protected":false},"excerpt":{"rendered":"<p>Schmeichelnde Passform, Gr\u00f6\u00dfen bis 5XL \u2013 Damen-Schlupfhose erh\u00e4ltlich in den Gr\u00f6\u00dfen XXS bis 5XL plus Petite und Tall Innenn\u00e4hte. Aktualisiertes Tapered Leg Vorderbeinn\u00e4hte sorgen f\u00fcr Verl\u00e4ngerungseffekt. Unsere medizinischen Peelings sind auf Komfort und maximale Haltbarkeit ausgelegt. (Underscrub separat erh\u00e4ltlich.)<br \/>\nGeruchsbek\u00e4mpfung, lange Tragedauer \u2013 sichere, antimikrobielle Stofftechnologie* reduziert Geruch und Stoffsch\u00e4den. Ihre Peelings riechen frischer und halten l\u00e4nger. Unser antimikrobieller Stoffschutz h\u00e4lt mehr als 50 Waschg\u00e4nge<br \/>\nVier-Wege-Stretch-Gewebe \u2013 unser feuchtigkeitsableitender Stoff ist dehnbar, weich, langlebig und maschinenwaschbar, so dass es bequem und pflegeleicht ist, um Ihre h\u00e4rteste Arbeitsschicht zu \u00fcberdauern. Sichere Stofftechnologie l\u00e4sst Sie frisch aussehen, f\u00fchlen und riechen.<\/p>\n","protected":false},"featured_media":118588,"comment_status":"open","ping_status":"closed","template":"","meta":[],"product_brand":[],"product_cat":[4143,1186],"product_tag":[],"class_list":{"0":"post-118587","1":"product","2":"type-product","3":"status-publish","4":"has-post-thumbnail","6":"product_cat-arbeitskleidung-uniformen","7":"product_cat-bekleidung","8":"pa_binding-textilien","9":"pa_brand-cherokee","10":"pa_manufacturer-spi","11":"pa_model-ck065ap","12":"pa_size-einheitsgroesse","14":"first","15":"instock","16":"shipping-taxable","17":"purchasable","18":"product-type-simple","19":"customify-col","20":"product-has-gallery"},"yoast_head":"<!-- This site is optimized with the Yoast SEO plugin v27.4 - https:\/\/yoast.com\/product\/yoast-seo-wordpress\/ -->\n<title>Cherokee Infinity Women Scrubs Pant Mid Rise Tapered Leg Pull-on CK065A - Markt-XXL<\/title>\n<meta name=\"description\" content=\"Markt-XXL Cherokee Infinity Women Scrubs Pant Mid Rise Tapered Leg Pull-on CK065A\" \/>\n<meta name=\"robots\" content=\"index, follow, max-snippet:-1, max-image-preview:large, max-video-preview:-1\" \/>\n<link rel=\"canonical\" href=\"https:\/\/marktxxl.de\/markt\/produkt\/cherokee-infinity-women-scrubs-pant-mid-rise-tapered-leg-pull-on-ck065a\/\" \/>\n<meta property=\"og:locale\" content=\"de_DE\" \/>\n<meta property=\"og:type\" content=\"article\" \/>\n<meta property=\"og:title\" content=\"Cherokee Infinity Women Scrubs Pant Mid Rise Tapered Leg Pull-on CK065A - Markt-XXL\" \/>\n<meta property=\"og:description\" content=\"Markt-XXL Cherokee Infinity Women Scrubs Pant Mid Rise Tapered Leg Pull-on CK065A\" \/>\n<meta property=\"og:url\" content=\"https:\/\/marktxxl.de\/markt\/produkt\/cherokee-infinity-women-scrubs-pant-mid-rise-tapered-leg-pull-on-ck065a\/\" \/>\n<meta property=\"og:site_name\" content=\"Markt-XXL\" \/>\n<meta property=\"article:modified_time\" content=\"2023-04-11T01:47:45+00:00\" \/>\n<meta property=\"og:image\" content=\"https:\/\/m.media-amazon.com\/images\/I\/31jdMaOtZoS._SL500_.jpg\" \/>\n\t<meta property=\"og:image:width\" content=\"344\" \/>\n\t<meta property=\"og:image:height\" content=\"500\" \/>\n\t<meta property=\"og:image:type\" content=\"image\/jpeg\" \/>\n<meta name=\"twitter:card\" content=\"summary_large_image\" \/>\n<meta name=\"twitter:label1\" content=\"Gesch\u00e4tzte Lesezeit\" \/>\n\t<meta name=\"twitter:data1\" content=\"1\u00a0Minute\" \/>\n<script type=\"application\/ld+json\" class=\"yoast-schema-graph\">{\"@context\":\"https:\\\/\\\/schema.org\",\"@graph\":[{\"@type\":\"WebPage\",\"@id\":\"https:\\\/\\\/marktxxl.de\\\/markt\\\/produkt\\\/cherokee-infinity-women-scrubs-pant-mid-rise-tapered-leg-pull-on-ck065a\\\/\",\"url\":\"https:\\\/\\\/marktxxl.de\\\/markt\\\/produkt\\\/cherokee-infinity-women-scrubs-pant-mid-rise-tapered-leg-pull-on-ck065a\\\/\",\"name\":\"Cherokee Infinity Women Scrubs Pant Mid Rise Tapered Leg Pull-on CK065A - Markt-XXL\",\"isPartOf\":{\"@id\":\"https:\\\/\\\/marktxxl.de\\\/markt\\\/#website\"},\"primaryImageOfPage\":{\"@id\":\"https:\\\/\\\/marktxxl.de\\\/markt\\\/produkt\\\/cherokee-infinity-women-scrubs-pant-mid-rise-tapered-leg-pull-on-ck065a\\\/#primaryimage\"},\"image\":{\"@id\":\"https:\\\/\\\/marktxxl.de\\\/markt\\\/produkt\\\/cherokee-infinity-women-scrubs-pant-mid-rise-tapered-leg-pull-on-ck065a\\\/#primaryimage\"},\"thumbnailUrl\":\"https:\\\/\\\/m.media-amazon.com\\\/images\\\/I\\\/31jdMaOtZoS._SL500_.jpg\",\"datePublished\":\"2022-05-15T00:22:28+00:00\",\"dateModified\":\"2023-04-11T01:47:45+00:00\",\"description\":\"Markt-XXL Cherokee Infinity Women Scrubs Pant Mid Rise Tapered Leg Pull-on CK065A\",\"breadcrumb\":{\"@id\":\"https:\\\/\\\/marktxxl.de\\\/markt\\\/produkt\\\/cherokee-infinity-women-scrubs-pant-mid-rise-tapered-leg-pull-on-ck065a\\\/#breadcrumb\"},\"inLanguage\":\"de\",\"potentialAction\":[{\"@type\":\"ReadAction\",\"target\":[\"https:\\\/\\\/marktxxl.de\\\/markt\\\/produkt\\\/cherokee-infinity-women-scrubs-pant-mid-rise-tapered-leg-pull-on-ck065a\\\/\"]}]},{\"@type\":\"ImageObject\",\"inLanguage\":\"de\",\"@id\":\"https:\\\/\\\/marktxxl.de\\\/markt\\\/produkt\\\/cherokee-infinity-women-scrubs-pant-mid-rise-tapered-leg-pull-on-ck065a\\\/#primaryimage\",\"url\":\"https:\\\/\\\/m.media-amazon.com\\\/images\\\/I\\\/31jdMaOtZoS._SL500_.jpg\",\"contentUrl\":\"https:\\\/\\\/m.media-amazon.com\\\/images\\\/I\\\/31jdMaOtZoS._SL500_.jpg\",\"width\":344,\"height\":500},{\"@type\":\"BreadcrumbList\",\"@id\":\"https:\\\/\\\/marktxxl.de\\\/markt\\\/produkt\\\/cherokee-infinity-women-scrubs-pant-mid-rise-tapered-leg-pull-on-ck065a\\\/#breadcrumb\",\"itemListElement\":[{\"@type\":\"ListItem\",\"position\":1,\"name\":\"Startseite\",\"item\":\"https:\\\/\\\/marktxxl.de\\\/markt\\\/\"},{\"@type\":\"ListItem\",\"position\":2,\"name\":\"Markt\",\"item\":\"https:\\\/\\\/marktxxl.de\\\/markt\\\/\"},{\"@type\":\"ListItem\",\"position\":3,\"name\":\"Cherokee Infinity Women Scrubs Pant Mid Rise Tapered Leg Pull-on CK065A\"}]},{\"@type\":\"WebSite\",\"@id\":\"https:\\\/\\\/marktxxl.de\\\/markt\\\/#website\",\"url\":\"https:\\\/\\\/marktxxl.de\\\/markt\\\/\",\"name\":\"Markt-XXL\",\"description\":\"Ihr Markt Online\",\"publisher\":{\"@id\":\"https:\\\/\\\/marktxxl.de\\\/markt\\\/#organization\"},\"potentialAction\":[{\"@type\":\"SearchAction\",\"target\":{\"@type\":\"EntryPoint\",\"urlTemplate\":\"https:\\\/\\\/marktxxl.de\\\/markt\\\/?s={search_term_string}\"},\"query-input\":{\"@type\":\"PropertyValueSpecification\",\"valueRequired\":true,\"valueName\":\"search_term_string\"}}],\"inLanguage\":\"de\"},{\"@type\":\"Organization\",\"@id\":\"https:\\\/\\\/marktxxl.de\\\/markt\\\/#organization\",\"name\":\"Markt-XXL\",\"url\":\"https:\\\/\\\/marktxxl.de\\\/markt\\\/\",\"logo\":{\"@type\":\"ImageObject\",\"inLanguage\":\"de\",\"@id\":\"https:\\\/\\\/marktxxl.de\\\/markt\\\/#\\\/schema\\\/logo\\\/image\\\/\",\"url\":\"https:\\\/\\\/marktxxl.de\\\/markt\\\/wp-content\\\/uploads\\\/sites\\\/3\\\/2020\\\/12\\\/logo.png\",\"contentUrl\":\"https:\\\/\\\/marktxxl.de\\\/markt\\\/wp-content\\\/uploads\\\/sites\\\/3\\\/2020\\\/12\\\/logo.png\",\"width\":200,\"height\":70,\"caption\":\"Markt-XXL\"},\"image\":{\"@id\":\"https:\\\/\\\/marktxxl.de\\\/markt\\\/#\\\/schema\\\/logo\\\/image\\\/\"}}]}<\/script>\n<!-- \/ Yoast SEO plugin. -->","yoast_head_json":{"title":"Cherokee Infinity Women Scrubs Pant Mid Rise Tapered Leg Pull-on CK065A - Markt-XXL","description":"Markt-XXL Cherokee Infinity Women Scrubs Pant Mid Rise Tapered Leg Pull-on CK065A","robots":{"index":"index","follow":"follow","max-snippet":"max-snippet:-1","max-image-preview":"max-image-preview:large","max-video-preview":"max-video-preview:-1"},"canonical":"https:\/\/marktxxl.de\/markt\/produkt\/cherokee-infinity-women-scrubs-pant-mid-rise-tapered-leg-pull-on-ck065a\/","og_locale":"de_DE","og_type":"article","og_title":"Cherokee Infinity Women Scrubs Pant Mid Rise Tapered Leg Pull-on CK065A - Markt-XXL","og_description":"Markt-XXL Cherokee Infinity Women Scrubs Pant Mid Rise Tapered Leg Pull-on CK065A","og_url":"https:\/\/marktxxl.de\/markt\/produkt\/cherokee-infinity-women-scrubs-pant-mid-rise-tapered-leg-pull-on-ck065a\/","og_site_name":"Markt-XXL","article_modified_time":"2023-04-11T01:47:45+00:00","og_image":[{"width":344,"height":500,"url":"https:\/\/m.media-amazon.com\/images\/I\/31jdMaOtZoS._SL500_.jpg","type":"image\/jpeg"}],"twitter_card":"summary_large_image","twitter_misc":{"Gesch\u00e4tzte Lesezeit":"1\u00a0Minute"},"schema":{"@context":"https:\/\/schema.org","@graph":[{"@type":"WebPage","@id":"https:\/\/marktxxl.de\/markt\/produkt\/cherokee-infinity-women-scrubs-pant-mid-rise-tapered-leg-pull-on-ck065a\/","url":"https:\/\/marktxxl.de\/markt\/produkt\/cherokee-infinity-women-scrubs-pant-mid-rise-tapered-leg-pull-on-ck065a\/","name":"Cherokee Infinity Women Scrubs Pant Mid Rise Tapered Leg Pull-on CK065A - Markt-XXL","isPartOf":{"@id":"https:\/\/marktxxl.de\/markt\/#website"},"primaryImageOfPage":{"@id":"https:\/\/marktxxl.de\/markt\/produkt\/cherokee-infinity-women-scrubs-pant-mid-rise-tapered-leg-pull-on-ck065a\/#primaryimage"},"image":{"@id":"https:\/\/marktxxl.de\/markt\/produkt\/cherokee-infinity-women-scrubs-pant-mid-rise-tapered-leg-pull-on-ck065a\/#primaryimage"},"thumbnailUrl":"https:\/\/m.media-amazon.com\/images\/I\/31jdMaOtZoS._SL500_.jpg","datePublished":"2022-05-15T00:22:28+00:00","dateModified":"2023-04-11T01:47:45+00:00","description":"Markt-XXL Cherokee Infinity Women Scrubs Pant Mid Rise Tapered Leg Pull-on CK065A","breadcrumb":{"@id":"https:\/\/marktxxl.de\/markt\/produkt\/cherokee-infinity-women-scrubs-pant-mid-rise-tapered-leg-pull-on-ck065a\/#breadcrumb"},"inLanguage":"de","potentialAction":[{"@type":"ReadAction","target":["https:\/\/marktxxl.de\/markt\/produkt\/cherokee-infinity-women-scrubs-pant-mid-rise-tapered-leg-pull-on-ck065a\/"]}]},{"@type":"ImageObject","inLanguage":"de","@id":"https:\/\/marktxxl.de\/markt\/produkt\/cherokee-infinity-women-scrubs-pant-mid-rise-tapered-leg-pull-on-ck065a\/#primaryimage","url":"https:\/\/m.media-amazon.com\/images\/I\/31jdMaOtZoS._SL500_.jpg","contentUrl":"https:\/\/m.media-amazon.com\/images\/I\/31jdMaOtZoS._SL500_.jpg","width":344,"height":500},{"@type":"BreadcrumbList","@id":"https:\/\/marktxxl.de\/markt\/produkt\/cherokee-infinity-women-scrubs-pant-mid-rise-tapered-leg-pull-on-ck065a\/#breadcrumb","itemListElement":[{"@type":"ListItem","position":1,"name":"Startseite","item":"https:\/\/marktxxl.de\/markt\/"},{"@type":"ListItem","position":2,"name":"Markt","item":"https:\/\/marktxxl.de\/markt\/"},{"@type":"ListItem","position":3,"name":"Cherokee Infinity Women Scrubs Pant Mid Rise Tapered Leg Pull-on CK065A"}]},{"@type":"WebSite","@id":"https:\/\/marktxxl.de\/markt\/#website","url":"https:\/\/marktxxl.de\/markt\/","name":"Markt-XXL","description":"Ihr Markt Online","publisher":{"@id":"https:\/\/marktxxl.de\/markt\/#organization"},"potentialAction":[{"@type":"SearchAction","target":{"@type":"EntryPoint","urlTemplate":"https:\/\/marktxxl.de\/markt\/?s={search_term_string}"},"query-input":{"@type":"PropertyValueSpecification","valueRequired":true,"valueName":"search_term_string"}}],"inLanguage":"de"},{"@type":"Organization","@id":"https:\/\/marktxxl.de\/markt\/#organization","name":"Markt-XXL","url":"https:\/\/marktxxl.de\/markt\/","logo":{"@type":"ImageObject","inLanguage":"de","@id":"https:\/\/marktxxl.de\/markt\/#\/schema\/logo\/image\/","url":"https:\/\/marktxxl.de\/markt\/wp-content\/uploads\/sites\/3\/2020\/12\/logo.png","contentUrl":"https:\/\/marktxxl.de\/markt\/wp-content\/uploads\/sites\/3\/2020\/12\/logo.png","width":200,"height":70,"caption":"Markt-XXL"},"image":{"@id":"https:\/\/marktxxl.de\/markt\/#\/schema\/logo\/image\/"}}]}},"_links":{"self":[{"href":"https:\/\/marktxxl.de\/markt\/wp-json\/wp\/v2\/product\/118587","targetHints":{"allow":["GET"]}}],"collection":[{"href":"https:\/\/marktxxl.de\/markt\/wp-json\/wp\/v2\/product"}],"about":[{"href":"https:\/\/marktxxl.de\/markt\/wp-json\/wp\/v2\/types\/product"}],"replies":[{"embeddable":true,"href":"https:\/\/marktxxl.de\/markt\/wp-json\/wp\/v2\/comments?post=118587"}],"wp:featuredmedia":[{"embeddable":true,"href":"https:\/\/marktxxl.de\/markt\/wp-json\/wp\/v2\/media\/118588"}],"wp:attachment":[{"href":"https:\/\/marktxxl.de\/markt\/wp-json\/wp\/v2\/media?parent=118587"}],"wp:term":[{"taxonomy":"product_brand","embeddable":true,"href":"https:\/\/marktxxl.de\/markt\/wp-json\/wp\/v2\/product_brand?post=118587"},{"taxonomy":"product_cat","embeddable":true,"href":"https:\/\/marktxxl.de\/markt\/wp-json\/wp\/v2\/product_cat?post=118587"},{"taxonomy":"product_tag","embeddable":true,"href":"https:\/\/marktxxl.de\/markt\/wp-json\/wp\/v2\/product_tag?post=118587"}],"curies":[{"name":"wp","href":"https:\/\/api.w.org\/{rel}","templated":true}]}}