{"id":118519,"date":"2022-05-15T02:17:22","date_gmt":"2022-05-15T00:17:22","guid":{"rendered":"https:\/\/marktxxl.de\/markt\/produkt\/shirtracer-patenonkel-baby-ich-habe-einen-verrueckten-patenonkel-blau-baby-body-kurzarm-fuer-jungen-und-maedchen\/"},"modified":"2023-04-11T03:47:43","modified_gmt":"2023-04-11T01:47:43","slug":"shirtracer-patenonkel-baby-ich-habe-einen-verrueckten-patenonkel-blau-baby-body-kurzarm-fuer-jungen-und-maedchen","status":"publish","type":"product","link":"https:\/\/marktxxl.de\/markt\/produkt\/shirtracer-patenonkel-baby-ich-habe-einen-verrueckten-patenonkel-blau-baby-body-kurzarm-fuer-jungen-und-maedchen\/","title":{"rendered":"Shirtracer &#8211; Baby Body Junge M\u00e4dchen &#8211; Patenonkel Baby &#8211; Ich Habe einen verr\u00fcckten Patenonkel blau"},"content":{"rendered":"<p>\u2714\ufe0f BAUMWOLL-BODY: Dieser Babybody ist zu 100 % aus Bio-Baumwolle (in der Farbe Grau Meliert zu 85% aus Baumwolle und zu 15% aus Viskose). Die gek\u00e4mmte und ringgesponnene Baumwolle ist besonders hautfreundlich und weich, was sie perfekt f\u00fcr deine Baby Erstausstattung macht. Durch die langfaserige Struktur des Textils, ist der Stoff besonders widerstandsf\u00e4hig und h\u00e4ufiger waschbar als andere Stoffe. Der Babybody kann bei 40\u00b0 auf links gedreht problemlos in der Waschmaschine gewaschen werd<br \/>\n\u2714\ufe0f NICKELFREIE DRUCKKN\u00d6PFE: Diese coole Baby Bekleidung kann am Beinausschnitt ge\u00f6ffnet werden und eignet sich damit ideal als Wickelbody. Am Schritt wurden drei nickelfreie Druckkn\u00f6pfe angebracht, die das einfache Ein- und Ausziehen der Kleidung erm\u00f6glichen. Bei der Auswahl der Kn\u00f6pfe wurde auf eine nickelfreie Variante zur\u00fcckgegriffen, weil diese unbedenklich f\u00fcr dein Baby ist. Die Kn\u00f6pfe sind jeweils Ton-in-Ton mit dem einfarbigen Babybody gehalten.<br \/>\n\u2714\ufe0f KURZARMBODY: Der Einteiler hat kurze \u00c4rmel, die sich dank des weichen Materials perfekt an den Arm anschmiegen. Mit dem schmal eingefassten Hals- und Armausschnitt ist der Babybody sauber verarbeitet und bietet deinem Neugeborenen somit optimalen Komfort. Der bedruckte Body ist ein s\u00fc\u00dfes Outfit f\u00fcr alle kleinen M\u00e4dchen und Jungen und eignet sich au\u00dferdem ideal als Geschenk zur Baby Erstausstattung. Dein Baby wird sich in diesem Outfit garantiert wohl f\u00fchlen!<br \/>\n\u2714\ufe0f QUALITATIVER STOFF: Die Wickelbodys aus Baumwolle haben eine Grammatur von 200 g\/m\u00b3. Durch die dichten Baumwollfasern h\u00e4lt der Body ausreichend warm. Der robuste Stoff ist au\u00dferdem ideal f\u00fcr Neugeborene geeignet, die gerade anfangen, die Welt zu entdecken. Unser Babybody mit Kurzarm ist in verschiedenen Gr\u00f6\u00dfen erh\u00e4ltlich und passt je nach Gr\u00f6\u00dfe Kindern im Alter von 0 bis 18 Monaten (in den Farben wei\u00df und schwarz je nach Gr\u00f6\u00dfe von 0 bis 24 Monate).<br \/>\n\u2714\ufe0f FAIR PRODUZIERT: Wir achten stets darauf, dass alle unsere Bodys unter fairen Arbeitsbedingungen produziert werden. Au\u00dferdem erf\u00fcllt sowohl der Aufdruck, als auch der Babybody selbst den \u00d6ko Tex Standard. Dank diesen Standards kannst Du dir sicher sein, dass der pH-Wert und auch das Verbot bestimmter Farbmittel und Chemikalien bei der Produktion ber\u00fccksichtig wurden. Zudem ist das Produkt ausschlie\u00dflich aus Bio-Baumwolle hergestellt worden.<br \/>\n<div class=\"main-cross-sell\" data-asin=\"B09L15BV2D\">\n\n\t<div class=\"WooZone-cross-sell-loader\">\n\t\t<div>\n\t\t\t<div id=\"floatingBarsG\">\n\t\t\t\t<div class=\"blockG\" id=\"rotateG_01\"><\/div>\n\t\t\t\t<div class=\"blockG\" id=\"rotateG_02\"><\/div>\n\t\t\t\t<div class=\"blockG\" id=\"rotateG_03\"><\/div>\n\t\t\t\t<div class=\"blockG\" id=\"rotateG_04\"><\/div>\n\t\t\t\t<div class=\"blockG\" id=\"rotateG_05\"><\/div>\n\t\t\t\t<div class=\"blockG\" id=\"rotateG_06\"><\/div>\n\t\t\t\t<div class=\"blockG\" id=\"rotateG_07\"><\/div>\n\t\t\t\t<div class=\"blockG\" id=\"rotateG_08\"><\/div>\n\t\t\t<\/div>\n\t\t\t<div class=\"WooZone-cross-sell-loader-text\"><\/div>\n\t\t<\/div>\n\t<\/div>\n\n\t\t\n<\/div>\n<div style=\"clear:both;\"><\/div><\/p>\n","protected":false},"excerpt":{"rendered":"<p>\u2714\ufe0f BAUMWOLL-BODY: Dieser Babybody ist zu 100 % aus Bio-Baumwolle (in der Farbe Grau Meliert zu 85% aus Baumwolle und zu 15% aus Viskose). Die gek\u00e4mmte und ringgesponnene Baumwolle ist besonders hautfreundlich und weich, was sie perfekt f\u00fcr deine Baby Erstausstattung macht. Durch die langfaserige Struktur des Textils, ist der Stoff besonders widerstandsf\u00e4hig und h\u00e4ufiger waschbar als andere Stoffe. Der Babybody kann bei 40\u00b0 auf links gedreht problemlos in der Waschmaschine gewaschen werd<br \/>\n\u2714\ufe0f NICKELFREIE DRUCKKN\u00d6PFE: Diese coole Baby Bekleidung kann am Beinausschnitt ge\u00f6ffnet werden und eignet sich damit ideal als Wickelbody. Am Schritt wurden drei nickelfreie Druckkn\u00f6pfe angebracht, die das einfache Ein- und Ausziehen der Kleidung erm\u00f6glichen. Bei der Auswahl der Kn\u00f6pfe wurde auf eine nickelfreie Variante zur\u00fcckgegriffen, weil diese unbedenklich f\u00fcr dein Baby ist. Die Kn\u00f6pfe sind jeweils Ton-in-Ton mit dem einfarbigen Babybody gehalten.<br \/>\n\u2714\ufe0f KURZARMBODY: Der Einteiler hat kurze \u00c4rmel, die sich dank des weichen Materials perfekt an den Arm anschmiegen. Mit dem schmal eingefassten Hals- und Armausschnitt ist der Babybody sauber verarbeitet und bietet deinem Neugeborenen somit optimalen Komfort. Der bedruckte Body ist ein s\u00fc\u00dfes Outfit f\u00fcr alle kleinen M\u00e4dchen und Jungen und eignet sich au\u00dferdem ideal als Geschenk zur Baby Erstausstattung. Dein Baby wird sich in diesem Outfit garantiert wohl f\u00fchlen!<\/p>\n","protected":false},"featured_media":118520,"comment_status":"open","ping_status":"closed","template":"","meta":[],"product_brand":[],"product_cat":[1186,4069],"product_tag":[],"class_list":{"0":"post-118519","1":"product","2":"type-product","3":"status-publish","4":"has-post-thumbnail","6":"product_cat-bekleidung","7":"product_cat-spezielle-anlaesse","8":"pa_binding-textilien","9":"pa_brand-shirtracer","10":"pa_manufacturer-shirtracer","11":"pa_model-bz10","13":"first","14":"instock","15":"shipping-taxable","16":"purchasable","17":"product-type-simple","18":"customify-col","19":"product-has-gallery"},"yoast_head":"<!-- This site is optimized with the Yoast SEO plugin v27.4 - https:\/\/yoast.com\/product\/yoast-seo-wordpress\/ -->\n<title>Shirtracer - Baby Body Junge M\u00e4dchen - Patenonkel Baby - Ich Habe einen verr\u00fcckten Patenonkel blau - Markt-XXL<\/title>\n<meta name=\"description\" content=\"Markt-XXL Shirtracer - Baby Body Junge M\u00e4dchen - Patenonkel Baby - Ich Habe einen verr\u00fcckten Patenonkel blau\" \/>\n<meta name=\"robots\" content=\"index, follow, max-snippet:-1, max-image-preview:large, max-video-preview:-1\" \/>\n<link rel=\"canonical\" href=\"https:\/\/marktxxl.de\/markt\/produkt\/shirtracer-patenonkel-baby-ich-habe-einen-verrueckten-patenonkel-blau-baby-body-kurzarm-fuer-jungen-und-maedchen\/\" \/>\n<meta property=\"og:locale\" content=\"de_DE\" \/>\n<meta property=\"og:type\" content=\"article\" \/>\n<meta property=\"og:title\" content=\"Shirtracer - Baby Body Junge M\u00e4dchen - Patenonkel Baby - Ich Habe einen verr\u00fcckten Patenonkel blau - Markt-XXL\" \/>\n<meta property=\"og:description\" content=\"Markt-XXL Shirtracer - Baby Body Junge M\u00e4dchen - Patenonkel Baby - Ich Habe einen verr\u00fcckten Patenonkel blau\" \/>\n<meta property=\"og:url\" content=\"https:\/\/marktxxl.de\/markt\/produkt\/shirtracer-patenonkel-baby-ich-habe-einen-verrueckten-patenonkel-blau-baby-body-kurzarm-fuer-jungen-und-maedchen\/\" \/>\n<meta property=\"og:site_name\" content=\"Markt-XXL\" \/>\n<meta property=\"article:modified_time\" content=\"2023-04-11T01:47:43+00:00\" \/>\n<meta property=\"og:image\" content=\"https:\/\/m.media-amazon.com\/images\/I\/41x3vmfXnfL._SL500_.jpg\" \/>\n\t<meta property=\"og:image:width\" content=\"417\" \/>\n\t<meta property=\"og:image:height\" content=\"500\" \/>\n\t<meta property=\"og:image:type\" content=\"image\/jpeg\" \/>\n<meta name=\"twitter:card\" content=\"summary_large_image\" \/>\n<meta name=\"twitter:label1\" content=\"Gesch\u00e4tzte Lesezeit\" \/>\n\t<meta name=\"twitter:data1\" content=\"2\u00a0Minuten\" \/>\n<script type=\"application\/ld+json\" class=\"yoast-schema-graph\">{\"@context\":\"https:\\\/\\\/schema.org\",\"@graph\":[{\"@type\":\"WebPage\",\"@id\":\"https:\\\/\\\/marktxxl.de\\\/markt\\\/produkt\\\/shirtracer-patenonkel-baby-ich-habe-einen-verrueckten-patenonkel-blau-baby-body-kurzarm-fuer-jungen-und-maedchen\\\/\",\"url\":\"https:\\\/\\\/marktxxl.de\\\/markt\\\/produkt\\\/shirtracer-patenonkel-baby-ich-habe-einen-verrueckten-patenonkel-blau-baby-body-kurzarm-fuer-jungen-und-maedchen\\\/\",\"name\":\"Shirtracer - Baby Body Junge M\u00e4dchen - Patenonkel Baby - Ich Habe einen verr\u00fcckten Patenonkel blau - Markt-XXL\",\"isPartOf\":{\"@id\":\"https:\\\/\\\/marktxxl.de\\\/markt\\\/#website\"},\"primaryImageOfPage\":{\"@id\":\"https:\\\/\\\/marktxxl.de\\\/markt\\\/produkt\\\/shirtracer-patenonkel-baby-ich-habe-einen-verrueckten-patenonkel-blau-baby-body-kurzarm-fuer-jungen-und-maedchen\\\/#primaryimage\"},\"image\":{\"@id\":\"https:\\\/\\\/marktxxl.de\\\/markt\\\/produkt\\\/shirtracer-patenonkel-baby-ich-habe-einen-verrueckten-patenonkel-blau-baby-body-kurzarm-fuer-jungen-und-maedchen\\\/#primaryimage\"},\"thumbnailUrl\":\"https:\\\/\\\/m.media-amazon.com\\\/images\\\/I\\\/41x3vmfXnfL._SL500_.jpg\",\"datePublished\":\"2022-05-15T00:17:22+00:00\",\"dateModified\":\"2023-04-11T01:47:43+00:00\",\"description\":\"Markt-XXL Shirtracer - Baby Body Junge M\u00e4dchen - Patenonkel Baby - Ich Habe einen verr\u00fcckten Patenonkel blau\",\"breadcrumb\":{\"@id\":\"https:\\\/\\\/marktxxl.de\\\/markt\\\/produkt\\\/shirtracer-patenonkel-baby-ich-habe-einen-verrueckten-patenonkel-blau-baby-body-kurzarm-fuer-jungen-und-maedchen\\\/#breadcrumb\"},\"inLanguage\":\"de\",\"potentialAction\":[{\"@type\":\"ReadAction\",\"target\":[\"https:\\\/\\\/marktxxl.de\\\/markt\\\/produkt\\\/shirtracer-patenonkel-baby-ich-habe-einen-verrueckten-patenonkel-blau-baby-body-kurzarm-fuer-jungen-und-maedchen\\\/\"]}]},{\"@type\":\"ImageObject\",\"inLanguage\":\"de\",\"@id\":\"https:\\\/\\\/marktxxl.de\\\/markt\\\/produkt\\\/shirtracer-patenonkel-baby-ich-habe-einen-verrueckten-patenonkel-blau-baby-body-kurzarm-fuer-jungen-und-maedchen\\\/#primaryimage\",\"url\":\"https:\\\/\\\/m.media-amazon.com\\\/images\\\/I\\\/41x3vmfXnfL._SL500_.jpg\",\"contentUrl\":\"https:\\\/\\\/m.media-amazon.com\\\/images\\\/I\\\/41x3vmfXnfL._SL500_.jpg\",\"width\":417,\"height\":500},{\"@type\":\"BreadcrumbList\",\"@id\":\"https:\\\/\\\/marktxxl.de\\\/markt\\\/produkt\\\/shirtracer-patenonkel-baby-ich-habe-einen-verrueckten-patenonkel-blau-baby-body-kurzarm-fuer-jungen-und-maedchen\\\/#breadcrumb\",\"itemListElement\":[{\"@type\":\"ListItem\",\"position\":1,\"name\":\"Startseite\",\"item\":\"https:\\\/\\\/marktxxl.de\\\/markt\\\/\"},{\"@type\":\"ListItem\",\"position\":2,\"name\":\"Markt\",\"item\":\"https:\\\/\\\/marktxxl.de\\\/markt\\\/\"},{\"@type\":\"ListItem\",\"position\":3,\"name\":\"Shirtracer &#8211; Baby Body Junge M\u00e4dchen &#8211; Patenonkel Baby &#8211; Ich Habe einen verr\u00fcckten Patenonkel blau\"}]},{\"@type\":\"WebSite\",\"@id\":\"https:\\\/\\\/marktxxl.de\\\/markt\\\/#website\",\"url\":\"https:\\\/\\\/marktxxl.de\\\/markt\\\/\",\"name\":\"Markt-XXL\",\"description\":\"Ihr Markt Online\",\"publisher\":{\"@id\":\"https:\\\/\\\/marktxxl.de\\\/markt\\\/#organization\"},\"potentialAction\":[{\"@type\":\"SearchAction\",\"target\":{\"@type\":\"EntryPoint\",\"urlTemplate\":\"https:\\\/\\\/marktxxl.de\\\/markt\\\/?s={search_term_string}\"},\"query-input\":{\"@type\":\"PropertyValueSpecification\",\"valueRequired\":true,\"valueName\":\"search_term_string\"}}],\"inLanguage\":\"de\"},{\"@type\":\"Organization\",\"@id\":\"https:\\\/\\\/marktxxl.de\\\/markt\\\/#organization\",\"name\":\"Markt-XXL\",\"url\":\"https:\\\/\\\/marktxxl.de\\\/markt\\\/\",\"logo\":{\"@type\":\"ImageObject\",\"inLanguage\":\"de\",\"@id\":\"https:\\\/\\\/marktxxl.de\\\/markt\\\/#\\\/schema\\\/logo\\\/image\\\/\",\"url\":\"https:\\\/\\\/marktxxl.de\\\/markt\\\/wp-content\\\/uploads\\\/sites\\\/3\\\/2020\\\/12\\\/logo.png\",\"contentUrl\":\"https:\\\/\\\/marktxxl.de\\\/markt\\\/wp-content\\\/uploads\\\/sites\\\/3\\\/2020\\\/12\\\/logo.png\",\"width\":200,\"height\":70,\"caption\":\"Markt-XXL\"},\"image\":{\"@id\":\"https:\\\/\\\/marktxxl.de\\\/markt\\\/#\\\/schema\\\/logo\\\/image\\\/\"}}]}<\/script>\n<!-- \/ Yoast SEO plugin. -->","yoast_head_json":{"title":"Shirtracer - Baby Body Junge M\u00e4dchen - Patenonkel Baby - Ich Habe einen verr\u00fcckten Patenonkel blau - Markt-XXL","description":"Markt-XXL Shirtracer - Baby Body Junge M\u00e4dchen - Patenonkel Baby - Ich Habe einen verr\u00fcckten Patenonkel blau","robots":{"index":"index","follow":"follow","max-snippet":"max-snippet:-1","max-image-preview":"max-image-preview:large","max-video-preview":"max-video-preview:-1"},"canonical":"https:\/\/marktxxl.de\/markt\/produkt\/shirtracer-patenonkel-baby-ich-habe-einen-verrueckten-patenonkel-blau-baby-body-kurzarm-fuer-jungen-und-maedchen\/","og_locale":"de_DE","og_type":"article","og_title":"Shirtracer - Baby Body Junge M\u00e4dchen - Patenonkel Baby - Ich Habe einen verr\u00fcckten Patenonkel blau - Markt-XXL","og_description":"Markt-XXL Shirtracer - Baby Body Junge M\u00e4dchen - Patenonkel Baby - Ich Habe einen verr\u00fcckten Patenonkel blau","og_url":"https:\/\/marktxxl.de\/markt\/produkt\/shirtracer-patenonkel-baby-ich-habe-einen-verrueckten-patenonkel-blau-baby-body-kurzarm-fuer-jungen-und-maedchen\/","og_site_name":"Markt-XXL","article_modified_time":"2023-04-11T01:47:43+00:00","og_image":[{"width":417,"height":500,"url":"https:\/\/m.media-amazon.com\/images\/I\/41x3vmfXnfL._SL500_.jpg","type":"image\/jpeg"}],"twitter_card":"summary_large_image","twitter_misc":{"Gesch\u00e4tzte Lesezeit":"2\u00a0Minuten"},"schema":{"@context":"https:\/\/schema.org","@graph":[{"@type":"WebPage","@id":"https:\/\/marktxxl.de\/markt\/produkt\/shirtracer-patenonkel-baby-ich-habe-einen-verrueckten-patenonkel-blau-baby-body-kurzarm-fuer-jungen-und-maedchen\/","url":"https:\/\/marktxxl.de\/markt\/produkt\/shirtracer-patenonkel-baby-ich-habe-einen-verrueckten-patenonkel-blau-baby-body-kurzarm-fuer-jungen-und-maedchen\/","name":"Shirtracer - Baby Body Junge M\u00e4dchen - Patenonkel Baby - Ich Habe einen verr\u00fcckten Patenonkel blau - Markt-XXL","isPartOf":{"@id":"https:\/\/marktxxl.de\/markt\/#website"},"primaryImageOfPage":{"@id":"https:\/\/marktxxl.de\/markt\/produkt\/shirtracer-patenonkel-baby-ich-habe-einen-verrueckten-patenonkel-blau-baby-body-kurzarm-fuer-jungen-und-maedchen\/#primaryimage"},"image":{"@id":"https:\/\/marktxxl.de\/markt\/produkt\/shirtracer-patenonkel-baby-ich-habe-einen-verrueckten-patenonkel-blau-baby-body-kurzarm-fuer-jungen-und-maedchen\/#primaryimage"},"thumbnailUrl":"https:\/\/m.media-amazon.com\/images\/I\/41x3vmfXnfL._SL500_.jpg","datePublished":"2022-05-15T00:17:22+00:00","dateModified":"2023-04-11T01:47:43+00:00","description":"Markt-XXL Shirtracer - Baby Body Junge M\u00e4dchen - Patenonkel Baby - Ich Habe einen verr\u00fcckten Patenonkel blau","breadcrumb":{"@id":"https:\/\/marktxxl.de\/markt\/produkt\/shirtracer-patenonkel-baby-ich-habe-einen-verrueckten-patenonkel-blau-baby-body-kurzarm-fuer-jungen-und-maedchen\/#breadcrumb"},"inLanguage":"de","potentialAction":[{"@type":"ReadAction","target":["https:\/\/marktxxl.de\/markt\/produkt\/shirtracer-patenonkel-baby-ich-habe-einen-verrueckten-patenonkel-blau-baby-body-kurzarm-fuer-jungen-und-maedchen\/"]}]},{"@type":"ImageObject","inLanguage":"de","@id":"https:\/\/marktxxl.de\/markt\/produkt\/shirtracer-patenonkel-baby-ich-habe-einen-verrueckten-patenonkel-blau-baby-body-kurzarm-fuer-jungen-und-maedchen\/#primaryimage","url":"https:\/\/m.media-amazon.com\/images\/I\/41x3vmfXnfL._SL500_.jpg","contentUrl":"https:\/\/m.media-amazon.com\/images\/I\/41x3vmfXnfL._SL500_.jpg","width":417,"height":500},{"@type":"BreadcrumbList","@id":"https:\/\/marktxxl.de\/markt\/produkt\/shirtracer-patenonkel-baby-ich-habe-einen-verrueckten-patenonkel-blau-baby-body-kurzarm-fuer-jungen-und-maedchen\/#breadcrumb","itemListElement":[{"@type":"ListItem","position":1,"name":"Startseite","item":"https:\/\/marktxxl.de\/markt\/"},{"@type":"ListItem","position":2,"name":"Markt","item":"https:\/\/marktxxl.de\/markt\/"},{"@type":"ListItem","position":3,"name":"Shirtracer &#8211; Baby Body Junge M\u00e4dchen &#8211; Patenonkel Baby &#8211; Ich Habe einen verr\u00fcckten Patenonkel blau"}]},{"@type":"WebSite","@id":"https:\/\/marktxxl.de\/markt\/#website","url":"https:\/\/marktxxl.de\/markt\/","name":"Markt-XXL","description":"Ihr Markt Online","publisher":{"@id":"https:\/\/marktxxl.de\/markt\/#organization"},"potentialAction":[{"@type":"SearchAction","target":{"@type":"EntryPoint","urlTemplate":"https:\/\/marktxxl.de\/markt\/?s={search_term_string}"},"query-input":{"@type":"PropertyValueSpecification","valueRequired":true,"valueName":"search_term_string"}}],"inLanguage":"de"},{"@type":"Organization","@id":"https:\/\/marktxxl.de\/markt\/#organization","name":"Markt-XXL","url":"https:\/\/marktxxl.de\/markt\/","logo":{"@type":"ImageObject","inLanguage":"de","@id":"https:\/\/marktxxl.de\/markt\/#\/schema\/logo\/image\/","url":"https:\/\/marktxxl.de\/markt\/wp-content\/uploads\/sites\/3\/2020\/12\/logo.png","contentUrl":"https:\/\/marktxxl.de\/markt\/wp-content\/uploads\/sites\/3\/2020\/12\/logo.png","width":200,"height":70,"caption":"Markt-XXL"},"image":{"@id":"https:\/\/marktxxl.de\/markt\/#\/schema\/logo\/image\/"}}]}},"_links":{"self":[{"href":"https:\/\/marktxxl.de\/markt\/wp-json\/wp\/v2\/product\/118519","targetHints":{"allow":["GET"]}}],"collection":[{"href":"https:\/\/marktxxl.de\/markt\/wp-json\/wp\/v2\/product"}],"about":[{"href":"https:\/\/marktxxl.de\/markt\/wp-json\/wp\/v2\/types\/product"}],"replies":[{"embeddable":true,"href":"https:\/\/marktxxl.de\/markt\/wp-json\/wp\/v2\/comments?post=118519"}],"wp:featuredmedia":[{"embeddable":true,"href":"https:\/\/marktxxl.de\/markt\/wp-json\/wp\/v2\/media\/118520"}],"wp:attachment":[{"href":"https:\/\/marktxxl.de\/markt\/wp-json\/wp\/v2\/media?parent=118519"}],"wp:term":[{"taxonomy":"product_brand","embeddable":true,"href":"https:\/\/marktxxl.de\/markt\/wp-json\/wp\/v2\/product_brand?post=118519"},{"taxonomy":"product_cat","embeddable":true,"href":"https:\/\/marktxxl.de\/markt\/wp-json\/wp\/v2\/product_cat?post=118519"},{"taxonomy":"product_tag","embeddable":true,"href":"https:\/\/marktxxl.de\/markt\/wp-json\/wp\/v2\/product_tag?post=118519"}],"curies":[{"name":"wp","href":"https:\/\/api.w.org\/{rel}","templated":true}]}}