{"id":118408,"date":"2022-05-15T02:10:08","date_gmt":"2022-05-15T00:10:08","guid":{"rendered":"https:\/\/marktxxl.de\/markt\/produkt\/blackstrap-sturmhaube-fuer-kinder\/"},"modified":"2023-04-11T03:47:42","modified_gmt":"2023-04-11T01:47:42","slug":"blackstrap-sturmhaube-fuer-kinder","status":"publish","type":"product","link":"https:\/\/marktxxl.de\/markt\/produkt\/blackstrap-sturmhaube-fuer-kinder\/","title":{"rendered":"BLACKSTRAP Sturmhaube f\u00fcr Kinder."},"content":{"rendered":"<p>Innovatives und kompatibles Design: Die Kapuzen-Sturmhaube von BlackStrap setzt den Industriestandard in Leistung, Komfort und Schutz vor den Elementen. Die Kapuze hat ein ergonomisches Design und 4-Wege-Stretchgewebe f\u00fcr mehrere Trageanwendungen und Helmkompatibilit\u00e4t. Egal wer Sie sind oder was Ihr Hobby ist, diese Sturmhaube ist ein perfektes Design f\u00fcr Sie.<br \/>\nUltimativer Schutz f\u00fcr l\u00e4ngere Trageweise: Die Sturmhaube ist UPF (UV) bewertet f\u00fcr Sonnenschutz und hat eine zweilagige Scharnierm\u00fcndung, die atmungsaktiv f\u00fcr alle Jahreszeiten ist. So bleibt Ihre Haut nicht nur sicher und trocken, sondern ist auch super bequem f\u00fcr langfristiges Tragen vom Skifahren bis zum Angeln. Bleiben Sie gesch\u00fctzt, Abenteuer l\u00e4nger.<br \/>\nPerfekte Passform in Ihrem Lieblings-Design: Egal, wer Sie sind oder was Ihr Sport ist, es gibt eine Sturmhaube f\u00fcr Sie. Der praktische Stretchstoff passt fast jeder Person bequem, wie eine zweite Haut. Und sie sind in einer F\u00fclle von verschiedenen Designs und Farben erh\u00e4ltlich. Von Basic bis lustigen Mustern ist f\u00fcr jeden etwas dabei.<br \/>\nBlackStrap-Qualit\u00e4t: Alle BlackStrap-Produkte verf\u00fcgen \u00fcber 100 % in den USA gefr\u00e4ste Tri-Blend-Stoffe. Das UPF 50+ Design blockiert 97,5% der sch\u00e4dlichen UV-Strahlen, um Ihre Haut unter allen Bedingungen zu sch\u00fctzen. Vollsynthetisches, schnell trocknendes Gewebe mit Feuchtigkeitstransport-Technologie, h\u00e4lt Sie bequem und trocken. Alles ist zu 100% sicher mit Ihrer Sportbrille oder Brille zu paaren.<br \/>\nProdukteigenschaften: Paket enth\u00e4lt (1) BlackStrap Kinder-Halsschlauch. Eigenschaften: Helmfreundlich, ergonomische Passform, Synthetik, Feuchtigkeitstransport, Linsensicheres Gewebe, 360-Grad-Schutz, bequeme Passform, antimikrobiell und maschinenwaschbar. Hergestellt in den USA. Einheitsgr\u00f6\u00dfe, passend f\u00fcr die meisten Kinder im Alter von 2\u20137 Jahren. Auch in Erwachsenengr\u00f6\u00dfen erh\u00e4ltlich. Design: Lila<br \/>\n<div class=\"main-cross-sell\" data-asin=\"B017NELA5Y\">\n\n\t<div class=\"WooZone-cross-sell-loader\">\n\t\t<div>\n\t\t\t<div id=\"floatingBarsG\">\n\t\t\t\t<div class=\"blockG\" id=\"rotateG_01\"><\/div>\n\t\t\t\t<div class=\"blockG\" id=\"rotateG_02\"><\/div>\n\t\t\t\t<div class=\"blockG\" id=\"rotateG_03\"><\/div>\n\t\t\t\t<div class=\"blockG\" id=\"rotateG_04\"><\/div>\n\t\t\t\t<div class=\"blockG\" id=\"rotateG_05\"><\/div>\n\t\t\t\t<div class=\"blockG\" id=\"rotateG_06\"><\/div>\n\t\t\t\t<div class=\"blockG\" id=\"rotateG_07\"><\/div>\n\t\t\t\t<div class=\"blockG\" id=\"rotateG_08\"><\/div>\n\t\t\t<\/div>\n\t\t\t<div class=\"WooZone-cross-sell-loader-text\"><\/div>\n\t\t<\/div>\n\t<\/div>\n\n\t\t\n<\/div>\n<div style=\"clear:both;\"><\/div><\/p>\n","protected":false},"excerpt":{"rendered":"<p>Innovatives und kompatibles Design: Die Kapuzen-Sturmhaube von BlackStrap setzt den Industriestandard in Leistung, Komfort und Schutz vor den Elementen. Die Kapuze hat ein ergonomisches Design und 4-Wege-Stretchgewebe f\u00fcr mehrere Trageanwendungen und Helmkompatibilit\u00e4t. Egal wer Sie sind oder was Ihr Hobby ist, diese Sturmhaube ist ein perfektes Design f\u00fcr Sie.<br \/>\nUltimativer Schutz f\u00fcr l\u00e4ngere Trageweise: Die Sturmhaube ist UPF (UV) bewertet f\u00fcr Sonnenschutz und hat eine zweilagige Scharnierm\u00fcndung, die atmungsaktiv f\u00fcr alle Jahreszeiten ist. So bleibt Ihre Haut nicht nur sicher und trocken, sondern ist auch super bequem f\u00fcr langfristiges Tragen vom Skifahren bis zum Angeln. Bleiben Sie gesch\u00fctzt, Abenteuer l\u00e4nger.<br \/>\nPerfekte Passform in Ihrem Lieblings-Design: Egal, wer Sie sind oder was Ihr Sport ist, es gibt eine Sturmhaube f\u00fcr Sie. Der praktische Stretchstoff passt fast jeder Person bequem, wie eine zweite Haut. Und sie sind in einer F\u00fclle von verschiedenen Designs und Farben erh\u00e4ltlich. Von Basic bis lustigen Mustern ist f\u00fcr jeden etwas dabei.<\/p>\n","protected":false},"featured_media":118409,"comment_status":"open","ping_status":"closed","template":"","meta":[],"product_brand":[],"product_cat":[1186,4034],"product_tag":[],"class_list":{"0":"post-118408","1":"product","2":"type-product","3":"status-publish","4":"has-post-thumbnail","6":"product_cat-bekleidung","7":"product_cat-jungen","8":"pa_binding-ausruestung","9":"pa_brand-blackstrap","10":"pa_color-schwarz","11":"pa_height-2-zoll","12":"pa_length-11-zoll","13":"pa_manufacturer-blackstrap-industries","14":"pa_model-blackstrap","15":"pa_size-einheitsgroesse","16":"pa_width-10-zoll","18":"first","19":"instock","20":"shipping-taxable","21":"purchasable","22":"product-type-simple","23":"customify-col","24":"product-has-gallery"},"yoast_head":"<!-- This site is optimized with the Yoast SEO plugin v27.3 - https:\/\/yoast.com\/product\/yoast-seo-wordpress\/ -->\n<title>BLACKSTRAP Sturmhaube f\u00fcr Kinder. - Markt-XXL<\/title>\n<meta name=\"description\" content=\"Markt-XXL BLACKSTRAP Sturmhaube f\u00fcr Kinder.\" \/>\n<meta name=\"robots\" content=\"index, follow, max-snippet:-1, max-image-preview:large, max-video-preview:-1\" \/>\n<link rel=\"canonical\" href=\"https:\/\/marktxxl.de\/markt\/produkt\/blackstrap-sturmhaube-fuer-kinder\/\" \/>\n<meta property=\"og:locale\" content=\"de_DE\" \/>\n<meta property=\"og:type\" content=\"article\" \/>\n<meta property=\"og:title\" content=\"BLACKSTRAP Sturmhaube f\u00fcr Kinder. - Markt-XXL\" \/>\n<meta property=\"og:description\" content=\"Markt-XXL BLACKSTRAP Sturmhaube f\u00fcr Kinder.\" \/>\n<meta property=\"og:url\" content=\"https:\/\/marktxxl.de\/markt\/produkt\/blackstrap-sturmhaube-fuer-kinder\/\" \/>\n<meta property=\"og:site_name\" content=\"Markt-XXL\" \/>\n<meta property=\"article:modified_time\" content=\"2023-04-11T01:47:42+00:00\" \/>\n<meta property=\"og:image\" content=\"https:\/\/m.media-amazon.com\/images\/I\/31mzIbtzUNL._SL500_.jpg\" \/>\n\t<meta property=\"og:image:width\" content=\"500\" \/>\n\t<meta property=\"og:image:height\" content=\"500\" \/>\n\t<meta property=\"og:image:type\" content=\"image\/jpeg\" \/>\n<meta name=\"twitter:card\" content=\"summary_large_image\" \/>\n<meta name=\"twitter:label1\" content=\"Gesch\u00e4tzte Lesezeit\" \/>\n\t<meta name=\"twitter:data1\" content=\"1\u00a0Minute\" \/>\n<script type=\"application\/ld+json\" class=\"yoast-schema-graph\">{\"@context\":\"https:\\\/\\\/schema.org\",\"@graph\":[{\"@type\":\"WebPage\",\"@id\":\"https:\\\/\\\/marktxxl.de\\\/markt\\\/produkt\\\/blackstrap-sturmhaube-fuer-kinder\\\/\",\"url\":\"https:\\\/\\\/marktxxl.de\\\/markt\\\/produkt\\\/blackstrap-sturmhaube-fuer-kinder\\\/\",\"name\":\"BLACKSTRAP Sturmhaube f\u00fcr Kinder. - Markt-XXL\",\"isPartOf\":{\"@id\":\"https:\\\/\\\/marktxxl.de\\\/markt\\\/#website\"},\"primaryImageOfPage\":{\"@id\":\"https:\\\/\\\/marktxxl.de\\\/markt\\\/produkt\\\/blackstrap-sturmhaube-fuer-kinder\\\/#primaryimage\"},\"image\":{\"@id\":\"https:\\\/\\\/marktxxl.de\\\/markt\\\/produkt\\\/blackstrap-sturmhaube-fuer-kinder\\\/#primaryimage\"},\"thumbnailUrl\":\"https:\\\/\\\/m.media-amazon.com\\\/images\\\/I\\\/31mzIbtzUNL._SL500_.jpg\",\"datePublished\":\"2022-05-15T00:10:08+00:00\",\"dateModified\":\"2023-04-11T01:47:42+00:00\",\"description\":\"Markt-XXL BLACKSTRAP Sturmhaube f\u00fcr Kinder.\",\"breadcrumb\":{\"@id\":\"https:\\\/\\\/marktxxl.de\\\/markt\\\/produkt\\\/blackstrap-sturmhaube-fuer-kinder\\\/#breadcrumb\"},\"inLanguage\":\"de\",\"potentialAction\":[{\"@type\":\"ReadAction\",\"target\":[\"https:\\\/\\\/marktxxl.de\\\/markt\\\/produkt\\\/blackstrap-sturmhaube-fuer-kinder\\\/\"]}]},{\"@type\":\"ImageObject\",\"inLanguage\":\"de\",\"@id\":\"https:\\\/\\\/marktxxl.de\\\/markt\\\/produkt\\\/blackstrap-sturmhaube-fuer-kinder\\\/#primaryimage\",\"url\":\"https:\\\/\\\/m.media-amazon.com\\\/images\\\/I\\\/31mzIbtzUNL._SL500_.jpg\",\"contentUrl\":\"https:\\\/\\\/m.media-amazon.com\\\/images\\\/I\\\/31mzIbtzUNL._SL500_.jpg\",\"width\":500,\"height\":500},{\"@type\":\"BreadcrumbList\",\"@id\":\"https:\\\/\\\/marktxxl.de\\\/markt\\\/produkt\\\/blackstrap-sturmhaube-fuer-kinder\\\/#breadcrumb\",\"itemListElement\":[{\"@type\":\"ListItem\",\"position\":1,\"name\":\"Startseite\",\"item\":\"https:\\\/\\\/marktxxl.de\\\/markt\\\/\"},{\"@type\":\"ListItem\",\"position\":2,\"name\":\"Markt\",\"item\":\"https:\\\/\\\/marktxxl.de\\\/markt\\\/\"},{\"@type\":\"ListItem\",\"position\":3,\"name\":\"BLACKSTRAP Sturmhaube f\u00fcr Kinder.\"}]},{\"@type\":\"WebSite\",\"@id\":\"https:\\\/\\\/marktxxl.de\\\/markt\\\/#website\",\"url\":\"https:\\\/\\\/marktxxl.de\\\/markt\\\/\",\"name\":\"Markt-XXL\",\"description\":\"Ihr Markt Online\",\"publisher\":{\"@id\":\"https:\\\/\\\/marktxxl.de\\\/markt\\\/#organization\"},\"potentialAction\":[{\"@type\":\"SearchAction\",\"target\":{\"@type\":\"EntryPoint\",\"urlTemplate\":\"https:\\\/\\\/marktxxl.de\\\/markt\\\/?s={search_term_string}\"},\"query-input\":{\"@type\":\"PropertyValueSpecification\",\"valueRequired\":true,\"valueName\":\"search_term_string\"}}],\"inLanguage\":\"de\"},{\"@type\":\"Organization\",\"@id\":\"https:\\\/\\\/marktxxl.de\\\/markt\\\/#organization\",\"name\":\"Markt-XXL\",\"url\":\"https:\\\/\\\/marktxxl.de\\\/markt\\\/\",\"logo\":{\"@type\":\"ImageObject\",\"inLanguage\":\"de\",\"@id\":\"https:\\\/\\\/marktxxl.de\\\/markt\\\/#\\\/schema\\\/logo\\\/image\\\/\",\"url\":\"https:\\\/\\\/marktxxl.de\\\/markt\\\/wp-content\\\/uploads\\\/sites\\\/3\\\/2020\\\/12\\\/logo.png\",\"contentUrl\":\"https:\\\/\\\/marktxxl.de\\\/markt\\\/wp-content\\\/uploads\\\/sites\\\/3\\\/2020\\\/12\\\/logo.png\",\"width\":200,\"height\":70,\"caption\":\"Markt-XXL\"},\"image\":{\"@id\":\"https:\\\/\\\/marktxxl.de\\\/markt\\\/#\\\/schema\\\/logo\\\/image\\\/\"}}]}<\/script>\n<!-- \/ Yoast SEO plugin. -->","yoast_head_json":{"title":"BLACKSTRAP Sturmhaube f\u00fcr Kinder. - Markt-XXL","description":"Markt-XXL BLACKSTRAP Sturmhaube f\u00fcr Kinder.","robots":{"index":"index","follow":"follow","max-snippet":"max-snippet:-1","max-image-preview":"max-image-preview:large","max-video-preview":"max-video-preview:-1"},"canonical":"https:\/\/marktxxl.de\/markt\/produkt\/blackstrap-sturmhaube-fuer-kinder\/","og_locale":"de_DE","og_type":"article","og_title":"BLACKSTRAP Sturmhaube f\u00fcr Kinder. - Markt-XXL","og_description":"Markt-XXL BLACKSTRAP Sturmhaube f\u00fcr Kinder.","og_url":"https:\/\/marktxxl.de\/markt\/produkt\/blackstrap-sturmhaube-fuer-kinder\/","og_site_name":"Markt-XXL","article_modified_time":"2023-04-11T01:47:42+00:00","og_image":[{"width":500,"height":500,"url":"https:\/\/m.media-amazon.com\/images\/I\/31mzIbtzUNL._SL500_.jpg","type":"image\/jpeg"}],"twitter_card":"summary_large_image","twitter_misc":{"Gesch\u00e4tzte Lesezeit":"1\u00a0Minute"},"schema":{"@context":"https:\/\/schema.org","@graph":[{"@type":"WebPage","@id":"https:\/\/marktxxl.de\/markt\/produkt\/blackstrap-sturmhaube-fuer-kinder\/","url":"https:\/\/marktxxl.de\/markt\/produkt\/blackstrap-sturmhaube-fuer-kinder\/","name":"BLACKSTRAP Sturmhaube f\u00fcr Kinder. - Markt-XXL","isPartOf":{"@id":"https:\/\/marktxxl.de\/markt\/#website"},"primaryImageOfPage":{"@id":"https:\/\/marktxxl.de\/markt\/produkt\/blackstrap-sturmhaube-fuer-kinder\/#primaryimage"},"image":{"@id":"https:\/\/marktxxl.de\/markt\/produkt\/blackstrap-sturmhaube-fuer-kinder\/#primaryimage"},"thumbnailUrl":"https:\/\/m.media-amazon.com\/images\/I\/31mzIbtzUNL._SL500_.jpg","datePublished":"2022-05-15T00:10:08+00:00","dateModified":"2023-04-11T01:47:42+00:00","description":"Markt-XXL BLACKSTRAP Sturmhaube f\u00fcr Kinder.","breadcrumb":{"@id":"https:\/\/marktxxl.de\/markt\/produkt\/blackstrap-sturmhaube-fuer-kinder\/#breadcrumb"},"inLanguage":"de","potentialAction":[{"@type":"ReadAction","target":["https:\/\/marktxxl.de\/markt\/produkt\/blackstrap-sturmhaube-fuer-kinder\/"]}]},{"@type":"ImageObject","inLanguage":"de","@id":"https:\/\/marktxxl.de\/markt\/produkt\/blackstrap-sturmhaube-fuer-kinder\/#primaryimage","url":"https:\/\/m.media-amazon.com\/images\/I\/31mzIbtzUNL._SL500_.jpg","contentUrl":"https:\/\/m.media-amazon.com\/images\/I\/31mzIbtzUNL._SL500_.jpg","width":500,"height":500},{"@type":"BreadcrumbList","@id":"https:\/\/marktxxl.de\/markt\/produkt\/blackstrap-sturmhaube-fuer-kinder\/#breadcrumb","itemListElement":[{"@type":"ListItem","position":1,"name":"Startseite","item":"https:\/\/marktxxl.de\/markt\/"},{"@type":"ListItem","position":2,"name":"Markt","item":"https:\/\/marktxxl.de\/markt\/"},{"@type":"ListItem","position":3,"name":"BLACKSTRAP Sturmhaube f\u00fcr Kinder."}]},{"@type":"WebSite","@id":"https:\/\/marktxxl.de\/markt\/#website","url":"https:\/\/marktxxl.de\/markt\/","name":"Markt-XXL","description":"Ihr Markt Online","publisher":{"@id":"https:\/\/marktxxl.de\/markt\/#organization"},"potentialAction":[{"@type":"SearchAction","target":{"@type":"EntryPoint","urlTemplate":"https:\/\/marktxxl.de\/markt\/?s={search_term_string}"},"query-input":{"@type":"PropertyValueSpecification","valueRequired":true,"valueName":"search_term_string"}}],"inLanguage":"de"},{"@type":"Organization","@id":"https:\/\/marktxxl.de\/markt\/#organization","name":"Markt-XXL","url":"https:\/\/marktxxl.de\/markt\/","logo":{"@type":"ImageObject","inLanguage":"de","@id":"https:\/\/marktxxl.de\/markt\/#\/schema\/logo\/image\/","url":"https:\/\/marktxxl.de\/markt\/wp-content\/uploads\/sites\/3\/2020\/12\/logo.png","contentUrl":"https:\/\/marktxxl.de\/markt\/wp-content\/uploads\/sites\/3\/2020\/12\/logo.png","width":200,"height":70,"caption":"Markt-XXL"},"image":{"@id":"https:\/\/marktxxl.de\/markt\/#\/schema\/logo\/image\/"}}]}},"_links":{"self":[{"href":"https:\/\/marktxxl.de\/markt\/wp-json\/wp\/v2\/product\/118408","targetHints":{"allow":["GET"]}}],"collection":[{"href":"https:\/\/marktxxl.de\/markt\/wp-json\/wp\/v2\/product"}],"about":[{"href":"https:\/\/marktxxl.de\/markt\/wp-json\/wp\/v2\/types\/product"}],"replies":[{"embeddable":true,"href":"https:\/\/marktxxl.de\/markt\/wp-json\/wp\/v2\/comments?post=118408"}],"wp:featuredmedia":[{"embeddable":true,"href":"https:\/\/marktxxl.de\/markt\/wp-json\/wp\/v2\/media\/118409"}],"wp:attachment":[{"href":"https:\/\/marktxxl.de\/markt\/wp-json\/wp\/v2\/media?parent=118408"}],"wp:term":[{"taxonomy":"product_brand","embeddable":true,"href":"https:\/\/marktxxl.de\/markt\/wp-json\/wp\/v2\/product_brand?post=118408"},{"taxonomy":"product_cat","embeddable":true,"href":"https:\/\/marktxxl.de\/markt\/wp-json\/wp\/v2\/product_cat?post=118408"},{"taxonomy":"product_tag","embeddable":true,"href":"https:\/\/marktxxl.de\/markt\/wp-json\/wp\/v2\/product_tag?post=118408"}],"curies":[{"name":"wp","href":"https:\/\/api.w.org\/{rel}","templated":true}]}}