{"id":118375,"date":"2022-05-15T02:07:52","date_gmt":"2022-05-15T00:07:52","guid":{"rendered":"https:\/\/marktxxl.de\/markt\/produkt\/dazi-herren-krawatte-aus-baumwolle-mit-blumendruck-ideal-fuer-hochzeiten-braeutigam-trauzeugen-missionen-tanzveranstaltungen-als-geschenk\/"},"modified":"2023-04-11T03:47:41","modified_gmt":"2023-04-11T01:47:41","slug":"dazi-herren-krawatte-aus-baumwolle-mit-blumendruck-ideal-fuer-hochzeiten-braeutigam-trauzeugen-missionen-tanzveranstaltungen-als-geschenk","status":"publish","type":"product","link":"https:\/\/marktxxl.de\/markt\/produkt\/dazi-herren-krawatte-aus-baumwolle-mit-blumendruck-ideal-fuer-hochzeiten-braeutigam-trauzeugen-missionen-tanzveranstaltungen-als-geschenk\/","title":{"rendered":"DAZI Herren-Krawatte aus Baumwolle, mit Blumendruck, ideal f\u00fcr Hochzeiten, Br\u00e4utigam, Trauzeugen, Missionen\u2026"},"content":{"rendered":"<p>Qualit\u00e4t trifft Erschwinglichkeit: Wenn Sie Ihr Bestes suchen, sollte nicht die Bank brechen, und DAZI ist hier, um mit hochwertigen d\u00fcnnen Krawatten zu einem erschwinglichen Preis zu helfen.<br \/>\nGr\u00f6\u00dfe: ca. 147,3 cm lang, 6,3 cm breit an der Spitze. Diese Krawatten passen den meisten Erwachsenen und k\u00f6nnen bei M\u00e4nnern mit einer K\u00f6rpergr\u00f6\u00dfe von bis zu 1,8 m getragen werden, wenn ein einziger oder vier-in-Hand-Knoten verwendet wird, wobei das Schwanzende der Krawatte k\u00fcrzer ist.<br \/>\nMaterial: 100 % Baumwolle, handgefertigt aus hochwertigen importierten Stoffen. Diese Krawatten haben Qualit\u00e4t, die Sie f\u00fchlen k\u00f6nnen. Sie werden nicht entt\u00e4uscht sein von den Stoffen, die wir auf all unseren Krawatten verwenden.<br \/>\nAnlass: Perfekt f\u00fcr Hochzeiten, Tanzveranstaltungen, Missionare.<br \/>\nPflege: Nur chemische Reinigung. Bei richtiger Pflege k\u00f6nnen unsere handgefertigten Krawatten lange halten. Legen Sie die Krawatten niemals in Waschmaschine oder Trockner, da dies den Stoff ruiniert und das N\u00e4hen der Krawatte besch\u00e4digt.<br \/>\n<div class=\"main-cross-sell\" data-asin=\"B07QGG8684\">\n\n\t<div class=\"WooZone-cross-sell-loader\">\n\t\t<div>\n\t\t\t<div id=\"floatingBarsG\">\n\t\t\t\t<div class=\"blockG\" id=\"rotateG_01\"><\/div>\n\t\t\t\t<div class=\"blockG\" id=\"rotateG_02\"><\/div>\n\t\t\t\t<div class=\"blockG\" id=\"rotateG_03\"><\/div>\n\t\t\t\t<div class=\"blockG\" id=\"rotateG_04\"><\/div>\n\t\t\t\t<div class=\"blockG\" id=\"rotateG_05\"><\/div>\n\t\t\t\t<div class=\"blockG\" id=\"rotateG_06\"><\/div>\n\t\t\t\t<div class=\"blockG\" id=\"rotateG_07\"><\/div>\n\t\t\t\t<div class=\"blockG\" id=\"rotateG_08\"><\/div>\n\t\t\t<\/div>\n\t\t\t<div class=\"WooZone-cross-sell-loader-text\"><\/div>\n\t\t<\/div>\n\t<\/div>\n\n\t\t\n<\/div>\n<div style=\"clear:both;\"><\/div><\/p>\n","protected":false},"excerpt":{"rendered":"<p>Qualit\u00e4t trifft Erschwinglichkeit: Wenn Sie Ihr Bestes suchen, sollte nicht die Bank brechen, und DAZI ist hier, um mit hochwertigen d\u00fcnnen Krawatten zu einem erschwinglichen Preis zu helfen.<br \/>\nGr\u00f6\u00dfe: ca. 147,3 cm lang, 6,3 cm breit an der Spitze. Diese Krawatten passen den meisten Erwachsenen und k\u00f6nnen bei M\u00e4nnern mit einer K\u00f6rpergr\u00f6\u00dfe von bis zu 1,8 m getragen werden, wenn ein einziger oder vier-in-Hand-Knoten verwendet wird, wobei das Schwanzende der Krawatte k\u00fcrzer ist.<br \/>\nMaterial: 100 % Baumwolle, handgefertigt aus hochwertigen importierten Stoffen. Diese Krawatten haben Qualit\u00e4t, die Sie f\u00fchlen k\u00f6nnen. Sie werden nicht entt\u00e4uscht sein von den Stoffen, die wir auf all unseren Krawatten verwenden.<\/p>\n","protected":false},"featured_media":118376,"comment_status":"open","ping_status":"closed","template":"","meta":[],"product_brand":[],"product_cat":[1186,4034],"product_tag":[],"class_list":{"0":"post-118375","1":"product","2":"type-product","3":"status-publish","4":"has-post-thumbnail","6":"product_cat-bekleidung","7":"product_cat-jungen","8":"pa_binding-textilien","9":"pa_brand-dazi","10":"pa_color-weiss-blumen","11":"pa_height-1-zoll","12":"pa_length-9-zoll","13":"pa_size-einheitsgroesse","14":"pa_weight-0-13-pfund","15":"pa_width-6-zoll","17":"first","18":"instock","19":"shipping-taxable","20":"purchasable","21":"product-type-simple","22":"customify-col","23":"product-has-gallery"},"yoast_head":"<!-- This site is optimized with the Yoast SEO plugin v27.4 - https:\/\/yoast.com\/product\/yoast-seo-wordpress\/ -->\n<title>DAZI Herren-Krawatte aus Baumwolle, mit Blumendruck, ideal f\u00fcr Hochzeiten, Br\u00e4utigam, Trauzeugen, Missionen\u2026 - Markt-XXL<\/title>\n<meta name=\"description\" content=\"Markt-XXL DAZI Herren-Krawatte aus Baumwolle, mit Blumendruck, ideal f\u00fcr Hochzeiten, Br\u00e4utigam, Trauzeugen, Missionen\u2026\" \/>\n<meta name=\"robots\" content=\"index, follow, max-snippet:-1, max-image-preview:large, max-video-preview:-1\" \/>\n<link rel=\"canonical\" href=\"https:\/\/marktxxl.de\/markt\/produkt\/dazi-herren-krawatte-aus-baumwolle-mit-blumendruck-ideal-fuer-hochzeiten-braeutigam-trauzeugen-missionen-tanzveranstaltungen-als-geschenk\/\" \/>\n<meta property=\"og:locale\" content=\"de_DE\" \/>\n<meta property=\"og:type\" content=\"article\" \/>\n<meta property=\"og:title\" content=\"DAZI Herren-Krawatte aus Baumwolle, mit Blumendruck, ideal f\u00fcr Hochzeiten, Br\u00e4utigam, Trauzeugen, Missionen\u2026 - Markt-XXL\" \/>\n<meta property=\"og:description\" content=\"Markt-XXL DAZI Herren-Krawatte aus Baumwolle, mit Blumendruck, ideal f\u00fcr Hochzeiten, Br\u00e4utigam, Trauzeugen, Missionen\u2026\" \/>\n<meta property=\"og:url\" content=\"https:\/\/marktxxl.de\/markt\/produkt\/dazi-herren-krawatte-aus-baumwolle-mit-blumendruck-ideal-fuer-hochzeiten-braeutigam-trauzeugen-missionen-tanzveranstaltungen-als-geschenk\/\" \/>\n<meta property=\"og:site_name\" content=\"Markt-XXL\" \/>\n<meta property=\"article:modified_time\" content=\"2023-04-11T01:47:41+00:00\" \/>\n<meta property=\"og:image\" content=\"https:\/\/m.media-amazon.com\/images\/I\/41RYfmrMKEL._SL500_.jpg\" \/>\n\t<meta property=\"og:image:width\" content=\"500\" \/>\n\t<meta property=\"og:image:height\" content=\"500\" \/>\n\t<meta property=\"og:image:type\" content=\"image\/jpeg\" \/>\n<meta name=\"twitter:card\" content=\"summary_large_image\" \/>\n<meta name=\"twitter:label1\" content=\"Gesch\u00e4tzte Lesezeit\" \/>\n\t<meta name=\"twitter:data1\" content=\"1\u00a0Minute\" \/>\n<script type=\"application\/ld+json\" class=\"yoast-schema-graph\">{\"@context\":\"https:\\\/\\\/schema.org\",\"@graph\":[{\"@type\":\"WebPage\",\"@id\":\"https:\\\/\\\/marktxxl.de\\\/markt\\\/produkt\\\/dazi-herren-krawatte-aus-baumwolle-mit-blumendruck-ideal-fuer-hochzeiten-braeutigam-trauzeugen-missionen-tanzveranstaltungen-als-geschenk\\\/\",\"url\":\"https:\\\/\\\/marktxxl.de\\\/markt\\\/produkt\\\/dazi-herren-krawatte-aus-baumwolle-mit-blumendruck-ideal-fuer-hochzeiten-braeutigam-trauzeugen-missionen-tanzveranstaltungen-als-geschenk\\\/\",\"name\":\"DAZI Herren-Krawatte aus Baumwolle, mit Blumendruck, ideal f\u00fcr Hochzeiten, Br\u00e4utigam, Trauzeugen, Missionen\u2026 - Markt-XXL\",\"isPartOf\":{\"@id\":\"https:\\\/\\\/marktxxl.de\\\/markt\\\/#website\"},\"primaryImageOfPage\":{\"@id\":\"https:\\\/\\\/marktxxl.de\\\/markt\\\/produkt\\\/dazi-herren-krawatte-aus-baumwolle-mit-blumendruck-ideal-fuer-hochzeiten-braeutigam-trauzeugen-missionen-tanzveranstaltungen-als-geschenk\\\/#primaryimage\"},\"image\":{\"@id\":\"https:\\\/\\\/marktxxl.de\\\/markt\\\/produkt\\\/dazi-herren-krawatte-aus-baumwolle-mit-blumendruck-ideal-fuer-hochzeiten-braeutigam-trauzeugen-missionen-tanzveranstaltungen-als-geschenk\\\/#primaryimage\"},\"thumbnailUrl\":\"https:\\\/\\\/m.media-amazon.com\\\/images\\\/I\\\/41RYfmrMKEL._SL500_.jpg\",\"datePublished\":\"2022-05-15T00:07:52+00:00\",\"dateModified\":\"2023-04-11T01:47:41+00:00\",\"description\":\"Markt-XXL DAZI Herren-Krawatte aus Baumwolle, mit Blumendruck, ideal f\u00fcr Hochzeiten, Br\u00e4utigam, Trauzeugen, Missionen\u2026\",\"breadcrumb\":{\"@id\":\"https:\\\/\\\/marktxxl.de\\\/markt\\\/produkt\\\/dazi-herren-krawatte-aus-baumwolle-mit-blumendruck-ideal-fuer-hochzeiten-braeutigam-trauzeugen-missionen-tanzveranstaltungen-als-geschenk\\\/#breadcrumb\"},\"inLanguage\":\"de\",\"potentialAction\":[{\"@type\":\"ReadAction\",\"target\":[\"https:\\\/\\\/marktxxl.de\\\/markt\\\/produkt\\\/dazi-herren-krawatte-aus-baumwolle-mit-blumendruck-ideal-fuer-hochzeiten-braeutigam-trauzeugen-missionen-tanzveranstaltungen-als-geschenk\\\/\"]}]},{\"@type\":\"ImageObject\",\"inLanguage\":\"de\",\"@id\":\"https:\\\/\\\/marktxxl.de\\\/markt\\\/produkt\\\/dazi-herren-krawatte-aus-baumwolle-mit-blumendruck-ideal-fuer-hochzeiten-braeutigam-trauzeugen-missionen-tanzveranstaltungen-als-geschenk\\\/#primaryimage\",\"url\":\"https:\\\/\\\/m.media-amazon.com\\\/images\\\/I\\\/41RYfmrMKEL._SL500_.jpg\",\"contentUrl\":\"https:\\\/\\\/m.media-amazon.com\\\/images\\\/I\\\/41RYfmrMKEL._SL500_.jpg\",\"width\":500,\"height\":500},{\"@type\":\"BreadcrumbList\",\"@id\":\"https:\\\/\\\/marktxxl.de\\\/markt\\\/produkt\\\/dazi-herren-krawatte-aus-baumwolle-mit-blumendruck-ideal-fuer-hochzeiten-braeutigam-trauzeugen-missionen-tanzveranstaltungen-als-geschenk\\\/#breadcrumb\",\"itemListElement\":[{\"@type\":\"ListItem\",\"position\":1,\"name\":\"Startseite\",\"item\":\"https:\\\/\\\/marktxxl.de\\\/markt\\\/\"},{\"@type\":\"ListItem\",\"position\":2,\"name\":\"Markt\",\"item\":\"https:\\\/\\\/marktxxl.de\\\/markt\\\/\"},{\"@type\":\"ListItem\",\"position\":3,\"name\":\"DAZI Herren-Krawatte aus Baumwolle, mit Blumendruck, ideal f\u00fcr Hochzeiten, Br\u00e4utigam, Trauzeugen, Missionen\u2026\"}]},{\"@type\":\"WebSite\",\"@id\":\"https:\\\/\\\/marktxxl.de\\\/markt\\\/#website\",\"url\":\"https:\\\/\\\/marktxxl.de\\\/markt\\\/\",\"name\":\"Markt-XXL\",\"description\":\"Ihr Markt Online\",\"publisher\":{\"@id\":\"https:\\\/\\\/marktxxl.de\\\/markt\\\/#organization\"},\"potentialAction\":[{\"@type\":\"SearchAction\",\"target\":{\"@type\":\"EntryPoint\",\"urlTemplate\":\"https:\\\/\\\/marktxxl.de\\\/markt\\\/?s={search_term_string}\"},\"query-input\":{\"@type\":\"PropertyValueSpecification\",\"valueRequired\":true,\"valueName\":\"search_term_string\"}}],\"inLanguage\":\"de\"},{\"@type\":\"Organization\",\"@id\":\"https:\\\/\\\/marktxxl.de\\\/markt\\\/#organization\",\"name\":\"Markt-XXL\",\"url\":\"https:\\\/\\\/marktxxl.de\\\/markt\\\/\",\"logo\":{\"@type\":\"ImageObject\",\"inLanguage\":\"de\",\"@id\":\"https:\\\/\\\/marktxxl.de\\\/markt\\\/#\\\/schema\\\/logo\\\/image\\\/\",\"url\":\"https:\\\/\\\/marktxxl.de\\\/markt\\\/wp-content\\\/uploads\\\/sites\\\/3\\\/2020\\\/12\\\/logo.png\",\"contentUrl\":\"https:\\\/\\\/marktxxl.de\\\/markt\\\/wp-content\\\/uploads\\\/sites\\\/3\\\/2020\\\/12\\\/logo.png\",\"width\":200,\"height\":70,\"caption\":\"Markt-XXL\"},\"image\":{\"@id\":\"https:\\\/\\\/marktxxl.de\\\/markt\\\/#\\\/schema\\\/logo\\\/image\\\/\"}}]}<\/script>\n<!-- \/ Yoast SEO plugin. -->","yoast_head_json":{"title":"DAZI Herren-Krawatte aus Baumwolle, mit Blumendruck, ideal f\u00fcr Hochzeiten, Br\u00e4utigam, Trauzeugen, Missionen\u2026 - Markt-XXL","description":"Markt-XXL DAZI Herren-Krawatte aus Baumwolle, mit Blumendruck, ideal f\u00fcr Hochzeiten, Br\u00e4utigam, Trauzeugen, Missionen\u2026","robots":{"index":"index","follow":"follow","max-snippet":"max-snippet:-1","max-image-preview":"max-image-preview:large","max-video-preview":"max-video-preview:-1"},"canonical":"https:\/\/marktxxl.de\/markt\/produkt\/dazi-herren-krawatte-aus-baumwolle-mit-blumendruck-ideal-fuer-hochzeiten-braeutigam-trauzeugen-missionen-tanzveranstaltungen-als-geschenk\/","og_locale":"de_DE","og_type":"article","og_title":"DAZI Herren-Krawatte aus Baumwolle, mit Blumendruck, ideal f\u00fcr Hochzeiten, Br\u00e4utigam, Trauzeugen, Missionen\u2026 - Markt-XXL","og_description":"Markt-XXL DAZI Herren-Krawatte aus Baumwolle, mit Blumendruck, ideal f\u00fcr Hochzeiten, Br\u00e4utigam, Trauzeugen, Missionen\u2026","og_url":"https:\/\/marktxxl.de\/markt\/produkt\/dazi-herren-krawatte-aus-baumwolle-mit-blumendruck-ideal-fuer-hochzeiten-braeutigam-trauzeugen-missionen-tanzveranstaltungen-als-geschenk\/","og_site_name":"Markt-XXL","article_modified_time":"2023-04-11T01:47:41+00:00","og_image":[{"width":500,"height":500,"url":"https:\/\/m.media-amazon.com\/images\/I\/41RYfmrMKEL._SL500_.jpg","type":"image\/jpeg"}],"twitter_card":"summary_large_image","twitter_misc":{"Gesch\u00e4tzte Lesezeit":"1\u00a0Minute"},"schema":{"@context":"https:\/\/schema.org","@graph":[{"@type":"WebPage","@id":"https:\/\/marktxxl.de\/markt\/produkt\/dazi-herren-krawatte-aus-baumwolle-mit-blumendruck-ideal-fuer-hochzeiten-braeutigam-trauzeugen-missionen-tanzveranstaltungen-als-geschenk\/","url":"https:\/\/marktxxl.de\/markt\/produkt\/dazi-herren-krawatte-aus-baumwolle-mit-blumendruck-ideal-fuer-hochzeiten-braeutigam-trauzeugen-missionen-tanzveranstaltungen-als-geschenk\/","name":"DAZI Herren-Krawatte aus Baumwolle, mit Blumendruck, ideal f\u00fcr Hochzeiten, Br\u00e4utigam, Trauzeugen, Missionen\u2026 - Markt-XXL","isPartOf":{"@id":"https:\/\/marktxxl.de\/markt\/#website"},"primaryImageOfPage":{"@id":"https:\/\/marktxxl.de\/markt\/produkt\/dazi-herren-krawatte-aus-baumwolle-mit-blumendruck-ideal-fuer-hochzeiten-braeutigam-trauzeugen-missionen-tanzveranstaltungen-als-geschenk\/#primaryimage"},"image":{"@id":"https:\/\/marktxxl.de\/markt\/produkt\/dazi-herren-krawatte-aus-baumwolle-mit-blumendruck-ideal-fuer-hochzeiten-braeutigam-trauzeugen-missionen-tanzveranstaltungen-als-geschenk\/#primaryimage"},"thumbnailUrl":"https:\/\/m.media-amazon.com\/images\/I\/41RYfmrMKEL._SL500_.jpg","datePublished":"2022-05-15T00:07:52+00:00","dateModified":"2023-04-11T01:47:41+00:00","description":"Markt-XXL DAZI Herren-Krawatte aus Baumwolle, mit Blumendruck, ideal f\u00fcr Hochzeiten, Br\u00e4utigam, Trauzeugen, Missionen\u2026","breadcrumb":{"@id":"https:\/\/marktxxl.de\/markt\/produkt\/dazi-herren-krawatte-aus-baumwolle-mit-blumendruck-ideal-fuer-hochzeiten-braeutigam-trauzeugen-missionen-tanzveranstaltungen-als-geschenk\/#breadcrumb"},"inLanguage":"de","potentialAction":[{"@type":"ReadAction","target":["https:\/\/marktxxl.de\/markt\/produkt\/dazi-herren-krawatte-aus-baumwolle-mit-blumendruck-ideal-fuer-hochzeiten-braeutigam-trauzeugen-missionen-tanzveranstaltungen-als-geschenk\/"]}]},{"@type":"ImageObject","inLanguage":"de","@id":"https:\/\/marktxxl.de\/markt\/produkt\/dazi-herren-krawatte-aus-baumwolle-mit-blumendruck-ideal-fuer-hochzeiten-braeutigam-trauzeugen-missionen-tanzveranstaltungen-als-geschenk\/#primaryimage","url":"https:\/\/m.media-amazon.com\/images\/I\/41RYfmrMKEL._SL500_.jpg","contentUrl":"https:\/\/m.media-amazon.com\/images\/I\/41RYfmrMKEL._SL500_.jpg","width":500,"height":500},{"@type":"BreadcrumbList","@id":"https:\/\/marktxxl.de\/markt\/produkt\/dazi-herren-krawatte-aus-baumwolle-mit-blumendruck-ideal-fuer-hochzeiten-braeutigam-trauzeugen-missionen-tanzveranstaltungen-als-geschenk\/#breadcrumb","itemListElement":[{"@type":"ListItem","position":1,"name":"Startseite","item":"https:\/\/marktxxl.de\/markt\/"},{"@type":"ListItem","position":2,"name":"Markt","item":"https:\/\/marktxxl.de\/markt\/"},{"@type":"ListItem","position":3,"name":"DAZI Herren-Krawatte aus Baumwolle, mit Blumendruck, ideal f\u00fcr Hochzeiten, Br\u00e4utigam, Trauzeugen, Missionen\u2026"}]},{"@type":"WebSite","@id":"https:\/\/marktxxl.de\/markt\/#website","url":"https:\/\/marktxxl.de\/markt\/","name":"Markt-XXL","description":"Ihr Markt Online","publisher":{"@id":"https:\/\/marktxxl.de\/markt\/#organization"},"potentialAction":[{"@type":"SearchAction","target":{"@type":"EntryPoint","urlTemplate":"https:\/\/marktxxl.de\/markt\/?s={search_term_string}"},"query-input":{"@type":"PropertyValueSpecification","valueRequired":true,"valueName":"search_term_string"}}],"inLanguage":"de"},{"@type":"Organization","@id":"https:\/\/marktxxl.de\/markt\/#organization","name":"Markt-XXL","url":"https:\/\/marktxxl.de\/markt\/","logo":{"@type":"ImageObject","inLanguage":"de","@id":"https:\/\/marktxxl.de\/markt\/#\/schema\/logo\/image\/","url":"https:\/\/marktxxl.de\/markt\/wp-content\/uploads\/sites\/3\/2020\/12\/logo.png","contentUrl":"https:\/\/marktxxl.de\/markt\/wp-content\/uploads\/sites\/3\/2020\/12\/logo.png","width":200,"height":70,"caption":"Markt-XXL"},"image":{"@id":"https:\/\/marktxxl.de\/markt\/#\/schema\/logo\/image\/"}}]}},"_links":{"self":[{"href":"https:\/\/marktxxl.de\/markt\/wp-json\/wp\/v2\/product\/118375","targetHints":{"allow":["GET"]}}],"collection":[{"href":"https:\/\/marktxxl.de\/markt\/wp-json\/wp\/v2\/product"}],"about":[{"href":"https:\/\/marktxxl.de\/markt\/wp-json\/wp\/v2\/types\/product"}],"replies":[{"embeddable":true,"href":"https:\/\/marktxxl.de\/markt\/wp-json\/wp\/v2\/comments?post=118375"}],"wp:featuredmedia":[{"embeddable":true,"href":"https:\/\/marktxxl.de\/markt\/wp-json\/wp\/v2\/media\/118376"}],"wp:attachment":[{"href":"https:\/\/marktxxl.de\/markt\/wp-json\/wp\/v2\/media?parent=118375"}],"wp:term":[{"taxonomy":"product_brand","embeddable":true,"href":"https:\/\/marktxxl.de\/markt\/wp-json\/wp\/v2\/product_brand?post=118375"},{"taxonomy":"product_cat","embeddable":true,"href":"https:\/\/marktxxl.de\/markt\/wp-json\/wp\/v2\/product_cat?post=118375"},{"taxonomy":"product_tag","embeddable":true,"href":"https:\/\/marktxxl.de\/markt\/wp-json\/wp\/v2\/product_tag?post=118375"}],"curies":[{"name":"wp","href":"https:\/\/api.w.org\/{rel}","templated":true}]}}