{"id":118330,"date":"2022-05-15T02:05:44","date_gmt":"2022-05-15T00:05:44","guid":{"rendered":"https:\/\/marktxxl.de\/markt\/produkt\/maedchen-hoeschen-einhorn-unterwaesche-kleinkind-kinder-atmungsaktiv-komfortslip-kinder-hoeschen-6-stueck\/"},"modified":"2023-04-11T03:47:40","modified_gmt":"2023-04-11T01:47:40","slug":"maedchen-hoeschen-einhorn-unterwaesche-kleinkind-kinder-atmungsaktiv-komfortslip-kinder-hoeschen-6-stueck","status":"publish","type":"product","link":"https:\/\/marktxxl.de\/markt\/produkt\/maedchen-hoeschen-einhorn-unterwaesche-kleinkind-kinder-atmungsaktiv-komfortslip-kinder-hoeschen-6-stueck\/","title":{"rendered":"Naivete Weiche Baumwollunterw\u00e4sche f\u00fcr kleine M\u00e4dchen Coole atmungsaktive Komfort-Slips f\u00fcr Kleinkinder (6er Pack)"},"content":{"rendered":"<p>Angenehm zu tragen, einfach an- und auszuziehen: bequemer bezogener Stoffg\u00fcrtel. Durch die glatten, abgedeckten Beingurte gibt es keine Elastizit\u00e4t zum Einklemmen. Elastische Bein\u00f6ffnungen erleichtern das Tragen.<br \/>\nAtmungsaktiv, hautfreundlich, kein Geruch, wir bieten M\u00e4dchenunterw\u00e4sche aus superweichen Stoffen.<br \/>\nMaterial: 100 % nat\u00fcrliche Baumwolle. Der Stoff dieses Kinderslips ist super weich, bequem und atmungsaktiv. Dies bietet einen guten Schutz f\u00fcr diese M\u00e4dchen Unterw\u00e4sche. Es hat eine gute Elastizit\u00e4t und ist nicht eng am K\u00f6rper.<br \/>\nWir bieten Shorts f\u00fcr M\u00e4dchen von 2-10 Jahren. Die 6-teilige Unterw\u00e4sche umfasst eine Vielzahl von bedruckten Elementen, wie Flamingo, Einhorn, Polka Dot, Liebe, verschiedene kleine Tiere, Fr\u00fcchte usw. Um die Bed\u00fcrfnisse eines jeden Tages zu erf\u00fcllen, m\u00f6chten Sie anders sein.<br \/>\nAufgrund der Anzeige kann die Farbe der Unterw\u00e4sche, die Sie erhalten, leicht von der Abbildung abweichen. Wir bieten guten After-Sales-Service, wenn Sie Qualit\u00e4ts- oder Gr\u00f6\u00dfenprobleme haben, kontaktieren Sie uns bitte, wir werden es f\u00fcr Sie innerhalb von 24 Stunden behandeln.<br \/>\n<div class=\"main-cross-sell\" data-asin=\"B07TKY6WWW\">\n\n\t<div class=\"WooZone-cross-sell-loader\">\n\t\t<div>\n\t\t\t<div id=\"floatingBarsG\">\n\t\t\t\t<div class=\"blockG\" id=\"rotateG_01\"><\/div>\n\t\t\t\t<div class=\"blockG\" id=\"rotateG_02\"><\/div>\n\t\t\t\t<div class=\"blockG\" id=\"rotateG_03\"><\/div>\n\t\t\t\t<div class=\"blockG\" id=\"rotateG_04\"><\/div>\n\t\t\t\t<div class=\"blockG\" id=\"rotateG_05\"><\/div>\n\t\t\t\t<div class=\"blockG\" id=\"rotateG_06\"><\/div>\n\t\t\t\t<div class=\"blockG\" id=\"rotateG_07\"><\/div>\n\t\t\t\t<div class=\"blockG\" id=\"rotateG_08\"><\/div>\n\t\t\t<\/div>\n\t\t\t<div class=\"WooZone-cross-sell-loader-text\"><\/div>\n\t\t<\/div>\n\t<\/div>\n\n\t\t\n<\/div>\n<div style=\"clear:both;\"><\/div><\/p>\n","protected":false},"excerpt":{"rendered":"<p>Angenehm zu tragen, einfach an- und auszuziehen: bequemer bezogener Stoffg\u00fcrtel. Durch die glatten, abgedeckten Beingurte gibt es keine Elastizit\u00e4t zum Einklemmen. Elastische Bein\u00f6ffnungen erleichtern das Tragen.<br \/>\nAtmungsaktiv, hautfreundlich, kein Geruch, wir bieten M\u00e4dchenunterw\u00e4sche aus superweichen Stoffen.<br \/>\nMaterial: 100 % nat\u00fcrliche Baumwolle. Der Stoff dieses Kinderslips ist super weich, bequem und atmungsaktiv. Dies bietet einen guten Schutz f\u00fcr diese M\u00e4dchen Unterw\u00e4sche. Es hat eine gute Elastizit\u00e4t und ist nicht eng am K\u00f6rper.<\/p>\n","protected":false},"featured_media":118331,"comment_status":"open","ping_status":"closed","template":"","meta":[],"product_brand":[],"product_cat":[1186,3990],"product_tag":[],"class_list":{"0":"post-118330","1":"product","2":"type-product","3":"status-publish","4":"has-post-thumbnail","6":"product_cat-bekleidung","7":"product_cat-maedchen","8":"pa_binding-textilien","9":"pa_brand-naivete","10":"pa_color-weiss","12":"first","13":"instock","14":"shipping-taxable","15":"purchasable","16":"product-type-simple","17":"customify-col","18":"product-has-gallery"},"yoast_head":"<!-- This site is optimized with the Yoast SEO plugin v27.4 - https:\/\/yoast.com\/product\/yoast-seo-wordpress\/ -->\n<title>Naivete Weiche Baumwollunterw\u00e4sche f\u00fcr kleine M\u00e4dchen Coole atmungsaktive Komfort-Slips f\u00fcr Kleinkinder (6er Pack) - Markt-XXL<\/title>\n<meta name=\"description\" content=\"Markt-XXL Naivete Weiche Baumwollunterw\u00e4sche f\u00fcr kleine M\u00e4dchen Coole atmungsaktive Komfort-Slips f\u00fcr Kleinkinder (6er Pack)\" \/>\n<meta name=\"robots\" content=\"index, follow, max-snippet:-1, max-image-preview:large, max-video-preview:-1\" \/>\n<link rel=\"canonical\" href=\"https:\/\/marktxxl.de\/markt\/produkt\/maedchen-hoeschen-einhorn-unterwaesche-kleinkind-kinder-atmungsaktiv-komfortslip-kinder-hoeschen-6-stueck\/\" \/>\n<meta property=\"og:locale\" content=\"de_DE\" \/>\n<meta property=\"og:type\" content=\"article\" \/>\n<meta property=\"og:title\" content=\"Naivete Weiche Baumwollunterw\u00e4sche f\u00fcr kleine M\u00e4dchen Coole atmungsaktive Komfort-Slips f\u00fcr Kleinkinder (6er Pack) - Markt-XXL\" \/>\n<meta property=\"og:description\" content=\"Markt-XXL Naivete Weiche Baumwollunterw\u00e4sche f\u00fcr kleine M\u00e4dchen Coole atmungsaktive Komfort-Slips f\u00fcr Kleinkinder (6er Pack)\" \/>\n<meta property=\"og:url\" content=\"https:\/\/marktxxl.de\/markt\/produkt\/maedchen-hoeschen-einhorn-unterwaesche-kleinkind-kinder-atmungsaktiv-komfortslip-kinder-hoeschen-6-stueck\/\" \/>\n<meta property=\"og:site_name\" content=\"Markt-XXL\" \/>\n<meta property=\"article:modified_time\" content=\"2023-04-11T01:47:40+00:00\" \/>\n<meta property=\"og:image\" content=\"https:\/\/m.media-amazon.com\/images\/I\/51jdQa--btS._SL500_.jpg\" \/>\n\t<meta property=\"og:image:width\" content=\"488\" \/>\n\t<meta property=\"og:image:height\" content=\"500\" \/>\n\t<meta property=\"og:image:type\" content=\"image\/jpeg\" \/>\n<meta name=\"twitter:card\" content=\"summary_large_image\" \/>\n<meta name=\"twitter:label1\" content=\"Gesch\u00e4tzte Lesezeit\" \/>\n\t<meta name=\"twitter:data1\" content=\"1\u00a0Minute\" \/>\n<script type=\"application\/ld+json\" class=\"yoast-schema-graph\">{\"@context\":\"https:\\\/\\\/schema.org\",\"@graph\":[{\"@type\":\"WebPage\",\"@id\":\"https:\\\/\\\/marktxxl.de\\\/markt\\\/produkt\\\/maedchen-hoeschen-einhorn-unterwaesche-kleinkind-kinder-atmungsaktiv-komfortslip-kinder-hoeschen-6-stueck\\\/\",\"url\":\"https:\\\/\\\/marktxxl.de\\\/markt\\\/produkt\\\/maedchen-hoeschen-einhorn-unterwaesche-kleinkind-kinder-atmungsaktiv-komfortslip-kinder-hoeschen-6-stueck\\\/\",\"name\":\"Naivete Weiche Baumwollunterw\u00e4sche f\u00fcr kleine M\u00e4dchen Coole atmungsaktive Komfort-Slips f\u00fcr Kleinkinder (6er Pack) - Markt-XXL\",\"isPartOf\":{\"@id\":\"https:\\\/\\\/marktxxl.de\\\/markt\\\/#website\"},\"primaryImageOfPage\":{\"@id\":\"https:\\\/\\\/marktxxl.de\\\/markt\\\/produkt\\\/maedchen-hoeschen-einhorn-unterwaesche-kleinkind-kinder-atmungsaktiv-komfortslip-kinder-hoeschen-6-stueck\\\/#primaryimage\"},\"image\":{\"@id\":\"https:\\\/\\\/marktxxl.de\\\/markt\\\/produkt\\\/maedchen-hoeschen-einhorn-unterwaesche-kleinkind-kinder-atmungsaktiv-komfortslip-kinder-hoeschen-6-stueck\\\/#primaryimage\"},\"thumbnailUrl\":\"https:\\\/\\\/m.media-amazon.com\\\/images\\\/I\\\/51jdQa--btS._SL500_.jpg\",\"datePublished\":\"2022-05-15T00:05:44+00:00\",\"dateModified\":\"2023-04-11T01:47:40+00:00\",\"description\":\"Markt-XXL Naivete Weiche Baumwollunterw\u00e4sche f\u00fcr kleine M\u00e4dchen Coole atmungsaktive Komfort-Slips f\u00fcr Kleinkinder (6er Pack)\",\"breadcrumb\":{\"@id\":\"https:\\\/\\\/marktxxl.de\\\/markt\\\/produkt\\\/maedchen-hoeschen-einhorn-unterwaesche-kleinkind-kinder-atmungsaktiv-komfortslip-kinder-hoeschen-6-stueck\\\/#breadcrumb\"},\"inLanguage\":\"de\",\"potentialAction\":[{\"@type\":\"ReadAction\",\"target\":[\"https:\\\/\\\/marktxxl.de\\\/markt\\\/produkt\\\/maedchen-hoeschen-einhorn-unterwaesche-kleinkind-kinder-atmungsaktiv-komfortslip-kinder-hoeschen-6-stueck\\\/\"]}]},{\"@type\":\"ImageObject\",\"inLanguage\":\"de\",\"@id\":\"https:\\\/\\\/marktxxl.de\\\/markt\\\/produkt\\\/maedchen-hoeschen-einhorn-unterwaesche-kleinkind-kinder-atmungsaktiv-komfortslip-kinder-hoeschen-6-stueck\\\/#primaryimage\",\"url\":\"https:\\\/\\\/m.media-amazon.com\\\/images\\\/I\\\/51jdQa--btS._SL500_.jpg\",\"contentUrl\":\"https:\\\/\\\/m.media-amazon.com\\\/images\\\/I\\\/51jdQa--btS._SL500_.jpg\",\"width\":488,\"height\":500},{\"@type\":\"BreadcrumbList\",\"@id\":\"https:\\\/\\\/marktxxl.de\\\/markt\\\/produkt\\\/maedchen-hoeschen-einhorn-unterwaesche-kleinkind-kinder-atmungsaktiv-komfortslip-kinder-hoeschen-6-stueck\\\/#breadcrumb\",\"itemListElement\":[{\"@type\":\"ListItem\",\"position\":1,\"name\":\"Startseite\",\"item\":\"https:\\\/\\\/marktxxl.de\\\/markt\\\/\"},{\"@type\":\"ListItem\",\"position\":2,\"name\":\"Markt\",\"item\":\"https:\\\/\\\/marktxxl.de\\\/markt\\\/\"},{\"@type\":\"ListItem\",\"position\":3,\"name\":\"Naivete Weiche Baumwollunterw\u00e4sche f\u00fcr kleine M\u00e4dchen Coole atmungsaktive Komfort-Slips f\u00fcr Kleinkinder (6er Pack)\"}]},{\"@type\":\"WebSite\",\"@id\":\"https:\\\/\\\/marktxxl.de\\\/markt\\\/#website\",\"url\":\"https:\\\/\\\/marktxxl.de\\\/markt\\\/\",\"name\":\"Markt-XXL\",\"description\":\"Ihr Markt Online\",\"publisher\":{\"@id\":\"https:\\\/\\\/marktxxl.de\\\/markt\\\/#organization\"},\"potentialAction\":[{\"@type\":\"SearchAction\",\"target\":{\"@type\":\"EntryPoint\",\"urlTemplate\":\"https:\\\/\\\/marktxxl.de\\\/markt\\\/?s={search_term_string}\"},\"query-input\":{\"@type\":\"PropertyValueSpecification\",\"valueRequired\":true,\"valueName\":\"search_term_string\"}}],\"inLanguage\":\"de\"},{\"@type\":\"Organization\",\"@id\":\"https:\\\/\\\/marktxxl.de\\\/markt\\\/#organization\",\"name\":\"Markt-XXL\",\"url\":\"https:\\\/\\\/marktxxl.de\\\/markt\\\/\",\"logo\":{\"@type\":\"ImageObject\",\"inLanguage\":\"de\",\"@id\":\"https:\\\/\\\/marktxxl.de\\\/markt\\\/#\\\/schema\\\/logo\\\/image\\\/\",\"url\":\"https:\\\/\\\/marktxxl.de\\\/markt\\\/wp-content\\\/uploads\\\/sites\\\/3\\\/2020\\\/12\\\/logo.png\",\"contentUrl\":\"https:\\\/\\\/marktxxl.de\\\/markt\\\/wp-content\\\/uploads\\\/sites\\\/3\\\/2020\\\/12\\\/logo.png\",\"width\":200,\"height\":70,\"caption\":\"Markt-XXL\"},\"image\":{\"@id\":\"https:\\\/\\\/marktxxl.de\\\/markt\\\/#\\\/schema\\\/logo\\\/image\\\/\"}}]}<\/script>\n<!-- \/ Yoast SEO plugin. -->","yoast_head_json":{"title":"Naivete Weiche Baumwollunterw\u00e4sche f\u00fcr kleine M\u00e4dchen Coole atmungsaktive Komfort-Slips f\u00fcr Kleinkinder (6er Pack) - Markt-XXL","description":"Markt-XXL Naivete Weiche Baumwollunterw\u00e4sche f\u00fcr kleine M\u00e4dchen Coole atmungsaktive Komfort-Slips f\u00fcr Kleinkinder (6er Pack)","robots":{"index":"index","follow":"follow","max-snippet":"max-snippet:-1","max-image-preview":"max-image-preview:large","max-video-preview":"max-video-preview:-1"},"canonical":"https:\/\/marktxxl.de\/markt\/produkt\/maedchen-hoeschen-einhorn-unterwaesche-kleinkind-kinder-atmungsaktiv-komfortslip-kinder-hoeschen-6-stueck\/","og_locale":"de_DE","og_type":"article","og_title":"Naivete Weiche Baumwollunterw\u00e4sche f\u00fcr kleine M\u00e4dchen Coole atmungsaktive Komfort-Slips f\u00fcr Kleinkinder (6er Pack) - Markt-XXL","og_description":"Markt-XXL Naivete Weiche Baumwollunterw\u00e4sche f\u00fcr kleine M\u00e4dchen Coole atmungsaktive Komfort-Slips f\u00fcr Kleinkinder (6er Pack)","og_url":"https:\/\/marktxxl.de\/markt\/produkt\/maedchen-hoeschen-einhorn-unterwaesche-kleinkind-kinder-atmungsaktiv-komfortslip-kinder-hoeschen-6-stueck\/","og_site_name":"Markt-XXL","article_modified_time":"2023-04-11T01:47:40+00:00","og_image":[{"width":488,"height":500,"url":"https:\/\/m.media-amazon.com\/images\/I\/51jdQa--btS._SL500_.jpg","type":"image\/jpeg"}],"twitter_card":"summary_large_image","twitter_misc":{"Gesch\u00e4tzte Lesezeit":"1\u00a0Minute"},"schema":{"@context":"https:\/\/schema.org","@graph":[{"@type":"WebPage","@id":"https:\/\/marktxxl.de\/markt\/produkt\/maedchen-hoeschen-einhorn-unterwaesche-kleinkind-kinder-atmungsaktiv-komfortslip-kinder-hoeschen-6-stueck\/","url":"https:\/\/marktxxl.de\/markt\/produkt\/maedchen-hoeschen-einhorn-unterwaesche-kleinkind-kinder-atmungsaktiv-komfortslip-kinder-hoeschen-6-stueck\/","name":"Naivete Weiche Baumwollunterw\u00e4sche f\u00fcr kleine M\u00e4dchen Coole atmungsaktive Komfort-Slips f\u00fcr Kleinkinder (6er Pack) - Markt-XXL","isPartOf":{"@id":"https:\/\/marktxxl.de\/markt\/#website"},"primaryImageOfPage":{"@id":"https:\/\/marktxxl.de\/markt\/produkt\/maedchen-hoeschen-einhorn-unterwaesche-kleinkind-kinder-atmungsaktiv-komfortslip-kinder-hoeschen-6-stueck\/#primaryimage"},"image":{"@id":"https:\/\/marktxxl.de\/markt\/produkt\/maedchen-hoeschen-einhorn-unterwaesche-kleinkind-kinder-atmungsaktiv-komfortslip-kinder-hoeschen-6-stueck\/#primaryimage"},"thumbnailUrl":"https:\/\/m.media-amazon.com\/images\/I\/51jdQa--btS._SL500_.jpg","datePublished":"2022-05-15T00:05:44+00:00","dateModified":"2023-04-11T01:47:40+00:00","description":"Markt-XXL Naivete Weiche Baumwollunterw\u00e4sche f\u00fcr kleine M\u00e4dchen Coole atmungsaktive Komfort-Slips f\u00fcr Kleinkinder (6er Pack)","breadcrumb":{"@id":"https:\/\/marktxxl.de\/markt\/produkt\/maedchen-hoeschen-einhorn-unterwaesche-kleinkind-kinder-atmungsaktiv-komfortslip-kinder-hoeschen-6-stueck\/#breadcrumb"},"inLanguage":"de","potentialAction":[{"@type":"ReadAction","target":["https:\/\/marktxxl.de\/markt\/produkt\/maedchen-hoeschen-einhorn-unterwaesche-kleinkind-kinder-atmungsaktiv-komfortslip-kinder-hoeschen-6-stueck\/"]}]},{"@type":"ImageObject","inLanguage":"de","@id":"https:\/\/marktxxl.de\/markt\/produkt\/maedchen-hoeschen-einhorn-unterwaesche-kleinkind-kinder-atmungsaktiv-komfortslip-kinder-hoeschen-6-stueck\/#primaryimage","url":"https:\/\/m.media-amazon.com\/images\/I\/51jdQa--btS._SL500_.jpg","contentUrl":"https:\/\/m.media-amazon.com\/images\/I\/51jdQa--btS._SL500_.jpg","width":488,"height":500},{"@type":"BreadcrumbList","@id":"https:\/\/marktxxl.de\/markt\/produkt\/maedchen-hoeschen-einhorn-unterwaesche-kleinkind-kinder-atmungsaktiv-komfortslip-kinder-hoeschen-6-stueck\/#breadcrumb","itemListElement":[{"@type":"ListItem","position":1,"name":"Startseite","item":"https:\/\/marktxxl.de\/markt\/"},{"@type":"ListItem","position":2,"name":"Markt","item":"https:\/\/marktxxl.de\/markt\/"},{"@type":"ListItem","position":3,"name":"Naivete Weiche Baumwollunterw\u00e4sche f\u00fcr kleine M\u00e4dchen Coole atmungsaktive Komfort-Slips f\u00fcr Kleinkinder (6er Pack)"}]},{"@type":"WebSite","@id":"https:\/\/marktxxl.de\/markt\/#website","url":"https:\/\/marktxxl.de\/markt\/","name":"Markt-XXL","description":"Ihr Markt Online","publisher":{"@id":"https:\/\/marktxxl.de\/markt\/#organization"},"potentialAction":[{"@type":"SearchAction","target":{"@type":"EntryPoint","urlTemplate":"https:\/\/marktxxl.de\/markt\/?s={search_term_string}"},"query-input":{"@type":"PropertyValueSpecification","valueRequired":true,"valueName":"search_term_string"}}],"inLanguage":"de"},{"@type":"Organization","@id":"https:\/\/marktxxl.de\/markt\/#organization","name":"Markt-XXL","url":"https:\/\/marktxxl.de\/markt\/","logo":{"@type":"ImageObject","inLanguage":"de","@id":"https:\/\/marktxxl.de\/markt\/#\/schema\/logo\/image\/","url":"https:\/\/marktxxl.de\/markt\/wp-content\/uploads\/sites\/3\/2020\/12\/logo.png","contentUrl":"https:\/\/marktxxl.de\/markt\/wp-content\/uploads\/sites\/3\/2020\/12\/logo.png","width":200,"height":70,"caption":"Markt-XXL"},"image":{"@id":"https:\/\/marktxxl.de\/markt\/#\/schema\/logo\/image\/"}}]}},"_links":{"self":[{"href":"https:\/\/marktxxl.de\/markt\/wp-json\/wp\/v2\/product\/118330","targetHints":{"allow":["GET"]}}],"collection":[{"href":"https:\/\/marktxxl.de\/markt\/wp-json\/wp\/v2\/product"}],"about":[{"href":"https:\/\/marktxxl.de\/markt\/wp-json\/wp\/v2\/types\/product"}],"replies":[{"embeddable":true,"href":"https:\/\/marktxxl.de\/markt\/wp-json\/wp\/v2\/comments?post=118330"}],"wp:featuredmedia":[{"embeddable":true,"href":"https:\/\/marktxxl.de\/markt\/wp-json\/wp\/v2\/media\/118331"}],"wp:attachment":[{"href":"https:\/\/marktxxl.de\/markt\/wp-json\/wp\/v2\/media?parent=118330"}],"wp:term":[{"taxonomy":"product_brand","embeddable":true,"href":"https:\/\/marktxxl.de\/markt\/wp-json\/wp\/v2\/product_brand?post=118330"},{"taxonomy":"product_cat","embeddable":true,"href":"https:\/\/marktxxl.de\/markt\/wp-json\/wp\/v2\/product_cat?post=118330"},{"taxonomy":"product_tag","embeddable":true,"href":"https:\/\/marktxxl.de\/markt\/wp-json\/wp\/v2\/product_tag?post=118330"}],"curies":[{"name":"wp","href":"https:\/\/api.w.org\/{rel}","templated":true}]}}