{"id":118305,"date":"2022-05-15T02:05:26","date_gmt":"2022-05-15T00:05:26","guid":{"rendered":"https:\/\/marktxxl.de\/markt\/produkt\/disney-prinzessinnen-socken-fuer-maedchen-teenager-damen-multipack\/"},"modified":"2023-04-11T03:47:40","modified_gmt":"2023-04-11T01:47:40","slug":"disney-prinzessinnen-socken-fuer-maedchen-teenager-damen-multipack","status":"publish","type":"product","link":"https:\/\/marktxxl.de\/markt\/produkt\/disney-prinzessinnen-socken-fuer-maedchen-teenager-damen-multipack\/","title":{"rendered":"Disney Prinzessinnen-Socken f\u00fcr M\u00e4dchen, Teenager, Damen, Multipack"},"content":{"rendered":"<p>Bequem und stilvoll \u2013 diese Socken sind aus hochwertigem Stoff, der 97% Polyester und 3% Spandex besteht. Sie sind leicht und weich. Jedes Set enth\u00e4lt einen gewellten Rippstrickbund mit sublimierten Grafiken und hellen Farben. Diese Socken haben auch ein exklusives Design von Yankee Toy Box, so dass Sie sie nirgendwo anders finden<br \/>\nMit ihren Lieblings-Disney-Prinzessinnen &#8211; diese entz\u00fcckenden Socken lassen die Tr\u00e4ume Ihrer kleinen Prinzessin wahr werden. Mit Grafiken der Lieblings-Disney-Prinzessinnen-Charaktere: Schneewittchen, Aschenputtel, Rapunzel von Tangled, Ariel von der kleinen Meerjungfrau, Jasmin aus Aladdin und Aurora von Sleeping Beauty<br \/>\nGr\u00f6\u00dfe \u2013 Diese 6er-Pack Viertelsocken sind in zwei Gr\u00f6\u00dfen erh\u00e4ltlich. Die Sockengr\u00f6\u00dfe 37-39 passt f\u00fcr Schuhgr\u00f6\u00dfe 40 M US Kleinkind \u2013 10 M US Kleinkind und Sockengr\u00f6\u00dfe 6-8 passend f\u00fcr Schuhgr\u00f6\u00dfe 10 M US Little Kid \u2013 4 M US Big Kid.<br \/>\nDas perfekte Geschenk. &#8211; Steht jemand Geburtstag bevor? Dieses Disney-Prinzessinnen-Socken-Set ist das perfekte Geschenk f\u00fcr einen Geburtstag oder Weihnachten. Warum? Sie sind bequem, lustig und sehr erschwinglich. Holen Sie sich ihr eigenes Paar oder kaufen Sie eines f\u00fcr einen Freund. Diese offiziell lizenzierten Disney-Prinzessin-Socken verleihen jedem Outfit etwas Spa\u00df<br \/>\nProduktpflege \u2013 Die Pflege dieses Socken-Sets ist einfach. Waschen Sie sie einfach in kaltem Wasser. Diese Socken sind importiert.<br \/>\n<div class=\"main-cross-sell\" data-asin=\"B084KM9MV4\">\n\n\t<div class=\"WooZone-cross-sell-loader\">\n\t\t<div>\n\t\t\t<div id=\"floatingBarsG\">\n\t\t\t\t<div class=\"blockG\" id=\"rotateG_01\"><\/div>\n\t\t\t\t<div class=\"blockG\" id=\"rotateG_02\"><\/div>\n\t\t\t\t<div class=\"blockG\" id=\"rotateG_03\"><\/div>\n\t\t\t\t<div class=\"blockG\" id=\"rotateG_04\"><\/div>\n\t\t\t\t<div class=\"blockG\" id=\"rotateG_05\"><\/div>\n\t\t\t\t<div class=\"blockG\" id=\"rotateG_06\"><\/div>\n\t\t\t\t<div class=\"blockG\" id=\"rotateG_07\"><\/div>\n\t\t\t\t<div class=\"blockG\" id=\"rotateG_08\"><\/div>\n\t\t\t<\/div>\n\t\t\t<div class=\"WooZone-cross-sell-loader-text\"><\/div>\n\t\t<\/div>\n\t<\/div>\n\n\t\t\n<\/div>\n<div style=\"clear:both;\"><\/div><\/p>\n","protected":false},"excerpt":{"rendered":"<p>Bequem und stilvoll \u2013 diese Socken sind aus hochwertigem Stoff, der 97% Polyester und 3% Spandex besteht. Sie sind leicht und weich. Jedes Set enth\u00e4lt einen gewellten Rippstrickbund mit sublimierten Grafiken und hellen Farben. Diese Socken haben auch ein exklusives Design von Yankee Toy Box, so dass Sie sie nirgendwo anders finden<br \/>\nMit ihren Lieblings-Disney-Prinzessinnen &#8211; diese entz\u00fcckenden Socken lassen die Tr\u00e4ume Ihrer kleinen Prinzessin wahr werden. Mit Grafiken der Lieblings-Disney-Prinzessinnen-Charaktere: Schneewittchen, Aschenputtel, Rapunzel von Tangled, Ariel von der kleinen Meerjungfrau, Jasmin aus Aladdin und Aurora von Sleeping Beauty<br \/>\nGr\u00f6\u00dfe \u2013 Diese 6er-Pack Viertelsocken sind in zwei Gr\u00f6\u00dfen erh\u00e4ltlich. Die Sockengr\u00f6\u00dfe 37-39 passt f\u00fcr Schuhgr\u00f6\u00dfe 40 M US Kleinkind \u2013 10 M US Kleinkind und Sockengr\u00f6\u00dfe 6-8 passend f\u00fcr Schuhgr\u00f6\u00dfe 10 M US Little Kid \u2013 4 M US Big Kid.<\/p>\n","protected":false},"featured_media":118306,"comment_status":"open","ping_status":"closed","template":"","meta":[],"product_brand":[],"product_cat":[1186,3990],"product_tag":[],"class_list":{"0":"post-118305","1":"product","2":"type-product","3":"status-publish","4":"has-post-thumbnail","6":"product_cat-bekleidung","7":"product_cat-maedchen","8":"pa_brand-disney","9":"pa_height-3-zoll","10":"pa_length-7-zoll","11":"pa_manufacturer-manufacturer","12":"pa_width-3-zoll","14":"first","15":"instock","16":"shipping-taxable","17":"purchasable","18":"product-type-simple","19":"customify-col","20":"product-has-gallery"},"yoast_head":"<!-- This site is optimized with the Yoast SEO plugin v27.4 - https:\/\/yoast.com\/product\/yoast-seo-wordpress\/ -->\n<title>Disney Prinzessinnen-Socken f\u00fcr M\u00e4dchen, Teenager, Damen, Multipack - Markt-XXL<\/title>\n<meta name=\"description\" content=\"Markt-XXL Disney Prinzessinnen-Socken f\u00fcr M\u00e4dchen, Teenager, Damen, Multipack\" \/>\n<meta name=\"robots\" content=\"index, follow, max-snippet:-1, max-image-preview:large, max-video-preview:-1\" \/>\n<link rel=\"canonical\" href=\"https:\/\/marktxxl.de\/markt\/produkt\/disney-prinzessinnen-socken-fuer-maedchen-teenager-damen-multipack\/\" \/>\n<meta property=\"og:locale\" content=\"de_DE\" \/>\n<meta property=\"og:type\" content=\"article\" \/>\n<meta property=\"og:title\" content=\"Disney Prinzessinnen-Socken f\u00fcr M\u00e4dchen, Teenager, Damen, Multipack - Markt-XXL\" \/>\n<meta property=\"og:description\" content=\"Markt-XXL Disney Prinzessinnen-Socken f\u00fcr M\u00e4dchen, Teenager, Damen, Multipack\" \/>\n<meta property=\"og:url\" content=\"https:\/\/marktxxl.de\/markt\/produkt\/disney-prinzessinnen-socken-fuer-maedchen-teenager-damen-multipack\/\" \/>\n<meta property=\"og:site_name\" content=\"Markt-XXL\" \/>\n<meta property=\"article:modified_time\" content=\"2023-04-11T01:47:40+00:00\" \/>\n<meta property=\"og:image\" content=\"https:\/\/m.media-amazon.com\/images\/I\/51mF2+NKJGL._SL500_.jpg\" \/>\n\t<meta property=\"og:image:width\" content=\"375\" \/>\n\t<meta property=\"og:image:height\" content=\"500\" \/>\n\t<meta property=\"og:image:type\" content=\"image\/jpeg\" \/>\n<meta name=\"twitter:card\" content=\"summary_large_image\" \/>\n<meta name=\"twitter:label1\" content=\"Gesch\u00e4tzte Lesezeit\" \/>\n\t<meta name=\"twitter:data1\" content=\"1\u00a0Minute\" \/>\n<script type=\"application\/ld+json\" class=\"yoast-schema-graph\">{\"@context\":\"https:\\\/\\\/schema.org\",\"@graph\":[{\"@type\":\"WebPage\",\"@id\":\"https:\\\/\\\/marktxxl.de\\\/markt\\\/produkt\\\/disney-prinzessinnen-socken-fuer-maedchen-teenager-damen-multipack\\\/\",\"url\":\"https:\\\/\\\/marktxxl.de\\\/markt\\\/produkt\\\/disney-prinzessinnen-socken-fuer-maedchen-teenager-damen-multipack\\\/\",\"name\":\"Disney Prinzessinnen-Socken f\u00fcr M\u00e4dchen, Teenager, Damen, Multipack - Markt-XXL\",\"isPartOf\":{\"@id\":\"https:\\\/\\\/marktxxl.de\\\/markt\\\/#website\"},\"primaryImageOfPage\":{\"@id\":\"https:\\\/\\\/marktxxl.de\\\/markt\\\/produkt\\\/disney-prinzessinnen-socken-fuer-maedchen-teenager-damen-multipack\\\/#primaryimage\"},\"image\":{\"@id\":\"https:\\\/\\\/marktxxl.de\\\/markt\\\/produkt\\\/disney-prinzessinnen-socken-fuer-maedchen-teenager-damen-multipack\\\/#primaryimage\"},\"thumbnailUrl\":\"https:\\\/\\\/m.media-amazon.com\\\/images\\\/I\\\/51mF2+NKJGL._SL500_.jpg\",\"datePublished\":\"2022-05-15T00:05:26+00:00\",\"dateModified\":\"2023-04-11T01:47:40+00:00\",\"description\":\"Markt-XXL Disney Prinzessinnen-Socken f\u00fcr M\u00e4dchen, Teenager, Damen, Multipack\",\"breadcrumb\":{\"@id\":\"https:\\\/\\\/marktxxl.de\\\/markt\\\/produkt\\\/disney-prinzessinnen-socken-fuer-maedchen-teenager-damen-multipack\\\/#breadcrumb\"},\"inLanguage\":\"de\",\"potentialAction\":[{\"@type\":\"ReadAction\",\"target\":[\"https:\\\/\\\/marktxxl.de\\\/markt\\\/produkt\\\/disney-prinzessinnen-socken-fuer-maedchen-teenager-damen-multipack\\\/\"]}]},{\"@type\":\"ImageObject\",\"inLanguage\":\"de\",\"@id\":\"https:\\\/\\\/marktxxl.de\\\/markt\\\/produkt\\\/disney-prinzessinnen-socken-fuer-maedchen-teenager-damen-multipack\\\/#primaryimage\",\"url\":\"https:\\\/\\\/m.media-amazon.com\\\/images\\\/I\\\/51mF2+NKJGL._SL500_.jpg\",\"contentUrl\":\"https:\\\/\\\/m.media-amazon.com\\\/images\\\/I\\\/51mF2+NKJGL._SL500_.jpg\",\"width\":375,\"height\":500},{\"@type\":\"BreadcrumbList\",\"@id\":\"https:\\\/\\\/marktxxl.de\\\/markt\\\/produkt\\\/disney-prinzessinnen-socken-fuer-maedchen-teenager-damen-multipack\\\/#breadcrumb\",\"itemListElement\":[{\"@type\":\"ListItem\",\"position\":1,\"name\":\"Startseite\",\"item\":\"https:\\\/\\\/marktxxl.de\\\/markt\\\/\"},{\"@type\":\"ListItem\",\"position\":2,\"name\":\"Markt\",\"item\":\"https:\\\/\\\/marktxxl.de\\\/markt\\\/\"},{\"@type\":\"ListItem\",\"position\":3,\"name\":\"Disney Prinzessinnen-Socken f\u00fcr M\u00e4dchen, Teenager, Damen, Multipack\"}]},{\"@type\":\"WebSite\",\"@id\":\"https:\\\/\\\/marktxxl.de\\\/markt\\\/#website\",\"url\":\"https:\\\/\\\/marktxxl.de\\\/markt\\\/\",\"name\":\"Markt-XXL\",\"description\":\"Ihr Markt Online\",\"publisher\":{\"@id\":\"https:\\\/\\\/marktxxl.de\\\/markt\\\/#organization\"},\"potentialAction\":[{\"@type\":\"SearchAction\",\"target\":{\"@type\":\"EntryPoint\",\"urlTemplate\":\"https:\\\/\\\/marktxxl.de\\\/markt\\\/?s={search_term_string}\"},\"query-input\":{\"@type\":\"PropertyValueSpecification\",\"valueRequired\":true,\"valueName\":\"search_term_string\"}}],\"inLanguage\":\"de\"},{\"@type\":\"Organization\",\"@id\":\"https:\\\/\\\/marktxxl.de\\\/markt\\\/#organization\",\"name\":\"Markt-XXL\",\"url\":\"https:\\\/\\\/marktxxl.de\\\/markt\\\/\",\"logo\":{\"@type\":\"ImageObject\",\"inLanguage\":\"de\",\"@id\":\"https:\\\/\\\/marktxxl.de\\\/markt\\\/#\\\/schema\\\/logo\\\/image\\\/\",\"url\":\"https:\\\/\\\/marktxxl.de\\\/markt\\\/wp-content\\\/uploads\\\/sites\\\/3\\\/2020\\\/12\\\/logo.png\",\"contentUrl\":\"https:\\\/\\\/marktxxl.de\\\/markt\\\/wp-content\\\/uploads\\\/sites\\\/3\\\/2020\\\/12\\\/logo.png\",\"width\":200,\"height\":70,\"caption\":\"Markt-XXL\"},\"image\":{\"@id\":\"https:\\\/\\\/marktxxl.de\\\/markt\\\/#\\\/schema\\\/logo\\\/image\\\/\"}}]}<\/script>\n<!-- \/ Yoast SEO plugin. -->","yoast_head_json":{"title":"Disney Prinzessinnen-Socken f\u00fcr M\u00e4dchen, Teenager, Damen, Multipack - Markt-XXL","description":"Markt-XXL Disney Prinzessinnen-Socken f\u00fcr M\u00e4dchen, Teenager, Damen, Multipack","robots":{"index":"index","follow":"follow","max-snippet":"max-snippet:-1","max-image-preview":"max-image-preview:large","max-video-preview":"max-video-preview:-1"},"canonical":"https:\/\/marktxxl.de\/markt\/produkt\/disney-prinzessinnen-socken-fuer-maedchen-teenager-damen-multipack\/","og_locale":"de_DE","og_type":"article","og_title":"Disney Prinzessinnen-Socken f\u00fcr M\u00e4dchen, Teenager, Damen, Multipack - Markt-XXL","og_description":"Markt-XXL Disney Prinzessinnen-Socken f\u00fcr M\u00e4dchen, Teenager, Damen, Multipack","og_url":"https:\/\/marktxxl.de\/markt\/produkt\/disney-prinzessinnen-socken-fuer-maedchen-teenager-damen-multipack\/","og_site_name":"Markt-XXL","article_modified_time":"2023-04-11T01:47:40+00:00","og_image":[{"width":375,"height":500,"url":"https:\/\/m.media-amazon.com\/images\/I\/51mF2+NKJGL._SL500_.jpg","type":"image\/jpeg"}],"twitter_card":"summary_large_image","twitter_misc":{"Gesch\u00e4tzte Lesezeit":"1\u00a0Minute"},"schema":{"@context":"https:\/\/schema.org","@graph":[{"@type":"WebPage","@id":"https:\/\/marktxxl.de\/markt\/produkt\/disney-prinzessinnen-socken-fuer-maedchen-teenager-damen-multipack\/","url":"https:\/\/marktxxl.de\/markt\/produkt\/disney-prinzessinnen-socken-fuer-maedchen-teenager-damen-multipack\/","name":"Disney Prinzessinnen-Socken f\u00fcr M\u00e4dchen, Teenager, Damen, Multipack - Markt-XXL","isPartOf":{"@id":"https:\/\/marktxxl.de\/markt\/#website"},"primaryImageOfPage":{"@id":"https:\/\/marktxxl.de\/markt\/produkt\/disney-prinzessinnen-socken-fuer-maedchen-teenager-damen-multipack\/#primaryimage"},"image":{"@id":"https:\/\/marktxxl.de\/markt\/produkt\/disney-prinzessinnen-socken-fuer-maedchen-teenager-damen-multipack\/#primaryimage"},"thumbnailUrl":"https:\/\/m.media-amazon.com\/images\/I\/51mF2+NKJGL._SL500_.jpg","datePublished":"2022-05-15T00:05:26+00:00","dateModified":"2023-04-11T01:47:40+00:00","description":"Markt-XXL Disney Prinzessinnen-Socken f\u00fcr M\u00e4dchen, Teenager, Damen, Multipack","breadcrumb":{"@id":"https:\/\/marktxxl.de\/markt\/produkt\/disney-prinzessinnen-socken-fuer-maedchen-teenager-damen-multipack\/#breadcrumb"},"inLanguage":"de","potentialAction":[{"@type":"ReadAction","target":["https:\/\/marktxxl.de\/markt\/produkt\/disney-prinzessinnen-socken-fuer-maedchen-teenager-damen-multipack\/"]}]},{"@type":"ImageObject","inLanguage":"de","@id":"https:\/\/marktxxl.de\/markt\/produkt\/disney-prinzessinnen-socken-fuer-maedchen-teenager-damen-multipack\/#primaryimage","url":"https:\/\/m.media-amazon.com\/images\/I\/51mF2+NKJGL._SL500_.jpg","contentUrl":"https:\/\/m.media-amazon.com\/images\/I\/51mF2+NKJGL._SL500_.jpg","width":375,"height":500},{"@type":"BreadcrumbList","@id":"https:\/\/marktxxl.de\/markt\/produkt\/disney-prinzessinnen-socken-fuer-maedchen-teenager-damen-multipack\/#breadcrumb","itemListElement":[{"@type":"ListItem","position":1,"name":"Startseite","item":"https:\/\/marktxxl.de\/markt\/"},{"@type":"ListItem","position":2,"name":"Markt","item":"https:\/\/marktxxl.de\/markt\/"},{"@type":"ListItem","position":3,"name":"Disney Prinzessinnen-Socken f\u00fcr M\u00e4dchen, Teenager, Damen, Multipack"}]},{"@type":"WebSite","@id":"https:\/\/marktxxl.de\/markt\/#website","url":"https:\/\/marktxxl.de\/markt\/","name":"Markt-XXL","description":"Ihr Markt Online","publisher":{"@id":"https:\/\/marktxxl.de\/markt\/#organization"},"potentialAction":[{"@type":"SearchAction","target":{"@type":"EntryPoint","urlTemplate":"https:\/\/marktxxl.de\/markt\/?s={search_term_string}"},"query-input":{"@type":"PropertyValueSpecification","valueRequired":true,"valueName":"search_term_string"}}],"inLanguage":"de"},{"@type":"Organization","@id":"https:\/\/marktxxl.de\/markt\/#organization","name":"Markt-XXL","url":"https:\/\/marktxxl.de\/markt\/","logo":{"@type":"ImageObject","inLanguage":"de","@id":"https:\/\/marktxxl.de\/markt\/#\/schema\/logo\/image\/","url":"https:\/\/marktxxl.de\/markt\/wp-content\/uploads\/sites\/3\/2020\/12\/logo.png","contentUrl":"https:\/\/marktxxl.de\/markt\/wp-content\/uploads\/sites\/3\/2020\/12\/logo.png","width":200,"height":70,"caption":"Markt-XXL"},"image":{"@id":"https:\/\/marktxxl.de\/markt\/#\/schema\/logo\/image\/"}}]}},"_links":{"self":[{"href":"https:\/\/marktxxl.de\/markt\/wp-json\/wp\/v2\/product\/118305","targetHints":{"allow":["GET"]}}],"collection":[{"href":"https:\/\/marktxxl.de\/markt\/wp-json\/wp\/v2\/product"}],"about":[{"href":"https:\/\/marktxxl.de\/markt\/wp-json\/wp\/v2\/types\/product"}],"replies":[{"embeddable":true,"href":"https:\/\/marktxxl.de\/markt\/wp-json\/wp\/v2\/comments?post=118305"}],"wp:featuredmedia":[{"embeddable":true,"href":"https:\/\/marktxxl.de\/markt\/wp-json\/wp\/v2\/media\/118306"}],"wp:attachment":[{"href":"https:\/\/marktxxl.de\/markt\/wp-json\/wp\/v2\/media?parent=118305"}],"wp:term":[{"taxonomy":"product_brand","embeddable":true,"href":"https:\/\/marktxxl.de\/markt\/wp-json\/wp\/v2\/product_brand?post=118305"},{"taxonomy":"product_cat","embeddable":true,"href":"https:\/\/marktxxl.de\/markt\/wp-json\/wp\/v2\/product_cat?post=118305"},{"taxonomy":"product_tag","embeddable":true,"href":"https:\/\/marktxxl.de\/markt\/wp-json\/wp\/v2\/product_tag?post=118305"}],"curies":[{"name":"wp","href":"https:\/\/api.w.org\/{rel}","templated":true}]}}