{"id":118205,"date":"2022-05-15T01:58:37","date_gmt":"2022-05-14T23:58:37","guid":{"rendered":"https:\/\/marktxxl.de\/markt\/produkt\/barbie-maedchen-regenbogen-ankleiden-fantasie-kleid-nightgown-pyjamas-6-rosa-multi\/"},"modified":"2023-04-11T03:47:39","modified_gmt":"2023-04-11T01:47:39","slug":"barbie-maedchen-regenbogen-ankleiden-fantasie-kleid-nightgown-pyjamas-6-rosa-multi","status":"publish","type":"product","link":"https:\/\/marktxxl.de\/markt\/produkt\/barbie-maedchen-regenbogen-ankleiden-fantasie-kleid-nightgown-pyjamas-6-rosa-multi\/","title":{"rendered":"Barbie M\u00e4dchen Regenbogen Ankleiden Fantasie-Kleid Nightgown Pyjamas 6 Rosa\/Multi"},"content":{"rendered":"<p>Sch\u00f6ne Fantasie NIGHTGOWN &#8211; Dieses entz\u00fcckende Fantasie Kleid wird Ihr kleines M\u00e4dchen f\u00fchlen wie Barbie! Mit sch\u00f6nen Details wie eine prickelnde schiere Overlay und schiere R\u00fcsche \u00c4rmel sind diese Kleider perfekt zum Schlafen, Entspannen, spielen verkleiden sich oder f\u00fcr ihre n\u00e4chste Sleepover! Sie verf\u00fcgen \u00fcber doppelt gen\u00e4ht S\u00e4ume, eine verschwei\u00dfte Kragen und Sublimationsgrafiken.<br \/>\nIHRE Lieblings CHARACTER FEATURING &#8211; Machen Sie Ihre Kleinen Tr\u00e4ume wahr! Sie kann aussehen und sich anf\u00fchlen wie ihre Lieblingsfashion, Barbie! Diese herrlichen nightgowns verf\u00fcgen \u00fcber Regenbogenfarbgrafiken und Barbie-Puppe Bilder!<br \/>\nBequeme Materialien &#8211; Dieses Nachthemd aus 100% Polyester hergestellt, so die Kleinen einfach und bequem schlafen kann. Um Sicherheitsvorschriften zu folgen, wird diese Nachtw\u00e4sche aus schwer entflammbaren Materialien hergestellt und ist nicht eng anliegende. Erh\u00e4ltlich in M\u00e4dchen Gr\u00f6\u00dfen 4, 6 und 8.<br \/>\nPRODUCT CARE &#8211; Da dieses Produkt in h\u00f6chster Qualit\u00e4t gefertigt wird, ist es auch sehr leicht zu pflegen. Waschen Sie dieses Nachthemd in kaltem Wasser dieses Produkt, um sicherzustellen, so lange wie m\u00f6glich dauert.<br \/>\nDAS PERFEKTE GESCHENK! &#8211; Barbie Nachthemd Schlafanzug macht den perfekten Geburtstag oder ein Weihnachtsgeschenk. Warum? Sie sind gut gebaut, verf\u00fcgen \u00fcber fantastische Fantasie-Kost\u00fcm-Stil Grafiken und sind sehr erschwinglich. Es ist das perfekte Kleid f\u00fcr jede Sleepover!<br \/>\n<div class=\"main-cross-sell\" data-asin=\"B07PQTRHQY\">\n\n\t<div class=\"WooZone-cross-sell-loader\">\n\t\t<div>\n\t\t\t<div id=\"floatingBarsG\">\n\t\t\t\t<div class=\"blockG\" id=\"rotateG_01\"><\/div>\n\t\t\t\t<div class=\"blockG\" id=\"rotateG_02\"><\/div>\n\t\t\t\t<div class=\"blockG\" id=\"rotateG_03\"><\/div>\n\t\t\t\t<div class=\"blockG\" id=\"rotateG_04\"><\/div>\n\t\t\t\t<div class=\"blockG\" id=\"rotateG_05\"><\/div>\n\t\t\t\t<div class=\"blockG\" id=\"rotateG_06\"><\/div>\n\t\t\t\t<div class=\"blockG\" id=\"rotateG_07\"><\/div>\n\t\t\t\t<div class=\"blockG\" id=\"rotateG_08\"><\/div>\n\t\t\t<\/div>\n\t\t\t<div class=\"WooZone-cross-sell-loader-text\"><\/div>\n\t\t<\/div>\n\t<\/div>\n\n\t\t\n<\/div>\n<div style=\"clear:both;\"><\/div><\/p>\n","protected":false},"excerpt":{"rendered":"<p>Sch\u00f6ne Fantasie NIGHTGOWN &#8211; Dieses entz\u00fcckende Fantasie Kleid wird Ihr kleines M\u00e4dchen f\u00fchlen wie Barbie! Mit sch\u00f6nen Details wie eine prickelnde schiere Overlay und schiere R\u00fcsche \u00c4rmel sind diese Kleider perfekt zum Schlafen, Entspannen, spielen verkleiden sich oder f\u00fcr ihre n\u00e4chste Sleepover! Sie verf\u00fcgen \u00fcber doppelt gen\u00e4ht S\u00e4ume, eine verschwei\u00dfte Kragen und Sublimationsgrafiken.<br \/>\nIHRE Lieblings CHARACTER FEATURING &#8211; Machen Sie Ihre Kleinen Tr\u00e4ume wahr! Sie kann aussehen und sich anf\u00fchlen wie ihre Lieblingsfashion, Barbie! Diese herrlichen nightgowns verf\u00fcgen \u00fcber Regenbogenfarbgrafiken und Barbie-Puppe Bilder!<br \/>\nBequeme Materialien &#8211; Dieses Nachthemd aus 100% Polyester hergestellt, so die Kleinen einfach und bequem schlafen kann. Um Sicherheitsvorschriften zu folgen, wird diese Nachtw\u00e4sche aus schwer entflammbaren Materialien hergestellt und ist nicht eng anliegende. Erh\u00e4ltlich in M\u00e4dchen Gr\u00f6\u00dfen 4, 6 und 8.<\/p>\n","protected":false},"featured_media":118206,"comment_status":"open","ping_status":"closed","template":"","meta":[],"product_brand":[],"product_cat":[1186,3990],"product_tag":[],"class_list":{"0":"post-118205","1":"product","2":"type-product","3":"status-publish","4":"has-post-thumbnail","6":"product_cat-bekleidung","7":"product_cat-maedchen","8":"pa_binding-textilien","9":"pa_brand-barbie","10":"pa_color-rosa-multi","11":"pa_height-11-25-zoll","12":"pa_length-9-zoll","13":"pa_manufacturer-barbie","14":"pa_model-21br000ggt","15":"pa_size-23582","16":"pa_width-1-zoll","18":"first","19":"instock","20":"shipping-taxable","21":"purchasable","22":"product-type-simple","23":"customify-col","24":"product-has-gallery"},"yoast_head":"<!-- This site is optimized with the Yoast SEO plugin v27.4 - https:\/\/yoast.com\/product\/yoast-seo-wordpress\/ -->\n<title>Barbie M\u00e4dchen Regenbogen Ankleiden Fantasie-Kleid Nightgown Pyjamas 6 Rosa\/Multi - Markt-XXL<\/title>\n<meta name=\"description\" content=\"Markt-XXL Barbie M\u00e4dchen Regenbogen Ankleiden Fantasie-Kleid Nightgown Pyjamas 6 Rosa\/Multi\" \/>\n<meta name=\"robots\" content=\"index, follow, max-snippet:-1, max-image-preview:large, max-video-preview:-1\" \/>\n<link rel=\"canonical\" href=\"https:\/\/marktxxl.de\/markt\/produkt\/barbie-maedchen-regenbogen-ankleiden-fantasie-kleid-nightgown-pyjamas-6-rosa-multi\/\" \/>\n<meta property=\"og:locale\" content=\"de_DE\" \/>\n<meta property=\"og:type\" content=\"article\" \/>\n<meta property=\"og:title\" content=\"Barbie M\u00e4dchen Regenbogen Ankleiden Fantasie-Kleid Nightgown Pyjamas 6 Rosa\/Multi - Markt-XXL\" \/>\n<meta property=\"og:description\" content=\"Markt-XXL Barbie M\u00e4dchen Regenbogen Ankleiden Fantasie-Kleid Nightgown Pyjamas 6 Rosa\/Multi\" \/>\n<meta property=\"og:url\" content=\"https:\/\/marktxxl.de\/markt\/produkt\/barbie-maedchen-regenbogen-ankleiden-fantasie-kleid-nightgown-pyjamas-6-rosa-multi\/\" \/>\n<meta property=\"og:site_name\" content=\"Markt-XXL\" \/>\n<meta property=\"article:modified_time\" content=\"2023-04-11T01:47:39+00:00\" \/>\n<meta property=\"og:image\" content=\"https:\/\/m.media-amazon.com\/images\/I\/41jcbcPlixL._SL500_.jpg\" \/>\n\t<meta property=\"og:image:width\" content=\"375\" \/>\n\t<meta property=\"og:image:height\" content=\"500\" \/>\n\t<meta property=\"og:image:type\" content=\"image\/jpeg\" \/>\n<meta name=\"twitter:card\" content=\"summary_large_image\" \/>\n<meta name=\"twitter:label1\" content=\"Gesch\u00e4tzte Lesezeit\" \/>\n\t<meta name=\"twitter:data1\" content=\"1\u00a0Minute\" \/>\n<script type=\"application\/ld+json\" class=\"yoast-schema-graph\">{\"@context\":\"https:\\\/\\\/schema.org\",\"@graph\":[{\"@type\":\"WebPage\",\"@id\":\"https:\\\/\\\/marktxxl.de\\\/markt\\\/produkt\\\/barbie-maedchen-regenbogen-ankleiden-fantasie-kleid-nightgown-pyjamas-6-rosa-multi\\\/\",\"url\":\"https:\\\/\\\/marktxxl.de\\\/markt\\\/produkt\\\/barbie-maedchen-regenbogen-ankleiden-fantasie-kleid-nightgown-pyjamas-6-rosa-multi\\\/\",\"name\":\"Barbie M\u00e4dchen Regenbogen Ankleiden Fantasie-Kleid Nightgown Pyjamas 6 Rosa\\\/Multi - Markt-XXL\",\"isPartOf\":{\"@id\":\"https:\\\/\\\/marktxxl.de\\\/markt\\\/#website\"},\"primaryImageOfPage\":{\"@id\":\"https:\\\/\\\/marktxxl.de\\\/markt\\\/produkt\\\/barbie-maedchen-regenbogen-ankleiden-fantasie-kleid-nightgown-pyjamas-6-rosa-multi\\\/#primaryimage\"},\"image\":{\"@id\":\"https:\\\/\\\/marktxxl.de\\\/markt\\\/produkt\\\/barbie-maedchen-regenbogen-ankleiden-fantasie-kleid-nightgown-pyjamas-6-rosa-multi\\\/#primaryimage\"},\"thumbnailUrl\":\"https:\\\/\\\/m.media-amazon.com\\\/images\\\/I\\\/41jcbcPlixL._SL500_.jpg\",\"datePublished\":\"2022-05-14T23:58:37+00:00\",\"dateModified\":\"2023-04-11T01:47:39+00:00\",\"description\":\"Markt-XXL Barbie M\u00e4dchen Regenbogen Ankleiden Fantasie-Kleid Nightgown Pyjamas 6 Rosa\\\/Multi\",\"breadcrumb\":{\"@id\":\"https:\\\/\\\/marktxxl.de\\\/markt\\\/produkt\\\/barbie-maedchen-regenbogen-ankleiden-fantasie-kleid-nightgown-pyjamas-6-rosa-multi\\\/#breadcrumb\"},\"inLanguage\":\"de\",\"potentialAction\":[{\"@type\":\"ReadAction\",\"target\":[\"https:\\\/\\\/marktxxl.de\\\/markt\\\/produkt\\\/barbie-maedchen-regenbogen-ankleiden-fantasie-kleid-nightgown-pyjamas-6-rosa-multi\\\/\"]}]},{\"@type\":\"ImageObject\",\"inLanguage\":\"de\",\"@id\":\"https:\\\/\\\/marktxxl.de\\\/markt\\\/produkt\\\/barbie-maedchen-regenbogen-ankleiden-fantasie-kleid-nightgown-pyjamas-6-rosa-multi\\\/#primaryimage\",\"url\":\"https:\\\/\\\/m.media-amazon.com\\\/images\\\/I\\\/41jcbcPlixL._SL500_.jpg\",\"contentUrl\":\"https:\\\/\\\/m.media-amazon.com\\\/images\\\/I\\\/41jcbcPlixL._SL500_.jpg\",\"width\":375,\"height\":500},{\"@type\":\"BreadcrumbList\",\"@id\":\"https:\\\/\\\/marktxxl.de\\\/markt\\\/produkt\\\/barbie-maedchen-regenbogen-ankleiden-fantasie-kleid-nightgown-pyjamas-6-rosa-multi\\\/#breadcrumb\",\"itemListElement\":[{\"@type\":\"ListItem\",\"position\":1,\"name\":\"Startseite\",\"item\":\"https:\\\/\\\/marktxxl.de\\\/markt\\\/\"},{\"@type\":\"ListItem\",\"position\":2,\"name\":\"Markt\",\"item\":\"https:\\\/\\\/marktxxl.de\\\/markt\\\/\"},{\"@type\":\"ListItem\",\"position\":3,\"name\":\"Barbie M\u00e4dchen Regenbogen Ankleiden Fantasie-Kleid Nightgown Pyjamas 6 Rosa\\\/Multi\"}]},{\"@type\":\"WebSite\",\"@id\":\"https:\\\/\\\/marktxxl.de\\\/markt\\\/#website\",\"url\":\"https:\\\/\\\/marktxxl.de\\\/markt\\\/\",\"name\":\"Markt-XXL\",\"description\":\"Ihr Markt Online\",\"publisher\":{\"@id\":\"https:\\\/\\\/marktxxl.de\\\/markt\\\/#organization\"},\"potentialAction\":[{\"@type\":\"SearchAction\",\"target\":{\"@type\":\"EntryPoint\",\"urlTemplate\":\"https:\\\/\\\/marktxxl.de\\\/markt\\\/?s={search_term_string}\"},\"query-input\":{\"@type\":\"PropertyValueSpecification\",\"valueRequired\":true,\"valueName\":\"search_term_string\"}}],\"inLanguage\":\"de\"},{\"@type\":\"Organization\",\"@id\":\"https:\\\/\\\/marktxxl.de\\\/markt\\\/#organization\",\"name\":\"Markt-XXL\",\"url\":\"https:\\\/\\\/marktxxl.de\\\/markt\\\/\",\"logo\":{\"@type\":\"ImageObject\",\"inLanguage\":\"de\",\"@id\":\"https:\\\/\\\/marktxxl.de\\\/markt\\\/#\\\/schema\\\/logo\\\/image\\\/\",\"url\":\"https:\\\/\\\/marktxxl.de\\\/markt\\\/wp-content\\\/uploads\\\/sites\\\/3\\\/2020\\\/12\\\/logo.png\",\"contentUrl\":\"https:\\\/\\\/marktxxl.de\\\/markt\\\/wp-content\\\/uploads\\\/sites\\\/3\\\/2020\\\/12\\\/logo.png\",\"width\":200,\"height\":70,\"caption\":\"Markt-XXL\"},\"image\":{\"@id\":\"https:\\\/\\\/marktxxl.de\\\/markt\\\/#\\\/schema\\\/logo\\\/image\\\/\"}}]}<\/script>\n<!-- \/ Yoast SEO plugin. -->","yoast_head_json":{"title":"Barbie M\u00e4dchen Regenbogen Ankleiden Fantasie-Kleid Nightgown Pyjamas 6 Rosa\/Multi - Markt-XXL","description":"Markt-XXL Barbie M\u00e4dchen Regenbogen Ankleiden Fantasie-Kleid Nightgown Pyjamas 6 Rosa\/Multi","robots":{"index":"index","follow":"follow","max-snippet":"max-snippet:-1","max-image-preview":"max-image-preview:large","max-video-preview":"max-video-preview:-1"},"canonical":"https:\/\/marktxxl.de\/markt\/produkt\/barbie-maedchen-regenbogen-ankleiden-fantasie-kleid-nightgown-pyjamas-6-rosa-multi\/","og_locale":"de_DE","og_type":"article","og_title":"Barbie M\u00e4dchen Regenbogen Ankleiden Fantasie-Kleid Nightgown Pyjamas 6 Rosa\/Multi - Markt-XXL","og_description":"Markt-XXL Barbie M\u00e4dchen Regenbogen Ankleiden Fantasie-Kleid Nightgown Pyjamas 6 Rosa\/Multi","og_url":"https:\/\/marktxxl.de\/markt\/produkt\/barbie-maedchen-regenbogen-ankleiden-fantasie-kleid-nightgown-pyjamas-6-rosa-multi\/","og_site_name":"Markt-XXL","article_modified_time":"2023-04-11T01:47:39+00:00","og_image":[{"width":375,"height":500,"url":"https:\/\/m.media-amazon.com\/images\/I\/41jcbcPlixL._SL500_.jpg","type":"image\/jpeg"}],"twitter_card":"summary_large_image","twitter_misc":{"Gesch\u00e4tzte Lesezeit":"1\u00a0Minute"},"schema":{"@context":"https:\/\/schema.org","@graph":[{"@type":"WebPage","@id":"https:\/\/marktxxl.de\/markt\/produkt\/barbie-maedchen-regenbogen-ankleiden-fantasie-kleid-nightgown-pyjamas-6-rosa-multi\/","url":"https:\/\/marktxxl.de\/markt\/produkt\/barbie-maedchen-regenbogen-ankleiden-fantasie-kleid-nightgown-pyjamas-6-rosa-multi\/","name":"Barbie M\u00e4dchen Regenbogen Ankleiden Fantasie-Kleid Nightgown Pyjamas 6 Rosa\/Multi - Markt-XXL","isPartOf":{"@id":"https:\/\/marktxxl.de\/markt\/#website"},"primaryImageOfPage":{"@id":"https:\/\/marktxxl.de\/markt\/produkt\/barbie-maedchen-regenbogen-ankleiden-fantasie-kleid-nightgown-pyjamas-6-rosa-multi\/#primaryimage"},"image":{"@id":"https:\/\/marktxxl.de\/markt\/produkt\/barbie-maedchen-regenbogen-ankleiden-fantasie-kleid-nightgown-pyjamas-6-rosa-multi\/#primaryimage"},"thumbnailUrl":"https:\/\/m.media-amazon.com\/images\/I\/41jcbcPlixL._SL500_.jpg","datePublished":"2022-05-14T23:58:37+00:00","dateModified":"2023-04-11T01:47:39+00:00","description":"Markt-XXL Barbie M\u00e4dchen Regenbogen Ankleiden Fantasie-Kleid Nightgown Pyjamas 6 Rosa\/Multi","breadcrumb":{"@id":"https:\/\/marktxxl.de\/markt\/produkt\/barbie-maedchen-regenbogen-ankleiden-fantasie-kleid-nightgown-pyjamas-6-rosa-multi\/#breadcrumb"},"inLanguage":"de","potentialAction":[{"@type":"ReadAction","target":["https:\/\/marktxxl.de\/markt\/produkt\/barbie-maedchen-regenbogen-ankleiden-fantasie-kleid-nightgown-pyjamas-6-rosa-multi\/"]}]},{"@type":"ImageObject","inLanguage":"de","@id":"https:\/\/marktxxl.de\/markt\/produkt\/barbie-maedchen-regenbogen-ankleiden-fantasie-kleid-nightgown-pyjamas-6-rosa-multi\/#primaryimage","url":"https:\/\/m.media-amazon.com\/images\/I\/41jcbcPlixL._SL500_.jpg","contentUrl":"https:\/\/m.media-amazon.com\/images\/I\/41jcbcPlixL._SL500_.jpg","width":375,"height":500},{"@type":"BreadcrumbList","@id":"https:\/\/marktxxl.de\/markt\/produkt\/barbie-maedchen-regenbogen-ankleiden-fantasie-kleid-nightgown-pyjamas-6-rosa-multi\/#breadcrumb","itemListElement":[{"@type":"ListItem","position":1,"name":"Startseite","item":"https:\/\/marktxxl.de\/markt\/"},{"@type":"ListItem","position":2,"name":"Markt","item":"https:\/\/marktxxl.de\/markt\/"},{"@type":"ListItem","position":3,"name":"Barbie M\u00e4dchen Regenbogen Ankleiden Fantasie-Kleid Nightgown Pyjamas 6 Rosa\/Multi"}]},{"@type":"WebSite","@id":"https:\/\/marktxxl.de\/markt\/#website","url":"https:\/\/marktxxl.de\/markt\/","name":"Markt-XXL","description":"Ihr Markt Online","publisher":{"@id":"https:\/\/marktxxl.de\/markt\/#organization"},"potentialAction":[{"@type":"SearchAction","target":{"@type":"EntryPoint","urlTemplate":"https:\/\/marktxxl.de\/markt\/?s={search_term_string}"},"query-input":{"@type":"PropertyValueSpecification","valueRequired":true,"valueName":"search_term_string"}}],"inLanguage":"de"},{"@type":"Organization","@id":"https:\/\/marktxxl.de\/markt\/#organization","name":"Markt-XXL","url":"https:\/\/marktxxl.de\/markt\/","logo":{"@type":"ImageObject","inLanguage":"de","@id":"https:\/\/marktxxl.de\/markt\/#\/schema\/logo\/image\/","url":"https:\/\/marktxxl.de\/markt\/wp-content\/uploads\/sites\/3\/2020\/12\/logo.png","contentUrl":"https:\/\/marktxxl.de\/markt\/wp-content\/uploads\/sites\/3\/2020\/12\/logo.png","width":200,"height":70,"caption":"Markt-XXL"},"image":{"@id":"https:\/\/marktxxl.de\/markt\/#\/schema\/logo\/image\/"}}]}},"_links":{"self":[{"href":"https:\/\/marktxxl.de\/markt\/wp-json\/wp\/v2\/product\/118205","targetHints":{"allow":["GET"]}}],"collection":[{"href":"https:\/\/marktxxl.de\/markt\/wp-json\/wp\/v2\/product"}],"about":[{"href":"https:\/\/marktxxl.de\/markt\/wp-json\/wp\/v2\/types\/product"}],"replies":[{"embeddable":true,"href":"https:\/\/marktxxl.de\/markt\/wp-json\/wp\/v2\/comments?post=118205"}],"wp:featuredmedia":[{"embeddable":true,"href":"https:\/\/marktxxl.de\/markt\/wp-json\/wp\/v2\/media\/118206"}],"wp:attachment":[{"href":"https:\/\/marktxxl.de\/markt\/wp-json\/wp\/v2\/media?parent=118205"}],"wp:term":[{"taxonomy":"product_brand","embeddable":true,"href":"https:\/\/marktxxl.de\/markt\/wp-json\/wp\/v2\/product_brand?post=118205"},{"taxonomy":"product_cat","embeddable":true,"href":"https:\/\/marktxxl.de\/markt\/wp-json\/wp\/v2\/product_cat?post=118205"},{"taxonomy":"product_tag","embeddable":true,"href":"https:\/\/marktxxl.de\/markt\/wp-json\/wp\/v2\/product_tag?post=118205"}],"curies":[{"name":"wp","href":"https:\/\/api.w.org\/{rel}","templated":true}]}}