{"id":118095,"date":"2022-05-15T01:52:05","date_gmt":"2022-05-14T23:52:05","guid":{"rendered":"https:\/\/marktxxl.de\/markt\/produkt\/dc-comics-herren-batman-dark-t-shirt\/"},"modified":"2023-04-11T03:47:36","modified_gmt":"2023-04-11T01:47:36","slug":"dc-comics-herren-batman-dark-t-shirt","status":"publish","type":"product","link":"https:\/\/marktxxl.de\/markt\/produkt\/dc-comics-herren-batman-dark-t-shirt\/","title":{"rendered":"DC Comics Herren Batman Dark T-Shirt"},"content":{"rendered":"<p>Herren Batman-T-Shirt mit kurzem Arm: Besch\u00fctzer von Gotham City und einer der ikonischsten Superhelden aller Zeiten, Bruce Wayne aka Batman oder der Dark Knight, ist die Wachsamkeit auf einer Mission, gegen alles B\u00f6se zu k\u00e4mpfen. Besitzer von Wayne Enterprises und Gr\u00fcndungsmitglied der Justice League, Batman schl\u00e4gt Angst in die Herzen von Kriminellen \u00fcberall, motiviert durch den Mord seiner Eltern. Einer der kommerziell erfolgreichsten Superhelden aller Zeiten, Batman verf\u00fcgt stark in der Popkultur einschlie\u00dflich Comic-B\u00fccher, Filmver\u00f6ffentlichungen, TV-Serien und Videospiele.<br \/>\nIhr neues Lieblings-T-Shirt f\u00fcr den Alltag: Bunte Bilder trifft auf hochwertige Baumwolle in dem ganzj\u00e4hrigen Grafik-T-Shirt, auf das Ihr Schrank gewartet hat. Entwickelt, um die Distanz zu erreichen, ist dieser langlebige Schrank f\u00fcr stundenlangen atmungsaktiven Komfort konzipiert. Hier keine hohen Pflegehinweise Werfen Sie diese kleine Sch\u00f6nheit einfach in die Waschmaschine auf kalt und im Trockner oder h\u00e4ngen Sie sie trocken.<br \/>\nKlassisch und gem\u00fctlich: Haltbarkeit richtig gemacht. Mit verst\u00e4rkten Doppelnadeln\u00e4hten am Hals und Saum und hochwertiger Verarbeitung ist unser klassisches Hemd die n\u00e4chste Stufe Chill. Kombiniere dich an Turn-Tagen mit eingebrochenen Sweats, oder schiere es f\u00fcr einen Abend \u2013 wir k\u00fcmmern uns darum.<br \/>\nOffizielles Lizenz: 100 % Authentizit\u00e4t ist unsere Bindung. Dieses einzigartige Design wurde von unserem talentierten Team von Grafikern kreiert. Akzeptieren Sie keine Ersatzteile. Gedruckt in Plymouth, England.<br \/>\nIdeal zum Verschenken: Das perfekte Geschenk f\u00fcr den Enthusiasten in Ihrem Leben, unser hochwertiges Kleidungsst\u00fcck bringt den letzten Schliff zu Themenveranstaltungen, Partys, Geburtstagen, Feiertagen und besonderen Anl\u00e4ssen. Ideal f\u00fcr Ihren Sohn, Bruder, Vater, Freund, Ehemann oder Marvel-besessenen Freund. F\u00fcr alle Anl\u00e4sse geeignet und nat\u00fcrlich auch die neuesten Marvel Filme.<br \/>\n<div class=\"main-cross-sell\" data-asin=\"B07JH2XX1D\">\n\n\t<div class=\"WooZone-cross-sell-loader\">\n\t\t<div>\n\t\t\t<div id=\"floatingBarsG\">\n\t\t\t\t<div class=\"blockG\" id=\"rotateG_01\"><\/div>\n\t\t\t\t<div class=\"blockG\" id=\"rotateG_02\"><\/div>\n\t\t\t\t<div class=\"blockG\" id=\"rotateG_03\"><\/div>\n\t\t\t\t<div class=\"blockG\" id=\"rotateG_04\"><\/div>\n\t\t\t\t<div class=\"blockG\" id=\"rotateG_05\"><\/div>\n\t\t\t\t<div class=\"blockG\" id=\"rotateG_06\"><\/div>\n\t\t\t\t<div class=\"blockG\" id=\"rotateG_07\"><\/div>\n\t\t\t\t<div class=\"blockG\" id=\"rotateG_08\"><\/div>\n\t\t\t<\/div>\n\t\t\t<div class=\"WooZone-cross-sell-loader-text\"><\/div>\n\t\t<\/div>\n\t<\/div>\n\n\t\t\n<\/div>\n<div style=\"clear:both;\"><\/div><\/p>\n","protected":false},"excerpt":{"rendered":"<p>Herren Batman-T-Shirt mit kurzem Arm: Besch\u00fctzer von Gotham City und einer der ikonischsten Superhelden aller Zeiten, Bruce Wayne aka Batman oder der Dark Knight, ist die Wachsamkeit auf einer Mission, gegen alles B\u00f6se zu k\u00e4mpfen. Besitzer von Wayne Enterprises und Gr\u00fcndungsmitglied der Justice League, Batman schl\u00e4gt Angst in die Herzen von Kriminellen \u00fcberall, motiviert durch den Mord seiner Eltern. Einer der kommerziell erfolgreichsten Superhelden aller Zeiten, Batman verf\u00fcgt stark in der Popkultur einschlie\u00dflich Comic-B\u00fccher, Filmver\u00f6ffentlichungen, TV-Serien und Videospiele.<br \/>\nIhr neues Lieblings-T-Shirt f\u00fcr den Alltag: Bunte Bilder trifft auf hochwertige Baumwolle in dem ganzj\u00e4hrigen Grafik-T-Shirt, auf das Ihr Schrank gewartet hat. Entwickelt, um die Distanz zu erreichen, ist dieser langlebige Schrank f\u00fcr stundenlangen atmungsaktiven Komfort konzipiert. Hier keine hohen Pflegehinweise Werfen Sie diese kleine Sch\u00f6nheit einfach in die Waschmaschine auf kalt und im Trockner oder h\u00e4ngen Sie sie trocken.<br \/>\nKlassisch und gem\u00fctlich: Haltbarkeit richtig gemacht. Mit verst\u00e4rkten Doppelnadeln\u00e4hten am Hals und Saum und hochwertiger Verarbeitung ist unser klassisches Hemd die n\u00e4chste Stufe Chill. Kombiniere dich an Turn-Tagen mit eingebrochenen Sweats, oder schiere es f\u00fcr einen Abend \u2013 wir k\u00fcmmern uns darum.<\/p>\n","protected":false},"featured_media":118096,"comment_status":"open","ping_status":"closed","template":"","meta":[],"product_brand":[],"product_cat":[1186,3960],"product_tag":[],"class_list":{"0":"post-118095","1":"product","2":"type-product","3":"status-publish","4":"has-post-thumbnail","6":"product_cat-bekleidung","7":"product_cat-herren","8":"pa_binding-textilien","9":"pa_brand-dc-comics","10":"pa_manufacturer-dc-comics","11":"pa_model-rgmts391","13":"first","14":"instock","15":"shipping-taxable","16":"purchasable","17":"product-type-simple","18":"customify-col","19":"product-has-gallery"},"yoast_head":"<!-- This site is optimized with the Yoast SEO plugin v27.3 - https:\/\/yoast.com\/product\/yoast-seo-wordpress\/ -->\n<title>DC Comics Herren Batman Dark T-Shirt - Markt-XXL<\/title>\n<meta name=\"description\" content=\"Markt-XXL DC Comics Herren Batman Dark T-Shirt\" \/>\n<meta name=\"robots\" content=\"index, follow, max-snippet:-1, max-image-preview:large, max-video-preview:-1\" \/>\n<link rel=\"canonical\" href=\"https:\/\/marktxxl.de\/markt\/produkt\/dc-comics-herren-batman-dark-t-shirt\/\" \/>\n<meta property=\"og:locale\" content=\"de_DE\" \/>\n<meta property=\"og:type\" content=\"article\" \/>\n<meta property=\"og:title\" content=\"DC Comics Herren Batman Dark T-Shirt - Markt-XXL\" \/>\n<meta property=\"og:description\" content=\"Markt-XXL DC Comics Herren Batman Dark T-Shirt\" \/>\n<meta property=\"og:url\" content=\"https:\/\/marktxxl.de\/markt\/produkt\/dc-comics-herren-batman-dark-t-shirt\/\" \/>\n<meta property=\"og:site_name\" content=\"Markt-XXL\" \/>\n<meta property=\"article:modified_time\" content=\"2023-04-11T01:47:36+00:00\" \/>\n<meta property=\"og:image\" content=\"https:\/\/m.media-amazon.com\/images\/I\/31l6bXsRQIS._SL500_.jpg\" \/>\n\t<meta property=\"og:image:width\" content=\"500\" \/>\n\t<meta property=\"og:image:height\" content=\"500\" \/>\n\t<meta property=\"og:image:type\" content=\"image\/jpeg\" \/>\n<meta name=\"twitter:card\" content=\"summary_large_image\" \/>\n<meta name=\"twitter:label1\" content=\"Gesch\u00e4tzte Lesezeit\" \/>\n\t<meta name=\"twitter:data1\" content=\"1\u00a0Minute\" \/>\n<script type=\"application\/ld+json\" class=\"yoast-schema-graph\">{\"@context\":\"https:\\\/\\\/schema.org\",\"@graph\":[{\"@type\":\"WebPage\",\"@id\":\"https:\\\/\\\/marktxxl.de\\\/markt\\\/produkt\\\/dc-comics-herren-batman-dark-t-shirt\\\/\",\"url\":\"https:\\\/\\\/marktxxl.de\\\/markt\\\/produkt\\\/dc-comics-herren-batman-dark-t-shirt\\\/\",\"name\":\"DC Comics Herren Batman Dark T-Shirt - Markt-XXL\",\"isPartOf\":{\"@id\":\"https:\\\/\\\/marktxxl.de\\\/markt\\\/#website\"},\"primaryImageOfPage\":{\"@id\":\"https:\\\/\\\/marktxxl.de\\\/markt\\\/produkt\\\/dc-comics-herren-batman-dark-t-shirt\\\/#primaryimage\"},\"image\":{\"@id\":\"https:\\\/\\\/marktxxl.de\\\/markt\\\/produkt\\\/dc-comics-herren-batman-dark-t-shirt\\\/#primaryimage\"},\"thumbnailUrl\":\"https:\\\/\\\/m.media-amazon.com\\\/images\\\/I\\\/31l6bXsRQIS._SL500_.jpg\",\"datePublished\":\"2022-05-14T23:52:05+00:00\",\"dateModified\":\"2023-04-11T01:47:36+00:00\",\"description\":\"Markt-XXL DC Comics Herren Batman Dark T-Shirt\",\"breadcrumb\":{\"@id\":\"https:\\\/\\\/marktxxl.de\\\/markt\\\/produkt\\\/dc-comics-herren-batman-dark-t-shirt\\\/#breadcrumb\"},\"inLanguage\":\"de\",\"potentialAction\":[{\"@type\":\"ReadAction\",\"target\":[\"https:\\\/\\\/marktxxl.de\\\/markt\\\/produkt\\\/dc-comics-herren-batman-dark-t-shirt\\\/\"]}]},{\"@type\":\"ImageObject\",\"inLanguage\":\"de\",\"@id\":\"https:\\\/\\\/marktxxl.de\\\/markt\\\/produkt\\\/dc-comics-herren-batman-dark-t-shirt\\\/#primaryimage\",\"url\":\"https:\\\/\\\/m.media-amazon.com\\\/images\\\/I\\\/31l6bXsRQIS._SL500_.jpg\",\"contentUrl\":\"https:\\\/\\\/m.media-amazon.com\\\/images\\\/I\\\/31l6bXsRQIS._SL500_.jpg\",\"width\":500,\"height\":500},{\"@type\":\"BreadcrumbList\",\"@id\":\"https:\\\/\\\/marktxxl.de\\\/markt\\\/produkt\\\/dc-comics-herren-batman-dark-t-shirt\\\/#breadcrumb\",\"itemListElement\":[{\"@type\":\"ListItem\",\"position\":1,\"name\":\"Startseite\",\"item\":\"https:\\\/\\\/marktxxl.de\\\/markt\\\/\"},{\"@type\":\"ListItem\",\"position\":2,\"name\":\"Markt\",\"item\":\"https:\\\/\\\/marktxxl.de\\\/markt\\\/\"},{\"@type\":\"ListItem\",\"position\":3,\"name\":\"DC Comics Herren Batman Dark T-Shirt\"}]},{\"@type\":\"WebSite\",\"@id\":\"https:\\\/\\\/marktxxl.de\\\/markt\\\/#website\",\"url\":\"https:\\\/\\\/marktxxl.de\\\/markt\\\/\",\"name\":\"Markt-XXL\",\"description\":\"Ihr Markt Online\",\"publisher\":{\"@id\":\"https:\\\/\\\/marktxxl.de\\\/markt\\\/#organization\"},\"potentialAction\":[{\"@type\":\"SearchAction\",\"target\":{\"@type\":\"EntryPoint\",\"urlTemplate\":\"https:\\\/\\\/marktxxl.de\\\/markt\\\/?s={search_term_string}\"},\"query-input\":{\"@type\":\"PropertyValueSpecification\",\"valueRequired\":true,\"valueName\":\"search_term_string\"}}],\"inLanguage\":\"de\"},{\"@type\":\"Organization\",\"@id\":\"https:\\\/\\\/marktxxl.de\\\/markt\\\/#organization\",\"name\":\"Markt-XXL\",\"url\":\"https:\\\/\\\/marktxxl.de\\\/markt\\\/\",\"logo\":{\"@type\":\"ImageObject\",\"inLanguage\":\"de\",\"@id\":\"https:\\\/\\\/marktxxl.de\\\/markt\\\/#\\\/schema\\\/logo\\\/image\\\/\",\"url\":\"https:\\\/\\\/marktxxl.de\\\/markt\\\/wp-content\\\/uploads\\\/sites\\\/3\\\/2020\\\/12\\\/logo.png\",\"contentUrl\":\"https:\\\/\\\/marktxxl.de\\\/markt\\\/wp-content\\\/uploads\\\/sites\\\/3\\\/2020\\\/12\\\/logo.png\",\"width\":200,\"height\":70,\"caption\":\"Markt-XXL\"},\"image\":{\"@id\":\"https:\\\/\\\/marktxxl.de\\\/markt\\\/#\\\/schema\\\/logo\\\/image\\\/\"}}]}<\/script>\n<!-- \/ Yoast SEO plugin. -->","yoast_head_json":{"title":"DC Comics Herren Batman Dark T-Shirt - Markt-XXL","description":"Markt-XXL DC Comics Herren Batman Dark T-Shirt","robots":{"index":"index","follow":"follow","max-snippet":"max-snippet:-1","max-image-preview":"max-image-preview:large","max-video-preview":"max-video-preview:-1"},"canonical":"https:\/\/marktxxl.de\/markt\/produkt\/dc-comics-herren-batman-dark-t-shirt\/","og_locale":"de_DE","og_type":"article","og_title":"DC Comics Herren Batman Dark T-Shirt - Markt-XXL","og_description":"Markt-XXL DC Comics Herren Batman Dark T-Shirt","og_url":"https:\/\/marktxxl.de\/markt\/produkt\/dc-comics-herren-batman-dark-t-shirt\/","og_site_name":"Markt-XXL","article_modified_time":"2023-04-11T01:47:36+00:00","og_image":[{"width":500,"height":500,"url":"https:\/\/m.media-amazon.com\/images\/I\/31l6bXsRQIS._SL500_.jpg","type":"image\/jpeg"}],"twitter_card":"summary_large_image","twitter_misc":{"Gesch\u00e4tzte Lesezeit":"1\u00a0Minute"},"schema":{"@context":"https:\/\/schema.org","@graph":[{"@type":"WebPage","@id":"https:\/\/marktxxl.de\/markt\/produkt\/dc-comics-herren-batman-dark-t-shirt\/","url":"https:\/\/marktxxl.de\/markt\/produkt\/dc-comics-herren-batman-dark-t-shirt\/","name":"DC Comics Herren Batman Dark T-Shirt - Markt-XXL","isPartOf":{"@id":"https:\/\/marktxxl.de\/markt\/#website"},"primaryImageOfPage":{"@id":"https:\/\/marktxxl.de\/markt\/produkt\/dc-comics-herren-batman-dark-t-shirt\/#primaryimage"},"image":{"@id":"https:\/\/marktxxl.de\/markt\/produkt\/dc-comics-herren-batman-dark-t-shirt\/#primaryimage"},"thumbnailUrl":"https:\/\/m.media-amazon.com\/images\/I\/31l6bXsRQIS._SL500_.jpg","datePublished":"2022-05-14T23:52:05+00:00","dateModified":"2023-04-11T01:47:36+00:00","description":"Markt-XXL DC Comics Herren Batman Dark T-Shirt","breadcrumb":{"@id":"https:\/\/marktxxl.de\/markt\/produkt\/dc-comics-herren-batman-dark-t-shirt\/#breadcrumb"},"inLanguage":"de","potentialAction":[{"@type":"ReadAction","target":["https:\/\/marktxxl.de\/markt\/produkt\/dc-comics-herren-batman-dark-t-shirt\/"]}]},{"@type":"ImageObject","inLanguage":"de","@id":"https:\/\/marktxxl.de\/markt\/produkt\/dc-comics-herren-batman-dark-t-shirt\/#primaryimage","url":"https:\/\/m.media-amazon.com\/images\/I\/31l6bXsRQIS._SL500_.jpg","contentUrl":"https:\/\/m.media-amazon.com\/images\/I\/31l6bXsRQIS._SL500_.jpg","width":500,"height":500},{"@type":"BreadcrumbList","@id":"https:\/\/marktxxl.de\/markt\/produkt\/dc-comics-herren-batman-dark-t-shirt\/#breadcrumb","itemListElement":[{"@type":"ListItem","position":1,"name":"Startseite","item":"https:\/\/marktxxl.de\/markt\/"},{"@type":"ListItem","position":2,"name":"Markt","item":"https:\/\/marktxxl.de\/markt\/"},{"@type":"ListItem","position":3,"name":"DC Comics Herren Batman Dark T-Shirt"}]},{"@type":"WebSite","@id":"https:\/\/marktxxl.de\/markt\/#website","url":"https:\/\/marktxxl.de\/markt\/","name":"Markt-XXL","description":"Ihr Markt Online","publisher":{"@id":"https:\/\/marktxxl.de\/markt\/#organization"},"potentialAction":[{"@type":"SearchAction","target":{"@type":"EntryPoint","urlTemplate":"https:\/\/marktxxl.de\/markt\/?s={search_term_string}"},"query-input":{"@type":"PropertyValueSpecification","valueRequired":true,"valueName":"search_term_string"}}],"inLanguage":"de"},{"@type":"Organization","@id":"https:\/\/marktxxl.de\/markt\/#organization","name":"Markt-XXL","url":"https:\/\/marktxxl.de\/markt\/","logo":{"@type":"ImageObject","inLanguage":"de","@id":"https:\/\/marktxxl.de\/markt\/#\/schema\/logo\/image\/","url":"https:\/\/marktxxl.de\/markt\/wp-content\/uploads\/sites\/3\/2020\/12\/logo.png","contentUrl":"https:\/\/marktxxl.de\/markt\/wp-content\/uploads\/sites\/3\/2020\/12\/logo.png","width":200,"height":70,"caption":"Markt-XXL"},"image":{"@id":"https:\/\/marktxxl.de\/markt\/#\/schema\/logo\/image\/"}}]}},"_links":{"self":[{"href":"https:\/\/marktxxl.de\/markt\/wp-json\/wp\/v2\/product\/118095","targetHints":{"allow":["GET"]}}],"collection":[{"href":"https:\/\/marktxxl.de\/markt\/wp-json\/wp\/v2\/product"}],"about":[{"href":"https:\/\/marktxxl.de\/markt\/wp-json\/wp\/v2\/types\/product"}],"replies":[{"embeddable":true,"href":"https:\/\/marktxxl.de\/markt\/wp-json\/wp\/v2\/comments?post=118095"}],"wp:featuredmedia":[{"embeddable":true,"href":"https:\/\/marktxxl.de\/markt\/wp-json\/wp\/v2\/media\/118096"}],"wp:attachment":[{"href":"https:\/\/marktxxl.de\/markt\/wp-json\/wp\/v2\/media?parent=118095"}],"wp:term":[{"taxonomy":"product_brand","embeddable":true,"href":"https:\/\/marktxxl.de\/markt\/wp-json\/wp\/v2\/product_brand?post=118095"},{"taxonomy":"product_cat","embeddable":true,"href":"https:\/\/marktxxl.de\/markt\/wp-json\/wp\/v2\/product_cat?post=118095"},{"taxonomy":"product_tag","embeddable":true,"href":"https:\/\/marktxxl.de\/markt\/wp-json\/wp\/v2\/product_tag?post=118095"}],"curies":[{"name":"wp","href":"https:\/\/api.w.org\/{rel}","templated":true}]}}