{"id":118054,"date":"2022-05-15T01:49:22","date_gmt":"2022-05-14T23:49:22","guid":{"rendered":"https:\/\/marktxxl.de\/markt\/produkt\/rainbow-socks-damen-herren-lustige-hamburger-socken-box-2-paar\/"},"modified":"2023-04-11T03:47:36","modified_gmt":"2023-04-11T01:47:36","slug":"rainbow-socks-damen-herren-lustige-hamburger-socken-box-2-paar","status":"publish","type":"product","link":"https:\/\/marktxxl.de\/markt\/produkt\/rainbow-socks-damen-herren-lustige-hamburger-socken-box-2-paar\/","title":{"rendered":"Rainbow Socks &#8211; Damen Herren Lustige Hamburger Socken Box &#8211; 2 Paar"},"content":{"rendered":"<p>M\u00d6CHTE JEMAND EINEN SOCKENBURGER? \u2013 Medium rare, blue oder vielleicht well done? Wenn du das verstehst, hei\u00dft das, dass die Hamburger-Socken das Richtige f\u00fcr dich sind. Burger Socks Box sind eine au\u00dfergew\u00f6hnliche Verbindung vom beliebtesten Gericht der Welt und bunten lustigen Socken. Das Set besteht aus zwei Paare Socken, die einem Burger \u00e4hneln. Das Ganze ist in eine Verpackung gelegt, als ob du ihn in einem echten Restaurant oder in bekommen w\u00fcrdest. \u00dcberraschungseffekt garantiert! \ud83d\ude00<br \/>\n\u00dcBERRASCHUNGSGESCHENK! \u2013 Hast du einen Freund, der Burger liebt? Dein Partner oder ein Familienmitglied kann sich keine Woche ohne diesen Leckerbissen vorstellen? \u00dcberrasche sie und schenke ihnen einen Burger von Rainbow Socks! Die Verpackung verr\u00e4t nicht den echten Inhalt, also l\u00f6st dein Hamburger-Witz viel Lachen und Spa\u00df aus. Der Beschenkte bekommt, au\u00dfer dem Wow-Effekt 2 Paar au\u00dfergew\u00f6hnliche Socken.<br \/>\nZUTATEN HOHER QUALIT\u00c4T \u2013 Tomaten, Zwiebel, Gurken, K\u00e4se, Rucola, So\u00dfen, Br\u00f6tchen und vor allem saftiges Rindfleisch wurden auf den Socken aus gek\u00e4mmter Baumwolle hoher Qualit\u00e4t eingen\u00e4ht. Das Garn, das wir zur Produktion benutzen, hat das Zertifikat OEKO-TEX, das ein weltweites Zeichen der hohen Qualit\u00e4t von Textilwaren ist. Deshalb ist unser Burger nicht nur ein lustiges Gadget, sondern das sind auch Socken bester Qualit\u00e4t &#8211; sicher und bequem f\u00fcr die F\u00fc\u00dfe.<br \/>\nBUNTE SOCKEN \u2013 Lustige verr\u00fcckte Socken sind jetzt \u201ein\u201d, besonders diese mit Muster! Unsere Socken bieten eine breite Palette von Farben und ein einzigartiges Muster an, das sowohl zu Sneakers-Schuhen und Jeans, als auch zu eleganten Schuhen und zum Anzug passt. Je nach Laune kann man sie paarweise oder gemischt tragen. Sie reichen bis zur H\u00e4lfte der Wade, man tr\u00e4gt sie komfortabel den ganzen Tag lang. Sie sind f\u00fcr Frauen und M\u00e4nner zug\u00e4nglich, in zwei Gr\u00f6\u00dfen: UE 36-40, UE 41-46 und UE 47-50.<br \/>\nEUROP\u00c4ISCHE MARKE UND PRODUKTION \u2013 Alle leckeren Bestandteile von unserem Burger Socks Box wurden in Europa hergestellt. Unser Familienunternehmen besch\u00e4ftigt sich mit Sockenproduktion schon seit drei Generationen. Dank der Erfahrung und Leidenschaft schaffen wir au\u00dfergew\u00f6hnliche und originelle Werke. Wir glauben daran, dass die Kreativit\u00e4t im Bereich Socken keine Grenzen kennt. Schlag noch andere Produkte unserer Marke Rainbow Socks nach!<br \/>\n<div class=\"main-cross-sell\" data-asin=\"B07W61WY5Z\">\n\n\t<div class=\"WooZone-cross-sell-loader\">\n\t\t<div>\n\t\t\t<div id=\"floatingBarsG\">\n\t\t\t\t<div class=\"blockG\" id=\"rotateG_01\"><\/div>\n\t\t\t\t<div class=\"blockG\" id=\"rotateG_02\"><\/div>\n\t\t\t\t<div class=\"blockG\" id=\"rotateG_03\"><\/div>\n\t\t\t\t<div class=\"blockG\" id=\"rotateG_04\"><\/div>\n\t\t\t\t<div class=\"blockG\" id=\"rotateG_05\"><\/div>\n\t\t\t\t<div class=\"blockG\" id=\"rotateG_06\"><\/div>\n\t\t\t\t<div class=\"blockG\" id=\"rotateG_07\"><\/div>\n\t\t\t\t<div class=\"blockG\" id=\"rotateG_08\"><\/div>\n\t\t\t<\/div>\n\t\t\t<div class=\"WooZone-cross-sell-loader-text\"><\/div>\n\t\t<\/div>\n\t<\/div>\n\n\t\t\n<\/div>\n<div style=\"clear:both;\"><\/div><\/p>\n","protected":false},"excerpt":{"rendered":"<p>M\u00d6CHTE JEMAND EINEN SOCKENBURGER? \u2013 Medium rare, blue oder vielleicht well done? Wenn du das verstehst, hei\u00dft das, dass die Hamburger-Socken das Richtige f\u00fcr dich sind. Burger Socks Box sind eine au\u00dfergew\u00f6hnliche Verbindung vom beliebtesten Gericht der Welt und bunten lustigen Socken. Das Set besteht aus zwei Paare Socken, die einem Burger \u00e4hneln. Das Ganze ist in eine Verpackung gelegt, als ob du ihn in einem echten Restaurant oder in bekommen w\u00fcrdest. \u00dcberraschungseffekt garantiert! \ud83d\ude00<br \/>\n\u00dcBERRASCHUNGSGESCHENK! \u2013 Hast du einen Freund, der Burger liebt? Dein Partner oder ein Familienmitglied kann sich keine Woche ohne diesen Leckerbissen vorstellen? \u00dcberrasche sie und schenke ihnen einen Burger von Rainbow Socks! Die Verpackung verr\u00e4t nicht den echten Inhalt, also l\u00f6st dein Hamburger-Witz viel Lachen und Spa\u00df aus. Der Beschenkte bekommt, au\u00dfer dem Wow-Effekt 2 Paar au\u00dfergew\u00f6hnliche Socken.<br \/>\nZUTATEN HOHER QUALIT\u00c4T \u2013 Tomaten, Zwiebel, Gurken, K\u00e4se, Rucola, So\u00dfen, Br\u00f6tchen und vor allem saftiges Rindfleisch wurden auf den Socken aus gek\u00e4mmter Baumwolle hoher Qualit\u00e4t eingen\u00e4ht. Das Garn, das wir zur Produktion benutzen, hat das Zertifikat OEKO-TEX, das ein weltweites Zeichen der hohen Qualit\u00e4t von Textilwaren ist. Deshalb ist unser Burger nicht nur ein lustiges Gadget, sondern das sind auch Socken bester Qualit\u00e4t &#8211; sicher und bequem f\u00fcr die F\u00fc\u00dfe.<\/p>\n","protected":false},"featured_media":118055,"comment_status":"open","ping_status":"closed","template":"","meta":[],"product_brand":[],"product_cat":[1186,3920],"product_tag":[],"class_list":{"0":"post-118054","1":"product","2":"type-product","3":"status-publish","4":"has-post-thumbnail","6":"product_cat-bekleidung","7":"product_cat-damen","8":"pa_brand-rainbow-socks","10":"first","11":"instock","12":"shipping-taxable","13":"purchasable","14":"product-type-simple","15":"customify-col","16":"product-has-gallery"},"yoast_head":"<!-- This site is optimized with the Yoast SEO plugin v27.3 - https:\/\/yoast.com\/product\/yoast-seo-wordpress\/ -->\n<title>Rainbow Socks - Damen Herren Lustige Hamburger Socken Box - 2 Paar - Markt-XXL<\/title>\n<meta name=\"description\" content=\"Markt-XXL Rainbow Socks - Damen Herren Lustige Hamburger Socken Box - 2 Paar\" \/>\n<meta name=\"robots\" content=\"index, follow, max-snippet:-1, max-image-preview:large, max-video-preview:-1\" \/>\n<link rel=\"canonical\" href=\"https:\/\/marktxxl.de\/markt\/produkt\/rainbow-socks-damen-herren-lustige-hamburger-socken-box-2-paar\/\" \/>\n<meta property=\"og:locale\" content=\"de_DE\" \/>\n<meta property=\"og:type\" content=\"article\" \/>\n<meta property=\"og:title\" content=\"Rainbow Socks - Damen Herren Lustige Hamburger Socken Box - 2 Paar - Markt-XXL\" \/>\n<meta property=\"og:description\" content=\"Markt-XXL Rainbow Socks - Damen Herren Lustige Hamburger Socken Box - 2 Paar\" \/>\n<meta property=\"og:url\" content=\"https:\/\/marktxxl.de\/markt\/produkt\/rainbow-socks-damen-herren-lustige-hamburger-socken-box-2-paar\/\" \/>\n<meta property=\"og:site_name\" content=\"Markt-XXL\" \/>\n<meta property=\"article:modified_time\" content=\"2023-04-11T01:47:36+00:00\" \/>\n<meta property=\"og:image\" content=\"https:\/\/m.media-amazon.com\/images\/I\/61QlzOLkQ-L._SL500_.jpg\" \/>\n\t<meta property=\"og:image:width\" content=\"500\" \/>\n\t<meta property=\"og:image:height\" content=\"500\" \/>\n\t<meta property=\"og:image:type\" content=\"image\/jpeg\" \/>\n<meta name=\"twitter:card\" content=\"summary_large_image\" \/>\n<meta name=\"twitter:label1\" content=\"Gesch\u00e4tzte Lesezeit\" \/>\n\t<meta name=\"twitter:data1\" content=\"2\u00a0Minuten\" \/>\n<script type=\"application\/ld+json\" class=\"yoast-schema-graph\">{\"@context\":\"https:\\\/\\\/schema.org\",\"@graph\":[{\"@type\":\"WebPage\",\"@id\":\"https:\\\/\\\/marktxxl.de\\\/markt\\\/produkt\\\/rainbow-socks-damen-herren-lustige-hamburger-socken-box-2-paar\\\/\",\"url\":\"https:\\\/\\\/marktxxl.de\\\/markt\\\/produkt\\\/rainbow-socks-damen-herren-lustige-hamburger-socken-box-2-paar\\\/\",\"name\":\"Rainbow Socks - Damen Herren Lustige Hamburger Socken Box - 2 Paar - Markt-XXL\",\"isPartOf\":{\"@id\":\"https:\\\/\\\/marktxxl.de\\\/markt\\\/#website\"},\"primaryImageOfPage\":{\"@id\":\"https:\\\/\\\/marktxxl.de\\\/markt\\\/produkt\\\/rainbow-socks-damen-herren-lustige-hamburger-socken-box-2-paar\\\/#primaryimage\"},\"image\":{\"@id\":\"https:\\\/\\\/marktxxl.de\\\/markt\\\/produkt\\\/rainbow-socks-damen-herren-lustige-hamburger-socken-box-2-paar\\\/#primaryimage\"},\"thumbnailUrl\":\"https:\\\/\\\/m.media-amazon.com\\\/images\\\/I\\\/61QlzOLkQ-L._SL500_.jpg\",\"datePublished\":\"2022-05-14T23:49:22+00:00\",\"dateModified\":\"2023-04-11T01:47:36+00:00\",\"description\":\"Markt-XXL Rainbow Socks - Damen Herren Lustige Hamburger Socken Box - 2 Paar\",\"breadcrumb\":{\"@id\":\"https:\\\/\\\/marktxxl.de\\\/markt\\\/produkt\\\/rainbow-socks-damen-herren-lustige-hamburger-socken-box-2-paar\\\/#breadcrumb\"},\"inLanguage\":\"de\",\"potentialAction\":[{\"@type\":\"ReadAction\",\"target\":[\"https:\\\/\\\/marktxxl.de\\\/markt\\\/produkt\\\/rainbow-socks-damen-herren-lustige-hamburger-socken-box-2-paar\\\/\"]}]},{\"@type\":\"ImageObject\",\"inLanguage\":\"de\",\"@id\":\"https:\\\/\\\/marktxxl.de\\\/markt\\\/produkt\\\/rainbow-socks-damen-herren-lustige-hamburger-socken-box-2-paar\\\/#primaryimage\",\"url\":\"https:\\\/\\\/m.media-amazon.com\\\/images\\\/I\\\/61QlzOLkQ-L._SL500_.jpg\",\"contentUrl\":\"https:\\\/\\\/m.media-amazon.com\\\/images\\\/I\\\/61QlzOLkQ-L._SL500_.jpg\",\"width\":500,\"height\":500},{\"@type\":\"BreadcrumbList\",\"@id\":\"https:\\\/\\\/marktxxl.de\\\/markt\\\/produkt\\\/rainbow-socks-damen-herren-lustige-hamburger-socken-box-2-paar\\\/#breadcrumb\",\"itemListElement\":[{\"@type\":\"ListItem\",\"position\":1,\"name\":\"Startseite\",\"item\":\"https:\\\/\\\/marktxxl.de\\\/markt\\\/\"},{\"@type\":\"ListItem\",\"position\":2,\"name\":\"Markt\",\"item\":\"https:\\\/\\\/marktxxl.de\\\/markt\\\/\"},{\"@type\":\"ListItem\",\"position\":3,\"name\":\"Rainbow Socks &#8211; Damen Herren Lustige Hamburger Socken Box &#8211; 2 Paar\"}]},{\"@type\":\"WebSite\",\"@id\":\"https:\\\/\\\/marktxxl.de\\\/markt\\\/#website\",\"url\":\"https:\\\/\\\/marktxxl.de\\\/markt\\\/\",\"name\":\"Markt-XXL\",\"description\":\"Ihr Markt Online\",\"publisher\":{\"@id\":\"https:\\\/\\\/marktxxl.de\\\/markt\\\/#organization\"},\"potentialAction\":[{\"@type\":\"SearchAction\",\"target\":{\"@type\":\"EntryPoint\",\"urlTemplate\":\"https:\\\/\\\/marktxxl.de\\\/markt\\\/?s={search_term_string}\"},\"query-input\":{\"@type\":\"PropertyValueSpecification\",\"valueRequired\":true,\"valueName\":\"search_term_string\"}}],\"inLanguage\":\"de\"},{\"@type\":\"Organization\",\"@id\":\"https:\\\/\\\/marktxxl.de\\\/markt\\\/#organization\",\"name\":\"Markt-XXL\",\"url\":\"https:\\\/\\\/marktxxl.de\\\/markt\\\/\",\"logo\":{\"@type\":\"ImageObject\",\"inLanguage\":\"de\",\"@id\":\"https:\\\/\\\/marktxxl.de\\\/markt\\\/#\\\/schema\\\/logo\\\/image\\\/\",\"url\":\"https:\\\/\\\/marktxxl.de\\\/markt\\\/wp-content\\\/uploads\\\/sites\\\/3\\\/2020\\\/12\\\/logo.png\",\"contentUrl\":\"https:\\\/\\\/marktxxl.de\\\/markt\\\/wp-content\\\/uploads\\\/sites\\\/3\\\/2020\\\/12\\\/logo.png\",\"width\":200,\"height\":70,\"caption\":\"Markt-XXL\"},\"image\":{\"@id\":\"https:\\\/\\\/marktxxl.de\\\/markt\\\/#\\\/schema\\\/logo\\\/image\\\/\"}}]}<\/script>\n<!-- \/ Yoast SEO plugin. -->","yoast_head_json":{"title":"Rainbow Socks - Damen Herren Lustige Hamburger Socken Box - 2 Paar - Markt-XXL","description":"Markt-XXL Rainbow Socks - Damen Herren Lustige Hamburger Socken Box - 2 Paar","robots":{"index":"index","follow":"follow","max-snippet":"max-snippet:-1","max-image-preview":"max-image-preview:large","max-video-preview":"max-video-preview:-1"},"canonical":"https:\/\/marktxxl.de\/markt\/produkt\/rainbow-socks-damen-herren-lustige-hamburger-socken-box-2-paar\/","og_locale":"de_DE","og_type":"article","og_title":"Rainbow Socks - Damen Herren Lustige Hamburger Socken Box - 2 Paar - Markt-XXL","og_description":"Markt-XXL Rainbow Socks - Damen Herren Lustige Hamburger Socken Box - 2 Paar","og_url":"https:\/\/marktxxl.de\/markt\/produkt\/rainbow-socks-damen-herren-lustige-hamburger-socken-box-2-paar\/","og_site_name":"Markt-XXL","article_modified_time":"2023-04-11T01:47:36+00:00","og_image":[{"width":500,"height":500,"url":"https:\/\/m.media-amazon.com\/images\/I\/61QlzOLkQ-L._SL500_.jpg","type":"image\/jpeg"}],"twitter_card":"summary_large_image","twitter_misc":{"Gesch\u00e4tzte Lesezeit":"2\u00a0Minuten"},"schema":{"@context":"https:\/\/schema.org","@graph":[{"@type":"WebPage","@id":"https:\/\/marktxxl.de\/markt\/produkt\/rainbow-socks-damen-herren-lustige-hamburger-socken-box-2-paar\/","url":"https:\/\/marktxxl.de\/markt\/produkt\/rainbow-socks-damen-herren-lustige-hamburger-socken-box-2-paar\/","name":"Rainbow Socks - Damen Herren Lustige Hamburger Socken Box - 2 Paar - Markt-XXL","isPartOf":{"@id":"https:\/\/marktxxl.de\/markt\/#website"},"primaryImageOfPage":{"@id":"https:\/\/marktxxl.de\/markt\/produkt\/rainbow-socks-damen-herren-lustige-hamburger-socken-box-2-paar\/#primaryimage"},"image":{"@id":"https:\/\/marktxxl.de\/markt\/produkt\/rainbow-socks-damen-herren-lustige-hamburger-socken-box-2-paar\/#primaryimage"},"thumbnailUrl":"https:\/\/m.media-amazon.com\/images\/I\/61QlzOLkQ-L._SL500_.jpg","datePublished":"2022-05-14T23:49:22+00:00","dateModified":"2023-04-11T01:47:36+00:00","description":"Markt-XXL Rainbow Socks - Damen Herren Lustige Hamburger Socken Box - 2 Paar","breadcrumb":{"@id":"https:\/\/marktxxl.de\/markt\/produkt\/rainbow-socks-damen-herren-lustige-hamburger-socken-box-2-paar\/#breadcrumb"},"inLanguage":"de","potentialAction":[{"@type":"ReadAction","target":["https:\/\/marktxxl.de\/markt\/produkt\/rainbow-socks-damen-herren-lustige-hamburger-socken-box-2-paar\/"]}]},{"@type":"ImageObject","inLanguage":"de","@id":"https:\/\/marktxxl.de\/markt\/produkt\/rainbow-socks-damen-herren-lustige-hamburger-socken-box-2-paar\/#primaryimage","url":"https:\/\/m.media-amazon.com\/images\/I\/61QlzOLkQ-L._SL500_.jpg","contentUrl":"https:\/\/m.media-amazon.com\/images\/I\/61QlzOLkQ-L._SL500_.jpg","width":500,"height":500},{"@type":"BreadcrumbList","@id":"https:\/\/marktxxl.de\/markt\/produkt\/rainbow-socks-damen-herren-lustige-hamburger-socken-box-2-paar\/#breadcrumb","itemListElement":[{"@type":"ListItem","position":1,"name":"Startseite","item":"https:\/\/marktxxl.de\/markt\/"},{"@type":"ListItem","position":2,"name":"Markt","item":"https:\/\/marktxxl.de\/markt\/"},{"@type":"ListItem","position":3,"name":"Rainbow Socks &#8211; Damen Herren Lustige Hamburger Socken Box &#8211; 2 Paar"}]},{"@type":"WebSite","@id":"https:\/\/marktxxl.de\/markt\/#website","url":"https:\/\/marktxxl.de\/markt\/","name":"Markt-XXL","description":"Ihr Markt Online","publisher":{"@id":"https:\/\/marktxxl.de\/markt\/#organization"},"potentialAction":[{"@type":"SearchAction","target":{"@type":"EntryPoint","urlTemplate":"https:\/\/marktxxl.de\/markt\/?s={search_term_string}"},"query-input":{"@type":"PropertyValueSpecification","valueRequired":true,"valueName":"search_term_string"}}],"inLanguage":"de"},{"@type":"Organization","@id":"https:\/\/marktxxl.de\/markt\/#organization","name":"Markt-XXL","url":"https:\/\/marktxxl.de\/markt\/","logo":{"@type":"ImageObject","inLanguage":"de","@id":"https:\/\/marktxxl.de\/markt\/#\/schema\/logo\/image\/","url":"https:\/\/marktxxl.de\/markt\/wp-content\/uploads\/sites\/3\/2020\/12\/logo.png","contentUrl":"https:\/\/marktxxl.de\/markt\/wp-content\/uploads\/sites\/3\/2020\/12\/logo.png","width":200,"height":70,"caption":"Markt-XXL"},"image":{"@id":"https:\/\/marktxxl.de\/markt\/#\/schema\/logo\/image\/"}}]}},"_links":{"self":[{"href":"https:\/\/marktxxl.de\/markt\/wp-json\/wp\/v2\/product\/118054","targetHints":{"allow":["GET"]}}],"collection":[{"href":"https:\/\/marktxxl.de\/markt\/wp-json\/wp\/v2\/product"}],"about":[{"href":"https:\/\/marktxxl.de\/markt\/wp-json\/wp\/v2\/types\/product"}],"replies":[{"embeddable":true,"href":"https:\/\/marktxxl.de\/markt\/wp-json\/wp\/v2\/comments?post=118054"}],"wp:featuredmedia":[{"embeddable":true,"href":"https:\/\/marktxxl.de\/markt\/wp-json\/wp\/v2\/media\/118055"}],"wp:attachment":[{"href":"https:\/\/marktxxl.de\/markt\/wp-json\/wp\/v2\/media?parent=118054"}],"wp:term":[{"taxonomy":"product_brand","embeddable":true,"href":"https:\/\/marktxxl.de\/markt\/wp-json\/wp\/v2\/product_brand?post=118054"},{"taxonomy":"product_cat","embeddable":true,"href":"https:\/\/marktxxl.de\/markt\/wp-json\/wp\/v2\/product_cat?post=118054"},{"taxonomy":"product_tag","embeddable":true,"href":"https:\/\/marktxxl.de\/markt\/wp-json\/wp\/v2\/product_tag?post=118054"}],"curies":[{"name":"wp","href":"https:\/\/api.w.org\/{rel}","templated":true}]}}