{"id":118023,"date":"2022-05-15T01:46:39","date_gmt":"2022-05-14T23:46:39","guid":{"rendered":"https:\/\/marktxxl.de\/markt\/produkt\/harry-potter-winter-socken-1-paar-kuschelsocken-flauschige-damen-maedchen-herren-hausschuhsocken-mit-rutschfester-abs-sohle-und-flauschigem-sherpa-futter-warm-kuschelig-thermosocken-groesse-36-4\/"},"modified":"2023-04-11T03:46:16","modified_gmt":"2023-04-11T01:46:16","slug":"harry-potter-winter-socken-1-paar-kuschelsocken-flauschige-damen-maedchen-herren-hausschuhsocken-mit-rutschfester-abs-sohle-und-flauschigem-sherpa-futter-warm-kuschelig-thermosocken-groesse-36-4","status":"publish","type":"product","link":"https:\/\/marktxxl.de\/markt\/produkt\/harry-potter-winter-socken-1-paar-kuschelsocken-flauschige-damen-maedchen-herren-hausschuhsocken-mit-rutschfester-abs-sohle-und-flauschigem-sherpa-futter-warm-kuschelig-thermosocken-groesse-36-4\/","title":{"rendered":"Harry Potter Winter Socken &#8211; 1 Paar Kuschelsocken Flauschige &#8211; Damen M\u00e4dchen Herren Hausschuhsocken mit Rutschfester ABS\u2026"},"content":{"rendered":"<p>\u2714 WARM UND AUSSEN RUTSCHSICHER &#8212; Alle die st\u00e4ndig kalte F\u00fc\u00dfe haben sollten etwas dagegen tu. Diese dick gestrickte Winterjacke ist durch ihren hohen sherpa anteil sehr angenehm zu tragen und mit einer rutsch festen. Sie k\u00f6nnen unsere Socken als Geburtstags- und Weihnachtsgeschenk w\u00e4hlen, um Dankbarkeit und Sorge f\u00fcr Ihre Mutter, Freundin, Tochter, Frau auszudr\u00fccken.<br \/>\n\u2714 HARRY POTTER ZUBEH\u00d6R &#8212; Harry Potter Official Gryffindor Damen Socken Winter Der Markenname: Harry Potter Qualit\u00e4tsprodukt Ideal als Geschenk von Warner Bros Entertainment Studios.<br \/>\n\u2714 MIT FLAUSCHIGEM SHERPA-FUTTER &#8212; die kuschelig weiche Socke mit extra sherpa angerauter Innenseite Sie warm halten. Originelle Geschenkideen f\u00fcr M\u00e4nner und Frauen<br \/>\n\ud83c\udf31 PRIME QUALIT\u00c4T &#8212; Jedes Paar Socken Damen ist mit den besten Materialien hergestellt, um eine dauerhafte Verwendung zu gew\u00e4hrleisten und um mehrere W\u00e4schen zu \u00fcberstehen, ohne seinen Charme zu verlieren, um eine dauerhafte Verwendung zu gew\u00e4hrleisten.<br \/>\n\ud83c\udf81 PERFEKTES HARRY POTTER GESCHENK &#8212; Eine wundersch\u00f6ne Geschenkidee f\u00fcr Frauen. Diese Dicken Wintersocken halten super warm und sind angenehm zu tragen. Wir lieben die Gryffindor Farben. Harry Potter Fans, Kinder oder Erwachsene werden diesen Entwurf lieben. Ein tolles Geschenk f\u00fcr einen Geburtstag oder Weihnachten.<br \/>\n<div class=\"main-cross-sell\" data-asin=\"B07ZVXCJ2Z\">\n\n\t<div class=\"WooZone-cross-sell-loader\">\n\t\t<div>\n\t\t\t<div id=\"floatingBarsG\">\n\t\t\t\t<div class=\"blockG\" id=\"rotateG_01\"><\/div>\n\t\t\t\t<div class=\"blockG\" id=\"rotateG_02\"><\/div>\n\t\t\t\t<div class=\"blockG\" id=\"rotateG_03\"><\/div>\n\t\t\t\t<div class=\"blockG\" id=\"rotateG_04\"><\/div>\n\t\t\t\t<div class=\"blockG\" id=\"rotateG_05\"><\/div>\n\t\t\t\t<div class=\"blockG\" id=\"rotateG_06\"><\/div>\n\t\t\t\t<div class=\"blockG\" id=\"rotateG_07\"><\/div>\n\t\t\t\t<div class=\"blockG\" id=\"rotateG_08\"><\/div>\n\t\t\t<\/div>\n\t\t\t<div class=\"WooZone-cross-sell-loader-text\"><\/div>\n\t\t<\/div>\n\t<\/div>\n\n\t\t\n<\/div>\n<div style=\"clear:both;\"><\/div><\/p>\n","protected":false},"excerpt":{"rendered":"<p>\u2714 WARM UND AUSSEN RUTSCHSICHER &#8212; Alle die st\u00e4ndig kalte F\u00fc\u00dfe haben sollten etwas dagegen tu. Diese dick gestrickte Winterjacke ist durch ihren hohen sherpa anteil sehr angenehm zu tragen und mit einer rutsch festen. Sie k\u00f6nnen unsere Socken als Geburtstags- und Weihnachtsgeschenk w\u00e4hlen, um Dankbarkeit und Sorge f\u00fcr Ihre Mutter, Freundin, Tochter, Frau auszudr\u00fccken.<br \/>\n\u2714 HARRY POTTER ZUBEH\u00d6R &#8212; Harry Potter Official Gryffindor Damen Socken Winter Der Markenname: Harry Potter Qualit\u00e4tsprodukt Ideal als Geschenk von Warner Bros Entertainment Studios.<br \/>\n\u2714 MIT FLAUSCHIGEM SHERPA-FUTTER &#8212; die kuschelig weiche Socke mit extra sherpa angerauter Innenseite Sie warm halten. Originelle Geschenkideen f\u00fcr M\u00e4nner und Frauen<\/p>\n","protected":false},"featured_media":118024,"comment_status":"open","ping_status":"closed","template":"","meta":[],"product_brand":[],"product_cat":[1186,3920],"product_tag":[],"class_list":{"0":"post-118023","1":"product","2":"type-product","3":"status-publish","4":"has-post-thumbnail","6":"product_cat-bekleidung","7":"product_cat-damen","8":"pa_binding-textilien","9":"pa_brand-artesenia-cerda","10":"pa_color-orange","11":"pa_model-socken","12":"pa_size-einheitsgroesse","14":"first","15":"instock","16":"shipping-taxable","17":"purchasable","18":"product-type-simple","19":"customify-col","20":"product-has-gallery"},"yoast_head":"<!-- This site is optimized with the Yoast SEO plugin v27.4 - https:\/\/yoast.com\/product\/yoast-seo-wordpress\/ -->\n<title>Harry Potter Winter Socken - 1 Paar Kuschelsocken Flauschige - Damen M\u00e4dchen Herren Hausschuhsocken mit Rutschfester ABS\u2026 - Markt-XXL<\/title>\n<meta name=\"description\" content=\"Markt-XXL Harry Potter Winter Socken - 1 Paar Kuschelsocken Flauschige - Damen M\u00e4dchen Herren Hausschuhsocken mit Rutschfester ABS\u2026\" \/>\n<meta name=\"robots\" content=\"index, follow, max-snippet:-1, max-image-preview:large, max-video-preview:-1\" \/>\n<link rel=\"canonical\" href=\"https:\/\/marktxxl.de\/markt\/produkt\/harry-potter-winter-socken-1-paar-kuschelsocken-flauschige-damen-maedchen-herren-hausschuhsocken-mit-rutschfester-abs-sohle-und-flauschigem-sherpa-futter-warm-kuschelig-thermosocken-groesse-36-4\/\" \/>\n<meta property=\"og:locale\" content=\"de_DE\" \/>\n<meta property=\"og:type\" content=\"article\" \/>\n<meta property=\"og:title\" content=\"Harry Potter Winter Socken - 1 Paar Kuschelsocken Flauschige - Damen M\u00e4dchen Herren Hausschuhsocken mit Rutschfester ABS\u2026 - Markt-XXL\" \/>\n<meta property=\"og:description\" content=\"Markt-XXL Harry Potter Winter Socken - 1 Paar Kuschelsocken Flauschige - Damen M\u00e4dchen Herren Hausschuhsocken mit Rutschfester ABS\u2026\" \/>\n<meta property=\"og:url\" content=\"https:\/\/marktxxl.de\/markt\/produkt\/harry-potter-winter-socken-1-paar-kuschelsocken-flauschige-damen-maedchen-herren-hausschuhsocken-mit-rutschfester-abs-sohle-und-flauschigem-sherpa-futter-warm-kuschelig-thermosocken-groesse-36-4\/\" \/>\n<meta property=\"og:site_name\" content=\"Markt-XXL\" \/>\n<meta property=\"article:modified_time\" content=\"2023-04-11T01:46:16+00:00\" \/>\n<meta property=\"og:image\" content=\"https:\/\/m.media-amazon.com\/images\/I\/51mA2YyGIkL._SL500_.jpg\" \/>\n\t<meta property=\"og:image:width\" content=\"476\" \/>\n\t<meta property=\"og:image:height\" content=\"500\" \/>\n\t<meta property=\"og:image:type\" content=\"image\/jpeg\" \/>\n<meta name=\"twitter:card\" content=\"summary_large_image\" \/>\n<meta name=\"twitter:label1\" content=\"Gesch\u00e4tzte Lesezeit\" \/>\n\t<meta name=\"twitter:data1\" content=\"1\u00a0Minute\" \/>\n<script type=\"application\/ld+json\" class=\"yoast-schema-graph\">{\"@context\":\"https:\\\/\\\/schema.org\",\"@graph\":[{\"@type\":\"WebPage\",\"@id\":\"https:\\\/\\\/marktxxl.de\\\/markt\\\/produkt\\\/harry-potter-winter-socken-1-paar-kuschelsocken-flauschige-damen-maedchen-herren-hausschuhsocken-mit-rutschfester-abs-sohle-und-flauschigem-sherpa-futter-warm-kuschelig-thermosocken-groesse-36-4\\\/\",\"url\":\"https:\\\/\\\/marktxxl.de\\\/markt\\\/produkt\\\/harry-potter-winter-socken-1-paar-kuschelsocken-flauschige-damen-maedchen-herren-hausschuhsocken-mit-rutschfester-abs-sohle-und-flauschigem-sherpa-futter-warm-kuschelig-thermosocken-groesse-36-4\\\/\",\"name\":\"Harry Potter Winter Socken - 1 Paar Kuschelsocken Flauschige - Damen M\u00e4dchen Herren Hausschuhsocken mit Rutschfester ABS\u2026 - Markt-XXL\",\"isPartOf\":{\"@id\":\"https:\\\/\\\/marktxxl.de\\\/markt\\\/#website\"},\"primaryImageOfPage\":{\"@id\":\"https:\\\/\\\/marktxxl.de\\\/markt\\\/produkt\\\/harry-potter-winter-socken-1-paar-kuschelsocken-flauschige-damen-maedchen-herren-hausschuhsocken-mit-rutschfester-abs-sohle-und-flauschigem-sherpa-futter-warm-kuschelig-thermosocken-groesse-36-4\\\/#primaryimage\"},\"image\":{\"@id\":\"https:\\\/\\\/marktxxl.de\\\/markt\\\/produkt\\\/harry-potter-winter-socken-1-paar-kuschelsocken-flauschige-damen-maedchen-herren-hausschuhsocken-mit-rutschfester-abs-sohle-und-flauschigem-sherpa-futter-warm-kuschelig-thermosocken-groesse-36-4\\\/#primaryimage\"},\"thumbnailUrl\":\"https:\\\/\\\/m.media-amazon.com\\\/images\\\/I\\\/51mA2YyGIkL._SL500_.jpg\",\"datePublished\":\"2022-05-14T23:46:39+00:00\",\"dateModified\":\"2023-04-11T01:46:16+00:00\",\"description\":\"Markt-XXL Harry Potter Winter Socken - 1 Paar Kuschelsocken Flauschige - Damen M\u00e4dchen Herren Hausschuhsocken mit Rutschfester ABS\u2026\",\"breadcrumb\":{\"@id\":\"https:\\\/\\\/marktxxl.de\\\/markt\\\/produkt\\\/harry-potter-winter-socken-1-paar-kuschelsocken-flauschige-damen-maedchen-herren-hausschuhsocken-mit-rutschfester-abs-sohle-und-flauschigem-sherpa-futter-warm-kuschelig-thermosocken-groesse-36-4\\\/#breadcrumb\"},\"inLanguage\":\"de\",\"potentialAction\":[{\"@type\":\"ReadAction\",\"target\":[\"https:\\\/\\\/marktxxl.de\\\/markt\\\/produkt\\\/harry-potter-winter-socken-1-paar-kuschelsocken-flauschige-damen-maedchen-herren-hausschuhsocken-mit-rutschfester-abs-sohle-und-flauschigem-sherpa-futter-warm-kuschelig-thermosocken-groesse-36-4\\\/\"]}]},{\"@type\":\"ImageObject\",\"inLanguage\":\"de\",\"@id\":\"https:\\\/\\\/marktxxl.de\\\/markt\\\/produkt\\\/harry-potter-winter-socken-1-paar-kuschelsocken-flauschige-damen-maedchen-herren-hausschuhsocken-mit-rutschfester-abs-sohle-und-flauschigem-sherpa-futter-warm-kuschelig-thermosocken-groesse-36-4\\\/#primaryimage\",\"url\":\"https:\\\/\\\/m.media-amazon.com\\\/images\\\/I\\\/51mA2YyGIkL._SL500_.jpg\",\"contentUrl\":\"https:\\\/\\\/m.media-amazon.com\\\/images\\\/I\\\/51mA2YyGIkL._SL500_.jpg\",\"width\":476,\"height\":500},{\"@type\":\"BreadcrumbList\",\"@id\":\"https:\\\/\\\/marktxxl.de\\\/markt\\\/produkt\\\/harry-potter-winter-socken-1-paar-kuschelsocken-flauschige-damen-maedchen-herren-hausschuhsocken-mit-rutschfester-abs-sohle-und-flauschigem-sherpa-futter-warm-kuschelig-thermosocken-groesse-36-4\\\/#breadcrumb\",\"itemListElement\":[{\"@type\":\"ListItem\",\"position\":1,\"name\":\"Startseite\",\"item\":\"https:\\\/\\\/marktxxl.de\\\/markt\\\/\"},{\"@type\":\"ListItem\",\"position\":2,\"name\":\"Markt\",\"item\":\"https:\\\/\\\/marktxxl.de\\\/markt\\\/\"},{\"@type\":\"ListItem\",\"position\":3,\"name\":\"Harry Potter Winter Socken &#8211; 1 Paar Kuschelsocken Flauschige &#8211; Damen M\u00e4dchen Herren Hausschuhsocken mit Rutschfester ABS\u2026\"}]},{\"@type\":\"WebSite\",\"@id\":\"https:\\\/\\\/marktxxl.de\\\/markt\\\/#website\",\"url\":\"https:\\\/\\\/marktxxl.de\\\/markt\\\/\",\"name\":\"Markt-XXL\",\"description\":\"Ihr Markt Online\",\"publisher\":{\"@id\":\"https:\\\/\\\/marktxxl.de\\\/markt\\\/#organization\"},\"potentialAction\":[{\"@type\":\"SearchAction\",\"target\":{\"@type\":\"EntryPoint\",\"urlTemplate\":\"https:\\\/\\\/marktxxl.de\\\/markt\\\/?s={search_term_string}\"},\"query-input\":{\"@type\":\"PropertyValueSpecification\",\"valueRequired\":true,\"valueName\":\"search_term_string\"}}],\"inLanguage\":\"de\"},{\"@type\":\"Organization\",\"@id\":\"https:\\\/\\\/marktxxl.de\\\/markt\\\/#organization\",\"name\":\"Markt-XXL\",\"url\":\"https:\\\/\\\/marktxxl.de\\\/markt\\\/\",\"logo\":{\"@type\":\"ImageObject\",\"inLanguage\":\"de\",\"@id\":\"https:\\\/\\\/marktxxl.de\\\/markt\\\/#\\\/schema\\\/logo\\\/image\\\/\",\"url\":\"https:\\\/\\\/marktxxl.de\\\/markt\\\/wp-content\\\/uploads\\\/sites\\\/3\\\/2020\\\/12\\\/logo.png\",\"contentUrl\":\"https:\\\/\\\/marktxxl.de\\\/markt\\\/wp-content\\\/uploads\\\/sites\\\/3\\\/2020\\\/12\\\/logo.png\",\"width\":200,\"height\":70,\"caption\":\"Markt-XXL\"},\"image\":{\"@id\":\"https:\\\/\\\/marktxxl.de\\\/markt\\\/#\\\/schema\\\/logo\\\/image\\\/\"}}]}<\/script>\n<!-- \/ Yoast SEO plugin. -->","yoast_head_json":{"title":"Harry Potter Winter Socken - 1 Paar Kuschelsocken Flauschige - Damen M\u00e4dchen Herren Hausschuhsocken mit Rutschfester ABS\u2026 - Markt-XXL","description":"Markt-XXL Harry Potter Winter Socken - 1 Paar Kuschelsocken Flauschige - Damen M\u00e4dchen Herren Hausschuhsocken mit Rutschfester ABS\u2026","robots":{"index":"index","follow":"follow","max-snippet":"max-snippet:-1","max-image-preview":"max-image-preview:large","max-video-preview":"max-video-preview:-1"},"canonical":"https:\/\/marktxxl.de\/markt\/produkt\/harry-potter-winter-socken-1-paar-kuschelsocken-flauschige-damen-maedchen-herren-hausschuhsocken-mit-rutschfester-abs-sohle-und-flauschigem-sherpa-futter-warm-kuschelig-thermosocken-groesse-36-4\/","og_locale":"de_DE","og_type":"article","og_title":"Harry Potter Winter Socken - 1 Paar Kuschelsocken Flauschige - Damen M\u00e4dchen Herren Hausschuhsocken mit Rutschfester ABS\u2026 - Markt-XXL","og_description":"Markt-XXL Harry Potter Winter Socken - 1 Paar Kuschelsocken Flauschige - Damen M\u00e4dchen Herren Hausschuhsocken mit Rutschfester ABS\u2026","og_url":"https:\/\/marktxxl.de\/markt\/produkt\/harry-potter-winter-socken-1-paar-kuschelsocken-flauschige-damen-maedchen-herren-hausschuhsocken-mit-rutschfester-abs-sohle-und-flauschigem-sherpa-futter-warm-kuschelig-thermosocken-groesse-36-4\/","og_site_name":"Markt-XXL","article_modified_time":"2023-04-11T01:46:16+00:00","og_image":[{"width":476,"height":500,"url":"https:\/\/m.media-amazon.com\/images\/I\/51mA2YyGIkL._SL500_.jpg","type":"image\/jpeg"}],"twitter_card":"summary_large_image","twitter_misc":{"Gesch\u00e4tzte Lesezeit":"1\u00a0Minute"},"schema":{"@context":"https:\/\/schema.org","@graph":[{"@type":"WebPage","@id":"https:\/\/marktxxl.de\/markt\/produkt\/harry-potter-winter-socken-1-paar-kuschelsocken-flauschige-damen-maedchen-herren-hausschuhsocken-mit-rutschfester-abs-sohle-und-flauschigem-sherpa-futter-warm-kuschelig-thermosocken-groesse-36-4\/","url":"https:\/\/marktxxl.de\/markt\/produkt\/harry-potter-winter-socken-1-paar-kuschelsocken-flauschige-damen-maedchen-herren-hausschuhsocken-mit-rutschfester-abs-sohle-und-flauschigem-sherpa-futter-warm-kuschelig-thermosocken-groesse-36-4\/","name":"Harry Potter Winter Socken - 1 Paar Kuschelsocken Flauschige - Damen M\u00e4dchen Herren Hausschuhsocken mit Rutschfester ABS\u2026 - Markt-XXL","isPartOf":{"@id":"https:\/\/marktxxl.de\/markt\/#website"},"primaryImageOfPage":{"@id":"https:\/\/marktxxl.de\/markt\/produkt\/harry-potter-winter-socken-1-paar-kuschelsocken-flauschige-damen-maedchen-herren-hausschuhsocken-mit-rutschfester-abs-sohle-und-flauschigem-sherpa-futter-warm-kuschelig-thermosocken-groesse-36-4\/#primaryimage"},"image":{"@id":"https:\/\/marktxxl.de\/markt\/produkt\/harry-potter-winter-socken-1-paar-kuschelsocken-flauschige-damen-maedchen-herren-hausschuhsocken-mit-rutschfester-abs-sohle-und-flauschigem-sherpa-futter-warm-kuschelig-thermosocken-groesse-36-4\/#primaryimage"},"thumbnailUrl":"https:\/\/m.media-amazon.com\/images\/I\/51mA2YyGIkL._SL500_.jpg","datePublished":"2022-05-14T23:46:39+00:00","dateModified":"2023-04-11T01:46:16+00:00","description":"Markt-XXL Harry Potter Winter Socken - 1 Paar Kuschelsocken Flauschige - Damen M\u00e4dchen Herren Hausschuhsocken mit Rutschfester ABS\u2026","breadcrumb":{"@id":"https:\/\/marktxxl.de\/markt\/produkt\/harry-potter-winter-socken-1-paar-kuschelsocken-flauschige-damen-maedchen-herren-hausschuhsocken-mit-rutschfester-abs-sohle-und-flauschigem-sherpa-futter-warm-kuschelig-thermosocken-groesse-36-4\/#breadcrumb"},"inLanguage":"de","potentialAction":[{"@type":"ReadAction","target":["https:\/\/marktxxl.de\/markt\/produkt\/harry-potter-winter-socken-1-paar-kuschelsocken-flauschige-damen-maedchen-herren-hausschuhsocken-mit-rutschfester-abs-sohle-und-flauschigem-sherpa-futter-warm-kuschelig-thermosocken-groesse-36-4\/"]}]},{"@type":"ImageObject","inLanguage":"de","@id":"https:\/\/marktxxl.de\/markt\/produkt\/harry-potter-winter-socken-1-paar-kuschelsocken-flauschige-damen-maedchen-herren-hausschuhsocken-mit-rutschfester-abs-sohle-und-flauschigem-sherpa-futter-warm-kuschelig-thermosocken-groesse-36-4\/#primaryimage","url":"https:\/\/m.media-amazon.com\/images\/I\/51mA2YyGIkL._SL500_.jpg","contentUrl":"https:\/\/m.media-amazon.com\/images\/I\/51mA2YyGIkL._SL500_.jpg","width":476,"height":500},{"@type":"BreadcrumbList","@id":"https:\/\/marktxxl.de\/markt\/produkt\/harry-potter-winter-socken-1-paar-kuschelsocken-flauschige-damen-maedchen-herren-hausschuhsocken-mit-rutschfester-abs-sohle-und-flauschigem-sherpa-futter-warm-kuschelig-thermosocken-groesse-36-4\/#breadcrumb","itemListElement":[{"@type":"ListItem","position":1,"name":"Startseite","item":"https:\/\/marktxxl.de\/markt\/"},{"@type":"ListItem","position":2,"name":"Markt","item":"https:\/\/marktxxl.de\/markt\/"},{"@type":"ListItem","position":3,"name":"Harry Potter Winter Socken &#8211; 1 Paar Kuschelsocken Flauschige &#8211; Damen M\u00e4dchen Herren Hausschuhsocken mit Rutschfester ABS\u2026"}]},{"@type":"WebSite","@id":"https:\/\/marktxxl.de\/markt\/#website","url":"https:\/\/marktxxl.de\/markt\/","name":"Markt-XXL","description":"Ihr Markt Online","publisher":{"@id":"https:\/\/marktxxl.de\/markt\/#organization"},"potentialAction":[{"@type":"SearchAction","target":{"@type":"EntryPoint","urlTemplate":"https:\/\/marktxxl.de\/markt\/?s={search_term_string}"},"query-input":{"@type":"PropertyValueSpecification","valueRequired":true,"valueName":"search_term_string"}}],"inLanguage":"de"},{"@type":"Organization","@id":"https:\/\/marktxxl.de\/markt\/#organization","name":"Markt-XXL","url":"https:\/\/marktxxl.de\/markt\/","logo":{"@type":"ImageObject","inLanguage":"de","@id":"https:\/\/marktxxl.de\/markt\/#\/schema\/logo\/image\/","url":"https:\/\/marktxxl.de\/markt\/wp-content\/uploads\/sites\/3\/2020\/12\/logo.png","contentUrl":"https:\/\/marktxxl.de\/markt\/wp-content\/uploads\/sites\/3\/2020\/12\/logo.png","width":200,"height":70,"caption":"Markt-XXL"},"image":{"@id":"https:\/\/marktxxl.de\/markt\/#\/schema\/logo\/image\/"}}]}},"_links":{"self":[{"href":"https:\/\/marktxxl.de\/markt\/wp-json\/wp\/v2\/product\/118023","targetHints":{"allow":["GET"]}}],"collection":[{"href":"https:\/\/marktxxl.de\/markt\/wp-json\/wp\/v2\/product"}],"about":[{"href":"https:\/\/marktxxl.de\/markt\/wp-json\/wp\/v2\/types\/product"}],"replies":[{"embeddable":true,"href":"https:\/\/marktxxl.de\/markt\/wp-json\/wp\/v2\/comments?post=118023"}],"wp:featuredmedia":[{"embeddable":true,"href":"https:\/\/marktxxl.de\/markt\/wp-json\/wp\/v2\/media\/118024"}],"wp:attachment":[{"href":"https:\/\/marktxxl.de\/markt\/wp-json\/wp\/v2\/media?parent=118023"}],"wp:term":[{"taxonomy":"product_brand","embeddable":true,"href":"https:\/\/marktxxl.de\/markt\/wp-json\/wp\/v2\/product_brand?post=118023"},{"taxonomy":"product_cat","embeddable":true,"href":"https:\/\/marktxxl.de\/markt\/wp-json\/wp\/v2\/product_cat?post=118023"},{"taxonomy":"product_tag","embeddable":true,"href":"https:\/\/marktxxl.de\/markt\/wp-json\/wp\/v2\/product_tag?post=118023"}],"curies":[{"name":"wp","href":"https:\/\/api.w.org\/{rel}","templated":true}]}}