{"id":118000,"date":"2022-05-15T01:46:17","date_gmt":"2022-05-14T23:46:17","guid":{"rendered":"https:\/\/marktxxl.de\/markt\/produkt\/dackel-dachshund-teckel-jault-vor-mond-geschenkidee-t-shirt\/"},"modified":"2023-04-11T03:46:15","modified_gmt":"2023-04-11T01:46:15","slug":"dackel-dachshund-teckel-jault-vor-mond-geschenkidee-t-shirt","status":"publish","type":"product","link":"https:\/\/marktxxl.de\/markt\/produkt\/dackel-dachshund-teckel-jault-vor-mond-geschenkidee-t-shirt\/","title":{"rendered":"Dackel Dachshund Teckel Jault vor Mond Geschenkidee T-Shirt"},"content":{"rendered":"<p>Ein Dackel, Teckel oder Dackelwelpe jault mit dem Mond im Hintergrund. Ein lustiges Design. Ein witziges Geschenk f\u00fcr Dackelliebhaber Dackelfreunde Teckelfreunde Dackelz\u00fcchter, die Rauhaardackel, Zwergdackel, Langhaardackel, Kurzhaardackel lieben.<br \/>\nWitziges Motiv f\u00fcr Damen und Herren mit Spa\u00df und Freunde des Vierbeiners. Das mystische Design ist perfekt f\u00fcr M\u00e4nner Frauen und Kinder, die Dackel lieben oder z\u00fcchten, im Dackelclub sind, Hundetrainer oder auch gerne Gassi bzw. spazieren gehen.<br \/>\nKlassisch geschnitten, doppelt gen\u00e4hter Saum.<br \/>\n<div class=\"main-cross-sell\" data-asin=\"B07QM9Y9WS\">\n\n\t<div class=\"WooZone-cross-sell-loader\">\n\t\t<div>\n\t\t\t<div id=\"floatingBarsG\">\n\t\t\t\t<div class=\"blockG\" id=\"rotateG_01\"><\/div>\n\t\t\t\t<div class=\"blockG\" id=\"rotateG_02\"><\/div>\n\t\t\t\t<div class=\"blockG\" id=\"rotateG_03\"><\/div>\n\t\t\t\t<div class=\"blockG\" id=\"rotateG_04\"><\/div>\n\t\t\t\t<div class=\"blockG\" id=\"rotateG_05\"><\/div>\n\t\t\t\t<div class=\"blockG\" id=\"rotateG_06\"><\/div>\n\t\t\t\t<div class=\"blockG\" id=\"rotateG_07\"><\/div>\n\t\t\t\t<div class=\"blockG\" id=\"rotateG_08\"><\/div>\n\t\t\t<\/div>\n\t\t\t<div class=\"WooZone-cross-sell-loader-text\"><\/div>\n\t\t<\/div>\n\t<\/div>\n\n\t\t\n<\/div>\n<div style=\"clear:both;\"><\/div><\/p>\n","protected":false},"excerpt":{"rendered":"<p>Ein Dackel, Teckel oder Dackelwelpe jault mit dem Mond im Hintergrund. Ein lustiges Design. Ein witziges Geschenk f\u00fcr Dackelliebhaber Dackelfreunde Teckelfreunde Dackelz\u00fcchter, die Rauhaardackel, Zwergdackel, Langhaardackel, Kurzhaardackel lieben.<br \/>\nWitziges Motiv f\u00fcr Damen und Herren mit Spa\u00df und Freunde des Vierbeiners. Das mystische Design ist perfekt f\u00fcr M\u00e4nner Frauen und Kinder, die Dackel lieben oder z\u00fcchten, im Dackelclub sind, Hundetrainer oder auch gerne Gassi bzw. spazieren gehen.<br \/>\nKlassisch geschnitten, doppelt gen\u00e4hter Saum.<\/p>\n","protected":false},"featured_media":118001,"comment_status":"open","ping_status":"closed","template":"","meta":[],"product_brand":[],"product_cat":[1186,3920],"product_tag":[],"class_list":{"0":"post-118000","1":"product","2":"type-product","3":"status-publish","4":"has-post-thumbnail","6":"product_cat-bekleidung","7":"product_cat-damen","8":"pa_binding-textilien","9":"pa_brand-dachshund-dackel-teckel-geschenke","10":"pa_color-schwarz","11":"pa_manufacturer-dachshund-dackel-teckel-geschenke","12":"pa_size-s","14":"first","15":"instock","16":"shipping-taxable","17":"purchasable","18":"product-type-simple","19":"customify-col","20":"product-has-gallery"},"yoast_head":"<!-- This site is optimized with the Yoast SEO plugin v27.4 - https:\/\/yoast.com\/product\/yoast-seo-wordpress\/ -->\n<title>Dackel Dachshund Teckel Jault vor Mond Geschenkidee T-Shirt - Markt-XXL<\/title>\n<meta name=\"description\" content=\"Markt-XXL Dackel Dachshund Teckel Jault vor Mond Geschenkidee T-Shirt\" \/>\n<meta name=\"robots\" content=\"index, follow, max-snippet:-1, max-image-preview:large, max-video-preview:-1\" \/>\n<link rel=\"canonical\" href=\"https:\/\/marktxxl.de\/markt\/produkt\/dackel-dachshund-teckel-jault-vor-mond-geschenkidee-t-shirt\/\" \/>\n<meta property=\"og:locale\" content=\"de_DE\" \/>\n<meta property=\"og:type\" content=\"article\" \/>\n<meta property=\"og:title\" content=\"Dackel Dachshund Teckel Jault vor Mond Geschenkidee T-Shirt - Markt-XXL\" \/>\n<meta property=\"og:description\" content=\"Markt-XXL Dackel Dachshund Teckel Jault vor Mond Geschenkidee T-Shirt\" \/>\n<meta property=\"og:url\" content=\"https:\/\/marktxxl.de\/markt\/produkt\/dackel-dachshund-teckel-jault-vor-mond-geschenkidee-t-shirt\/\" \/>\n<meta property=\"og:site_name\" content=\"Markt-XXL\" \/>\n<meta property=\"article:modified_time\" content=\"2023-04-11T01:46:15+00:00\" \/>\n<meta property=\"og:image\" content=\"https:\/\/m.media-amazon.com\/images\/I\/31fTQh2TGGL._SL500_.jpg\" \/>\n\t<meta property=\"og:image:width\" content=\"500\" \/>\n\t<meta property=\"og:image:height\" content=\"468\" \/>\n\t<meta property=\"og:image:type\" content=\"image\/jpeg\" \/>\n<meta name=\"twitter:card\" content=\"summary_large_image\" \/>\n<script type=\"application\/ld+json\" class=\"yoast-schema-graph\">{\"@context\":\"https:\\\/\\\/schema.org\",\"@graph\":[{\"@type\":\"WebPage\",\"@id\":\"https:\\\/\\\/marktxxl.de\\\/markt\\\/produkt\\\/dackel-dachshund-teckel-jault-vor-mond-geschenkidee-t-shirt\\\/\",\"url\":\"https:\\\/\\\/marktxxl.de\\\/markt\\\/produkt\\\/dackel-dachshund-teckel-jault-vor-mond-geschenkidee-t-shirt\\\/\",\"name\":\"Dackel Dachshund Teckel Jault vor Mond Geschenkidee T-Shirt - Markt-XXL\",\"isPartOf\":{\"@id\":\"https:\\\/\\\/marktxxl.de\\\/markt\\\/#website\"},\"primaryImageOfPage\":{\"@id\":\"https:\\\/\\\/marktxxl.de\\\/markt\\\/produkt\\\/dackel-dachshund-teckel-jault-vor-mond-geschenkidee-t-shirt\\\/#primaryimage\"},\"image\":{\"@id\":\"https:\\\/\\\/marktxxl.de\\\/markt\\\/produkt\\\/dackel-dachshund-teckel-jault-vor-mond-geschenkidee-t-shirt\\\/#primaryimage\"},\"thumbnailUrl\":\"https:\\\/\\\/m.media-amazon.com\\\/images\\\/I\\\/31fTQh2TGGL._SL500_.jpg\",\"datePublished\":\"2022-05-14T23:46:17+00:00\",\"dateModified\":\"2023-04-11T01:46:15+00:00\",\"description\":\"Markt-XXL Dackel Dachshund Teckel Jault vor Mond Geschenkidee T-Shirt\",\"breadcrumb\":{\"@id\":\"https:\\\/\\\/marktxxl.de\\\/markt\\\/produkt\\\/dackel-dachshund-teckel-jault-vor-mond-geschenkidee-t-shirt\\\/#breadcrumb\"},\"inLanguage\":\"de\",\"potentialAction\":[{\"@type\":\"ReadAction\",\"target\":[\"https:\\\/\\\/marktxxl.de\\\/markt\\\/produkt\\\/dackel-dachshund-teckel-jault-vor-mond-geschenkidee-t-shirt\\\/\"]}]},{\"@type\":\"ImageObject\",\"inLanguage\":\"de\",\"@id\":\"https:\\\/\\\/marktxxl.de\\\/markt\\\/produkt\\\/dackel-dachshund-teckel-jault-vor-mond-geschenkidee-t-shirt\\\/#primaryimage\",\"url\":\"https:\\\/\\\/m.media-amazon.com\\\/images\\\/I\\\/31fTQh2TGGL._SL500_.jpg\",\"contentUrl\":\"https:\\\/\\\/m.media-amazon.com\\\/images\\\/I\\\/31fTQh2TGGL._SL500_.jpg\",\"width\":500,\"height\":468},{\"@type\":\"BreadcrumbList\",\"@id\":\"https:\\\/\\\/marktxxl.de\\\/markt\\\/produkt\\\/dackel-dachshund-teckel-jault-vor-mond-geschenkidee-t-shirt\\\/#breadcrumb\",\"itemListElement\":[{\"@type\":\"ListItem\",\"position\":1,\"name\":\"Startseite\",\"item\":\"https:\\\/\\\/marktxxl.de\\\/markt\\\/\"},{\"@type\":\"ListItem\",\"position\":2,\"name\":\"Markt\",\"item\":\"https:\\\/\\\/marktxxl.de\\\/markt\\\/\"},{\"@type\":\"ListItem\",\"position\":3,\"name\":\"Dackel Dachshund Teckel Jault vor Mond Geschenkidee T-Shirt\"}]},{\"@type\":\"WebSite\",\"@id\":\"https:\\\/\\\/marktxxl.de\\\/markt\\\/#website\",\"url\":\"https:\\\/\\\/marktxxl.de\\\/markt\\\/\",\"name\":\"Markt-XXL\",\"description\":\"Ihr Markt Online\",\"publisher\":{\"@id\":\"https:\\\/\\\/marktxxl.de\\\/markt\\\/#organization\"},\"potentialAction\":[{\"@type\":\"SearchAction\",\"target\":{\"@type\":\"EntryPoint\",\"urlTemplate\":\"https:\\\/\\\/marktxxl.de\\\/markt\\\/?s={search_term_string}\"},\"query-input\":{\"@type\":\"PropertyValueSpecification\",\"valueRequired\":true,\"valueName\":\"search_term_string\"}}],\"inLanguage\":\"de\"},{\"@type\":\"Organization\",\"@id\":\"https:\\\/\\\/marktxxl.de\\\/markt\\\/#organization\",\"name\":\"Markt-XXL\",\"url\":\"https:\\\/\\\/marktxxl.de\\\/markt\\\/\",\"logo\":{\"@type\":\"ImageObject\",\"inLanguage\":\"de\",\"@id\":\"https:\\\/\\\/marktxxl.de\\\/markt\\\/#\\\/schema\\\/logo\\\/image\\\/\",\"url\":\"https:\\\/\\\/marktxxl.de\\\/markt\\\/wp-content\\\/uploads\\\/sites\\\/3\\\/2020\\\/12\\\/logo.png\",\"contentUrl\":\"https:\\\/\\\/marktxxl.de\\\/markt\\\/wp-content\\\/uploads\\\/sites\\\/3\\\/2020\\\/12\\\/logo.png\",\"width\":200,\"height\":70,\"caption\":\"Markt-XXL\"},\"image\":{\"@id\":\"https:\\\/\\\/marktxxl.de\\\/markt\\\/#\\\/schema\\\/logo\\\/image\\\/\"}}]}<\/script>\n<!-- \/ Yoast SEO plugin. -->","yoast_head_json":{"title":"Dackel Dachshund Teckel Jault vor Mond Geschenkidee T-Shirt - Markt-XXL","description":"Markt-XXL Dackel Dachshund Teckel Jault vor Mond Geschenkidee T-Shirt","robots":{"index":"index","follow":"follow","max-snippet":"max-snippet:-1","max-image-preview":"max-image-preview:large","max-video-preview":"max-video-preview:-1"},"canonical":"https:\/\/marktxxl.de\/markt\/produkt\/dackel-dachshund-teckel-jault-vor-mond-geschenkidee-t-shirt\/","og_locale":"de_DE","og_type":"article","og_title":"Dackel Dachshund Teckel Jault vor Mond Geschenkidee T-Shirt - Markt-XXL","og_description":"Markt-XXL Dackel Dachshund Teckel Jault vor Mond Geschenkidee T-Shirt","og_url":"https:\/\/marktxxl.de\/markt\/produkt\/dackel-dachshund-teckel-jault-vor-mond-geschenkidee-t-shirt\/","og_site_name":"Markt-XXL","article_modified_time":"2023-04-11T01:46:15+00:00","og_image":[{"width":500,"height":468,"url":"https:\/\/m.media-amazon.com\/images\/I\/31fTQh2TGGL._SL500_.jpg","type":"image\/jpeg"}],"twitter_card":"summary_large_image","schema":{"@context":"https:\/\/schema.org","@graph":[{"@type":"WebPage","@id":"https:\/\/marktxxl.de\/markt\/produkt\/dackel-dachshund-teckel-jault-vor-mond-geschenkidee-t-shirt\/","url":"https:\/\/marktxxl.de\/markt\/produkt\/dackel-dachshund-teckel-jault-vor-mond-geschenkidee-t-shirt\/","name":"Dackel Dachshund Teckel Jault vor Mond Geschenkidee T-Shirt - Markt-XXL","isPartOf":{"@id":"https:\/\/marktxxl.de\/markt\/#website"},"primaryImageOfPage":{"@id":"https:\/\/marktxxl.de\/markt\/produkt\/dackel-dachshund-teckel-jault-vor-mond-geschenkidee-t-shirt\/#primaryimage"},"image":{"@id":"https:\/\/marktxxl.de\/markt\/produkt\/dackel-dachshund-teckel-jault-vor-mond-geschenkidee-t-shirt\/#primaryimage"},"thumbnailUrl":"https:\/\/m.media-amazon.com\/images\/I\/31fTQh2TGGL._SL500_.jpg","datePublished":"2022-05-14T23:46:17+00:00","dateModified":"2023-04-11T01:46:15+00:00","description":"Markt-XXL Dackel Dachshund Teckel Jault vor Mond Geschenkidee T-Shirt","breadcrumb":{"@id":"https:\/\/marktxxl.de\/markt\/produkt\/dackel-dachshund-teckel-jault-vor-mond-geschenkidee-t-shirt\/#breadcrumb"},"inLanguage":"de","potentialAction":[{"@type":"ReadAction","target":["https:\/\/marktxxl.de\/markt\/produkt\/dackel-dachshund-teckel-jault-vor-mond-geschenkidee-t-shirt\/"]}]},{"@type":"ImageObject","inLanguage":"de","@id":"https:\/\/marktxxl.de\/markt\/produkt\/dackel-dachshund-teckel-jault-vor-mond-geschenkidee-t-shirt\/#primaryimage","url":"https:\/\/m.media-amazon.com\/images\/I\/31fTQh2TGGL._SL500_.jpg","contentUrl":"https:\/\/m.media-amazon.com\/images\/I\/31fTQh2TGGL._SL500_.jpg","width":500,"height":468},{"@type":"BreadcrumbList","@id":"https:\/\/marktxxl.de\/markt\/produkt\/dackel-dachshund-teckel-jault-vor-mond-geschenkidee-t-shirt\/#breadcrumb","itemListElement":[{"@type":"ListItem","position":1,"name":"Startseite","item":"https:\/\/marktxxl.de\/markt\/"},{"@type":"ListItem","position":2,"name":"Markt","item":"https:\/\/marktxxl.de\/markt\/"},{"@type":"ListItem","position":3,"name":"Dackel Dachshund Teckel Jault vor Mond Geschenkidee T-Shirt"}]},{"@type":"WebSite","@id":"https:\/\/marktxxl.de\/markt\/#website","url":"https:\/\/marktxxl.de\/markt\/","name":"Markt-XXL","description":"Ihr Markt Online","publisher":{"@id":"https:\/\/marktxxl.de\/markt\/#organization"},"potentialAction":[{"@type":"SearchAction","target":{"@type":"EntryPoint","urlTemplate":"https:\/\/marktxxl.de\/markt\/?s={search_term_string}"},"query-input":{"@type":"PropertyValueSpecification","valueRequired":true,"valueName":"search_term_string"}}],"inLanguage":"de"},{"@type":"Organization","@id":"https:\/\/marktxxl.de\/markt\/#organization","name":"Markt-XXL","url":"https:\/\/marktxxl.de\/markt\/","logo":{"@type":"ImageObject","inLanguage":"de","@id":"https:\/\/marktxxl.de\/markt\/#\/schema\/logo\/image\/","url":"https:\/\/marktxxl.de\/markt\/wp-content\/uploads\/sites\/3\/2020\/12\/logo.png","contentUrl":"https:\/\/marktxxl.de\/markt\/wp-content\/uploads\/sites\/3\/2020\/12\/logo.png","width":200,"height":70,"caption":"Markt-XXL"},"image":{"@id":"https:\/\/marktxxl.de\/markt\/#\/schema\/logo\/image\/"}}]}},"_links":{"self":[{"href":"https:\/\/marktxxl.de\/markt\/wp-json\/wp\/v2\/product\/118000","targetHints":{"allow":["GET"]}}],"collection":[{"href":"https:\/\/marktxxl.de\/markt\/wp-json\/wp\/v2\/product"}],"about":[{"href":"https:\/\/marktxxl.de\/markt\/wp-json\/wp\/v2\/types\/product"}],"replies":[{"embeddable":true,"href":"https:\/\/marktxxl.de\/markt\/wp-json\/wp\/v2\/comments?post=118000"}],"wp:featuredmedia":[{"embeddable":true,"href":"https:\/\/marktxxl.de\/markt\/wp-json\/wp\/v2\/media\/118001"}],"wp:attachment":[{"href":"https:\/\/marktxxl.de\/markt\/wp-json\/wp\/v2\/media?parent=118000"}],"wp:term":[{"taxonomy":"product_brand","embeddable":true,"href":"https:\/\/marktxxl.de\/markt\/wp-json\/wp\/v2\/product_brand?post=118000"},{"taxonomy":"product_cat","embeddable":true,"href":"https:\/\/marktxxl.de\/markt\/wp-json\/wp\/v2\/product_cat?post=118000"},{"taxonomy":"product_tag","embeddable":true,"href":"https:\/\/marktxxl.de\/markt\/wp-json\/wp\/v2\/product_tag?post=118000"}],"curies":[{"name":"wp","href":"https:\/\/api.w.org\/{rel}","templated":true}]}}