{"id":117992,"date":"2022-05-15T01:46:12","date_gmt":"2022-05-14T23:46:12","guid":{"rendered":"https:\/\/marktxxl.de\/markt\/produkt\/240-stuecke-silikon-brillenkette-enden-verbinder-brillenkette-schlaufen-halter\/"},"modified":"2023-04-11T03:46:15","modified_gmt":"2023-04-11T01:46:15","slug":"240-stuecke-silikon-brillenkette-enden-verbinder-brillenkette-schlaufen-halter","status":"publish","type":"product","link":"https:\/\/marktxxl.de\/markt\/produkt\/240-stuecke-silikon-brillenkette-enden-verbinder-brillenkette-schlaufen-halter\/","title":{"rendered":"240 St\u00fccke Silikon Brillenkette Enden Verbinder Brillenkette Schlaufen Halter"},"content":{"rendered":"<p>Menge und Farbe: Dieses Paket enth\u00e4lt 240 Brillenkettenenden in 8 Farben, 30 St\u00fcck f\u00fcr jede Farbe, gen\u00fcgend Menge und satte Farben, um besser zu Ihrem t\u00e4glichen Tragen zu passen<br \/>\nZuverl\u00e4ssig zu verwenden: Die Glaskettenenden bestehen aus hochwertigem Silikon und Metall, sind hell und gl\u00e4nzend, korrosionsbest\u00e4ndig und nicht leicht zu rosten. Sie sind zuverl\u00e4ssig f\u00fcr eine lange Zeit zu verwenden<br \/>\nRutschfest und verstellbar: Der Silikon-Endverbinder ist rutschfest und die Metallschnalle erh\u00f6ht die Stabilit\u00e4t der Brille. Sie k\u00f6nnen die Position der Metallschnalle so einstellen, dass sie eine feste Rolle spielt. Diese ist einfach und leicht zu bedienen und verbindet die Brille und die Brillenkette effektiv, was f\u00fcr Sie bequemer ist<br \/>\nDetaillierte Gr\u00f6\u00dfe: Jeder Brillenbandhalter misst etwa 2 x 0,5 cm\/ 0,8 x 0,2 Zoll, was f\u00fcr die meisten Brillen geeignet ist. Bitte \u00fcberpr\u00fcfen Sie die Gr\u00f6\u00dfe vor dem Kauf, und Sie k\u00f6nnen diese praktischen Riemenhalter mit Ihren Freunden oder Ihrer Familie teilen<br \/>\nVerschiedene Anwendungen: Anti-Rutsch-Halterungen sind ideale Materialien f\u00fcr t\u00e4gliche Myopiebrillen, Sonnenbrillen, Sportbrillen und mehr. Sie k\u00f6nnen auch zum Verbinden von Gesichtsschutz oder anderen Gegenst\u00e4nden verwendet werden, die sich leicht mit verschiedenen Stilen kombinieren lassen<br \/>\n<div class=\"main-cross-sell\" data-asin=\"B08LL52XQL\">\n\n\t<div class=\"WooZone-cross-sell-loader\">\n\t\t<div>\n\t\t\t<div id=\"floatingBarsG\">\n\t\t\t\t<div class=\"blockG\" id=\"rotateG_01\"><\/div>\n\t\t\t\t<div class=\"blockG\" id=\"rotateG_02\"><\/div>\n\t\t\t\t<div class=\"blockG\" id=\"rotateG_03\"><\/div>\n\t\t\t\t<div class=\"blockG\" id=\"rotateG_04\"><\/div>\n\t\t\t\t<div class=\"blockG\" id=\"rotateG_05\"><\/div>\n\t\t\t\t<div class=\"blockG\" id=\"rotateG_06\"><\/div>\n\t\t\t\t<div class=\"blockG\" id=\"rotateG_07\"><\/div>\n\t\t\t\t<div class=\"blockG\" id=\"rotateG_08\"><\/div>\n\t\t\t<\/div>\n\t\t\t<div class=\"WooZone-cross-sell-loader-text\"><\/div>\n\t\t<\/div>\n\t<\/div>\n\n\t\t\n<\/div>\n<div style=\"clear:both;\"><\/div><\/p>\n","protected":false},"excerpt":{"rendered":"<p>Menge und Farbe: Dieses Paket enth\u00e4lt 240 Brillenkettenenden in 8 Farben, 30 St\u00fcck f\u00fcr jede Farbe, gen\u00fcgend Menge und satte Farben, um besser zu Ihrem t\u00e4glichen Tragen zu passen<br \/>\nZuverl\u00e4ssig zu verwenden: Die Glaskettenenden bestehen aus hochwertigem Silikon und Metall, sind hell und gl\u00e4nzend, korrosionsbest\u00e4ndig und nicht leicht zu rosten. Sie sind zuverl\u00e4ssig f\u00fcr eine lange Zeit zu verwenden<br \/>\nRutschfest und verstellbar: Der Silikon-Endverbinder ist rutschfest und die Metallschnalle erh\u00f6ht die Stabilit\u00e4t der Brille. Sie k\u00f6nnen die Position der Metallschnalle so einstellen, dass sie eine feste Rolle spielt. Diese ist einfach und leicht zu bedienen und verbindet die Brille und die Brillenkette effektiv, was f\u00fcr Sie bequemer ist<\/p>\n","protected":false},"featured_media":117993,"comment_status":"open","ping_status":"closed","template":"","meta":[],"product_brand":[],"product_cat":[1186,3920],"product_tag":[],"class_list":{"0":"post-117992","1":"product","2":"type-product","3":"status-publish","4":"has-post-thumbnail","6":"product_cat-bekleidung","7":"product_cat-damen","8":"pa_binding-textilien","9":"pa_brand-frienda","10":"pa_color-wie-das-bild-zeigt","11":"pa_manufacturer-frienda","12":"pa_model-frienda-509","13":"pa_size-2-x-05-cm-08-x-02-zoll","15":"first","16":"instock","17":"shipping-taxable","18":"purchasable","19":"product-type-simple","20":"customify-col","21":"product-has-gallery"},"yoast_head":"<!-- This site is optimized with the Yoast SEO plugin v27.4 - https:\/\/yoast.com\/product\/yoast-seo-wordpress\/ -->\n<title>240 St\u00fccke Silikon Brillenkette Enden Verbinder Brillenkette Schlaufen Halter - Markt-XXL<\/title>\n<meta name=\"description\" content=\"Markt-XXL 240 St\u00fccke Silikon Brillenkette Enden Verbinder Brillenkette Schlaufen Halter\" \/>\n<meta name=\"robots\" content=\"index, follow, max-snippet:-1, max-image-preview:large, max-video-preview:-1\" \/>\n<link rel=\"canonical\" href=\"https:\/\/marktxxl.de\/markt\/produkt\/240-stuecke-silikon-brillenkette-enden-verbinder-brillenkette-schlaufen-halter\/\" \/>\n<meta property=\"og:locale\" content=\"de_DE\" \/>\n<meta property=\"og:type\" content=\"article\" \/>\n<meta property=\"og:title\" content=\"240 St\u00fccke Silikon Brillenkette Enden Verbinder Brillenkette Schlaufen Halter - Markt-XXL\" \/>\n<meta property=\"og:description\" content=\"Markt-XXL 240 St\u00fccke Silikon Brillenkette Enden Verbinder Brillenkette Schlaufen Halter\" \/>\n<meta property=\"og:url\" content=\"https:\/\/marktxxl.de\/markt\/produkt\/240-stuecke-silikon-brillenkette-enden-verbinder-brillenkette-schlaufen-halter\/\" \/>\n<meta property=\"og:site_name\" content=\"Markt-XXL\" \/>\n<meta property=\"article:modified_time\" content=\"2023-04-11T01:46:15+00:00\" \/>\n<meta property=\"og:image\" content=\"https:\/\/m.media-amazon.com\/images\/I\/61cH2gUy-RL._SL500_.jpg\" \/>\n\t<meta property=\"og:image:width\" content=\"500\" \/>\n\t<meta property=\"og:image:height\" content=\"500\" \/>\n\t<meta property=\"og:image:type\" content=\"image\/jpeg\" \/>\n<meta name=\"twitter:card\" content=\"summary_large_image\" \/>\n<meta name=\"twitter:label1\" content=\"Gesch\u00e4tzte Lesezeit\" \/>\n\t<meta name=\"twitter:data1\" content=\"1\u00a0Minute\" \/>\n<script type=\"application\/ld+json\" class=\"yoast-schema-graph\">{\"@context\":\"https:\\\/\\\/schema.org\",\"@graph\":[{\"@type\":\"WebPage\",\"@id\":\"https:\\\/\\\/marktxxl.de\\\/markt\\\/produkt\\\/240-stuecke-silikon-brillenkette-enden-verbinder-brillenkette-schlaufen-halter\\\/\",\"url\":\"https:\\\/\\\/marktxxl.de\\\/markt\\\/produkt\\\/240-stuecke-silikon-brillenkette-enden-verbinder-brillenkette-schlaufen-halter\\\/\",\"name\":\"240 St\u00fccke Silikon Brillenkette Enden Verbinder Brillenkette Schlaufen Halter - Markt-XXL\",\"isPartOf\":{\"@id\":\"https:\\\/\\\/marktxxl.de\\\/markt\\\/#website\"},\"primaryImageOfPage\":{\"@id\":\"https:\\\/\\\/marktxxl.de\\\/markt\\\/produkt\\\/240-stuecke-silikon-brillenkette-enden-verbinder-brillenkette-schlaufen-halter\\\/#primaryimage\"},\"image\":{\"@id\":\"https:\\\/\\\/marktxxl.de\\\/markt\\\/produkt\\\/240-stuecke-silikon-brillenkette-enden-verbinder-brillenkette-schlaufen-halter\\\/#primaryimage\"},\"thumbnailUrl\":\"https:\\\/\\\/m.media-amazon.com\\\/images\\\/I\\\/61cH2gUy-RL._SL500_.jpg\",\"datePublished\":\"2022-05-14T23:46:12+00:00\",\"dateModified\":\"2023-04-11T01:46:15+00:00\",\"description\":\"Markt-XXL 240 St\u00fccke Silikon Brillenkette Enden Verbinder Brillenkette Schlaufen Halter\",\"breadcrumb\":{\"@id\":\"https:\\\/\\\/marktxxl.de\\\/markt\\\/produkt\\\/240-stuecke-silikon-brillenkette-enden-verbinder-brillenkette-schlaufen-halter\\\/#breadcrumb\"},\"inLanguage\":\"de\",\"potentialAction\":[{\"@type\":\"ReadAction\",\"target\":[\"https:\\\/\\\/marktxxl.de\\\/markt\\\/produkt\\\/240-stuecke-silikon-brillenkette-enden-verbinder-brillenkette-schlaufen-halter\\\/\"]}]},{\"@type\":\"ImageObject\",\"inLanguage\":\"de\",\"@id\":\"https:\\\/\\\/marktxxl.de\\\/markt\\\/produkt\\\/240-stuecke-silikon-brillenkette-enden-verbinder-brillenkette-schlaufen-halter\\\/#primaryimage\",\"url\":\"https:\\\/\\\/m.media-amazon.com\\\/images\\\/I\\\/61cH2gUy-RL._SL500_.jpg\",\"contentUrl\":\"https:\\\/\\\/m.media-amazon.com\\\/images\\\/I\\\/61cH2gUy-RL._SL500_.jpg\",\"width\":500,\"height\":500},{\"@type\":\"BreadcrumbList\",\"@id\":\"https:\\\/\\\/marktxxl.de\\\/markt\\\/produkt\\\/240-stuecke-silikon-brillenkette-enden-verbinder-brillenkette-schlaufen-halter\\\/#breadcrumb\",\"itemListElement\":[{\"@type\":\"ListItem\",\"position\":1,\"name\":\"Startseite\",\"item\":\"https:\\\/\\\/marktxxl.de\\\/markt\\\/\"},{\"@type\":\"ListItem\",\"position\":2,\"name\":\"Markt\",\"item\":\"https:\\\/\\\/marktxxl.de\\\/markt\\\/\"},{\"@type\":\"ListItem\",\"position\":3,\"name\":\"240 St\u00fccke Silikon Brillenkette Enden Verbinder Brillenkette Schlaufen Halter\"}]},{\"@type\":\"WebSite\",\"@id\":\"https:\\\/\\\/marktxxl.de\\\/markt\\\/#website\",\"url\":\"https:\\\/\\\/marktxxl.de\\\/markt\\\/\",\"name\":\"Markt-XXL\",\"description\":\"Ihr Markt Online\",\"publisher\":{\"@id\":\"https:\\\/\\\/marktxxl.de\\\/markt\\\/#organization\"},\"potentialAction\":[{\"@type\":\"SearchAction\",\"target\":{\"@type\":\"EntryPoint\",\"urlTemplate\":\"https:\\\/\\\/marktxxl.de\\\/markt\\\/?s={search_term_string}\"},\"query-input\":{\"@type\":\"PropertyValueSpecification\",\"valueRequired\":true,\"valueName\":\"search_term_string\"}}],\"inLanguage\":\"de\"},{\"@type\":\"Organization\",\"@id\":\"https:\\\/\\\/marktxxl.de\\\/markt\\\/#organization\",\"name\":\"Markt-XXL\",\"url\":\"https:\\\/\\\/marktxxl.de\\\/markt\\\/\",\"logo\":{\"@type\":\"ImageObject\",\"inLanguage\":\"de\",\"@id\":\"https:\\\/\\\/marktxxl.de\\\/markt\\\/#\\\/schema\\\/logo\\\/image\\\/\",\"url\":\"https:\\\/\\\/marktxxl.de\\\/markt\\\/wp-content\\\/uploads\\\/sites\\\/3\\\/2020\\\/12\\\/logo.png\",\"contentUrl\":\"https:\\\/\\\/marktxxl.de\\\/markt\\\/wp-content\\\/uploads\\\/sites\\\/3\\\/2020\\\/12\\\/logo.png\",\"width\":200,\"height\":70,\"caption\":\"Markt-XXL\"},\"image\":{\"@id\":\"https:\\\/\\\/marktxxl.de\\\/markt\\\/#\\\/schema\\\/logo\\\/image\\\/\"}}]}<\/script>\n<!-- \/ Yoast SEO plugin. -->","yoast_head_json":{"title":"240 St\u00fccke Silikon Brillenkette Enden Verbinder Brillenkette Schlaufen Halter - Markt-XXL","description":"Markt-XXL 240 St\u00fccke Silikon Brillenkette Enden Verbinder Brillenkette Schlaufen Halter","robots":{"index":"index","follow":"follow","max-snippet":"max-snippet:-1","max-image-preview":"max-image-preview:large","max-video-preview":"max-video-preview:-1"},"canonical":"https:\/\/marktxxl.de\/markt\/produkt\/240-stuecke-silikon-brillenkette-enden-verbinder-brillenkette-schlaufen-halter\/","og_locale":"de_DE","og_type":"article","og_title":"240 St\u00fccke Silikon Brillenkette Enden Verbinder Brillenkette Schlaufen Halter - Markt-XXL","og_description":"Markt-XXL 240 St\u00fccke Silikon Brillenkette Enden Verbinder Brillenkette Schlaufen Halter","og_url":"https:\/\/marktxxl.de\/markt\/produkt\/240-stuecke-silikon-brillenkette-enden-verbinder-brillenkette-schlaufen-halter\/","og_site_name":"Markt-XXL","article_modified_time":"2023-04-11T01:46:15+00:00","og_image":[{"width":500,"height":500,"url":"https:\/\/m.media-amazon.com\/images\/I\/61cH2gUy-RL._SL500_.jpg","type":"image\/jpeg"}],"twitter_card":"summary_large_image","twitter_misc":{"Gesch\u00e4tzte Lesezeit":"1\u00a0Minute"},"schema":{"@context":"https:\/\/schema.org","@graph":[{"@type":"WebPage","@id":"https:\/\/marktxxl.de\/markt\/produkt\/240-stuecke-silikon-brillenkette-enden-verbinder-brillenkette-schlaufen-halter\/","url":"https:\/\/marktxxl.de\/markt\/produkt\/240-stuecke-silikon-brillenkette-enden-verbinder-brillenkette-schlaufen-halter\/","name":"240 St\u00fccke Silikon Brillenkette Enden Verbinder Brillenkette Schlaufen Halter - Markt-XXL","isPartOf":{"@id":"https:\/\/marktxxl.de\/markt\/#website"},"primaryImageOfPage":{"@id":"https:\/\/marktxxl.de\/markt\/produkt\/240-stuecke-silikon-brillenkette-enden-verbinder-brillenkette-schlaufen-halter\/#primaryimage"},"image":{"@id":"https:\/\/marktxxl.de\/markt\/produkt\/240-stuecke-silikon-brillenkette-enden-verbinder-brillenkette-schlaufen-halter\/#primaryimage"},"thumbnailUrl":"https:\/\/m.media-amazon.com\/images\/I\/61cH2gUy-RL._SL500_.jpg","datePublished":"2022-05-14T23:46:12+00:00","dateModified":"2023-04-11T01:46:15+00:00","description":"Markt-XXL 240 St\u00fccke Silikon Brillenkette Enden Verbinder Brillenkette Schlaufen Halter","breadcrumb":{"@id":"https:\/\/marktxxl.de\/markt\/produkt\/240-stuecke-silikon-brillenkette-enden-verbinder-brillenkette-schlaufen-halter\/#breadcrumb"},"inLanguage":"de","potentialAction":[{"@type":"ReadAction","target":["https:\/\/marktxxl.de\/markt\/produkt\/240-stuecke-silikon-brillenkette-enden-verbinder-brillenkette-schlaufen-halter\/"]}]},{"@type":"ImageObject","inLanguage":"de","@id":"https:\/\/marktxxl.de\/markt\/produkt\/240-stuecke-silikon-brillenkette-enden-verbinder-brillenkette-schlaufen-halter\/#primaryimage","url":"https:\/\/m.media-amazon.com\/images\/I\/61cH2gUy-RL._SL500_.jpg","contentUrl":"https:\/\/m.media-amazon.com\/images\/I\/61cH2gUy-RL._SL500_.jpg","width":500,"height":500},{"@type":"BreadcrumbList","@id":"https:\/\/marktxxl.de\/markt\/produkt\/240-stuecke-silikon-brillenkette-enden-verbinder-brillenkette-schlaufen-halter\/#breadcrumb","itemListElement":[{"@type":"ListItem","position":1,"name":"Startseite","item":"https:\/\/marktxxl.de\/markt\/"},{"@type":"ListItem","position":2,"name":"Markt","item":"https:\/\/marktxxl.de\/markt\/"},{"@type":"ListItem","position":3,"name":"240 St\u00fccke Silikon Brillenkette Enden Verbinder Brillenkette Schlaufen Halter"}]},{"@type":"WebSite","@id":"https:\/\/marktxxl.de\/markt\/#website","url":"https:\/\/marktxxl.de\/markt\/","name":"Markt-XXL","description":"Ihr Markt Online","publisher":{"@id":"https:\/\/marktxxl.de\/markt\/#organization"},"potentialAction":[{"@type":"SearchAction","target":{"@type":"EntryPoint","urlTemplate":"https:\/\/marktxxl.de\/markt\/?s={search_term_string}"},"query-input":{"@type":"PropertyValueSpecification","valueRequired":true,"valueName":"search_term_string"}}],"inLanguage":"de"},{"@type":"Organization","@id":"https:\/\/marktxxl.de\/markt\/#organization","name":"Markt-XXL","url":"https:\/\/marktxxl.de\/markt\/","logo":{"@type":"ImageObject","inLanguage":"de","@id":"https:\/\/marktxxl.de\/markt\/#\/schema\/logo\/image\/","url":"https:\/\/marktxxl.de\/markt\/wp-content\/uploads\/sites\/3\/2020\/12\/logo.png","contentUrl":"https:\/\/marktxxl.de\/markt\/wp-content\/uploads\/sites\/3\/2020\/12\/logo.png","width":200,"height":70,"caption":"Markt-XXL"},"image":{"@id":"https:\/\/marktxxl.de\/markt\/#\/schema\/logo\/image\/"}}]}},"_links":{"self":[{"href":"https:\/\/marktxxl.de\/markt\/wp-json\/wp\/v2\/product\/117992","targetHints":{"allow":["GET"]}}],"collection":[{"href":"https:\/\/marktxxl.de\/markt\/wp-json\/wp\/v2\/product"}],"about":[{"href":"https:\/\/marktxxl.de\/markt\/wp-json\/wp\/v2\/types\/product"}],"replies":[{"embeddable":true,"href":"https:\/\/marktxxl.de\/markt\/wp-json\/wp\/v2\/comments?post=117992"}],"wp:featuredmedia":[{"embeddable":true,"href":"https:\/\/marktxxl.de\/markt\/wp-json\/wp\/v2\/media\/117993"}],"wp:attachment":[{"href":"https:\/\/marktxxl.de\/markt\/wp-json\/wp\/v2\/media?parent=117992"}],"wp:term":[{"taxonomy":"product_brand","embeddable":true,"href":"https:\/\/marktxxl.de\/markt\/wp-json\/wp\/v2\/product_brand?post=117992"},{"taxonomy":"product_cat","embeddable":true,"href":"https:\/\/marktxxl.de\/markt\/wp-json\/wp\/v2\/product_cat?post=117992"},{"taxonomy":"product_tag","embeddable":true,"href":"https:\/\/marktxxl.de\/markt\/wp-json\/wp\/v2\/product_tag?post=117992"}],"curies":[{"name":"wp","href":"https:\/\/api.w.org\/{rel}","templated":true}]}}