{"id":117912,"date":"2022-05-15T01:43:03","date_gmt":"2022-05-14T23:43:03","guid":{"rendered":"https:\/\/marktxxl.de\/markt\/produkt\/yeahill-damen-blumen-sommerkleid-elegant-schulterfreies-kleid-high-waist-volant-midikleid-luftiges-strandkleider\/"},"modified":"2023-04-11T03:46:14","modified_gmt":"2023-04-11T01:46:14","slug":"yeahill-damen-blumen-sommerkleid-elegant-schulterfreies-kleid-high-waist-volant-midikleid-luftiges-strandkleider","status":"publish","type":"product","link":"https:\/\/marktxxl.de\/markt\/produkt\/yeahill-damen-blumen-sommerkleid-elegant-schulterfreies-kleid-high-waist-volant-midikleid-luftiges-strandkleider\/","title":{"rendered":"Yeahill Sommerkleid Damen Blumen Tunika Kleid Damen Kurz Schulterfreies Kleid High Waist Volantkleider Damen Boho\u2026"},"content":{"rendered":"<p>Bequemer Baumwollstoff: Dieses blumenkleider besteht aus 95% Rayon + 5% Viskose, pflegen sie Ihre empfindliche Haut auch im hei\u00dfen sommer, absorbieren schwei\u00df und sind atmungsaktiv, der stoff ist glatt und flie\u00dfend, passt sich der haut.<br \/>\nSchulterfreies Design: Ein schulterfreier Stil, der dem Trend des Fr\u00fchlings und Sommers in diesem Jahr folgt, mit einer hohen elastischen Taille, die Ihre Taille optisch schlanker erscheinen l\u00e4sst, elegantes und s\u00fc\u00dfes blumenmuster, lassen sie sich dieser hei\u00dfe sommer ist einzigartig.<br \/>\nGeeignet Anl\u00e4sse: Als sexy Partykleider f\u00fcr Treffen mit Freunden, Einkaufen, Urlaub am Meer, t\u00e4gliche Freizeit, Schule, Camping im Freien; kann mit exquisiten Ohrringen, Halsketten-Accessoires, einfachen Handtaschen und Sonnenbrillen kombiniert werden, die Sie modischer aussehen lassen.<br \/>\nZwei Tragem\u00f6glichkeiten: Wenn Sie Ihre charmanten Schultern und Ihren einzigartigen Charme zeigen m\u00f6chten, k\u00f6nnen sie den Ausschnitt des strandkleider in eine parallele position ziehen, es wird ein schulterfreier stil, wenn Sie sich \u00e4ndern m\u00f6chten Ziehen Sie den Ausschnitt auf eine Weise hoch, einfach und doch elegant.<br \/>\nKleider Pflegetipps: Unterst\u00fctzen Maschinenwaschen und manuelles Waschen, Einweichen, B\u00fcgeln bei m\u00e4\u00dfiger Temperatur und Lufttrocknen.<br \/>\n<div class=\"main-cross-sell\" data-asin=\"B09NNW93B5\">\n\n\t<div class=\"WooZone-cross-sell-loader\">\n\t\t<div>\n\t\t\t<div id=\"floatingBarsG\">\n\t\t\t\t<div class=\"blockG\" id=\"rotateG_01\"><\/div>\n\t\t\t\t<div class=\"blockG\" id=\"rotateG_02\"><\/div>\n\t\t\t\t<div class=\"blockG\" id=\"rotateG_03\"><\/div>\n\t\t\t\t<div class=\"blockG\" id=\"rotateG_04\"><\/div>\n\t\t\t\t<div class=\"blockG\" id=\"rotateG_05\"><\/div>\n\t\t\t\t<div class=\"blockG\" id=\"rotateG_06\"><\/div>\n\t\t\t\t<div class=\"blockG\" id=\"rotateG_07\"><\/div>\n\t\t\t\t<div class=\"blockG\" id=\"rotateG_08\"><\/div>\n\t\t\t<\/div>\n\t\t\t<div class=\"WooZone-cross-sell-loader-text\"><\/div>\n\t\t<\/div>\n\t<\/div>\n\n\t\t\n<\/div>\n<div style=\"clear:both;\"><\/div><\/p>\n","protected":false},"excerpt":{"rendered":"<p>Bequemer Baumwollstoff: Dieses blumenkleider besteht aus 95% Rayon + 5% Viskose, pflegen sie Ihre empfindliche Haut auch im hei\u00dfen sommer, absorbieren schwei\u00df und sind atmungsaktiv, der stoff ist glatt und flie\u00dfend, passt sich der haut.<br \/>\nSchulterfreies Design: Ein schulterfreier Stil, der dem Trend des Fr\u00fchlings und Sommers in diesem Jahr folgt, mit einer hohen elastischen Taille, die Ihre Taille optisch schlanker erscheinen l\u00e4sst, elegantes und s\u00fc\u00dfes blumenmuster, lassen sie sich dieser hei\u00dfe sommer ist einzigartig.<br \/>\nGeeignet Anl\u00e4sse: Als sexy Partykleider f\u00fcr Treffen mit Freunden, Einkaufen, Urlaub am Meer, t\u00e4gliche Freizeit, Schule, Camping im Freien; kann mit exquisiten Ohrringen, Halsketten-Accessoires, einfachen Handtaschen und Sonnenbrillen kombiniert werden, die Sie modischer aussehen lassen.<\/p>\n","protected":false},"featured_media":117913,"comment_status":"open","ping_status":"closed","template":"","meta":[],"product_brand":[],"product_cat":[1186,3920],"product_tag":[],"class_list":{"0":"post-117912","1":"product","2":"type-product","3":"status-publish","4":"has-post-thumbnail","6":"product_cat-bekleidung","7":"product_cat-damen","8":"pa_binding-textilien","9":"pa_brand-yeahill","10":"pa_manufacturer-yeahill","12":"first","13":"instock","14":"shipping-taxable","15":"purchasable","16":"product-type-simple","17":"customify-col","18":"product-has-gallery"},"yoast_head":"<!-- This site is optimized with the Yoast SEO plugin v27.4 - https:\/\/yoast.com\/product\/yoast-seo-wordpress\/ -->\n<title>Yeahill Sommerkleid Damen Blumen Tunika Kleid Damen Kurz Schulterfreies Kleid High Waist Volantkleider Damen Boho\u2026 - Markt-XXL<\/title>\n<meta name=\"description\" content=\"Markt-XXL Yeahill Sommerkleid Damen Blumen Tunika Kleid Damen Kurz Schulterfreies Kleid High Waist Volantkleider Damen Boho\u2026\" \/>\n<meta name=\"robots\" content=\"index, follow, max-snippet:-1, max-image-preview:large, max-video-preview:-1\" \/>\n<link rel=\"canonical\" href=\"https:\/\/marktxxl.de\/markt\/produkt\/yeahill-damen-blumen-sommerkleid-elegant-schulterfreies-kleid-high-waist-volant-midikleid-luftiges-strandkleider\/\" \/>\n<meta property=\"og:locale\" content=\"de_DE\" \/>\n<meta property=\"og:type\" content=\"article\" \/>\n<meta property=\"og:title\" content=\"Yeahill Sommerkleid Damen Blumen Tunika Kleid Damen Kurz Schulterfreies Kleid High Waist Volantkleider Damen Boho\u2026 - Markt-XXL\" \/>\n<meta property=\"og:description\" content=\"Markt-XXL Yeahill Sommerkleid Damen Blumen Tunika Kleid Damen Kurz Schulterfreies Kleid High Waist Volantkleider Damen Boho\u2026\" \/>\n<meta property=\"og:url\" content=\"https:\/\/marktxxl.de\/markt\/produkt\/yeahill-damen-blumen-sommerkleid-elegant-schulterfreies-kleid-high-waist-volant-midikleid-luftiges-strandkleider\/\" \/>\n<meta property=\"og:site_name\" content=\"Markt-XXL\" \/>\n<meta property=\"article:modified_time\" content=\"2023-04-11T01:46:14+00:00\" \/>\n<meta property=\"og:image\" content=\"https:\/\/m.media-amazon.com\/images\/I\/51ARF1AKk6L._SL500_.jpg\" \/>\n\t<meta property=\"og:image:width\" content=\"367\" \/>\n\t<meta property=\"og:image:height\" content=\"500\" \/>\n\t<meta property=\"og:image:type\" content=\"image\/jpeg\" \/>\n<meta name=\"twitter:card\" content=\"summary_large_image\" \/>\n<meta name=\"twitter:label1\" content=\"Gesch\u00e4tzte Lesezeit\" \/>\n\t<meta name=\"twitter:data1\" content=\"1\u00a0Minute\" \/>\n<script type=\"application\/ld+json\" class=\"yoast-schema-graph\">{\"@context\":\"https:\\\/\\\/schema.org\",\"@graph\":[{\"@type\":\"WebPage\",\"@id\":\"https:\\\/\\\/marktxxl.de\\\/markt\\\/produkt\\\/yeahill-damen-blumen-sommerkleid-elegant-schulterfreies-kleid-high-waist-volant-midikleid-luftiges-strandkleider\\\/\",\"url\":\"https:\\\/\\\/marktxxl.de\\\/markt\\\/produkt\\\/yeahill-damen-blumen-sommerkleid-elegant-schulterfreies-kleid-high-waist-volant-midikleid-luftiges-strandkleider\\\/\",\"name\":\"Yeahill Sommerkleid Damen Blumen Tunika Kleid Damen Kurz Schulterfreies Kleid High Waist Volantkleider Damen Boho\u2026 - Markt-XXL\",\"isPartOf\":{\"@id\":\"https:\\\/\\\/marktxxl.de\\\/markt\\\/#website\"},\"primaryImageOfPage\":{\"@id\":\"https:\\\/\\\/marktxxl.de\\\/markt\\\/produkt\\\/yeahill-damen-blumen-sommerkleid-elegant-schulterfreies-kleid-high-waist-volant-midikleid-luftiges-strandkleider\\\/#primaryimage\"},\"image\":{\"@id\":\"https:\\\/\\\/marktxxl.de\\\/markt\\\/produkt\\\/yeahill-damen-blumen-sommerkleid-elegant-schulterfreies-kleid-high-waist-volant-midikleid-luftiges-strandkleider\\\/#primaryimage\"},\"thumbnailUrl\":\"https:\\\/\\\/m.media-amazon.com\\\/images\\\/I\\\/51ARF1AKk6L._SL500_.jpg\",\"datePublished\":\"2022-05-14T23:43:03+00:00\",\"dateModified\":\"2023-04-11T01:46:14+00:00\",\"description\":\"Markt-XXL Yeahill Sommerkleid Damen Blumen Tunika Kleid Damen Kurz Schulterfreies Kleid High Waist Volantkleider Damen Boho\u2026\",\"breadcrumb\":{\"@id\":\"https:\\\/\\\/marktxxl.de\\\/markt\\\/produkt\\\/yeahill-damen-blumen-sommerkleid-elegant-schulterfreies-kleid-high-waist-volant-midikleid-luftiges-strandkleider\\\/#breadcrumb\"},\"inLanguage\":\"de\",\"potentialAction\":[{\"@type\":\"ReadAction\",\"target\":[\"https:\\\/\\\/marktxxl.de\\\/markt\\\/produkt\\\/yeahill-damen-blumen-sommerkleid-elegant-schulterfreies-kleid-high-waist-volant-midikleid-luftiges-strandkleider\\\/\"]}]},{\"@type\":\"ImageObject\",\"inLanguage\":\"de\",\"@id\":\"https:\\\/\\\/marktxxl.de\\\/markt\\\/produkt\\\/yeahill-damen-blumen-sommerkleid-elegant-schulterfreies-kleid-high-waist-volant-midikleid-luftiges-strandkleider\\\/#primaryimage\",\"url\":\"https:\\\/\\\/m.media-amazon.com\\\/images\\\/I\\\/51ARF1AKk6L._SL500_.jpg\",\"contentUrl\":\"https:\\\/\\\/m.media-amazon.com\\\/images\\\/I\\\/51ARF1AKk6L._SL500_.jpg\",\"width\":367,\"height\":500},{\"@type\":\"BreadcrumbList\",\"@id\":\"https:\\\/\\\/marktxxl.de\\\/markt\\\/produkt\\\/yeahill-damen-blumen-sommerkleid-elegant-schulterfreies-kleid-high-waist-volant-midikleid-luftiges-strandkleider\\\/#breadcrumb\",\"itemListElement\":[{\"@type\":\"ListItem\",\"position\":1,\"name\":\"Startseite\",\"item\":\"https:\\\/\\\/marktxxl.de\\\/markt\\\/\"},{\"@type\":\"ListItem\",\"position\":2,\"name\":\"Markt\",\"item\":\"https:\\\/\\\/marktxxl.de\\\/markt\\\/\"},{\"@type\":\"ListItem\",\"position\":3,\"name\":\"Yeahill Sommerkleid Damen Blumen Tunika Kleid Damen Kurz Schulterfreies Kleid High Waist Volantkleider Damen Boho\u2026\"}]},{\"@type\":\"WebSite\",\"@id\":\"https:\\\/\\\/marktxxl.de\\\/markt\\\/#website\",\"url\":\"https:\\\/\\\/marktxxl.de\\\/markt\\\/\",\"name\":\"Markt-XXL\",\"description\":\"Ihr Markt Online\",\"publisher\":{\"@id\":\"https:\\\/\\\/marktxxl.de\\\/markt\\\/#organization\"},\"potentialAction\":[{\"@type\":\"SearchAction\",\"target\":{\"@type\":\"EntryPoint\",\"urlTemplate\":\"https:\\\/\\\/marktxxl.de\\\/markt\\\/?s={search_term_string}\"},\"query-input\":{\"@type\":\"PropertyValueSpecification\",\"valueRequired\":true,\"valueName\":\"search_term_string\"}}],\"inLanguage\":\"de\"},{\"@type\":\"Organization\",\"@id\":\"https:\\\/\\\/marktxxl.de\\\/markt\\\/#organization\",\"name\":\"Markt-XXL\",\"url\":\"https:\\\/\\\/marktxxl.de\\\/markt\\\/\",\"logo\":{\"@type\":\"ImageObject\",\"inLanguage\":\"de\",\"@id\":\"https:\\\/\\\/marktxxl.de\\\/markt\\\/#\\\/schema\\\/logo\\\/image\\\/\",\"url\":\"https:\\\/\\\/marktxxl.de\\\/markt\\\/wp-content\\\/uploads\\\/sites\\\/3\\\/2020\\\/12\\\/logo.png\",\"contentUrl\":\"https:\\\/\\\/marktxxl.de\\\/markt\\\/wp-content\\\/uploads\\\/sites\\\/3\\\/2020\\\/12\\\/logo.png\",\"width\":200,\"height\":70,\"caption\":\"Markt-XXL\"},\"image\":{\"@id\":\"https:\\\/\\\/marktxxl.de\\\/markt\\\/#\\\/schema\\\/logo\\\/image\\\/\"}}]}<\/script>\n<!-- \/ Yoast SEO plugin. -->","yoast_head_json":{"title":"Yeahill Sommerkleid Damen Blumen Tunika Kleid Damen Kurz Schulterfreies Kleid High Waist Volantkleider Damen Boho\u2026 - Markt-XXL","description":"Markt-XXL Yeahill Sommerkleid Damen Blumen Tunika Kleid Damen Kurz Schulterfreies Kleid High Waist Volantkleider Damen Boho\u2026","robots":{"index":"index","follow":"follow","max-snippet":"max-snippet:-1","max-image-preview":"max-image-preview:large","max-video-preview":"max-video-preview:-1"},"canonical":"https:\/\/marktxxl.de\/markt\/produkt\/yeahill-damen-blumen-sommerkleid-elegant-schulterfreies-kleid-high-waist-volant-midikleid-luftiges-strandkleider\/","og_locale":"de_DE","og_type":"article","og_title":"Yeahill Sommerkleid Damen Blumen Tunika Kleid Damen Kurz Schulterfreies Kleid High Waist Volantkleider Damen Boho\u2026 - Markt-XXL","og_description":"Markt-XXL Yeahill Sommerkleid Damen Blumen Tunika Kleid Damen Kurz Schulterfreies Kleid High Waist Volantkleider Damen Boho\u2026","og_url":"https:\/\/marktxxl.de\/markt\/produkt\/yeahill-damen-blumen-sommerkleid-elegant-schulterfreies-kleid-high-waist-volant-midikleid-luftiges-strandkleider\/","og_site_name":"Markt-XXL","article_modified_time":"2023-04-11T01:46:14+00:00","og_image":[{"width":367,"height":500,"url":"https:\/\/m.media-amazon.com\/images\/I\/51ARF1AKk6L._SL500_.jpg","type":"image\/jpeg"}],"twitter_card":"summary_large_image","twitter_misc":{"Gesch\u00e4tzte Lesezeit":"1\u00a0Minute"},"schema":{"@context":"https:\/\/schema.org","@graph":[{"@type":"WebPage","@id":"https:\/\/marktxxl.de\/markt\/produkt\/yeahill-damen-blumen-sommerkleid-elegant-schulterfreies-kleid-high-waist-volant-midikleid-luftiges-strandkleider\/","url":"https:\/\/marktxxl.de\/markt\/produkt\/yeahill-damen-blumen-sommerkleid-elegant-schulterfreies-kleid-high-waist-volant-midikleid-luftiges-strandkleider\/","name":"Yeahill Sommerkleid Damen Blumen Tunika Kleid Damen Kurz Schulterfreies Kleid High Waist Volantkleider Damen Boho\u2026 - Markt-XXL","isPartOf":{"@id":"https:\/\/marktxxl.de\/markt\/#website"},"primaryImageOfPage":{"@id":"https:\/\/marktxxl.de\/markt\/produkt\/yeahill-damen-blumen-sommerkleid-elegant-schulterfreies-kleid-high-waist-volant-midikleid-luftiges-strandkleider\/#primaryimage"},"image":{"@id":"https:\/\/marktxxl.de\/markt\/produkt\/yeahill-damen-blumen-sommerkleid-elegant-schulterfreies-kleid-high-waist-volant-midikleid-luftiges-strandkleider\/#primaryimage"},"thumbnailUrl":"https:\/\/m.media-amazon.com\/images\/I\/51ARF1AKk6L._SL500_.jpg","datePublished":"2022-05-14T23:43:03+00:00","dateModified":"2023-04-11T01:46:14+00:00","description":"Markt-XXL Yeahill Sommerkleid Damen Blumen Tunika Kleid Damen Kurz Schulterfreies Kleid High Waist Volantkleider Damen Boho\u2026","breadcrumb":{"@id":"https:\/\/marktxxl.de\/markt\/produkt\/yeahill-damen-blumen-sommerkleid-elegant-schulterfreies-kleid-high-waist-volant-midikleid-luftiges-strandkleider\/#breadcrumb"},"inLanguage":"de","potentialAction":[{"@type":"ReadAction","target":["https:\/\/marktxxl.de\/markt\/produkt\/yeahill-damen-blumen-sommerkleid-elegant-schulterfreies-kleid-high-waist-volant-midikleid-luftiges-strandkleider\/"]}]},{"@type":"ImageObject","inLanguage":"de","@id":"https:\/\/marktxxl.de\/markt\/produkt\/yeahill-damen-blumen-sommerkleid-elegant-schulterfreies-kleid-high-waist-volant-midikleid-luftiges-strandkleider\/#primaryimage","url":"https:\/\/m.media-amazon.com\/images\/I\/51ARF1AKk6L._SL500_.jpg","contentUrl":"https:\/\/m.media-amazon.com\/images\/I\/51ARF1AKk6L._SL500_.jpg","width":367,"height":500},{"@type":"BreadcrumbList","@id":"https:\/\/marktxxl.de\/markt\/produkt\/yeahill-damen-blumen-sommerkleid-elegant-schulterfreies-kleid-high-waist-volant-midikleid-luftiges-strandkleider\/#breadcrumb","itemListElement":[{"@type":"ListItem","position":1,"name":"Startseite","item":"https:\/\/marktxxl.de\/markt\/"},{"@type":"ListItem","position":2,"name":"Markt","item":"https:\/\/marktxxl.de\/markt\/"},{"@type":"ListItem","position":3,"name":"Yeahill Sommerkleid Damen Blumen Tunika Kleid Damen Kurz Schulterfreies Kleid High Waist Volantkleider Damen Boho\u2026"}]},{"@type":"WebSite","@id":"https:\/\/marktxxl.de\/markt\/#website","url":"https:\/\/marktxxl.de\/markt\/","name":"Markt-XXL","description":"Ihr Markt Online","publisher":{"@id":"https:\/\/marktxxl.de\/markt\/#organization"},"potentialAction":[{"@type":"SearchAction","target":{"@type":"EntryPoint","urlTemplate":"https:\/\/marktxxl.de\/markt\/?s={search_term_string}"},"query-input":{"@type":"PropertyValueSpecification","valueRequired":true,"valueName":"search_term_string"}}],"inLanguage":"de"},{"@type":"Organization","@id":"https:\/\/marktxxl.de\/markt\/#organization","name":"Markt-XXL","url":"https:\/\/marktxxl.de\/markt\/","logo":{"@type":"ImageObject","inLanguage":"de","@id":"https:\/\/marktxxl.de\/markt\/#\/schema\/logo\/image\/","url":"https:\/\/marktxxl.de\/markt\/wp-content\/uploads\/sites\/3\/2020\/12\/logo.png","contentUrl":"https:\/\/marktxxl.de\/markt\/wp-content\/uploads\/sites\/3\/2020\/12\/logo.png","width":200,"height":70,"caption":"Markt-XXL"},"image":{"@id":"https:\/\/marktxxl.de\/markt\/#\/schema\/logo\/image\/"}}]}},"_links":{"self":[{"href":"https:\/\/marktxxl.de\/markt\/wp-json\/wp\/v2\/product\/117912","targetHints":{"allow":["GET"]}}],"collection":[{"href":"https:\/\/marktxxl.de\/markt\/wp-json\/wp\/v2\/product"}],"about":[{"href":"https:\/\/marktxxl.de\/markt\/wp-json\/wp\/v2\/types\/product"}],"replies":[{"embeddable":true,"href":"https:\/\/marktxxl.de\/markt\/wp-json\/wp\/v2\/comments?post=117912"}],"wp:featuredmedia":[{"embeddable":true,"href":"https:\/\/marktxxl.de\/markt\/wp-json\/wp\/v2\/media\/117913"}],"wp:attachment":[{"href":"https:\/\/marktxxl.de\/markt\/wp-json\/wp\/v2\/media?parent=117912"}],"wp:term":[{"taxonomy":"product_brand","embeddable":true,"href":"https:\/\/marktxxl.de\/markt\/wp-json\/wp\/v2\/product_brand?post=117912"},{"taxonomy":"product_cat","embeddable":true,"href":"https:\/\/marktxxl.de\/markt\/wp-json\/wp\/v2\/product_cat?post=117912"},{"taxonomy":"product_tag","embeddable":true,"href":"https:\/\/marktxxl.de\/markt\/wp-json\/wp\/v2\/product_tag?post=117912"}],"curies":[{"name":"wp","href":"https:\/\/api.w.org\/{rel}","templated":true}]}}