{"id":117829,"date":"2022-05-15T01:37:36","date_gmt":"2022-05-14T23:37:36","guid":{"rendered":"https:\/\/marktxxl.de\/markt\/produkt\/pamiyo-silikon-reiseflaschen-90ml-set4-stueck-auslaufsicher-reise-container-und-portable-reise-toilettenartikel-set-nachfuellbare-fluessigkeitsbehaelter-fuer-lotion-koerperpflege\/"},"modified":"2023-04-11T03:46:13","modified_gmt":"2023-04-11T01:46:13","slug":"pamiyo-silikon-reiseflaschen-90ml-set4-stueck-auslaufsicher-reise-container-und-portable-reise-toilettenartikel-set-nachfuellbare-fluessigkeitsbehaelter-fuer-lotion-koerperpflege","status":"publish","type":"product","link":"https:\/\/marktxxl.de\/markt\/produkt\/pamiyo-silikon-reiseflaschen-90ml-set4-stueck-auslaufsicher-reise-container-und-portable-reise-toilettenartikel-set-nachfuellbare-fluessigkeitsbehaelter-fuer-lotion-koerperpflege\/","title":{"rendered":"PAMIYO Silikon Reiseflaschen 90ml Set,4 St\u00fcck Auslaufsicher Reise Container und Portable Reise Toilettenartikel Set\u2026"},"content":{"rendered":"<p>[ Was Sie erhalten ] 4 \u00d7 90ml mittelgro\u00dfe Reiseflaschen mit gro\u00dfem Flaschenhals zum einfachen Nachf\u00fcllen und Reinigen. 2\u00d7 Zahnb\u00fcrstenabdeckung 2\u00d75ml D\u00f6schen, 100% zufriedenstellender Kundenservice. Bitte z\u00f6gern Sie nicht uns bei Problemen zu kontaktieren!<br \/>\n[ Auslaufsichere Reiseflaschen ]: Der Flaschenverschluss verf\u00fcgt \u00fcber ein tropffreies Ventil, Das 3-lagige, auslaufsichere Design verhindert das Auslaufen oder Versch\u00fctten von Fl\u00fcssigkeit und sch\u00fctzt Ihr Gep\u00e4ck und Ihre Kleidung. Die Bogenform verhindert, dass Fl\u00fcssigkeiten in einer Flaschenecke h\u00e4ngen bleiben, und hilft Ihnen, den letzten Tropfen herauszuholen, ohne Ihre Produkte zu vergeuden. Die Flaschenverschluss ist mit nur einer Hand leicht zu \u00f6ffnen.<br \/>\n[ Bunte Design &amp; TSA Genehmigt ]: 90 ml Flaschenset, perfekt f\u00fcr Shampoo, Conditioner, K\u00f6rperw\u00e4sche, Lotion und mehr. Wir geben zus\u00e4tzlich zwei Zahnspangen und zwei 5-ml-D\u00f6schen. Es ist garantiert, dass Sie auf Reisen einen angenehmen Urlaub mit entspanntem Gep\u00e4ck verbringen k\u00f6nnen.<br \/>\n[ Material von Lebensmittelqualit\u00e4t ]: Unsere Silikon-Reiseflaschen bestehen aus FDA zugelassenem und 100% BPA freiem Silikon f\u00fcr Lebensmittel und sind somit sicher f\u00fcr andere Fl\u00fcssigkeiten wie So\u00dfe, Salatdressing oder sogar Babynahrung.Sie k\u00f6nnen es auch als Futter Tube f\u00fcr Ihren Hund verwenden.<br \/>\n[ Einfaches Verstauen, Nachf\u00fcllen und Reinigen ]: Hergestellt aus hochwertigem Silikon und Polypropylen (PP), extrem kompressionsbest\u00e4ndig, leicht, langlebig sowie wasserdicht. Die Reisebeh\u00e4lter bestehen aus einem weichen und verformbaren Material und besitzen eine breite \u00d6ffnung zum einfachen Nachf\u00fcllen und Reinigen. Perfekt f\u00fcr Gesch\u00e4fts- oder Privatreisen, Camping, Wandern, Picknick, Freizeitaktivit\u00e4ten im Freien, Fitnessstudio usw.<br \/>\n<div class=\"main-cross-sell\" data-asin=\"B09PV2982D\">\n\n\t<div class=\"WooZone-cross-sell-loader\">\n\t\t<div>\n\t\t\t<div id=\"floatingBarsG\">\n\t\t\t\t<div class=\"blockG\" id=\"rotateG_01\"><\/div>\n\t\t\t\t<div class=\"blockG\" id=\"rotateG_02\"><\/div>\n\t\t\t\t<div class=\"blockG\" id=\"rotateG_03\"><\/div>\n\t\t\t\t<div class=\"blockG\" id=\"rotateG_04\"><\/div>\n\t\t\t\t<div class=\"blockG\" id=\"rotateG_05\"><\/div>\n\t\t\t\t<div class=\"blockG\" id=\"rotateG_06\"><\/div>\n\t\t\t\t<div class=\"blockG\" id=\"rotateG_07\"><\/div>\n\t\t\t\t<div class=\"blockG\" id=\"rotateG_08\"><\/div>\n\t\t\t<\/div>\n\t\t\t<div class=\"WooZone-cross-sell-loader-text\"><\/div>\n\t\t<\/div>\n\t<\/div>\n\n\t\t\n<\/div>\n<div style=\"clear:both;\"><\/div><\/p>\n","protected":false},"excerpt":{"rendered":"<p>[ Was Sie erhalten ] 4 \u00d7 90ml mittelgro\u00dfe Reiseflaschen mit gro\u00dfem Flaschenhals zum einfachen Nachf\u00fcllen und Reinigen. 2\u00d7 Zahnb\u00fcrstenabdeckung 2\u00d75ml D\u00f6schen, 100% zufriedenstellender Kundenservice. Bitte z\u00f6gern Sie nicht uns bei Problemen zu kontaktieren!<br \/>\n[ Auslaufsichere Reiseflaschen ]: Der Flaschenverschluss verf\u00fcgt \u00fcber ein tropffreies Ventil, Das 3-lagige, auslaufsichere Design verhindert das Auslaufen oder Versch\u00fctten von Fl\u00fcssigkeit und sch\u00fctzt Ihr Gep\u00e4ck und Ihre Kleidung. Die Bogenform verhindert, dass Fl\u00fcssigkeiten in einer Flaschenecke h\u00e4ngen bleiben, und hilft Ihnen, den letzten Tropfen herauszuholen, ohne Ihre Produkte zu vergeuden. Die Flaschenverschluss ist mit nur einer Hand leicht zu \u00f6ffnen.<br \/>\n[ Bunte Design &amp; TSA Genehmigt ]: 90 ml Flaschenset, perfekt f\u00fcr Shampoo, Conditioner, K\u00f6rperw\u00e4sche, Lotion und mehr. Wir geben zus\u00e4tzlich zwei Zahnspangen und zwei 5-ml-D\u00f6schen. Es ist garantiert, dass Sie auf Reisen einen angenehmen Urlaub mit entspanntem Gep\u00e4ck verbringen k\u00f6nnen.<\/p>\n","protected":false},"featured_media":117830,"comment_status":"open","ping_status":"closed","template":"","meta":[],"product_brand":[],"product_cat":[2858,7726],"product_tag":[],"class_list":{"0":"post-117829","1":"product","2":"type-product","3":"status-publish","4":"has-post-thumbnail","6":"product_cat-beauty","7":"product_cat-zubehoer-beauty","8":"pa_binding-misc","9":"pa_brand-pamiyo","10":"pa_color-blau","11":"pa_size-90ml","13":"first","14":"instock","15":"shipping-taxable","16":"purchasable","17":"product-type-simple","18":"customify-col","19":"product-has-gallery"},"yoast_head":"<!-- This site is optimized with the Yoast SEO plugin v27.3 - https:\/\/yoast.com\/product\/yoast-seo-wordpress\/ -->\n<title>PAMIYO Silikon Reiseflaschen 90ml Set,4 St\u00fcck Auslaufsicher Reise Container und Portable Reise Toilettenartikel Set\u2026 - Markt-XXL<\/title>\n<meta name=\"description\" content=\"Markt-XXL PAMIYO Silikon Reiseflaschen 90ml Set,4 St\u00fcck Auslaufsicher Reise Container und Portable Reise Toilettenartikel Set\u2026\" \/>\n<meta name=\"robots\" content=\"index, follow, max-snippet:-1, max-image-preview:large, max-video-preview:-1\" \/>\n<link rel=\"canonical\" href=\"https:\/\/marktxxl.de\/markt\/produkt\/pamiyo-silikon-reiseflaschen-90ml-set4-stueck-auslaufsicher-reise-container-und-portable-reise-toilettenartikel-set-nachfuellbare-fluessigkeitsbehaelter-fuer-lotion-koerperpflege\/\" \/>\n<meta property=\"og:locale\" content=\"de_DE\" \/>\n<meta property=\"og:type\" content=\"article\" \/>\n<meta property=\"og:title\" content=\"PAMIYO Silikon Reiseflaschen 90ml Set,4 St\u00fcck Auslaufsicher Reise Container und Portable Reise Toilettenartikel Set\u2026 - Markt-XXL\" \/>\n<meta property=\"og:description\" content=\"Markt-XXL PAMIYO Silikon Reiseflaschen 90ml Set,4 St\u00fcck Auslaufsicher Reise Container und Portable Reise Toilettenartikel Set\u2026\" \/>\n<meta property=\"og:url\" content=\"https:\/\/marktxxl.de\/markt\/produkt\/pamiyo-silikon-reiseflaschen-90ml-set4-stueck-auslaufsicher-reise-container-und-portable-reise-toilettenartikel-set-nachfuellbare-fluessigkeitsbehaelter-fuer-lotion-koerperpflege\/\" \/>\n<meta property=\"og:site_name\" content=\"Markt-XXL\" \/>\n<meta property=\"article:modified_time\" content=\"2023-04-11T01:46:13+00:00\" \/>\n<meta property=\"og:image\" content=\"https:\/\/m.media-amazon.com\/images\/I\/41WuKQC+HlL._SL500_.jpg\" \/>\n\t<meta property=\"og:image:width\" content=\"500\" \/>\n\t<meta property=\"og:image:height\" content=\"500\" \/>\n\t<meta property=\"og:image:type\" content=\"image\/jpeg\" \/>\n<meta name=\"twitter:card\" content=\"summary_large_image\" \/>\n<meta name=\"twitter:label1\" content=\"Gesch\u00e4tzte Lesezeit\" \/>\n\t<meta name=\"twitter:data1\" content=\"1\u00a0Minute\" \/>\n<script type=\"application\/ld+json\" class=\"yoast-schema-graph\">{\"@context\":\"https:\\\/\\\/schema.org\",\"@graph\":[{\"@type\":\"WebPage\",\"@id\":\"https:\\\/\\\/marktxxl.de\\\/markt\\\/produkt\\\/pamiyo-silikon-reiseflaschen-90ml-set4-stueck-auslaufsicher-reise-container-und-portable-reise-toilettenartikel-set-nachfuellbare-fluessigkeitsbehaelter-fuer-lotion-koerperpflege\\\/\",\"url\":\"https:\\\/\\\/marktxxl.de\\\/markt\\\/produkt\\\/pamiyo-silikon-reiseflaschen-90ml-set4-stueck-auslaufsicher-reise-container-und-portable-reise-toilettenartikel-set-nachfuellbare-fluessigkeitsbehaelter-fuer-lotion-koerperpflege\\\/\",\"name\":\"PAMIYO Silikon Reiseflaschen 90ml Set,4 St\u00fcck Auslaufsicher Reise Container und Portable Reise Toilettenartikel Set\u2026 - Markt-XXL\",\"isPartOf\":{\"@id\":\"https:\\\/\\\/marktxxl.de\\\/markt\\\/#website\"},\"primaryImageOfPage\":{\"@id\":\"https:\\\/\\\/marktxxl.de\\\/markt\\\/produkt\\\/pamiyo-silikon-reiseflaschen-90ml-set4-stueck-auslaufsicher-reise-container-und-portable-reise-toilettenartikel-set-nachfuellbare-fluessigkeitsbehaelter-fuer-lotion-koerperpflege\\\/#primaryimage\"},\"image\":{\"@id\":\"https:\\\/\\\/marktxxl.de\\\/markt\\\/produkt\\\/pamiyo-silikon-reiseflaschen-90ml-set4-stueck-auslaufsicher-reise-container-und-portable-reise-toilettenartikel-set-nachfuellbare-fluessigkeitsbehaelter-fuer-lotion-koerperpflege\\\/#primaryimage\"},\"thumbnailUrl\":\"https:\\\/\\\/m.media-amazon.com\\\/images\\\/I\\\/41WuKQC+HlL._SL500_.jpg\",\"datePublished\":\"2022-05-14T23:37:36+00:00\",\"dateModified\":\"2023-04-11T01:46:13+00:00\",\"description\":\"Markt-XXL PAMIYO Silikon Reiseflaschen 90ml Set,4 St\u00fcck Auslaufsicher Reise Container und Portable Reise Toilettenartikel Set\u2026\",\"breadcrumb\":{\"@id\":\"https:\\\/\\\/marktxxl.de\\\/markt\\\/produkt\\\/pamiyo-silikon-reiseflaschen-90ml-set4-stueck-auslaufsicher-reise-container-und-portable-reise-toilettenartikel-set-nachfuellbare-fluessigkeitsbehaelter-fuer-lotion-koerperpflege\\\/#breadcrumb\"},\"inLanguage\":\"de\",\"potentialAction\":[{\"@type\":\"ReadAction\",\"target\":[\"https:\\\/\\\/marktxxl.de\\\/markt\\\/produkt\\\/pamiyo-silikon-reiseflaschen-90ml-set4-stueck-auslaufsicher-reise-container-und-portable-reise-toilettenartikel-set-nachfuellbare-fluessigkeitsbehaelter-fuer-lotion-koerperpflege\\\/\"]}]},{\"@type\":\"ImageObject\",\"inLanguage\":\"de\",\"@id\":\"https:\\\/\\\/marktxxl.de\\\/markt\\\/produkt\\\/pamiyo-silikon-reiseflaschen-90ml-set4-stueck-auslaufsicher-reise-container-und-portable-reise-toilettenartikel-set-nachfuellbare-fluessigkeitsbehaelter-fuer-lotion-koerperpflege\\\/#primaryimage\",\"url\":\"https:\\\/\\\/m.media-amazon.com\\\/images\\\/I\\\/41WuKQC+HlL._SL500_.jpg\",\"contentUrl\":\"https:\\\/\\\/m.media-amazon.com\\\/images\\\/I\\\/41WuKQC+HlL._SL500_.jpg\",\"width\":500,\"height\":500},{\"@type\":\"BreadcrumbList\",\"@id\":\"https:\\\/\\\/marktxxl.de\\\/markt\\\/produkt\\\/pamiyo-silikon-reiseflaschen-90ml-set4-stueck-auslaufsicher-reise-container-und-portable-reise-toilettenartikel-set-nachfuellbare-fluessigkeitsbehaelter-fuer-lotion-koerperpflege\\\/#breadcrumb\",\"itemListElement\":[{\"@type\":\"ListItem\",\"position\":1,\"name\":\"Startseite\",\"item\":\"https:\\\/\\\/marktxxl.de\\\/markt\\\/\"},{\"@type\":\"ListItem\",\"position\":2,\"name\":\"Markt\",\"item\":\"https:\\\/\\\/marktxxl.de\\\/markt\\\/\"},{\"@type\":\"ListItem\",\"position\":3,\"name\":\"PAMIYO Silikon Reiseflaschen 90ml Set,4 St\u00fcck Auslaufsicher Reise Container und Portable Reise Toilettenartikel Set\u2026\"}]},{\"@type\":\"WebSite\",\"@id\":\"https:\\\/\\\/marktxxl.de\\\/markt\\\/#website\",\"url\":\"https:\\\/\\\/marktxxl.de\\\/markt\\\/\",\"name\":\"Markt-XXL\",\"description\":\"Ihr Markt Online\",\"publisher\":{\"@id\":\"https:\\\/\\\/marktxxl.de\\\/markt\\\/#organization\"},\"potentialAction\":[{\"@type\":\"SearchAction\",\"target\":{\"@type\":\"EntryPoint\",\"urlTemplate\":\"https:\\\/\\\/marktxxl.de\\\/markt\\\/?s={search_term_string}\"},\"query-input\":{\"@type\":\"PropertyValueSpecification\",\"valueRequired\":true,\"valueName\":\"search_term_string\"}}],\"inLanguage\":\"de\"},{\"@type\":\"Organization\",\"@id\":\"https:\\\/\\\/marktxxl.de\\\/markt\\\/#organization\",\"name\":\"Markt-XXL\",\"url\":\"https:\\\/\\\/marktxxl.de\\\/markt\\\/\",\"logo\":{\"@type\":\"ImageObject\",\"inLanguage\":\"de\",\"@id\":\"https:\\\/\\\/marktxxl.de\\\/markt\\\/#\\\/schema\\\/logo\\\/image\\\/\",\"url\":\"https:\\\/\\\/marktxxl.de\\\/markt\\\/wp-content\\\/uploads\\\/sites\\\/3\\\/2020\\\/12\\\/logo.png\",\"contentUrl\":\"https:\\\/\\\/marktxxl.de\\\/markt\\\/wp-content\\\/uploads\\\/sites\\\/3\\\/2020\\\/12\\\/logo.png\",\"width\":200,\"height\":70,\"caption\":\"Markt-XXL\"},\"image\":{\"@id\":\"https:\\\/\\\/marktxxl.de\\\/markt\\\/#\\\/schema\\\/logo\\\/image\\\/\"}}]}<\/script>\n<!-- \/ Yoast SEO plugin. -->","yoast_head_json":{"title":"PAMIYO Silikon Reiseflaschen 90ml Set,4 St\u00fcck Auslaufsicher Reise Container und Portable Reise Toilettenartikel Set\u2026 - Markt-XXL","description":"Markt-XXL PAMIYO Silikon Reiseflaschen 90ml Set,4 St\u00fcck Auslaufsicher Reise Container und Portable Reise Toilettenartikel Set\u2026","robots":{"index":"index","follow":"follow","max-snippet":"max-snippet:-1","max-image-preview":"max-image-preview:large","max-video-preview":"max-video-preview:-1"},"canonical":"https:\/\/marktxxl.de\/markt\/produkt\/pamiyo-silikon-reiseflaschen-90ml-set4-stueck-auslaufsicher-reise-container-und-portable-reise-toilettenartikel-set-nachfuellbare-fluessigkeitsbehaelter-fuer-lotion-koerperpflege\/","og_locale":"de_DE","og_type":"article","og_title":"PAMIYO Silikon Reiseflaschen 90ml Set,4 St\u00fcck Auslaufsicher Reise Container und Portable Reise Toilettenartikel Set\u2026 - Markt-XXL","og_description":"Markt-XXL PAMIYO Silikon Reiseflaschen 90ml Set,4 St\u00fcck Auslaufsicher Reise Container und Portable Reise Toilettenartikel Set\u2026","og_url":"https:\/\/marktxxl.de\/markt\/produkt\/pamiyo-silikon-reiseflaschen-90ml-set4-stueck-auslaufsicher-reise-container-und-portable-reise-toilettenartikel-set-nachfuellbare-fluessigkeitsbehaelter-fuer-lotion-koerperpflege\/","og_site_name":"Markt-XXL","article_modified_time":"2023-04-11T01:46:13+00:00","og_image":[{"width":500,"height":500,"url":"https:\/\/m.media-amazon.com\/images\/I\/41WuKQC+HlL._SL500_.jpg","type":"image\/jpeg"}],"twitter_card":"summary_large_image","twitter_misc":{"Gesch\u00e4tzte Lesezeit":"1\u00a0Minute"},"schema":{"@context":"https:\/\/schema.org","@graph":[{"@type":"WebPage","@id":"https:\/\/marktxxl.de\/markt\/produkt\/pamiyo-silikon-reiseflaschen-90ml-set4-stueck-auslaufsicher-reise-container-und-portable-reise-toilettenartikel-set-nachfuellbare-fluessigkeitsbehaelter-fuer-lotion-koerperpflege\/","url":"https:\/\/marktxxl.de\/markt\/produkt\/pamiyo-silikon-reiseflaschen-90ml-set4-stueck-auslaufsicher-reise-container-und-portable-reise-toilettenartikel-set-nachfuellbare-fluessigkeitsbehaelter-fuer-lotion-koerperpflege\/","name":"PAMIYO Silikon Reiseflaschen 90ml Set,4 St\u00fcck Auslaufsicher Reise Container und Portable Reise Toilettenartikel Set\u2026 - Markt-XXL","isPartOf":{"@id":"https:\/\/marktxxl.de\/markt\/#website"},"primaryImageOfPage":{"@id":"https:\/\/marktxxl.de\/markt\/produkt\/pamiyo-silikon-reiseflaschen-90ml-set4-stueck-auslaufsicher-reise-container-und-portable-reise-toilettenartikel-set-nachfuellbare-fluessigkeitsbehaelter-fuer-lotion-koerperpflege\/#primaryimage"},"image":{"@id":"https:\/\/marktxxl.de\/markt\/produkt\/pamiyo-silikon-reiseflaschen-90ml-set4-stueck-auslaufsicher-reise-container-und-portable-reise-toilettenartikel-set-nachfuellbare-fluessigkeitsbehaelter-fuer-lotion-koerperpflege\/#primaryimage"},"thumbnailUrl":"https:\/\/m.media-amazon.com\/images\/I\/41WuKQC+HlL._SL500_.jpg","datePublished":"2022-05-14T23:37:36+00:00","dateModified":"2023-04-11T01:46:13+00:00","description":"Markt-XXL PAMIYO Silikon Reiseflaschen 90ml Set,4 St\u00fcck Auslaufsicher Reise Container und Portable Reise Toilettenartikel Set\u2026","breadcrumb":{"@id":"https:\/\/marktxxl.de\/markt\/produkt\/pamiyo-silikon-reiseflaschen-90ml-set4-stueck-auslaufsicher-reise-container-und-portable-reise-toilettenartikel-set-nachfuellbare-fluessigkeitsbehaelter-fuer-lotion-koerperpflege\/#breadcrumb"},"inLanguage":"de","potentialAction":[{"@type":"ReadAction","target":["https:\/\/marktxxl.de\/markt\/produkt\/pamiyo-silikon-reiseflaschen-90ml-set4-stueck-auslaufsicher-reise-container-und-portable-reise-toilettenartikel-set-nachfuellbare-fluessigkeitsbehaelter-fuer-lotion-koerperpflege\/"]}]},{"@type":"ImageObject","inLanguage":"de","@id":"https:\/\/marktxxl.de\/markt\/produkt\/pamiyo-silikon-reiseflaschen-90ml-set4-stueck-auslaufsicher-reise-container-und-portable-reise-toilettenartikel-set-nachfuellbare-fluessigkeitsbehaelter-fuer-lotion-koerperpflege\/#primaryimage","url":"https:\/\/m.media-amazon.com\/images\/I\/41WuKQC+HlL._SL500_.jpg","contentUrl":"https:\/\/m.media-amazon.com\/images\/I\/41WuKQC+HlL._SL500_.jpg","width":500,"height":500},{"@type":"BreadcrumbList","@id":"https:\/\/marktxxl.de\/markt\/produkt\/pamiyo-silikon-reiseflaschen-90ml-set4-stueck-auslaufsicher-reise-container-und-portable-reise-toilettenartikel-set-nachfuellbare-fluessigkeitsbehaelter-fuer-lotion-koerperpflege\/#breadcrumb","itemListElement":[{"@type":"ListItem","position":1,"name":"Startseite","item":"https:\/\/marktxxl.de\/markt\/"},{"@type":"ListItem","position":2,"name":"Markt","item":"https:\/\/marktxxl.de\/markt\/"},{"@type":"ListItem","position":3,"name":"PAMIYO Silikon Reiseflaschen 90ml Set,4 St\u00fcck Auslaufsicher Reise Container und Portable Reise Toilettenartikel Set\u2026"}]},{"@type":"WebSite","@id":"https:\/\/marktxxl.de\/markt\/#website","url":"https:\/\/marktxxl.de\/markt\/","name":"Markt-XXL","description":"Ihr Markt Online","publisher":{"@id":"https:\/\/marktxxl.de\/markt\/#organization"},"potentialAction":[{"@type":"SearchAction","target":{"@type":"EntryPoint","urlTemplate":"https:\/\/marktxxl.de\/markt\/?s={search_term_string}"},"query-input":{"@type":"PropertyValueSpecification","valueRequired":true,"valueName":"search_term_string"}}],"inLanguage":"de"},{"@type":"Organization","@id":"https:\/\/marktxxl.de\/markt\/#organization","name":"Markt-XXL","url":"https:\/\/marktxxl.de\/markt\/","logo":{"@type":"ImageObject","inLanguage":"de","@id":"https:\/\/marktxxl.de\/markt\/#\/schema\/logo\/image\/","url":"https:\/\/marktxxl.de\/markt\/wp-content\/uploads\/sites\/3\/2020\/12\/logo.png","contentUrl":"https:\/\/marktxxl.de\/markt\/wp-content\/uploads\/sites\/3\/2020\/12\/logo.png","width":200,"height":70,"caption":"Markt-XXL"},"image":{"@id":"https:\/\/marktxxl.de\/markt\/#\/schema\/logo\/image\/"}}]}},"_links":{"self":[{"href":"https:\/\/marktxxl.de\/markt\/wp-json\/wp\/v2\/product\/117829","targetHints":{"allow":["GET"]}}],"collection":[{"href":"https:\/\/marktxxl.de\/markt\/wp-json\/wp\/v2\/product"}],"about":[{"href":"https:\/\/marktxxl.de\/markt\/wp-json\/wp\/v2\/types\/product"}],"replies":[{"embeddable":true,"href":"https:\/\/marktxxl.de\/markt\/wp-json\/wp\/v2\/comments?post=117829"}],"wp:featuredmedia":[{"embeddable":true,"href":"https:\/\/marktxxl.de\/markt\/wp-json\/wp\/v2\/media\/117830"}],"wp:attachment":[{"href":"https:\/\/marktxxl.de\/markt\/wp-json\/wp\/v2\/media?parent=117829"}],"wp:term":[{"taxonomy":"product_brand","embeddable":true,"href":"https:\/\/marktxxl.de\/markt\/wp-json\/wp\/v2\/product_brand?post=117829"},{"taxonomy":"product_cat","embeddable":true,"href":"https:\/\/marktxxl.de\/markt\/wp-json\/wp\/v2\/product_cat?post=117829"},{"taxonomy":"product_tag","embeddable":true,"href":"https:\/\/marktxxl.de\/markt\/wp-json\/wp\/v2\/product_tag?post=117829"}],"curies":[{"name":"wp","href":"https:\/\/api.w.org\/{rel}","templated":true}]}}