{"id":117808,"date":"2022-05-15T01:37:17","date_gmt":"2022-05-14T23:37:17","guid":{"rendered":"https:\/\/marktxxl.de\/markt\/produkt\/doppelseitiger-bimsstein-2-stueck-eine-schicht-entfernt-hautverhaertungen-die-andere-schicht-glaettet\/"},"modified":"2023-04-11T03:46:13","modified_gmt":"2023-04-11T01:46:13","slug":"doppelseitiger-bimsstein-2-stueck-eine-schicht-entfernt-hautverhaertungen-die-andere-schicht-glaettet","status":"publish","type":"product","link":"https:\/\/marktxxl.de\/markt\/produkt\/doppelseitiger-bimsstein-2-stueck-eine-schicht-entfernt-hautverhaertungen-die-andere-schicht-glaettet\/","title":{"rendered":"Doppelseitiger Bimsstein. 2 St\u00fcck. Eine Schicht entfernt Hautverh\u00e4rtungen, die andere Schicht gl\u00e4ttet."},"content":{"rendered":"<p>Dank innovativer Doppelwirkung entfernt er Hornhaut und gl\u00e4ttet sie. Strahlende Haut in Sekunden<br \/>\nPOLYDROS stellt seit \u00fcber 50 Jahren Bimssteine auf dem Markt her. Nach diesen 50 Jahren haben wir ein raffiniertes und hochwertiges Produkt f\u00fcr Menschen entwickelt, die das Beste f\u00fcr ihre Haut wollen.<br \/>\nJede Einheit durchl\u00e4uft strengste Kontrollen, um ein Qualit\u00e4tsprodukt zu bieten<br \/>\nUnser feinster Bimsstein. Hergestellt in Spanien mit 60 Jahren Erfahrung<br \/>\n<div class=\"main-cross-sell\" data-asin=\"B08953R54L\">\n\n\t<div class=\"WooZone-cross-sell-loader\">\n\t\t<div>\n\t\t\t<div id=\"floatingBarsG\">\n\t\t\t\t<div class=\"blockG\" id=\"rotateG_01\"><\/div>\n\t\t\t\t<div class=\"blockG\" id=\"rotateG_02\"><\/div>\n\t\t\t\t<div class=\"blockG\" id=\"rotateG_03\"><\/div>\n\t\t\t\t<div class=\"blockG\" id=\"rotateG_04\"><\/div>\n\t\t\t\t<div class=\"blockG\" id=\"rotateG_05\"><\/div>\n\t\t\t\t<div class=\"blockG\" id=\"rotateG_06\"><\/div>\n\t\t\t\t<div class=\"blockG\" id=\"rotateG_07\"><\/div>\n\t\t\t\t<div class=\"blockG\" id=\"rotateG_08\"><\/div>\n\t\t\t<\/div>\n\t\t\t<div class=\"WooZone-cross-sell-loader-text\"><\/div>\n\t\t<\/div>\n\t<\/div>\n\n\t\t\n<\/div>\n<div style=\"clear:both;\"><\/div><\/p>\n","protected":false},"excerpt":{"rendered":"<p>Dank innovativer Doppelwirkung entfernt er Hornhaut und gl\u00e4ttet sie. Strahlende Haut in Sekunden<br \/>\nPOLYDROS stellt seit \u00fcber 50 Jahren Bimssteine auf dem Markt her. Nach diesen 50 Jahren haben wir ein raffiniertes und hochwertiges Produkt f\u00fcr Menschen entwickelt, die das Beste f\u00fcr ihre Haut wollen.<br \/>\nJede Einheit durchl\u00e4uft strengste Kontrollen, um ein Qualit\u00e4tsprodukt zu bieten<\/p>\n","protected":false},"featured_media":117809,"comment_status":"open","ping_status":"closed","template":"","meta":[],"product_brand":[],"product_cat":[2858,7659],"product_tag":[],"class_list":{"0":"post-117808","1":"product","2":"type-product","3":"status-publish","4":"has-post-thumbnail","6":"product_cat-beauty","7":"product_cat-manikuere-pedikuere","8":"pa_brand-elabella","9":"pa_color-blau","10":"pa_height-0-787401574-zoll","11":"pa_length-3-93700787-zoll","12":"pa_manufacturer-polydros","13":"pa_size-2-stueck-1er-pack","14":"pa_width-3-93700787-zoll","16":"first","17":"instock","18":"shipping-taxable","19":"purchasable","20":"product-type-simple","21":"customify-col","22":"product-has-gallery"},"yoast_head":"<!-- This site is optimized with the Yoast SEO plugin v27.4 - https:\/\/yoast.com\/product\/yoast-seo-wordpress\/ -->\n<title>Doppelseitiger Bimsstein. 2 St\u00fcck. Eine Schicht entfernt Hautverh\u00e4rtungen, die andere Schicht gl\u00e4ttet. - Markt-XXL<\/title>\n<meta name=\"description\" content=\"Markt-XXL Doppelseitiger Bimsstein. 2 St\u00fcck. Eine Schicht entfernt Hautverh\u00e4rtungen, die andere Schicht gl\u00e4ttet.\" \/>\n<meta name=\"robots\" content=\"index, follow, max-snippet:-1, max-image-preview:large, max-video-preview:-1\" \/>\n<link rel=\"canonical\" href=\"https:\/\/marktxxl.de\/markt\/produkt\/doppelseitiger-bimsstein-2-stueck-eine-schicht-entfernt-hautverhaertungen-die-andere-schicht-glaettet\/\" \/>\n<meta property=\"og:locale\" content=\"de_DE\" \/>\n<meta property=\"og:type\" content=\"article\" \/>\n<meta property=\"og:title\" content=\"Doppelseitiger Bimsstein. 2 St\u00fcck. Eine Schicht entfernt Hautverh\u00e4rtungen, die andere Schicht gl\u00e4ttet. - Markt-XXL\" \/>\n<meta property=\"og:description\" content=\"Markt-XXL Doppelseitiger Bimsstein. 2 St\u00fcck. Eine Schicht entfernt Hautverh\u00e4rtungen, die andere Schicht gl\u00e4ttet.\" \/>\n<meta property=\"og:url\" content=\"https:\/\/marktxxl.de\/markt\/produkt\/doppelseitiger-bimsstein-2-stueck-eine-schicht-entfernt-hautverhaertungen-die-andere-schicht-glaettet\/\" \/>\n<meta property=\"og:site_name\" content=\"Markt-XXL\" \/>\n<meta property=\"article:modified_time\" content=\"2023-04-11T01:46:13+00:00\" \/>\n<meta property=\"og:image\" content=\"https:\/\/m.media-amazon.com\/images\/I\/41PezosHNbL._SL500_.jpg\" \/>\n\t<meta property=\"og:image:width\" content=\"500\" \/>\n\t<meta property=\"og:image:height\" content=\"333\" \/>\n\t<meta property=\"og:image:type\" content=\"image\/jpeg\" \/>\n<meta name=\"twitter:card\" content=\"summary_large_image\" \/>\n<script type=\"application\/ld+json\" class=\"yoast-schema-graph\">{\"@context\":\"https:\\\/\\\/schema.org\",\"@graph\":[{\"@type\":\"WebPage\",\"@id\":\"https:\\\/\\\/marktxxl.de\\\/markt\\\/produkt\\\/doppelseitiger-bimsstein-2-stueck-eine-schicht-entfernt-hautverhaertungen-die-andere-schicht-glaettet\\\/\",\"url\":\"https:\\\/\\\/marktxxl.de\\\/markt\\\/produkt\\\/doppelseitiger-bimsstein-2-stueck-eine-schicht-entfernt-hautverhaertungen-die-andere-schicht-glaettet\\\/\",\"name\":\"Doppelseitiger Bimsstein. 2 St\u00fcck. Eine Schicht entfernt Hautverh\u00e4rtungen, die andere Schicht gl\u00e4ttet. - Markt-XXL\",\"isPartOf\":{\"@id\":\"https:\\\/\\\/marktxxl.de\\\/markt\\\/#website\"},\"primaryImageOfPage\":{\"@id\":\"https:\\\/\\\/marktxxl.de\\\/markt\\\/produkt\\\/doppelseitiger-bimsstein-2-stueck-eine-schicht-entfernt-hautverhaertungen-die-andere-schicht-glaettet\\\/#primaryimage\"},\"image\":{\"@id\":\"https:\\\/\\\/marktxxl.de\\\/markt\\\/produkt\\\/doppelseitiger-bimsstein-2-stueck-eine-schicht-entfernt-hautverhaertungen-die-andere-schicht-glaettet\\\/#primaryimage\"},\"thumbnailUrl\":\"https:\\\/\\\/m.media-amazon.com\\\/images\\\/I\\\/41PezosHNbL._SL500_.jpg\",\"datePublished\":\"2022-05-14T23:37:17+00:00\",\"dateModified\":\"2023-04-11T01:46:13+00:00\",\"description\":\"Markt-XXL Doppelseitiger Bimsstein. 2 St\u00fcck. Eine Schicht entfernt Hautverh\u00e4rtungen, die andere Schicht gl\u00e4ttet.\",\"breadcrumb\":{\"@id\":\"https:\\\/\\\/marktxxl.de\\\/markt\\\/produkt\\\/doppelseitiger-bimsstein-2-stueck-eine-schicht-entfernt-hautverhaertungen-die-andere-schicht-glaettet\\\/#breadcrumb\"},\"inLanguage\":\"de\",\"potentialAction\":[{\"@type\":\"ReadAction\",\"target\":[\"https:\\\/\\\/marktxxl.de\\\/markt\\\/produkt\\\/doppelseitiger-bimsstein-2-stueck-eine-schicht-entfernt-hautverhaertungen-die-andere-schicht-glaettet\\\/\"]}]},{\"@type\":\"ImageObject\",\"inLanguage\":\"de\",\"@id\":\"https:\\\/\\\/marktxxl.de\\\/markt\\\/produkt\\\/doppelseitiger-bimsstein-2-stueck-eine-schicht-entfernt-hautverhaertungen-die-andere-schicht-glaettet\\\/#primaryimage\",\"url\":\"https:\\\/\\\/m.media-amazon.com\\\/images\\\/I\\\/41PezosHNbL._SL500_.jpg\",\"contentUrl\":\"https:\\\/\\\/m.media-amazon.com\\\/images\\\/I\\\/41PezosHNbL._SL500_.jpg\",\"width\":500,\"height\":333},{\"@type\":\"BreadcrumbList\",\"@id\":\"https:\\\/\\\/marktxxl.de\\\/markt\\\/produkt\\\/doppelseitiger-bimsstein-2-stueck-eine-schicht-entfernt-hautverhaertungen-die-andere-schicht-glaettet\\\/#breadcrumb\",\"itemListElement\":[{\"@type\":\"ListItem\",\"position\":1,\"name\":\"Startseite\",\"item\":\"https:\\\/\\\/marktxxl.de\\\/markt\\\/\"},{\"@type\":\"ListItem\",\"position\":2,\"name\":\"Markt\",\"item\":\"https:\\\/\\\/marktxxl.de\\\/markt\\\/\"},{\"@type\":\"ListItem\",\"position\":3,\"name\":\"Doppelseitiger Bimsstein. 2 St\u00fcck. Eine Schicht entfernt Hautverh\u00e4rtungen, die andere Schicht gl\u00e4ttet.\"}]},{\"@type\":\"WebSite\",\"@id\":\"https:\\\/\\\/marktxxl.de\\\/markt\\\/#website\",\"url\":\"https:\\\/\\\/marktxxl.de\\\/markt\\\/\",\"name\":\"Markt-XXL\",\"description\":\"Ihr Markt Online\",\"publisher\":{\"@id\":\"https:\\\/\\\/marktxxl.de\\\/markt\\\/#organization\"},\"potentialAction\":[{\"@type\":\"SearchAction\",\"target\":{\"@type\":\"EntryPoint\",\"urlTemplate\":\"https:\\\/\\\/marktxxl.de\\\/markt\\\/?s={search_term_string}\"},\"query-input\":{\"@type\":\"PropertyValueSpecification\",\"valueRequired\":true,\"valueName\":\"search_term_string\"}}],\"inLanguage\":\"de\"},{\"@type\":\"Organization\",\"@id\":\"https:\\\/\\\/marktxxl.de\\\/markt\\\/#organization\",\"name\":\"Markt-XXL\",\"url\":\"https:\\\/\\\/marktxxl.de\\\/markt\\\/\",\"logo\":{\"@type\":\"ImageObject\",\"inLanguage\":\"de\",\"@id\":\"https:\\\/\\\/marktxxl.de\\\/markt\\\/#\\\/schema\\\/logo\\\/image\\\/\",\"url\":\"https:\\\/\\\/marktxxl.de\\\/markt\\\/wp-content\\\/uploads\\\/sites\\\/3\\\/2020\\\/12\\\/logo.png\",\"contentUrl\":\"https:\\\/\\\/marktxxl.de\\\/markt\\\/wp-content\\\/uploads\\\/sites\\\/3\\\/2020\\\/12\\\/logo.png\",\"width\":200,\"height\":70,\"caption\":\"Markt-XXL\"},\"image\":{\"@id\":\"https:\\\/\\\/marktxxl.de\\\/markt\\\/#\\\/schema\\\/logo\\\/image\\\/\"}}]}<\/script>\n<!-- \/ Yoast SEO plugin. -->","yoast_head_json":{"title":"Doppelseitiger Bimsstein. 2 St\u00fcck. Eine Schicht entfernt Hautverh\u00e4rtungen, die andere Schicht gl\u00e4ttet. - Markt-XXL","description":"Markt-XXL Doppelseitiger Bimsstein. 2 St\u00fcck. Eine Schicht entfernt Hautverh\u00e4rtungen, die andere Schicht gl\u00e4ttet.","robots":{"index":"index","follow":"follow","max-snippet":"max-snippet:-1","max-image-preview":"max-image-preview:large","max-video-preview":"max-video-preview:-1"},"canonical":"https:\/\/marktxxl.de\/markt\/produkt\/doppelseitiger-bimsstein-2-stueck-eine-schicht-entfernt-hautverhaertungen-die-andere-schicht-glaettet\/","og_locale":"de_DE","og_type":"article","og_title":"Doppelseitiger Bimsstein. 2 St\u00fcck. Eine Schicht entfernt Hautverh\u00e4rtungen, die andere Schicht gl\u00e4ttet. - Markt-XXL","og_description":"Markt-XXL Doppelseitiger Bimsstein. 2 St\u00fcck. Eine Schicht entfernt Hautverh\u00e4rtungen, die andere Schicht gl\u00e4ttet.","og_url":"https:\/\/marktxxl.de\/markt\/produkt\/doppelseitiger-bimsstein-2-stueck-eine-schicht-entfernt-hautverhaertungen-die-andere-schicht-glaettet\/","og_site_name":"Markt-XXL","article_modified_time":"2023-04-11T01:46:13+00:00","og_image":[{"width":500,"height":333,"url":"https:\/\/m.media-amazon.com\/images\/I\/41PezosHNbL._SL500_.jpg","type":"image\/jpeg"}],"twitter_card":"summary_large_image","schema":{"@context":"https:\/\/schema.org","@graph":[{"@type":"WebPage","@id":"https:\/\/marktxxl.de\/markt\/produkt\/doppelseitiger-bimsstein-2-stueck-eine-schicht-entfernt-hautverhaertungen-die-andere-schicht-glaettet\/","url":"https:\/\/marktxxl.de\/markt\/produkt\/doppelseitiger-bimsstein-2-stueck-eine-schicht-entfernt-hautverhaertungen-die-andere-schicht-glaettet\/","name":"Doppelseitiger Bimsstein. 2 St\u00fcck. Eine Schicht entfernt Hautverh\u00e4rtungen, die andere Schicht gl\u00e4ttet. - Markt-XXL","isPartOf":{"@id":"https:\/\/marktxxl.de\/markt\/#website"},"primaryImageOfPage":{"@id":"https:\/\/marktxxl.de\/markt\/produkt\/doppelseitiger-bimsstein-2-stueck-eine-schicht-entfernt-hautverhaertungen-die-andere-schicht-glaettet\/#primaryimage"},"image":{"@id":"https:\/\/marktxxl.de\/markt\/produkt\/doppelseitiger-bimsstein-2-stueck-eine-schicht-entfernt-hautverhaertungen-die-andere-schicht-glaettet\/#primaryimage"},"thumbnailUrl":"https:\/\/m.media-amazon.com\/images\/I\/41PezosHNbL._SL500_.jpg","datePublished":"2022-05-14T23:37:17+00:00","dateModified":"2023-04-11T01:46:13+00:00","description":"Markt-XXL Doppelseitiger Bimsstein. 2 St\u00fcck. Eine Schicht entfernt Hautverh\u00e4rtungen, die andere Schicht gl\u00e4ttet.","breadcrumb":{"@id":"https:\/\/marktxxl.de\/markt\/produkt\/doppelseitiger-bimsstein-2-stueck-eine-schicht-entfernt-hautverhaertungen-die-andere-schicht-glaettet\/#breadcrumb"},"inLanguage":"de","potentialAction":[{"@type":"ReadAction","target":["https:\/\/marktxxl.de\/markt\/produkt\/doppelseitiger-bimsstein-2-stueck-eine-schicht-entfernt-hautverhaertungen-die-andere-schicht-glaettet\/"]}]},{"@type":"ImageObject","inLanguage":"de","@id":"https:\/\/marktxxl.de\/markt\/produkt\/doppelseitiger-bimsstein-2-stueck-eine-schicht-entfernt-hautverhaertungen-die-andere-schicht-glaettet\/#primaryimage","url":"https:\/\/m.media-amazon.com\/images\/I\/41PezosHNbL._SL500_.jpg","contentUrl":"https:\/\/m.media-amazon.com\/images\/I\/41PezosHNbL._SL500_.jpg","width":500,"height":333},{"@type":"BreadcrumbList","@id":"https:\/\/marktxxl.de\/markt\/produkt\/doppelseitiger-bimsstein-2-stueck-eine-schicht-entfernt-hautverhaertungen-die-andere-schicht-glaettet\/#breadcrumb","itemListElement":[{"@type":"ListItem","position":1,"name":"Startseite","item":"https:\/\/marktxxl.de\/markt\/"},{"@type":"ListItem","position":2,"name":"Markt","item":"https:\/\/marktxxl.de\/markt\/"},{"@type":"ListItem","position":3,"name":"Doppelseitiger Bimsstein. 2 St\u00fcck. Eine Schicht entfernt Hautverh\u00e4rtungen, die andere Schicht gl\u00e4ttet."}]},{"@type":"WebSite","@id":"https:\/\/marktxxl.de\/markt\/#website","url":"https:\/\/marktxxl.de\/markt\/","name":"Markt-XXL","description":"Ihr Markt Online","publisher":{"@id":"https:\/\/marktxxl.de\/markt\/#organization"},"potentialAction":[{"@type":"SearchAction","target":{"@type":"EntryPoint","urlTemplate":"https:\/\/marktxxl.de\/markt\/?s={search_term_string}"},"query-input":{"@type":"PropertyValueSpecification","valueRequired":true,"valueName":"search_term_string"}}],"inLanguage":"de"},{"@type":"Organization","@id":"https:\/\/marktxxl.de\/markt\/#organization","name":"Markt-XXL","url":"https:\/\/marktxxl.de\/markt\/","logo":{"@type":"ImageObject","inLanguage":"de","@id":"https:\/\/marktxxl.de\/markt\/#\/schema\/logo\/image\/","url":"https:\/\/marktxxl.de\/markt\/wp-content\/uploads\/sites\/3\/2020\/12\/logo.png","contentUrl":"https:\/\/marktxxl.de\/markt\/wp-content\/uploads\/sites\/3\/2020\/12\/logo.png","width":200,"height":70,"caption":"Markt-XXL"},"image":{"@id":"https:\/\/marktxxl.de\/markt\/#\/schema\/logo\/image\/"}}]}},"_links":{"self":[{"href":"https:\/\/marktxxl.de\/markt\/wp-json\/wp\/v2\/product\/117808","targetHints":{"allow":["GET"]}}],"collection":[{"href":"https:\/\/marktxxl.de\/markt\/wp-json\/wp\/v2\/product"}],"about":[{"href":"https:\/\/marktxxl.de\/markt\/wp-json\/wp\/v2\/types\/product"}],"replies":[{"embeddable":true,"href":"https:\/\/marktxxl.de\/markt\/wp-json\/wp\/v2\/comments?post=117808"}],"wp:featuredmedia":[{"embeddable":true,"href":"https:\/\/marktxxl.de\/markt\/wp-json\/wp\/v2\/media\/117809"}],"wp:attachment":[{"href":"https:\/\/marktxxl.de\/markt\/wp-json\/wp\/v2\/media?parent=117808"}],"wp:term":[{"taxonomy":"product_brand","embeddable":true,"href":"https:\/\/marktxxl.de\/markt\/wp-json\/wp\/v2\/product_brand?post=117808"},{"taxonomy":"product_cat","embeddable":true,"href":"https:\/\/marktxxl.de\/markt\/wp-json\/wp\/v2\/product_cat?post=117808"},{"taxonomy":"product_tag","embeddable":true,"href":"https:\/\/marktxxl.de\/markt\/wp-json\/wp\/v2\/product_tag?post=117808"}],"curies":[{"name":"wp","href":"https:\/\/api.w.org\/{rel}","templated":true}]}}