{"id":117798,"date":"2022-05-15T01:37:08","date_gmt":"2022-05-14T23:37:08","guid":{"rendered":"https:\/\/marktxxl.de\/markt\/produkt\/grundig-manikuere-set-elektrisch-schoene-naegel-dank-power-led-und-17tlg-saphir-zubehoer-i-pedikuere-fusspflege-set-und-manikuere-set-mit-zubehoer-nachbestellmoeglichkeit-i-elektrische-nagelfeile\/"},"modified":"2023-04-11T03:46:12","modified_gmt":"2023-04-11T01:46:12","slug":"grundig-manikuere-set-elektrisch-schoene-naegel-dank-power-led-und-17tlg-saphir-zubehoer-i-pedikuere-fusspflege-set-und-manikuere-set-mit-zubehoer-nachbestellmoeglichkeit-i-elektrische-nagelfeile","status":"publish","type":"product","link":"https:\/\/marktxxl.de\/markt\/produkt\/grundig-manikuere-set-elektrisch-schoene-naegel-dank-power-led-und-17tlg-saphir-zubehoer-i-pedikuere-fusspflege-set-und-manikuere-set-mit-zubehoer-nachbestellmoeglichkeit-i-elektrische-nagelfeile\/","title":{"rendered":"Schleifaufs\u00e4tze Nachkaufset f\u00fcr GRUNDIG Manik\u00fcre Set elektrisch &#8211; verschiedene hochwertige Ersatz Schleifer &#8211; 12\u2026"},"content":{"rendered":"<p>II SCHNELL SCH\u00d6NE N\u00c4GEL II Mit dem 17teiligen Saphir Zubeh\u00f6r haben Sie sofort alle Profi Schleifaufs\u00e4tze f\u00fcr die perfekte Nagelpflege beisammen. Mit der Power LED sehen Sie immer auf den Millimeter genau, wo Sie gerade abtragen; vollkommen egal, welche andere Lichtquelle Sie gerade verdecken<br \/>\nII KRAFTVOLLER MOTOR II Der kraftvolle Grundig Motor leistet feldoptimiert bis zu 20% mehr Drehmoment, als herk\u00f6mmliche Nagelfr\u00e4ser. Dabei kann die Geschwindigkeit in 5 fein auf das Zubeh\u00f6r abgestimmte Leistungsstufen eingestellt werden. Der Rechts- und Linkslauf ist f\u00fcr optimale Politur Ergebnisse am ergonomischen Softgrip schnell w\u00e4hlbar. Die spezielle NAGELPILZ Stufe sorgt f\u00fcr einen besonders schonenden Abtrag<br \/>\nII SAPHIR IST TRUMPF II Gutes Werkzeug ist und bleibt eines der wichtigsten Faktoren f\u00fcr beste Ergebnisse. Hochwertigste SAPHIR Aufs\u00e4tze sind Teil des Zubeh\u00f6rs und halten besonders lange durch. Die mitgelieferte Staubschutzkappe hilft dabei, den Schleifabrieb in eine Richtung zu konzentrieren<br \/>\nII ST\u00c4NDIG NACHBESTELLBAR II Nie wieder Zubeh\u00f6r suchen oder Auslaufger\u00e4te wegwerfen m\u00fcssen. Grundig handelt nachhaltig. Nachbestell-Sets bleiben stets verf\u00fcgbar. Versprochen<br \/>\nII LIEFERUMFANG II Rundum-Sorglos-Paket mit Grundig elektrisches Manik\u00fcre Pedik\u00fcre Schleifger\u00e4t, mit Netzteil und ca. 1,6 Meter langem Spiralkabel, Staubschutzkappe und Aufbewahrungsetui. 17 teiliges Schleifzubeh\u00f6r und mehrsprachige Bedienungsanleitung inklusive. Geliefert im Farbkarton; auch zum Verschenken<br \/>\n<div class=\"main-cross-sell\" data-asin=\"B09RHMP5GD\">\n\n\t<div class=\"WooZone-cross-sell-loader\">\n\t\t<div>\n\t\t\t<div id=\"floatingBarsG\">\n\t\t\t\t<div class=\"blockG\" id=\"rotateG_01\"><\/div>\n\t\t\t\t<div class=\"blockG\" id=\"rotateG_02\"><\/div>\n\t\t\t\t<div class=\"blockG\" id=\"rotateG_03\"><\/div>\n\t\t\t\t<div class=\"blockG\" id=\"rotateG_04\"><\/div>\n\t\t\t\t<div class=\"blockG\" id=\"rotateG_05\"><\/div>\n\t\t\t\t<div class=\"blockG\" id=\"rotateG_06\"><\/div>\n\t\t\t\t<div class=\"blockG\" id=\"rotateG_07\"><\/div>\n\t\t\t\t<div class=\"blockG\" id=\"rotateG_08\"><\/div>\n\t\t\t<\/div>\n\t\t\t<div class=\"WooZone-cross-sell-loader-text\"><\/div>\n\t\t<\/div>\n\t<\/div>\n\n\t\t\n<\/div>\n<div style=\"clear:both;\"><\/div><\/p>\n","protected":false},"excerpt":{"rendered":"<p>II SCHNELL SCH\u00d6NE N\u00c4GEL II Mit dem 17teiligen Saphir Zubeh\u00f6r haben Sie sofort alle Profi Schleifaufs\u00e4tze f\u00fcr die perfekte Nagelpflege beisammen. Mit der Power LED sehen Sie immer auf den Millimeter genau, wo Sie gerade abtragen; vollkommen egal, welche andere Lichtquelle Sie gerade verdecken<br \/>\nII KRAFTVOLLER MOTOR II Der kraftvolle Grundig Motor leistet feldoptimiert bis zu 20% mehr Drehmoment, als herk\u00f6mmliche Nagelfr\u00e4ser. Dabei kann die Geschwindigkeit in 5 fein auf das Zubeh\u00f6r abgestimmte Leistungsstufen eingestellt werden. Der Rechts- und Linkslauf ist f\u00fcr optimale Politur Ergebnisse am ergonomischen Softgrip schnell w\u00e4hlbar. Die spezielle NAGELPILZ Stufe sorgt f\u00fcr einen besonders schonenden Abtrag<br \/>\nII SAPHIR IST TRUMPF II Gutes Werkzeug ist und bleibt eines der wichtigsten Faktoren f\u00fcr beste Ergebnisse. Hochwertigste SAPHIR Aufs\u00e4tze sind Teil des Zubeh\u00f6rs und halten besonders lange durch. Die mitgelieferte Staubschutzkappe hilft dabei, den Schleifabrieb in eine Richtung zu konzentrieren<\/p>\n","protected":false},"featured_media":117799,"comment_status":"open","ping_status":"closed","template":"","meta":[],"product_brand":[],"product_cat":[2858,7659],"product_tag":[],"class_list":{"0":"post-117798","1":"product","2":"type-product","3":"status-publish","4":"has-post-thumbnail","6":"product_cat-beauty","7":"product_cat-manikuere-pedikuere","8":"pa_binding-misc","9":"pa_brand-grundig","10":"pa_manufacturer-grundig","12":"first","13":"instock","14":"shipping-taxable","15":"purchasable","16":"product-type-simple","17":"customify-col","18":"product-has-gallery"},"yoast_head":"<!-- This site is optimized with the Yoast SEO plugin v27.4 - https:\/\/yoast.com\/product\/yoast-seo-wordpress\/ -->\n<title>Schleifaufs\u00e4tze Nachkaufset f\u00fcr GRUNDIG Manik\u00fcre Set elektrisch - verschiedene hochwertige Ersatz Schleifer - 12\u2026 - Markt-XXL<\/title>\n<meta name=\"description\" content=\"Markt-XXL Schleifaufs\u00e4tze Nachkaufset f\u00fcr GRUNDIG Manik\u00fcre Set elektrisch - verschiedene hochwertige Ersatz Schleifer - 12\u2026\" \/>\n<meta name=\"robots\" content=\"index, follow, max-snippet:-1, max-image-preview:large, max-video-preview:-1\" \/>\n<link rel=\"canonical\" href=\"https:\/\/marktxxl.de\/markt\/produkt\/grundig-manikuere-set-elektrisch-schoene-naegel-dank-power-led-und-17tlg-saphir-zubehoer-i-pedikuere-fusspflege-set-und-manikuere-set-mit-zubehoer-nachbestellmoeglichkeit-i-elektrische-nagelfeile\/\" \/>\n<meta property=\"og:locale\" content=\"de_DE\" \/>\n<meta property=\"og:type\" content=\"article\" \/>\n<meta property=\"og:title\" content=\"Schleifaufs\u00e4tze Nachkaufset f\u00fcr GRUNDIG Manik\u00fcre Set elektrisch - verschiedene hochwertige Ersatz Schleifer - 12\u2026 - Markt-XXL\" \/>\n<meta property=\"og:description\" content=\"Markt-XXL Schleifaufs\u00e4tze Nachkaufset f\u00fcr GRUNDIG Manik\u00fcre Set elektrisch - verschiedene hochwertige Ersatz Schleifer - 12\u2026\" \/>\n<meta property=\"og:url\" content=\"https:\/\/marktxxl.de\/markt\/produkt\/grundig-manikuere-set-elektrisch-schoene-naegel-dank-power-led-und-17tlg-saphir-zubehoer-i-pedikuere-fusspflege-set-und-manikuere-set-mit-zubehoer-nachbestellmoeglichkeit-i-elektrische-nagelfeile\/\" \/>\n<meta property=\"og:site_name\" content=\"Markt-XXL\" \/>\n<meta property=\"article:modified_time\" content=\"2023-04-11T01:46:12+00:00\" \/>\n<meta property=\"og:image\" content=\"https:\/\/m.media-amazon.com\/images\/I\/51oi7wSWpLL._SL500_.jpg\" \/>\n\t<meta property=\"og:image:width\" content=\"500\" \/>\n\t<meta property=\"og:image:height\" content=\"500\" \/>\n\t<meta property=\"og:image:type\" content=\"image\/jpeg\" \/>\n<meta name=\"twitter:card\" content=\"summary_large_image\" \/>\n<meta name=\"twitter:label1\" content=\"Gesch\u00e4tzte Lesezeit\" \/>\n\t<meta name=\"twitter:data1\" content=\"1\u00a0Minute\" \/>\n<script type=\"application\/ld+json\" class=\"yoast-schema-graph\">{\"@context\":\"https:\\\/\\\/schema.org\",\"@graph\":[{\"@type\":\"WebPage\",\"@id\":\"https:\\\/\\\/marktxxl.de\\\/markt\\\/produkt\\\/grundig-manikuere-set-elektrisch-schoene-naegel-dank-power-led-und-17tlg-saphir-zubehoer-i-pedikuere-fusspflege-set-und-manikuere-set-mit-zubehoer-nachbestellmoeglichkeit-i-elektrische-nagelfeile\\\/\",\"url\":\"https:\\\/\\\/marktxxl.de\\\/markt\\\/produkt\\\/grundig-manikuere-set-elektrisch-schoene-naegel-dank-power-led-und-17tlg-saphir-zubehoer-i-pedikuere-fusspflege-set-und-manikuere-set-mit-zubehoer-nachbestellmoeglichkeit-i-elektrische-nagelfeile\\\/\",\"name\":\"Schleifaufs\u00e4tze Nachkaufset f\u00fcr GRUNDIG Manik\u00fcre Set elektrisch - verschiedene hochwertige Ersatz Schleifer - 12\u2026 - Markt-XXL\",\"isPartOf\":{\"@id\":\"https:\\\/\\\/marktxxl.de\\\/markt\\\/#website\"},\"primaryImageOfPage\":{\"@id\":\"https:\\\/\\\/marktxxl.de\\\/markt\\\/produkt\\\/grundig-manikuere-set-elektrisch-schoene-naegel-dank-power-led-und-17tlg-saphir-zubehoer-i-pedikuere-fusspflege-set-und-manikuere-set-mit-zubehoer-nachbestellmoeglichkeit-i-elektrische-nagelfeile\\\/#primaryimage\"},\"image\":{\"@id\":\"https:\\\/\\\/marktxxl.de\\\/markt\\\/produkt\\\/grundig-manikuere-set-elektrisch-schoene-naegel-dank-power-led-und-17tlg-saphir-zubehoer-i-pedikuere-fusspflege-set-und-manikuere-set-mit-zubehoer-nachbestellmoeglichkeit-i-elektrische-nagelfeile\\\/#primaryimage\"},\"thumbnailUrl\":\"https:\\\/\\\/m.media-amazon.com\\\/images\\\/I\\\/51oi7wSWpLL._SL500_.jpg\",\"datePublished\":\"2022-05-14T23:37:08+00:00\",\"dateModified\":\"2023-04-11T01:46:12+00:00\",\"description\":\"Markt-XXL Schleifaufs\u00e4tze Nachkaufset f\u00fcr GRUNDIG Manik\u00fcre Set elektrisch - verschiedene hochwertige Ersatz Schleifer - 12\u2026\",\"breadcrumb\":{\"@id\":\"https:\\\/\\\/marktxxl.de\\\/markt\\\/produkt\\\/grundig-manikuere-set-elektrisch-schoene-naegel-dank-power-led-und-17tlg-saphir-zubehoer-i-pedikuere-fusspflege-set-und-manikuere-set-mit-zubehoer-nachbestellmoeglichkeit-i-elektrische-nagelfeile\\\/#breadcrumb\"},\"inLanguage\":\"de\",\"potentialAction\":[{\"@type\":\"ReadAction\",\"target\":[\"https:\\\/\\\/marktxxl.de\\\/markt\\\/produkt\\\/grundig-manikuere-set-elektrisch-schoene-naegel-dank-power-led-und-17tlg-saphir-zubehoer-i-pedikuere-fusspflege-set-und-manikuere-set-mit-zubehoer-nachbestellmoeglichkeit-i-elektrische-nagelfeile\\\/\"]}]},{\"@type\":\"ImageObject\",\"inLanguage\":\"de\",\"@id\":\"https:\\\/\\\/marktxxl.de\\\/markt\\\/produkt\\\/grundig-manikuere-set-elektrisch-schoene-naegel-dank-power-led-und-17tlg-saphir-zubehoer-i-pedikuere-fusspflege-set-und-manikuere-set-mit-zubehoer-nachbestellmoeglichkeit-i-elektrische-nagelfeile\\\/#primaryimage\",\"url\":\"https:\\\/\\\/m.media-amazon.com\\\/images\\\/I\\\/51oi7wSWpLL._SL500_.jpg\",\"contentUrl\":\"https:\\\/\\\/m.media-amazon.com\\\/images\\\/I\\\/51oi7wSWpLL._SL500_.jpg\",\"width\":500,\"height\":500},{\"@type\":\"BreadcrumbList\",\"@id\":\"https:\\\/\\\/marktxxl.de\\\/markt\\\/produkt\\\/grundig-manikuere-set-elektrisch-schoene-naegel-dank-power-led-und-17tlg-saphir-zubehoer-i-pedikuere-fusspflege-set-und-manikuere-set-mit-zubehoer-nachbestellmoeglichkeit-i-elektrische-nagelfeile\\\/#breadcrumb\",\"itemListElement\":[{\"@type\":\"ListItem\",\"position\":1,\"name\":\"Startseite\",\"item\":\"https:\\\/\\\/marktxxl.de\\\/markt\\\/\"},{\"@type\":\"ListItem\",\"position\":2,\"name\":\"Markt\",\"item\":\"https:\\\/\\\/marktxxl.de\\\/markt\\\/\"},{\"@type\":\"ListItem\",\"position\":3,\"name\":\"Schleifaufs\u00e4tze Nachkaufset f\u00fcr GRUNDIG Manik\u00fcre Set elektrisch &#8211; verschiedene hochwertige Ersatz Schleifer &#8211; 12\u2026\"}]},{\"@type\":\"WebSite\",\"@id\":\"https:\\\/\\\/marktxxl.de\\\/markt\\\/#website\",\"url\":\"https:\\\/\\\/marktxxl.de\\\/markt\\\/\",\"name\":\"Markt-XXL\",\"description\":\"Ihr Markt Online\",\"publisher\":{\"@id\":\"https:\\\/\\\/marktxxl.de\\\/markt\\\/#organization\"},\"potentialAction\":[{\"@type\":\"SearchAction\",\"target\":{\"@type\":\"EntryPoint\",\"urlTemplate\":\"https:\\\/\\\/marktxxl.de\\\/markt\\\/?s={search_term_string}\"},\"query-input\":{\"@type\":\"PropertyValueSpecification\",\"valueRequired\":true,\"valueName\":\"search_term_string\"}}],\"inLanguage\":\"de\"},{\"@type\":\"Organization\",\"@id\":\"https:\\\/\\\/marktxxl.de\\\/markt\\\/#organization\",\"name\":\"Markt-XXL\",\"url\":\"https:\\\/\\\/marktxxl.de\\\/markt\\\/\",\"logo\":{\"@type\":\"ImageObject\",\"inLanguage\":\"de\",\"@id\":\"https:\\\/\\\/marktxxl.de\\\/markt\\\/#\\\/schema\\\/logo\\\/image\\\/\",\"url\":\"https:\\\/\\\/marktxxl.de\\\/markt\\\/wp-content\\\/uploads\\\/sites\\\/3\\\/2020\\\/12\\\/logo.png\",\"contentUrl\":\"https:\\\/\\\/marktxxl.de\\\/markt\\\/wp-content\\\/uploads\\\/sites\\\/3\\\/2020\\\/12\\\/logo.png\",\"width\":200,\"height\":70,\"caption\":\"Markt-XXL\"},\"image\":{\"@id\":\"https:\\\/\\\/marktxxl.de\\\/markt\\\/#\\\/schema\\\/logo\\\/image\\\/\"}}]}<\/script>\n<!-- \/ Yoast SEO plugin. -->","yoast_head_json":{"title":"Schleifaufs\u00e4tze Nachkaufset f\u00fcr GRUNDIG Manik\u00fcre Set elektrisch - verschiedene hochwertige Ersatz Schleifer - 12\u2026 - Markt-XXL","description":"Markt-XXL Schleifaufs\u00e4tze Nachkaufset f\u00fcr GRUNDIG Manik\u00fcre Set elektrisch - verschiedene hochwertige Ersatz Schleifer - 12\u2026","robots":{"index":"index","follow":"follow","max-snippet":"max-snippet:-1","max-image-preview":"max-image-preview:large","max-video-preview":"max-video-preview:-1"},"canonical":"https:\/\/marktxxl.de\/markt\/produkt\/grundig-manikuere-set-elektrisch-schoene-naegel-dank-power-led-und-17tlg-saphir-zubehoer-i-pedikuere-fusspflege-set-und-manikuere-set-mit-zubehoer-nachbestellmoeglichkeit-i-elektrische-nagelfeile\/","og_locale":"de_DE","og_type":"article","og_title":"Schleifaufs\u00e4tze Nachkaufset f\u00fcr GRUNDIG Manik\u00fcre Set elektrisch - verschiedene hochwertige Ersatz Schleifer - 12\u2026 - Markt-XXL","og_description":"Markt-XXL Schleifaufs\u00e4tze Nachkaufset f\u00fcr GRUNDIG Manik\u00fcre Set elektrisch - verschiedene hochwertige Ersatz Schleifer - 12\u2026","og_url":"https:\/\/marktxxl.de\/markt\/produkt\/grundig-manikuere-set-elektrisch-schoene-naegel-dank-power-led-und-17tlg-saphir-zubehoer-i-pedikuere-fusspflege-set-und-manikuere-set-mit-zubehoer-nachbestellmoeglichkeit-i-elektrische-nagelfeile\/","og_site_name":"Markt-XXL","article_modified_time":"2023-04-11T01:46:12+00:00","og_image":[{"width":500,"height":500,"url":"https:\/\/m.media-amazon.com\/images\/I\/51oi7wSWpLL._SL500_.jpg","type":"image\/jpeg"}],"twitter_card":"summary_large_image","twitter_misc":{"Gesch\u00e4tzte Lesezeit":"1\u00a0Minute"},"schema":{"@context":"https:\/\/schema.org","@graph":[{"@type":"WebPage","@id":"https:\/\/marktxxl.de\/markt\/produkt\/grundig-manikuere-set-elektrisch-schoene-naegel-dank-power-led-und-17tlg-saphir-zubehoer-i-pedikuere-fusspflege-set-und-manikuere-set-mit-zubehoer-nachbestellmoeglichkeit-i-elektrische-nagelfeile\/","url":"https:\/\/marktxxl.de\/markt\/produkt\/grundig-manikuere-set-elektrisch-schoene-naegel-dank-power-led-und-17tlg-saphir-zubehoer-i-pedikuere-fusspflege-set-und-manikuere-set-mit-zubehoer-nachbestellmoeglichkeit-i-elektrische-nagelfeile\/","name":"Schleifaufs\u00e4tze Nachkaufset f\u00fcr GRUNDIG Manik\u00fcre Set elektrisch - verschiedene hochwertige Ersatz Schleifer - 12\u2026 - Markt-XXL","isPartOf":{"@id":"https:\/\/marktxxl.de\/markt\/#website"},"primaryImageOfPage":{"@id":"https:\/\/marktxxl.de\/markt\/produkt\/grundig-manikuere-set-elektrisch-schoene-naegel-dank-power-led-und-17tlg-saphir-zubehoer-i-pedikuere-fusspflege-set-und-manikuere-set-mit-zubehoer-nachbestellmoeglichkeit-i-elektrische-nagelfeile\/#primaryimage"},"image":{"@id":"https:\/\/marktxxl.de\/markt\/produkt\/grundig-manikuere-set-elektrisch-schoene-naegel-dank-power-led-und-17tlg-saphir-zubehoer-i-pedikuere-fusspflege-set-und-manikuere-set-mit-zubehoer-nachbestellmoeglichkeit-i-elektrische-nagelfeile\/#primaryimage"},"thumbnailUrl":"https:\/\/m.media-amazon.com\/images\/I\/51oi7wSWpLL._SL500_.jpg","datePublished":"2022-05-14T23:37:08+00:00","dateModified":"2023-04-11T01:46:12+00:00","description":"Markt-XXL Schleifaufs\u00e4tze Nachkaufset f\u00fcr GRUNDIG Manik\u00fcre Set elektrisch - verschiedene hochwertige Ersatz Schleifer - 12\u2026","breadcrumb":{"@id":"https:\/\/marktxxl.de\/markt\/produkt\/grundig-manikuere-set-elektrisch-schoene-naegel-dank-power-led-und-17tlg-saphir-zubehoer-i-pedikuere-fusspflege-set-und-manikuere-set-mit-zubehoer-nachbestellmoeglichkeit-i-elektrische-nagelfeile\/#breadcrumb"},"inLanguage":"de","potentialAction":[{"@type":"ReadAction","target":["https:\/\/marktxxl.de\/markt\/produkt\/grundig-manikuere-set-elektrisch-schoene-naegel-dank-power-led-und-17tlg-saphir-zubehoer-i-pedikuere-fusspflege-set-und-manikuere-set-mit-zubehoer-nachbestellmoeglichkeit-i-elektrische-nagelfeile\/"]}]},{"@type":"ImageObject","inLanguage":"de","@id":"https:\/\/marktxxl.de\/markt\/produkt\/grundig-manikuere-set-elektrisch-schoene-naegel-dank-power-led-und-17tlg-saphir-zubehoer-i-pedikuere-fusspflege-set-und-manikuere-set-mit-zubehoer-nachbestellmoeglichkeit-i-elektrische-nagelfeile\/#primaryimage","url":"https:\/\/m.media-amazon.com\/images\/I\/51oi7wSWpLL._SL500_.jpg","contentUrl":"https:\/\/m.media-amazon.com\/images\/I\/51oi7wSWpLL._SL500_.jpg","width":500,"height":500},{"@type":"BreadcrumbList","@id":"https:\/\/marktxxl.de\/markt\/produkt\/grundig-manikuere-set-elektrisch-schoene-naegel-dank-power-led-und-17tlg-saphir-zubehoer-i-pedikuere-fusspflege-set-und-manikuere-set-mit-zubehoer-nachbestellmoeglichkeit-i-elektrische-nagelfeile\/#breadcrumb","itemListElement":[{"@type":"ListItem","position":1,"name":"Startseite","item":"https:\/\/marktxxl.de\/markt\/"},{"@type":"ListItem","position":2,"name":"Markt","item":"https:\/\/marktxxl.de\/markt\/"},{"@type":"ListItem","position":3,"name":"Schleifaufs\u00e4tze Nachkaufset f\u00fcr GRUNDIG Manik\u00fcre Set elektrisch &#8211; verschiedene hochwertige Ersatz Schleifer &#8211; 12\u2026"}]},{"@type":"WebSite","@id":"https:\/\/marktxxl.de\/markt\/#website","url":"https:\/\/marktxxl.de\/markt\/","name":"Markt-XXL","description":"Ihr Markt Online","publisher":{"@id":"https:\/\/marktxxl.de\/markt\/#organization"},"potentialAction":[{"@type":"SearchAction","target":{"@type":"EntryPoint","urlTemplate":"https:\/\/marktxxl.de\/markt\/?s={search_term_string}"},"query-input":{"@type":"PropertyValueSpecification","valueRequired":true,"valueName":"search_term_string"}}],"inLanguage":"de"},{"@type":"Organization","@id":"https:\/\/marktxxl.de\/markt\/#organization","name":"Markt-XXL","url":"https:\/\/marktxxl.de\/markt\/","logo":{"@type":"ImageObject","inLanguage":"de","@id":"https:\/\/marktxxl.de\/markt\/#\/schema\/logo\/image\/","url":"https:\/\/marktxxl.de\/markt\/wp-content\/uploads\/sites\/3\/2020\/12\/logo.png","contentUrl":"https:\/\/marktxxl.de\/markt\/wp-content\/uploads\/sites\/3\/2020\/12\/logo.png","width":200,"height":70,"caption":"Markt-XXL"},"image":{"@id":"https:\/\/marktxxl.de\/markt\/#\/schema\/logo\/image\/"}}]}},"_links":{"self":[{"href":"https:\/\/marktxxl.de\/markt\/wp-json\/wp\/v2\/product\/117798","targetHints":{"allow":["GET"]}}],"collection":[{"href":"https:\/\/marktxxl.de\/markt\/wp-json\/wp\/v2\/product"}],"about":[{"href":"https:\/\/marktxxl.de\/markt\/wp-json\/wp\/v2\/types\/product"}],"replies":[{"embeddable":true,"href":"https:\/\/marktxxl.de\/markt\/wp-json\/wp\/v2\/comments?post=117798"}],"wp:featuredmedia":[{"embeddable":true,"href":"https:\/\/marktxxl.de\/markt\/wp-json\/wp\/v2\/media\/117799"}],"wp:attachment":[{"href":"https:\/\/marktxxl.de\/markt\/wp-json\/wp\/v2\/media?parent=117798"}],"wp:term":[{"taxonomy":"product_brand","embeddable":true,"href":"https:\/\/marktxxl.de\/markt\/wp-json\/wp\/v2\/product_brand?post=117798"},{"taxonomy":"product_cat","embeddable":true,"href":"https:\/\/marktxxl.de\/markt\/wp-json\/wp\/v2\/product_cat?post=117798"},{"taxonomy":"product_tag","embeddable":true,"href":"https:\/\/marktxxl.de\/markt\/wp-json\/wp\/v2\/product_tag?post=117798"}],"curies":[{"name":"wp","href":"https:\/\/api.w.org\/{rel}","templated":true}]}}