{"id":117737,"date":"2022-05-15T01:34:36","date_gmt":"2022-05-14T23:34:36","guid":{"rendered":"https:\/\/marktxxl.de\/markt\/produkt\/poderm-nagelpilz-behandlung-mit-der-kraft-antimykotischer-reparierender-reinigender-und-revitalisierender-pflanzen-professionelle-fuss-und-handpflege-einfach-schnell-made-in-switzer\/"},"modified":"2023-04-11T03:46:12","modified_gmt":"2023-04-11T01:46:12","slug":"poderm-nagelpilz-behandlung-mit-der-kraft-antimykotischer-reparierender-reinigender-und-revitalisierender-pflanzen-professionelle-fuss-und-handpflege-einfach-schnell-made-in-switzer","status":"publish","type":"product","link":"https:\/\/marktxxl.de\/markt\/produkt\/poderm-nagelpilz-behandlung-mit-der-kraft-antimykotischer-reparierender-reinigender-und-revitalisierender-pflanzen-professionelle-fuss-und-handpflege-einfach-schnell-made-in-switzer\/","title":{"rendered":"PODERM &#8211; NAGELPILZ-BEHANDLUNG | Mit der Kraft antimykotischer, reparierender, reinigender und revitalisierender Pflanzen\u2026"},"content":{"rendered":"<p>\u2705 BESEITIGT NAGELPILZ UND REPARIERT DEN NAGEL \u25cf\u25cf Dieses reinigende \u00d6l-Serum wurde speziell entwickelt, um Nagelpilz und gelbe N\u00e4gel effektiv zu bek\u00e4mpfen. Es beseitigt die Infektion und hilft, den Nagel dank der pilzt\u00f6tenden, reinigenden und entgiftenden Wirkung \u00e4therischer \u00d6le zu reparieren.<br \/>\n\u2705 LANGANHALTENDE WIRKUNG \u25cf\u25cf Auf Nagelhaut und Nagelbett aufgetragen, verst\u00e4rkt das Poderm \u00d6l-Serum dauerhaft eine gute Nagelhaftung. Es verhindert, dass sich die N\u00e4gel abl\u00f6sen, wodurch sich Bakterien oder Pilze nicht wieder einnisten und vermehren k\u00f6nnen. Es f\u00f6rdert das Wachstum, n\u00e4hrt und revitalisiert die N\u00e4gel, um sie wieder sch\u00f6n zu machen.<br \/>\n\u2705 100% NAT\u00dcRLICH UND BIO \u25cf\u25cf Diese intensive Anti-Pilz-Behandlung enth\u00e4lt 12 \u00d6le und bio-zertifizierte, \u00e4therische \u00d6le, die speziell aufgrund ihrer antimykotischen, reinigenden, reparierenden und pflegenden Eigenschaften ausgew\u00e4hlt wurden. Ein gesundes und sicheres Produkt f\u00fcr die ganze Familie (Erwachsene und Kinder), Schwangere und Diabetiker<br \/>\n\u2705 HERGESTELLT IN DER SCHWEIZ \u25cf\u25cf Diese patentierte Formel wurde von einer Schweizer Podologin auf Basis zahlreicher Labortests und klinischer Studien von Fu\u00dfexperten und Dermatologen entwickelt. Da die Kundenzufriedenheit f\u00fcr uns an erster Stelle steht, unterliegt die Herstellung unserer Produkte strengen Qualit\u00e4tskontrollen nach h\u00f6chsten Standards.<br \/>\n\u2705 EINFACHE UND SCHNELLE ANWENDUNG \u25cf\u25cf Die Flasche ist mit einem Pinsel ausgestattet, mit dem Sie das Nagelserum wie Nagellack einfach auf den Nagel auftragen k\u00f6nnen. F\u00fcr eine optimale und intensive Wirksamkeit tragen Sie das Produkt t\u00e4glich morgens und abends auf Nagel, Nagelhaut, Nagelbett und Nagel-Rillen auf und lassen es gut einziehen.<br \/>\n<div class=\"main-cross-sell\" data-asin=\"B06XZQCNS9\">\n\n\t<div class=\"WooZone-cross-sell-loader\">\n\t\t<div>\n\t\t\t<div id=\"floatingBarsG\">\n\t\t\t\t<div class=\"blockG\" id=\"rotateG_01\"><\/div>\n\t\t\t\t<div class=\"blockG\" id=\"rotateG_02\"><\/div>\n\t\t\t\t<div class=\"blockG\" id=\"rotateG_03\"><\/div>\n\t\t\t\t<div class=\"blockG\" id=\"rotateG_04\"><\/div>\n\t\t\t\t<div class=\"blockG\" id=\"rotateG_05\"><\/div>\n\t\t\t\t<div class=\"blockG\" id=\"rotateG_06\"><\/div>\n\t\t\t\t<div class=\"blockG\" id=\"rotateG_07\"><\/div>\n\t\t\t\t<div class=\"blockG\" id=\"rotateG_08\"><\/div>\n\t\t\t<\/div>\n\t\t\t<div class=\"WooZone-cross-sell-loader-text\"><\/div>\n\t\t<\/div>\n\t<\/div>\n\n\t\t\n<\/div>\n<div style=\"clear:both;\"><\/div><\/p>\n","protected":false},"excerpt":{"rendered":"<p>\u2705 BESEITIGT NAGELPILZ UND REPARIERT DEN NAGEL \u25cf\u25cf Dieses reinigende \u00d6l-Serum wurde speziell entwickelt, um Nagelpilz und gelbe N\u00e4gel effektiv zu bek\u00e4mpfen. Es beseitigt die Infektion und hilft, den Nagel dank der pilzt\u00f6tenden, reinigenden und entgiftenden Wirkung \u00e4therischer \u00d6le zu reparieren.<br \/>\n\u2705 LANGANHALTENDE WIRKUNG \u25cf\u25cf Auf Nagelhaut und Nagelbett aufgetragen, verst\u00e4rkt das Poderm \u00d6l-Serum dauerhaft eine gute Nagelhaftung. Es verhindert, dass sich die N\u00e4gel abl\u00f6sen, wodurch sich Bakterien oder Pilze nicht wieder einnisten und vermehren k\u00f6nnen. Es f\u00f6rdert das Wachstum, n\u00e4hrt und revitalisiert die N\u00e4gel, um sie wieder sch\u00f6n zu machen.<br \/>\n\u2705 100% NAT\u00dcRLICH UND BIO \u25cf\u25cf Diese intensive Anti-Pilz-Behandlung enth\u00e4lt 12 \u00d6le und bio-zertifizierte, \u00e4therische \u00d6le, die speziell aufgrund ihrer antimykotischen, reinigenden, reparierenden und pflegenden Eigenschaften ausgew\u00e4hlt wurden. Ein gesundes und sicheres Produkt f\u00fcr die ganze Familie (Erwachsene und Kinder), Schwangere und Diabetiker<\/p>\n","protected":false},"featured_media":117738,"comment_status":"open","ping_status":"closed","template":"","meta":[],"product_brand":[],"product_cat":[2858,7659],"product_tag":[],"class_list":{"0":"post-117737","1":"product","2":"type-product","3":"status-publish","4":"has-post-thumbnail","6":"product_cat-beauty","7":"product_cat-manikuere-pedikuere","8":"pa_binding-badartikel","9":"pa_brand-poderm","10":"pa_color-farblos","11":"pa_height-2-9921259812-zoll","12":"pa_languages-unbekannt-franzoesisch-unbekannt-englisch-unbekannt-deutsch-unbekannt-spanisch","13":"pa_length-0-8661417314-zoll","14":"pa_manufacturer-swiss-footcare-laboratories-sarl","15":"pa_model-34571","16":"pa_size-8-ml-1er-pack","17":"pa_weight-0-06834330122-pfund","18":"pa_width-0-8661417314-zoll","20":"first","21":"instock","22":"shipping-taxable","23":"purchasable","24":"product-type-simple","25":"customify-col","26":"product-has-gallery"},"yoast_head":"<!-- This site is optimized with the Yoast SEO plugin v27.4 - https:\/\/yoast.com\/product\/yoast-seo-wordpress\/ -->\n<title>PODERM - NAGELPILZ-BEHANDLUNG | Mit der Kraft antimykotischer, reparierender, reinigender und revitalisierender Pflanzen\u2026 - Markt-XXL<\/title>\n<meta name=\"description\" content=\"Markt-XXL PODERM - NAGELPILZ-BEHANDLUNG | Mit der Kraft antimykotischer, reparierender, reinigender und revitalisierender Pflanzen\u2026\" \/>\n<meta name=\"robots\" content=\"index, follow, max-snippet:-1, max-image-preview:large, max-video-preview:-1\" \/>\n<link rel=\"canonical\" href=\"https:\/\/marktxxl.de\/markt\/produkt\/poderm-nagelpilz-behandlung-mit-der-kraft-antimykotischer-reparierender-reinigender-und-revitalisierender-pflanzen-professionelle-fuss-und-handpflege-einfach-schnell-made-in-switzer\/\" \/>\n<meta property=\"og:locale\" content=\"de_DE\" \/>\n<meta property=\"og:type\" content=\"article\" \/>\n<meta property=\"og:title\" content=\"PODERM - NAGELPILZ-BEHANDLUNG | Mit der Kraft antimykotischer, reparierender, reinigender und revitalisierender Pflanzen\u2026 - Markt-XXL\" \/>\n<meta property=\"og:description\" content=\"Markt-XXL PODERM - NAGELPILZ-BEHANDLUNG | Mit der Kraft antimykotischer, reparierender, reinigender und revitalisierender Pflanzen\u2026\" \/>\n<meta property=\"og:url\" content=\"https:\/\/marktxxl.de\/markt\/produkt\/poderm-nagelpilz-behandlung-mit-der-kraft-antimykotischer-reparierender-reinigender-und-revitalisierender-pflanzen-professionelle-fuss-und-handpflege-einfach-schnell-made-in-switzer\/\" \/>\n<meta property=\"og:site_name\" content=\"Markt-XXL\" \/>\n<meta property=\"article:modified_time\" content=\"2023-04-11T01:46:12+00:00\" \/>\n<meta property=\"og:image\" content=\"https:\/\/m.media-amazon.com\/images\/I\/41rlpfs6z-L._SL500_.jpg\" \/>\n\t<meta property=\"og:image:width\" content=\"500\" \/>\n\t<meta property=\"og:image:height\" content=\"500\" \/>\n\t<meta property=\"og:image:type\" content=\"image\/jpeg\" \/>\n<meta name=\"twitter:card\" content=\"summary_large_image\" \/>\n<meta name=\"twitter:label1\" content=\"Gesch\u00e4tzte Lesezeit\" \/>\n\t<meta name=\"twitter:data1\" content=\"1\u00a0Minute\" \/>\n<script type=\"application\/ld+json\" class=\"yoast-schema-graph\">{\"@context\":\"https:\\\/\\\/schema.org\",\"@graph\":[{\"@type\":\"WebPage\",\"@id\":\"https:\\\/\\\/marktxxl.de\\\/markt\\\/produkt\\\/poderm-nagelpilz-behandlung-mit-der-kraft-antimykotischer-reparierender-reinigender-und-revitalisierender-pflanzen-professionelle-fuss-und-handpflege-einfach-schnell-made-in-switzer\\\/\",\"url\":\"https:\\\/\\\/marktxxl.de\\\/markt\\\/produkt\\\/poderm-nagelpilz-behandlung-mit-der-kraft-antimykotischer-reparierender-reinigender-und-revitalisierender-pflanzen-professionelle-fuss-und-handpflege-einfach-schnell-made-in-switzer\\\/\",\"name\":\"PODERM - NAGELPILZ-BEHANDLUNG | Mit der Kraft antimykotischer, reparierender, reinigender und revitalisierender Pflanzen\u2026 - Markt-XXL\",\"isPartOf\":{\"@id\":\"https:\\\/\\\/marktxxl.de\\\/markt\\\/#website\"},\"primaryImageOfPage\":{\"@id\":\"https:\\\/\\\/marktxxl.de\\\/markt\\\/produkt\\\/poderm-nagelpilz-behandlung-mit-der-kraft-antimykotischer-reparierender-reinigender-und-revitalisierender-pflanzen-professionelle-fuss-und-handpflege-einfach-schnell-made-in-switzer\\\/#primaryimage\"},\"image\":{\"@id\":\"https:\\\/\\\/marktxxl.de\\\/markt\\\/produkt\\\/poderm-nagelpilz-behandlung-mit-der-kraft-antimykotischer-reparierender-reinigender-und-revitalisierender-pflanzen-professionelle-fuss-und-handpflege-einfach-schnell-made-in-switzer\\\/#primaryimage\"},\"thumbnailUrl\":\"https:\\\/\\\/m.media-amazon.com\\\/images\\\/I\\\/41rlpfs6z-L._SL500_.jpg\",\"datePublished\":\"2022-05-14T23:34:36+00:00\",\"dateModified\":\"2023-04-11T01:46:12+00:00\",\"description\":\"Markt-XXL PODERM - NAGELPILZ-BEHANDLUNG | Mit der Kraft antimykotischer, reparierender, reinigender und revitalisierender Pflanzen\u2026\",\"breadcrumb\":{\"@id\":\"https:\\\/\\\/marktxxl.de\\\/markt\\\/produkt\\\/poderm-nagelpilz-behandlung-mit-der-kraft-antimykotischer-reparierender-reinigender-und-revitalisierender-pflanzen-professionelle-fuss-und-handpflege-einfach-schnell-made-in-switzer\\\/#breadcrumb\"},\"inLanguage\":\"de\",\"potentialAction\":[{\"@type\":\"ReadAction\",\"target\":[\"https:\\\/\\\/marktxxl.de\\\/markt\\\/produkt\\\/poderm-nagelpilz-behandlung-mit-der-kraft-antimykotischer-reparierender-reinigender-und-revitalisierender-pflanzen-professionelle-fuss-und-handpflege-einfach-schnell-made-in-switzer\\\/\"]}]},{\"@type\":\"ImageObject\",\"inLanguage\":\"de\",\"@id\":\"https:\\\/\\\/marktxxl.de\\\/markt\\\/produkt\\\/poderm-nagelpilz-behandlung-mit-der-kraft-antimykotischer-reparierender-reinigender-und-revitalisierender-pflanzen-professionelle-fuss-und-handpflege-einfach-schnell-made-in-switzer\\\/#primaryimage\",\"url\":\"https:\\\/\\\/m.media-amazon.com\\\/images\\\/I\\\/41rlpfs6z-L._SL500_.jpg\",\"contentUrl\":\"https:\\\/\\\/m.media-amazon.com\\\/images\\\/I\\\/41rlpfs6z-L._SL500_.jpg\",\"width\":500,\"height\":500},{\"@type\":\"BreadcrumbList\",\"@id\":\"https:\\\/\\\/marktxxl.de\\\/markt\\\/produkt\\\/poderm-nagelpilz-behandlung-mit-der-kraft-antimykotischer-reparierender-reinigender-und-revitalisierender-pflanzen-professionelle-fuss-und-handpflege-einfach-schnell-made-in-switzer\\\/#breadcrumb\",\"itemListElement\":[{\"@type\":\"ListItem\",\"position\":1,\"name\":\"Startseite\",\"item\":\"https:\\\/\\\/marktxxl.de\\\/markt\\\/\"},{\"@type\":\"ListItem\",\"position\":2,\"name\":\"Markt\",\"item\":\"https:\\\/\\\/marktxxl.de\\\/markt\\\/\"},{\"@type\":\"ListItem\",\"position\":3,\"name\":\"PODERM &#8211; NAGELPILZ-BEHANDLUNG | Mit der Kraft antimykotischer, reparierender, reinigender und revitalisierender Pflanzen\u2026\"}]},{\"@type\":\"WebSite\",\"@id\":\"https:\\\/\\\/marktxxl.de\\\/markt\\\/#website\",\"url\":\"https:\\\/\\\/marktxxl.de\\\/markt\\\/\",\"name\":\"Markt-XXL\",\"description\":\"Ihr Markt Online\",\"publisher\":{\"@id\":\"https:\\\/\\\/marktxxl.de\\\/markt\\\/#organization\"},\"potentialAction\":[{\"@type\":\"SearchAction\",\"target\":{\"@type\":\"EntryPoint\",\"urlTemplate\":\"https:\\\/\\\/marktxxl.de\\\/markt\\\/?s={search_term_string}\"},\"query-input\":{\"@type\":\"PropertyValueSpecification\",\"valueRequired\":true,\"valueName\":\"search_term_string\"}}],\"inLanguage\":\"de\"},{\"@type\":\"Organization\",\"@id\":\"https:\\\/\\\/marktxxl.de\\\/markt\\\/#organization\",\"name\":\"Markt-XXL\",\"url\":\"https:\\\/\\\/marktxxl.de\\\/markt\\\/\",\"logo\":{\"@type\":\"ImageObject\",\"inLanguage\":\"de\",\"@id\":\"https:\\\/\\\/marktxxl.de\\\/markt\\\/#\\\/schema\\\/logo\\\/image\\\/\",\"url\":\"https:\\\/\\\/marktxxl.de\\\/markt\\\/wp-content\\\/uploads\\\/sites\\\/3\\\/2020\\\/12\\\/logo.png\",\"contentUrl\":\"https:\\\/\\\/marktxxl.de\\\/markt\\\/wp-content\\\/uploads\\\/sites\\\/3\\\/2020\\\/12\\\/logo.png\",\"width\":200,\"height\":70,\"caption\":\"Markt-XXL\"},\"image\":{\"@id\":\"https:\\\/\\\/marktxxl.de\\\/markt\\\/#\\\/schema\\\/logo\\\/image\\\/\"}}]}<\/script>\n<!-- \/ Yoast SEO plugin. -->","yoast_head_json":{"title":"PODERM - NAGELPILZ-BEHANDLUNG | Mit der Kraft antimykotischer, reparierender, reinigender und revitalisierender Pflanzen\u2026 - Markt-XXL","description":"Markt-XXL PODERM - NAGELPILZ-BEHANDLUNG | Mit der Kraft antimykotischer, reparierender, reinigender und revitalisierender Pflanzen\u2026","robots":{"index":"index","follow":"follow","max-snippet":"max-snippet:-1","max-image-preview":"max-image-preview:large","max-video-preview":"max-video-preview:-1"},"canonical":"https:\/\/marktxxl.de\/markt\/produkt\/poderm-nagelpilz-behandlung-mit-der-kraft-antimykotischer-reparierender-reinigender-und-revitalisierender-pflanzen-professionelle-fuss-und-handpflege-einfach-schnell-made-in-switzer\/","og_locale":"de_DE","og_type":"article","og_title":"PODERM - NAGELPILZ-BEHANDLUNG | Mit der Kraft antimykotischer, reparierender, reinigender und revitalisierender Pflanzen\u2026 - Markt-XXL","og_description":"Markt-XXL PODERM - NAGELPILZ-BEHANDLUNG | Mit der Kraft antimykotischer, reparierender, reinigender und revitalisierender Pflanzen\u2026","og_url":"https:\/\/marktxxl.de\/markt\/produkt\/poderm-nagelpilz-behandlung-mit-der-kraft-antimykotischer-reparierender-reinigender-und-revitalisierender-pflanzen-professionelle-fuss-und-handpflege-einfach-schnell-made-in-switzer\/","og_site_name":"Markt-XXL","article_modified_time":"2023-04-11T01:46:12+00:00","og_image":[{"width":500,"height":500,"url":"https:\/\/m.media-amazon.com\/images\/I\/41rlpfs6z-L._SL500_.jpg","type":"image\/jpeg"}],"twitter_card":"summary_large_image","twitter_misc":{"Gesch\u00e4tzte Lesezeit":"1\u00a0Minute"},"schema":{"@context":"https:\/\/schema.org","@graph":[{"@type":"WebPage","@id":"https:\/\/marktxxl.de\/markt\/produkt\/poderm-nagelpilz-behandlung-mit-der-kraft-antimykotischer-reparierender-reinigender-und-revitalisierender-pflanzen-professionelle-fuss-und-handpflege-einfach-schnell-made-in-switzer\/","url":"https:\/\/marktxxl.de\/markt\/produkt\/poderm-nagelpilz-behandlung-mit-der-kraft-antimykotischer-reparierender-reinigender-und-revitalisierender-pflanzen-professionelle-fuss-und-handpflege-einfach-schnell-made-in-switzer\/","name":"PODERM - NAGELPILZ-BEHANDLUNG | Mit der Kraft antimykotischer, reparierender, reinigender und revitalisierender Pflanzen\u2026 - Markt-XXL","isPartOf":{"@id":"https:\/\/marktxxl.de\/markt\/#website"},"primaryImageOfPage":{"@id":"https:\/\/marktxxl.de\/markt\/produkt\/poderm-nagelpilz-behandlung-mit-der-kraft-antimykotischer-reparierender-reinigender-und-revitalisierender-pflanzen-professionelle-fuss-und-handpflege-einfach-schnell-made-in-switzer\/#primaryimage"},"image":{"@id":"https:\/\/marktxxl.de\/markt\/produkt\/poderm-nagelpilz-behandlung-mit-der-kraft-antimykotischer-reparierender-reinigender-und-revitalisierender-pflanzen-professionelle-fuss-und-handpflege-einfach-schnell-made-in-switzer\/#primaryimage"},"thumbnailUrl":"https:\/\/m.media-amazon.com\/images\/I\/41rlpfs6z-L._SL500_.jpg","datePublished":"2022-05-14T23:34:36+00:00","dateModified":"2023-04-11T01:46:12+00:00","description":"Markt-XXL PODERM - NAGELPILZ-BEHANDLUNG | Mit der Kraft antimykotischer, reparierender, reinigender und revitalisierender Pflanzen\u2026","breadcrumb":{"@id":"https:\/\/marktxxl.de\/markt\/produkt\/poderm-nagelpilz-behandlung-mit-der-kraft-antimykotischer-reparierender-reinigender-und-revitalisierender-pflanzen-professionelle-fuss-und-handpflege-einfach-schnell-made-in-switzer\/#breadcrumb"},"inLanguage":"de","potentialAction":[{"@type":"ReadAction","target":["https:\/\/marktxxl.de\/markt\/produkt\/poderm-nagelpilz-behandlung-mit-der-kraft-antimykotischer-reparierender-reinigender-und-revitalisierender-pflanzen-professionelle-fuss-und-handpflege-einfach-schnell-made-in-switzer\/"]}]},{"@type":"ImageObject","inLanguage":"de","@id":"https:\/\/marktxxl.de\/markt\/produkt\/poderm-nagelpilz-behandlung-mit-der-kraft-antimykotischer-reparierender-reinigender-und-revitalisierender-pflanzen-professionelle-fuss-und-handpflege-einfach-schnell-made-in-switzer\/#primaryimage","url":"https:\/\/m.media-amazon.com\/images\/I\/41rlpfs6z-L._SL500_.jpg","contentUrl":"https:\/\/m.media-amazon.com\/images\/I\/41rlpfs6z-L._SL500_.jpg","width":500,"height":500},{"@type":"BreadcrumbList","@id":"https:\/\/marktxxl.de\/markt\/produkt\/poderm-nagelpilz-behandlung-mit-der-kraft-antimykotischer-reparierender-reinigender-und-revitalisierender-pflanzen-professionelle-fuss-und-handpflege-einfach-schnell-made-in-switzer\/#breadcrumb","itemListElement":[{"@type":"ListItem","position":1,"name":"Startseite","item":"https:\/\/marktxxl.de\/markt\/"},{"@type":"ListItem","position":2,"name":"Markt","item":"https:\/\/marktxxl.de\/markt\/"},{"@type":"ListItem","position":3,"name":"PODERM &#8211; NAGELPILZ-BEHANDLUNG | Mit der Kraft antimykotischer, reparierender, reinigender und revitalisierender Pflanzen\u2026"}]},{"@type":"WebSite","@id":"https:\/\/marktxxl.de\/markt\/#website","url":"https:\/\/marktxxl.de\/markt\/","name":"Markt-XXL","description":"Ihr Markt Online","publisher":{"@id":"https:\/\/marktxxl.de\/markt\/#organization"},"potentialAction":[{"@type":"SearchAction","target":{"@type":"EntryPoint","urlTemplate":"https:\/\/marktxxl.de\/markt\/?s={search_term_string}"},"query-input":{"@type":"PropertyValueSpecification","valueRequired":true,"valueName":"search_term_string"}}],"inLanguage":"de"},{"@type":"Organization","@id":"https:\/\/marktxxl.de\/markt\/#organization","name":"Markt-XXL","url":"https:\/\/marktxxl.de\/markt\/","logo":{"@type":"ImageObject","inLanguage":"de","@id":"https:\/\/marktxxl.de\/markt\/#\/schema\/logo\/image\/","url":"https:\/\/marktxxl.de\/markt\/wp-content\/uploads\/sites\/3\/2020\/12\/logo.png","contentUrl":"https:\/\/marktxxl.de\/markt\/wp-content\/uploads\/sites\/3\/2020\/12\/logo.png","width":200,"height":70,"caption":"Markt-XXL"},"image":{"@id":"https:\/\/marktxxl.de\/markt\/#\/schema\/logo\/image\/"}}]}},"_links":{"self":[{"href":"https:\/\/marktxxl.de\/markt\/wp-json\/wp\/v2\/product\/117737","targetHints":{"allow":["GET"]}}],"collection":[{"href":"https:\/\/marktxxl.de\/markt\/wp-json\/wp\/v2\/product"}],"about":[{"href":"https:\/\/marktxxl.de\/markt\/wp-json\/wp\/v2\/types\/product"}],"replies":[{"embeddable":true,"href":"https:\/\/marktxxl.de\/markt\/wp-json\/wp\/v2\/comments?post=117737"}],"wp:featuredmedia":[{"embeddable":true,"href":"https:\/\/marktxxl.de\/markt\/wp-json\/wp\/v2\/media\/117738"}],"wp:attachment":[{"href":"https:\/\/marktxxl.de\/markt\/wp-json\/wp\/v2\/media?parent=117737"}],"wp:term":[{"taxonomy":"product_brand","embeddable":true,"href":"https:\/\/marktxxl.de\/markt\/wp-json\/wp\/v2\/product_brand?post=117737"},{"taxonomy":"product_cat","embeddable":true,"href":"https:\/\/marktxxl.de\/markt\/wp-json\/wp\/v2\/product_cat?post=117737"},{"taxonomy":"product_tag","embeddable":true,"href":"https:\/\/marktxxl.de\/markt\/wp-json\/wp\/v2\/product_tag?post=117737"}],"curies":[{"name":"wp","href":"https:\/\/api.w.org\/{rel}","templated":true}]}}