{"id":117729,"date":"2022-05-15T01:34:32","date_gmt":"2022-05-14T23:34:32","guid":{"rendered":"https:\/\/marktxxl.de\/markt\/produkt\/augenbrauen-stempel-wasserdicht-augenbrauen-stempel-set-wiederverwendbares-makeup-brow-stamp-brauenpuder-mit-10-schablonen-2-augenbrauen-stift-pinsel-one-step-brow-stamp-shaping-kit\/"},"modified":"2023-04-11T03:46:12","modified_gmt":"2023-04-11T01:46:12","slug":"augenbrauen-stempel-wasserdicht-augenbrauen-stempel-set-wiederverwendbares-makeup-brow-stamp-brauenpuder-mit-10-schablonen-2-augenbrauen-stift-pinsel-one-step-brow-stamp-shaping-kit","status":"publish","type":"product","link":"https:\/\/marktxxl.de\/markt\/produkt\/augenbrauen-stempel-wasserdicht-augenbrauen-stempel-set-wiederverwendbares-makeup-brow-stamp-brauenpuder-mit-10-schablonen-2-augenbrauen-stift-pinsel-one-step-brow-stamp-shaping-kit\/","title":{"rendered":"Augenbrauen Stempel Wasserdicht, Augenbrauen-Stempel-Set, Wiederverwendbares Makeup Brow Stamp Brauenpuder mit 10\u2026"},"content":{"rendered":"<p>\u2764\u2764\u3010Einstufiges Augenbrauen-Stempel-Formungsset\u3011: Sie m\u00fcssen keine Zeit verschwenden, um Augenbrauen und Augenbrauenformen zu zeichnen. Es ist mit 10 benutzerdefinierten Formschablonen und 2 Brauenb\u00fcrsten ausgestattet, die helfen k\u00f6nnen, die. Augenbrauenposition zu finden oder Probleme mit dem Make-up-Abstand zu haben, und schnell ein Paar symmetrischer und zufriedenstellender Augenbrauenformen zu erhalten.<br \/>\n\u2764\u2764\u3010Mehrzweck\u3011: Zus\u00e4tzlich zum \u00c4ndern der Augenbrauen k\u00f6nnen Sie die Haaransicht und die Stirn auch perfekt modifizieren, wodurch Ihre Haaransicht und Ihr Haar voll und dick ist. Vielseitig, praktisch, klein und bequem zu tragen, geeignet f\u00fcr verschiedene Anl\u00e4sse.<br \/>\n\u2764\u2764\u3010Drei Farben sind verf\u00fcgbar\u3011: Hellbraun, Dunkelbraun, Schwarzsind in drei Farben erh\u00e4ltlich. W\u00e4hlen Sie die Farbe, die zu Ihnen passt und passen Sie Ihre Haarfarbe an, um nat\u00fcrliche Augenbrauen zu kreieren, die sehr gut f\u00fcr Anf\u00e4nger geeignet sind. Mini und praktische, feine Textur, nat\u00fcrliche Farbentwicklung, weiche Pilzkopfdesign, sehr s\u00fc\u00df und praktisch.<br \/>\n\u2764\u2764\u3010Hohe Qualit\u00e4tsmaterialien\u3011:Hergestellt aus hochwertigen Materialien, nat\u00fcrlich und umweltfreundlich, keine Irritation und nat\u00fcrlich nicht abfallen. Langanhaltend und wischfest. Dieses Puder-Gel kann einen ganzen Tag lang bleiben und ist mit Make-up-Entferner leicht zu entfernen.<br \/>\n\u2764\u2764\u3010Perfekte Geschenke\u3011\uff1a Dieses Augenbrauen-Make-up-Set ist das beste Geschenk f\u00fcr Freunde, Liebhaber und Familie. Die Augenbrauen sind der letzte Schliff des Make-ups. Kleiner und praktischer Anzug, geeignet f\u00fcr Reisen, Salon, Party und andere Anl\u00e4sse.<br \/>\n<div class=\"main-cross-sell\" data-asin=\"B09FQGJJSJ\">\n\n\t<div class=\"WooZone-cross-sell-loader\">\n\t\t<div>\n\t\t\t<div id=\"floatingBarsG\">\n\t\t\t\t<div class=\"blockG\" id=\"rotateG_01\"><\/div>\n\t\t\t\t<div class=\"blockG\" id=\"rotateG_02\"><\/div>\n\t\t\t\t<div class=\"blockG\" id=\"rotateG_03\"><\/div>\n\t\t\t\t<div class=\"blockG\" id=\"rotateG_04\"><\/div>\n\t\t\t\t<div class=\"blockG\" id=\"rotateG_05\"><\/div>\n\t\t\t\t<div class=\"blockG\" id=\"rotateG_06\"><\/div>\n\t\t\t\t<div class=\"blockG\" id=\"rotateG_07\"><\/div>\n\t\t\t\t<div class=\"blockG\" id=\"rotateG_08\"><\/div>\n\t\t\t<\/div>\n\t\t\t<div class=\"WooZone-cross-sell-loader-text\"><\/div>\n\t\t<\/div>\n\t<\/div>\n\n\t\t\n<\/div>\n<div style=\"clear:both;\"><\/div><\/p>\n","protected":false},"excerpt":{"rendered":"<p>\u2764\u2764\u3010Einstufiges Augenbrauen-Stempel-Formungsset\u3011: Sie m\u00fcssen keine Zeit verschwenden, um Augenbrauen und Augenbrauenformen zu zeichnen. Es ist mit 10 benutzerdefinierten Formschablonen und 2 Brauenb\u00fcrsten ausgestattet, die helfen k\u00f6nnen, die. Augenbrauenposition zu finden oder Probleme mit dem Make-up-Abstand zu haben, und schnell ein Paar symmetrischer und zufriedenstellender Augenbrauenformen zu erhalten.<br \/>\n\u2764\u2764\u3010Mehrzweck\u3011: Zus\u00e4tzlich zum \u00c4ndern der Augenbrauen k\u00f6nnen Sie die Haaransicht und die Stirn auch perfekt modifizieren, wodurch Ihre Haaransicht und Ihr Haar voll und dick ist. Vielseitig, praktisch, klein und bequem zu tragen, geeignet f\u00fcr verschiedene Anl\u00e4sse.<br \/>\n\u2764\u2764\u3010Drei Farben sind verf\u00fcgbar\u3011: Hellbraun, Dunkelbraun, Schwarzsind in drei Farben erh\u00e4ltlich. W\u00e4hlen Sie die Farbe, die zu Ihnen passt und passen Sie Ihre Haarfarbe an, um nat\u00fcrliche Augenbrauen zu kreieren, die sehr gut f\u00fcr Anf\u00e4nger geeignet sind. Mini und praktische, feine Textur, nat\u00fcrliche Farbentwicklung, weiche Pilzkopfdesign, sehr s\u00fc\u00df und praktisch.<\/p>\n","protected":false},"featured_media":117730,"comment_status":"open","ping_status":"closed","template":"","meta":[],"product_brand":[],"product_cat":[2858,7575],"product_tag":[],"class_list":{"0":"post-117729","1":"product","2":"type-product","3":"status-publish","4":"has-post-thumbnail","6":"product_cat-beauty","7":"product_cat-make-up","8":"pa_brand-moulis","9":"pa_manufacturer-moulis","11":"first","12":"instock","13":"shipping-taxable","14":"purchasable","15":"product-type-simple","16":"customify-col","17":"product-has-gallery"},"yoast_head":"<!-- This site is optimized with the Yoast SEO plugin v27.4 - https:\/\/yoast.com\/product\/yoast-seo-wordpress\/ -->\n<title>Augenbrauen Stempel Wasserdicht, Augenbrauen-Stempel-Set, Wiederverwendbares Makeup Brow Stamp Brauenpuder mit 10\u2026 - Markt-XXL<\/title>\n<meta name=\"description\" content=\"Markt-XXL Augenbrauen Stempel Wasserdicht, Augenbrauen-Stempel-Set, Wiederverwendbares Makeup Brow Stamp Brauenpuder mit 10\u2026\" \/>\n<meta name=\"robots\" content=\"index, follow, max-snippet:-1, max-image-preview:large, max-video-preview:-1\" \/>\n<link rel=\"canonical\" href=\"https:\/\/marktxxl.de\/markt\/produkt\/augenbrauen-stempel-wasserdicht-augenbrauen-stempel-set-wiederverwendbares-makeup-brow-stamp-brauenpuder-mit-10-schablonen-2-augenbrauen-stift-pinsel-one-step-brow-stamp-shaping-kit\/\" \/>\n<meta property=\"og:locale\" content=\"de_DE\" \/>\n<meta property=\"og:type\" content=\"article\" \/>\n<meta property=\"og:title\" content=\"Augenbrauen Stempel Wasserdicht, Augenbrauen-Stempel-Set, Wiederverwendbares Makeup Brow Stamp Brauenpuder mit 10\u2026 - Markt-XXL\" \/>\n<meta property=\"og:description\" content=\"Markt-XXL Augenbrauen Stempel Wasserdicht, Augenbrauen-Stempel-Set, Wiederverwendbares Makeup Brow Stamp Brauenpuder mit 10\u2026\" \/>\n<meta property=\"og:url\" content=\"https:\/\/marktxxl.de\/markt\/produkt\/augenbrauen-stempel-wasserdicht-augenbrauen-stempel-set-wiederverwendbares-makeup-brow-stamp-brauenpuder-mit-10-schablonen-2-augenbrauen-stift-pinsel-one-step-brow-stamp-shaping-kit\/\" \/>\n<meta property=\"og:site_name\" content=\"Markt-XXL\" \/>\n<meta property=\"article:modified_time\" content=\"2023-04-11T01:46:12+00:00\" \/>\n<meta property=\"og:image\" content=\"https:\/\/m.media-amazon.com\/images\/I\/51FGLl+9pLL._SL500_.jpg\" \/>\n\t<meta property=\"og:image:width\" content=\"500\" \/>\n\t<meta property=\"og:image:height\" content=\"500\" \/>\n\t<meta property=\"og:image:type\" content=\"image\/jpeg\" \/>\n<meta name=\"twitter:card\" content=\"summary_large_image\" \/>\n<meta name=\"twitter:label1\" content=\"Gesch\u00e4tzte Lesezeit\" \/>\n\t<meta name=\"twitter:data1\" content=\"1\u00a0Minute\" \/>\n<script type=\"application\/ld+json\" class=\"yoast-schema-graph\">{\"@context\":\"https:\\\/\\\/schema.org\",\"@graph\":[{\"@type\":\"WebPage\",\"@id\":\"https:\\\/\\\/marktxxl.de\\\/markt\\\/produkt\\\/augenbrauen-stempel-wasserdicht-augenbrauen-stempel-set-wiederverwendbares-makeup-brow-stamp-brauenpuder-mit-10-schablonen-2-augenbrauen-stift-pinsel-one-step-brow-stamp-shaping-kit\\\/\",\"url\":\"https:\\\/\\\/marktxxl.de\\\/markt\\\/produkt\\\/augenbrauen-stempel-wasserdicht-augenbrauen-stempel-set-wiederverwendbares-makeup-brow-stamp-brauenpuder-mit-10-schablonen-2-augenbrauen-stift-pinsel-one-step-brow-stamp-shaping-kit\\\/\",\"name\":\"Augenbrauen Stempel Wasserdicht, Augenbrauen-Stempel-Set, Wiederverwendbares Makeup Brow Stamp Brauenpuder mit 10\u2026 - Markt-XXL\",\"isPartOf\":{\"@id\":\"https:\\\/\\\/marktxxl.de\\\/markt\\\/#website\"},\"primaryImageOfPage\":{\"@id\":\"https:\\\/\\\/marktxxl.de\\\/markt\\\/produkt\\\/augenbrauen-stempel-wasserdicht-augenbrauen-stempel-set-wiederverwendbares-makeup-brow-stamp-brauenpuder-mit-10-schablonen-2-augenbrauen-stift-pinsel-one-step-brow-stamp-shaping-kit\\\/#primaryimage\"},\"image\":{\"@id\":\"https:\\\/\\\/marktxxl.de\\\/markt\\\/produkt\\\/augenbrauen-stempel-wasserdicht-augenbrauen-stempel-set-wiederverwendbares-makeup-brow-stamp-brauenpuder-mit-10-schablonen-2-augenbrauen-stift-pinsel-one-step-brow-stamp-shaping-kit\\\/#primaryimage\"},\"thumbnailUrl\":\"https:\\\/\\\/m.media-amazon.com\\\/images\\\/I\\\/51FGLl+9pLL._SL500_.jpg\",\"datePublished\":\"2022-05-14T23:34:32+00:00\",\"dateModified\":\"2023-04-11T01:46:12+00:00\",\"description\":\"Markt-XXL Augenbrauen Stempel Wasserdicht, Augenbrauen-Stempel-Set, Wiederverwendbares Makeup Brow Stamp Brauenpuder mit 10\u2026\",\"breadcrumb\":{\"@id\":\"https:\\\/\\\/marktxxl.de\\\/markt\\\/produkt\\\/augenbrauen-stempel-wasserdicht-augenbrauen-stempel-set-wiederverwendbares-makeup-brow-stamp-brauenpuder-mit-10-schablonen-2-augenbrauen-stift-pinsel-one-step-brow-stamp-shaping-kit\\\/#breadcrumb\"},\"inLanguage\":\"de\",\"potentialAction\":[{\"@type\":\"ReadAction\",\"target\":[\"https:\\\/\\\/marktxxl.de\\\/markt\\\/produkt\\\/augenbrauen-stempel-wasserdicht-augenbrauen-stempel-set-wiederverwendbares-makeup-brow-stamp-brauenpuder-mit-10-schablonen-2-augenbrauen-stift-pinsel-one-step-brow-stamp-shaping-kit\\\/\"]}]},{\"@type\":\"ImageObject\",\"inLanguage\":\"de\",\"@id\":\"https:\\\/\\\/marktxxl.de\\\/markt\\\/produkt\\\/augenbrauen-stempel-wasserdicht-augenbrauen-stempel-set-wiederverwendbares-makeup-brow-stamp-brauenpuder-mit-10-schablonen-2-augenbrauen-stift-pinsel-one-step-brow-stamp-shaping-kit\\\/#primaryimage\",\"url\":\"https:\\\/\\\/m.media-amazon.com\\\/images\\\/I\\\/51FGLl+9pLL._SL500_.jpg\",\"contentUrl\":\"https:\\\/\\\/m.media-amazon.com\\\/images\\\/I\\\/51FGLl+9pLL._SL500_.jpg\",\"width\":500,\"height\":500},{\"@type\":\"BreadcrumbList\",\"@id\":\"https:\\\/\\\/marktxxl.de\\\/markt\\\/produkt\\\/augenbrauen-stempel-wasserdicht-augenbrauen-stempel-set-wiederverwendbares-makeup-brow-stamp-brauenpuder-mit-10-schablonen-2-augenbrauen-stift-pinsel-one-step-brow-stamp-shaping-kit\\\/#breadcrumb\",\"itemListElement\":[{\"@type\":\"ListItem\",\"position\":1,\"name\":\"Startseite\",\"item\":\"https:\\\/\\\/marktxxl.de\\\/markt\\\/\"},{\"@type\":\"ListItem\",\"position\":2,\"name\":\"Markt\",\"item\":\"https:\\\/\\\/marktxxl.de\\\/markt\\\/\"},{\"@type\":\"ListItem\",\"position\":3,\"name\":\"Augenbrauen Stempel Wasserdicht, Augenbrauen-Stempel-Set, Wiederverwendbares Makeup Brow Stamp Brauenpuder mit 10\u2026\"}]},{\"@type\":\"WebSite\",\"@id\":\"https:\\\/\\\/marktxxl.de\\\/markt\\\/#website\",\"url\":\"https:\\\/\\\/marktxxl.de\\\/markt\\\/\",\"name\":\"Markt-XXL\",\"description\":\"Ihr Markt Online\",\"publisher\":{\"@id\":\"https:\\\/\\\/marktxxl.de\\\/markt\\\/#organization\"},\"potentialAction\":[{\"@type\":\"SearchAction\",\"target\":{\"@type\":\"EntryPoint\",\"urlTemplate\":\"https:\\\/\\\/marktxxl.de\\\/markt\\\/?s={search_term_string}\"},\"query-input\":{\"@type\":\"PropertyValueSpecification\",\"valueRequired\":true,\"valueName\":\"search_term_string\"}}],\"inLanguage\":\"de\"},{\"@type\":\"Organization\",\"@id\":\"https:\\\/\\\/marktxxl.de\\\/markt\\\/#organization\",\"name\":\"Markt-XXL\",\"url\":\"https:\\\/\\\/marktxxl.de\\\/markt\\\/\",\"logo\":{\"@type\":\"ImageObject\",\"inLanguage\":\"de\",\"@id\":\"https:\\\/\\\/marktxxl.de\\\/markt\\\/#\\\/schema\\\/logo\\\/image\\\/\",\"url\":\"https:\\\/\\\/marktxxl.de\\\/markt\\\/wp-content\\\/uploads\\\/sites\\\/3\\\/2020\\\/12\\\/logo.png\",\"contentUrl\":\"https:\\\/\\\/marktxxl.de\\\/markt\\\/wp-content\\\/uploads\\\/sites\\\/3\\\/2020\\\/12\\\/logo.png\",\"width\":200,\"height\":70,\"caption\":\"Markt-XXL\"},\"image\":{\"@id\":\"https:\\\/\\\/marktxxl.de\\\/markt\\\/#\\\/schema\\\/logo\\\/image\\\/\"}}]}<\/script>\n<!-- \/ Yoast SEO plugin. -->","yoast_head_json":{"title":"Augenbrauen Stempel Wasserdicht, Augenbrauen-Stempel-Set, Wiederverwendbares Makeup Brow Stamp Brauenpuder mit 10\u2026 - Markt-XXL","description":"Markt-XXL Augenbrauen Stempel Wasserdicht, Augenbrauen-Stempel-Set, Wiederverwendbares Makeup Brow Stamp Brauenpuder mit 10\u2026","robots":{"index":"index","follow":"follow","max-snippet":"max-snippet:-1","max-image-preview":"max-image-preview:large","max-video-preview":"max-video-preview:-1"},"canonical":"https:\/\/marktxxl.de\/markt\/produkt\/augenbrauen-stempel-wasserdicht-augenbrauen-stempel-set-wiederverwendbares-makeup-brow-stamp-brauenpuder-mit-10-schablonen-2-augenbrauen-stift-pinsel-one-step-brow-stamp-shaping-kit\/","og_locale":"de_DE","og_type":"article","og_title":"Augenbrauen Stempel Wasserdicht, Augenbrauen-Stempel-Set, Wiederverwendbares Makeup Brow Stamp Brauenpuder mit 10\u2026 - Markt-XXL","og_description":"Markt-XXL Augenbrauen Stempel Wasserdicht, Augenbrauen-Stempel-Set, Wiederverwendbares Makeup Brow Stamp Brauenpuder mit 10\u2026","og_url":"https:\/\/marktxxl.de\/markt\/produkt\/augenbrauen-stempel-wasserdicht-augenbrauen-stempel-set-wiederverwendbares-makeup-brow-stamp-brauenpuder-mit-10-schablonen-2-augenbrauen-stift-pinsel-one-step-brow-stamp-shaping-kit\/","og_site_name":"Markt-XXL","article_modified_time":"2023-04-11T01:46:12+00:00","og_image":[{"width":500,"height":500,"url":"https:\/\/m.media-amazon.com\/images\/I\/51FGLl+9pLL._SL500_.jpg","type":"image\/jpeg"}],"twitter_card":"summary_large_image","twitter_misc":{"Gesch\u00e4tzte Lesezeit":"1\u00a0Minute"},"schema":{"@context":"https:\/\/schema.org","@graph":[{"@type":"WebPage","@id":"https:\/\/marktxxl.de\/markt\/produkt\/augenbrauen-stempel-wasserdicht-augenbrauen-stempel-set-wiederverwendbares-makeup-brow-stamp-brauenpuder-mit-10-schablonen-2-augenbrauen-stift-pinsel-one-step-brow-stamp-shaping-kit\/","url":"https:\/\/marktxxl.de\/markt\/produkt\/augenbrauen-stempel-wasserdicht-augenbrauen-stempel-set-wiederverwendbares-makeup-brow-stamp-brauenpuder-mit-10-schablonen-2-augenbrauen-stift-pinsel-one-step-brow-stamp-shaping-kit\/","name":"Augenbrauen Stempel Wasserdicht, Augenbrauen-Stempel-Set, Wiederverwendbares Makeup Brow Stamp Brauenpuder mit 10\u2026 - Markt-XXL","isPartOf":{"@id":"https:\/\/marktxxl.de\/markt\/#website"},"primaryImageOfPage":{"@id":"https:\/\/marktxxl.de\/markt\/produkt\/augenbrauen-stempel-wasserdicht-augenbrauen-stempel-set-wiederverwendbares-makeup-brow-stamp-brauenpuder-mit-10-schablonen-2-augenbrauen-stift-pinsel-one-step-brow-stamp-shaping-kit\/#primaryimage"},"image":{"@id":"https:\/\/marktxxl.de\/markt\/produkt\/augenbrauen-stempel-wasserdicht-augenbrauen-stempel-set-wiederverwendbares-makeup-brow-stamp-brauenpuder-mit-10-schablonen-2-augenbrauen-stift-pinsel-one-step-brow-stamp-shaping-kit\/#primaryimage"},"thumbnailUrl":"https:\/\/m.media-amazon.com\/images\/I\/51FGLl+9pLL._SL500_.jpg","datePublished":"2022-05-14T23:34:32+00:00","dateModified":"2023-04-11T01:46:12+00:00","description":"Markt-XXL Augenbrauen Stempel Wasserdicht, Augenbrauen-Stempel-Set, Wiederverwendbares Makeup Brow Stamp Brauenpuder mit 10\u2026","breadcrumb":{"@id":"https:\/\/marktxxl.de\/markt\/produkt\/augenbrauen-stempel-wasserdicht-augenbrauen-stempel-set-wiederverwendbares-makeup-brow-stamp-brauenpuder-mit-10-schablonen-2-augenbrauen-stift-pinsel-one-step-brow-stamp-shaping-kit\/#breadcrumb"},"inLanguage":"de","potentialAction":[{"@type":"ReadAction","target":["https:\/\/marktxxl.de\/markt\/produkt\/augenbrauen-stempel-wasserdicht-augenbrauen-stempel-set-wiederverwendbares-makeup-brow-stamp-brauenpuder-mit-10-schablonen-2-augenbrauen-stift-pinsel-one-step-brow-stamp-shaping-kit\/"]}]},{"@type":"ImageObject","inLanguage":"de","@id":"https:\/\/marktxxl.de\/markt\/produkt\/augenbrauen-stempel-wasserdicht-augenbrauen-stempel-set-wiederverwendbares-makeup-brow-stamp-brauenpuder-mit-10-schablonen-2-augenbrauen-stift-pinsel-one-step-brow-stamp-shaping-kit\/#primaryimage","url":"https:\/\/m.media-amazon.com\/images\/I\/51FGLl+9pLL._SL500_.jpg","contentUrl":"https:\/\/m.media-amazon.com\/images\/I\/51FGLl+9pLL._SL500_.jpg","width":500,"height":500},{"@type":"BreadcrumbList","@id":"https:\/\/marktxxl.de\/markt\/produkt\/augenbrauen-stempel-wasserdicht-augenbrauen-stempel-set-wiederverwendbares-makeup-brow-stamp-brauenpuder-mit-10-schablonen-2-augenbrauen-stift-pinsel-one-step-brow-stamp-shaping-kit\/#breadcrumb","itemListElement":[{"@type":"ListItem","position":1,"name":"Startseite","item":"https:\/\/marktxxl.de\/markt\/"},{"@type":"ListItem","position":2,"name":"Markt","item":"https:\/\/marktxxl.de\/markt\/"},{"@type":"ListItem","position":3,"name":"Augenbrauen Stempel Wasserdicht, Augenbrauen-Stempel-Set, Wiederverwendbares Makeup Brow Stamp Brauenpuder mit 10\u2026"}]},{"@type":"WebSite","@id":"https:\/\/marktxxl.de\/markt\/#website","url":"https:\/\/marktxxl.de\/markt\/","name":"Markt-XXL","description":"Ihr Markt Online","publisher":{"@id":"https:\/\/marktxxl.de\/markt\/#organization"},"potentialAction":[{"@type":"SearchAction","target":{"@type":"EntryPoint","urlTemplate":"https:\/\/marktxxl.de\/markt\/?s={search_term_string}"},"query-input":{"@type":"PropertyValueSpecification","valueRequired":true,"valueName":"search_term_string"}}],"inLanguage":"de"},{"@type":"Organization","@id":"https:\/\/marktxxl.de\/markt\/#organization","name":"Markt-XXL","url":"https:\/\/marktxxl.de\/markt\/","logo":{"@type":"ImageObject","inLanguage":"de","@id":"https:\/\/marktxxl.de\/markt\/#\/schema\/logo\/image\/","url":"https:\/\/marktxxl.de\/markt\/wp-content\/uploads\/sites\/3\/2020\/12\/logo.png","contentUrl":"https:\/\/marktxxl.de\/markt\/wp-content\/uploads\/sites\/3\/2020\/12\/logo.png","width":200,"height":70,"caption":"Markt-XXL"},"image":{"@id":"https:\/\/marktxxl.de\/markt\/#\/schema\/logo\/image\/"}}]}},"_links":{"self":[{"href":"https:\/\/marktxxl.de\/markt\/wp-json\/wp\/v2\/product\/117729","targetHints":{"allow":["GET"]}}],"collection":[{"href":"https:\/\/marktxxl.de\/markt\/wp-json\/wp\/v2\/product"}],"about":[{"href":"https:\/\/marktxxl.de\/markt\/wp-json\/wp\/v2\/types\/product"}],"replies":[{"embeddable":true,"href":"https:\/\/marktxxl.de\/markt\/wp-json\/wp\/v2\/comments?post=117729"}],"wp:featuredmedia":[{"embeddable":true,"href":"https:\/\/marktxxl.de\/markt\/wp-json\/wp\/v2\/media\/117730"}],"wp:attachment":[{"href":"https:\/\/marktxxl.de\/markt\/wp-json\/wp\/v2\/media?parent=117729"}],"wp:term":[{"taxonomy":"product_brand","embeddable":true,"href":"https:\/\/marktxxl.de\/markt\/wp-json\/wp\/v2\/product_brand?post=117729"},{"taxonomy":"product_cat","embeddable":true,"href":"https:\/\/marktxxl.de\/markt\/wp-json\/wp\/v2\/product_cat?post=117729"},{"taxonomy":"product_tag","embeddable":true,"href":"https:\/\/marktxxl.de\/markt\/wp-json\/wp\/v2\/product_tag?post=117729"}],"curies":[{"name":"wp","href":"https:\/\/api.w.org\/{rel}","templated":true}]}}