{"id":117671,"date":"2022-05-15T01:31:30","date_gmt":"2022-05-14T23:31:30","guid":{"rendered":"https:\/\/marktxxl.de\/markt\/produkt\/laroi-66-blaetter-klein-schwarz-temporaere-tattoos-frauen-maenner-fake-tattoo-aufkleber-gesicht-hals-arm-kinder-tattoo-temporaer-blume-stern-tattoo-kits-jungen-maedchen-tattoos-zum-aufkleben-auf-die-h\/"},"modified":"2023-04-11T03:46:11","modified_gmt":"2023-04-11T01:46:11","slug":"laroi-66-blaetter-klein-schwarz-temporaere-tattoos-frauen-maenner-fake-tattoo-aufkleber-gesicht-hals-arm-kinder-tattoo-temporaer-blume-stern-tattoo-kits-jungen-maedchen-tattoos-zum-aufkleben-auf-die-h","status":"publish","type":"product","link":"https:\/\/marktxxl.de\/markt\/produkt\/laroi-66-blaetter-klein-schwarz-temporaere-tattoos-frauen-maenner-fake-tattoo-aufkleber-gesicht-hals-arm-kinder-tattoo-temporaer-blume-stern-tattoo-kits-jungen-maedchen-tattoos-zum-aufkleben-auf-die-h\/","title":{"rendered":"LAROI 66 Bl\u00e4tter Klein Schwarz Tempor\u00e4re Tattoos Frauen M\u00e4nner Fake Tattoo Aufkleber Gesicht Hals Arm Kinder Tattoo\u2026"},"content":{"rendered":"<p>\u2705\u301066 Bl\u00e4tter\u3011- LAROI 3D Tempor\u00e4re Tattoos Kinder M\u00e4nner Frauen Teenager Teenager Kinder Erwachsene Jungen M\u00e4dchen K\u00f6rperkunst Aufkleber Sehen Echt Aus! \u3010klicken Sie Auf Unseren Shop \/ Markennamen, Um Weitere Modedesigns Zu Sehen.\u3011 Tattoos Zum Aufkleben Auf Die Haut, Klebetattoos Erwachsene, Temporary Tattoos, Wandtattoos, Tattoo Farbe Kaufen, Festival Party Zubeh\u00f6r, Gesichtstattoo, Klebe Tattoos, Fake Tattoos Frauen, Wasserfest Tattoo Wasserdicht Tattoo Papier. T\u00e4towierungen.<br \/>\n\u2705\u3010Gr\u00f6\u00dfe\u3011- 66 Bl\u00e4tter Tempor\u00e4re Tattoos Spa\u00df Niedliche Kleine Gr\u00f6\u00dfe 10.5x6cm Tempor\u00e4re Tattoos Frauen Damen Jungen Kinder. \u3010lang Anhaltende T\u00e4towierungen\u3011 Wasserdicht Und H\u00e4lt Lange K\u00f6rper Von 3-5 Tagen. Realistische Tempor\u00e4re Tattoos Jungen M\u00e4dchen Niedlichen Cartoon Traumf\u00e4nger V\u00f6gel Blume Feder Krone Krone Barcode Geometrische Panda Wolf Motte Planeten Schl\u00fcssel Meerjungfrau Unendlichkeit Stern Ahornblatt Sonnenblumenpfeile Kreuz Auge Engel Fl\u00fcgel Lotus Auge Totem Sommer Stil.<br \/>\n\u2705\u3010Einfach Zu Bedienen\u3011- 10-20 Sekunden Wassertransfer Und Leicht Entfernbar Waschbar Durch Reiben Von Alkohol, Oliven\u00f6l Und Baby\u00f6l. Rose Blumen Blumen Anker Eule Sch\u00e4del Tribal Bohemia Boho Semi Permanente Tempor\u00e4re Tattoos M\u00e4nner Herren Mann M\u00e4dchen Mit Schwarzer Blume Benutzerdefinierte Diy Tattoo Tempor\u00e4re Papierpaste Weihnachten Bleistift Box Vertuschen.<br \/>\n\u2705\u3010Ungiftige Tattoos Mit Schwarzer Tinte Kinder\u3011- Tempor\u00e4re Tattoo-aufkleber Der Marke LAROI Sind Sicher Die Haut Von Kindern. Gesund, Erf\u00fcllen Strenge Sicherheits- Und Umweltstandards. M\u00e4dchen Kinder Tempoprary Tattoos Erwachsene Sohn Tochter Kind Kleinkind J\u00fcngere Liebhaber. Tempor\u00e4res 3D-tattoo Kann Auch Auf Kunsthandwerk, Flasche, Wohnkultur, Clipart, Illustration, Partybedarf, Glas, Kunststoff, Handyh\u00fclle, Autoabziehbildern, Maskerade, Karneval, Fahrrad, Ostertag.<br \/>\n\u2705\u30101000+ Mode Tattoo Design\u3011- In Unserem Shop Haben Wir Viele Realistische Tempor\u00e4re Tattoos-kits Mit Wundersch\u00f6nen Designs Und Tempor\u00e4ren Tattoos-aufklebern! Sie K\u00f6nnen Diese Gef\u00e4lschten Tattoosets Auf K\u00f6rper Arm Oberschenkel Beine Schulter Handgelenk Winzige H\u00e4nde Brust Gesicht Fu\u00df Hals Unterarm Taille Kn\u00f6chel Brust R\u00fccken Schaft Kleben. Geeignet Geburtstagsgeschenke, Partygeschenke, Halloween, Club, Strand, Pool, Schwimmbad, Fitnessraum, Anime, Kindertag, Feiertage, Feste.<br \/>\n<div class=\"main-cross-sell\" data-asin=\"B08XNG6RSF\">\n\n\t<div class=\"WooZone-cross-sell-loader\">\n\t\t<div>\n\t\t\t<div id=\"floatingBarsG\">\n\t\t\t\t<div class=\"blockG\" id=\"rotateG_01\"><\/div>\n\t\t\t\t<div class=\"blockG\" id=\"rotateG_02\"><\/div>\n\t\t\t\t<div class=\"blockG\" id=\"rotateG_03\"><\/div>\n\t\t\t\t<div class=\"blockG\" id=\"rotateG_04\"><\/div>\n\t\t\t\t<div class=\"blockG\" id=\"rotateG_05\"><\/div>\n\t\t\t\t<div class=\"blockG\" id=\"rotateG_06\"><\/div>\n\t\t\t\t<div class=\"blockG\" id=\"rotateG_07\"><\/div>\n\t\t\t\t<div class=\"blockG\" id=\"rotateG_08\"><\/div>\n\t\t\t<\/div>\n\t\t\t<div class=\"WooZone-cross-sell-loader-text\"><\/div>\n\t\t<\/div>\n\t<\/div>\n\n\t\t\n<\/div>\n<div style=\"clear:both;\"><\/div><\/p>\n","protected":false},"excerpt":{"rendered":"<p>\u2705\u301066 Bl\u00e4tter\u3011- LAROI 3D Tempor\u00e4re Tattoos Kinder M\u00e4nner Frauen Teenager Teenager Kinder Erwachsene Jungen M\u00e4dchen K\u00f6rperkunst Aufkleber Sehen Echt Aus! \u3010klicken Sie Auf Unseren Shop \/ Markennamen, Um Weitere Modedesigns Zu Sehen.\u3011 Tattoos Zum Aufkleben Auf Die Haut, Klebetattoos Erwachsene, Temporary Tattoos, Wandtattoos, Tattoo Farbe Kaufen, Festival Party Zubeh\u00f6r, Gesichtstattoo, Klebe Tattoos, Fake Tattoos Frauen, Wasserfest Tattoo Wasserdicht Tattoo Papier. T\u00e4towierungen.<br \/>\n\u2705\u3010Gr\u00f6\u00dfe\u3011- 66 Bl\u00e4tter Tempor\u00e4re Tattoos Spa\u00df Niedliche Kleine Gr\u00f6\u00dfe 10.5x6cm Tempor\u00e4re Tattoos Frauen Damen Jungen Kinder. \u3010lang Anhaltende T\u00e4towierungen\u3011 Wasserdicht Und H\u00e4lt Lange K\u00f6rper Von 3-5 Tagen. Realistische Tempor\u00e4re Tattoos Jungen M\u00e4dchen Niedlichen Cartoon Traumf\u00e4nger V\u00f6gel Blume Feder Krone Krone Barcode Geometrische Panda Wolf Motte Planeten Schl\u00fcssel Meerjungfrau Unendlichkeit Stern Ahornblatt Sonnenblumenpfeile Kreuz Auge Engel Fl\u00fcgel Lotus Auge Totem Sommer Stil.<br \/>\n\u2705\u3010Einfach Zu Bedienen\u3011- 10-20 Sekunden Wassertransfer Und Leicht Entfernbar Waschbar Durch Reiben Von Alkohol, Oliven\u00f6l Und Baby\u00f6l. Rose Blumen Blumen Anker Eule Sch\u00e4del Tribal Bohemia Boho Semi Permanente Tempor\u00e4re Tattoos M\u00e4nner Herren Mann M\u00e4dchen Mit Schwarzer Blume Benutzerdefinierte Diy Tattoo Tempor\u00e4re Papierpaste Weihnachten Bleistift Box Vertuschen.<\/p>\n","protected":false},"featured_media":117672,"comment_status":"open","ping_status":"closed","template":"","meta":[],"product_brand":[],"product_cat":[2858,7575],"product_tag":[],"class_list":{"0":"post-117671","1":"product","2":"type-product","3":"status-publish","4":"has-post-thumbnail","6":"product_cat-beauty","7":"product_cat-make-up","8":"pa_binding-unbekannter-einband","9":"pa_brand-laroi","10":"pa_color-schwarz","11":"pa_height-0-393700787-zoll","12":"pa_length-5-511811018-zoll","13":"pa_manufacturer-laroi","14":"pa_model-lmzri031","15":"pa_size-10x6-cm-66er-pack","16":"pa_width-3-93700787-zoll","18":"first","19":"instock","20":"shipping-taxable","21":"purchasable","22":"product-type-simple","23":"customify-col","24":"product-has-gallery"},"yoast_head":"<!-- This site is optimized with the Yoast SEO plugin v27.4 - https:\/\/yoast.com\/product\/yoast-seo-wordpress\/ -->\n<title>LAROI 66 Bl\u00e4tter Klein Schwarz Tempor\u00e4re Tattoos Frauen M\u00e4nner Fake Tattoo Aufkleber Gesicht Hals Arm Kinder Tattoo\u2026 - Markt-XXL<\/title>\n<meta name=\"description\" content=\"Markt-XXL LAROI 66 Bl\u00e4tter Klein Schwarz Tempor\u00e4re Tattoos Frauen M\u00e4nner Fake Tattoo Aufkleber Gesicht Hals Arm Kinder Tattoo\u2026\" \/>\n<meta name=\"robots\" content=\"index, follow, max-snippet:-1, max-image-preview:large, max-video-preview:-1\" \/>\n<link rel=\"canonical\" href=\"https:\/\/marktxxl.de\/markt\/produkt\/laroi-66-blaetter-klein-schwarz-temporaere-tattoos-frauen-maenner-fake-tattoo-aufkleber-gesicht-hals-arm-kinder-tattoo-temporaer-blume-stern-tattoo-kits-jungen-maedchen-tattoos-zum-aufkleben-auf-die-h\/\" \/>\n<meta property=\"og:locale\" content=\"de_DE\" \/>\n<meta property=\"og:type\" content=\"article\" \/>\n<meta property=\"og:title\" content=\"LAROI 66 Bl\u00e4tter Klein Schwarz Tempor\u00e4re Tattoos Frauen M\u00e4nner Fake Tattoo Aufkleber Gesicht Hals Arm Kinder Tattoo\u2026 - Markt-XXL\" \/>\n<meta property=\"og:description\" content=\"Markt-XXL LAROI 66 Bl\u00e4tter Klein Schwarz Tempor\u00e4re Tattoos Frauen M\u00e4nner Fake Tattoo Aufkleber Gesicht Hals Arm Kinder Tattoo\u2026\" \/>\n<meta property=\"og:url\" content=\"https:\/\/marktxxl.de\/markt\/produkt\/laroi-66-blaetter-klein-schwarz-temporaere-tattoos-frauen-maenner-fake-tattoo-aufkleber-gesicht-hals-arm-kinder-tattoo-temporaer-blume-stern-tattoo-kits-jungen-maedchen-tattoos-zum-aufkleben-auf-die-h\/\" \/>\n<meta property=\"og:site_name\" content=\"Markt-XXL\" \/>\n<meta property=\"article:modified_time\" content=\"2023-04-11T01:46:11+00:00\" \/>\n<meta property=\"og:image\" content=\"https:\/\/m.media-amazon.com\/images\/I\/61BsPiQnRAL._SL500_.jpg\" \/>\n\t<meta property=\"og:image:width\" content=\"500\" \/>\n\t<meta property=\"og:image:height\" content=\"500\" \/>\n\t<meta property=\"og:image:type\" content=\"image\/jpeg\" \/>\n<meta name=\"twitter:card\" content=\"summary_large_image\" \/>\n<meta name=\"twitter:label1\" content=\"Gesch\u00e4tzte Lesezeit\" \/>\n\t<meta name=\"twitter:data1\" content=\"2\u00a0Minuten\" \/>\n<script type=\"application\/ld+json\" class=\"yoast-schema-graph\">{\"@context\":\"https:\\\/\\\/schema.org\",\"@graph\":[{\"@type\":\"WebPage\",\"@id\":\"https:\\\/\\\/marktxxl.de\\\/markt\\\/produkt\\\/laroi-66-blaetter-klein-schwarz-temporaere-tattoos-frauen-maenner-fake-tattoo-aufkleber-gesicht-hals-arm-kinder-tattoo-temporaer-blume-stern-tattoo-kits-jungen-maedchen-tattoos-zum-aufkleben-auf-die-h\\\/\",\"url\":\"https:\\\/\\\/marktxxl.de\\\/markt\\\/produkt\\\/laroi-66-blaetter-klein-schwarz-temporaere-tattoos-frauen-maenner-fake-tattoo-aufkleber-gesicht-hals-arm-kinder-tattoo-temporaer-blume-stern-tattoo-kits-jungen-maedchen-tattoos-zum-aufkleben-auf-die-h\\\/\",\"name\":\"LAROI 66 Bl\u00e4tter Klein Schwarz Tempor\u00e4re Tattoos Frauen M\u00e4nner Fake Tattoo Aufkleber Gesicht Hals Arm Kinder Tattoo\u2026 - Markt-XXL\",\"isPartOf\":{\"@id\":\"https:\\\/\\\/marktxxl.de\\\/markt\\\/#website\"},\"primaryImageOfPage\":{\"@id\":\"https:\\\/\\\/marktxxl.de\\\/markt\\\/produkt\\\/laroi-66-blaetter-klein-schwarz-temporaere-tattoos-frauen-maenner-fake-tattoo-aufkleber-gesicht-hals-arm-kinder-tattoo-temporaer-blume-stern-tattoo-kits-jungen-maedchen-tattoos-zum-aufkleben-auf-die-h\\\/#primaryimage\"},\"image\":{\"@id\":\"https:\\\/\\\/marktxxl.de\\\/markt\\\/produkt\\\/laroi-66-blaetter-klein-schwarz-temporaere-tattoos-frauen-maenner-fake-tattoo-aufkleber-gesicht-hals-arm-kinder-tattoo-temporaer-blume-stern-tattoo-kits-jungen-maedchen-tattoos-zum-aufkleben-auf-die-h\\\/#primaryimage\"},\"thumbnailUrl\":\"https:\\\/\\\/m.media-amazon.com\\\/images\\\/I\\\/61BsPiQnRAL._SL500_.jpg\",\"datePublished\":\"2022-05-14T23:31:30+00:00\",\"dateModified\":\"2023-04-11T01:46:11+00:00\",\"description\":\"Markt-XXL LAROI 66 Bl\u00e4tter Klein Schwarz Tempor\u00e4re Tattoos Frauen M\u00e4nner Fake Tattoo Aufkleber Gesicht Hals Arm Kinder Tattoo\u2026\",\"breadcrumb\":{\"@id\":\"https:\\\/\\\/marktxxl.de\\\/markt\\\/produkt\\\/laroi-66-blaetter-klein-schwarz-temporaere-tattoos-frauen-maenner-fake-tattoo-aufkleber-gesicht-hals-arm-kinder-tattoo-temporaer-blume-stern-tattoo-kits-jungen-maedchen-tattoos-zum-aufkleben-auf-die-h\\\/#breadcrumb\"},\"inLanguage\":\"de\",\"potentialAction\":[{\"@type\":\"ReadAction\",\"target\":[\"https:\\\/\\\/marktxxl.de\\\/markt\\\/produkt\\\/laroi-66-blaetter-klein-schwarz-temporaere-tattoos-frauen-maenner-fake-tattoo-aufkleber-gesicht-hals-arm-kinder-tattoo-temporaer-blume-stern-tattoo-kits-jungen-maedchen-tattoos-zum-aufkleben-auf-die-h\\\/\"]}]},{\"@type\":\"ImageObject\",\"inLanguage\":\"de\",\"@id\":\"https:\\\/\\\/marktxxl.de\\\/markt\\\/produkt\\\/laroi-66-blaetter-klein-schwarz-temporaere-tattoos-frauen-maenner-fake-tattoo-aufkleber-gesicht-hals-arm-kinder-tattoo-temporaer-blume-stern-tattoo-kits-jungen-maedchen-tattoos-zum-aufkleben-auf-die-h\\\/#primaryimage\",\"url\":\"https:\\\/\\\/m.media-amazon.com\\\/images\\\/I\\\/61BsPiQnRAL._SL500_.jpg\",\"contentUrl\":\"https:\\\/\\\/m.media-amazon.com\\\/images\\\/I\\\/61BsPiQnRAL._SL500_.jpg\",\"width\":500,\"height\":500},{\"@type\":\"BreadcrumbList\",\"@id\":\"https:\\\/\\\/marktxxl.de\\\/markt\\\/produkt\\\/laroi-66-blaetter-klein-schwarz-temporaere-tattoos-frauen-maenner-fake-tattoo-aufkleber-gesicht-hals-arm-kinder-tattoo-temporaer-blume-stern-tattoo-kits-jungen-maedchen-tattoos-zum-aufkleben-auf-die-h\\\/#breadcrumb\",\"itemListElement\":[{\"@type\":\"ListItem\",\"position\":1,\"name\":\"Startseite\",\"item\":\"https:\\\/\\\/marktxxl.de\\\/markt\\\/\"},{\"@type\":\"ListItem\",\"position\":2,\"name\":\"Markt\",\"item\":\"https:\\\/\\\/marktxxl.de\\\/markt\\\/\"},{\"@type\":\"ListItem\",\"position\":3,\"name\":\"LAROI 66 Bl\u00e4tter Klein Schwarz Tempor\u00e4re Tattoos Frauen M\u00e4nner Fake Tattoo Aufkleber Gesicht Hals Arm Kinder Tattoo\u2026\"}]},{\"@type\":\"WebSite\",\"@id\":\"https:\\\/\\\/marktxxl.de\\\/markt\\\/#website\",\"url\":\"https:\\\/\\\/marktxxl.de\\\/markt\\\/\",\"name\":\"Markt-XXL\",\"description\":\"Ihr Markt Online\",\"publisher\":{\"@id\":\"https:\\\/\\\/marktxxl.de\\\/markt\\\/#organization\"},\"potentialAction\":[{\"@type\":\"SearchAction\",\"target\":{\"@type\":\"EntryPoint\",\"urlTemplate\":\"https:\\\/\\\/marktxxl.de\\\/markt\\\/?s={search_term_string}\"},\"query-input\":{\"@type\":\"PropertyValueSpecification\",\"valueRequired\":true,\"valueName\":\"search_term_string\"}}],\"inLanguage\":\"de\"},{\"@type\":\"Organization\",\"@id\":\"https:\\\/\\\/marktxxl.de\\\/markt\\\/#organization\",\"name\":\"Markt-XXL\",\"url\":\"https:\\\/\\\/marktxxl.de\\\/markt\\\/\",\"logo\":{\"@type\":\"ImageObject\",\"inLanguage\":\"de\",\"@id\":\"https:\\\/\\\/marktxxl.de\\\/markt\\\/#\\\/schema\\\/logo\\\/image\\\/\",\"url\":\"https:\\\/\\\/marktxxl.de\\\/markt\\\/wp-content\\\/uploads\\\/sites\\\/3\\\/2020\\\/12\\\/logo.png\",\"contentUrl\":\"https:\\\/\\\/marktxxl.de\\\/markt\\\/wp-content\\\/uploads\\\/sites\\\/3\\\/2020\\\/12\\\/logo.png\",\"width\":200,\"height\":70,\"caption\":\"Markt-XXL\"},\"image\":{\"@id\":\"https:\\\/\\\/marktxxl.de\\\/markt\\\/#\\\/schema\\\/logo\\\/image\\\/\"}}]}<\/script>\n<!-- \/ Yoast SEO plugin. -->","yoast_head_json":{"title":"LAROI 66 Bl\u00e4tter Klein Schwarz Tempor\u00e4re Tattoos Frauen M\u00e4nner Fake Tattoo Aufkleber Gesicht Hals Arm Kinder Tattoo\u2026 - Markt-XXL","description":"Markt-XXL LAROI 66 Bl\u00e4tter Klein Schwarz Tempor\u00e4re Tattoos Frauen M\u00e4nner Fake Tattoo Aufkleber Gesicht Hals Arm Kinder Tattoo\u2026","robots":{"index":"index","follow":"follow","max-snippet":"max-snippet:-1","max-image-preview":"max-image-preview:large","max-video-preview":"max-video-preview:-1"},"canonical":"https:\/\/marktxxl.de\/markt\/produkt\/laroi-66-blaetter-klein-schwarz-temporaere-tattoos-frauen-maenner-fake-tattoo-aufkleber-gesicht-hals-arm-kinder-tattoo-temporaer-blume-stern-tattoo-kits-jungen-maedchen-tattoos-zum-aufkleben-auf-die-h\/","og_locale":"de_DE","og_type":"article","og_title":"LAROI 66 Bl\u00e4tter Klein Schwarz Tempor\u00e4re Tattoos Frauen M\u00e4nner Fake Tattoo Aufkleber Gesicht Hals Arm Kinder Tattoo\u2026 - Markt-XXL","og_description":"Markt-XXL LAROI 66 Bl\u00e4tter Klein Schwarz Tempor\u00e4re Tattoos Frauen M\u00e4nner Fake Tattoo Aufkleber Gesicht Hals Arm Kinder Tattoo\u2026","og_url":"https:\/\/marktxxl.de\/markt\/produkt\/laroi-66-blaetter-klein-schwarz-temporaere-tattoos-frauen-maenner-fake-tattoo-aufkleber-gesicht-hals-arm-kinder-tattoo-temporaer-blume-stern-tattoo-kits-jungen-maedchen-tattoos-zum-aufkleben-auf-die-h\/","og_site_name":"Markt-XXL","article_modified_time":"2023-04-11T01:46:11+00:00","og_image":[{"width":500,"height":500,"url":"https:\/\/m.media-amazon.com\/images\/I\/61BsPiQnRAL._SL500_.jpg","type":"image\/jpeg"}],"twitter_card":"summary_large_image","twitter_misc":{"Gesch\u00e4tzte Lesezeit":"2\u00a0Minuten"},"schema":{"@context":"https:\/\/schema.org","@graph":[{"@type":"WebPage","@id":"https:\/\/marktxxl.de\/markt\/produkt\/laroi-66-blaetter-klein-schwarz-temporaere-tattoos-frauen-maenner-fake-tattoo-aufkleber-gesicht-hals-arm-kinder-tattoo-temporaer-blume-stern-tattoo-kits-jungen-maedchen-tattoos-zum-aufkleben-auf-die-h\/","url":"https:\/\/marktxxl.de\/markt\/produkt\/laroi-66-blaetter-klein-schwarz-temporaere-tattoos-frauen-maenner-fake-tattoo-aufkleber-gesicht-hals-arm-kinder-tattoo-temporaer-blume-stern-tattoo-kits-jungen-maedchen-tattoos-zum-aufkleben-auf-die-h\/","name":"LAROI 66 Bl\u00e4tter Klein Schwarz Tempor\u00e4re Tattoos Frauen M\u00e4nner Fake Tattoo Aufkleber Gesicht Hals Arm Kinder Tattoo\u2026 - Markt-XXL","isPartOf":{"@id":"https:\/\/marktxxl.de\/markt\/#website"},"primaryImageOfPage":{"@id":"https:\/\/marktxxl.de\/markt\/produkt\/laroi-66-blaetter-klein-schwarz-temporaere-tattoos-frauen-maenner-fake-tattoo-aufkleber-gesicht-hals-arm-kinder-tattoo-temporaer-blume-stern-tattoo-kits-jungen-maedchen-tattoos-zum-aufkleben-auf-die-h\/#primaryimage"},"image":{"@id":"https:\/\/marktxxl.de\/markt\/produkt\/laroi-66-blaetter-klein-schwarz-temporaere-tattoos-frauen-maenner-fake-tattoo-aufkleber-gesicht-hals-arm-kinder-tattoo-temporaer-blume-stern-tattoo-kits-jungen-maedchen-tattoos-zum-aufkleben-auf-die-h\/#primaryimage"},"thumbnailUrl":"https:\/\/m.media-amazon.com\/images\/I\/61BsPiQnRAL._SL500_.jpg","datePublished":"2022-05-14T23:31:30+00:00","dateModified":"2023-04-11T01:46:11+00:00","description":"Markt-XXL LAROI 66 Bl\u00e4tter Klein Schwarz Tempor\u00e4re Tattoos Frauen M\u00e4nner Fake Tattoo Aufkleber Gesicht Hals Arm Kinder Tattoo\u2026","breadcrumb":{"@id":"https:\/\/marktxxl.de\/markt\/produkt\/laroi-66-blaetter-klein-schwarz-temporaere-tattoos-frauen-maenner-fake-tattoo-aufkleber-gesicht-hals-arm-kinder-tattoo-temporaer-blume-stern-tattoo-kits-jungen-maedchen-tattoos-zum-aufkleben-auf-die-h\/#breadcrumb"},"inLanguage":"de","potentialAction":[{"@type":"ReadAction","target":["https:\/\/marktxxl.de\/markt\/produkt\/laroi-66-blaetter-klein-schwarz-temporaere-tattoos-frauen-maenner-fake-tattoo-aufkleber-gesicht-hals-arm-kinder-tattoo-temporaer-blume-stern-tattoo-kits-jungen-maedchen-tattoos-zum-aufkleben-auf-die-h\/"]}]},{"@type":"ImageObject","inLanguage":"de","@id":"https:\/\/marktxxl.de\/markt\/produkt\/laroi-66-blaetter-klein-schwarz-temporaere-tattoos-frauen-maenner-fake-tattoo-aufkleber-gesicht-hals-arm-kinder-tattoo-temporaer-blume-stern-tattoo-kits-jungen-maedchen-tattoos-zum-aufkleben-auf-die-h\/#primaryimage","url":"https:\/\/m.media-amazon.com\/images\/I\/61BsPiQnRAL._SL500_.jpg","contentUrl":"https:\/\/m.media-amazon.com\/images\/I\/61BsPiQnRAL._SL500_.jpg","width":500,"height":500},{"@type":"BreadcrumbList","@id":"https:\/\/marktxxl.de\/markt\/produkt\/laroi-66-blaetter-klein-schwarz-temporaere-tattoos-frauen-maenner-fake-tattoo-aufkleber-gesicht-hals-arm-kinder-tattoo-temporaer-blume-stern-tattoo-kits-jungen-maedchen-tattoos-zum-aufkleben-auf-die-h\/#breadcrumb","itemListElement":[{"@type":"ListItem","position":1,"name":"Startseite","item":"https:\/\/marktxxl.de\/markt\/"},{"@type":"ListItem","position":2,"name":"Markt","item":"https:\/\/marktxxl.de\/markt\/"},{"@type":"ListItem","position":3,"name":"LAROI 66 Bl\u00e4tter Klein Schwarz Tempor\u00e4re Tattoos Frauen M\u00e4nner Fake Tattoo Aufkleber Gesicht Hals Arm Kinder Tattoo\u2026"}]},{"@type":"WebSite","@id":"https:\/\/marktxxl.de\/markt\/#website","url":"https:\/\/marktxxl.de\/markt\/","name":"Markt-XXL","description":"Ihr Markt Online","publisher":{"@id":"https:\/\/marktxxl.de\/markt\/#organization"},"potentialAction":[{"@type":"SearchAction","target":{"@type":"EntryPoint","urlTemplate":"https:\/\/marktxxl.de\/markt\/?s={search_term_string}"},"query-input":{"@type":"PropertyValueSpecification","valueRequired":true,"valueName":"search_term_string"}}],"inLanguage":"de"},{"@type":"Organization","@id":"https:\/\/marktxxl.de\/markt\/#organization","name":"Markt-XXL","url":"https:\/\/marktxxl.de\/markt\/","logo":{"@type":"ImageObject","inLanguage":"de","@id":"https:\/\/marktxxl.de\/markt\/#\/schema\/logo\/image\/","url":"https:\/\/marktxxl.de\/markt\/wp-content\/uploads\/sites\/3\/2020\/12\/logo.png","contentUrl":"https:\/\/marktxxl.de\/markt\/wp-content\/uploads\/sites\/3\/2020\/12\/logo.png","width":200,"height":70,"caption":"Markt-XXL"},"image":{"@id":"https:\/\/marktxxl.de\/markt\/#\/schema\/logo\/image\/"}}]}},"_links":{"self":[{"href":"https:\/\/marktxxl.de\/markt\/wp-json\/wp\/v2\/product\/117671","targetHints":{"allow":["GET"]}}],"collection":[{"href":"https:\/\/marktxxl.de\/markt\/wp-json\/wp\/v2\/product"}],"about":[{"href":"https:\/\/marktxxl.de\/markt\/wp-json\/wp\/v2\/types\/product"}],"replies":[{"embeddable":true,"href":"https:\/\/marktxxl.de\/markt\/wp-json\/wp\/v2\/comments?post=117671"}],"wp:featuredmedia":[{"embeddable":true,"href":"https:\/\/marktxxl.de\/markt\/wp-json\/wp\/v2\/media\/117672"}],"wp:attachment":[{"href":"https:\/\/marktxxl.de\/markt\/wp-json\/wp\/v2\/media?parent=117671"}],"wp:term":[{"taxonomy":"product_brand","embeddable":true,"href":"https:\/\/marktxxl.de\/markt\/wp-json\/wp\/v2\/product_brand?post=117671"},{"taxonomy":"product_cat","embeddable":true,"href":"https:\/\/marktxxl.de\/markt\/wp-json\/wp\/v2\/product_cat?post=117671"},{"taxonomy":"product_tag","embeddable":true,"href":"https:\/\/marktxxl.de\/markt\/wp-json\/wp\/v2\/product_tag?post=117671"}],"curies":[{"name":"wp","href":"https:\/\/api.w.org\/{rel}","templated":true}]}}