{"id":117653,"date":"2022-05-15T01:31:21","date_gmt":"2022-05-14T23:31:21","guid":{"rendered":"https:\/\/marktxxl.de\/markt\/produkt\/kikilash-wimpernserum-wachstum-3ml-natuerliche-wimpernserum-hormonfrei-fuer-lange-dichte-wimpern-wimpernwachstum-eyelash-serum-augenbrauenserum-naturkosmetik-lash-serum-cruelty\/"},"modified":"2023-04-11T03:46:11","modified_gmt":"2023-04-11T01:46:11","slug":"kikilash-wimpernserum-wachstum-3ml-natuerliche-wimpernserum-hormonfrei-fuer-lange-dichte-wimpern-wimpernwachstum-eyelash-serum-augenbrauenserum-naturkosmetik-lash-serum-cruelty","status":"publish","type":"product","link":"https:\/\/marktxxl.de\/markt\/produkt\/kikilash-wimpernserum-wachstum-3ml-natuerliche-wimpernserum-hormonfrei-fuer-lange-dichte-wimpern-wimpernwachstum-eyelash-serum-augenbrauenserum-naturkosmetik-lash-serum-cruelty\/","title":{"rendered":"KIKILASH Wimpernserum Wachstum 3ml &#8211; Nat\u00fcrliche Wimpernserum Hormonfrei f\u00fcr Lange &amp; Dichte Wimpern &#8211; Wimpernwachstum\u2026"},"content":{"rendered":"<p>ERLEBE DEN WOW-EFFEKT MIT KIKILASH: Unser Wimpernserum f\u00f6rdert das Wimpernwachstum von den Wurzeln auf ganz nat\u00fcrliche Weise. Kikilash wird von Tausenden von Kunden in ganz Europa, die jetzt ihre langen, starken und sch\u00f6nen Wimpern und vollen und definierten Augenbrauen lieben. Werde ein #KIKIGIRL und erlebe den WOW-Effekt!<br \/>\nEFFEKTIVES UND SCHNELLES WIMPERN BOOSTER: Erhalten Sie atemberaubende Ergebnisse in nur 4-6 Wochen! Konsistenz ist der Schl\u00fcssel, um die besten Ergebnisse f\u00fcr Ihre Wimpern und Augenbrauen zu erzielen. Tragen Sie es einmal t\u00e4glich auf, und schon nach wenigen Wochen werden Ihre Wimpern l\u00e4nger, kr\u00e4ftiger und dichter sein. Kikilash wird Ihre beste Wahl sein, um lange Wimpern zu bekommen oder um besch\u00e4digte Wimpern wiederherzustellen.<br \/>\nNUTRITIVER UND KRAFTVOLLER EYELASH SERUM: Unsere erprobte Formel enth\u00e4lt eine gro\u00dfartige Kombination nat\u00fcrlicher Wirkstoffe, die das Wimpernwachstum f\u00f6rdern, da sie die Haarfollikel aktiviert. Sie enth\u00e4lt nahrhafte, st\u00e4rkende und regenerierende Pflanzen und Wurzeln, wie Schwarzk\u00fcmmel und Cacumen platycladi. Unsere Formel ist reich an Aminos\u00e4uren und Mineralien, die zur Wiederherstellung und Erhaltung gesunder Wimpern und Augenbrauen beitragen.<br \/>\nEINFACHE, SCHNELLE UND PR\u00c4ZISE ANWENDUNG: Unser Wimpernserum ist so einfach in der Anwendung, dass es nur ein paar Sekunden dauert. Tragen Sie es einmal t\u00e4glich mit der d\u00fcnnen und superpr\u00e4zisen B\u00fcrste auf den oberen Wimpernkranz auf, genau wie einen fl\u00fcssigen Eyeliner. Sie k\u00f6nnen es auch auf Ihre Augenbrauen auftragen. Wir empfehlen Ihnen, ihn vor dem Schlafengehen aufzutragen, damit seine unglaublichen Eigenschaften w\u00e4hrend des Schlafs wirken k\u00f6nnen.<br \/>\nNAT\u00dcRLICHE INHALTSSTOFFE, HORMONFREI &amp; CRUELTY FREE: Lassen Sie Ihre Wimpern auf ganz nat\u00fcrliche Weise wachsen mit Kikilash, hergestellt mit Wirkstoffen nat\u00fcrlichen Ursprungs, wie Pflanzen- und Wurzelextrakten. Unser Wimpernverst\u00e4rker ist ganz nat\u00fcrlich hormonfrei, da er keine Prostaglandin-Hormonderivate enth\u00e4lt. Wir setzen auf die Kraft der Natur!<br \/>\n<div class=\"main-cross-sell\" data-asin=\"B07GSTGS8L\">\n\n\t<div class=\"WooZone-cross-sell-loader\">\n\t\t<div>\n\t\t\t<div id=\"floatingBarsG\">\n\t\t\t\t<div class=\"blockG\" id=\"rotateG_01\"><\/div>\n\t\t\t\t<div class=\"blockG\" id=\"rotateG_02\"><\/div>\n\t\t\t\t<div class=\"blockG\" id=\"rotateG_03\"><\/div>\n\t\t\t\t<div class=\"blockG\" id=\"rotateG_04\"><\/div>\n\t\t\t\t<div class=\"blockG\" id=\"rotateG_05\"><\/div>\n\t\t\t\t<div class=\"blockG\" id=\"rotateG_06\"><\/div>\n\t\t\t\t<div class=\"blockG\" id=\"rotateG_07\"><\/div>\n\t\t\t\t<div class=\"blockG\" id=\"rotateG_08\"><\/div>\n\t\t\t<\/div>\n\t\t\t<div class=\"WooZone-cross-sell-loader-text\"><\/div>\n\t\t<\/div>\n\t<\/div>\n\n\t\t\n<\/div>\n<div style=\"clear:both;\"><\/div><\/p>\n","protected":false},"excerpt":{"rendered":"<p>ERLEBE DEN WOW-EFFEKT MIT KIKILASH: Unser Wimpernserum f\u00f6rdert das Wimpernwachstum von den Wurzeln auf ganz nat\u00fcrliche Weise. Kikilash wird von Tausenden von Kunden in ganz Europa, die jetzt ihre langen, starken und sch\u00f6nen Wimpern und vollen und definierten Augenbrauen lieben. Werde ein #KIKIGIRL und erlebe den WOW-Effekt!<br \/>\nEFFEKTIVES UND SCHNELLES WIMPERN BOOSTER: Erhalten Sie atemberaubende Ergebnisse in nur 4-6 Wochen! Konsistenz ist der Schl\u00fcssel, um die besten Ergebnisse f\u00fcr Ihre Wimpern und Augenbrauen zu erzielen. Tragen Sie es einmal t\u00e4glich auf, und schon nach wenigen Wochen werden Ihre Wimpern l\u00e4nger, kr\u00e4ftiger und dichter sein. Kikilash wird Ihre beste Wahl sein, um lange Wimpern zu bekommen oder um besch\u00e4digte Wimpern wiederherzustellen.<br \/>\nNUTRITIVER UND KRAFTVOLLER EYELASH SERUM: Unsere erprobte Formel enth\u00e4lt eine gro\u00dfartige Kombination nat\u00fcrlicher Wirkstoffe, die das Wimpernwachstum f\u00f6rdern, da sie die Haarfollikel aktiviert. Sie enth\u00e4lt nahrhafte, st\u00e4rkende und regenerierende Pflanzen und Wurzeln, wie Schwarzk\u00fcmmel und Cacumen platycladi. Unsere Formel ist reich an Aminos\u00e4uren und Mineralien, die zur Wiederherstellung und Erhaltung gesunder Wimpern und Augenbrauen beitragen.<\/p>\n","protected":false},"featured_media":117654,"comment_status":"open","ping_status":"closed","template":"","meta":[],"product_brand":[],"product_cat":[2858,7575],"product_tag":[],"class_list":{"0":"post-117653","1":"product","2":"type-product","3":"status-publish","4":"has-post-thumbnail","6":"product_cat-beauty","7":"product_cat-make-up","8":"pa_binding-misc","9":"pa_brand-kikilash","10":"pa_manufacturer-kikilash","11":"pa_size-3-ml-1er-pack","13":"first","14":"instock","15":"shipping-taxable","16":"purchasable","17":"product-type-simple","18":"customify-col","19":"product-has-gallery"},"yoast_head":"<!-- This site is optimized with the Yoast SEO plugin v27.4 - https:\/\/yoast.com\/product\/yoast-seo-wordpress\/ -->\n<title>KIKILASH Wimpernserum Wachstum 3ml - Nat\u00fcrliche Wimpernserum Hormonfrei f\u00fcr Lange &amp; Dichte Wimpern - Wimpernwachstum\u2026 - Markt-XXL<\/title>\n<meta name=\"description\" content=\"Markt-XXL KIKILASH Wimpernserum Wachstum 3ml - Nat\u00fcrliche Wimpernserum Hormonfrei f\u00fcr Lange &amp; Dichte Wimpern - Wimpernwachstum\u2026\" \/>\n<meta name=\"robots\" content=\"index, follow, max-snippet:-1, max-image-preview:large, max-video-preview:-1\" \/>\n<link rel=\"canonical\" href=\"https:\/\/marktxxl.de\/markt\/produkt\/kikilash-wimpernserum-wachstum-3ml-natuerliche-wimpernserum-hormonfrei-fuer-lange-dichte-wimpern-wimpernwachstum-eyelash-serum-augenbrauenserum-naturkosmetik-lash-serum-cruelty\/\" \/>\n<meta property=\"og:locale\" content=\"de_DE\" \/>\n<meta property=\"og:type\" content=\"article\" \/>\n<meta property=\"og:title\" content=\"KIKILASH Wimpernserum Wachstum 3ml - Nat\u00fcrliche Wimpernserum Hormonfrei f\u00fcr Lange &amp; Dichte Wimpern - Wimpernwachstum\u2026 - Markt-XXL\" \/>\n<meta property=\"og:description\" content=\"Markt-XXL KIKILASH Wimpernserum Wachstum 3ml - Nat\u00fcrliche Wimpernserum Hormonfrei f\u00fcr Lange &amp; Dichte Wimpern - Wimpernwachstum\u2026\" \/>\n<meta property=\"og:url\" content=\"https:\/\/marktxxl.de\/markt\/produkt\/kikilash-wimpernserum-wachstum-3ml-natuerliche-wimpernserum-hormonfrei-fuer-lange-dichte-wimpern-wimpernwachstum-eyelash-serum-augenbrauenserum-naturkosmetik-lash-serum-cruelty\/\" \/>\n<meta property=\"og:site_name\" content=\"Markt-XXL\" \/>\n<meta property=\"article:modified_time\" content=\"2023-04-11T01:46:11+00:00\" \/>\n<meta property=\"og:image\" content=\"https:\/\/m.media-amazon.com\/images\/I\/41BzXxq7Y6L._SL500_.jpg\" \/>\n\t<meta property=\"og:image:width\" content=\"500\" \/>\n\t<meta property=\"og:image:height\" content=\"500\" \/>\n\t<meta property=\"og:image:type\" content=\"image\/jpeg\" \/>\n<meta name=\"twitter:card\" content=\"summary_large_image\" \/>\n<meta name=\"twitter:label1\" content=\"Gesch\u00e4tzte Lesezeit\" \/>\n\t<meta name=\"twitter:data1\" content=\"2\u00a0Minuten\" \/>\n<script type=\"application\/ld+json\" class=\"yoast-schema-graph\">{\"@context\":\"https:\\\/\\\/schema.org\",\"@graph\":[{\"@type\":\"WebPage\",\"@id\":\"https:\\\/\\\/marktxxl.de\\\/markt\\\/produkt\\\/kikilash-wimpernserum-wachstum-3ml-natuerliche-wimpernserum-hormonfrei-fuer-lange-dichte-wimpern-wimpernwachstum-eyelash-serum-augenbrauenserum-naturkosmetik-lash-serum-cruelty\\\/\",\"url\":\"https:\\\/\\\/marktxxl.de\\\/markt\\\/produkt\\\/kikilash-wimpernserum-wachstum-3ml-natuerliche-wimpernserum-hormonfrei-fuer-lange-dichte-wimpern-wimpernwachstum-eyelash-serum-augenbrauenserum-naturkosmetik-lash-serum-cruelty\\\/\",\"name\":\"KIKILASH Wimpernserum Wachstum 3ml - Nat\u00fcrliche Wimpernserum Hormonfrei f\u00fcr Lange &amp; Dichte Wimpern - Wimpernwachstum\u2026 - Markt-XXL\",\"isPartOf\":{\"@id\":\"https:\\\/\\\/marktxxl.de\\\/markt\\\/#website\"},\"primaryImageOfPage\":{\"@id\":\"https:\\\/\\\/marktxxl.de\\\/markt\\\/produkt\\\/kikilash-wimpernserum-wachstum-3ml-natuerliche-wimpernserum-hormonfrei-fuer-lange-dichte-wimpern-wimpernwachstum-eyelash-serum-augenbrauenserum-naturkosmetik-lash-serum-cruelty\\\/#primaryimage\"},\"image\":{\"@id\":\"https:\\\/\\\/marktxxl.de\\\/markt\\\/produkt\\\/kikilash-wimpernserum-wachstum-3ml-natuerliche-wimpernserum-hormonfrei-fuer-lange-dichte-wimpern-wimpernwachstum-eyelash-serum-augenbrauenserum-naturkosmetik-lash-serum-cruelty\\\/#primaryimage\"},\"thumbnailUrl\":\"https:\\\/\\\/m.media-amazon.com\\\/images\\\/I\\\/41BzXxq7Y6L._SL500_.jpg\",\"datePublished\":\"2022-05-14T23:31:21+00:00\",\"dateModified\":\"2023-04-11T01:46:11+00:00\",\"description\":\"Markt-XXL KIKILASH Wimpernserum Wachstum 3ml - Nat\u00fcrliche Wimpernserum Hormonfrei f\u00fcr Lange &amp; Dichte Wimpern - Wimpernwachstum\u2026\",\"breadcrumb\":{\"@id\":\"https:\\\/\\\/marktxxl.de\\\/markt\\\/produkt\\\/kikilash-wimpernserum-wachstum-3ml-natuerliche-wimpernserum-hormonfrei-fuer-lange-dichte-wimpern-wimpernwachstum-eyelash-serum-augenbrauenserum-naturkosmetik-lash-serum-cruelty\\\/#breadcrumb\"},\"inLanguage\":\"de\",\"potentialAction\":[{\"@type\":\"ReadAction\",\"target\":[\"https:\\\/\\\/marktxxl.de\\\/markt\\\/produkt\\\/kikilash-wimpernserum-wachstum-3ml-natuerliche-wimpernserum-hormonfrei-fuer-lange-dichte-wimpern-wimpernwachstum-eyelash-serum-augenbrauenserum-naturkosmetik-lash-serum-cruelty\\\/\"]}]},{\"@type\":\"ImageObject\",\"inLanguage\":\"de\",\"@id\":\"https:\\\/\\\/marktxxl.de\\\/markt\\\/produkt\\\/kikilash-wimpernserum-wachstum-3ml-natuerliche-wimpernserum-hormonfrei-fuer-lange-dichte-wimpern-wimpernwachstum-eyelash-serum-augenbrauenserum-naturkosmetik-lash-serum-cruelty\\\/#primaryimage\",\"url\":\"https:\\\/\\\/m.media-amazon.com\\\/images\\\/I\\\/41BzXxq7Y6L._SL500_.jpg\",\"contentUrl\":\"https:\\\/\\\/m.media-amazon.com\\\/images\\\/I\\\/41BzXxq7Y6L._SL500_.jpg\",\"width\":500,\"height\":500},{\"@type\":\"BreadcrumbList\",\"@id\":\"https:\\\/\\\/marktxxl.de\\\/markt\\\/produkt\\\/kikilash-wimpernserum-wachstum-3ml-natuerliche-wimpernserum-hormonfrei-fuer-lange-dichte-wimpern-wimpernwachstum-eyelash-serum-augenbrauenserum-naturkosmetik-lash-serum-cruelty\\\/#breadcrumb\",\"itemListElement\":[{\"@type\":\"ListItem\",\"position\":1,\"name\":\"Startseite\",\"item\":\"https:\\\/\\\/marktxxl.de\\\/markt\\\/\"},{\"@type\":\"ListItem\",\"position\":2,\"name\":\"Markt\",\"item\":\"https:\\\/\\\/marktxxl.de\\\/markt\\\/\"},{\"@type\":\"ListItem\",\"position\":3,\"name\":\"KIKILASH Wimpernserum Wachstum 3ml &#8211; Nat\u00fcrliche Wimpernserum Hormonfrei f\u00fcr Lange &amp; Dichte Wimpern &#8211; Wimpernwachstum\u2026\"}]},{\"@type\":\"WebSite\",\"@id\":\"https:\\\/\\\/marktxxl.de\\\/markt\\\/#website\",\"url\":\"https:\\\/\\\/marktxxl.de\\\/markt\\\/\",\"name\":\"Markt-XXL\",\"description\":\"Ihr Markt Online\",\"publisher\":{\"@id\":\"https:\\\/\\\/marktxxl.de\\\/markt\\\/#organization\"},\"potentialAction\":[{\"@type\":\"SearchAction\",\"target\":{\"@type\":\"EntryPoint\",\"urlTemplate\":\"https:\\\/\\\/marktxxl.de\\\/markt\\\/?s={search_term_string}\"},\"query-input\":{\"@type\":\"PropertyValueSpecification\",\"valueRequired\":true,\"valueName\":\"search_term_string\"}}],\"inLanguage\":\"de\"},{\"@type\":\"Organization\",\"@id\":\"https:\\\/\\\/marktxxl.de\\\/markt\\\/#organization\",\"name\":\"Markt-XXL\",\"url\":\"https:\\\/\\\/marktxxl.de\\\/markt\\\/\",\"logo\":{\"@type\":\"ImageObject\",\"inLanguage\":\"de\",\"@id\":\"https:\\\/\\\/marktxxl.de\\\/markt\\\/#\\\/schema\\\/logo\\\/image\\\/\",\"url\":\"https:\\\/\\\/marktxxl.de\\\/markt\\\/wp-content\\\/uploads\\\/sites\\\/3\\\/2020\\\/12\\\/logo.png\",\"contentUrl\":\"https:\\\/\\\/marktxxl.de\\\/markt\\\/wp-content\\\/uploads\\\/sites\\\/3\\\/2020\\\/12\\\/logo.png\",\"width\":200,\"height\":70,\"caption\":\"Markt-XXL\"},\"image\":{\"@id\":\"https:\\\/\\\/marktxxl.de\\\/markt\\\/#\\\/schema\\\/logo\\\/image\\\/\"}}]}<\/script>\n<!-- \/ Yoast SEO plugin. -->","yoast_head_json":{"title":"KIKILASH Wimpernserum Wachstum 3ml - Nat\u00fcrliche Wimpernserum Hormonfrei f\u00fcr Lange &amp; Dichte Wimpern - Wimpernwachstum\u2026 - Markt-XXL","description":"Markt-XXL KIKILASH Wimpernserum Wachstum 3ml - Nat\u00fcrliche Wimpernserum Hormonfrei f\u00fcr Lange &amp; Dichte Wimpern - Wimpernwachstum\u2026","robots":{"index":"index","follow":"follow","max-snippet":"max-snippet:-1","max-image-preview":"max-image-preview:large","max-video-preview":"max-video-preview:-1"},"canonical":"https:\/\/marktxxl.de\/markt\/produkt\/kikilash-wimpernserum-wachstum-3ml-natuerliche-wimpernserum-hormonfrei-fuer-lange-dichte-wimpern-wimpernwachstum-eyelash-serum-augenbrauenserum-naturkosmetik-lash-serum-cruelty\/","og_locale":"de_DE","og_type":"article","og_title":"KIKILASH Wimpernserum Wachstum 3ml - Nat\u00fcrliche Wimpernserum Hormonfrei f\u00fcr Lange &amp; Dichte Wimpern - Wimpernwachstum\u2026 - Markt-XXL","og_description":"Markt-XXL KIKILASH Wimpernserum Wachstum 3ml - Nat\u00fcrliche Wimpernserum Hormonfrei f\u00fcr Lange &amp; Dichte Wimpern - Wimpernwachstum\u2026","og_url":"https:\/\/marktxxl.de\/markt\/produkt\/kikilash-wimpernserum-wachstum-3ml-natuerliche-wimpernserum-hormonfrei-fuer-lange-dichte-wimpern-wimpernwachstum-eyelash-serum-augenbrauenserum-naturkosmetik-lash-serum-cruelty\/","og_site_name":"Markt-XXL","article_modified_time":"2023-04-11T01:46:11+00:00","og_image":[{"width":500,"height":500,"url":"https:\/\/m.media-amazon.com\/images\/I\/41BzXxq7Y6L._SL500_.jpg","type":"image\/jpeg"}],"twitter_card":"summary_large_image","twitter_misc":{"Gesch\u00e4tzte Lesezeit":"2\u00a0Minuten"},"schema":{"@context":"https:\/\/schema.org","@graph":[{"@type":"WebPage","@id":"https:\/\/marktxxl.de\/markt\/produkt\/kikilash-wimpernserum-wachstum-3ml-natuerliche-wimpernserum-hormonfrei-fuer-lange-dichte-wimpern-wimpernwachstum-eyelash-serum-augenbrauenserum-naturkosmetik-lash-serum-cruelty\/","url":"https:\/\/marktxxl.de\/markt\/produkt\/kikilash-wimpernserum-wachstum-3ml-natuerliche-wimpernserum-hormonfrei-fuer-lange-dichte-wimpern-wimpernwachstum-eyelash-serum-augenbrauenserum-naturkosmetik-lash-serum-cruelty\/","name":"KIKILASH Wimpernserum Wachstum 3ml - Nat\u00fcrliche Wimpernserum Hormonfrei f\u00fcr Lange &amp; Dichte Wimpern - Wimpernwachstum\u2026 - Markt-XXL","isPartOf":{"@id":"https:\/\/marktxxl.de\/markt\/#website"},"primaryImageOfPage":{"@id":"https:\/\/marktxxl.de\/markt\/produkt\/kikilash-wimpernserum-wachstum-3ml-natuerliche-wimpernserum-hormonfrei-fuer-lange-dichte-wimpern-wimpernwachstum-eyelash-serum-augenbrauenserum-naturkosmetik-lash-serum-cruelty\/#primaryimage"},"image":{"@id":"https:\/\/marktxxl.de\/markt\/produkt\/kikilash-wimpernserum-wachstum-3ml-natuerliche-wimpernserum-hormonfrei-fuer-lange-dichte-wimpern-wimpernwachstum-eyelash-serum-augenbrauenserum-naturkosmetik-lash-serum-cruelty\/#primaryimage"},"thumbnailUrl":"https:\/\/m.media-amazon.com\/images\/I\/41BzXxq7Y6L._SL500_.jpg","datePublished":"2022-05-14T23:31:21+00:00","dateModified":"2023-04-11T01:46:11+00:00","description":"Markt-XXL KIKILASH Wimpernserum Wachstum 3ml - Nat\u00fcrliche Wimpernserum Hormonfrei f\u00fcr Lange &amp; Dichte Wimpern - Wimpernwachstum\u2026","breadcrumb":{"@id":"https:\/\/marktxxl.de\/markt\/produkt\/kikilash-wimpernserum-wachstum-3ml-natuerliche-wimpernserum-hormonfrei-fuer-lange-dichte-wimpern-wimpernwachstum-eyelash-serum-augenbrauenserum-naturkosmetik-lash-serum-cruelty\/#breadcrumb"},"inLanguage":"de","potentialAction":[{"@type":"ReadAction","target":["https:\/\/marktxxl.de\/markt\/produkt\/kikilash-wimpernserum-wachstum-3ml-natuerliche-wimpernserum-hormonfrei-fuer-lange-dichte-wimpern-wimpernwachstum-eyelash-serum-augenbrauenserum-naturkosmetik-lash-serum-cruelty\/"]}]},{"@type":"ImageObject","inLanguage":"de","@id":"https:\/\/marktxxl.de\/markt\/produkt\/kikilash-wimpernserum-wachstum-3ml-natuerliche-wimpernserum-hormonfrei-fuer-lange-dichte-wimpern-wimpernwachstum-eyelash-serum-augenbrauenserum-naturkosmetik-lash-serum-cruelty\/#primaryimage","url":"https:\/\/m.media-amazon.com\/images\/I\/41BzXxq7Y6L._SL500_.jpg","contentUrl":"https:\/\/m.media-amazon.com\/images\/I\/41BzXxq7Y6L._SL500_.jpg","width":500,"height":500},{"@type":"BreadcrumbList","@id":"https:\/\/marktxxl.de\/markt\/produkt\/kikilash-wimpernserum-wachstum-3ml-natuerliche-wimpernserum-hormonfrei-fuer-lange-dichte-wimpern-wimpernwachstum-eyelash-serum-augenbrauenserum-naturkosmetik-lash-serum-cruelty\/#breadcrumb","itemListElement":[{"@type":"ListItem","position":1,"name":"Startseite","item":"https:\/\/marktxxl.de\/markt\/"},{"@type":"ListItem","position":2,"name":"Markt","item":"https:\/\/marktxxl.de\/markt\/"},{"@type":"ListItem","position":3,"name":"KIKILASH Wimpernserum Wachstum 3ml &#8211; Nat\u00fcrliche Wimpernserum Hormonfrei f\u00fcr Lange &amp; Dichte Wimpern &#8211; Wimpernwachstum\u2026"}]},{"@type":"WebSite","@id":"https:\/\/marktxxl.de\/markt\/#website","url":"https:\/\/marktxxl.de\/markt\/","name":"Markt-XXL","description":"Ihr Markt Online","publisher":{"@id":"https:\/\/marktxxl.de\/markt\/#organization"},"potentialAction":[{"@type":"SearchAction","target":{"@type":"EntryPoint","urlTemplate":"https:\/\/marktxxl.de\/markt\/?s={search_term_string}"},"query-input":{"@type":"PropertyValueSpecification","valueRequired":true,"valueName":"search_term_string"}}],"inLanguage":"de"},{"@type":"Organization","@id":"https:\/\/marktxxl.de\/markt\/#organization","name":"Markt-XXL","url":"https:\/\/marktxxl.de\/markt\/","logo":{"@type":"ImageObject","inLanguage":"de","@id":"https:\/\/marktxxl.de\/markt\/#\/schema\/logo\/image\/","url":"https:\/\/marktxxl.de\/markt\/wp-content\/uploads\/sites\/3\/2020\/12\/logo.png","contentUrl":"https:\/\/marktxxl.de\/markt\/wp-content\/uploads\/sites\/3\/2020\/12\/logo.png","width":200,"height":70,"caption":"Markt-XXL"},"image":{"@id":"https:\/\/marktxxl.de\/markt\/#\/schema\/logo\/image\/"}}]}},"_links":{"self":[{"href":"https:\/\/marktxxl.de\/markt\/wp-json\/wp\/v2\/product\/117653","targetHints":{"allow":["GET"]}}],"collection":[{"href":"https:\/\/marktxxl.de\/markt\/wp-json\/wp\/v2\/product"}],"about":[{"href":"https:\/\/marktxxl.de\/markt\/wp-json\/wp\/v2\/types\/product"}],"replies":[{"embeddable":true,"href":"https:\/\/marktxxl.de\/markt\/wp-json\/wp\/v2\/comments?post=117653"}],"wp:featuredmedia":[{"embeddable":true,"href":"https:\/\/marktxxl.de\/markt\/wp-json\/wp\/v2\/media\/117654"}],"wp:attachment":[{"href":"https:\/\/marktxxl.de\/markt\/wp-json\/wp\/v2\/media?parent=117653"}],"wp:term":[{"taxonomy":"product_brand","embeddable":true,"href":"https:\/\/marktxxl.de\/markt\/wp-json\/wp\/v2\/product_brand?post=117653"},{"taxonomy":"product_cat","embeddable":true,"href":"https:\/\/marktxxl.de\/markt\/wp-json\/wp\/v2\/product_cat?post=117653"},{"taxonomy":"product_tag","embeddable":true,"href":"https:\/\/marktxxl.de\/markt\/wp-json\/wp\/v2\/product_tag?post=117653"}],"curies":[{"name":"wp","href":"https:\/\/api.w.org\/{rel}","templated":true}]}}