{"id":117631,"date":"2022-05-15T01:31:02","date_gmt":"2022-05-14T23:31:02","guid":{"rendered":"https:\/\/marktxxl.de\/markt\/produkt\/jootuepo-tattoo-aftercare-wasserdichte-klebebandage-2m-x-15cm-haut-heilung-schutzbandagen-transparent-stretch-wundverband-protection-film\/"},"modified":"2023-04-11T03:46:10","modified_gmt":"2023-04-11T01:46:10","slug":"jootuepo-tattoo-aftercare-wasserdichte-klebebandage-2m-x-15cm-haut-heilung-schutzbandagen-transparent-stretch-wundverband-protection-film","status":"publish","type":"product","link":"https:\/\/marktxxl.de\/markt\/produkt\/jootuepo-tattoo-aftercare-wasserdichte-klebebandage-2m-x-15cm-haut-heilung-schutzbandagen-transparent-stretch-wundverband-protection-film\/","title":{"rendered":"JOOTUEPO Tattoo Aftercare Wasserdichte Klebebandage 2m x 15cm, Haut Heilung Schutzbandagen Transparent Stretch\u2026"},"content":{"rendered":"<p>Paket in Rollen &#8211; JOOTUEPO wasserdichte Bandage mit einer Gr\u00f6\u00dfe von 15cm x 2m; Sie k\u00f6nnen das Klebeband frei nach Ihren Bed\u00fcrfnissen schneiden.<br \/>\nGesundes Material &#8211; Die Haftbandage besteht aus 3 Schichten, PET-R\u00fcckseite, PU-Folie, druckempfindlichem Kleber und Trennpapier. Es ist einfach zu bedienen und hat eine gute Luftdurchl\u00e4ssigkeit, f\u00fchlt sich angenehm auf der Haut an.<br \/>\nStark wasserdicht &#8211; Tattoo Bandage Rolle ist wasserdicht, transparent, die die Haut atmungsaktiv macht und hilft, sie zu beruhigen und sie vor direktem Luftkontakt zu sch\u00fctzen, reduziert die Infektion von Wasser, Schmutz, Dusche.<br \/>\nVerbesserte Heilung &#8211; die Tattoo-Folie Nachpflege kann helfen, die Farbe einzuschlie\u00dfen und reduziert Schorf beim Waschen oder Befeuchten Ihres Tattoos, 24 Stunden um die Sauerstoffaufnahme zu erh\u00f6hen, schnell einen Schutzfilm zu bilden.<br \/>\nTipps &#8211; Wir empfehlen nicht zu lange Einweichzeit nach dem Tattoo, wenn die Zeit des Einweichens in Wasser zu lang ist, da das Problem des Wasserdrucks ist, werden unsere Produkte besser auf unserer Haut haften, was einen Einfluss auf unser Tattoo haben kann.<br \/>\n<div class=\"main-cross-sell\" data-asin=\"B09C275P1C\">\n\n\t<div class=\"WooZone-cross-sell-loader\">\n\t\t<div>\n\t\t\t<div id=\"floatingBarsG\">\n\t\t\t\t<div class=\"blockG\" id=\"rotateG_01\"><\/div>\n\t\t\t\t<div class=\"blockG\" id=\"rotateG_02\"><\/div>\n\t\t\t\t<div class=\"blockG\" id=\"rotateG_03\"><\/div>\n\t\t\t\t<div class=\"blockG\" id=\"rotateG_04\"><\/div>\n\t\t\t\t<div class=\"blockG\" id=\"rotateG_05\"><\/div>\n\t\t\t\t<div class=\"blockG\" id=\"rotateG_06\"><\/div>\n\t\t\t\t<div class=\"blockG\" id=\"rotateG_07\"><\/div>\n\t\t\t\t<div class=\"blockG\" id=\"rotateG_08\"><\/div>\n\t\t\t<\/div>\n\t\t\t<div class=\"WooZone-cross-sell-loader-text\"><\/div>\n\t\t<\/div>\n\t<\/div>\n\n\t\t\n<\/div>\n<div style=\"clear:both;\"><\/div><\/p>\n","protected":false},"excerpt":{"rendered":"<p>Paket in Rollen &#8211; JOOTUEPO wasserdichte Bandage mit einer Gr\u00f6\u00dfe von 15cm x 2m; Sie k\u00f6nnen das Klebeband frei nach Ihren Bed\u00fcrfnissen schneiden.<br \/>\nGesundes Material &#8211; Die Haftbandage besteht aus 3 Schichten, PET-R\u00fcckseite, PU-Folie, druckempfindlichem Kleber und Trennpapier. Es ist einfach zu bedienen und hat eine gute Luftdurchl\u00e4ssigkeit, f\u00fchlt sich angenehm auf der Haut an.<br \/>\nStark wasserdicht &#8211; Tattoo Bandage Rolle ist wasserdicht, transparent, die die Haut atmungsaktiv macht und hilft, sie zu beruhigen und sie vor direktem Luftkontakt zu sch\u00fctzen, reduziert die Infektion von Wasser, Schmutz, Dusche.<\/p>\n","protected":false},"featured_media":117632,"comment_status":"open","ping_status":"closed","template":"","meta":[],"product_brand":[],"product_cat":[2858,7575],"product_tag":[],"class_list":{"0":"post-117631","1":"product","2":"type-product","3":"status-publish","4":"has-post-thumbnail","6":"product_cat-beauty","7":"product_cat-make-up","8":"pa_binding-unbekannter-einband","9":"pa_brand-jootuepo","10":"pa_color-2m-1-stueck","11":"pa_manufacturer-jootuepo","12":"pa_size-2-m-pack-of-1","14":"first","15":"instock","16":"shipping-taxable","17":"purchasable","18":"product-type-simple","19":"customify-col","20":"product-has-gallery"},"yoast_head":"<!-- This site is optimized with the Yoast SEO plugin v27.4 - https:\/\/yoast.com\/product\/yoast-seo-wordpress\/ -->\n<title>JOOTUEPO Tattoo Aftercare Wasserdichte Klebebandage 2m x 15cm, Haut Heilung Schutzbandagen Transparent Stretch\u2026 - Markt-XXL<\/title>\n<meta name=\"description\" content=\"Markt-XXL JOOTUEPO Tattoo Aftercare Wasserdichte Klebebandage 2m x 15cm, Haut Heilung Schutzbandagen Transparent Stretch\u2026\" \/>\n<meta name=\"robots\" content=\"index, follow, max-snippet:-1, max-image-preview:large, max-video-preview:-1\" \/>\n<link rel=\"canonical\" href=\"https:\/\/marktxxl.de\/markt\/produkt\/jootuepo-tattoo-aftercare-wasserdichte-klebebandage-2m-x-15cm-haut-heilung-schutzbandagen-transparent-stretch-wundverband-protection-film\/\" \/>\n<meta property=\"og:locale\" content=\"de_DE\" \/>\n<meta property=\"og:type\" content=\"article\" \/>\n<meta property=\"og:title\" content=\"JOOTUEPO Tattoo Aftercare Wasserdichte Klebebandage 2m x 15cm, Haut Heilung Schutzbandagen Transparent Stretch\u2026 - Markt-XXL\" \/>\n<meta property=\"og:description\" content=\"Markt-XXL JOOTUEPO Tattoo Aftercare Wasserdichte Klebebandage 2m x 15cm, Haut Heilung Schutzbandagen Transparent Stretch\u2026\" \/>\n<meta property=\"og:url\" content=\"https:\/\/marktxxl.de\/markt\/produkt\/jootuepo-tattoo-aftercare-wasserdichte-klebebandage-2m-x-15cm-haut-heilung-schutzbandagen-transparent-stretch-wundverband-protection-film\/\" \/>\n<meta property=\"og:site_name\" content=\"Markt-XXL\" \/>\n<meta property=\"article:modified_time\" content=\"2023-04-11T01:46:10+00:00\" \/>\n<meta property=\"og:image\" content=\"https:\/\/m.media-amazon.com\/images\/I\/51srorUqgcL._SL500_.jpg\" \/>\n\t<meta property=\"og:image:width\" content=\"500\" \/>\n\t<meta property=\"og:image:height\" content=\"500\" \/>\n\t<meta property=\"og:image:type\" content=\"image\/jpeg\" \/>\n<meta name=\"twitter:card\" content=\"summary_large_image\" \/>\n<meta name=\"twitter:label1\" content=\"Gesch\u00e4tzte Lesezeit\" \/>\n\t<meta name=\"twitter:data1\" content=\"1\u00a0Minute\" \/>\n<script type=\"application\/ld+json\" class=\"yoast-schema-graph\">{\"@context\":\"https:\\\/\\\/schema.org\",\"@graph\":[{\"@type\":\"WebPage\",\"@id\":\"https:\\\/\\\/marktxxl.de\\\/markt\\\/produkt\\\/jootuepo-tattoo-aftercare-wasserdichte-klebebandage-2m-x-15cm-haut-heilung-schutzbandagen-transparent-stretch-wundverband-protection-film\\\/\",\"url\":\"https:\\\/\\\/marktxxl.de\\\/markt\\\/produkt\\\/jootuepo-tattoo-aftercare-wasserdichte-klebebandage-2m-x-15cm-haut-heilung-schutzbandagen-transparent-stretch-wundverband-protection-film\\\/\",\"name\":\"JOOTUEPO Tattoo Aftercare Wasserdichte Klebebandage 2m x 15cm, Haut Heilung Schutzbandagen Transparent Stretch\u2026 - Markt-XXL\",\"isPartOf\":{\"@id\":\"https:\\\/\\\/marktxxl.de\\\/markt\\\/#website\"},\"primaryImageOfPage\":{\"@id\":\"https:\\\/\\\/marktxxl.de\\\/markt\\\/produkt\\\/jootuepo-tattoo-aftercare-wasserdichte-klebebandage-2m-x-15cm-haut-heilung-schutzbandagen-transparent-stretch-wundverband-protection-film\\\/#primaryimage\"},\"image\":{\"@id\":\"https:\\\/\\\/marktxxl.de\\\/markt\\\/produkt\\\/jootuepo-tattoo-aftercare-wasserdichte-klebebandage-2m-x-15cm-haut-heilung-schutzbandagen-transparent-stretch-wundverband-protection-film\\\/#primaryimage\"},\"thumbnailUrl\":\"https:\\\/\\\/m.media-amazon.com\\\/images\\\/I\\\/51srorUqgcL._SL500_.jpg\",\"datePublished\":\"2022-05-14T23:31:02+00:00\",\"dateModified\":\"2023-04-11T01:46:10+00:00\",\"description\":\"Markt-XXL JOOTUEPO Tattoo Aftercare Wasserdichte Klebebandage 2m x 15cm, Haut Heilung Schutzbandagen Transparent Stretch\u2026\",\"breadcrumb\":{\"@id\":\"https:\\\/\\\/marktxxl.de\\\/markt\\\/produkt\\\/jootuepo-tattoo-aftercare-wasserdichte-klebebandage-2m-x-15cm-haut-heilung-schutzbandagen-transparent-stretch-wundverband-protection-film\\\/#breadcrumb\"},\"inLanguage\":\"de\",\"potentialAction\":[{\"@type\":\"ReadAction\",\"target\":[\"https:\\\/\\\/marktxxl.de\\\/markt\\\/produkt\\\/jootuepo-tattoo-aftercare-wasserdichte-klebebandage-2m-x-15cm-haut-heilung-schutzbandagen-transparent-stretch-wundverband-protection-film\\\/\"]}]},{\"@type\":\"ImageObject\",\"inLanguage\":\"de\",\"@id\":\"https:\\\/\\\/marktxxl.de\\\/markt\\\/produkt\\\/jootuepo-tattoo-aftercare-wasserdichte-klebebandage-2m-x-15cm-haut-heilung-schutzbandagen-transparent-stretch-wundverband-protection-film\\\/#primaryimage\",\"url\":\"https:\\\/\\\/m.media-amazon.com\\\/images\\\/I\\\/51srorUqgcL._SL500_.jpg\",\"contentUrl\":\"https:\\\/\\\/m.media-amazon.com\\\/images\\\/I\\\/51srorUqgcL._SL500_.jpg\",\"width\":500,\"height\":500},{\"@type\":\"BreadcrumbList\",\"@id\":\"https:\\\/\\\/marktxxl.de\\\/markt\\\/produkt\\\/jootuepo-tattoo-aftercare-wasserdichte-klebebandage-2m-x-15cm-haut-heilung-schutzbandagen-transparent-stretch-wundverband-protection-film\\\/#breadcrumb\",\"itemListElement\":[{\"@type\":\"ListItem\",\"position\":1,\"name\":\"Startseite\",\"item\":\"https:\\\/\\\/marktxxl.de\\\/markt\\\/\"},{\"@type\":\"ListItem\",\"position\":2,\"name\":\"Markt\",\"item\":\"https:\\\/\\\/marktxxl.de\\\/markt\\\/\"},{\"@type\":\"ListItem\",\"position\":3,\"name\":\"JOOTUEPO Tattoo Aftercare Wasserdichte Klebebandage 2m x 15cm, Haut Heilung Schutzbandagen Transparent Stretch\u2026\"}]},{\"@type\":\"WebSite\",\"@id\":\"https:\\\/\\\/marktxxl.de\\\/markt\\\/#website\",\"url\":\"https:\\\/\\\/marktxxl.de\\\/markt\\\/\",\"name\":\"Markt-XXL\",\"description\":\"Ihr Markt Online\",\"publisher\":{\"@id\":\"https:\\\/\\\/marktxxl.de\\\/markt\\\/#organization\"},\"potentialAction\":[{\"@type\":\"SearchAction\",\"target\":{\"@type\":\"EntryPoint\",\"urlTemplate\":\"https:\\\/\\\/marktxxl.de\\\/markt\\\/?s={search_term_string}\"},\"query-input\":{\"@type\":\"PropertyValueSpecification\",\"valueRequired\":true,\"valueName\":\"search_term_string\"}}],\"inLanguage\":\"de\"},{\"@type\":\"Organization\",\"@id\":\"https:\\\/\\\/marktxxl.de\\\/markt\\\/#organization\",\"name\":\"Markt-XXL\",\"url\":\"https:\\\/\\\/marktxxl.de\\\/markt\\\/\",\"logo\":{\"@type\":\"ImageObject\",\"inLanguage\":\"de\",\"@id\":\"https:\\\/\\\/marktxxl.de\\\/markt\\\/#\\\/schema\\\/logo\\\/image\\\/\",\"url\":\"https:\\\/\\\/marktxxl.de\\\/markt\\\/wp-content\\\/uploads\\\/sites\\\/3\\\/2020\\\/12\\\/logo.png\",\"contentUrl\":\"https:\\\/\\\/marktxxl.de\\\/markt\\\/wp-content\\\/uploads\\\/sites\\\/3\\\/2020\\\/12\\\/logo.png\",\"width\":200,\"height\":70,\"caption\":\"Markt-XXL\"},\"image\":{\"@id\":\"https:\\\/\\\/marktxxl.de\\\/markt\\\/#\\\/schema\\\/logo\\\/image\\\/\"}}]}<\/script>\n<!-- \/ Yoast SEO plugin. -->","yoast_head_json":{"title":"JOOTUEPO Tattoo Aftercare Wasserdichte Klebebandage 2m x 15cm, Haut Heilung Schutzbandagen Transparent Stretch\u2026 - Markt-XXL","description":"Markt-XXL JOOTUEPO Tattoo Aftercare Wasserdichte Klebebandage 2m x 15cm, Haut Heilung Schutzbandagen Transparent Stretch\u2026","robots":{"index":"index","follow":"follow","max-snippet":"max-snippet:-1","max-image-preview":"max-image-preview:large","max-video-preview":"max-video-preview:-1"},"canonical":"https:\/\/marktxxl.de\/markt\/produkt\/jootuepo-tattoo-aftercare-wasserdichte-klebebandage-2m-x-15cm-haut-heilung-schutzbandagen-transparent-stretch-wundverband-protection-film\/","og_locale":"de_DE","og_type":"article","og_title":"JOOTUEPO Tattoo Aftercare Wasserdichte Klebebandage 2m x 15cm, Haut Heilung Schutzbandagen Transparent Stretch\u2026 - Markt-XXL","og_description":"Markt-XXL JOOTUEPO Tattoo Aftercare Wasserdichte Klebebandage 2m x 15cm, Haut Heilung Schutzbandagen Transparent Stretch\u2026","og_url":"https:\/\/marktxxl.de\/markt\/produkt\/jootuepo-tattoo-aftercare-wasserdichte-klebebandage-2m-x-15cm-haut-heilung-schutzbandagen-transparent-stretch-wundverband-protection-film\/","og_site_name":"Markt-XXL","article_modified_time":"2023-04-11T01:46:10+00:00","og_image":[{"width":500,"height":500,"url":"https:\/\/m.media-amazon.com\/images\/I\/51srorUqgcL._SL500_.jpg","type":"image\/jpeg"}],"twitter_card":"summary_large_image","twitter_misc":{"Gesch\u00e4tzte Lesezeit":"1\u00a0Minute"},"schema":{"@context":"https:\/\/schema.org","@graph":[{"@type":"WebPage","@id":"https:\/\/marktxxl.de\/markt\/produkt\/jootuepo-tattoo-aftercare-wasserdichte-klebebandage-2m-x-15cm-haut-heilung-schutzbandagen-transparent-stretch-wundverband-protection-film\/","url":"https:\/\/marktxxl.de\/markt\/produkt\/jootuepo-tattoo-aftercare-wasserdichte-klebebandage-2m-x-15cm-haut-heilung-schutzbandagen-transparent-stretch-wundverband-protection-film\/","name":"JOOTUEPO Tattoo Aftercare Wasserdichte Klebebandage 2m x 15cm, Haut Heilung Schutzbandagen Transparent Stretch\u2026 - Markt-XXL","isPartOf":{"@id":"https:\/\/marktxxl.de\/markt\/#website"},"primaryImageOfPage":{"@id":"https:\/\/marktxxl.de\/markt\/produkt\/jootuepo-tattoo-aftercare-wasserdichte-klebebandage-2m-x-15cm-haut-heilung-schutzbandagen-transparent-stretch-wundverband-protection-film\/#primaryimage"},"image":{"@id":"https:\/\/marktxxl.de\/markt\/produkt\/jootuepo-tattoo-aftercare-wasserdichte-klebebandage-2m-x-15cm-haut-heilung-schutzbandagen-transparent-stretch-wundverband-protection-film\/#primaryimage"},"thumbnailUrl":"https:\/\/m.media-amazon.com\/images\/I\/51srorUqgcL._SL500_.jpg","datePublished":"2022-05-14T23:31:02+00:00","dateModified":"2023-04-11T01:46:10+00:00","description":"Markt-XXL JOOTUEPO Tattoo Aftercare Wasserdichte Klebebandage 2m x 15cm, Haut Heilung Schutzbandagen Transparent Stretch\u2026","breadcrumb":{"@id":"https:\/\/marktxxl.de\/markt\/produkt\/jootuepo-tattoo-aftercare-wasserdichte-klebebandage-2m-x-15cm-haut-heilung-schutzbandagen-transparent-stretch-wundverband-protection-film\/#breadcrumb"},"inLanguage":"de","potentialAction":[{"@type":"ReadAction","target":["https:\/\/marktxxl.de\/markt\/produkt\/jootuepo-tattoo-aftercare-wasserdichte-klebebandage-2m-x-15cm-haut-heilung-schutzbandagen-transparent-stretch-wundverband-protection-film\/"]}]},{"@type":"ImageObject","inLanguage":"de","@id":"https:\/\/marktxxl.de\/markt\/produkt\/jootuepo-tattoo-aftercare-wasserdichte-klebebandage-2m-x-15cm-haut-heilung-schutzbandagen-transparent-stretch-wundverband-protection-film\/#primaryimage","url":"https:\/\/m.media-amazon.com\/images\/I\/51srorUqgcL._SL500_.jpg","contentUrl":"https:\/\/m.media-amazon.com\/images\/I\/51srorUqgcL._SL500_.jpg","width":500,"height":500},{"@type":"BreadcrumbList","@id":"https:\/\/marktxxl.de\/markt\/produkt\/jootuepo-tattoo-aftercare-wasserdichte-klebebandage-2m-x-15cm-haut-heilung-schutzbandagen-transparent-stretch-wundverband-protection-film\/#breadcrumb","itemListElement":[{"@type":"ListItem","position":1,"name":"Startseite","item":"https:\/\/marktxxl.de\/markt\/"},{"@type":"ListItem","position":2,"name":"Markt","item":"https:\/\/marktxxl.de\/markt\/"},{"@type":"ListItem","position":3,"name":"JOOTUEPO Tattoo Aftercare Wasserdichte Klebebandage 2m x 15cm, Haut Heilung Schutzbandagen Transparent Stretch\u2026"}]},{"@type":"WebSite","@id":"https:\/\/marktxxl.de\/markt\/#website","url":"https:\/\/marktxxl.de\/markt\/","name":"Markt-XXL","description":"Ihr Markt Online","publisher":{"@id":"https:\/\/marktxxl.de\/markt\/#organization"},"potentialAction":[{"@type":"SearchAction","target":{"@type":"EntryPoint","urlTemplate":"https:\/\/marktxxl.de\/markt\/?s={search_term_string}"},"query-input":{"@type":"PropertyValueSpecification","valueRequired":true,"valueName":"search_term_string"}}],"inLanguage":"de"},{"@type":"Organization","@id":"https:\/\/marktxxl.de\/markt\/#organization","name":"Markt-XXL","url":"https:\/\/marktxxl.de\/markt\/","logo":{"@type":"ImageObject","inLanguage":"de","@id":"https:\/\/marktxxl.de\/markt\/#\/schema\/logo\/image\/","url":"https:\/\/marktxxl.de\/markt\/wp-content\/uploads\/sites\/3\/2020\/12\/logo.png","contentUrl":"https:\/\/marktxxl.de\/markt\/wp-content\/uploads\/sites\/3\/2020\/12\/logo.png","width":200,"height":70,"caption":"Markt-XXL"},"image":{"@id":"https:\/\/marktxxl.de\/markt\/#\/schema\/logo\/image\/"}}]}},"_links":{"self":[{"href":"https:\/\/marktxxl.de\/markt\/wp-json\/wp\/v2\/product\/117631","targetHints":{"allow":["GET"]}}],"collection":[{"href":"https:\/\/marktxxl.de\/markt\/wp-json\/wp\/v2\/product"}],"about":[{"href":"https:\/\/marktxxl.de\/markt\/wp-json\/wp\/v2\/types\/product"}],"replies":[{"embeddable":true,"href":"https:\/\/marktxxl.de\/markt\/wp-json\/wp\/v2\/comments?post=117631"}],"wp:featuredmedia":[{"embeddable":true,"href":"https:\/\/marktxxl.de\/markt\/wp-json\/wp\/v2\/media\/117632"}],"wp:attachment":[{"href":"https:\/\/marktxxl.de\/markt\/wp-json\/wp\/v2\/media?parent=117631"}],"wp:term":[{"taxonomy":"product_brand","embeddable":true,"href":"https:\/\/marktxxl.de\/markt\/wp-json\/wp\/v2\/product_brand?post=117631"},{"taxonomy":"product_cat","embeddable":true,"href":"https:\/\/marktxxl.de\/markt\/wp-json\/wp\/v2\/product_cat?post=117631"},{"taxonomy":"product_tag","embeddable":true,"href":"https:\/\/marktxxl.de\/markt\/wp-json\/wp\/v2\/product_tag?post=117631"}],"curies":[{"name":"wp","href":"https:\/\/api.w.org\/{rel}","templated":true}]}}