{"id":117608,"date":"2022-05-15T01:28:40","date_gmt":"2022-05-14T23:28:40","guid":{"rendered":"https:\/\/marktxxl.de\/markt\/produkt\/faviona-wimpernserum-fuer-lange-wimpern-lash-brow-booster-testsieger-vegan-wimpernbooster-fuer-schnelles-wachstum-3ml\/"},"modified":"2023-04-11T03:46:10","modified_gmt":"2023-04-11T01:46:10","slug":"faviona-wimpernserum-fuer-lange-wimpern-lash-brow-booster-testsieger-vegan-wimpernbooster-fuer-schnelles-wachstum-3ml","status":"publish","type":"product","link":"https:\/\/marktxxl.de\/markt\/produkt\/faviona-wimpernserum-fuer-lange-wimpern-lash-brow-booster-testsieger-vegan-wimpernbooster-fuer-schnelles-wachstum-3ml\/","title":{"rendered":"FAVIONA Wimpernserum f\u00fcr lange Wimpern | Lash &amp; Brow Booster | Testsieger | VEGAN | Wimpernbooster f\u00fcr schnelles\u2026"},"content":{"rendered":"<p>\ud835\uddd7\ud835\udddc\ud835\uddd6\ud835\udddb\ud835\udde7\ud835\uddd8\ud835\udde5\ud835\uddd8 \ud835\uddea\ud835\udddc\ud835\udde0\ud835\udde3\ud835\uddd8\ud835\udde5\ud835\udde1 &amp; \ud835\uddd4\ud835\udde8\ud835\uddda\ud835\uddd8\ud835\udde1\ud835\uddd5\ud835\udde5\ud835\uddd4\ud835\udde8\ud835\uddd8\ud835\udde1: Dein FAVIONA Wimpernserum sorgt f\u00fcr lange, dicke und vollere Wimpern. Mit dem Wimpernbooster kreierst Du sch\u00f6ne, nat\u00fcrliche und glamour\u00f6se Wimpern f\u00fcr Deinen unwiderstehlichen Blick.<br \/>\n\ud835\udde0\ud835\udddc\ud835\udde7 \ud835\uddea\ud835\uddd8\ud835\udde5\ud835\udde7\ud835\udde9\ud835\udde2\ud835\udddf\ud835\udddf\ud835\uddd8 \ud835\udded\ud835\udde8\ud835\udde7\ud835\uddd4\ud835\udde7\ud835\uddd8\ud835\udde1: Rizinus\u00f6l, Biotin, Keratin und Peptide versorgen die Haarwurzeln mit allen wichtigen N\u00e4hrstoffen und stimulieren so das nat\u00fcrliche Wachstum von kurzen, feinen und strapazierten Wimpern.<br \/>\n\ud835\udde6\ud835\uddd6\ud835\udddb\ud835\udde1\ud835\uddd8\ud835\udddf\ud835\udddf\ud835\uddd8 \ud835\uddd8\ud835\udde5\ud835\uddda\ud835\uddd8\ud835\uddd5\ud835\udde1\ud835\udddc\ud835\udde6\ud835\udde6\ud835\uddd8: Unsere Kunden haben durch das Wimpernserum Wachstum und dessen Augenbrauenserum schon nach nur 30 Tagen l\u00e4ngere und kr\u00e4ftige Wimpern bekommen. Der Lash Booster l\u00e4sst au\u00dferdem deine lashes \u00fcppig wachsen, so sind keine falschen Wimpern mehr n\u00f6tig!<br \/>\n\ud835\udde6\ud835\uddd4\ud835\udde1\ud835\uddd9\ud835\udde7 &amp; \ud835\udde6\ud835\udddc\ud835\uddd6\ud835\udddb\ud835\uddd8\ud835\udde5: Dein Eyelash Serum ist dermatologisch getestet, vegan und tierversuchsfrei. Wir verwenden keine: HORMONE, SILIKONE, ALKOHOL, PARABENE, FARB- oder DUFTSTOFFE. Das Wimpern serum ist daher hypoallergen und aus nur nat\u00fcrlichen Inhaltsstoffen.<br \/>\n\ud835\uddd8\ud835\udddc\ud835\udde1\ud835\uddd9\ud835\uddd4\ud835\uddd6\ud835\udddb\ud835\uddd8 \ud835\uddd4\ud835\udde1\ud835\uddea\ud835\uddd8\ud835\udde1\ud835\uddd7\ud835\udde8\ud835\udde1\ud835\uddda: Dein lash Serum l\u00e4sst sich schnell auftragen und so ganz einfach in deine t\u00e4gliche Beauty-Routine integrieren. 2x t\u00e4glich eine d\u00fcnne Schicht entlang des oberen Wimpernkranzes auftragen, so wie Du es mit einem Eyeliner tun w\u00fcrdest. Fertig!<br \/>\n<div class=\"main-cross-sell\" data-asin=\"B09Q96C2MN\">\n\n\t<div class=\"WooZone-cross-sell-loader\">\n\t\t<div>\n\t\t\t<div id=\"floatingBarsG\">\n\t\t\t\t<div class=\"blockG\" id=\"rotateG_01\"><\/div>\n\t\t\t\t<div class=\"blockG\" id=\"rotateG_02\"><\/div>\n\t\t\t\t<div class=\"blockG\" id=\"rotateG_03\"><\/div>\n\t\t\t\t<div class=\"blockG\" id=\"rotateG_04\"><\/div>\n\t\t\t\t<div class=\"blockG\" id=\"rotateG_05\"><\/div>\n\t\t\t\t<div class=\"blockG\" id=\"rotateG_06\"><\/div>\n\t\t\t\t<div class=\"blockG\" id=\"rotateG_07\"><\/div>\n\t\t\t\t<div class=\"blockG\" id=\"rotateG_08\"><\/div>\n\t\t\t<\/div>\n\t\t\t<div class=\"WooZone-cross-sell-loader-text\"><\/div>\n\t\t<\/div>\n\t<\/div>\n\n\t\t\n<\/div>\n<div style=\"clear:both;\"><\/div><\/p>\n","protected":false},"excerpt":{"rendered":"<p>\ud835\uddd7\ud835\udddc\ud835\uddd6\ud835\udddb\ud835\udde7\ud835\uddd8\ud835\udde5\ud835\uddd8 \ud835\uddea\ud835\udddc\ud835\udde0\ud835\udde3\ud835\uddd8\ud835\udde5\ud835\udde1 &amp; \ud835\uddd4\ud835\udde8\ud835\uddda\ud835\uddd8\ud835\udde1\ud835\uddd5\ud835\udde5\ud835\uddd4\ud835\udde8\ud835\uddd8\ud835\udde1: Dein FAVIONA Wimpernserum sorgt f\u00fcr lange, dicke und vollere Wimpern. Mit dem Wimpernbooster kreierst Du sch\u00f6ne, nat\u00fcrliche und glamour\u00f6se Wimpern f\u00fcr Deinen unwiderstehlichen Blick.<br \/>\n\ud835\udde0\ud835\udddc\ud835\udde7 \ud835\uddea\ud835\uddd8\ud835\udde5\ud835\udde7\ud835\udde9\ud835\udde2\ud835\udddf\ud835\udddf\ud835\uddd8 \ud835\udded\ud835\udde8\ud835\udde7\ud835\uddd4\ud835\udde7\ud835\uddd8\ud835\udde1: Rizinus\u00f6l, Biotin, Keratin und Peptide versorgen die Haarwurzeln mit allen wichtigen N\u00e4hrstoffen und stimulieren so das nat\u00fcrliche Wachstum von kurzen, feinen und strapazierten Wimpern.<br \/>\n\ud835\udde6\ud835\uddd6\ud835\udddb\ud835\udde1\ud835\uddd8\ud835\udddf\ud835\udddf\ud835\uddd8 \ud835\uddd8\ud835\udde5\ud835\uddda\ud835\uddd8\ud835\uddd5\ud835\udde1\ud835\udddc\ud835\udde6\ud835\udde6\ud835\uddd8: Unsere Kunden haben durch das Wimpernserum Wachstum und dessen Augenbrauenserum schon nach nur 30 Tagen l\u00e4ngere und kr\u00e4ftige Wimpern bekommen. Der Lash Booster l\u00e4sst au\u00dferdem deine lashes \u00fcppig wachsen, so sind keine falschen Wimpern mehr n\u00f6tig!<\/p>\n","protected":false},"featured_media":117609,"comment_status":"open","ping_status":"closed","template":"","meta":[],"product_brand":[],"product_cat":[2858,7575],"product_tag":[],"class_list":{"0":"post-117608","1":"product","2":"type-product","3":"status-publish","4":"has-post-thumbnail","6":"product_cat-beauty","7":"product_cat-make-up","8":"pa_brand-faviona","9":"pa_manufacturer-faviona","11":"first","12":"instock","13":"shipping-taxable","14":"purchasable","15":"product-type-simple","16":"customify-col","17":"product-has-gallery"},"yoast_head":"<!-- This site is optimized with the Yoast SEO plugin v27.4 - https:\/\/yoast.com\/product\/yoast-seo-wordpress\/ -->\n<title>FAVIONA Wimpernserum f\u00fcr lange Wimpern | Lash &amp; Brow Booster | Testsieger | VEGAN | Wimpernbooster f\u00fcr schnelles\u2026 - Markt-XXL<\/title>\n<meta name=\"description\" content=\"Markt-XXL FAVIONA Wimpernserum f\u00fcr lange Wimpern | Lash &amp; Brow Booster | Testsieger | VEGAN | Wimpernbooster f\u00fcr schnelles\u2026\" \/>\n<meta name=\"robots\" content=\"index, follow, max-snippet:-1, max-image-preview:large, max-video-preview:-1\" \/>\n<link rel=\"canonical\" href=\"https:\/\/marktxxl.de\/markt\/produkt\/faviona-wimpernserum-fuer-lange-wimpern-lash-brow-booster-testsieger-vegan-wimpernbooster-fuer-schnelles-wachstum-3ml\/\" \/>\n<meta property=\"og:locale\" content=\"de_DE\" \/>\n<meta property=\"og:type\" content=\"article\" \/>\n<meta property=\"og:title\" content=\"FAVIONA Wimpernserum f\u00fcr lange Wimpern | Lash &amp; Brow Booster | Testsieger | VEGAN | Wimpernbooster f\u00fcr schnelles\u2026 - Markt-XXL\" \/>\n<meta property=\"og:description\" content=\"Markt-XXL FAVIONA Wimpernserum f\u00fcr lange Wimpern | Lash &amp; Brow Booster | Testsieger | VEGAN | Wimpernbooster f\u00fcr schnelles\u2026\" \/>\n<meta property=\"og:url\" content=\"https:\/\/marktxxl.de\/markt\/produkt\/faviona-wimpernserum-fuer-lange-wimpern-lash-brow-booster-testsieger-vegan-wimpernbooster-fuer-schnelles-wachstum-3ml\/\" \/>\n<meta property=\"og:site_name\" content=\"Markt-XXL\" \/>\n<meta property=\"article:modified_time\" content=\"2023-04-11T01:46:10+00:00\" \/>\n<meta property=\"og:image\" content=\"https:\/\/m.media-amazon.com\/images\/I\/51bys7gEhPL._SL500_.jpg\" \/>\n\t<meta property=\"og:image:width\" content=\"228\" \/>\n\t<meta property=\"og:image:height\" content=\"500\" \/>\n\t<meta property=\"og:image:type\" content=\"image\/jpeg\" \/>\n<meta name=\"twitter:card\" content=\"summary_large_image\" \/>\n<meta name=\"twitter:label1\" content=\"Gesch\u00e4tzte Lesezeit\" \/>\n\t<meta name=\"twitter:data1\" content=\"1\u00a0Minute\" \/>\n<script type=\"application\/ld+json\" class=\"yoast-schema-graph\">{\"@context\":\"https:\\\/\\\/schema.org\",\"@graph\":[{\"@type\":\"WebPage\",\"@id\":\"https:\\\/\\\/marktxxl.de\\\/markt\\\/produkt\\\/faviona-wimpernserum-fuer-lange-wimpern-lash-brow-booster-testsieger-vegan-wimpernbooster-fuer-schnelles-wachstum-3ml\\\/\",\"url\":\"https:\\\/\\\/marktxxl.de\\\/markt\\\/produkt\\\/faviona-wimpernserum-fuer-lange-wimpern-lash-brow-booster-testsieger-vegan-wimpernbooster-fuer-schnelles-wachstum-3ml\\\/\",\"name\":\"FAVIONA Wimpernserum f\u00fcr lange Wimpern | Lash &amp; Brow Booster | Testsieger | VEGAN | Wimpernbooster f\u00fcr schnelles\u2026 - Markt-XXL\",\"isPartOf\":{\"@id\":\"https:\\\/\\\/marktxxl.de\\\/markt\\\/#website\"},\"primaryImageOfPage\":{\"@id\":\"https:\\\/\\\/marktxxl.de\\\/markt\\\/produkt\\\/faviona-wimpernserum-fuer-lange-wimpern-lash-brow-booster-testsieger-vegan-wimpernbooster-fuer-schnelles-wachstum-3ml\\\/#primaryimage\"},\"image\":{\"@id\":\"https:\\\/\\\/marktxxl.de\\\/markt\\\/produkt\\\/faviona-wimpernserum-fuer-lange-wimpern-lash-brow-booster-testsieger-vegan-wimpernbooster-fuer-schnelles-wachstum-3ml\\\/#primaryimage\"},\"thumbnailUrl\":\"https:\\\/\\\/m.media-amazon.com\\\/images\\\/I\\\/51bys7gEhPL._SL500_.jpg\",\"datePublished\":\"2022-05-14T23:28:40+00:00\",\"dateModified\":\"2023-04-11T01:46:10+00:00\",\"description\":\"Markt-XXL FAVIONA Wimpernserum f\u00fcr lange Wimpern | Lash &amp; Brow Booster | Testsieger | VEGAN | Wimpernbooster f\u00fcr schnelles\u2026\",\"breadcrumb\":{\"@id\":\"https:\\\/\\\/marktxxl.de\\\/markt\\\/produkt\\\/faviona-wimpernserum-fuer-lange-wimpern-lash-brow-booster-testsieger-vegan-wimpernbooster-fuer-schnelles-wachstum-3ml\\\/#breadcrumb\"},\"inLanguage\":\"de\",\"potentialAction\":[{\"@type\":\"ReadAction\",\"target\":[\"https:\\\/\\\/marktxxl.de\\\/markt\\\/produkt\\\/faviona-wimpernserum-fuer-lange-wimpern-lash-brow-booster-testsieger-vegan-wimpernbooster-fuer-schnelles-wachstum-3ml\\\/\"]}]},{\"@type\":\"ImageObject\",\"inLanguage\":\"de\",\"@id\":\"https:\\\/\\\/marktxxl.de\\\/markt\\\/produkt\\\/faviona-wimpernserum-fuer-lange-wimpern-lash-brow-booster-testsieger-vegan-wimpernbooster-fuer-schnelles-wachstum-3ml\\\/#primaryimage\",\"url\":\"https:\\\/\\\/m.media-amazon.com\\\/images\\\/I\\\/51bys7gEhPL._SL500_.jpg\",\"contentUrl\":\"https:\\\/\\\/m.media-amazon.com\\\/images\\\/I\\\/51bys7gEhPL._SL500_.jpg\",\"width\":228,\"height\":500},{\"@type\":\"BreadcrumbList\",\"@id\":\"https:\\\/\\\/marktxxl.de\\\/markt\\\/produkt\\\/faviona-wimpernserum-fuer-lange-wimpern-lash-brow-booster-testsieger-vegan-wimpernbooster-fuer-schnelles-wachstum-3ml\\\/#breadcrumb\",\"itemListElement\":[{\"@type\":\"ListItem\",\"position\":1,\"name\":\"Startseite\",\"item\":\"https:\\\/\\\/marktxxl.de\\\/markt\\\/\"},{\"@type\":\"ListItem\",\"position\":2,\"name\":\"Markt\",\"item\":\"https:\\\/\\\/marktxxl.de\\\/markt\\\/\"},{\"@type\":\"ListItem\",\"position\":3,\"name\":\"FAVIONA Wimpernserum f\u00fcr lange Wimpern | Lash &amp; Brow Booster | Testsieger | VEGAN | Wimpernbooster f\u00fcr schnelles\u2026\"}]},{\"@type\":\"WebSite\",\"@id\":\"https:\\\/\\\/marktxxl.de\\\/markt\\\/#website\",\"url\":\"https:\\\/\\\/marktxxl.de\\\/markt\\\/\",\"name\":\"Markt-XXL\",\"description\":\"Ihr Markt Online\",\"publisher\":{\"@id\":\"https:\\\/\\\/marktxxl.de\\\/markt\\\/#organization\"},\"potentialAction\":[{\"@type\":\"SearchAction\",\"target\":{\"@type\":\"EntryPoint\",\"urlTemplate\":\"https:\\\/\\\/marktxxl.de\\\/markt\\\/?s={search_term_string}\"},\"query-input\":{\"@type\":\"PropertyValueSpecification\",\"valueRequired\":true,\"valueName\":\"search_term_string\"}}],\"inLanguage\":\"de\"},{\"@type\":\"Organization\",\"@id\":\"https:\\\/\\\/marktxxl.de\\\/markt\\\/#organization\",\"name\":\"Markt-XXL\",\"url\":\"https:\\\/\\\/marktxxl.de\\\/markt\\\/\",\"logo\":{\"@type\":\"ImageObject\",\"inLanguage\":\"de\",\"@id\":\"https:\\\/\\\/marktxxl.de\\\/markt\\\/#\\\/schema\\\/logo\\\/image\\\/\",\"url\":\"https:\\\/\\\/marktxxl.de\\\/markt\\\/wp-content\\\/uploads\\\/sites\\\/3\\\/2020\\\/12\\\/logo.png\",\"contentUrl\":\"https:\\\/\\\/marktxxl.de\\\/markt\\\/wp-content\\\/uploads\\\/sites\\\/3\\\/2020\\\/12\\\/logo.png\",\"width\":200,\"height\":70,\"caption\":\"Markt-XXL\"},\"image\":{\"@id\":\"https:\\\/\\\/marktxxl.de\\\/markt\\\/#\\\/schema\\\/logo\\\/image\\\/\"}}]}<\/script>\n<!-- \/ Yoast SEO plugin. -->","yoast_head_json":{"title":"FAVIONA Wimpernserum f\u00fcr lange Wimpern | Lash &amp; Brow Booster | Testsieger | VEGAN | Wimpernbooster f\u00fcr schnelles\u2026 - Markt-XXL","description":"Markt-XXL FAVIONA Wimpernserum f\u00fcr lange Wimpern | Lash &amp; Brow Booster | Testsieger | VEGAN | Wimpernbooster f\u00fcr schnelles\u2026","robots":{"index":"index","follow":"follow","max-snippet":"max-snippet:-1","max-image-preview":"max-image-preview:large","max-video-preview":"max-video-preview:-1"},"canonical":"https:\/\/marktxxl.de\/markt\/produkt\/faviona-wimpernserum-fuer-lange-wimpern-lash-brow-booster-testsieger-vegan-wimpernbooster-fuer-schnelles-wachstum-3ml\/","og_locale":"de_DE","og_type":"article","og_title":"FAVIONA Wimpernserum f\u00fcr lange Wimpern | Lash &amp; Brow Booster | Testsieger | VEGAN | Wimpernbooster f\u00fcr schnelles\u2026 - Markt-XXL","og_description":"Markt-XXL FAVIONA Wimpernserum f\u00fcr lange Wimpern | Lash &amp; Brow Booster | Testsieger | VEGAN | Wimpernbooster f\u00fcr schnelles\u2026","og_url":"https:\/\/marktxxl.de\/markt\/produkt\/faviona-wimpernserum-fuer-lange-wimpern-lash-brow-booster-testsieger-vegan-wimpernbooster-fuer-schnelles-wachstum-3ml\/","og_site_name":"Markt-XXL","article_modified_time":"2023-04-11T01:46:10+00:00","og_image":[{"width":228,"height":500,"url":"https:\/\/m.media-amazon.com\/images\/I\/51bys7gEhPL._SL500_.jpg","type":"image\/jpeg"}],"twitter_card":"summary_large_image","twitter_misc":{"Gesch\u00e4tzte Lesezeit":"1\u00a0Minute"},"schema":{"@context":"https:\/\/schema.org","@graph":[{"@type":"WebPage","@id":"https:\/\/marktxxl.de\/markt\/produkt\/faviona-wimpernserum-fuer-lange-wimpern-lash-brow-booster-testsieger-vegan-wimpernbooster-fuer-schnelles-wachstum-3ml\/","url":"https:\/\/marktxxl.de\/markt\/produkt\/faviona-wimpernserum-fuer-lange-wimpern-lash-brow-booster-testsieger-vegan-wimpernbooster-fuer-schnelles-wachstum-3ml\/","name":"FAVIONA Wimpernserum f\u00fcr lange Wimpern | Lash &amp; Brow Booster | Testsieger | VEGAN | Wimpernbooster f\u00fcr schnelles\u2026 - Markt-XXL","isPartOf":{"@id":"https:\/\/marktxxl.de\/markt\/#website"},"primaryImageOfPage":{"@id":"https:\/\/marktxxl.de\/markt\/produkt\/faviona-wimpernserum-fuer-lange-wimpern-lash-brow-booster-testsieger-vegan-wimpernbooster-fuer-schnelles-wachstum-3ml\/#primaryimage"},"image":{"@id":"https:\/\/marktxxl.de\/markt\/produkt\/faviona-wimpernserum-fuer-lange-wimpern-lash-brow-booster-testsieger-vegan-wimpernbooster-fuer-schnelles-wachstum-3ml\/#primaryimage"},"thumbnailUrl":"https:\/\/m.media-amazon.com\/images\/I\/51bys7gEhPL._SL500_.jpg","datePublished":"2022-05-14T23:28:40+00:00","dateModified":"2023-04-11T01:46:10+00:00","description":"Markt-XXL FAVIONA Wimpernserum f\u00fcr lange Wimpern | Lash &amp; Brow Booster | Testsieger | VEGAN | Wimpernbooster f\u00fcr schnelles\u2026","breadcrumb":{"@id":"https:\/\/marktxxl.de\/markt\/produkt\/faviona-wimpernserum-fuer-lange-wimpern-lash-brow-booster-testsieger-vegan-wimpernbooster-fuer-schnelles-wachstum-3ml\/#breadcrumb"},"inLanguage":"de","potentialAction":[{"@type":"ReadAction","target":["https:\/\/marktxxl.de\/markt\/produkt\/faviona-wimpernserum-fuer-lange-wimpern-lash-brow-booster-testsieger-vegan-wimpernbooster-fuer-schnelles-wachstum-3ml\/"]}]},{"@type":"ImageObject","inLanguage":"de","@id":"https:\/\/marktxxl.de\/markt\/produkt\/faviona-wimpernserum-fuer-lange-wimpern-lash-brow-booster-testsieger-vegan-wimpernbooster-fuer-schnelles-wachstum-3ml\/#primaryimage","url":"https:\/\/m.media-amazon.com\/images\/I\/51bys7gEhPL._SL500_.jpg","contentUrl":"https:\/\/m.media-amazon.com\/images\/I\/51bys7gEhPL._SL500_.jpg","width":228,"height":500},{"@type":"BreadcrumbList","@id":"https:\/\/marktxxl.de\/markt\/produkt\/faviona-wimpernserum-fuer-lange-wimpern-lash-brow-booster-testsieger-vegan-wimpernbooster-fuer-schnelles-wachstum-3ml\/#breadcrumb","itemListElement":[{"@type":"ListItem","position":1,"name":"Startseite","item":"https:\/\/marktxxl.de\/markt\/"},{"@type":"ListItem","position":2,"name":"Markt","item":"https:\/\/marktxxl.de\/markt\/"},{"@type":"ListItem","position":3,"name":"FAVIONA Wimpernserum f\u00fcr lange Wimpern | Lash &amp; Brow Booster | Testsieger | VEGAN | Wimpernbooster f\u00fcr schnelles\u2026"}]},{"@type":"WebSite","@id":"https:\/\/marktxxl.de\/markt\/#website","url":"https:\/\/marktxxl.de\/markt\/","name":"Markt-XXL","description":"Ihr Markt Online","publisher":{"@id":"https:\/\/marktxxl.de\/markt\/#organization"},"potentialAction":[{"@type":"SearchAction","target":{"@type":"EntryPoint","urlTemplate":"https:\/\/marktxxl.de\/markt\/?s={search_term_string}"},"query-input":{"@type":"PropertyValueSpecification","valueRequired":true,"valueName":"search_term_string"}}],"inLanguage":"de"},{"@type":"Organization","@id":"https:\/\/marktxxl.de\/markt\/#organization","name":"Markt-XXL","url":"https:\/\/marktxxl.de\/markt\/","logo":{"@type":"ImageObject","inLanguage":"de","@id":"https:\/\/marktxxl.de\/markt\/#\/schema\/logo\/image\/","url":"https:\/\/marktxxl.de\/markt\/wp-content\/uploads\/sites\/3\/2020\/12\/logo.png","contentUrl":"https:\/\/marktxxl.de\/markt\/wp-content\/uploads\/sites\/3\/2020\/12\/logo.png","width":200,"height":70,"caption":"Markt-XXL"},"image":{"@id":"https:\/\/marktxxl.de\/markt\/#\/schema\/logo\/image\/"}}]}},"_links":{"self":[{"href":"https:\/\/marktxxl.de\/markt\/wp-json\/wp\/v2\/product\/117608","targetHints":{"allow":["GET"]}}],"collection":[{"href":"https:\/\/marktxxl.de\/markt\/wp-json\/wp\/v2\/product"}],"about":[{"href":"https:\/\/marktxxl.de\/markt\/wp-json\/wp\/v2\/types\/product"}],"replies":[{"embeddable":true,"href":"https:\/\/marktxxl.de\/markt\/wp-json\/wp\/v2\/comments?post=117608"}],"wp:featuredmedia":[{"embeddable":true,"href":"https:\/\/marktxxl.de\/markt\/wp-json\/wp\/v2\/media\/117609"}],"wp:attachment":[{"href":"https:\/\/marktxxl.de\/markt\/wp-json\/wp\/v2\/media?parent=117608"}],"wp:term":[{"taxonomy":"product_brand","embeddable":true,"href":"https:\/\/marktxxl.de\/markt\/wp-json\/wp\/v2\/product_brand?post=117608"},{"taxonomy":"product_cat","embeddable":true,"href":"https:\/\/marktxxl.de\/markt\/wp-json\/wp\/v2\/product_cat?post=117608"},{"taxonomy":"product_tag","embeddable":true,"href":"https:\/\/marktxxl.de\/markt\/wp-json\/wp\/v2\/product_tag?post=117608"}],"curies":[{"name":"wp","href":"https:\/\/api.w.org\/{rel}","templated":true}]}}