{"id":117583,"date":"2022-05-15T01:28:23","date_gmt":"2022-05-14T23:28:23","guid":{"rendered":"https:\/\/marktxxl.de\/markt\/produkt\/magnetische-wimpern-5-paar-3d-magnetische-wimpern-natuerlich-kit-wiederverwendbare-wasserdicht-magnetische-wimpern-2-schwarz-schnelltrocknend-dauerhaft-magnetischer-eyeliner-pinzette-kein-kleber\/"},"modified":"2023-04-11T03:46:09","modified_gmt":"2023-04-11T01:46:09","slug":"magnetische-wimpern-5-paar-3d-magnetische-wimpern-natuerlich-kit-wiederverwendbare-wasserdicht-magnetische-wimpern-2-schwarz-schnelltrocknend-dauerhaft-magnetischer-eyeliner-pinzette-kein-kleber","status":"publish","type":"product","link":"https:\/\/marktxxl.de\/markt\/produkt\/magnetische-wimpern-5-paar-3d-magnetische-wimpern-natuerlich-kit-wiederverwendbare-wasserdicht-magnetische-wimpern-2-schwarz-schnelltrocknend-dauerhaft-magnetischer-eyeliner-pinzette-kein-kleber\/","title":{"rendered":"Magnetische Wimpern 5 Paar Wimpern Magnetisch Magnetische Wimpern Nat\u00fcrlich Reutilisierbar Wimpern Magnetisch Schwarz\u2026"},"content":{"rendered":"<p>\ud83d\udc96MAGNETIC EYELASHES: Warum magnetische Wimpern? Um Allergien bei einigen wenigen Personen zu vermeiden und das Erlebnis zu verbessern, haben wir das Konzept der magnetischen Wimpern eingef\u00fchrt. Anstelle von Klebstoff oder anderen klebrigen Substanzen wird der Eyeliner magnetisiert, so dass er sich perfekt an die Magnete am Stiel anschmiegt und den perfekten &#8220;Kleber&#8221; bildet.<br \/>\n\ud83d\udc96EINFACH ZU BENUTZEN: Sch\u00fctteln Sie den magnetischen Eyeliner vor dem Gebrauch einige Male vorsichtig. Tragen Sie dann den magnetischen Eyeliner auf das Augenlid auf, wobei Sie mehrere Schichten auftragen, um den Magnetismus zu erh\u00f6hen. Wenn der Eyeliner fast trocken ist, platzieren Sie Ihre magnetischen Wimpern auf der Applikation und nehmen Sie kleine Anpassungen vor. F\u00fcr die meisten Menschen haben wir es so bequem wie m\u00f6glich gemacht.<br \/>\n\ud83d\udc96EINFACH ZU ENTFERNEN: Wie kann ich sie entfernen? Tragen Sie zun\u00e4chst ein mit Make-up-Entferner angefeuchtetes Wattepad auf die Augenpartie auf, warten Sie 1-2 Minuten und entfernen Sie die magnetischen Wimpern vorsichtig. Entfernen Sie anschlie\u00dfend Ihr Augen-Make-up auf die von Ihnen bevorzugte Weise. Die magnetischen Wimpern k\u00f6nnen wiederverwendet werden, wenn Sie den Fleck nach jedem Gebrauch entfernen und gut aufbewahren.<br \/>\n\ud83d\udc96KEINE IRRITATION &amp; LANG ANHALTEND: Tragen Sie Ihre magnetischen Wimpern richtig und sehen Sie den ganzen Tag lang toll aus. Unser magnetisches Wimpernset ist so formuliert, dass es sanft ist und keine unangenehmen Reaktionen hervorruft. Es wird dennoch empfohlen, vor der Verwendung einen Allergietest am Handgelenk durchzuf\u00fchren.<br \/>\n\ud83d\udc96MAGNETIC EYELASHES KIT: Was ist im Produkt enthalten? 2 Eyeliner, 1 Pinzette und 5 Paar magnetische Wimpern in verschiedenen Stilen. 5 Paar magnetische Wimpern f\u00fcr eine Vielzahl von Anl\u00e4ssen, die es einfach machen, einen auff\u00e4lligen Look bei der Arbeit, auf Partys und mehr zu erhalten. Wenn die Wimpern \u00fcber die L\u00e4nge Ihres Augenlids hinausgehen, k\u00f6nnen Sie sie auf die richtige L\u00e4nge zuschneiden.<br \/>\n<div class=\"main-cross-sell\" data-asin=\"B09S9W5MLT\">\n\n\t<div class=\"WooZone-cross-sell-loader\">\n\t\t<div>\n\t\t\t<div id=\"floatingBarsG\">\n\t\t\t\t<div class=\"blockG\" id=\"rotateG_01\"><\/div>\n\t\t\t\t<div class=\"blockG\" id=\"rotateG_02\"><\/div>\n\t\t\t\t<div class=\"blockG\" id=\"rotateG_03\"><\/div>\n\t\t\t\t<div class=\"blockG\" id=\"rotateG_04\"><\/div>\n\t\t\t\t<div class=\"blockG\" id=\"rotateG_05\"><\/div>\n\t\t\t\t<div class=\"blockG\" id=\"rotateG_06\"><\/div>\n\t\t\t\t<div class=\"blockG\" id=\"rotateG_07\"><\/div>\n\t\t\t\t<div class=\"blockG\" id=\"rotateG_08\"><\/div>\n\t\t\t<\/div>\n\t\t\t<div class=\"WooZone-cross-sell-loader-text\"><\/div>\n\t\t<\/div>\n\t<\/div>\n\n\t\t\n<\/div>\n<div style=\"clear:both;\"><\/div><\/p>\n","protected":false},"excerpt":{"rendered":"<p>\ud83d\udc96MAGNETIC EYELASHES: Warum magnetische Wimpern? Um Allergien bei einigen wenigen Personen zu vermeiden und das Erlebnis zu verbessern, haben wir das Konzept der magnetischen Wimpern eingef\u00fchrt. Anstelle von Klebstoff oder anderen klebrigen Substanzen wird der Eyeliner magnetisiert, so dass er sich perfekt an die Magnete am Stiel anschmiegt und den perfekten &#8220;Kleber&#8221; bildet.<br \/>\n\ud83d\udc96EINFACH ZU BENUTZEN: Sch\u00fctteln Sie den magnetischen Eyeliner vor dem Gebrauch einige Male vorsichtig. Tragen Sie dann den magnetischen Eyeliner auf das Augenlid auf, wobei Sie mehrere Schichten auftragen, um den Magnetismus zu erh\u00f6hen. Wenn der Eyeliner fast trocken ist, platzieren Sie Ihre magnetischen Wimpern auf der Applikation und nehmen Sie kleine Anpassungen vor. F\u00fcr die meisten Menschen haben wir es so bequem wie m\u00f6glich gemacht.<br \/>\n\ud83d\udc96EINFACH ZU ENTFERNEN: Wie kann ich sie entfernen? Tragen Sie zun\u00e4chst ein mit Make-up-Entferner angefeuchtetes Wattepad auf die Augenpartie auf, warten Sie 1-2 Minuten und entfernen Sie die magnetischen Wimpern vorsichtig. Entfernen Sie anschlie\u00dfend Ihr Augen-Make-up auf die von Ihnen bevorzugte Weise. Die magnetischen Wimpern k\u00f6nnen wiederverwendet werden, wenn Sie den Fleck nach jedem Gebrauch entfernen und gut aufbewahren.<\/p>\n","protected":false},"featured_media":117584,"comment_status":"open","ping_status":"closed","template":"","meta":[],"product_brand":[],"product_cat":[2858,7575],"product_tag":[],"class_list":{"0":"post-117583","1":"product","2":"type-product","3":"status-publish","4":"has-post-thumbnail","6":"product_cat-beauty","7":"product_cat-make-up","8":"pa_brand-ocean-pearl","9":"pa_height-0-5511811018-zoll","10":"pa_length-5-6299212541-zoll","11":"pa_manufacturer-ocean-pearl","12":"pa_size-5-paar-1er-pack","13":"pa_width-5-3149606245-zoll","15":"first","16":"instock","17":"shipping-taxable","18":"purchasable","19":"product-type-simple","20":"customify-col","21":"product-has-gallery"},"yoast_head":"<!-- This site is optimized with the Yoast SEO plugin v27.3 - https:\/\/yoast.com\/product\/yoast-seo-wordpress\/ -->\n<title>Magnetische Wimpern 5 Paar Wimpern Magnetisch Magnetische Wimpern Nat\u00fcrlich Reutilisierbar Wimpern Magnetisch Schwarz\u2026 - Markt-XXL<\/title>\n<meta name=\"description\" content=\"Markt-XXL Magnetische Wimpern 5 Paar Wimpern Magnetisch Magnetische Wimpern Nat\u00fcrlich Reutilisierbar Wimpern Magnetisch Schwarz\u2026\" \/>\n<meta name=\"robots\" content=\"index, follow, max-snippet:-1, max-image-preview:large, max-video-preview:-1\" \/>\n<link rel=\"canonical\" href=\"https:\/\/marktxxl.de\/markt\/produkt\/magnetische-wimpern-5-paar-3d-magnetische-wimpern-natuerlich-kit-wiederverwendbare-wasserdicht-magnetische-wimpern-2-schwarz-schnelltrocknend-dauerhaft-magnetischer-eyeliner-pinzette-kein-kleber\/\" \/>\n<meta property=\"og:locale\" content=\"de_DE\" \/>\n<meta property=\"og:type\" content=\"article\" \/>\n<meta property=\"og:title\" content=\"Magnetische Wimpern 5 Paar Wimpern Magnetisch Magnetische Wimpern Nat\u00fcrlich Reutilisierbar Wimpern Magnetisch Schwarz\u2026 - Markt-XXL\" \/>\n<meta property=\"og:description\" content=\"Markt-XXL Magnetische Wimpern 5 Paar Wimpern Magnetisch Magnetische Wimpern Nat\u00fcrlich Reutilisierbar Wimpern Magnetisch Schwarz\u2026\" \/>\n<meta property=\"og:url\" content=\"https:\/\/marktxxl.de\/markt\/produkt\/magnetische-wimpern-5-paar-3d-magnetische-wimpern-natuerlich-kit-wiederverwendbare-wasserdicht-magnetische-wimpern-2-schwarz-schnelltrocknend-dauerhaft-magnetischer-eyeliner-pinzette-kein-kleber\/\" \/>\n<meta property=\"og:site_name\" content=\"Markt-XXL\" \/>\n<meta property=\"article:modified_time\" content=\"2023-04-11T01:46:09+00:00\" \/>\n<meta property=\"og:image\" content=\"https:\/\/m.media-amazon.com\/images\/I\/511nlcU+oLL._SL500_.jpg\" \/>\n\t<meta property=\"og:image:width\" content=\"500\" \/>\n\t<meta property=\"og:image:height\" content=\"500\" \/>\n\t<meta property=\"og:image:type\" content=\"image\/jpeg\" \/>\n<meta name=\"twitter:card\" content=\"summary_large_image\" \/>\n<meta name=\"twitter:label1\" content=\"Gesch\u00e4tzte Lesezeit\" \/>\n\t<meta name=\"twitter:data1\" content=\"2\u00a0Minuten\" \/>\n<script type=\"application\/ld+json\" class=\"yoast-schema-graph\">{\"@context\":\"https:\\\/\\\/schema.org\",\"@graph\":[{\"@type\":\"WebPage\",\"@id\":\"https:\\\/\\\/marktxxl.de\\\/markt\\\/produkt\\\/magnetische-wimpern-5-paar-3d-magnetische-wimpern-natuerlich-kit-wiederverwendbare-wasserdicht-magnetische-wimpern-2-schwarz-schnelltrocknend-dauerhaft-magnetischer-eyeliner-pinzette-kein-kleber\\\/\",\"url\":\"https:\\\/\\\/marktxxl.de\\\/markt\\\/produkt\\\/magnetische-wimpern-5-paar-3d-magnetische-wimpern-natuerlich-kit-wiederverwendbare-wasserdicht-magnetische-wimpern-2-schwarz-schnelltrocknend-dauerhaft-magnetischer-eyeliner-pinzette-kein-kleber\\\/\",\"name\":\"Magnetische Wimpern 5 Paar Wimpern Magnetisch Magnetische Wimpern Nat\u00fcrlich Reutilisierbar Wimpern Magnetisch Schwarz\u2026 - Markt-XXL\",\"isPartOf\":{\"@id\":\"https:\\\/\\\/marktxxl.de\\\/markt\\\/#website\"},\"primaryImageOfPage\":{\"@id\":\"https:\\\/\\\/marktxxl.de\\\/markt\\\/produkt\\\/magnetische-wimpern-5-paar-3d-magnetische-wimpern-natuerlich-kit-wiederverwendbare-wasserdicht-magnetische-wimpern-2-schwarz-schnelltrocknend-dauerhaft-magnetischer-eyeliner-pinzette-kein-kleber\\\/#primaryimage\"},\"image\":{\"@id\":\"https:\\\/\\\/marktxxl.de\\\/markt\\\/produkt\\\/magnetische-wimpern-5-paar-3d-magnetische-wimpern-natuerlich-kit-wiederverwendbare-wasserdicht-magnetische-wimpern-2-schwarz-schnelltrocknend-dauerhaft-magnetischer-eyeliner-pinzette-kein-kleber\\\/#primaryimage\"},\"thumbnailUrl\":\"https:\\\/\\\/m.media-amazon.com\\\/images\\\/I\\\/511nlcU+oLL._SL500_.jpg\",\"datePublished\":\"2022-05-14T23:28:23+00:00\",\"dateModified\":\"2023-04-11T01:46:09+00:00\",\"description\":\"Markt-XXL Magnetische Wimpern 5 Paar Wimpern Magnetisch Magnetische Wimpern Nat\u00fcrlich Reutilisierbar Wimpern Magnetisch Schwarz\u2026\",\"breadcrumb\":{\"@id\":\"https:\\\/\\\/marktxxl.de\\\/markt\\\/produkt\\\/magnetische-wimpern-5-paar-3d-magnetische-wimpern-natuerlich-kit-wiederverwendbare-wasserdicht-magnetische-wimpern-2-schwarz-schnelltrocknend-dauerhaft-magnetischer-eyeliner-pinzette-kein-kleber\\\/#breadcrumb\"},\"inLanguage\":\"de\",\"potentialAction\":[{\"@type\":\"ReadAction\",\"target\":[\"https:\\\/\\\/marktxxl.de\\\/markt\\\/produkt\\\/magnetische-wimpern-5-paar-3d-magnetische-wimpern-natuerlich-kit-wiederverwendbare-wasserdicht-magnetische-wimpern-2-schwarz-schnelltrocknend-dauerhaft-magnetischer-eyeliner-pinzette-kein-kleber\\\/\"]}]},{\"@type\":\"ImageObject\",\"inLanguage\":\"de\",\"@id\":\"https:\\\/\\\/marktxxl.de\\\/markt\\\/produkt\\\/magnetische-wimpern-5-paar-3d-magnetische-wimpern-natuerlich-kit-wiederverwendbare-wasserdicht-magnetische-wimpern-2-schwarz-schnelltrocknend-dauerhaft-magnetischer-eyeliner-pinzette-kein-kleber\\\/#primaryimage\",\"url\":\"https:\\\/\\\/m.media-amazon.com\\\/images\\\/I\\\/511nlcU+oLL._SL500_.jpg\",\"contentUrl\":\"https:\\\/\\\/m.media-amazon.com\\\/images\\\/I\\\/511nlcU+oLL._SL500_.jpg\",\"width\":500,\"height\":500},{\"@type\":\"BreadcrumbList\",\"@id\":\"https:\\\/\\\/marktxxl.de\\\/markt\\\/produkt\\\/magnetische-wimpern-5-paar-3d-magnetische-wimpern-natuerlich-kit-wiederverwendbare-wasserdicht-magnetische-wimpern-2-schwarz-schnelltrocknend-dauerhaft-magnetischer-eyeliner-pinzette-kein-kleber\\\/#breadcrumb\",\"itemListElement\":[{\"@type\":\"ListItem\",\"position\":1,\"name\":\"Startseite\",\"item\":\"https:\\\/\\\/marktxxl.de\\\/markt\\\/\"},{\"@type\":\"ListItem\",\"position\":2,\"name\":\"Markt\",\"item\":\"https:\\\/\\\/marktxxl.de\\\/markt\\\/\"},{\"@type\":\"ListItem\",\"position\":3,\"name\":\"Magnetische Wimpern 5 Paar Wimpern Magnetisch Magnetische Wimpern Nat\u00fcrlich Reutilisierbar Wimpern Magnetisch Schwarz\u2026\"}]},{\"@type\":\"WebSite\",\"@id\":\"https:\\\/\\\/marktxxl.de\\\/markt\\\/#website\",\"url\":\"https:\\\/\\\/marktxxl.de\\\/markt\\\/\",\"name\":\"Markt-XXL\",\"description\":\"Ihr Markt Online\",\"publisher\":{\"@id\":\"https:\\\/\\\/marktxxl.de\\\/markt\\\/#organization\"},\"potentialAction\":[{\"@type\":\"SearchAction\",\"target\":{\"@type\":\"EntryPoint\",\"urlTemplate\":\"https:\\\/\\\/marktxxl.de\\\/markt\\\/?s={search_term_string}\"},\"query-input\":{\"@type\":\"PropertyValueSpecification\",\"valueRequired\":true,\"valueName\":\"search_term_string\"}}],\"inLanguage\":\"de\"},{\"@type\":\"Organization\",\"@id\":\"https:\\\/\\\/marktxxl.de\\\/markt\\\/#organization\",\"name\":\"Markt-XXL\",\"url\":\"https:\\\/\\\/marktxxl.de\\\/markt\\\/\",\"logo\":{\"@type\":\"ImageObject\",\"inLanguage\":\"de\",\"@id\":\"https:\\\/\\\/marktxxl.de\\\/markt\\\/#\\\/schema\\\/logo\\\/image\\\/\",\"url\":\"https:\\\/\\\/marktxxl.de\\\/markt\\\/wp-content\\\/uploads\\\/sites\\\/3\\\/2020\\\/12\\\/logo.png\",\"contentUrl\":\"https:\\\/\\\/marktxxl.de\\\/markt\\\/wp-content\\\/uploads\\\/sites\\\/3\\\/2020\\\/12\\\/logo.png\",\"width\":200,\"height\":70,\"caption\":\"Markt-XXL\"},\"image\":{\"@id\":\"https:\\\/\\\/marktxxl.de\\\/markt\\\/#\\\/schema\\\/logo\\\/image\\\/\"}}]}<\/script>\n<!-- \/ Yoast SEO plugin. -->","yoast_head_json":{"title":"Magnetische Wimpern 5 Paar Wimpern Magnetisch Magnetische Wimpern Nat\u00fcrlich Reutilisierbar Wimpern Magnetisch Schwarz\u2026 - Markt-XXL","description":"Markt-XXL Magnetische Wimpern 5 Paar Wimpern Magnetisch Magnetische Wimpern Nat\u00fcrlich Reutilisierbar Wimpern Magnetisch Schwarz\u2026","robots":{"index":"index","follow":"follow","max-snippet":"max-snippet:-1","max-image-preview":"max-image-preview:large","max-video-preview":"max-video-preview:-1"},"canonical":"https:\/\/marktxxl.de\/markt\/produkt\/magnetische-wimpern-5-paar-3d-magnetische-wimpern-natuerlich-kit-wiederverwendbare-wasserdicht-magnetische-wimpern-2-schwarz-schnelltrocknend-dauerhaft-magnetischer-eyeliner-pinzette-kein-kleber\/","og_locale":"de_DE","og_type":"article","og_title":"Magnetische Wimpern 5 Paar Wimpern Magnetisch Magnetische Wimpern Nat\u00fcrlich Reutilisierbar Wimpern Magnetisch Schwarz\u2026 - Markt-XXL","og_description":"Markt-XXL Magnetische Wimpern 5 Paar Wimpern Magnetisch Magnetische Wimpern Nat\u00fcrlich Reutilisierbar Wimpern Magnetisch Schwarz\u2026","og_url":"https:\/\/marktxxl.de\/markt\/produkt\/magnetische-wimpern-5-paar-3d-magnetische-wimpern-natuerlich-kit-wiederverwendbare-wasserdicht-magnetische-wimpern-2-schwarz-schnelltrocknend-dauerhaft-magnetischer-eyeliner-pinzette-kein-kleber\/","og_site_name":"Markt-XXL","article_modified_time":"2023-04-11T01:46:09+00:00","og_image":[{"width":500,"height":500,"url":"https:\/\/m.media-amazon.com\/images\/I\/511nlcU+oLL._SL500_.jpg","type":"image\/jpeg"}],"twitter_card":"summary_large_image","twitter_misc":{"Gesch\u00e4tzte Lesezeit":"2\u00a0Minuten"},"schema":{"@context":"https:\/\/schema.org","@graph":[{"@type":"WebPage","@id":"https:\/\/marktxxl.de\/markt\/produkt\/magnetische-wimpern-5-paar-3d-magnetische-wimpern-natuerlich-kit-wiederverwendbare-wasserdicht-magnetische-wimpern-2-schwarz-schnelltrocknend-dauerhaft-magnetischer-eyeliner-pinzette-kein-kleber\/","url":"https:\/\/marktxxl.de\/markt\/produkt\/magnetische-wimpern-5-paar-3d-magnetische-wimpern-natuerlich-kit-wiederverwendbare-wasserdicht-magnetische-wimpern-2-schwarz-schnelltrocknend-dauerhaft-magnetischer-eyeliner-pinzette-kein-kleber\/","name":"Magnetische Wimpern 5 Paar Wimpern Magnetisch Magnetische Wimpern Nat\u00fcrlich Reutilisierbar Wimpern Magnetisch Schwarz\u2026 - Markt-XXL","isPartOf":{"@id":"https:\/\/marktxxl.de\/markt\/#website"},"primaryImageOfPage":{"@id":"https:\/\/marktxxl.de\/markt\/produkt\/magnetische-wimpern-5-paar-3d-magnetische-wimpern-natuerlich-kit-wiederverwendbare-wasserdicht-magnetische-wimpern-2-schwarz-schnelltrocknend-dauerhaft-magnetischer-eyeliner-pinzette-kein-kleber\/#primaryimage"},"image":{"@id":"https:\/\/marktxxl.de\/markt\/produkt\/magnetische-wimpern-5-paar-3d-magnetische-wimpern-natuerlich-kit-wiederverwendbare-wasserdicht-magnetische-wimpern-2-schwarz-schnelltrocknend-dauerhaft-magnetischer-eyeliner-pinzette-kein-kleber\/#primaryimage"},"thumbnailUrl":"https:\/\/m.media-amazon.com\/images\/I\/511nlcU+oLL._SL500_.jpg","datePublished":"2022-05-14T23:28:23+00:00","dateModified":"2023-04-11T01:46:09+00:00","description":"Markt-XXL Magnetische Wimpern 5 Paar Wimpern Magnetisch Magnetische Wimpern Nat\u00fcrlich Reutilisierbar Wimpern Magnetisch Schwarz\u2026","breadcrumb":{"@id":"https:\/\/marktxxl.de\/markt\/produkt\/magnetische-wimpern-5-paar-3d-magnetische-wimpern-natuerlich-kit-wiederverwendbare-wasserdicht-magnetische-wimpern-2-schwarz-schnelltrocknend-dauerhaft-magnetischer-eyeliner-pinzette-kein-kleber\/#breadcrumb"},"inLanguage":"de","potentialAction":[{"@type":"ReadAction","target":["https:\/\/marktxxl.de\/markt\/produkt\/magnetische-wimpern-5-paar-3d-magnetische-wimpern-natuerlich-kit-wiederverwendbare-wasserdicht-magnetische-wimpern-2-schwarz-schnelltrocknend-dauerhaft-magnetischer-eyeliner-pinzette-kein-kleber\/"]}]},{"@type":"ImageObject","inLanguage":"de","@id":"https:\/\/marktxxl.de\/markt\/produkt\/magnetische-wimpern-5-paar-3d-magnetische-wimpern-natuerlich-kit-wiederverwendbare-wasserdicht-magnetische-wimpern-2-schwarz-schnelltrocknend-dauerhaft-magnetischer-eyeliner-pinzette-kein-kleber\/#primaryimage","url":"https:\/\/m.media-amazon.com\/images\/I\/511nlcU+oLL._SL500_.jpg","contentUrl":"https:\/\/m.media-amazon.com\/images\/I\/511nlcU+oLL._SL500_.jpg","width":500,"height":500},{"@type":"BreadcrumbList","@id":"https:\/\/marktxxl.de\/markt\/produkt\/magnetische-wimpern-5-paar-3d-magnetische-wimpern-natuerlich-kit-wiederverwendbare-wasserdicht-magnetische-wimpern-2-schwarz-schnelltrocknend-dauerhaft-magnetischer-eyeliner-pinzette-kein-kleber\/#breadcrumb","itemListElement":[{"@type":"ListItem","position":1,"name":"Startseite","item":"https:\/\/marktxxl.de\/markt\/"},{"@type":"ListItem","position":2,"name":"Markt","item":"https:\/\/marktxxl.de\/markt\/"},{"@type":"ListItem","position":3,"name":"Magnetische Wimpern 5 Paar Wimpern Magnetisch Magnetische Wimpern Nat\u00fcrlich Reutilisierbar Wimpern Magnetisch Schwarz\u2026"}]},{"@type":"WebSite","@id":"https:\/\/marktxxl.de\/markt\/#website","url":"https:\/\/marktxxl.de\/markt\/","name":"Markt-XXL","description":"Ihr Markt Online","publisher":{"@id":"https:\/\/marktxxl.de\/markt\/#organization"},"potentialAction":[{"@type":"SearchAction","target":{"@type":"EntryPoint","urlTemplate":"https:\/\/marktxxl.de\/markt\/?s={search_term_string}"},"query-input":{"@type":"PropertyValueSpecification","valueRequired":true,"valueName":"search_term_string"}}],"inLanguage":"de"},{"@type":"Organization","@id":"https:\/\/marktxxl.de\/markt\/#organization","name":"Markt-XXL","url":"https:\/\/marktxxl.de\/markt\/","logo":{"@type":"ImageObject","inLanguage":"de","@id":"https:\/\/marktxxl.de\/markt\/#\/schema\/logo\/image\/","url":"https:\/\/marktxxl.de\/markt\/wp-content\/uploads\/sites\/3\/2020\/12\/logo.png","contentUrl":"https:\/\/marktxxl.de\/markt\/wp-content\/uploads\/sites\/3\/2020\/12\/logo.png","width":200,"height":70,"caption":"Markt-XXL"},"image":{"@id":"https:\/\/marktxxl.de\/markt\/#\/schema\/logo\/image\/"}}]}},"_links":{"self":[{"href":"https:\/\/marktxxl.de\/markt\/wp-json\/wp\/v2\/product\/117583","targetHints":{"allow":["GET"]}}],"collection":[{"href":"https:\/\/marktxxl.de\/markt\/wp-json\/wp\/v2\/product"}],"about":[{"href":"https:\/\/marktxxl.de\/markt\/wp-json\/wp\/v2\/types\/product"}],"replies":[{"embeddable":true,"href":"https:\/\/marktxxl.de\/markt\/wp-json\/wp\/v2\/comments?post=117583"}],"wp:featuredmedia":[{"embeddable":true,"href":"https:\/\/marktxxl.de\/markt\/wp-json\/wp\/v2\/media\/117584"}],"wp:attachment":[{"href":"https:\/\/marktxxl.de\/markt\/wp-json\/wp\/v2\/media?parent=117583"}],"wp:term":[{"taxonomy":"product_brand","embeddable":true,"href":"https:\/\/marktxxl.de\/markt\/wp-json\/wp\/v2\/product_brand?post=117583"},{"taxonomy":"product_cat","embeddable":true,"href":"https:\/\/marktxxl.de\/markt\/wp-json\/wp\/v2\/product_cat?post=117583"},{"taxonomy":"product_tag","embeddable":true,"href":"https:\/\/marktxxl.de\/markt\/wp-json\/wp\/v2\/product_tag?post=117583"}],"curies":[{"name":"wp","href":"https:\/\/api.w.org\/{rel}","templated":true}]}}