{"id":117445,"date":"2022-05-15T01:22:29","date_gmt":"2022-05-14T23:22:29","guid":{"rendered":"https:\/\/marktxxl.de\/markt\/produkt\/retinol-serum-bio-100ml-vegan-retinol-vitamin-c-strahlende-ebenmaessige-haut-retinol-serum-gesicht-anti-aging-serum-satin-naturel-naturkosmetik\/"},"modified":"2023-04-11T03:46:08","modified_gmt":"2023-04-11T01:46:08","slug":"retinol-serum-bio-100ml-vegan-retinol-vitamin-c-strahlende-ebenmaessige-haut-retinol-serum-gesicht-anti-aging-serum-satin-naturel-naturkosmetik","status":"publish","type":"product","link":"https:\/\/marktxxl.de\/markt\/produkt\/retinol-serum-bio-100ml-vegan-retinol-vitamin-c-strahlende-ebenmaessige-haut-retinol-serum-gesicht-anti-aging-serum-satin-naturel-naturkosmetik\/","title":{"rendered":"Retinol Serum BIO &#8211; 100ml &#8211; Vegan &#8211; Retinol + Vitamin C + Aloe Vera + Hyaluron + Bio Argan\u00f6l &#8211; Strahlende, Ebenm\u00e4\u00dfige\u2026"},"content":{"rendered":"<p>SPEZIELL ABGESTIMMTE REZEPTUR HOCHQUALITATIVER WIRKSTOFFE &#8211; Die Formulierung unseres Bio Retinol Serum ist das Geheimnis seiner Wirksamkeit. Durch Retinol sowie einen anregenden Vitamin C-Komplex liefert das Serum eine besonders reichhaltige N\u00e4hrstoffversorgung. Abgerundet wird die effektive Rezeptur durch Aloe Vera Saft, Hyalurons\u00e4ure, Kokosnuss &amp; Bio Argan\u00f6l. Da das Serum Feuchtigkeit in die Haut einschleust, ist es essenziell die Pflegeroutine mit einer Hautcreme abzuschlie\u00dfen.<br \/>\nBIO SERUM GEGEN ERSTE ANZEICHEN DER HAUTALTERUNG &#8211; Retinol ist ein besonders wichtiges Element gesunder &amp; jugendlich aussehender Haut. Dein K\u00f6rper stellt es selbst aus dem Provitamin A her, welches \u00fcber die Nahrung aufgenommen wird. Es ist ratsam diesen Prozess im Laufe der Zeit allm\u00e4hlich mit einer retinolhaltigen Pflegeroutine zu unterst\u00fctzen. Die Kombination mit Vitamin C hilft abgestorbene Hautzellen zu beseitigen &#8211; f\u00fcr gegl\u00e4ttete und ebenm\u00e4\u00dfige Haut.<br \/>\nDIE VOLLKOMMENE HARMONIE EINER EXKLUSIVEN SCH\u00d6NHEITSPFLEGE &#8211; Satin Naturel vereint Performance-Wirkstoffe, herausragende Produktqualit\u00e4t und ein elegantes Design miteinander. Entscheidend ist die Balance aus Wirksamkeit &amp; Nat\u00fcrlichkeit, mit dem Ziel, den kostbaren Schatz der Jugendlichkeit durch revitalisierende Hautpflege in Dir selbst wieder zu entdecken. Die Herstellung unserer Produkte in Deutschland garantiert h\u00f6chste Qualit\u00e4t und au\u00dfergew\u00f6hnliche Verw\u00f6hnmomente.<br \/>\nEXKLUSIVE KREATION DER REZEPTUREN MIT BIO ALOE VERA SAFT ANSTELLE VON WASSER &#8211; Satin Naturel steht f\u00fcr unvergleichliche Rezepturen auf Aloe Vera Basis sowie die Verwendung hochwertiger Rohstoffe in Bio-Qualit\u00e4t aus \u00f6kologisch-nachhaltigem Anbau. Als Besonderheit der Formulierungen ersetzt Aloe Vera Saft pflegeneutrales Wasser in allen Produkten. Dadurch pflegt der Hauptwirkstoff die Haut mit \u00fcber 200 zus\u00e4tzlichen N\u00e4hrstoffen &#8211; f\u00fcr eine unvergessliche Anwendung und bemerkenswerte Wirksamkeit.<br \/>\nKOSTBARE SCH\u00d6NHEITSPFLEGE OHNE VERZICHT AUF UMWELTSCHUTZ &#8211; Wenn Du Satin Naturel Vertrauen schenkst, kommst Du in den Genuss dermatologisch getesteter, veganer \u201eClean Beauty\u201c Rezepturen, f\u00fcr die ausschlie\u00dflich Premium-Zutaten verwendet werden. Mit Deiner Auswahl einer wirksamen und unwiderstehlichen Sch\u00f6nheitsroutine leistest Du zus\u00e4tzlich einen positiven Beitrag zum Erhalt der Umwelt. Die Verwendung hochwertiger Glasbeh\u00e4lter erm\u00f6glicht es uns gro\u00dfe Mengen Plastik einzusparen.<br \/>\n<div class=\"main-cross-sell\" data-asin=\"B07MZDCD6F\">\n\n\t<div class=\"WooZone-cross-sell-loader\">\n\t\t<div>\n\t\t\t<div id=\"floatingBarsG\">\n\t\t\t\t<div class=\"blockG\" id=\"rotateG_01\"><\/div>\n\t\t\t\t<div class=\"blockG\" id=\"rotateG_02\"><\/div>\n\t\t\t\t<div class=\"blockG\" id=\"rotateG_03\"><\/div>\n\t\t\t\t<div class=\"blockG\" id=\"rotateG_04\"><\/div>\n\t\t\t\t<div class=\"blockG\" id=\"rotateG_05\"><\/div>\n\t\t\t\t<div class=\"blockG\" id=\"rotateG_06\"><\/div>\n\t\t\t\t<div class=\"blockG\" id=\"rotateG_07\"><\/div>\n\t\t\t\t<div class=\"blockG\" id=\"rotateG_08\"><\/div>\n\t\t\t<\/div>\n\t\t\t<div class=\"WooZone-cross-sell-loader-text\"><\/div>\n\t\t<\/div>\n\t<\/div>\n\n\t\t\n<\/div>\n<div style=\"clear:both;\"><\/div><\/p>\n","protected":false},"excerpt":{"rendered":"<p>SPEZIELL ABGESTIMMTE REZEPTUR HOCHQUALITATIVER WIRKSTOFFE &#8211; Die Formulierung unseres Bio Retinol Serum ist das Geheimnis seiner Wirksamkeit. Durch Retinol sowie einen anregenden Vitamin C-Komplex liefert das Serum eine besonders reichhaltige N\u00e4hrstoffversorgung. Abgerundet wird die effektive Rezeptur durch Aloe Vera Saft, Hyalurons\u00e4ure, Kokosnuss &amp; Bio Argan\u00f6l. Da das Serum Feuchtigkeit in die Haut einschleust, ist es essenziell die Pflegeroutine mit einer Hautcreme abzuschlie\u00dfen.<br \/>\nBIO SERUM GEGEN ERSTE ANZEICHEN DER HAUTALTERUNG &#8211; Retinol ist ein besonders wichtiges Element gesunder &amp; jugendlich aussehender Haut. Dein K\u00f6rper stellt es selbst aus dem Provitamin A her, welches \u00fcber die Nahrung aufgenommen wird. Es ist ratsam diesen Prozess im Laufe der Zeit allm\u00e4hlich mit einer retinolhaltigen Pflegeroutine zu unterst\u00fctzen. Die Kombination mit Vitamin C hilft abgestorbene Hautzellen zu beseitigen &#8211; f\u00fcr gegl\u00e4ttete und ebenm\u00e4\u00dfige Haut.<br \/>\nDIE VOLLKOMMENE HARMONIE EINER EXKLUSIVEN SCH\u00d6NHEITSPFLEGE &#8211; Satin Naturel vereint Performance-Wirkstoffe, herausragende Produktqualit\u00e4t und ein elegantes Design miteinander. Entscheidend ist die Balance aus Wirksamkeit &amp; Nat\u00fcrlichkeit, mit dem Ziel, den kostbaren Schatz der Jugendlichkeit durch revitalisierende Hautpflege in Dir selbst wieder zu entdecken. Die Herstellung unserer Produkte in Deutschland garantiert h\u00f6chste Qualit\u00e4t und au\u00dfergew\u00f6hnliche Verw\u00f6hnmomente.<\/p>\n","protected":false},"featured_media":117446,"comment_status":"open","ping_status":"closed","template":"","meta":[],"product_brand":[],"product_cat":[2858,7067],"product_tag":[],"class_list":{"0":"post-117445","1":"product","2":"type-product","3":"status-publish","4":"has-post-thumbnail","6":"product_cat-beauty","7":"product_cat-hautpflege","8":"pa_binding-misc","9":"pa_brand-satinnaturel","10":"pa_height-5-905511805-zoll","11":"pa_length-1-968503935-zoll","12":"pa_manufacturer-del-decus-enterprises-ltd","13":"pa_model-14863","14":"pa_size-100-ml-1er-pack","15":"pa_weight-0-5732018812-pfund","16":"pa_width-1-968503935-zoll","18":"first","19":"instock","20":"shipping-taxable","21":"purchasable","22":"product-type-simple","23":"customify-col","24":"product-has-gallery"},"yoast_head":"<!-- This site is optimized with the Yoast SEO plugin v27.4 - https:\/\/yoast.com\/product\/yoast-seo-wordpress\/ -->\n<title>Retinol Serum BIO - 100ml - Vegan - Retinol + Vitamin C + Aloe Vera + Hyaluron + Bio Argan\u00f6l - Strahlende, Ebenm\u00e4\u00dfige\u2026 - Markt-XXL<\/title>\n<meta name=\"description\" content=\"Markt-XXL Retinol Serum BIO - 100ml - Vegan - Retinol + Vitamin C + Aloe Vera + Hyaluron + Bio Argan\u00f6l - Strahlende, Ebenm\u00e4\u00dfige\u2026\" \/>\n<meta name=\"robots\" content=\"index, follow, max-snippet:-1, max-image-preview:large, max-video-preview:-1\" \/>\n<link rel=\"canonical\" href=\"https:\/\/marktxxl.de\/markt\/produkt\/retinol-serum-bio-100ml-vegan-retinol-vitamin-c-strahlende-ebenmaessige-haut-retinol-serum-gesicht-anti-aging-serum-satin-naturel-naturkosmetik\/\" \/>\n<meta property=\"og:locale\" content=\"de_DE\" \/>\n<meta property=\"og:type\" content=\"article\" \/>\n<meta property=\"og:title\" content=\"Retinol Serum BIO - 100ml - Vegan - Retinol + Vitamin C + Aloe Vera + Hyaluron + Bio Argan\u00f6l - Strahlende, Ebenm\u00e4\u00dfige\u2026 - Markt-XXL\" \/>\n<meta property=\"og:description\" content=\"Markt-XXL Retinol Serum BIO - 100ml - Vegan - Retinol + Vitamin C + Aloe Vera + Hyaluron + Bio Argan\u00f6l - Strahlende, Ebenm\u00e4\u00dfige\u2026\" \/>\n<meta property=\"og:url\" content=\"https:\/\/marktxxl.de\/markt\/produkt\/retinol-serum-bio-100ml-vegan-retinol-vitamin-c-strahlende-ebenmaessige-haut-retinol-serum-gesicht-anti-aging-serum-satin-naturel-naturkosmetik\/\" \/>\n<meta property=\"og:site_name\" content=\"Markt-XXL\" \/>\n<meta property=\"article:modified_time\" content=\"2023-04-11T01:46:08+00:00\" \/>\n<meta property=\"og:image\" content=\"https:\/\/m.media-amazon.com\/images\/I\/41sHlLlBtYL._SL500_.jpg\" \/>\n\t<meta property=\"og:image:width\" content=\"500\" \/>\n\t<meta property=\"og:image:height\" content=\"500\" \/>\n\t<meta property=\"og:image:type\" content=\"image\/jpeg\" \/>\n<meta name=\"twitter:card\" content=\"summary_large_image\" \/>\n<meta name=\"twitter:label1\" content=\"Gesch\u00e4tzte Lesezeit\" \/>\n\t<meta name=\"twitter:data1\" content=\"2\u00a0Minuten\" \/>\n<script type=\"application\/ld+json\" class=\"yoast-schema-graph\">{\"@context\":\"https:\\\/\\\/schema.org\",\"@graph\":[{\"@type\":\"WebPage\",\"@id\":\"https:\\\/\\\/marktxxl.de\\\/markt\\\/produkt\\\/retinol-serum-bio-100ml-vegan-retinol-vitamin-c-strahlende-ebenmaessige-haut-retinol-serum-gesicht-anti-aging-serum-satin-naturel-naturkosmetik\\\/\",\"url\":\"https:\\\/\\\/marktxxl.de\\\/markt\\\/produkt\\\/retinol-serum-bio-100ml-vegan-retinol-vitamin-c-strahlende-ebenmaessige-haut-retinol-serum-gesicht-anti-aging-serum-satin-naturel-naturkosmetik\\\/\",\"name\":\"Retinol Serum BIO - 100ml - Vegan - Retinol + Vitamin C + Aloe Vera + Hyaluron + Bio Argan\u00f6l - Strahlende, Ebenm\u00e4\u00dfige\u2026 - Markt-XXL\",\"isPartOf\":{\"@id\":\"https:\\\/\\\/marktxxl.de\\\/markt\\\/#website\"},\"primaryImageOfPage\":{\"@id\":\"https:\\\/\\\/marktxxl.de\\\/markt\\\/produkt\\\/retinol-serum-bio-100ml-vegan-retinol-vitamin-c-strahlende-ebenmaessige-haut-retinol-serum-gesicht-anti-aging-serum-satin-naturel-naturkosmetik\\\/#primaryimage\"},\"image\":{\"@id\":\"https:\\\/\\\/marktxxl.de\\\/markt\\\/produkt\\\/retinol-serum-bio-100ml-vegan-retinol-vitamin-c-strahlende-ebenmaessige-haut-retinol-serum-gesicht-anti-aging-serum-satin-naturel-naturkosmetik\\\/#primaryimage\"},\"thumbnailUrl\":\"https:\\\/\\\/m.media-amazon.com\\\/images\\\/I\\\/41sHlLlBtYL._SL500_.jpg\",\"datePublished\":\"2022-05-14T23:22:29+00:00\",\"dateModified\":\"2023-04-11T01:46:08+00:00\",\"description\":\"Markt-XXL Retinol Serum BIO - 100ml - Vegan - Retinol + Vitamin C + Aloe Vera + Hyaluron + Bio Argan\u00f6l - Strahlende, Ebenm\u00e4\u00dfige\u2026\",\"breadcrumb\":{\"@id\":\"https:\\\/\\\/marktxxl.de\\\/markt\\\/produkt\\\/retinol-serum-bio-100ml-vegan-retinol-vitamin-c-strahlende-ebenmaessige-haut-retinol-serum-gesicht-anti-aging-serum-satin-naturel-naturkosmetik\\\/#breadcrumb\"},\"inLanguage\":\"de\",\"potentialAction\":[{\"@type\":\"ReadAction\",\"target\":[\"https:\\\/\\\/marktxxl.de\\\/markt\\\/produkt\\\/retinol-serum-bio-100ml-vegan-retinol-vitamin-c-strahlende-ebenmaessige-haut-retinol-serum-gesicht-anti-aging-serum-satin-naturel-naturkosmetik\\\/\"]}]},{\"@type\":\"ImageObject\",\"inLanguage\":\"de\",\"@id\":\"https:\\\/\\\/marktxxl.de\\\/markt\\\/produkt\\\/retinol-serum-bio-100ml-vegan-retinol-vitamin-c-strahlende-ebenmaessige-haut-retinol-serum-gesicht-anti-aging-serum-satin-naturel-naturkosmetik\\\/#primaryimage\",\"url\":\"https:\\\/\\\/m.media-amazon.com\\\/images\\\/I\\\/41sHlLlBtYL._SL500_.jpg\",\"contentUrl\":\"https:\\\/\\\/m.media-amazon.com\\\/images\\\/I\\\/41sHlLlBtYL._SL500_.jpg\",\"width\":500,\"height\":500},{\"@type\":\"BreadcrumbList\",\"@id\":\"https:\\\/\\\/marktxxl.de\\\/markt\\\/produkt\\\/retinol-serum-bio-100ml-vegan-retinol-vitamin-c-strahlende-ebenmaessige-haut-retinol-serum-gesicht-anti-aging-serum-satin-naturel-naturkosmetik\\\/#breadcrumb\",\"itemListElement\":[{\"@type\":\"ListItem\",\"position\":1,\"name\":\"Startseite\",\"item\":\"https:\\\/\\\/marktxxl.de\\\/markt\\\/\"},{\"@type\":\"ListItem\",\"position\":2,\"name\":\"Markt\",\"item\":\"https:\\\/\\\/marktxxl.de\\\/markt\\\/\"},{\"@type\":\"ListItem\",\"position\":3,\"name\":\"Retinol Serum BIO &#8211; 100ml &#8211; Vegan &#8211; Retinol + Vitamin C + Aloe Vera + Hyaluron + Bio Argan\u00f6l &#8211; Strahlende, Ebenm\u00e4\u00dfige\u2026\"}]},{\"@type\":\"WebSite\",\"@id\":\"https:\\\/\\\/marktxxl.de\\\/markt\\\/#website\",\"url\":\"https:\\\/\\\/marktxxl.de\\\/markt\\\/\",\"name\":\"Markt-XXL\",\"description\":\"Ihr Markt Online\",\"publisher\":{\"@id\":\"https:\\\/\\\/marktxxl.de\\\/markt\\\/#organization\"},\"potentialAction\":[{\"@type\":\"SearchAction\",\"target\":{\"@type\":\"EntryPoint\",\"urlTemplate\":\"https:\\\/\\\/marktxxl.de\\\/markt\\\/?s={search_term_string}\"},\"query-input\":{\"@type\":\"PropertyValueSpecification\",\"valueRequired\":true,\"valueName\":\"search_term_string\"}}],\"inLanguage\":\"de\"},{\"@type\":\"Organization\",\"@id\":\"https:\\\/\\\/marktxxl.de\\\/markt\\\/#organization\",\"name\":\"Markt-XXL\",\"url\":\"https:\\\/\\\/marktxxl.de\\\/markt\\\/\",\"logo\":{\"@type\":\"ImageObject\",\"inLanguage\":\"de\",\"@id\":\"https:\\\/\\\/marktxxl.de\\\/markt\\\/#\\\/schema\\\/logo\\\/image\\\/\",\"url\":\"https:\\\/\\\/marktxxl.de\\\/markt\\\/wp-content\\\/uploads\\\/sites\\\/3\\\/2020\\\/12\\\/logo.png\",\"contentUrl\":\"https:\\\/\\\/marktxxl.de\\\/markt\\\/wp-content\\\/uploads\\\/sites\\\/3\\\/2020\\\/12\\\/logo.png\",\"width\":200,\"height\":70,\"caption\":\"Markt-XXL\"},\"image\":{\"@id\":\"https:\\\/\\\/marktxxl.de\\\/markt\\\/#\\\/schema\\\/logo\\\/image\\\/\"}}]}<\/script>\n<!-- \/ Yoast SEO plugin. -->","yoast_head_json":{"title":"Retinol Serum BIO - 100ml - Vegan - Retinol + Vitamin C + Aloe Vera + Hyaluron + Bio Argan\u00f6l - Strahlende, Ebenm\u00e4\u00dfige\u2026 - Markt-XXL","description":"Markt-XXL Retinol Serum BIO - 100ml - Vegan - Retinol + Vitamin C + Aloe Vera + Hyaluron + Bio Argan\u00f6l - Strahlende, Ebenm\u00e4\u00dfige\u2026","robots":{"index":"index","follow":"follow","max-snippet":"max-snippet:-1","max-image-preview":"max-image-preview:large","max-video-preview":"max-video-preview:-1"},"canonical":"https:\/\/marktxxl.de\/markt\/produkt\/retinol-serum-bio-100ml-vegan-retinol-vitamin-c-strahlende-ebenmaessige-haut-retinol-serum-gesicht-anti-aging-serum-satin-naturel-naturkosmetik\/","og_locale":"de_DE","og_type":"article","og_title":"Retinol Serum BIO - 100ml - Vegan - Retinol + Vitamin C + Aloe Vera + Hyaluron + Bio Argan\u00f6l - Strahlende, Ebenm\u00e4\u00dfige\u2026 - Markt-XXL","og_description":"Markt-XXL Retinol Serum BIO - 100ml - Vegan - Retinol + Vitamin C + Aloe Vera + Hyaluron + Bio Argan\u00f6l - Strahlende, Ebenm\u00e4\u00dfige\u2026","og_url":"https:\/\/marktxxl.de\/markt\/produkt\/retinol-serum-bio-100ml-vegan-retinol-vitamin-c-strahlende-ebenmaessige-haut-retinol-serum-gesicht-anti-aging-serum-satin-naturel-naturkosmetik\/","og_site_name":"Markt-XXL","article_modified_time":"2023-04-11T01:46:08+00:00","og_image":[{"width":500,"height":500,"url":"https:\/\/m.media-amazon.com\/images\/I\/41sHlLlBtYL._SL500_.jpg","type":"image\/jpeg"}],"twitter_card":"summary_large_image","twitter_misc":{"Gesch\u00e4tzte Lesezeit":"2\u00a0Minuten"},"schema":{"@context":"https:\/\/schema.org","@graph":[{"@type":"WebPage","@id":"https:\/\/marktxxl.de\/markt\/produkt\/retinol-serum-bio-100ml-vegan-retinol-vitamin-c-strahlende-ebenmaessige-haut-retinol-serum-gesicht-anti-aging-serum-satin-naturel-naturkosmetik\/","url":"https:\/\/marktxxl.de\/markt\/produkt\/retinol-serum-bio-100ml-vegan-retinol-vitamin-c-strahlende-ebenmaessige-haut-retinol-serum-gesicht-anti-aging-serum-satin-naturel-naturkosmetik\/","name":"Retinol Serum BIO - 100ml - Vegan - Retinol + Vitamin C + Aloe Vera + Hyaluron + Bio Argan\u00f6l - Strahlende, Ebenm\u00e4\u00dfige\u2026 - Markt-XXL","isPartOf":{"@id":"https:\/\/marktxxl.de\/markt\/#website"},"primaryImageOfPage":{"@id":"https:\/\/marktxxl.de\/markt\/produkt\/retinol-serum-bio-100ml-vegan-retinol-vitamin-c-strahlende-ebenmaessige-haut-retinol-serum-gesicht-anti-aging-serum-satin-naturel-naturkosmetik\/#primaryimage"},"image":{"@id":"https:\/\/marktxxl.de\/markt\/produkt\/retinol-serum-bio-100ml-vegan-retinol-vitamin-c-strahlende-ebenmaessige-haut-retinol-serum-gesicht-anti-aging-serum-satin-naturel-naturkosmetik\/#primaryimage"},"thumbnailUrl":"https:\/\/m.media-amazon.com\/images\/I\/41sHlLlBtYL._SL500_.jpg","datePublished":"2022-05-14T23:22:29+00:00","dateModified":"2023-04-11T01:46:08+00:00","description":"Markt-XXL Retinol Serum BIO - 100ml - Vegan - Retinol + Vitamin C + Aloe Vera + Hyaluron + Bio Argan\u00f6l - Strahlende, Ebenm\u00e4\u00dfige\u2026","breadcrumb":{"@id":"https:\/\/marktxxl.de\/markt\/produkt\/retinol-serum-bio-100ml-vegan-retinol-vitamin-c-strahlende-ebenmaessige-haut-retinol-serum-gesicht-anti-aging-serum-satin-naturel-naturkosmetik\/#breadcrumb"},"inLanguage":"de","potentialAction":[{"@type":"ReadAction","target":["https:\/\/marktxxl.de\/markt\/produkt\/retinol-serum-bio-100ml-vegan-retinol-vitamin-c-strahlende-ebenmaessige-haut-retinol-serum-gesicht-anti-aging-serum-satin-naturel-naturkosmetik\/"]}]},{"@type":"ImageObject","inLanguage":"de","@id":"https:\/\/marktxxl.de\/markt\/produkt\/retinol-serum-bio-100ml-vegan-retinol-vitamin-c-strahlende-ebenmaessige-haut-retinol-serum-gesicht-anti-aging-serum-satin-naturel-naturkosmetik\/#primaryimage","url":"https:\/\/m.media-amazon.com\/images\/I\/41sHlLlBtYL._SL500_.jpg","contentUrl":"https:\/\/m.media-amazon.com\/images\/I\/41sHlLlBtYL._SL500_.jpg","width":500,"height":500},{"@type":"BreadcrumbList","@id":"https:\/\/marktxxl.de\/markt\/produkt\/retinol-serum-bio-100ml-vegan-retinol-vitamin-c-strahlende-ebenmaessige-haut-retinol-serum-gesicht-anti-aging-serum-satin-naturel-naturkosmetik\/#breadcrumb","itemListElement":[{"@type":"ListItem","position":1,"name":"Startseite","item":"https:\/\/marktxxl.de\/markt\/"},{"@type":"ListItem","position":2,"name":"Markt","item":"https:\/\/marktxxl.de\/markt\/"},{"@type":"ListItem","position":3,"name":"Retinol Serum BIO &#8211; 100ml &#8211; Vegan &#8211; Retinol + Vitamin C + Aloe Vera + Hyaluron + Bio Argan\u00f6l &#8211; Strahlende, Ebenm\u00e4\u00dfige\u2026"}]},{"@type":"WebSite","@id":"https:\/\/marktxxl.de\/markt\/#website","url":"https:\/\/marktxxl.de\/markt\/","name":"Markt-XXL","description":"Ihr Markt Online","publisher":{"@id":"https:\/\/marktxxl.de\/markt\/#organization"},"potentialAction":[{"@type":"SearchAction","target":{"@type":"EntryPoint","urlTemplate":"https:\/\/marktxxl.de\/markt\/?s={search_term_string}"},"query-input":{"@type":"PropertyValueSpecification","valueRequired":true,"valueName":"search_term_string"}}],"inLanguage":"de"},{"@type":"Organization","@id":"https:\/\/marktxxl.de\/markt\/#organization","name":"Markt-XXL","url":"https:\/\/marktxxl.de\/markt\/","logo":{"@type":"ImageObject","inLanguage":"de","@id":"https:\/\/marktxxl.de\/markt\/#\/schema\/logo\/image\/","url":"https:\/\/marktxxl.de\/markt\/wp-content\/uploads\/sites\/3\/2020\/12\/logo.png","contentUrl":"https:\/\/marktxxl.de\/markt\/wp-content\/uploads\/sites\/3\/2020\/12\/logo.png","width":200,"height":70,"caption":"Markt-XXL"},"image":{"@id":"https:\/\/marktxxl.de\/markt\/#\/schema\/logo\/image\/"}}]}},"_links":{"self":[{"href":"https:\/\/marktxxl.de\/markt\/wp-json\/wp\/v2\/product\/117445","targetHints":{"allow":["GET"]}}],"collection":[{"href":"https:\/\/marktxxl.de\/markt\/wp-json\/wp\/v2\/product"}],"about":[{"href":"https:\/\/marktxxl.de\/markt\/wp-json\/wp\/v2\/types\/product"}],"replies":[{"embeddable":true,"href":"https:\/\/marktxxl.de\/markt\/wp-json\/wp\/v2\/comments?post=117445"}],"wp:featuredmedia":[{"embeddable":true,"href":"https:\/\/marktxxl.de\/markt\/wp-json\/wp\/v2\/media\/117446"}],"wp:attachment":[{"href":"https:\/\/marktxxl.de\/markt\/wp-json\/wp\/v2\/media?parent=117445"}],"wp:term":[{"taxonomy":"product_brand","embeddable":true,"href":"https:\/\/marktxxl.de\/markt\/wp-json\/wp\/v2\/product_brand?post=117445"},{"taxonomy":"product_cat","embeddable":true,"href":"https:\/\/marktxxl.de\/markt\/wp-json\/wp\/v2\/product_cat?post=117445"},{"taxonomy":"product_tag","embeddable":true,"href":"https:\/\/marktxxl.de\/markt\/wp-json\/wp\/v2\/product_tag?post=117445"}],"curies":[{"name":"wp","href":"https:\/\/api.w.org\/{rel}","templated":true}]}}