{"id":117173,"date":"2022-05-15T01:11:14","date_gmt":"2022-05-14T23:11:14","guid":{"rendered":"https:\/\/marktxxl.de\/markt\/produkt\/neutrogena-makeup-remover-cleansing-face-wipes-daily-cleansing-facial-towelettes-to-remove-waterproof-makeup-and-masc\/"},"modified":"2023-04-11T03:46:03","modified_gmt":"2023-04-11T01:46:03","slug":"neutrogena-makeup-remover-cleansing-face-wipes-daily-cleansing-facial-towelettes-to-remove-waterproof-makeup-and-masc","status":"publish","type":"product","link":"https:\/\/marktxxl.de\/markt\/produkt\/neutrogena-makeup-remover-cleansing-face-wipes-daily-cleansing-facial-towelettes-to-remove-waterproof-makeup-and-masc\/","title":{"rendered":"Neutrogena Makeup Remover Cleansing Face Wipes, Daily Cleansing Facial Towelettes to Remove Waterproof Makeup and Masc"},"content":{"rendered":"<p>Neutrogena Make-up-Entferner, weich, vorbefeuchtet, 25 St\u00fcck, zum Entfernen von Make-up und zur effektiven Reinigung der Haut in einem einfachen Schritt<br \/>\nMake-up-Entferner Gesichtshandt\u00fccher l\u00f6sen alle Spuren von Schmutz, \u00d6l und Make-up auf der Haut, f\u00fcr eine \u00fcberlegene Reinigung und Entfernung von Make-up<br \/>\nEntfernt selbst hartn\u00e4ckige wasserdichte Mascara mit diesen Augen-Make-up-Entferner-T\u00fcchern, die speziell f\u00fcr die Augen entwickelt wurden, sodass sie f\u00fcr Kontaktlinsentr\u00e4ger geeignet sind<br \/>\nMake-up-Entferner-T\u00fccher sind Einwegt\u00fccher und reinigen die Haut gr\u00fcndlich und hinterlassen keine schweren R\u00fcckst\u00e4nde, so dass Sie nicht aussp\u00fclen m\u00fcssen. Diese T\u00fccher sind die perfekte Erg\u00e4nzung f\u00fcr Ihre zu Hause reinigende Hautpflege<br \/>\nGesichtsreinigungst\u00fccher verf\u00fcgen \u00fcber eine alkohole Formel zur Reinigung und sind sanft zum Gesicht und sind Augen\u00e4rzte, Dermatologen und Allergien getestet<br \/>\n<div class=\"main-cross-sell\" data-asin=\"B00U2VQZDS\">\n\n\t<div class=\"WooZone-cross-sell-loader\">\n\t\t<div>\n\t\t\t<div id=\"floatingBarsG\">\n\t\t\t\t<div class=\"blockG\" id=\"rotateG_01\"><\/div>\n\t\t\t\t<div class=\"blockG\" id=\"rotateG_02\"><\/div>\n\t\t\t\t<div class=\"blockG\" id=\"rotateG_03\"><\/div>\n\t\t\t\t<div class=\"blockG\" id=\"rotateG_04\"><\/div>\n\t\t\t\t<div class=\"blockG\" id=\"rotateG_05\"><\/div>\n\t\t\t\t<div class=\"blockG\" id=\"rotateG_06\"><\/div>\n\t\t\t\t<div class=\"blockG\" id=\"rotateG_07\"><\/div>\n\t\t\t\t<div class=\"blockG\" id=\"rotateG_08\"><\/div>\n\t\t\t<\/div>\n\t\t\t<div class=\"WooZone-cross-sell-loader-text\"><\/div>\n\t\t<\/div>\n\t<\/div>\n\n\t\t\n<\/div>\n<div style=\"clear:both;\"><\/div><\/p>\n","protected":false},"excerpt":{"rendered":"<p>Neutrogena Make-up-Entferner, weich, vorbefeuchtet, 25 St\u00fcck, zum Entfernen von Make-up und zur effektiven Reinigung der Haut in einem einfachen Schritt<br \/>\nMake-up-Entferner Gesichtshandt\u00fccher l\u00f6sen alle Spuren von Schmutz, \u00d6l und Make-up auf der Haut, f\u00fcr eine \u00fcberlegene Reinigung und Entfernung von Make-up<br \/>\nEntfernt selbst hartn\u00e4ckige wasserdichte Mascara mit diesen Augen-Make-up-Entferner-T\u00fcchern, die speziell f\u00fcr die Augen entwickelt wurden, sodass sie f\u00fcr Kontaktlinsentr\u00e4ger geeignet sind<\/p>\n","protected":false},"featured_media":117174,"comment_status":"open","ping_status":"closed","template":"","meta":[],"product_brand":[],"product_cat":[2858,6994],"product_tag":[],"class_list":{"0":"post-117173","1":"product","2":"type-product","3":"status-publish","4":"has-post-thumbnail","6":"product_cat-beauty","7":"product_cat-haarpflege-styling","8":"pa_binding-badartikel","9":"pa_brand-aovshey","10":"pa_height-4-zoll","11":"pa_length-3-5-zoll","12":"pa_model-34472","13":"pa_size-25-stueck-2er-pack","14":"pa_weight-0-1543235834-pfund","15":"pa_width-4-75-zoll","17":"first","18":"instock","19":"shipping-taxable","20":"purchasable","21":"product-type-simple","22":"customify-col","23":"product-has-gallery"},"yoast_head":"<!-- This site is optimized with the Yoast SEO plugin v27.4 - https:\/\/yoast.com\/product\/yoast-seo-wordpress\/ -->\n<title>Neutrogena Makeup Remover Cleansing Face Wipes, Daily Cleansing Facial Towelettes to Remove Waterproof Makeup and Masc - Markt-XXL<\/title>\n<meta name=\"description\" content=\"Markt-XXL Neutrogena Makeup Remover Cleansing Face Wipes, Daily Cleansing Facial Towelettes to Remove Waterproof Makeup and Masc\" \/>\n<meta name=\"robots\" content=\"index, follow, max-snippet:-1, max-image-preview:large, max-video-preview:-1\" \/>\n<link rel=\"canonical\" href=\"https:\/\/marktxxl.de\/markt\/produkt\/neutrogena-makeup-remover-cleansing-face-wipes-daily-cleansing-facial-towelettes-to-remove-waterproof-makeup-and-masc\/\" \/>\n<meta property=\"og:locale\" content=\"de_DE\" \/>\n<meta property=\"og:type\" content=\"article\" \/>\n<meta property=\"og:title\" content=\"Neutrogena Makeup Remover Cleansing Face Wipes, Daily Cleansing Facial Towelettes to Remove Waterproof Makeup and Masc - Markt-XXL\" \/>\n<meta property=\"og:description\" content=\"Markt-XXL Neutrogena Makeup Remover Cleansing Face Wipes, Daily Cleansing Facial Towelettes to Remove Waterproof Makeup and Masc\" \/>\n<meta property=\"og:url\" content=\"https:\/\/marktxxl.de\/markt\/produkt\/neutrogena-makeup-remover-cleansing-face-wipes-daily-cleansing-facial-towelettes-to-remove-waterproof-makeup-and-masc\/\" \/>\n<meta property=\"og:site_name\" content=\"Markt-XXL\" \/>\n<meta property=\"article:modified_time\" content=\"2023-04-11T01:46:03+00:00\" \/>\n<meta property=\"og:image\" content=\"https:\/\/m.media-amazon.com\/images\/I\/41T9l0AX+hL._SL500_.jpg\" \/>\n\t<meta property=\"og:image:width\" content=\"500\" \/>\n\t<meta property=\"og:image:height\" content=\"500\" \/>\n\t<meta property=\"og:image:type\" content=\"image\/jpeg\" \/>\n<meta name=\"twitter:card\" content=\"summary_large_image\" \/>\n<meta name=\"twitter:label1\" content=\"Gesch\u00e4tzte Lesezeit\" \/>\n\t<meta name=\"twitter:data1\" content=\"1\u00a0Minute\" \/>\n<script type=\"application\/ld+json\" class=\"yoast-schema-graph\">{\"@context\":\"https:\\\/\\\/schema.org\",\"@graph\":[{\"@type\":\"WebPage\",\"@id\":\"https:\\\/\\\/marktxxl.de\\\/markt\\\/produkt\\\/neutrogena-makeup-remover-cleansing-face-wipes-daily-cleansing-facial-towelettes-to-remove-waterproof-makeup-and-masc\\\/\",\"url\":\"https:\\\/\\\/marktxxl.de\\\/markt\\\/produkt\\\/neutrogena-makeup-remover-cleansing-face-wipes-daily-cleansing-facial-towelettes-to-remove-waterproof-makeup-and-masc\\\/\",\"name\":\"Neutrogena Makeup Remover Cleansing Face Wipes, Daily Cleansing Facial Towelettes to Remove Waterproof Makeup and Masc - Markt-XXL\",\"isPartOf\":{\"@id\":\"https:\\\/\\\/marktxxl.de\\\/markt\\\/#website\"},\"primaryImageOfPage\":{\"@id\":\"https:\\\/\\\/marktxxl.de\\\/markt\\\/produkt\\\/neutrogena-makeup-remover-cleansing-face-wipes-daily-cleansing-facial-towelettes-to-remove-waterproof-makeup-and-masc\\\/#primaryimage\"},\"image\":{\"@id\":\"https:\\\/\\\/marktxxl.de\\\/markt\\\/produkt\\\/neutrogena-makeup-remover-cleansing-face-wipes-daily-cleansing-facial-towelettes-to-remove-waterproof-makeup-and-masc\\\/#primaryimage\"},\"thumbnailUrl\":\"https:\\\/\\\/m.media-amazon.com\\\/images\\\/I\\\/41T9l0AX+hL._SL500_.jpg\",\"datePublished\":\"2022-05-14T23:11:14+00:00\",\"dateModified\":\"2023-04-11T01:46:03+00:00\",\"description\":\"Markt-XXL Neutrogena Makeup Remover Cleansing Face Wipes, Daily Cleansing Facial Towelettes to Remove Waterproof Makeup and Masc\",\"breadcrumb\":{\"@id\":\"https:\\\/\\\/marktxxl.de\\\/markt\\\/produkt\\\/neutrogena-makeup-remover-cleansing-face-wipes-daily-cleansing-facial-towelettes-to-remove-waterproof-makeup-and-masc\\\/#breadcrumb\"},\"inLanguage\":\"de\",\"potentialAction\":[{\"@type\":\"ReadAction\",\"target\":[\"https:\\\/\\\/marktxxl.de\\\/markt\\\/produkt\\\/neutrogena-makeup-remover-cleansing-face-wipes-daily-cleansing-facial-towelettes-to-remove-waterproof-makeup-and-masc\\\/\"]}]},{\"@type\":\"ImageObject\",\"inLanguage\":\"de\",\"@id\":\"https:\\\/\\\/marktxxl.de\\\/markt\\\/produkt\\\/neutrogena-makeup-remover-cleansing-face-wipes-daily-cleansing-facial-towelettes-to-remove-waterproof-makeup-and-masc\\\/#primaryimage\",\"url\":\"https:\\\/\\\/m.media-amazon.com\\\/images\\\/I\\\/41T9l0AX+hL._SL500_.jpg\",\"contentUrl\":\"https:\\\/\\\/m.media-amazon.com\\\/images\\\/I\\\/41T9l0AX+hL._SL500_.jpg\",\"width\":500,\"height\":500},{\"@type\":\"BreadcrumbList\",\"@id\":\"https:\\\/\\\/marktxxl.de\\\/markt\\\/produkt\\\/neutrogena-makeup-remover-cleansing-face-wipes-daily-cleansing-facial-towelettes-to-remove-waterproof-makeup-and-masc\\\/#breadcrumb\",\"itemListElement\":[{\"@type\":\"ListItem\",\"position\":1,\"name\":\"Startseite\",\"item\":\"https:\\\/\\\/marktxxl.de\\\/markt\\\/\"},{\"@type\":\"ListItem\",\"position\":2,\"name\":\"Markt\",\"item\":\"https:\\\/\\\/marktxxl.de\\\/markt\\\/\"},{\"@type\":\"ListItem\",\"position\":3,\"name\":\"Neutrogena Makeup Remover Cleansing Face Wipes, Daily Cleansing Facial Towelettes to Remove Waterproof Makeup and Masc\"}]},{\"@type\":\"WebSite\",\"@id\":\"https:\\\/\\\/marktxxl.de\\\/markt\\\/#website\",\"url\":\"https:\\\/\\\/marktxxl.de\\\/markt\\\/\",\"name\":\"Markt-XXL\",\"description\":\"Ihr Markt Online\",\"publisher\":{\"@id\":\"https:\\\/\\\/marktxxl.de\\\/markt\\\/#organization\"},\"potentialAction\":[{\"@type\":\"SearchAction\",\"target\":{\"@type\":\"EntryPoint\",\"urlTemplate\":\"https:\\\/\\\/marktxxl.de\\\/markt\\\/?s={search_term_string}\"},\"query-input\":{\"@type\":\"PropertyValueSpecification\",\"valueRequired\":true,\"valueName\":\"search_term_string\"}}],\"inLanguage\":\"de\"},{\"@type\":\"Organization\",\"@id\":\"https:\\\/\\\/marktxxl.de\\\/markt\\\/#organization\",\"name\":\"Markt-XXL\",\"url\":\"https:\\\/\\\/marktxxl.de\\\/markt\\\/\",\"logo\":{\"@type\":\"ImageObject\",\"inLanguage\":\"de\",\"@id\":\"https:\\\/\\\/marktxxl.de\\\/markt\\\/#\\\/schema\\\/logo\\\/image\\\/\",\"url\":\"https:\\\/\\\/marktxxl.de\\\/markt\\\/wp-content\\\/uploads\\\/sites\\\/3\\\/2020\\\/12\\\/logo.png\",\"contentUrl\":\"https:\\\/\\\/marktxxl.de\\\/markt\\\/wp-content\\\/uploads\\\/sites\\\/3\\\/2020\\\/12\\\/logo.png\",\"width\":200,\"height\":70,\"caption\":\"Markt-XXL\"},\"image\":{\"@id\":\"https:\\\/\\\/marktxxl.de\\\/markt\\\/#\\\/schema\\\/logo\\\/image\\\/\"}}]}<\/script>\n<!-- \/ Yoast SEO plugin. -->","yoast_head_json":{"title":"Neutrogena Makeup Remover Cleansing Face Wipes, Daily Cleansing Facial Towelettes to Remove Waterproof Makeup and Masc - Markt-XXL","description":"Markt-XXL Neutrogena Makeup Remover Cleansing Face Wipes, Daily Cleansing Facial Towelettes to Remove Waterproof Makeup and Masc","robots":{"index":"index","follow":"follow","max-snippet":"max-snippet:-1","max-image-preview":"max-image-preview:large","max-video-preview":"max-video-preview:-1"},"canonical":"https:\/\/marktxxl.de\/markt\/produkt\/neutrogena-makeup-remover-cleansing-face-wipes-daily-cleansing-facial-towelettes-to-remove-waterproof-makeup-and-masc\/","og_locale":"de_DE","og_type":"article","og_title":"Neutrogena Makeup Remover Cleansing Face Wipes, Daily Cleansing Facial Towelettes to Remove Waterproof Makeup and Masc - Markt-XXL","og_description":"Markt-XXL Neutrogena Makeup Remover Cleansing Face Wipes, Daily Cleansing Facial Towelettes to Remove Waterproof Makeup and Masc","og_url":"https:\/\/marktxxl.de\/markt\/produkt\/neutrogena-makeup-remover-cleansing-face-wipes-daily-cleansing-facial-towelettes-to-remove-waterproof-makeup-and-masc\/","og_site_name":"Markt-XXL","article_modified_time":"2023-04-11T01:46:03+00:00","og_image":[{"width":500,"height":500,"url":"https:\/\/m.media-amazon.com\/images\/I\/41T9l0AX+hL._SL500_.jpg","type":"image\/jpeg"}],"twitter_card":"summary_large_image","twitter_misc":{"Gesch\u00e4tzte Lesezeit":"1\u00a0Minute"},"schema":{"@context":"https:\/\/schema.org","@graph":[{"@type":"WebPage","@id":"https:\/\/marktxxl.de\/markt\/produkt\/neutrogena-makeup-remover-cleansing-face-wipes-daily-cleansing-facial-towelettes-to-remove-waterproof-makeup-and-masc\/","url":"https:\/\/marktxxl.de\/markt\/produkt\/neutrogena-makeup-remover-cleansing-face-wipes-daily-cleansing-facial-towelettes-to-remove-waterproof-makeup-and-masc\/","name":"Neutrogena Makeup Remover Cleansing Face Wipes, Daily Cleansing Facial Towelettes to Remove Waterproof Makeup and Masc - Markt-XXL","isPartOf":{"@id":"https:\/\/marktxxl.de\/markt\/#website"},"primaryImageOfPage":{"@id":"https:\/\/marktxxl.de\/markt\/produkt\/neutrogena-makeup-remover-cleansing-face-wipes-daily-cleansing-facial-towelettes-to-remove-waterproof-makeup-and-masc\/#primaryimage"},"image":{"@id":"https:\/\/marktxxl.de\/markt\/produkt\/neutrogena-makeup-remover-cleansing-face-wipes-daily-cleansing-facial-towelettes-to-remove-waterproof-makeup-and-masc\/#primaryimage"},"thumbnailUrl":"https:\/\/m.media-amazon.com\/images\/I\/41T9l0AX+hL._SL500_.jpg","datePublished":"2022-05-14T23:11:14+00:00","dateModified":"2023-04-11T01:46:03+00:00","description":"Markt-XXL Neutrogena Makeup Remover Cleansing Face Wipes, Daily Cleansing Facial Towelettes to Remove Waterproof Makeup and Masc","breadcrumb":{"@id":"https:\/\/marktxxl.de\/markt\/produkt\/neutrogena-makeup-remover-cleansing-face-wipes-daily-cleansing-facial-towelettes-to-remove-waterproof-makeup-and-masc\/#breadcrumb"},"inLanguage":"de","potentialAction":[{"@type":"ReadAction","target":["https:\/\/marktxxl.de\/markt\/produkt\/neutrogena-makeup-remover-cleansing-face-wipes-daily-cleansing-facial-towelettes-to-remove-waterproof-makeup-and-masc\/"]}]},{"@type":"ImageObject","inLanguage":"de","@id":"https:\/\/marktxxl.de\/markt\/produkt\/neutrogena-makeup-remover-cleansing-face-wipes-daily-cleansing-facial-towelettes-to-remove-waterproof-makeup-and-masc\/#primaryimage","url":"https:\/\/m.media-amazon.com\/images\/I\/41T9l0AX+hL._SL500_.jpg","contentUrl":"https:\/\/m.media-amazon.com\/images\/I\/41T9l0AX+hL._SL500_.jpg","width":500,"height":500},{"@type":"BreadcrumbList","@id":"https:\/\/marktxxl.de\/markt\/produkt\/neutrogena-makeup-remover-cleansing-face-wipes-daily-cleansing-facial-towelettes-to-remove-waterproof-makeup-and-masc\/#breadcrumb","itemListElement":[{"@type":"ListItem","position":1,"name":"Startseite","item":"https:\/\/marktxxl.de\/markt\/"},{"@type":"ListItem","position":2,"name":"Markt","item":"https:\/\/marktxxl.de\/markt\/"},{"@type":"ListItem","position":3,"name":"Neutrogena Makeup Remover Cleansing Face Wipes, Daily Cleansing Facial Towelettes to Remove Waterproof Makeup and Masc"}]},{"@type":"WebSite","@id":"https:\/\/marktxxl.de\/markt\/#website","url":"https:\/\/marktxxl.de\/markt\/","name":"Markt-XXL","description":"Ihr Markt Online","publisher":{"@id":"https:\/\/marktxxl.de\/markt\/#organization"},"potentialAction":[{"@type":"SearchAction","target":{"@type":"EntryPoint","urlTemplate":"https:\/\/marktxxl.de\/markt\/?s={search_term_string}"},"query-input":{"@type":"PropertyValueSpecification","valueRequired":true,"valueName":"search_term_string"}}],"inLanguage":"de"},{"@type":"Organization","@id":"https:\/\/marktxxl.de\/markt\/#organization","name":"Markt-XXL","url":"https:\/\/marktxxl.de\/markt\/","logo":{"@type":"ImageObject","inLanguage":"de","@id":"https:\/\/marktxxl.de\/markt\/#\/schema\/logo\/image\/","url":"https:\/\/marktxxl.de\/markt\/wp-content\/uploads\/sites\/3\/2020\/12\/logo.png","contentUrl":"https:\/\/marktxxl.de\/markt\/wp-content\/uploads\/sites\/3\/2020\/12\/logo.png","width":200,"height":70,"caption":"Markt-XXL"},"image":{"@id":"https:\/\/marktxxl.de\/markt\/#\/schema\/logo\/image\/"}}]}},"_links":{"self":[{"href":"https:\/\/marktxxl.de\/markt\/wp-json\/wp\/v2\/product\/117173","targetHints":{"allow":["GET"]}}],"collection":[{"href":"https:\/\/marktxxl.de\/markt\/wp-json\/wp\/v2\/product"}],"about":[{"href":"https:\/\/marktxxl.de\/markt\/wp-json\/wp\/v2\/types\/product"}],"replies":[{"embeddable":true,"href":"https:\/\/marktxxl.de\/markt\/wp-json\/wp\/v2\/comments?post=117173"}],"wp:featuredmedia":[{"embeddable":true,"href":"https:\/\/marktxxl.de\/markt\/wp-json\/wp\/v2\/media\/117174"}],"wp:attachment":[{"href":"https:\/\/marktxxl.de\/markt\/wp-json\/wp\/v2\/media?parent=117173"}],"wp:term":[{"taxonomy":"product_brand","embeddable":true,"href":"https:\/\/marktxxl.de\/markt\/wp-json\/wp\/v2\/product_brand?post=117173"},{"taxonomy":"product_cat","embeddable":true,"href":"https:\/\/marktxxl.de\/markt\/wp-json\/wp\/v2\/product_cat?post=117173"},{"taxonomy":"product_tag","embeddable":true,"href":"https:\/\/marktxxl.de\/markt\/wp-json\/wp\/v2\/product_tag?post=117173"}],"curies":[{"name":"wp","href":"https:\/\/api.w.org\/{rel}","templated":true}]}}