{"id":117060,"date":"2022-05-15T01:04:51","date_gmt":"2022-05-14T23:04:51","guid":{"rendered":"https:\/\/marktxxl.de\/markt\/produkt\/olivia-garden-klapp-haarbuerste-fingerbrush-on-the-go-smooth-style-zum-durchkaemmen-glaetten-und-pflegen-fuer-unterwegs-mit-integriertem-spiegel-wildschweinborsten-und-antistatische-nylon\/"},"modified":"2023-04-09T03:23:40","modified_gmt":"2023-04-09T01:23:40","slug":"olivia-garden-klapp-haarbuerste-fingerbrush-on-the-go-smooth-style-zum-durchkaemmen-glaetten-und-pflegen-fuer-unterwegs-mit-integriertem-spiegel-wildschweinborsten-und-antistatische-nylon","status":"publish","type":"product","link":"https:\/\/marktxxl.de\/markt\/produkt\/olivia-garden-klapp-haarbuerste-fingerbrush-on-the-go-smooth-style-zum-durchkaemmen-glaetten-und-pflegen-fuer-unterwegs-mit-integriertem-spiegel-wildschweinborsten-und-antistatische-nylon\/","title":{"rendered":"Olivia Garden Klapp- Haarb\u00fcrste Fingerbrush On The Go Smooth &amp; Style, zum Durchk\u00e4mmen, Gl\u00e4tten und Pflegen, f\u00fcr\u2026"},"content":{"rendered":"<p>Olivia Garden Klapp-Haarb\u00fcrste Fingerbrush On The Go zum t\u00e4glichen Durchk\u00e4mmen, Gl\u00e4tten und Pflegen von Haaren und Kopfhaut. Finger-artige, Kopfform-gerechte kleine B\u00fcrste f\u00fcr die Kopfmassage zwischendurch. Ideal f\u00fcr unterwegs und als Reise-Haarb\u00fcrste<br \/>\nKlappbarer Griff mit integriertem Spiegel, f\u00fcr den Kontrollblick zwischendurch<br \/>\nWildschwein-Borsten verleihen dem Haar Glanz und Volumen beim F\u00f6hnen und B\u00fcrsten. F\u00fcr gepflegtes, gl\u00e4nzendes und glattes Haar<br \/>\nKein Ziepen: Abgerundete , ionisierte Nylonborsten verhindern die elektrische Aufladung des Haars und sorgt f\u00fcr ein angenehmes, stimulierendes Massage-Gef\u00fchl auf der Kopfhaut und Schonung der Haarstruktur<br \/>\nBel\u00fcftungsl\u00f6cher im B\u00fcrstenk\u00f6rper lassen mehr F\u00f6hnluft ans Haar, f\u00fcr schnellere Trocknungszeiten, gegen das Austrocknen von Haaren und Kopfhaut: Besonders auf Reisen geeignet<br \/>\n<div class=\"main-cross-sell\" data-asin=\"B01K21S7WY\">\n\n\t<div class=\"WooZone-cross-sell-loader\">\n\t\t<div>\n\t\t\t<div id=\"floatingBarsG\">\n\t\t\t\t<div class=\"blockG\" id=\"rotateG_01\"><\/div>\n\t\t\t\t<div class=\"blockG\" id=\"rotateG_02\"><\/div>\n\t\t\t\t<div class=\"blockG\" id=\"rotateG_03\"><\/div>\n\t\t\t\t<div class=\"blockG\" id=\"rotateG_04\"><\/div>\n\t\t\t\t<div class=\"blockG\" id=\"rotateG_05\"><\/div>\n\t\t\t\t<div class=\"blockG\" id=\"rotateG_06\"><\/div>\n\t\t\t\t<div class=\"blockG\" id=\"rotateG_07\"><\/div>\n\t\t\t\t<div class=\"blockG\" id=\"rotateG_08\"><\/div>\n\t\t\t<\/div>\n\t\t\t<div class=\"WooZone-cross-sell-loader-text\"><\/div>\n\t\t<\/div>\n\t<\/div>\n\n\t\t\n<\/div>\n<div style=\"clear:both;\"><\/div><\/p>\n","protected":false},"excerpt":{"rendered":"<p>Olivia Garden Klapp-Haarb\u00fcrste Fingerbrush On The Go zum t\u00e4glichen Durchk\u00e4mmen, Gl\u00e4tten und Pflegen von Haaren und Kopfhaut. Finger-artige, Kopfform-gerechte kleine B\u00fcrste f\u00fcr die Kopfmassage zwischendurch. Ideal f\u00fcr unterwegs und als Reise-Haarb\u00fcrste<br \/>\nKlappbarer Griff mit integriertem Spiegel, f\u00fcr den Kontrollblick zwischendurch<br \/>\nWildschwein-Borsten verleihen dem Haar Glanz und Volumen beim F\u00f6hnen und B\u00fcrsten. F\u00fcr gepflegtes, gl\u00e4nzendes und glattes Haar<\/p>\n","protected":false},"featured_media":117061,"comment_status":"open","ping_status":"closed","template":"","meta":[],"product_brand":[],"product_cat":[2858,6994],"product_tag":[],"class_list":{"0":"post-117060","1":"product","2":"type-product","3":"status-publish","4":"has-post-thumbnail","6":"product_cat-beauty","7":"product_cat-haarpflege-styling","8":"pa_binding-badartikel","9":"pa_brand-olivia-garden","10":"pa_color-x","11":"pa_height-1-3779527545-zoll","12":"pa_languages-unbekannt-englisch","13":"pa_length-5-118110231-zoll","14":"pa_manufacturer-olivia-garden","15":"pa_model-br-fb1pc-otgss","16":"pa_size-1-stueck-1er-pack","17":"pa_warranty-2-year-manufacturer","18":"pa_weight-0-04-pfund","19":"pa_width-1-968503935-zoll","21":"first","22":"instock","23":"shipping-taxable","24":"purchasable","25":"product-type-simple","26":"customify-col","27":"product-has-gallery"},"yoast_head":"<!-- This site is optimized with the Yoast SEO plugin v27.4 - https:\/\/yoast.com\/product\/yoast-seo-wordpress\/ -->\n<title>Olivia Garden Klapp- Haarb\u00fcrste Fingerbrush On The Go Smooth &amp; Style, zum Durchk\u00e4mmen, Gl\u00e4tten und Pflegen, f\u00fcr\u2026 - Markt-XXL<\/title>\n<meta name=\"description\" content=\"Markt-XXL Olivia Garden Klapp- Haarb\u00fcrste Fingerbrush On The Go Smooth &amp; Style, zum Durchk\u00e4mmen, Gl\u00e4tten und Pflegen, f\u00fcr\u2026\" \/>\n<meta name=\"robots\" content=\"index, follow, max-snippet:-1, max-image-preview:large, max-video-preview:-1\" \/>\n<link rel=\"canonical\" href=\"https:\/\/marktxxl.de\/markt\/produkt\/olivia-garden-klapp-haarbuerste-fingerbrush-on-the-go-smooth-style-zum-durchkaemmen-glaetten-und-pflegen-fuer-unterwegs-mit-integriertem-spiegel-wildschweinborsten-und-antistatische-nylon\/\" \/>\n<meta property=\"og:locale\" content=\"de_DE\" \/>\n<meta property=\"og:type\" content=\"article\" \/>\n<meta property=\"og:title\" content=\"Olivia Garden Klapp- Haarb\u00fcrste Fingerbrush On The Go Smooth &amp; Style, zum Durchk\u00e4mmen, Gl\u00e4tten und Pflegen, f\u00fcr\u2026 - Markt-XXL\" \/>\n<meta property=\"og:description\" content=\"Markt-XXL Olivia Garden Klapp- Haarb\u00fcrste Fingerbrush On The Go Smooth &amp; Style, zum Durchk\u00e4mmen, Gl\u00e4tten und Pflegen, f\u00fcr\u2026\" \/>\n<meta property=\"og:url\" content=\"https:\/\/marktxxl.de\/markt\/produkt\/olivia-garden-klapp-haarbuerste-fingerbrush-on-the-go-smooth-style-zum-durchkaemmen-glaetten-und-pflegen-fuer-unterwegs-mit-integriertem-spiegel-wildschweinborsten-und-antistatische-nylon\/\" \/>\n<meta property=\"og:site_name\" content=\"Markt-XXL\" \/>\n<meta property=\"article:modified_time\" content=\"2023-04-09T01:23:40+00:00\" \/>\n<meta property=\"og:image\" content=\"https:\/\/m.media-amazon.com\/images\/I\/41F+0SYhOlL._SL500_.jpg\" \/>\n\t<meta property=\"og:image:width\" content=\"499\" \/>\n\t<meta property=\"og:image:height\" content=\"500\" \/>\n\t<meta property=\"og:image:type\" content=\"image\/jpeg\" \/>\n<meta name=\"twitter:card\" content=\"summary_large_image\" \/>\n<meta name=\"twitter:label1\" content=\"Gesch\u00e4tzte Lesezeit\" \/>\n\t<meta name=\"twitter:data1\" content=\"1\u00a0Minute\" \/>\n<script type=\"application\/ld+json\" class=\"yoast-schema-graph\">{\"@context\":\"https:\\\/\\\/schema.org\",\"@graph\":[{\"@type\":\"WebPage\",\"@id\":\"https:\\\/\\\/marktxxl.de\\\/markt\\\/produkt\\\/olivia-garden-klapp-haarbuerste-fingerbrush-on-the-go-smooth-style-zum-durchkaemmen-glaetten-und-pflegen-fuer-unterwegs-mit-integriertem-spiegel-wildschweinborsten-und-antistatische-nylon\\\/\",\"url\":\"https:\\\/\\\/marktxxl.de\\\/markt\\\/produkt\\\/olivia-garden-klapp-haarbuerste-fingerbrush-on-the-go-smooth-style-zum-durchkaemmen-glaetten-und-pflegen-fuer-unterwegs-mit-integriertem-spiegel-wildschweinborsten-und-antistatische-nylon\\\/\",\"name\":\"Olivia Garden Klapp- Haarb\u00fcrste Fingerbrush On The Go Smooth &amp; Style, zum Durchk\u00e4mmen, Gl\u00e4tten und Pflegen, f\u00fcr\u2026 - Markt-XXL\",\"isPartOf\":{\"@id\":\"https:\\\/\\\/marktxxl.de\\\/markt\\\/#website\"},\"primaryImageOfPage\":{\"@id\":\"https:\\\/\\\/marktxxl.de\\\/markt\\\/produkt\\\/olivia-garden-klapp-haarbuerste-fingerbrush-on-the-go-smooth-style-zum-durchkaemmen-glaetten-und-pflegen-fuer-unterwegs-mit-integriertem-spiegel-wildschweinborsten-und-antistatische-nylon\\\/#primaryimage\"},\"image\":{\"@id\":\"https:\\\/\\\/marktxxl.de\\\/markt\\\/produkt\\\/olivia-garden-klapp-haarbuerste-fingerbrush-on-the-go-smooth-style-zum-durchkaemmen-glaetten-und-pflegen-fuer-unterwegs-mit-integriertem-spiegel-wildschweinborsten-und-antistatische-nylon\\\/#primaryimage\"},\"thumbnailUrl\":\"https:\\\/\\\/m.media-amazon.com\\\/images\\\/I\\\/41F+0SYhOlL._SL500_.jpg\",\"datePublished\":\"2022-05-14T23:04:51+00:00\",\"dateModified\":\"2023-04-09T01:23:40+00:00\",\"description\":\"Markt-XXL Olivia Garden Klapp- Haarb\u00fcrste Fingerbrush On The Go Smooth &amp; Style, zum Durchk\u00e4mmen, Gl\u00e4tten und Pflegen, f\u00fcr\u2026\",\"breadcrumb\":{\"@id\":\"https:\\\/\\\/marktxxl.de\\\/markt\\\/produkt\\\/olivia-garden-klapp-haarbuerste-fingerbrush-on-the-go-smooth-style-zum-durchkaemmen-glaetten-und-pflegen-fuer-unterwegs-mit-integriertem-spiegel-wildschweinborsten-und-antistatische-nylon\\\/#breadcrumb\"},\"inLanguage\":\"de\",\"potentialAction\":[{\"@type\":\"ReadAction\",\"target\":[\"https:\\\/\\\/marktxxl.de\\\/markt\\\/produkt\\\/olivia-garden-klapp-haarbuerste-fingerbrush-on-the-go-smooth-style-zum-durchkaemmen-glaetten-und-pflegen-fuer-unterwegs-mit-integriertem-spiegel-wildschweinborsten-und-antistatische-nylon\\\/\"]}]},{\"@type\":\"ImageObject\",\"inLanguage\":\"de\",\"@id\":\"https:\\\/\\\/marktxxl.de\\\/markt\\\/produkt\\\/olivia-garden-klapp-haarbuerste-fingerbrush-on-the-go-smooth-style-zum-durchkaemmen-glaetten-und-pflegen-fuer-unterwegs-mit-integriertem-spiegel-wildschweinborsten-und-antistatische-nylon\\\/#primaryimage\",\"url\":\"https:\\\/\\\/m.media-amazon.com\\\/images\\\/I\\\/41F+0SYhOlL._SL500_.jpg\",\"contentUrl\":\"https:\\\/\\\/m.media-amazon.com\\\/images\\\/I\\\/41F+0SYhOlL._SL500_.jpg\",\"width\":499,\"height\":500},{\"@type\":\"BreadcrumbList\",\"@id\":\"https:\\\/\\\/marktxxl.de\\\/markt\\\/produkt\\\/olivia-garden-klapp-haarbuerste-fingerbrush-on-the-go-smooth-style-zum-durchkaemmen-glaetten-und-pflegen-fuer-unterwegs-mit-integriertem-spiegel-wildschweinborsten-und-antistatische-nylon\\\/#breadcrumb\",\"itemListElement\":[{\"@type\":\"ListItem\",\"position\":1,\"name\":\"Startseite\",\"item\":\"https:\\\/\\\/marktxxl.de\\\/markt\\\/\"},{\"@type\":\"ListItem\",\"position\":2,\"name\":\"Markt\",\"item\":\"https:\\\/\\\/marktxxl.de\\\/markt\\\/\"},{\"@type\":\"ListItem\",\"position\":3,\"name\":\"Olivia Garden Klapp- Haarb\u00fcrste Fingerbrush On The Go Smooth &amp; Style, zum Durchk\u00e4mmen, Gl\u00e4tten und Pflegen, f\u00fcr\u2026\"}]},{\"@type\":\"WebSite\",\"@id\":\"https:\\\/\\\/marktxxl.de\\\/markt\\\/#website\",\"url\":\"https:\\\/\\\/marktxxl.de\\\/markt\\\/\",\"name\":\"Markt-XXL\",\"description\":\"Ihr Markt Online\",\"publisher\":{\"@id\":\"https:\\\/\\\/marktxxl.de\\\/markt\\\/#organization\"},\"potentialAction\":[{\"@type\":\"SearchAction\",\"target\":{\"@type\":\"EntryPoint\",\"urlTemplate\":\"https:\\\/\\\/marktxxl.de\\\/markt\\\/?s={search_term_string}\"},\"query-input\":{\"@type\":\"PropertyValueSpecification\",\"valueRequired\":true,\"valueName\":\"search_term_string\"}}],\"inLanguage\":\"de\"},{\"@type\":\"Organization\",\"@id\":\"https:\\\/\\\/marktxxl.de\\\/markt\\\/#organization\",\"name\":\"Markt-XXL\",\"url\":\"https:\\\/\\\/marktxxl.de\\\/markt\\\/\",\"logo\":{\"@type\":\"ImageObject\",\"inLanguage\":\"de\",\"@id\":\"https:\\\/\\\/marktxxl.de\\\/markt\\\/#\\\/schema\\\/logo\\\/image\\\/\",\"url\":\"https:\\\/\\\/marktxxl.de\\\/markt\\\/wp-content\\\/uploads\\\/sites\\\/3\\\/2020\\\/12\\\/logo.png\",\"contentUrl\":\"https:\\\/\\\/marktxxl.de\\\/markt\\\/wp-content\\\/uploads\\\/sites\\\/3\\\/2020\\\/12\\\/logo.png\",\"width\":200,\"height\":70,\"caption\":\"Markt-XXL\"},\"image\":{\"@id\":\"https:\\\/\\\/marktxxl.de\\\/markt\\\/#\\\/schema\\\/logo\\\/image\\\/\"}}]}<\/script>\n<!-- \/ Yoast SEO plugin. -->","yoast_head_json":{"title":"Olivia Garden Klapp- Haarb\u00fcrste Fingerbrush On The Go Smooth &amp; Style, zum Durchk\u00e4mmen, Gl\u00e4tten und Pflegen, f\u00fcr\u2026 - Markt-XXL","description":"Markt-XXL Olivia Garden Klapp- Haarb\u00fcrste Fingerbrush On The Go Smooth &amp; Style, zum Durchk\u00e4mmen, Gl\u00e4tten und Pflegen, f\u00fcr\u2026","robots":{"index":"index","follow":"follow","max-snippet":"max-snippet:-1","max-image-preview":"max-image-preview:large","max-video-preview":"max-video-preview:-1"},"canonical":"https:\/\/marktxxl.de\/markt\/produkt\/olivia-garden-klapp-haarbuerste-fingerbrush-on-the-go-smooth-style-zum-durchkaemmen-glaetten-und-pflegen-fuer-unterwegs-mit-integriertem-spiegel-wildschweinborsten-und-antistatische-nylon\/","og_locale":"de_DE","og_type":"article","og_title":"Olivia Garden Klapp- Haarb\u00fcrste Fingerbrush On The Go Smooth &amp; Style, zum Durchk\u00e4mmen, Gl\u00e4tten und Pflegen, f\u00fcr\u2026 - Markt-XXL","og_description":"Markt-XXL Olivia Garden Klapp- Haarb\u00fcrste Fingerbrush On The Go Smooth &amp; Style, zum Durchk\u00e4mmen, Gl\u00e4tten und Pflegen, f\u00fcr\u2026","og_url":"https:\/\/marktxxl.de\/markt\/produkt\/olivia-garden-klapp-haarbuerste-fingerbrush-on-the-go-smooth-style-zum-durchkaemmen-glaetten-und-pflegen-fuer-unterwegs-mit-integriertem-spiegel-wildschweinborsten-und-antistatische-nylon\/","og_site_name":"Markt-XXL","article_modified_time":"2023-04-09T01:23:40+00:00","og_image":[{"width":499,"height":500,"url":"https:\/\/m.media-amazon.com\/images\/I\/41F+0SYhOlL._SL500_.jpg","type":"image\/jpeg"}],"twitter_card":"summary_large_image","twitter_misc":{"Gesch\u00e4tzte Lesezeit":"1\u00a0Minute"},"schema":{"@context":"https:\/\/schema.org","@graph":[{"@type":"WebPage","@id":"https:\/\/marktxxl.de\/markt\/produkt\/olivia-garden-klapp-haarbuerste-fingerbrush-on-the-go-smooth-style-zum-durchkaemmen-glaetten-und-pflegen-fuer-unterwegs-mit-integriertem-spiegel-wildschweinborsten-und-antistatische-nylon\/","url":"https:\/\/marktxxl.de\/markt\/produkt\/olivia-garden-klapp-haarbuerste-fingerbrush-on-the-go-smooth-style-zum-durchkaemmen-glaetten-und-pflegen-fuer-unterwegs-mit-integriertem-spiegel-wildschweinborsten-und-antistatische-nylon\/","name":"Olivia Garden Klapp- Haarb\u00fcrste Fingerbrush On The Go Smooth &amp; Style, zum Durchk\u00e4mmen, Gl\u00e4tten und Pflegen, f\u00fcr\u2026 - Markt-XXL","isPartOf":{"@id":"https:\/\/marktxxl.de\/markt\/#website"},"primaryImageOfPage":{"@id":"https:\/\/marktxxl.de\/markt\/produkt\/olivia-garden-klapp-haarbuerste-fingerbrush-on-the-go-smooth-style-zum-durchkaemmen-glaetten-und-pflegen-fuer-unterwegs-mit-integriertem-spiegel-wildschweinborsten-und-antistatische-nylon\/#primaryimage"},"image":{"@id":"https:\/\/marktxxl.de\/markt\/produkt\/olivia-garden-klapp-haarbuerste-fingerbrush-on-the-go-smooth-style-zum-durchkaemmen-glaetten-und-pflegen-fuer-unterwegs-mit-integriertem-spiegel-wildschweinborsten-und-antistatische-nylon\/#primaryimage"},"thumbnailUrl":"https:\/\/m.media-amazon.com\/images\/I\/41F+0SYhOlL._SL500_.jpg","datePublished":"2022-05-14T23:04:51+00:00","dateModified":"2023-04-09T01:23:40+00:00","description":"Markt-XXL Olivia Garden Klapp- Haarb\u00fcrste Fingerbrush On The Go Smooth &amp; Style, zum Durchk\u00e4mmen, Gl\u00e4tten und Pflegen, f\u00fcr\u2026","breadcrumb":{"@id":"https:\/\/marktxxl.de\/markt\/produkt\/olivia-garden-klapp-haarbuerste-fingerbrush-on-the-go-smooth-style-zum-durchkaemmen-glaetten-und-pflegen-fuer-unterwegs-mit-integriertem-spiegel-wildschweinborsten-und-antistatische-nylon\/#breadcrumb"},"inLanguage":"de","potentialAction":[{"@type":"ReadAction","target":["https:\/\/marktxxl.de\/markt\/produkt\/olivia-garden-klapp-haarbuerste-fingerbrush-on-the-go-smooth-style-zum-durchkaemmen-glaetten-und-pflegen-fuer-unterwegs-mit-integriertem-spiegel-wildschweinborsten-und-antistatische-nylon\/"]}]},{"@type":"ImageObject","inLanguage":"de","@id":"https:\/\/marktxxl.de\/markt\/produkt\/olivia-garden-klapp-haarbuerste-fingerbrush-on-the-go-smooth-style-zum-durchkaemmen-glaetten-und-pflegen-fuer-unterwegs-mit-integriertem-spiegel-wildschweinborsten-und-antistatische-nylon\/#primaryimage","url":"https:\/\/m.media-amazon.com\/images\/I\/41F+0SYhOlL._SL500_.jpg","contentUrl":"https:\/\/m.media-amazon.com\/images\/I\/41F+0SYhOlL._SL500_.jpg","width":499,"height":500},{"@type":"BreadcrumbList","@id":"https:\/\/marktxxl.de\/markt\/produkt\/olivia-garden-klapp-haarbuerste-fingerbrush-on-the-go-smooth-style-zum-durchkaemmen-glaetten-und-pflegen-fuer-unterwegs-mit-integriertem-spiegel-wildschweinborsten-und-antistatische-nylon\/#breadcrumb","itemListElement":[{"@type":"ListItem","position":1,"name":"Startseite","item":"https:\/\/marktxxl.de\/markt\/"},{"@type":"ListItem","position":2,"name":"Markt","item":"https:\/\/marktxxl.de\/markt\/"},{"@type":"ListItem","position":3,"name":"Olivia Garden Klapp- Haarb\u00fcrste Fingerbrush On The Go Smooth &amp; Style, zum Durchk\u00e4mmen, Gl\u00e4tten und Pflegen, f\u00fcr\u2026"}]},{"@type":"WebSite","@id":"https:\/\/marktxxl.de\/markt\/#website","url":"https:\/\/marktxxl.de\/markt\/","name":"Markt-XXL","description":"Ihr Markt Online","publisher":{"@id":"https:\/\/marktxxl.de\/markt\/#organization"},"potentialAction":[{"@type":"SearchAction","target":{"@type":"EntryPoint","urlTemplate":"https:\/\/marktxxl.de\/markt\/?s={search_term_string}"},"query-input":{"@type":"PropertyValueSpecification","valueRequired":true,"valueName":"search_term_string"}}],"inLanguage":"de"},{"@type":"Organization","@id":"https:\/\/marktxxl.de\/markt\/#organization","name":"Markt-XXL","url":"https:\/\/marktxxl.de\/markt\/","logo":{"@type":"ImageObject","inLanguage":"de","@id":"https:\/\/marktxxl.de\/markt\/#\/schema\/logo\/image\/","url":"https:\/\/marktxxl.de\/markt\/wp-content\/uploads\/sites\/3\/2020\/12\/logo.png","contentUrl":"https:\/\/marktxxl.de\/markt\/wp-content\/uploads\/sites\/3\/2020\/12\/logo.png","width":200,"height":70,"caption":"Markt-XXL"},"image":{"@id":"https:\/\/marktxxl.de\/markt\/#\/schema\/logo\/image\/"}}]}},"_links":{"self":[{"href":"https:\/\/marktxxl.de\/markt\/wp-json\/wp\/v2\/product\/117060","targetHints":{"allow":["GET"]}}],"collection":[{"href":"https:\/\/marktxxl.de\/markt\/wp-json\/wp\/v2\/product"}],"about":[{"href":"https:\/\/marktxxl.de\/markt\/wp-json\/wp\/v2\/types\/product"}],"replies":[{"embeddable":true,"href":"https:\/\/marktxxl.de\/markt\/wp-json\/wp\/v2\/comments?post=117060"}],"wp:featuredmedia":[{"embeddable":true,"href":"https:\/\/marktxxl.de\/markt\/wp-json\/wp\/v2\/media\/117061"}],"wp:attachment":[{"href":"https:\/\/marktxxl.de\/markt\/wp-json\/wp\/v2\/media?parent=117060"}],"wp:term":[{"taxonomy":"product_brand","embeddable":true,"href":"https:\/\/marktxxl.de\/markt\/wp-json\/wp\/v2\/product_brand?post=117060"},{"taxonomy":"product_cat","embeddable":true,"href":"https:\/\/marktxxl.de\/markt\/wp-json\/wp\/v2\/product_cat?post=117060"},{"taxonomy":"product_tag","embeddable":true,"href":"https:\/\/marktxxl.de\/markt\/wp-json\/wp\/v2\/product_tag?post=117060"}],"curies":[{"name":"wp","href":"https:\/\/api.w.org\/{rel}","templated":true}]}}