{"id":116925,"date":"2022-05-15T00:55:34","date_gmt":"2022-05-14T22:55:34","guid":{"rendered":"https:\/\/marktxxl.de\/markt\/produkt\/kenneth-cole-mankind-hero-eau-de-toilette-100-ml\/"},"modified":"2023-04-09T03:23:35","modified_gmt":"2023-04-09T01:23:35","slug":"kenneth-cole-mankind-hero-eau-de-toilette-100-ml","status":"publish","type":"product","link":"https:\/\/marktxxl.de\/markt\/produkt\/kenneth-cole-mankind-hero-eau-de-toilette-100-ml\/","title":{"rendered":"Kenneth Cole Mankind Hero Eau de Toilette, 100 ml, 1er Pack (1 x 1 St\u00fcck)"},"content":{"rendered":"<p>&#8220;Helden kommen in vielen Formen. Diejenigen, die k\u00e4mpfen, um die Welt zu einem besseren Ort zu machen, und diejenigen, die nur ein Leben besser machen, mit ihrer Anwesenheit der Menschheitshelden feiert die mutigen M\u00e4nner, die jeden Tag einen Unterschied in unserem Leben machen &#8211; Kenneth Cole<br \/>\nEntdecken Sie Ihren inneren Helden mit der Kraft des frischen Bergluftakkords und reichen H\u00f6lzern mit schwarzer Vanille. Dieser mutige Duft von Kenneth Cole ist die perfekte Balance aus St\u00e4rke und W\u00e4rme<br \/>\nAuf die Pulspunkte auftragen, vermeiden Sie es, die Handgelenke nach der Anwendung zusammenzureiben, um zu verhindern, dass der Duft &#8220;zerkleinert&#8221; wird<br \/>\nAlcohol Denat., Fragrance (parfum), Water (aqua\/eau), ethylhexyl methoxycinnamate, butyl methoxydibenzolymethane, ethylhexyl salicylate, bht, benzyl salicylate, linalool, limonene, citronellol, hydroxycitronellal, citral, geraniol, ci 19140, ci 42090<br \/>\n<div class=\"main-cross-sell\" data-asin=\"B01GWTZ05C\">\n\n\t<div class=\"WooZone-cross-sell-loader\">\n\t\t<div>\n\t\t\t<div id=\"floatingBarsG\">\n\t\t\t\t<div class=\"blockG\" id=\"rotateG_01\"><\/div>\n\t\t\t\t<div class=\"blockG\" id=\"rotateG_02\"><\/div>\n\t\t\t\t<div class=\"blockG\" id=\"rotateG_03\"><\/div>\n\t\t\t\t<div class=\"blockG\" id=\"rotateG_04\"><\/div>\n\t\t\t\t<div class=\"blockG\" id=\"rotateG_05\"><\/div>\n\t\t\t\t<div class=\"blockG\" id=\"rotateG_06\"><\/div>\n\t\t\t\t<div class=\"blockG\" id=\"rotateG_07\"><\/div>\n\t\t\t\t<div class=\"blockG\" id=\"rotateG_08\"><\/div>\n\t\t\t<\/div>\n\t\t\t<div class=\"WooZone-cross-sell-loader-text\"><\/div>\n\t\t<\/div>\n\t<\/div>\n\n\t\t\n<\/div>\n<div style=\"clear:both;\"><\/div><\/p>\n","protected":false},"excerpt":{"rendered":"<p>&#8220;Helden kommen in vielen Formen. Diejenigen, die k\u00e4mpfen, um die Welt zu einem besseren Ort zu machen, und diejenigen, die nur ein Leben besser machen, mit ihrer Anwesenheit der Menschheitshelden feiert die mutigen M\u00e4nner, die jeden Tag einen Unterschied in unserem Leben machen &#8211; Kenneth Cole<br \/>\nEntdecken Sie Ihren inneren Helden mit der Kraft des frischen Bergluftakkords und reichen H\u00f6lzern mit schwarzer Vanille. Dieser mutige Duft von Kenneth Cole ist die perfekte Balance aus St\u00e4rke und W\u00e4rme<br \/>\nAuf die Pulspunkte auftragen, vermeiden Sie es, die Handgelenke nach der Anwendung zusammenzureiben, um zu verhindern, dass der Duft &#8220;zerkleinert&#8221; wird<\/p>\n","protected":false},"featured_media":116926,"comment_status":"open","ping_status":"closed","template":"","meta":[],"product_brand":[],"product_cat":[2858,6914],"product_tag":[],"class_list":{"0":"post-116925","1":"product","2":"type-product","3":"status-publish","4":"has-post-thumbnail","6":"product_cat-beauty","7":"product_cat-duefte","8":"pa_binding-badartikel","9":"pa_brand-kenneth-cole","10":"pa_height-5-3149606245-zoll","11":"pa_length-1-574803148-zoll","12":"pa_manufacturer-kenneth-cole","13":"pa_model-34377","14":"pa_size-100-ml-pack-of-1","15":"pa_weight-0-0007165023515-pfund","16":"pa_width-3-149606296-zoll","18":"first","19":"instock","20":"shipping-taxable","21":"purchasable","22":"product-type-simple","23":"customify-col","24":"product-has-gallery"},"yoast_head":"<!-- This site is optimized with the Yoast SEO plugin v27.3 - https:\/\/yoast.com\/product\/yoast-seo-wordpress\/ -->\n<title>Kenneth Cole Mankind Hero Eau de Toilette, 100 ml, 1er Pack (1 x 1 St\u00fcck) - Markt-XXL<\/title>\n<meta name=\"description\" content=\"Markt-XXL Kenneth Cole Mankind Hero Eau de Toilette, 100 ml, 1er Pack (1 x 1 St\u00fcck)\" \/>\n<meta name=\"robots\" content=\"index, follow, max-snippet:-1, max-image-preview:large, max-video-preview:-1\" \/>\n<link rel=\"canonical\" href=\"https:\/\/marktxxl.de\/markt\/produkt\/kenneth-cole-mankind-hero-eau-de-toilette-100-ml\/\" \/>\n<meta property=\"og:locale\" content=\"de_DE\" \/>\n<meta property=\"og:type\" content=\"article\" \/>\n<meta property=\"og:title\" content=\"Kenneth Cole Mankind Hero Eau de Toilette, 100 ml, 1er Pack (1 x 1 St\u00fcck) - Markt-XXL\" \/>\n<meta property=\"og:description\" content=\"Markt-XXL Kenneth Cole Mankind Hero Eau de Toilette, 100 ml, 1er Pack (1 x 1 St\u00fcck)\" \/>\n<meta property=\"og:url\" content=\"https:\/\/marktxxl.de\/markt\/produkt\/kenneth-cole-mankind-hero-eau-de-toilette-100-ml\/\" \/>\n<meta property=\"og:site_name\" content=\"Markt-XXL\" \/>\n<meta property=\"article:modified_time\" content=\"2023-04-09T01:23:35+00:00\" \/>\n<meta property=\"og:image\" content=\"https:\/\/m.media-amazon.com\/images\/I\/31HigCeh0IL._SL500_.jpg\" \/>\n\t<meta property=\"og:image:width\" content=\"456\" \/>\n\t<meta property=\"og:image:height\" content=\"500\" \/>\n\t<meta property=\"og:image:type\" content=\"image\/jpeg\" \/>\n<meta name=\"twitter:card\" content=\"summary_large_image\" \/>\n<meta name=\"twitter:label1\" content=\"Gesch\u00e4tzte Lesezeit\" \/>\n\t<meta name=\"twitter:data1\" content=\"1\u00a0Minute\" \/>\n<script type=\"application\/ld+json\" class=\"yoast-schema-graph\">{\"@context\":\"https:\\\/\\\/schema.org\",\"@graph\":[{\"@type\":\"WebPage\",\"@id\":\"https:\\\/\\\/marktxxl.de\\\/markt\\\/produkt\\\/kenneth-cole-mankind-hero-eau-de-toilette-100-ml\\\/\",\"url\":\"https:\\\/\\\/marktxxl.de\\\/markt\\\/produkt\\\/kenneth-cole-mankind-hero-eau-de-toilette-100-ml\\\/\",\"name\":\"Kenneth Cole Mankind Hero Eau de Toilette, 100 ml, 1er Pack (1 x 1 St\u00fcck) - Markt-XXL\",\"isPartOf\":{\"@id\":\"https:\\\/\\\/marktxxl.de\\\/markt\\\/#website\"},\"primaryImageOfPage\":{\"@id\":\"https:\\\/\\\/marktxxl.de\\\/markt\\\/produkt\\\/kenneth-cole-mankind-hero-eau-de-toilette-100-ml\\\/#primaryimage\"},\"image\":{\"@id\":\"https:\\\/\\\/marktxxl.de\\\/markt\\\/produkt\\\/kenneth-cole-mankind-hero-eau-de-toilette-100-ml\\\/#primaryimage\"},\"thumbnailUrl\":\"https:\\\/\\\/m.media-amazon.com\\\/images\\\/I\\\/31HigCeh0IL._SL500_.jpg\",\"datePublished\":\"2022-05-14T22:55:34+00:00\",\"dateModified\":\"2023-04-09T01:23:35+00:00\",\"description\":\"Markt-XXL Kenneth Cole Mankind Hero Eau de Toilette, 100 ml, 1er Pack (1 x 1 St\u00fcck)\",\"breadcrumb\":{\"@id\":\"https:\\\/\\\/marktxxl.de\\\/markt\\\/produkt\\\/kenneth-cole-mankind-hero-eau-de-toilette-100-ml\\\/#breadcrumb\"},\"inLanguage\":\"de\",\"potentialAction\":[{\"@type\":\"ReadAction\",\"target\":[\"https:\\\/\\\/marktxxl.de\\\/markt\\\/produkt\\\/kenneth-cole-mankind-hero-eau-de-toilette-100-ml\\\/\"]}]},{\"@type\":\"ImageObject\",\"inLanguage\":\"de\",\"@id\":\"https:\\\/\\\/marktxxl.de\\\/markt\\\/produkt\\\/kenneth-cole-mankind-hero-eau-de-toilette-100-ml\\\/#primaryimage\",\"url\":\"https:\\\/\\\/m.media-amazon.com\\\/images\\\/I\\\/31HigCeh0IL._SL500_.jpg\",\"contentUrl\":\"https:\\\/\\\/m.media-amazon.com\\\/images\\\/I\\\/31HigCeh0IL._SL500_.jpg\",\"width\":456,\"height\":500},{\"@type\":\"BreadcrumbList\",\"@id\":\"https:\\\/\\\/marktxxl.de\\\/markt\\\/produkt\\\/kenneth-cole-mankind-hero-eau-de-toilette-100-ml\\\/#breadcrumb\",\"itemListElement\":[{\"@type\":\"ListItem\",\"position\":1,\"name\":\"Startseite\",\"item\":\"https:\\\/\\\/marktxxl.de\\\/markt\\\/\"},{\"@type\":\"ListItem\",\"position\":2,\"name\":\"Markt\",\"item\":\"https:\\\/\\\/marktxxl.de\\\/markt\\\/\"},{\"@type\":\"ListItem\",\"position\":3,\"name\":\"Kenneth Cole Mankind Hero Eau de Toilette, 100 ml, 1er Pack (1 x 1 St\u00fcck)\"}]},{\"@type\":\"WebSite\",\"@id\":\"https:\\\/\\\/marktxxl.de\\\/markt\\\/#website\",\"url\":\"https:\\\/\\\/marktxxl.de\\\/markt\\\/\",\"name\":\"Markt-XXL\",\"description\":\"Ihr Markt Online\",\"publisher\":{\"@id\":\"https:\\\/\\\/marktxxl.de\\\/markt\\\/#organization\"},\"potentialAction\":[{\"@type\":\"SearchAction\",\"target\":{\"@type\":\"EntryPoint\",\"urlTemplate\":\"https:\\\/\\\/marktxxl.de\\\/markt\\\/?s={search_term_string}\"},\"query-input\":{\"@type\":\"PropertyValueSpecification\",\"valueRequired\":true,\"valueName\":\"search_term_string\"}}],\"inLanguage\":\"de\"},{\"@type\":\"Organization\",\"@id\":\"https:\\\/\\\/marktxxl.de\\\/markt\\\/#organization\",\"name\":\"Markt-XXL\",\"url\":\"https:\\\/\\\/marktxxl.de\\\/markt\\\/\",\"logo\":{\"@type\":\"ImageObject\",\"inLanguage\":\"de\",\"@id\":\"https:\\\/\\\/marktxxl.de\\\/markt\\\/#\\\/schema\\\/logo\\\/image\\\/\",\"url\":\"https:\\\/\\\/marktxxl.de\\\/markt\\\/wp-content\\\/uploads\\\/sites\\\/3\\\/2020\\\/12\\\/logo.png\",\"contentUrl\":\"https:\\\/\\\/marktxxl.de\\\/markt\\\/wp-content\\\/uploads\\\/sites\\\/3\\\/2020\\\/12\\\/logo.png\",\"width\":200,\"height\":70,\"caption\":\"Markt-XXL\"},\"image\":{\"@id\":\"https:\\\/\\\/marktxxl.de\\\/markt\\\/#\\\/schema\\\/logo\\\/image\\\/\"}}]}<\/script>\n<!-- \/ Yoast SEO plugin. -->","yoast_head_json":{"title":"Kenneth Cole Mankind Hero Eau de Toilette, 100 ml, 1er Pack (1 x 1 St\u00fcck) - Markt-XXL","description":"Markt-XXL Kenneth Cole Mankind Hero Eau de Toilette, 100 ml, 1er Pack (1 x 1 St\u00fcck)","robots":{"index":"index","follow":"follow","max-snippet":"max-snippet:-1","max-image-preview":"max-image-preview:large","max-video-preview":"max-video-preview:-1"},"canonical":"https:\/\/marktxxl.de\/markt\/produkt\/kenneth-cole-mankind-hero-eau-de-toilette-100-ml\/","og_locale":"de_DE","og_type":"article","og_title":"Kenneth Cole Mankind Hero Eau de Toilette, 100 ml, 1er Pack (1 x 1 St\u00fcck) - Markt-XXL","og_description":"Markt-XXL Kenneth Cole Mankind Hero Eau de Toilette, 100 ml, 1er Pack (1 x 1 St\u00fcck)","og_url":"https:\/\/marktxxl.de\/markt\/produkt\/kenneth-cole-mankind-hero-eau-de-toilette-100-ml\/","og_site_name":"Markt-XXL","article_modified_time":"2023-04-09T01:23:35+00:00","og_image":[{"width":456,"height":500,"url":"https:\/\/m.media-amazon.com\/images\/I\/31HigCeh0IL._SL500_.jpg","type":"image\/jpeg"}],"twitter_card":"summary_large_image","twitter_misc":{"Gesch\u00e4tzte Lesezeit":"1\u00a0Minute"},"schema":{"@context":"https:\/\/schema.org","@graph":[{"@type":"WebPage","@id":"https:\/\/marktxxl.de\/markt\/produkt\/kenneth-cole-mankind-hero-eau-de-toilette-100-ml\/","url":"https:\/\/marktxxl.de\/markt\/produkt\/kenneth-cole-mankind-hero-eau-de-toilette-100-ml\/","name":"Kenneth Cole Mankind Hero Eau de Toilette, 100 ml, 1er Pack (1 x 1 St\u00fcck) - Markt-XXL","isPartOf":{"@id":"https:\/\/marktxxl.de\/markt\/#website"},"primaryImageOfPage":{"@id":"https:\/\/marktxxl.de\/markt\/produkt\/kenneth-cole-mankind-hero-eau-de-toilette-100-ml\/#primaryimage"},"image":{"@id":"https:\/\/marktxxl.de\/markt\/produkt\/kenneth-cole-mankind-hero-eau-de-toilette-100-ml\/#primaryimage"},"thumbnailUrl":"https:\/\/m.media-amazon.com\/images\/I\/31HigCeh0IL._SL500_.jpg","datePublished":"2022-05-14T22:55:34+00:00","dateModified":"2023-04-09T01:23:35+00:00","description":"Markt-XXL Kenneth Cole Mankind Hero Eau de Toilette, 100 ml, 1er Pack (1 x 1 St\u00fcck)","breadcrumb":{"@id":"https:\/\/marktxxl.de\/markt\/produkt\/kenneth-cole-mankind-hero-eau-de-toilette-100-ml\/#breadcrumb"},"inLanguage":"de","potentialAction":[{"@type":"ReadAction","target":["https:\/\/marktxxl.de\/markt\/produkt\/kenneth-cole-mankind-hero-eau-de-toilette-100-ml\/"]}]},{"@type":"ImageObject","inLanguage":"de","@id":"https:\/\/marktxxl.de\/markt\/produkt\/kenneth-cole-mankind-hero-eau-de-toilette-100-ml\/#primaryimage","url":"https:\/\/m.media-amazon.com\/images\/I\/31HigCeh0IL._SL500_.jpg","contentUrl":"https:\/\/m.media-amazon.com\/images\/I\/31HigCeh0IL._SL500_.jpg","width":456,"height":500},{"@type":"BreadcrumbList","@id":"https:\/\/marktxxl.de\/markt\/produkt\/kenneth-cole-mankind-hero-eau-de-toilette-100-ml\/#breadcrumb","itemListElement":[{"@type":"ListItem","position":1,"name":"Startseite","item":"https:\/\/marktxxl.de\/markt\/"},{"@type":"ListItem","position":2,"name":"Markt","item":"https:\/\/marktxxl.de\/markt\/"},{"@type":"ListItem","position":3,"name":"Kenneth Cole Mankind Hero Eau de Toilette, 100 ml, 1er Pack (1 x 1 St\u00fcck)"}]},{"@type":"WebSite","@id":"https:\/\/marktxxl.de\/markt\/#website","url":"https:\/\/marktxxl.de\/markt\/","name":"Markt-XXL","description":"Ihr Markt Online","publisher":{"@id":"https:\/\/marktxxl.de\/markt\/#organization"},"potentialAction":[{"@type":"SearchAction","target":{"@type":"EntryPoint","urlTemplate":"https:\/\/marktxxl.de\/markt\/?s={search_term_string}"},"query-input":{"@type":"PropertyValueSpecification","valueRequired":true,"valueName":"search_term_string"}}],"inLanguage":"de"},{"@type":"Organization","@id":"https:\/\/marktxxl.de\/markt\/#organization","name":"Markt-XXL","url":"https:\/\/marktxxl.de\/markt\/","logo":{"@type":"ImageObject","inLanguage":"de","@id":"https:\/\/marktxxl.de\/markt\/#\/schema\/logo\/image\/","url":"https:\/\/marktxxl.de\/markt\/wp-content\/uploads\/sites\/3\/2020\/12\/logo.png","contentUrl":"https:\/\/marktxxl.de\/markt\/wp-content\/uploads\/sites\/3\/2020\/12\/logo.png","width":200,"height":70,"caption":"Markt-XXL"},"image":{"@id":"https:\/\/marktxxl.de\/markt\/#\/schema\/logo\/image\/"}}]}},"_links":{"self":[{"href":"https:\/\/marktxxl.de\/markt\/wp-json\/wp\/v2\/product\/116925","targetHints":{"allow":["GET"]}}],"collection":[{"href":"https:\/\/marktxxl.de\/markt\/wp-json\/wp\/v2\/product"}],"about":[{"href":"https:\/\/marktxxl.de\/markt\/wp-json\/wp\/v2\/types\/product"}],"replies":[{"embeddable":true,"href":"https:\/\/marktxxl.de\/markt\/wp-json\/wp\/v2\/comments?post=116925"}],"wp:featuredmedia":[{"embeddable":true,"href":"https:\/\/marktxxl.de\/markt\/wp-json\/wp\/v2\/media\/116926"}],"wp:attachment":[{"href":"https:\/\/marktxxl.de\/markt\/wp-json\/wp\/v2\/media?parent=116925"}],"wp:term":[{"taxonomy":"product_brand","embeddable":true,"href":"https:\/\/marktxxl.de\/markt\/wp-json\/wp\/v2\/product_brand?post=116925"},{"taxonomy":"product_cat","embeddable":true,"href":"https:\/\/marktxxl.de\/markt\/wp-json\/wp\/v2\/product_cat?post=116925"},{"taxonomy":"product_tag","embeddable":true,"href":"https:\/\/marktxxl.de\/markt\/wp-json\/wp\/v2\/product_tag?post=116925"}],"curies":[{"name":"wp","href":"https:\/\/api.w.org\/{rel}","templated":true}]}}