{"id":116894,"date":"2022-05-15T00:52:37","date_gmt":"2022-05-14T22:52:37","guid":{"rendered":"https:\/\/marktxxl.de\/markt\/produkt\/fitters-real-barber-collection-bartpflege-produkte-fuer-maenner-wie-veganes-bartoel\/"},"modified":"2023-04-09T03:23:33","modified_gmt":"2023-04-09T01:23:33","slug":"fitters-real-barber-collection-bartpflege-produkte-fuer-maenner-wie-veganes-bartoel","status":"publish","type":"product","link":"https:\/\/marktxxl.de\/markt\/produkt\/fitters-real-barber-collection-bartpflege-produkte-fuer-maenner-wie-veganes-bartoel\/","title":{"rendered":"Fitters Real Barber Collection Bartpflege Produkte f\u00fcr M\u00e4nner (After Shave)"},"content":{"rendered":"<div class=\"main-cross-sell\" data-asin=\"B07VJC95PV\">\n\n\t<div class=\"WooZone-cross-sell-loader\">\n\t\t<div>\n\t\t\t<div id=\"floatingBarsG\">\n\t\t\t\t<div class=\"blockG\" id=\"rotateG_01\"><\/div>\n\t\t\t\t<div class=\"blockG\" id=\"rotateG_02\"><\/div>\n\t\t\t\t<div class=\"blockG\" id=\"rotateG_03\"><\/div>\n\t\t\t\t<div class=\"blockG\" id=\"rotateG_04\"><\/div>\n\t\t\t\t<div class=\"blockG\" id=\"rotateG_05\"><\/div>\n\t\t\t\t<div class=\"blockG\" id=\"rotateG_06\"><\/div>\n\t\t\t\t<div class=\"blockG\" id=\"rotateG_07\"><\/div>\n\t\t\t\t<div class=\"blockG\" id=\"rotateG_08\"><\/div>\n\t\t\t<\/div>\n\t\t\t<div class=\"WooZone-cross-sell-loader-text\"><\/div>\n\t\t<\/div>\n\t<\/div>\n\n\t\t\n<\/div>\n<div style=\"clear:both;\"><\/div>\n","protected":false},"excerpt":{"rendered":"","protected":false},"featured_media":116895,"comment_status":"open","ping_status":"closed","template":"","meta":[],"product_brand":[],"product_cat":[2858,6632],"product_tag":[],"class_list":{"0":"post-116894","1":"product","2":"type-product","3":"status-publish","4":"has-post-thumbnail","6":"product_cat-beauty","7":"product_cat-beauty-pflegesets","8":"pa_binding-misc","9":"pa_brand-fitters","10":"pa_manufacturer-fitters","12":"first","13":"instock","14":"shipping-taxable","15":"purchasable","16":"product-type-simple","17":"customify-col","18":"product-has-gallery"},"yoast_head":"<!-- This site is optimized with the Yoast SEO plugin v27.4 - https:\/\/yoast.com\/product\/yoast-seo-wordpress\/ -->\n<title>Fitters Real Barber Collection Bartpflege Produkte f\u00fcr M\u00e4nner (After Shave) - Markt-XXL<\/title>\n<meta name=\"description\" content=\"Markt-XXL Fitters Real Barber Collection Bartpflege Produkte f\u00fcr M\u00e4nner (After Shave)\" \/>\n<meta name=\"robots\" content=\"index, follow, max-snippet:-1, max-image-preview:large, max-video-preview:-1\" \/>\n<link rel=\"canonical\" href=\"https:\/\/marktxxl.de\/markt\/produkt\/fitters-real-barber-collection-bartpflege-produkte-fuer-maenner-wie-veganes-bartoel\/\" \/>\n<meta property=\"og:locale\" content=\"de_DE\" \/>\n<meta property=\"og:type\" content=\"article\" \/>\n<meta property=\"og:title\" content=\"Fitters Real Barber Collection Bartpflege Produkte f\u00fcr M\u00e4nner (After Shave) - Markt-XXL\" \/>\n<meta property=\"og:description\" content=\"Markt-XXL Fitters Real Barber Collection Bartpflege Produkte f\u00fcr M\u00e4nner (After Shave)\" \/>\n<meta property=\"og:url\" content=\"https:\/\/marktxxl.de\/markt\/produkt\/fitters-real-barber-collection-bartpflege-produkte-fuer-maenner-wie-veganes-bartoel\/\" \/>\n<meta property=\"og:site_name\" content=\"Markt-XXL\" \/>\n<meta property=\"article:modified_time\" content=\"2023-04-09T01:23:33+00:00\" \/>\n<meta property=\"og:image\" content=\"https:\/\/m.media-amazon.com\/images\/I\/51ss3t4Qi7L._SL500_.jpg\" \/>\n\t<meta property=\"og:image:width\" content=\"500\" \/>\n\t<meta property=\"og:image:height\" content=\"500\" \/>\n\t<meta property=\"og:image:type\" content=\"image\/jpeg\" \/>\n<meta name=\"twitter:card\" content=\"summary_large_image\" \/>\n<script type=\"application\/ld+json\" class=\"yoast-schema-graph\">{\"@context\":\"https:\\\/\\\/schema.org\",\"@graph\":[{\"@type\":\"WebPage\",\"@id\":\"https:\\\/\\\/marktxxl.de\\\/markt\\\/produkt\\\/fitters-real-barber-collection-bartpflege-produkte-fuer-maenner-wie-veganes-bartoel\\\/\",\"url\":\"https:\\\/\\\/marktxxl.de\\\/markt\\\/produkt\\\/fitters-real-barber-collection-bartpflege-produkte-fuer-maenner-wie-veganes-bartoel\\\/\",\"name\":\"Fitters Real Barber Collection Bartpflege Produkte f\u00fcr M\u00e4nner (After Shave) - Markt-XXL\",\"isPartOf\":{\"@id\":\"https:\\\/\\\/marktxxl.de\\\/markt\\\/#website\"},\"primaryImageOfPage\":{\"@id\":\"https:\\\/\\\/marktxxl.de\\\/markt\\\/produkt\\\/fitters-real-barber-collection-bartpflege-produkte-fuer-maenner-wie-veganes-bartoel\\\/#primaryimage\"},\"image\":{\"@id\":\"https:\\\/\\\/marktxxl.de\\\/markt\\\/produkt\\\/fitters-real-barber-collection-bartpflege-produkte-fuer-maenner-wie-veganes-bartoel\\\/#primaryimage\"},\"thumbnailUrl\":\"https:\\\/\\\/m.media-amazon.com\\\/images\\\/I\\\/51ss3t4Qi7L._SL500_.jpg\",\"datePublished\":\"2022-05-14T22:52:37+00:00\",\"dateModified\":\"2023-04-09T01:23:33+00:00\",\"description\":\"Markt-XXL Fitters Real Barber Collection Bartpflege Produkte f\u00fcr M\u00e4nner (After Shave)\",\"breadcrumb\":{\"@id\":\"https:\\\/\\\/marktxxl.de\\\/markt\\\/produkt\\\/fitters-real-barber-collection-bartpflege-produkte-fuer-maenner-wie-veganes-bartoel\\\/#breadcrumb\"},\"inLanguage\":\"de\",\"potentialAction\":[{\"@type\":\"ReadAction\",\"target\":[\"https:\\\/\\\/marktxxl.de\\\/markt\\\/produkt\\\/fitters-real-barber-collection-bartpflege-produkte-fuer-maenner-wie-veganes-bartoel\\\/\"]}]},{\"@type\":\"ImageObject\",\"inLanguage\":\"de\",\"@id\":\"https:\\\/\\\/marktxxl.de\\\/markt\\\/produkt\\\/fitters-real-barber-collection-bartpflege-produkte-fuer-maenner-wie-veganes-bartoel\\\/#primaryimage\",\"url\":\"https:\\\/\\\/m.media-amazon.com\\\/images\\\/I\\\/51ss3t4Qi7L._SL500_.jpg\",\"contentUrl\":\"https:\\\/\\\/m.media-amazon.com\\\/images\\\/I\\\/51ss3t4Qi7L._SL500_.jpg\",\"width\":500,\"height\":500},{\"@type\":\"BreadcrumbList\",\"@id\":\"https:\\\/\\\/marktxxl.de\\\/markt\\\/produkt\\\/fitters-real-barber-collection-bartpflege-produkte-fuer-maenner-wie-veganes-bartoel\\\/#breadcrumb\",\"itemListElement\":[{\"@type\":\"ListItem\",\"position\":1,\"name\":\"Startseite\",\"item\":\"https:\\\/\\\/marktxxl.de\\\/markt\\\/\"},{\"@type\":\"ListItem\",\"position\":2,\"name\":\"Markt\",\"item\":\"https:\\\/\\\/marktxxl.de\\\/markt\\\/\"},{\"@type\":\"ListItem\",\"position\":3,\"name\":\"Fitters Real Barber Collection Bartpflege Produkte f\u00fcr M\u00e4nner (After Shave)\"}]},{\"@type\":\"WebSite\",\"@id\":\"https:\\\/\\\/marktxxl.de\\\/markt\\\/#website\",\"url\":\"https:\\\/\\\/marktxxl.de\\\/markt\\\/\",\"name\":\"Markt-XXL\",\"description\":\"Ihr Markt Online\",\"publisher\":{\"@id\":\"https:\\\/\\\/marktxxl.de\\\/markt\\\/#organization\"},\"potentialAction\":[{\"@type\":\"SearchAction\",\"target\":{\"@type\":\"EntryPoint\",\"urlTemplate\":\"https:\\\/\\\/marktxxl.de\\\/markt\\\/?s={search_term_string}\"},\"query-input\":{\"@type\":\"PropertyValueSpecification\",\"valueRequired\":true,\"valueName\":\"search_term_string\"}}],\"inLanguage\":\"de\"},{\"@type\":\"Organization\",\"@id\":\"https:\\\/\\\/marktxxl.de\\\/markt\\\/#organization\",\"name\":\"Markt-XXL\",\"url\":\"https:\\\/\\\/marktxxl.de\\\/markt\\\/\",\"logo\":{\"@type\":\"ImageObject\",\"inLanguage\":\"de\",\"@id\":\"https:\\\/\\\/marktxxl.de\\\/markt\\\/#\\\/schema\\\/logo\\\/image\\\/\",\"url\":\"https:\\\/\\\/marktxxl.de\\\/markt\\\/wp-content\\\/uploads\\\/sites\\\/3\\\/2020\\\/12\\\/logo.png\",\"contentUrl\":\"https:\\\/\\\/marktxxl.de\\\/markt\\\/wp-content\\\/uploads\\\/sites\\\/3\\\/2020\\\/12\\\/logo.png\",\"width\":200,\"height\":70,\"caption\":\"Markt-XXL\"},\"image\":{\"@id\":\"https:\\\/\\\/marktxxl.de\\\/markt\\\/#\\\/schema\\\/logo\\\/image\\\/\"}}]}<\/script>\n<!-- \/ Yoast SEO plugin. -->","yoast_head_json":{"title":"Fitters Real Barber Collection Bartpflege Produkte f\u00fcr M\u00e4nner (After Shave) - Markt-XXL","description":"Markt-XXL Fitters Real Barber Collection Bartpflege Produkte f\u00fcr M\u00e4nner (After Shave)","robots":{"index":"index","follow":"follow","max-snippet":"max-snippet:-1","max-image-preview":"max-image-preview:large","max-video-preview":"max-video-preview:-1"},"canonical":"https:\/\/marktxxl.de\/markt\/produkt\/fitters-real-barber-collection-bartpflege-produkte-fuer-maenner-wie-veganes-bartoel\/","og_locale":"de_DE","og_type":"article","og_title":"Fitters Real Barber Collection Bartpflege Produkte f\u00fcr M\u00e4nner (After Shave) - Markt-XXL","og_description":"Markt-XXL Fitters Real Barber Collection Bartpflege Produkte f\u00fcr M\u00e4nner (After Shave)","og_url":"https:\/\/marktxxl.de\/markt\/produkt\/fitters-real-barber-collection-bartpflege-produkte-fuer-maenner-wie-veganes-bartoel\/","og_site_name":"Markt-XXL","article_modified_time":"2023-04-09T01:23:33+00:00","og_image":[{"width":500,"height":500,"url":"https:\/\/m.media-amazon.com\/images\/I\/51ss3t4Qi7L._SL500_.jpg","type":"image\/jpeg"}],"twitter_card":"summary_large_image","schema":{"@context":"https:\/\/schema.org","@graph":[{"@type":"WebPage","@id":"https:\/\/marktxxl.de\/markt\/produkt\/fitters-real-barber-collection-bartpflege-produkte-fuer-maenner-wie-veganes-bartoel\/","url":"https:\/\/marktxxl.de\/markt\/produkt\/fitters-real-barber-collection-bartpflege-produkte-fuer-maenner-wie-veganes-bartoel\/","name":"Fitters Real Barber Collection Bartpflege Produkte f\u00fcr M\u00e4nner (After Shave) - Markt-XXL","isPartOf":{"@id":"https:\/\/marktxxl.de\/markt\/#website"},"primaryImageOfPage":{"@id":"https:\/\/marktxxl.de\/markt\/produkt\/fitters-real-barber-collection-bartpflege-produkte-fuer-maenner-wie-veganes-bartoel\/#primaryimage"},"image":{"@id":"https:\/\/marktxxl.de\/markt\/produkt\/fitters-real-barber-collection-bartpflege-produkte-fuer-maenner-wie-veganes-bartoel\/#primaryimage"},"thumbnailUrl":"https:\/\/m.media-amazon.com\/images\/I\/51ss3t4Qi7L._SL500_.jpg","datePublished":"2022-05-14T22:52:37+00:00","dateModified":"2023-04-09T01:23:33+00:00","description":"Markt-XXL Fitters Real Barber Collection Bartpflege Produkte f\u00fcr M\u00e4nner (After Shave)","breadcrumb":{"@id":"https:\/\/marktxxl.de\/markt\/produkt\/fitters-real-barber-collection-bartpflege-produkte-fuer-maenner-wie-veganes-bartoel\/#breadcrumb"},"inLanguage":"de","potentialAction":[{"@type":"ReadAction","target":["https:\/\/marktxxl.de\/markt\/produkt\/fitters-real-barber-collection-bartpflege-produkte-fuer-maenner-wie-veganes-bartoel\/"]}]},{"@type":"ImageObject","inLanguage":"de","@id":"https:\/\/marktxxl.de\/markt\/produkt\/fitters-real-barber-collection-bartpflege-produkte-fuer-maenner-wie-veganes-bartoel\/#primaryimage","url":"https:\/\/m.media-amazon.com\/images\/I\/51ss3t4Qi7L._SL500_.jpg","contentUrl":"https:\/\/m.media-amazon.com\/images\/I\/51ss3t4Qi7L._SL500_.jpg","width":500,"height":500},{"@type":"BreadcrumbList","@id":"https:\/\/marktxxl.de\/markt\/produkt\/fitters-real-barber-collection-bartpflege-produkte-fuer-maenner-wie-veganes-bartoel\/#breadcrumb","itemListElement":[{"@type":"ListItem","position":1,"name":"Startseite","item":"https:\/\/marktxxl.de\/markt\/"},{"@type":"ListItem","position":2,"name":"Markt","item":"https:\/\/marktxxl.de\/markt\/"},{"@type":"ListItem","position":3,"name":"Fitters Real Barber Collection Bartpflege Produkte f\u00fcr M\u00e4nner (After Shave)"}]},{"@type":"WebSite","@id":"https:\/\/marktxxl.de\/markt\/#website","url":"https:\/\/marktxxl.de\/markt\/","name":"Markt-XXL","description":"Ihr Markt Online","publisher":{"@id":"https:\/\/marktxxl.de\/markt\/#organization"},"potentialAction":[{"@type":"SearchAction","target":{"@type":"EntryPoint","urlTemplate":"https:\/\/marktxxl.de\/markt\/?s={search_term_string}"},"query-input":{"@type":"PropertyValueSpecification","valueRequired":true,"valueName":"search_term_string"}}],"inLanguage":"de"},{"@type":"Organization","@id":"https:\/\/marktxxl.de\/markt\/#organization","name":"Markt-XXL","url":"https:\/\/marktxxl.de\/markt\/","logo":{"@type":"ImageObject","inLanguage":"de","@id":"https:\/\/marktxxl.de\/markt\/#\/schema\/logo\/image\/","url":"https:\/\/marktxxl.de\/markt\/wp-content\/uploads\/sites\/3\/2020\/12\/logo.png","contentUrl":"https:\/\/marktxxl.de\/markt\/wp-content\/uploads\/sites\/3\/2020\/12\/logo.png","width":200,"height":70,"caption":"Markt-XXL"},"image":{"@id":"https:\/\/marktxxl.de\/markt\/#\/schema\/logo\/image\/"}}]}},"_links":{"self":[{"href":"https:\/\/marktxxl.de\/markt\/wp-json\/wp\/v2\/product\/116894","targetHints":{"allow":["GET"]}}],"collection":[{"href":"https:\/\/marktxxl.de\/markt\/wp-json\/wp\/v2\/product"}],"about":[{"href":"https:\/\/marktxxl.de\/markt\/wp-json\/wp\/v2\/types\/product"}],"replies":[{"embeddable":true,"href":"https:\/\/marktxxl.de\/markt\/wp-json\/wp\/v2\/comments?post=116894"}],"wp:featuredmedia":[{"embeddable":true,"href":"https:\/\/marktxxl.de\/markt\/wp-json\/wp\/v2\/media\/116895"}],"wp:attachment":[{"href":"https:\/\/marktxxl.de\/markt\/wp-json\/wp\/v2\/media?parent=116894"}],"wp:term":[{"taxonomy":"product_brand","embeddable":true,"href":"https:\/\/marktxxl.de\/markt\/wp-json\/wp\/v2\/product_brand?post=116894"},{"taxonomy":"product_cat","embeddable":true,"href":"https:\/\/marktxxl.de\/markt\/wp-json\/wp\/v2\/product_cat?post=116894"},{"taxonomy":"product_tag","embeddable":true,"href":"https:\/\/marktxxl.de\/markt\/wp-json\/wp\/v2\/product_tag?post=116894"}],"curies":[{"name":"wp","href":"https:\/\/api.w.org\/{rel}","templated":true}]}}