{"id":116873,"date":"2022-05-15T00:52:16","date_gmt":"2022-05-14T22:52:16","guid":{"rendered":"https:\/\/marktxxl.de\/markt\/produkt\/accentra-bade-und-dusch-set-spa-6-teiliges-beauty-set-im-seegraskorb-geschenkset-fuer-frauen-in-einem-dekorativen-geflochtenen-korb\/"},"modified":"2023-04-09T03:23:33","modified_gmt":"2023-04-09T01:23:33","slug":"accentra-bade-und-dusch-set-spa-6-teiliges-beauty-set-im-seegraskorb-geschenkset-fuer-frauen-in-einem-dekorativen-geflochtenen-korb","status":"publish","type":"product","link":"https:\/\/marktxxl.de\/markt\/produkt\/accentra-bade-und-dusch-set-spa-6-teiliges-beauty-set-im-seegraskorb-geschenkset-fuer-frauen-in-einem-dekorativen-geflochtenen-korb\/","title":{"rendered":"accentra Bade- und Dusch Set SPA, 6-teiliges Beauty-Set im Seegraskorb, Geschenkset f\u00fcr Frauen in einem dekorativen\u2026"},"content":{"rendered":"<p>Ansprechende GESCHENK-IDEE f\u00fcr Damen &amp; Teenager M\u00e4dchen in einem sch\u00f6nen, geflochtenen Korb. Das ideale Geschenk zum Valentinstag oder Muttertag! Immer ein originelles Geschenk!<br \/>\nJe 140ml Duschgel, 140ml Schaumbad, 300g Badesalz, 90ml Bodylotion, Sisalschwamm f\u00fcr ein besonderes PFLEGEERLEBNIS. Im sch\u00f6nen, nat\u00fcrlichen Look!<br \/>\nPFLEGEINHALT f\u00fcr zarte Haut &amp; Wohlf\u00fchlerlebnis. Von der hei\u00dfen Dusche, einem entspannenden Bad bis zur K\u00f6rperpflege danach, eine Wohltat f\u00fcr Geist &amp; K\u00f6rper<br \/>\nPflegeset Geschenk-Set zum direkt VERSCHENKEN. Dekorativer Geschenkkorb &amp; Nach White bamboo wohlriechender, zart-pflegender Inhalt. Bequem bestellen, direkt liefern lassen<br \/>\nPflegeset Geschenk &#8211; WELLNESS f\u00fcr Geist &amp; K\u00f6rper. Reinigen, Feuchtigkeit spenden &amp; Sinne verf\u00fchren mit Duschgel, Bodylotion, Schaumbad, Badesalz und sisalschwamm<br \/>\n<div class=\"main-cross-sell\" data-asin=\"B08WMTDBRH\">\n\n\t<div class=\"WooZone-cross-sell-loader\">\n\t\t<div>\n\t\t\t<div id=\"floatingBarsG\">\n\t\t\t\t<div class=\"blockG\" id=\"rotateG_01\"><\/div>\n\t\t\t\t<div class=\"blockG\" id=\"rotateG_02\"><\/div>\n\t\t\t\t<div class=\"blockG\" id=\"rotateG_03\"><\/div>\n\t\t\t\t<div class=\"blockG\" id=\"rotateG_04\"><\/div>\n\t\t\t\t<div class=\"blockG\" id=\"rotateG_05\"><\/div>\n\t\t\t\t<div class=\"blockG\" id=\"rotateG_06\"><\/div>\n\t\t\t\t<div class=\"blockG\" id=\"rotateG_07\"><\/div>\n\t\t\t\t<div class=\"blockG\" id=\"rotateG_08\"><\/div>\n\t\t\t<\/div>\n\t\t\t<div class=\"WooZone-cross-sell-loader-text\"><\/div>\n\t\t<\/div>\n\t<\/div>\n\n\t\t\n<\/div>\n<div style=\"clear:both;\"><\/div><\/p>\n","protected":false},"excerpt":{"rendered":"<p>Ansprechende GESCHENK-IDEE f\u00fcr Damen &amp; Teenager M\u00e4dchen in einem sch\u00f6nen, geflochtenen Korb. Das ideale Geschenk zum Valentinstag oder Muttertag! Immer ein originelles Geschenk!<br \/>\nJe 140ml Duschgel, 140ml Schaumbad, 300g Badesalz, 90ml Bodylotion, Sisalschwamm f\u00fcr ein besonderes PFLEGEERLEBNIS. Im sch\u00f6nen, nat\u00fcrlichen Look!<br \/>\nPFLEGEINHALT f\u00fcr zarte Haut &amp; Wohlf\u00fchlerlebnis. Von der hei\u00dfen Dusche, einem entspannenden Bad bis zur K\u00f6rperpflege danach, eine Wohltat f\u00fcr Geist &amp; K\u00f6rper<\/p>\n","protected":false},"featured_media":116874,"comment_status":"open","ping_status":"closed","template":"","meta":[],"product_brand":[],"product_cat":[2858,6632],"product_tag":[],"class_list":{"0":"post-116873","1":"product","2":"type-product","3":"status-publish","4":"has-post-thumbnail","6":"product_cat-beauty","7":"product_cat-beauty-pflegesets","8":"pa_binding-badartikel","9":"pa_brand-accentra","10":"pa_color-rosa","11":"pa_height-8-661417314-zoll","12":"pa_length-8-661417314-zoll","13":"pa_manufacturer-accentra","14":"pa_model-6054082ac","15":"pa_size-6-stueck-1er-pack","16":"pa_weight-2-1825763938-pfund","17":"pa_width-4-330708657-zoll","19":"first","20":"instock","21":"shipping-taxable","22":"purchasable","23":"product-type-simple","24":"customify-col","25":"product-has-gallery"},"yoast_head":"<!-- This site is optimized with the Yoast SEO plugin v27.4 - https:\/\/yoast.com\/product\/yoast-seo-wordpress\/ -->\n<title>accentra Bade- und Dusch Set SPA, 6-teiliges Beauty-Set im Seegraskorb, Geschenkset f\u00fcr Frauen in einem dekorativen\u2026 - Markt-XXL<\/title>\n<meta name=\"description\" content=\"Markt-XXL accentra Bade- und Dusch Set SPA, 6-teiliges Beauty-Set im Seegraskorb, Geschenkset f\u00fcr Frauen in einem dekorativen\u2026\" \/>\n<meta name=\"robots\" content=\"index, follow, max-snippet:-1, max-image-preview:large, max-video-preview:-1\" \/>\n<link rel=\"canonical\" href=\"https:\/\/marktxxl.de\/markt\/produkt\/accentra-bade-und-dusch-set-spa-6-teiliges-beauty-set-im-seegraskorb-geschenkset-fuer-frauen-in-einem-dekorativen-geflochtenen-korb\/\" \/>\n<meta property=\"og:locale\" content=\"de_DE\" \/>\n<meta property=\"og:type\" content=\"article\" \/>\n<meta property=\"og:title\" content=\"accentra Bade- und Dusch Set SPA, 6-teiliges Beauty-Set im Seegraskorb, Geschenkset f\u00fcr Frauen in einem dekorativen\u2026 - Markt-XXL\" \/>\n<meta property=\"og:description\" content=\"Markt-XXL accentra Bade- und Dusch Set SPA, 6-teiliges Beauty-Set im Seegraskorb, Geschenkset f\u00fcr Frauen in einem dekorativen\u2026\" \/>\n<meta property=\"og:url\" content=\"https:\/\/marktxxl.de\/markt\/produkt\/accentra-bade-und-dusch-set-spa-6-teiliges-beauty-set-im-seegraskorb-geschenkset-fuer-frauen-in-einem-dekorativen-geflochtenen-korb\/\" \/>\n<meta property=\"og:site_name\" content=\"Markt-XXL\" \/>\n<meta property=\"article:modified_time\" content=\"2023-04-09T01:23:33+00:00\" \/>\n<meta property=\"og:image\" content=\"https:\/\/m.media-amazon.com\/images\/I\/516ztvP1AuL._SL500_.jpg\" \/>\n\t<meta property=\"og:image:width\" content=\"500\" \/>\n\t<meta property=\"og:image:height\" content=\"500\" \/>\n\t<meta property=\"og:image:type\" content=\"image\/jpeg\" \/>\n<meta name=\"twitter:card\" content=\"summary_large_image\" \/>\n<meta name=\"twitter:label1\" content=\"Gesch\u00e4tzte Lesezeit\" \/>\n\t<meta name=\"twitter:data1\" content=\"1\u00a0Minute\" \/>\n<script type=\"application\/ld+json\" class=\"yoast-schema-graph\">{\"@context\":\"https:\\\/\\\/schema.org\",\"@graph\":[{\"@type\":\"WebPage\",\"@id\":\"https:\\\/\\\/marktxxl.de\\\/markt\\\/produkt\\\/accentra-bade-und-dusch-set-spa-6-teiliges-beauty-set-im-seegraskorb-geschenkset-fuer-frauen-in-einem-dekorativen-geflochtenen-korb\\\/\",\"url\":\"https:\\\/\\\/marktxxl.de\\\/markt\\\/produkt\\\/accentra-bade-und-dusch-set-spa-6-teiliges-beauty-set-im-seegraskorb-geschenkset-fuer-frauen-in-einem-dekorativen-geflochtenen-korb\\\/\",\"name\":\"accentra Bade- und Dusch Set SPA, 6-teiliges Beauty-Set im Seegraskorb, Geschenkset f\u00fcr Frauen in einem dekorativen\u2026 - Markt-XXL\",\"isPartOf\":{\"@id\":\"https:\\\/\\\/marktxxl.de\\\/markt\\\/#website\"},\"primaryImageOfPage\":{\"@id\":\"https:\\\/\\\/marktxxl.de\\\/markt\\\/produkt\\\/accentra-bade-und-dusch-set-spa-6-teiliges-beauty-set-im-seegraskorb-geschenkset-fuer-frauen-in-einem-dekorativen-geflochtenen-korb\\\/#primaryimage\"},\"image\":{\"@id\":\"https:\\\/\\\/marktxxl.de\\\/markt\\\/produkt\\\/accentra-bade-und-dusch-set-spa-6-teiliges-beauty-set-im-seegraskorb-geschenkset-fuer-frauen-in-einem-dekorativen-geflochtenen-korb\\\/#primaryimage\"},\"thumbnailUrl\":\"https:\\\/\\\/m.media-amazon.com\\\/images\\\/I\\\/516ztvP1AuL._SL500_.jpg\",\"datePublished\":\"2022-05-14T22:52:16+00:00\",\"dateModified\":\"2023-04-09T01:23:33+00:00\",\"description\":\"Markt-XXL accentra Bade- und Dusch Set SPA, 6-teiliges Beauty-Set im Seegraskorb, Geschenkset f\u00fcr Frauen in einem dekorativen\u2026\",\"breadcrumb\":{\"@id\":\"https:\\\/\\\/marktxxl.de\\\/markt\\\/produkt\\\/accentra-bade-und-dusch-set-spa-6-teiliges-beauty-set-im-seegraskorb-geschenkset-fuer-frauen-in-einem-dekorativen-geflochtenen-korb\\\/#breadcrumb\"},\"inLanguage\":\"de\",\"potentialAction\":[{\"@type\":\"ReadAction\",\"target\":[\"https:\\\/\\\/marktxxl.de\\\/markt\\\/produkt\\\/accentra-bade-und-dusch-set-spa-6-teiliges-beauty-set-im-seegraskorb-geschenkset-fuer-frauen-in-einem-dekorativen-geflochtenen-korb\\\/\"]}]},{\"@type\":\"ImageObject\",\"inLanguage\":\"de\",\"@id\":\"https:\\\/\\\/marktxxl.de\\\/markt\\\/produkt\\\/accentra-bade-und-dusch-set-spa-6-teiliges-beauty-set-im-seegraskorb-geschenkset-fuer-frauen-in-einem-dekorativen-geflochtenen-korb\\\/#primaryimage\",\"url\":\"https:\\\/\\\/m.media-amazon.com\\\/images\\\/I\\\/516ztvP1AuL._SL500_.jpg\",\"contentUrl\":\"https:\\\/\\\/m.media-amazon.com\\\/images\\\/I\\\/516ztvP1AuL._SL500_.jpg\",\"width\":500,\"height\":500},{\"@type\":\"BreadcrumbList\",\"@id\":\"https:\\\/\\\/marktxxl.de\\\/markt\\\/produkt\\\/accentra-bade-und-dusch-set-spa-6-teiliges-beauty-set-im-seegraskorb-geschenkset-fuer-frauen-in-einem-dekorativen-geflochtenen-korb\\\/#breadcrumb\",\"itemListElement\":[{\"@type\":\"ListItem\",\"position\":1,\"name\":\"Startseite\",\"item\":\"https:\\\/\\\/marktxxl.de\\\/markt\\\/\"},{\"@type\":\"ListItem\",\"position\":2,\"name\":\"Markt\",\"item\":\"https:\\\/\\\/marktxxl.de\\\/markt\\\/\"},{\"@type\":\"ListItem\",\"position\":3,\"name\":\"accentra Bade- und Dusch Set SPA, 6-teiliges Beauty-Set im Seegraskorb, Geschenkset f\u00fcr Frauen in einem dekorativen\u2026\"}]},{\"@type\":\"WebSite\",\"@id\":\"https:\\\/\\\/marktxxl.de\\\/markt\\\/#website\",\"url\":\"https:\\\/\\\/marktxxl.de\\\/markt\\\/\",\"name\":\"Markt-XXL\",\"description\":\"Ihr Markt Online\",\"publisher\":{\"@id\":\"https:\\\/\\\/marktxxl.de\\\/markt\\\/#organization\"},\"potentialAction\":[{\"@type\":\"SearchAction\",\"target\":{\"@type\":\"EntryPoint\",\"urlTemplate\":\"https:\\\/\\\/marktxxl.de\\\/markt\\\/?s={search_term_string}\"},\"query-input\":{\"@type\":\"PropertyValueSpecification\",\"valueRequired\":true,\"valueName\":\"search_term_string\"}}],\"inLanguage\":\"de\"},{\"@type\":\"Organization\",\"@id\":\"https:\\\/\\\/marktxxl.de\\\/markt\\\/#organization\",\"name\":\"Markt-XXL\",\"url\":\"https:\\\/\\\/marktxxl.de\\\/markt\\\/\",\"logo\":{\"@type\":\"ImageObject\",\"inLanguage\":\"de\",\"@id\":\"https:\\\/\\\/marktxxl.de\\\/markt\\\/#\\\/schema\\\/logo\\\/image\\\/\",\"url\":\"https:\\\/\\\/marktxxl.de\\\/markt\\\/wp-content\\\/uploads\\\/sites\\\/3\\\/2020\\\/12\\\/logo.png\",\"contentUrl\":\"https:\\\/\\\/marktxxl.de\\\/markt\\\/wp-content\\\/uploads\\\/sites\\\/3\\\/2020\\\/12\\\/logo.png\",\"width\":200,\"height\":70,\"caption\":\"Markt-XXL\"},\"image\":{\"@id\":\"https:\\\/\\\/marktxxl.de\\\/markt\\\/#\\\/schema\\\/logo\\\/image\\\/\"}}]}<\/script>\n<!-- \/ Yoast SEO plugin. -->","yoast_head_json":{"title":"accentra Bade- und Dusch Set SPA, 6-teiliges Beauty-Set im Seegraskorb, Geschenkset f\u00fcr Frauen in einem dekorativen\u2026 - Markt-XXL","description":"Markt-XXL accentra Bade- und Dusch Set SPA, 6-teiliges Beauty-Set im Seegraskorb, Geschenkset f\u00fcr Frauen in einem dekorativen\u2026","robots":{"index":"index","follow":"follow","max-snippet":"max-snippet:-1","max-image-preview":"max-image-preview:large","max-video-preview":"max-video-preview:-1"},"canonical":"https:\/\/marktxxl.de\/markt\/produkt\/accentra-bade-und-dusch-set-spa-6-teiliges-beauty-set-im-seegraskorb-geschenkset-fuer-frauen-in-einem-dekorativen-geflochtenen-korb\/","og_locale":"de_DE","og_type":"article","og_title":"accentra Bade- und Dusch Set SPA, 6-teiliges Beauty-Set im Seegraskorb, Geschenkset f\u00fcr Frauen in einem dekorativen\u2026 - Markt-XXL","og_description":"Markt-XXL accentra Bade- und Dusch Set SPA, 6-teiliges Beauty-Set im Seegraskorb, Geschenkset f\u00fcr Frauen in einem dekorativen\u2026","og_url":"https:\/\/marktxxl.de\/markt\/produkt\/accentra-bade-und-dusch-set-spa-6-teiliges-beauty-set-im-seegraskorb-geschenkset-fuer-frauen-in-einem-dekorativen-geflochtenen-korb\/","og_site_name":"Markt-XXL","article_modified_time":"2023-04-09T01:23:33+00:00","og_image":[{"width":500,"height":500,"url":"https:\/\/m.media-amazon.com\/images\/I\/516ztvP1AuL._SL500_.jpg","type":"image\/jpeg"}],"twitter_card":"summary_large_image","twitter_misc":{"Gesch\u00e4tzte Lesezeit":"1\u00a0Minute"},"schema":{"@context":"https:\/\/schema.org","@graph":[{"@type":"WebPage","@id":"https:\/\/marktxxl.de\/markt\/produkt\/accentra-bade-und-dusch-set-spa-6-teiliges-beauty-set-im-seegraskorb-geschenkset-fuer-frauen-in-einem-dekorativen-geflochtenen-korb\/","url":"https:\/\/marktxxl.de\/markt\/produkt\/accentra-bade-und-dusch-set-spa-6-teiliges-beauty-set-im-seegraskorb-geschenkset-fuer-frauen-in-einem-dekorativen-geflochtenen-korb\/","name":"accentra Bade- und Dusch Set SPA, 6-teiliges Beauty-Set im Seegraskorb, Geschenkset f\u00fcr Frauen in einem dekorativen\u2026 - Markt-XXL","isPartOf":{"@id":"https:\/\/marktxxl.de\/markt\/#website"},"primaryImageOfPage":{"@id":"https:\/\/marktxxl.de\/markt\/produkt\/accentra-bade-und-dusch-set-spa-6-teiliges-beauty-set-im-seegraskorb-geschenkset-fuer-frauen-in-einem-dekorativen-geflochtenen-korb\/#primaryimage"},"image":{"@id":"https:\/\/marktxxl.de\/markt\/produkt\/accentra-bade-und-dusch-set-spa-6-teiliges-beauty-set-im-seegraskorb-geschenkset-fuer-frauen-in-einem-dekorativen-geflochtenen-korb\/#primaryimage"},"thumbnailUrl":"https:\/\/m.media-amazon.com\/images\/I\/516ztvP1AuL._SL500_.jpg","datePublished":"2022-05-14T22:52:16+00:00","dateModified":"2023-04-09T01:23:33+00:00","description":"Markt-XXL accentra Bade- und Dusch Set SPA, 6-teiliges Beauty-Set im Seegraskorb, Geschenkset f\u00fcr Frauen in einem dekorativen\u2026","breadcrumb":{"@id":"https:\/\/marktxxl.de\/markt\/produkt\/accentra-bade-und-dusch-set-spa-6-teiliges-beauty-set-im-seegraskorb-geschenkset-fuer-frauen-in-einem-dekorativen-geflochtenen-korb\/#breadcrumb"},"inLanguage":"de","potentialAction":[{"@type":"ReadAction","target":["https:\/\/marktxxl.de\/markt\/produkt\/accentra-bade-und-dusch-set-spa-6-teiliges-beauty-set-im-seegraskorb-geschenkset-fuer-frauen-in-einem-dekorativen-geflochtenen-korb\/"]}]},{"@type":"ImageObject","inLanguage":"de","@id":"https:\/\/marktxxl.de\/markt\/produkt\/accentra-bade-und-dusch-set-spa-6-teiliges-beauty-set-im-seegraskorb-geschenkset-fuer-frauen-in-einem-dekorativen-geflochtenen-korb\/#primaryimage","url":"https:\/\/m.media-amazon.com\/images\/I\/516ztvP1AuL._SL500_.jpg","contentUrl":"https:\/\/m.media-amazon.com\/images\/I\/516ztvP1AuL._SL500_.jpg","width":500,"height":500},{"@type":"BreadcrumbList","@id":"https:\/\/marktxxl.de\/markt\/produkt\/accentra-bade-und-dusch-set-spa-6-teiliges-beauty-set-im-seegraskorb-geschenkset-fuer-frauen-in-einem-dekorativen-geflochtenen-korb\/#breadcrumb","itemListElement":[{"@type":"ListItem","position":1,"name":"Startseite","item":"https:\/\/marktxxl.de\/markt\/"},{"@type":"ListItem","position":2,"name":"Markt","item":"https:\/\/marktxxl.de\/markt\/"},{"@type":"ListItem","position":3,"name":"accentra Bade- und Dusch Set SPA, 6-teiliges Beauty-Set im Seegraskorb, Geschenkset f\u00fcr Frauen in einem dekorativen\u2026"}]},{"@type":"WebSite","@id":"https:\/\/marktxxl.de\/markt\/#website","url":"https:\/\/marktxxl.de\/markt\/","name":"Markt-XXL","description":"Ihr Markt Online","publisher":{"@id":"https:\/\/marktxxl.de\/markt\/#organization"},"potentialAction":[{"@type":"SearchAction","target":{"@type":"EntryPoint","urlTemplate":"https:\/\/marktxxl.de\/markt\/?s={search_term_string}"},"query-input":{"@type":"PropertyValueSpecification","valueRequired":true,"valueName":"search_term_string"}}],"inLanguage":"de"},{"@type":"Organization","@id":"https:\/\/marktxxl.de\/markt\/#organization","name":"Markt-XXL","url":"https:\/\/marktxxl.de\/markt\/","logo":{"@type":"ImageObject","inLanguage":"de","@id":"https:\/\/marktxxl.de\/markt\/#\/schema\/logo\/image\/","url":"https:\/\/marktxxl.de\/markt\/wp-content\/uploads\/sites\/3\/2020\/12\/logo.png","contentUrl":"https:\/\/marktxxl.de\/markt\/wp-content\/uploads\/sites\/3\/2020\/12\/logo.png","width":200,"height":70,"caption":"Markt-XXL"},"image":{"@id":"https:\/\/marktxxl.de\/markt\/#\/schema\/logo\/image\/"}}]}},"_links":{"self":[{"href":"https:\/\/marktxxl.de\/markt\/wp-json\/wp\/v2\/product\/116873","targetHints":{"allow":["GET"]}}],"collection":[{"href":"https:\/\/marktxxl.de\/markt\/wp-json\/wp\/v2\/product"}],"about":[{"href":"https:\/\/marktxxl.de\/markt\/wp-json\/wp\/v2\/types\/product"}],"replies":[{"embeddable":true,"href":"https:\/\/marktxxl.de\/markt\/wp-json\/wp\/v2\/comments?post=116873"}],"wp:featuredmedia":[{"embeddable":true,"href":"https:\/\/marktxxl.de\/markt\/wp-json\/wp\/v2\/media\/116874"}],"wp:attachment":[{"href":"https:\/\/marktxxl.de\/markt\/wp-json\/wp\/v2\/media?parent=116873"}],"wp:term":[{"taxonomy":"product_brand","embeddable":true,"href":"https:\/\/marktxxl.de\/markt\/wp-json\/wp\/v2\/product_brand?post=116873"},{"taxonomy":"product_cat","embeddable":true,"href":"https:\/\/marktxxl.de\/markt\/wp-json\/wp\/v2\/product_cat?post=116873"},{"taxonomy":"product_tag","embeddable":true,"href":"https:\/\/marktxxl.de\/markt\/wp-json\/wp\/v2\/product_tag?post=116873"}],"curies":[{"name":"wp","href":"https:\/\/api.w.org\/{rel}","templated":true}]}}