{"id":116836,"date":"2022-05-15T00:50:34","date_gmt":"2022-05-14T22:50:34","guid":{"rendered":"https:\/\/marktxxl.de\/markt\/produkt\/kalte-kugeln-fuer-gesichtsbehandlungen-2-stueck-gesichtskugeln-eis-schoenheitskugeln-hautpflege-werkzeug-eis-gesichtsroller-reduziert-dunkle-ringe-falten-schwellungen-entzuendungen\/"},"modified":"2023-04-09T03:23:32","modified_gmt":"2023-04-09T01:23:32","slug":"kalte-kugeln-fuer-gesichtsbehandlungen-2-stueck-gesichtskugeln-eis-schoenheitskugeln-hautpflege-werkzeug-eis-gesichtsroller-reduziert-dunkle-ringe-falten-schwellungen-entzuendungen","status":"publish","type":"product","link":"https:\/\/marktxxl.de\/markt\/produkt\/kalte-kugeln-fuer-gesichtsbehandlungen-2-stueck-gesichtskugeln-eis-schoenheitskugeln-hautpflege-werkzeug-eis-gesichtsroller-reduziert-dunkle-ringe-falten-schwellungen-entzuendungen\/","title":{"rendered":"cRyOs5 Eiskugeln f\u00fcr Gesichtsbehandlungen, 2 St\u00fcck Gesichtseiskugeln f\u00fcr Massagewerkzeug, effektive Gesichtskugeln f\u00fcr\u2026"},"content":{"rendered":"<p>\u2714\ufe0f Glatte feine Linien: Die Gesichtskugeln kehren die Zeichen der Alterung um, indem sie Falten und feine Linien reduzieren. Es kann Ihre Nerven stimulieren, um das Gesichtsgewebe zu trainieren, die Haut zu straffen und die Porengr\u00f6\u00dfe zu reduzieren.<br \/>\n\u2714\ufe0f Lindert M\u00fcdigkeit: Die Gesichtswerkzeuge lindern M\u00fcdigkeit und Stress. Diese Hautpflegewerkzeuge sind hervorragend f\u00fcr die Linderung von Nebenh\u00f6hlen und Migr\u00e4ne. Entspannen Sie sich nach der Arbeit und langen Reisen.<br \/>\n\u2714\ufe0f Beruhigt die Haut und reduziert Schwellungen: Die K\u00fchlung der K\u00fchlkugeln schlie\u00dft die Poren, w\u00e4hrend die Kugeln die Durchblutung f\u00f6rdern, was Schwellungen reduzieren und das Gesicht anheben kann.<br \/>\n\u2714\ufe0f Premium-Qualit\u00e4t: Hergestellt aus gefriersicherem Glas und Anti-Frost-Fl\u00fcssigkeit, die Eiswalze k\u00f6nnen im K\u00fchlschrank oder Gefrierschrank aufbewahrt werden. Es wird nicht empfohlen, die K\u00fchlkugeln f\u00fcr mehr als 10 Minuten in den Gefrierschrank zu legen.<br \/>\n\u2714\ufe0f PERFEKTES GESCHENK: Verpackt in einer Geschenkbox ist der Gesichtsroller Globus ein perfektes Geschenk f\u00fcr Frauen und M\u00e4nner, jung und alt.<br \/>\n<div class=\"main-cross-sell\" data-asin=\"B09DLFQK2M\">\n\n\t<div class=\"WooZone-cross-sell-loader\">\n\t\t<div>\n\t\t\t<div id=\"floatingBarsG\">\n\t\t\t\t<div class=\"blockG\" id=\"rotateG_01\"><\/div>\n\t\t\t\t<div class=\"blockG\" id=\"rotateG_02\"><\/div>\n\t\t\t\t<div class=\"blockG\" id=\"rotateG_03\"><\/div>\n\t\t\t\t<div class=\"blockG\" id=\"rotateG_04\"><\/div>\n\t\t\t\t<div class=\"blockG\" id=\"rotateG_05\"><\/div>\n\t\t\t\t<div class=\"blockG\" id=\"rotateG_06\"><\/div>\n\t\t\t\t<div class=\"blockG\" id=\"rotateG_07\"><\/div>\n\t\t\t\t<div class=\"blockG\" id=\"rotateG_08\"><\/div>\n\t\t\t<\/div>\n\t\t\t<div class=\"WooZone-cross-sell-loader-text\"><\/div>\n\t\t<\/div>\n\t<\/div>\n\n\t\t\n<\/div>\n<div style=\"clear:both;\"><\/div><\/p>\n","protected":false},"excerpt":{"rendered":"<p>\u2714\ufe0f Glatte feine Linien: Die Gesichtskugeln kehren die Zeichen der Alterung um, indem sie Falten und feine Linien reduzieren. Es kann Ihre Nerven stimulieren, um das Gesichtsgewebe zu trainieren, die Haut zu straffen und die Porengr\u00f6\u00dfe zu reduzieren.<br \/>\n\u2714\ufe0f Lindert M\u00fcdigkeit: Die Gesichtswerkzeuge lindern M\u00fcdigkeit und Stress. Diese Hautpflegewerkzeuge sind hervorragend f\u00fcr die Linderung von Nebenh\u00f6hlen und Migr\u00e4ne. Entspannen Sie sich nach der Arbeit und langen Reisen.<br \/>\n\u2714\ufe0f Beruhigt die Haut und reduziert Schwellungen: Die K\u00fchlung der K\u00fchlkugeln schlie\u00dft die Poren, w\u00e4hrend die Kugeln die Durchblutung f\u00f6rdern, was Schwellungen reduzieren und das Gesicht anheben kann.<\/p>\n","protected":false},"featured_media":116837,"comment_status":"open","ping_status":"closed","template":"","meta":[],"product_brand":[],"product_cat":[2858,6632],"product_tag":[],"class_list":{"0":"post-116836","1":"product","2":"type-product","3":"status-publish","4":"has-post-thumbnail","6":"product_cat-beauty","7":"product_cat-beauty-pflegesets","8":"pa_binding-misc","9":"pa_brand-cryos5","10":"pa_color-blau","11":"pa_manufacturer-cryos5","13":"first","14":"instock","15":"shipping-taxable","16":"purchasable","17":"product-type-simple","18":"customify-col","19":"product-has-gallery"},"yoast_head":"<!-- This site is optimized with the Yoast SEO plugin v27.4 - https:\/\/yoast.com\/product\/yoast-seo-wordpress\/ -->\n<title>cRyOs5 Eiskugeln f\u00fcr Gesichtsbehandlungen, 2 St\u00fcck Gesichtseiskugeln f\u00fcr Massagewerkzeug, effektive Gesichtskugeln f\u00fcr\u2026 - Markt-XXL<\/title>\n<meta name=\"description\" content=\"Markt-XXL cRyOs5 Eiskugeln f\u00fcr Gesichtsbehandlungen, 2 St\u00fcck Gesichtseiskugeln f\u00fcr Massagewerkzeug, effektive Gesichtskugeln f\u00fcr\u2026\" \/>\n<meta name=\"robots\" content=\"index, follow, max-snippet:-1, max-image-preview:large, max-video-preview:-1\" \/>\n<link rel=\"canonical\" href=\"https:\/\/marktxxl.de\/markt\/produkt\/kalte-kugeln-fuer-gesichtsbehandlungen-2-stueck-gesichtskugeln-eis-schoenheitskugeln-hautpflege-werkzeug-eis-gesichtsroller-reduziert-dunkle-ringe-falten-schwellungen-entzuendungen\/\" \/>\n<meta property=\"og:locale\" content=\"de_DE\" \/>\n<meta property=\"og:type\" content=\"article\" \/>\n<meta property=\"og:title\" content=\"cRyOs5 Eiskugeln f\u00fcr Gesichtsbehandlungen, 2 St\u00fcck Gesichtseiskugeln f\u00fcr Massagewerkzeug, effektive Gesichtskugeln f\u00fcr\u2026 - Markt-XXL\" \/>\n<meta property=\"og:description\" content=\"Markt-XXL cRyOs5 Eiskugeln f\u00fcr Gesichtsbehandlungen, 2 St\u00fcck Gesichtseiskugeln f\u00fcr Massagewerkzeug, effektive Gesichtskugeln f\u00fcr\u2026\" \/>\n<meta property=\"og:url\" content=\"https:\/\/marktxxl.de\/markt\/produkt\/kalte-kugeln-fuer-gesichtsbehandlungen-2-stueck-gesichtskugeln-eis-schoenheitskugeln-hautpflege-werkzeug-eis-gesichtsroller-reduziert-dunkle-ringe-falten-schwellungen-entzuendungen\/\" \/>\n<meta property=\"og:site_name\" content=\"Markt-XXL\" \/>\n<meta property=\"article:modified_time\" content=\"2023-04-09T01:23:32+00:00\" \/>\n<meta property=\"og:image\" content=\"https:\/\/m.media-amazon.com\/images\/I\/41lQSPZL+QL._SL500_.jpg\" \/>\n\t<meta property=\"og:image:width\" content=\"500\" \/>\n\t<meta property=\"og:image:height\" content=\"500\" \/>\n\t<meta property=\"og:image:type\" content=\"image\/jpeg\" \/>\n<meta name=\"twitter:card\" content=\"summary_large_image\" \/>\n<meta name=\"twitter:label1\" content=\"Gesch\u00e4tzte Lesezeit\" \/>\n\t<meta name=\"twitter:data1\" content=\"1\u00a0Minute\" \/>\n<script type=\"application\/ld+json\" class=\"yoast-schema-graph\">{\"@context\":\"https:\\\/\\\/schema.org\",\"@graph\":[{\"@type\":\"WebPage\",\"@id\":\"https:\\\/\\\/marktxxl.de\\\/markt\\\/produkt\\\/kalte-kugeln-fuer-gesichtsbehandlungen-2-stueck-gesichtskugeln-eis-schoenheitskugeln-hautpflege-werkzeug-eis-gesichtsroller-reduziert-dunkle-ringe-falten-schwellungen-entzuendungen\\\/\",\"url\":\"https:\\\/\\\/marktxxl.de\\\/markt\\\/produkt\\\/kalte-kugeln-fuer-gesichtsbehandlungen-2-stueck-gesichtskugeln-eis-schoenheitskugeln-hautpflege-werkzeug-eis-gesichtsroller-reduziert-dunkle-ringe-falten-schwellungen-entzuendungen\\\/\",\"name\":\"cRyOs5 Eiskugeln f\u00fcr Gesichtsbehandlungen, 2 St\u00fcck Gesichtseiskugeln f\u00fcr Massagewerkzeug, effektive Gesichtskugeln f\u00fcr\u2026 - Markt-XXL\",\"isPartOf\":{\"@id\":\"https:\\\/\\\/marktxxl.de\\\/markt\\\/#website\"},\"primaryImageOfPage\":{\"@id\":\"https:\\\/\\\/marktxxl.de\\\/markt\\\/produkt\\\/kalte-kugeln-fuer-gesichtsbehandlungen-2-stueck-gesichtskugeln-eis-schoenheitskugeln-hautpflege-werkzeug-eis-gesichtsroller-reduziert-dunkle-ringe-falten-schwellungen-entzuendungen\\\/#primaryimage\"},\"image\":{\"@id\":\"https:\\\/\\\/marktxxl.de\\\/markt\\\/produkt\\\/kalte-kugeln-fuer-gesichtsbehandlungen-2-stueck-gesichtskugeln-eis-schoenheitskugeln-hautpflege-werkzeug-eis-gesichtsroller-reduziert-dunkle-ringe-falten-schwellungen-entzuendungen\\\/#primaryimage\"},\"thumbnailUrl\":\"https:\\\/\\\/m.media-amazon.com\\\/images\\\/I\\\/41lQSPZL+QL._SL500_.jpg\",\"datePublished\":\"2022-05-14T22:50:34+00:00\",\"dateModified\":\"2023-04-09T01:23:32+00:00\",\"description\":\"Markt-XXL cRyOs5 Eiskugeln f\u00fcr Gesichtsbehandlungen, 2 St\u00fcck Gesichtseiskugeln f\u00fcr Massagewerkzeug, effektive Gesichtskugeln f\u00fcr\u2026\",\"breadcrumb\":{\"@id\":\"https:\\\/\\\/marktxxl.de\\\/markt\\\/produkt\\\/kalte-kugeln-fuer-gesichtsbehandlungen-2-stueck-gesichtskugeln-eis-schoenheitskugeln-hautpflege-werkzeug-eis-gesichtsroller-reduziert-dunkle-ringe-falten-schwellungen-entzuendungen\\\/#breadcrumb\"},\"inLanguage\":\"de\",\"potentialAction\":[{\"@type\":\"ReadAction\",\"target\":[\"https:\\\/\\\/marktxxl.de\\\/markt\\\/produkt\\\/kalte-kugeln-fuer-gesichtsbehandlungen-2-stueck-gesichtskugeln-eis-schoenheitskugeln-hautpflege-werkzeug-eis-gesichtsroller-reduziert-dunkle-ringe-falten-schwellungen-entzuendungen\\\/\"]}]},{\"@type\":\"ImageObject\",\"inLanguage\":\"de\",\"@id\":\"https:\\\/\\\/marktxxl.de\\\/markt\\\/produkt\\\/kalte-kugeln-fuer-gesichtsbehandlungen-2-stueck-gesichtskugeln-eis-schoenheitskugeln-hautpflege-werkzeug-eis-gesichtsroller-reduziert-dunkle-ringe-falten-schwellungen-entzuendungen\\\/#primaryimage\",\"url\":\"https:\\\/\\\/m.media-amazon.com\\\/images\\\/I\\\/41lQSPZL+QL._SL500_.jpg\",\"contentUrl\":\"https:\\\/\\\/m.media-amazon.com\\\/images\\\/I\\\/41lQSPZL+QL._SL500_.jpg\",\"width\":500,\"height\":500},{\"@type\":\"BreadcrumbList\",\"@id\":\"https:\\\/\\\/marktxxl.de\\\/markt\\\/produkt\\\/kalte-kugeln-fuer-gesichtsbehandlungen-2-stueck-gesichtskugeln-eis-schoenheitskugeln-hautpflege-werkzeug-eis-gesichtsroller-reduziert-dunkle-ringe-falten-schwellungen-entzuendungen\\\/#breadcrumb\",\"itemListElement\":[{\"@type\":\"ListItem\",\"position\":1,\"name\":\"Startseite\",\"item\":\"https:\\\/\\\/marktxxl.de\\\/markt\\\/\"},{\"@type\":\"ListItem\",\"position\":2,\"name\":\"Markt\",\"item\":\"https:\\\/\\\/marktxxl.de\\\/markt\\\/\"},{\"@type\":\"ListItem\",\"position\":3,\"name\":\"cRyOs5 Eiskugeln f\u00fcr Gesichtsbehandlungen, 2 St\u00fcck Gesichtseiskugeln f\u00fcr Massagewerkzeug, effektive Gesichtskugeln f\u00fcr\u2026\"}]},{\"@type\":\"WebSite\",\"@id\":\"https:\\\/\\\/marktxxl.de\\\/markt\\\/#website\",\"url\":\"https:\\\/\\\/marktxxl.de\\\/markt\\\/\",\"name\":\"Markt-XXL\",\"description\":\"Ihr Markt Online\",\"publisher\":{\"@id\":\"https:\\\/\\\/marktxxl.de\\\/markt\\\/#organization\"},\"potentialAction\":[{\"@type\":\"SearchAction\",\"target\":{\"@type\":\"EntryPoint\",\"urlTemplate\":\"https:\\\/\\\/marktxxl.de\\\/markt\\\/?s={search_term_string}\"},\"query-input\":{\"@type\":\"PropertyValueSpecification\",\"valueRequired\":true,\"valueName\":\"search_term_string\"}}],\"inLanguage\":\"de\"},{\"@type\":\"Organization\",\"@id\":\"https:\\\/\\\/marktxxl.de\\\/markt\\\/#organization\",\"name\":\"Markt-XXL\",\"url\":\"https:\\\/\\\/marktxxl.de\\\/markt\\\/\",\"logo\":{\"@type\":\"ImageObject\",\"inLanguage\":\"de\",\"@id\":\"https:\\\/\\\/marktxxl.de\\\/markt\\\/#\\\/schema\\\/logo\\\/image\\\/\",\"url\":\"https:\\\/\\\/marktxxl.de\\\/markt\\\/wp-content\\\/uploads\\\/sites\\\/3\\\/2020\\\/12\\\/logo.png\",\"contentUrl\":\"https:\\\/\\\/marktxxl.de\\\/markt\\\/wp-content\\\/uploads\\\/sites\\\/3\\\/2020\\\/12\\\/logo.png\",\"width\":200,\"height\":70,\"caption\":\"Markt-XXL\"},\"image\":{\"@id\":\"https:\\\/\\\/marktxxl.de\\\/markt\\\/#\\\/schema\\\/logo\\\/image\\\/\"}}]}<\/script>\n<!-- \/ Yoast SEO plugin. -->","yoast_head_json":{"title":"cRyOs5 Eiskugeln f\u00fcr Gesichtsbehandlungen, 2 St\u00fcck Gesichtseiskugeln f\u00fcr Massagewerkzeug, effektive Gesichtskugeln f\u00fcr\u2026 - Markt-XXL","description":"Markt-XXL cRyOs5 Eiskugeln f\u00fcr Gesichtsbehandlungen, 2 St\u00fcck Gesichtseiskugeln f\u00fcr Massagewerkzeug, effektive Gesichtskugeln f\u00fcr\u2026","robots":{"index":"index","follow":"follow","max-snippet":"max-snippet:-1","max-image-preview":"max-image-preview:large","max-video-preview":"max-video-preview:-1"},"canonical":"https:\/\/marktxxl.de\/markt\/produkt\/kalte-kugeln-fuer-gesichtsbehandlungen-2-stueck-gesichtskugeln-eis-schoenheitskugeln-hautpflege-werkzeug-eis-gesichtsroller-reduziert-dunkle-ringe-falten-schwellungen-entzuendungen\/","og_locale":"de_DE","og_type":"article","og_title":"cRyOs5 Eiskugeln f\u00fcr Gesichtsbehandlungen, 2 St\u00fcck Gesichtseiskugeln f\u00fcr Massagewerkzeug, effektive Gesichtskugeln f\u00fcr\u2026 - Markt-XXL","og_description":"Markt-XXL cRyOs5 Eiskugeln f\u00fcr Gesichtsbehandlungen, 2 St\u00fcck Gesichtseiskugeln f\u00fcr Massagewerkzeug, effektive Gesichtskugeln f\u00fcr\u2026","og_url":"https:\/\/marktxxl.de\/markt\/produkt\/kalte-kugeln-fuer-gesichtsbehandlungen-2-stueck-gesichtskugeln-eis-schoenheitskugeln-hautpflege-werkzeug-eis-gesichtsroller-reduziert-dunkle-ringe-falten-schwellungen-entzuendungen\/","og_site_name":"Markt-XXL","article_modified_time":"2023-04-09T01:23:32+00:00","og_image":[{"width":500,"height":500,"url":"https:\/\/m.media-amazon.com\/images\/I\/41lQSPZL+QL._SL500_.jpg","type":"image\/jpeg"}],"twitter_card":"summary_large_image","twitter_misc":{"Gesch\u00e4tzte Lesezeit":"1\u00a0Minute"},"schema":{"@context":"https:\/\/schema.org","@graph":[{"@type":"WebPage","@id":"https:\/\/marktxxl.de\/markt\/produkt\/kalte-kugeln-fuer-gesichtsbehandlungen-2-stueck-gesichtskugeln-eis-schoenheitskugeln-hautpflege-werkzeug-eis-gesichtsroller-reduziert-dunkle-ringe-falten-schwellungen-entzuendungen\/","url":"https:\/\/marktxxl.de\/markt\/produkt\/kalte-kugeln-fuer-gesichtsbehandlungen-2-stueck-gesichtskugeln-eis-schoenheitskugeln-hautpflege-werkzeug-eis-gesichtsroller-reduziert-dunkle-ringe-falten-schwellungen-entzuendungen\/","name":"cRyOs5 Eiskugeln f\u00fcr Gesichtsbehandlungen, 2 St\u00fcck Gesichtseiskugeln f\u00fcr Massagewerkzeug, effektive Gesichtskugeln f\u00fcr\u2026 - Markt-XXL","isPartOf":{"@id":"https:\/\/marktxxl.de\/markt\/#website"},"primaryImageOfPage":{"@id":"https:\/\/marktxxl.de\/markt\/produkt\/kalte-kugeln-fuer-gesichtsbehandlungen-2-stueck-gesichtskugeln-eis-schoenheitskugeln-hautpflege-werkzeug-eis-gesichtsroller-reduziert-dunkle-ringe-falten-schwellungen-entzuendungen\/#primaryimage"},"image":{"@id":"https:\/\/marktxxl.de\/markt\/produkt\/kalte-kugeln-fuer-gesichtsbehandlungen-2-stueck-gesichtskugeln-eis-schoenheitskugeln-hautpflege-werkzeug-eis-gesichtsroller-reduziert-dunkle-ringe-falten-schwellungen-entzuendungen\/#primaryimage"},"thumbnailUrl":"https:\/\/m.media-amazon.com\/images\/I\/41lQSPZL+QL._SL500_.jpg","datePublished":"2022-05-14T22:50:34+00:00","dateModified":"2023-04-09T01:23:32+00:00","description":"Markt-XXL cRyOs5 Eiskugeln f\u00fcr Gesichtsbehandlungen, 2 St\u00fcck Gesichtseiskugeln f\u00fcr Massagewerkzeug, effektive Gesichtskugeln f\u00fcr\u2026","breadcrumb":{"@id":"https:\/\/marktxxl.de\/markt\/produkt\/kalte-kugeln-fuer-gesichtsbehandlungen-2-stueck-gesichtskugeln-eis-schoenheitskugeln-hautpflege-werkzeug-eis-gesichtsroller-reduziert-dunkle-ringe-falten-schwellungen-entzuendungen\/#breadcrumb"},"inLanguage":"de","potentialAction":[{"@type":"ReadAction","target":["https:\/\/marktxxl.de\/markt\/produkt\/kalte-kugeln-fuer-gesichtsbehandlungen-2-stueck-gesichtskugeln-eis-schoenheitskugeln-hautpflege-werkzeug-eis-gesichtsroller-reduziert-dunkle-ringe-falten-schwellungen-entzuendungen\/"]}]},{"@type":"ImageObject","inLanguage":"de","@id":"https:\/\/marktxxl.de\/markt\/produkt\/kalte-kugeln-fuer-gesichtsbehandlungen-2-stueck-gesichtskugeln-eis-schoenheitskugeln-hautpflege-werkzeug-eis-gesichtsroller-reduziert-dunkle-ringe-falten-schwellungen-entzuendungen\/#primaryimage","url":"https:\/\/m.media-amazon.com\/images\/I\/41lQSPZL+QL._SL500_.jpg","contentUrl":"https:\/\/m.media-amazon.com\/images\/I\/41lQSPZL+QL._SL500_.jpg","width":500,"height":500},{"@type":"BreadcrumbList","@id":"https:\/\/marktxxl.de\/markt\/produkt\/kalte-kugeln-fuer-gesichtsbehandlungen-2-stueck-gesichtskugeln-eis-schoenheitskugeln-hautpflege-werkzeug-eis-gesichtsroller-reduziert-dunkle-ringe-falten-schwellungen-entzuendungen\/#breadcrumb","itemListElement":[{"@type":"ListItem","position":1,"name":"Startseite","item":"https:\/\/marktxxl.de\/markt\/"},{"@type":"ListItem","position":2,"name":"Markt","item":"https:\/\/marktxxl.de\/markt\/"},{"@type":"ListItem","position":3,"name":"cRyOs5 Eiskugeln f\u00fcr Gesichtsbehandlungen, 2 St\u00fcck Gesichtseiskugeln f\u00fcr Massagewerkzeug, effektive Gesichtskugeln f\u00fcr\u2026"}]},{"@type":"WebSite","@id":"https:\/\/marktxxl.de\/markt\/#website","url":"https:\/\/marktxxl.de\/markt\/","name":"Markt-XXL","description":"Ihr Markt Online","publisher":{"@id":"https:\/\/marktxxl.de\/markt\/#organization"},"potentialAction":[{"@type":"SearchAction","target":{"@type":"EntryPoint","urlTemplate":"https:\/\/marktxxl.de\/markt\/?s={search_term_string}"},"query-input":{"@type":"PropertyValueSpecification","valueRequired":true,"valueName":"search_term_string"}}],"inLanguage":"de"},{"@type":"Organization","@id":"https:\/\/marktxxl.de\/markt\/#organization","name":"Markt-XXL","url":"https:\/\/marktxxl.de\/markt\/","logo":{"@type":"ImageObject","inLanguage":"de","@id":"https:\/\/marktxxl.de\/markt\/#\/schema\/logo\/image\/","url":"https:\/\/marktxxl.de\/markt\/wp-content\/uploads\/sites\/3\/2020\/12\/logo.png","contentUrl":"https:\/\/marktxxl.de\/markt\/wp-content\/uploads\/sites\/3\/2020\/12\/logo.png","width":200,"height":70,"caption":"Markt-XXL"},"image":{"@id":"https:\/\/marktxxl.de\/markt\/#\/schema\/logo\/image\/"}}]}},"_links":{"self":[{"href":"https:\/\/marktxxl.de\/markt\/wp-json\/wp\/v2\/product\/116836","targetHints":{"allow":["GET"]}}],"collection":[{"href":"https:\/\/marktxxl.de\/markt\/wp-json\/wp\/v2\/product"}],"about":[{"href":"https:\/\/marktxxl.de\/markt\/wp-json\/wp\/v2\/types\/product"}],"replies":[{"embeddable":true,"href":"https:\/\/marktxxl.de\/markt\/wp-json\/wp\/v2\/comments?post=116836"}],"wp:featuredmedia":[{"embeddable":true,"href":"https:\/\/marktxxl.de\/markt\/wp-json\/wp\/v2\/media\/116837"}],"wp:attachment":[{"href":"https:\/\/marktxxl.de\/markt\/wp-json\/wp\/v2\/media?parent=116836"}],"wp:term":[{"taxonomy":"product_brand","embeddable":true,"href":"https:\/\/marktxxl.de\/markt\/wp-json\/wp\/v2\/product_brand?post=116836"},{"taxonomy":"product_cat","embeddable":true,"href":"https:\/\/marktxxl.de\/markt\/wp-json\/wp\/v2\/product_cat?post=116836"},{"taxonomy":"product_tag","embeddable":true,"href":"https:\/\/marktxxl.de\/markt\/wp-json\/wp\/v2\/product_tag?post=116836"}],"curies":[{"name":"wp","href":"https:\/\/api.w.org\/{rel}","templated":true}]}}