{"id":116815,"date":"2022-05-15T00:50:21","date_gmt":"2022-05-14T22:50:21","guid":{"rendered":"https:\/\/marktxxl.de\/markt\/produkt\/rituals-the-ritual-of-jing-duschschaum-200-ml\/"},"modified":"2023-04-09T03:23:32","modified_gmt":"2023-04-09T01:23:32","slug":"rituals-the-ritual-of-jing-duschschaum-200-ml","status":"publish","type":"product","link":"https:\/\/marktxxl.de\/markt\/produkt\/rituals-the-ritual-of-jing-duschschaum-200-ml\/","title":{"rendered":"RITUALS The Ritual of Jing Duschschaum, 200 ml"},"content":{"rendered":"<p>Machen Sie aus Ihrer t\u00e4glichen Routine ein Ritual: Verleihen Sie mit The Ritual of Jing jedem Tag Ruhe und Achtsamkeit<br \/>\nEntspannender Duschschaum: Unsere einzigartige Formel verwandelt sich beim Kontakt mit Wasser von einem Gel in einen seidenweichen Schaum. Nehmen Sie sich bei Ihrer t\u00e4glichen Pflege Zeit, um die Entspannung zu genie\u00dfen, die Sie auch danach noch Stunden begleiten wird<br \/>\nBeruhigende Inhaltsstoffe: Indische Lotosblumen und Jujube wurden wegen ihrer beruhigenden, reinigenden Eigenschaften nach uralter chinesischer Tradition sorgf\u00e4ltig ausgew\u00e4hlt<br \/>\nReinigender Duft: Der beruhigende Duft von Indischem Lotos und Jujube h\u00fcllen Sie beim Duschen wohlig ein<br \/>\nVervollst\u00e4ndigen Sie das Ritual: Peelen Sie sich nach der Reinigung mit unserem K\u00f6rperpeeling, bevor Sie Ihrer Haut mit der K\u00f6rpercreme aus The Ritual of Jing die ben\u00f6tigte Feuchtigkeit zur\u00fcckgeben; zum Abschluss k\u00f6nnen Sie mit unserem Haar-, K\u00f6rper- und Bett-Spray wunderbar entspannen<br \/>\n<div class=\"main-cross-sell\" data-asin=\"B08445R9NS\">\n\n\t<div class=\"WooZone-cross-sell-loader\">\n\t\t<div>\n\t\t\t<div id=\"floatingBarsG\">\n\t\t\t\t<div class=\"blockG\" id=\"rotateG_01\"><\/div>\n\t\t\t\t<div class=\"blockG\" id=\"rotateG_02\"><\/div>\n\t\t\t\t<div class=\"blockG\" id=\"rotateG_03\"><\/div>\n\t\t\t\t<div class=\"blockG\" id=\"rotateG_04\"><\/div>\n\t\t\t\t<div class=\"blockG\" id=\"rotateG_05\"><\/div>\n\t\t\t\t<div class=\"blockG\" id=\"rotateG_06\"><\/div>\n\t\t\t\t<div class=\"blockG\" id=\"rotateG_07\"><\/div>\n\t\t\t\t<div class=\"blockG\" id=\"rotateG_08\"><\/div>\n\t\t\t<\/div>\n\t\t\t<div class=\"WooZone-cross-sell-loader-text\"><\/div>\n\t\t<\/div>\n\t<\/div>\n\n\t\t\n<\/div>\n<div style=\"clear:both;\"><\/div><\/p>\n","protected":false},"excerpt":{"rendered":"<p>Machen Sie aus Ihrer t\u00e4glichen Routine ein Ritual: Verleihen Sie mit The Ritual of Jing jedem Tag Ruhe und Achtsamkeit<br \/>\nEntspannender Duschschaum: Unsere einzigartige Formel verwandelt sich beim Kontakt mit Wasser von einem Gel in einen seidenweichen Schaum. Nehmen Sie sich bei Ihrer t\u00e4glichen Pflege Zeit, um die Entspannung zu genie\u00dfen, die Sie auch danach noch Stunden begleiten wird<br \/>\nBeruhigende Inhaltsstoffe: Indische Lotosblumen und Jujube wurden wegen ihrer beruhigenden, reinigenden Eigenschaften nach uralter chinesischer Tradition sorgf\u00e4ltig ausgew\u00e4hlt<\/p>\n","protected":false},"featured_media":116816,"comment_status":"open","ping_status":"closed","template":"","meta":[],"product_brand":[],"product_cat":[6565,2858],"product_tag":[],"class_list":{"0":"post-116815","1":"product","2":"type-product","3":"status-publish","4":"has-post-thumbnail","6":"product_cat-baden-koerperpflege-beauty","7":"product_cat-beauty","8":"pa_binding-badartikel","9":"pa_brand-rituals","10":"pa_height-8-07-zoll","11":"pa_length-2-17-zoll","12":"pa_manufacturer-rituals-cosmetics-trade-bv","13":"pa_model-8183","14":"pa_size-200-ml-1er-pack","15":"pa_weight-0-3086471668-pfund","16":"pa_width-2-17-zoll","18":"first","19":"instock","20":"shipping-taxable","21":"purchasable","22":"product-type-simple","23":"customify-col","24":"product-has-gallery"},"yoast_head":"<!-- This site is optimized with the Yoast SEO plugin v27.3 - https:\/\/yoast.com\/product\/yoast-seo-wordpress\/ -->\n<title>RITUALS The Ritual of Jing Duschschaum, 200 ml - Markt-XXL<\/title>\n<meta name=\"description\" content=\"Markt-XXL RITUALS The Ritual of Jing Duschschaum, 200 ml\" \/>\n<meta name=\"robots\" content=\"index, follow, max-snippet:-1, max-image-preview:large, max-video-preview:-1\" \/>\n<link rel=\"canonical\" href=\"https:\/\/marktxxl.de\/markt\/produkt\/rituals-the-ritual-of-jing-duschschaum-200-ml\/\" \/>\n<meta property=\"og:locale\" content=\"de_DE\" \/>\n<meta property=\"og:type\" content=\"article\" \/>\n<meta property=\"og:title\" content=\"RITUALS The Ritual of Jing Duschschaum, 200 ml - Markt-XXL\" \/>\n<meta property=\"og:description\" content=\"Markt-XXL RITUALS The Ritual of Jing Duschschaum, 200 ml\" \/>\n<meta property=\"og:url\" content=\"https:\/\/marktxxl.de\/markt\/produkt\/rituals-the-ritual-of-jing-duschschaum-200-ml\/\" \/>\n<meta property=\"og:site_name\" content=\"Markt-XXL\" \/>\n<meta property=\"article:modified_time\" content=\"2023-04-09T01:23:32+00:00\" \/>\n<meta property=\"og:image\" content=\"https:\/\/m.media-amazon.com\/images\/I\/21M4ApYgp3S._SL500_.jpg\" \/>\n\t<meta property=\"og:image:width\" content=\"500\" \/>\n\t<meta property=\"og:image:height\" content=\"500\" \/>\n\t<meta property=\"og:image:type\" content=\"image\/jpeg\" \/>\n<meta name=\"twitter:card\" content=\"summary_large_image\" \/>\n<meta name=\"twitter:label1\" content=\"Gesch\u00e4tzte Lesezeit\" \/>\n\t<meta name=\"twitter:data1\" content=\"1\u00a0Minute\" \/>\n<script type=\"application\/ld+json\" class=\"yoast-schema-graph\">{\"@context\":\"https:\\\/\\\/schema.org\",\"@graph\":[{\"@type\":\"WebPage\",\"@id\":\"https:\\\/\\\/marktxxl.de\\\/markt\\\/produkt\\\/rituals-the-ritual-of-jing-duschschaum-200-ml\\\/\",\"url\":\"https:\\\/\\\/marktxxl.de\\\/markt\\\/produkt\\\/rituals-the-ritual-of-jing-duschschaum-200-ml\\\/\",\"name\":\"RITUALS The Ritual of Jing Duschschaum, 200 ml - Markt-XXL\",\"isPartOf\":{\"@id\":\"https:\\\/\\\/marktxxl.de\\\/markt\\\/#website\"},\"primaryImageOfPage\":{\"@id\":\"https:\\\/\\\/marktxxl.de\\\/markt\\\/produkt\\\/rituals-the-ritual-of-jing-duschschaum-200-ml\\\/#primaryimage\"},\"image\":{\"@id\":\"https:\\\/\\\/marktxxl.de\\\/markt\\\/produkt\\\/rituals-the-ritual-of-jing-duschschaum-200-ml\\\/#primaryimage\"},\"thumbnailUrl\":\"https:\\\/\\\/m.media-amazon.com\\\/images\\\/I\\\/21M4ApYgp3S._SL500_.jpg\",\"datePublished\":\"2022-05-14T22:50:21+00:00\",\"dateModified\":\"2023-04-09T01:23:32+00:00\",\"description\":\"Markt-XXL RITUALS The Ritual of Jing Duschschaum, 200 ml\",\"breadcrumb\":{\"@id\":\"https:\\\/\\\/marktxxl.de\\\/markt\\\/produkt\\\/rituals-the-ritual-of-jing-duschschaum-200-ml\\\/#breadcrumb\"},\"inLanguage\":\"de\",\"potentialAction\":[{\"@type\":\"ReadAction\",\"target\":[\"https:\\\/\\\/marktxxl.de\\\/markt\\\/produkt\\\/rituals-the-ritual-of-jing-duschschaum-200-ml\\\/\"]}]},{\"@type\":\"ImageObject\",\"inLanguage\":\"de\",\"@id\":\"https:\\\/\\\/marktxxl.de\\\/markt\\\/produkt\\\/rituals-the-ritual-of-jing-duschschaum-200-ml\\\/#primaryimage\",\"url\":\"https:\\\/\\\/m.media-amazon.com\\\/images\\\/I\\\/21M4ApYgp3S._SL500_.jpg\",\"contentUrl\":\"https:\\\/\\\/m.media-amazon.com\\\/images\\\/I\\\/21M4ApYgp3S._SL500_.jpg\",\"width\":500,\"height\":500},{\"@type\":\"BreadcrumbList\",\"@id\":\"https:\\\/\\\/marktxxl.de\\\/markt\\\/produkt\\\/rituals-the-ritual-of-jing-duschschaum-200-ml\\\/#breadcrumb\",\"itemListElement\":[{\"@type\":\"ListItem\",\"position\":1,\"name\":\"Startseite\",\"item\":\"https:\\\/\\\/marktxxl.de\\\/markt\\\/\"},{\"@type\":\"ListItem\",\"position\":2,\"name\":\"Markt\",\"item\":\"https:\\\/\\\/marktxxl.de\\\/markt\\\/\"},{\"@type\":\"ListItem\",\"position\":3,\"name\":\"RITUALS The Ritual of Jing Duschschaum, 200 ml\"}]},{\"@type\":\"WebSite\",\"@id\":\"https:\\\/\\\/marktxxl.de\\\/markt\\\/#website\",\"url\":\"https:\\\/\\\/marktxxl.de\\\/markt\\\/\",\"name\":\"Markt-XXL\",\"description\":\"Ihr Markt Online\",\"publisher\":{\"@id\":\"https:\\\/\\\/marktxxl.de\\\/markt\\\/#organization\"},\"potentialAction\":[{\"@type\":\"SearchAction\",\"target\":{\"@type\":\"EntryPoint\",\"urlTemplate\":\"https:\\\/\\\/marktxxl.de\\\/markt\\\/?s={search_term_string}\"},\"query-input\":{\"@type\":\"PropertyValueSpecification\",\"valueRequired\":true,\"valueName\":\"search_term_string\"}}],\"inLanguage\":\"de\"},{\"@type\":\"Organization\",\"@id\":\"https:\\\/\\\/marktxxl.de\\\/markt\\\/#organization\",\"name\":\"Markt-XXL\",\"url\":\"https:\\\/\\\/marktxxl.de\\\/markt\\\/\",\"logo\":{\"@type\":\"ImageObject\",\"inLanguage\":\"de\",\"@id\":\"https:\\\/\\\/marktxxl.de\\\/markt\\\/#\\\/schema\\\/logo\\\/image\\\/\",\"url\":\"https:\\\/\\\/marktxxl.de\\\/markt\\\/wp-content\\\/uploads\\\/sites\\\/3\\\/2020\\\/12\\\/logo.png\",\"contentUrl\":\"https:\\\/\\\/marktxxl.de\\\/markt\\\/wp-content\\\/uploads\\\/sites\\\/3\\\/2020\\\/12\\\/logo.png\",\"width\":200,\"height\":70,\"caption\":\"Markt-XXL\"},\"image\":{\"@id\":\"https:\\\/\\\/marktxxl.de\\\/markt\\\/#\\\/schema\\\/logo\\\/image\\\/\"}}]}<\/script>\n<!-- \/ Yoast SEO plugin. -->","yoast_head_json":{"title":"RITUALS The Ritual of Jing Duschschaum, 200 ml - Markt-XXL","description":"Markt-XXL RITUALS The Ritual of Jing Duschschaum, 200 ml","robots":{"index":"index","follow":"follow","max-snippet":"max-snippet:-1","max-image-preview":"max-image-preview:large","max-video-preview":"max-video-preview:-1"},"canonical":"https:\/\/marktxxl.de\/markt\/produkt\/rituals-the-ritual-of-jing-duschschaum-200-ml\/","og_locale":"de_DE","og_type":"article","og_title":"RITUALS The Ritual of Jing Duschschaum, 200 ml - Markt-XXL","og_description":"Markt-XXL RITUALS The Ritual of Jing Duschschaum, 200 ml","og_url":"https:\/\/marktxxl.de\/markt\/produkt\/rituals-the-ritual-of-jing-duschschaum-200-ml\/","og_site_name":"Markt-XXL","article_modified_time":"2023-04-09T01:23:32+00:00","og_image":[{"width":500,"height":500,"url":"https:\/\/m.media-amazon.com\/images\/I\/21M4ApYgp3S._SL500_.jpg","type":"image\/jpeg"}],"twitter_card":"summary_large_image","twitter_misc":{"Gesch\u00e4tzte Lesezeit":"1\u00a0Minute"},"schema":{"@context":"https:\/\/schema.org","@graph":[{"@type":"WebPage","@id":"https:\/\/marktxxl.de\/markt\/produkt\/rituals-the-ritual-of-jing-duschschaum-200-ml\/","url":"https:\/\/marktxxl.de\/markt\/produkt\/rituals-the-ritual-of-jing-duschschaum-200-ml\/","name":"RITUALS The Ritual of Jing Duschschaum, 200 ml - Markt-XXL","isPartOf":{"@id":"https:\/\/marktxxl.de\/markt\/#website"},"primaryImageOfPage":{"@id":"https:\/\/marktxxl.de\/markt\/produkt\/rituals-the-ritual-of-jing-duschschaum-200-ml\/#primaryimage"},"image":{"@id":"https:\/\/marktxxl.de\/markt\/produkt\/rituals-the-ritual-of-jing-duschschaum-200-ml\/#primaryimage"},"thumbnailUrl":"https:\/\/m.media-amazon.com\/images\/I\/21M4ApYgp3S._SL500_.jpg","datePublished":"2022-05-14T22:50:21+00:00","dateModified":"2023-04-09T01:23:32+00:00","description":"Markt-XXL RITUALS The Ritual of Jing Duschschaum, 200 ml","breadcrumb":{"@id":"https:\/\/marktxxl.de\/markt\/produkt\/rituals-the-ritual-of-jing-duschschaum-200-ml\/#breadcrumb"},"inLanguage":"de","potentialAction":[{"@type":"ReadAction","target":["https:\/\/marktxxl.de\/markt\/produkt\/rituals-the-ritual-of-jing-duschschaum-200-ml\/"]}]},{"@type":"ImageObject","inLanguage":"de","@id":"https:\/\/marktxxl.de\/markt\/produkt\/rituals-the-ritual-of-jing-duschschaum-200-ml\/#primaryimage","url":"https:\/\/m.media-amazon.com\/images\/I\/21M4ApYgp3S._SL500_.jpg","contentUrl":"https:\/\/m.media-amazon.com\/images\/I\/21M4ApYgp3S._SL500_.jpg","width":500,"height":500},{"@type":"BreadcrumbList","@id":"https:\/\/marktxxl.de\/markt\/produkt\/rituals-the-ritual-of-jing-duschschaum-200-ml\/#breadcrumb","itemListElement":[{"@type":"ListItem","position":1,"name":"Startseite","item":"https:\/\/marktxxl.de\/markt\/"},{"@type":"ListItem","position":2,"name":"Markt","item":"https:\/\/marktxxl.de\/markt\/"},{"@type":"ListItem","position":3,"name":"RITUALS The Ritual of Jing Duschschaum, 200 ml"}]},{"@type":"WebSite","@id":"https:\/\/marktxxl.de\/markt\/#website","url":"https:\/\/marktxxl.de\/markt\/","name":"Markt-XXL","description":"Ihr Markt Online","publisher":{"@id":"https:\/\/marktxxl.de\/markt\/#organization"},"potentialAction":[{"@type":"SearchAction","target":{"@type":"EntryPoint","urlTemplate":"https:\/\/marktxxl.de\/markt\/?s={search_term_string}"},"query-input":{"@type":"PropertyValueSpecification","valueRequired":true,"valueName":"search_term_string"}}],"inLanguage":"de"},{"@type":"Organization","@id":"https:\/\/marktxxl.de\/markt\/#organization","name":"Markt-XXL","url":"https:\/\/marktxxl.de\/markt\/","logo":{"@type":"ImageObject","inLanguage":"de","@id":"https:\/\/marktxxl.de\/markt\/#\/schema\/logo\/image\/","url":"https:\/\/marktxxl.de\/markt\/wp-content\/uploads\/sites\/3\/2020\/12\/logo.png","contentUrl":"https:\/\/marktxxl.de\/markt\/wp-content\/uploads\/sites\/3\/2020\/12\/logo.png","width":200,"height":70,"caption":"Markt-XXL"},"image":{"@id":"https:\/\/marktxxl.de\/markt\/#\/schema\/logo\/image\/"}}]}},"_links":{"self":[{"href":"https:\/\/marktxxl.de\/markt\/wp-json\/wp\/v2\/product\/116815","targetHints":{"allow":["GET"]}}],"collection":[{"href":"https:\/\/marktxxl.de\/markt\/wp-json\/wp\/v2\/product"}],"about":[{"href":"https:\/\/marktxxl.de\/markt\/wp-json\/wp\/v2\/types\/product"}],"replies":[{"embeddable":true,"href":"https:\/\/marktxxl.de\/markt\/wp-json\/wp\/v2\/comments?post=116815"}],"wp:featuredmedia":[{"embeddable":true,"href":"https:\/\/marktxxl.de\/markt\/wp-json\/wp\/v2\/media\/116816"}],"wp:attachment":[{"href":"https:\/\/marktxxl.de\/markt\/wp-json\/wp\/v2\/media?parent=116815"}],"wp:term":[{"taxonomy":"product_brand","embeddable":true,"href":"https:\/\/marktxxl.de\/markt\/wp-json\/wp\/v2\/product_brand?post=116815"},{"taxonomy":"product_cat","embeddable":true,"href":"https:\/\/marktxxl.de\/markt\/wp-json\/wp\/v2\/product_cat?post=116815"},{"taxonomy":"product_tag","embeddable":true,"href":"https:\/\/marktxxl.de\/markt\/wp-json\/wp\/v2\/product_tag?post=116815"}],"curies":[{"name":"wp","href":"https:\/\/api.w.org\/{rel}","templated":true}]}}