{"id":116529,"date":"2022-05-15T00:35:15","date_gmt":"2022-05-14T22:35:15","guid":{"rendered":"https:\/\/marktxxl.de\/markt\/produkt\/abus-25-70_b-25-70-diskusschloss\/"},"modified":"2023-04-09T03:23:29","modified_gmt":"2023-04-09T01:23:29","slug":"abus-25-70_b-25-70-diskusschloss","status":"publish","type":"product","link":"https:\/\/marktxxl.de\/markt\/produkt\/abus-25-70_b-25-70-diskusschloss\/","title":{"rendered":"ABUS Diskus Vorh\u00e4ngeschloss 25\/70 &#8211; wetterfest &#8211; inkl. 5 Schl\u00fcssel &#8211; mit pr\u00e4zisem Wendeschl\u00fcssel-System &#8211; ABUS\u2026"},"content":{"rendered":"<p>Das Hochsicherheitsschloss f\u00fcr den Alltag: Zum Verschlie\u00dfen von Transportern, LKWs, Kellert\u00fcren u. v. m. &#8211; zur Sicherung von gr\u00f6\u00dferem Werten oder bei hohem Diebstahlrisiko<br \/>\nPr\u00e4ziser Schlie\u00dfmechanismus: Wendeschl\u00fcsselzylinder mit 8.000 verschiedenen Schlie\u00dfungen &#8211; Schl\u00fcsselnachbestellung nach Code m\u00f6glich<br \/>\nLanglebig und stabil: B\u00fcgel und Schlossk\u00f6rper aus korrosionsbest\u00e4ndigem Edelstahl sowohl innen als auch au\u00dfen<br \/>\nStarkes Schloss: ABUS-Sicherheitslevel 8 &#8211; Gewicht 350 g &#8211; Breite 70 mm, H\u00f6he 70 mm, Tiefe 30 mm, B\u00fcgeldurchmesser 10 mm, lichte B\u00fcgelh\u00f6he 17 mm, lichte B\u00fcgelweite 20 mm<br \/>\nSicher, zuverl\u00e4ssig und stabil. Daf\u00fcr steht der Name ABUS. Ob es um den Schutz zuhause, um Objektsicherheit oder um mobile Sicherheit geht: ABUS setzt die Standards\u200b<br \/>\n<div class=\"main-cross-sell\" data-asin=\"B003XLBZ5M\">\n\n\t<div class=\"WooZone-cross-sell-loader\">\n\t\t<div>\n\t\t\t<div id=\"floatingBarsG\">\n\t\t\t\t<div class=\"blockG\" id=\"rotateG_01\"><\/div>\n\t\t\t\t<div class=\"blockG\" id=\"rotateG_02\"><\/div>\n\t\t\t\t<div class=\"blockG\" id=\"rotateG_03\"><\/div>\n\t\t\t\t<div class=\"blockG\" id=\"rotateG_04\"><\/div>\n\t\t\t\t<div class=\"blockG\" id=\"rotateG_05\"><\/div>\n\t\t\t\t<div class=\"blockG\" id=\"rotateG_06\"><\/div>\n\t\t\t\t<div class=\"blockG\" id=\"rotateG_07\"><\/div>\n\t\t\t\t<div class=\"blockG\" id=\"rotateG_08\"><\/div>\n\t\t\t<\/div>\n\t\t\t<div class=\"WooZone-cross-sell-loader-text\"><\/div>\n\t\t<\/div>\n\t<\/div>\n\n\t\t\n<\/div>\n<div style=\"clear:both;\"><\/div><\/p>\n","protected":false},"excerpt":{"rendered":"<p>Das Hochsicherheitsschloss f\u00fcr den Alltag: Zum Verschlie\u00dfen von Transportern, LKWs, Kellert\u00fcren u. v. m. &#8211; zur Sicherung von gr\u00f6\u00dferem Werten oder bei hohem Diebstahlrisiko<br \/>\nPr\u00e4ziser Schlie\u00dfmechanismus: Wendeschl\u00fcsselzylinder mit 8.000 verschiedenen Schlie\u00dfungen &#8211; Schl\u00fcsselnachbestellung nach Code m\u00f6glich<br \/>\nLanglebig und stabil: B\u00fcgel und Schlossk\u00f6rper aus korrosionsbest\u00e4ndigem Edelstahl sowohl innen als auch au\u00dfen<\/p>\n","protected":false},"featured_media":116530,"comment_status":"open","ping_status":"closed","template":"","meta":[],"product_brand":[],"product_cat":[1983,11380],"product_tag":[],"class_list":{"0":"post-116529","1":"product","2":"type-product","3":"status-publish","4":"has-post-thumbnail","6":"product_cat-baumarkt","7":"product_cat-sicherheitstechnik","8":"pa_binding-werkzeug","9":"pa_brand-abus","10":"pa_height-2-755905509-zoll","11":"pa_length-2-755905509-zoll","12":"pa_manufacturer-abus","13":"pa_model-34278","14":"pa_size-90-mm","15":"pa_weight-0-440924524-pfund","16":"pa_width-1-181102361-zoll","18":"first","19":"instock","20":"shipping-taxable","21":"purchasable","22":"product-type-simple","23":"customify-col","24":"product-has-gallery"},"yoast_head":"<!-- This site is optimized with the Yoast SEO plugin v27.3 - https:\/\/yoast.com\/product\/yoast-seo-wordpress\/ -->\n<title>ABUS Diskus Vorh\u00e4ngeschloss 25\/70 - wetterfest - inkl. 5 Schl\u00fcssel - mit pr\u00e4zisem Wendeschl\u00fcssel-System - ABUS\u2026 - Markt-XXL<\/title>\n<meta name=\"description\" content=\"Markt-XXL ABUS Diskus Vorh\u00e4ngeschloss 25\/70 - wetterfest - inkl. 5 Schl\u00fcssel - mit pr\u00e4zisem Wendeschl\u00fcssel-System - ABUS\u2026\" \/>\n<meta name=\"robots\" content=\"index, follow, max-snippet:-1, max-image-preview:large, max-video-preview:-1\" \/>\n<link rel=\"canonical\" href=\"https:\/\/marktxxl.de\/markt\/produkt\/abus-25-70_b-25-70-diskusschloss\/\" \/>\n<meta property=\"og:locale\" content=\"de_DE\" \/>\n<meta property=\"og:type\" content=\"article\" \/>\n<meta property=\"og:title\" content=\"ABUS Diskus Vorh\u00e4ngeschloss 25\/70 - wetterfest - inkl. 5 Schl\u00fcssel - mit pr\u00e4zisem Wendeschl\u00fcssel-System - ABUS\u2026 - Markt-XXL\" \/>\n<meta property=\"og:description\" content=\"Markt-XXL ABUS Diskus Vorh\u00e4ngeschloss 25\/70 - wetterfest - inkl. 5 Schl\u00fcssel - mit pr\u00e4zisem Wendeschl\u00fcssel-System - ABUS\u2026\" \/>\n<meta property=\"og:url\" content=\"https:\/\/marktxxl.de\/markt\/produkt\/abus-25-70_b-25-70-diskusschloss\/\" \/>\n<meta property=\"og:site_name\" content=\"Markt-XXL\" \/>\n<meta property=\"article:modified_time\" content=\"2023-04-09T01:23:29+00:00\" \/>\n<meta property=\"og:image\" content=\"https:\/\/m.media-amazon.com\/images\/I\/51ZaYxVPzQL._SL500_.jpg\" \/>\n\t<meta property=\"og:image:width\" content=\"500\" \/>\n\t<meta property=\"og:image:height\" content=\"489\" \/>\n\t<meta property=\"og:image:type\" content=\"image\/jpeg\" \/>\n<meta name=\"twitter:card\" content=\"summary_large_image\" \/>\n<meta name=\"twitter:label1\" content=\"Gesch\u00e4tzte Lesezeit\" \/>\n\t<meta name=\"twitter:data1\" content=\"1\u00a0Minute\" \/>\n<script type=\"application\/ld+json\" class=\"yoast-schema-graph\">{\"@context\":\"https:\\\/\\\/schema.org\",\"@graph\":[{\"@type\":\"WebPage\",\"@id\":\"https:\\\/\\\/marktxxl.de\\\/markt\\\/produkt\\\/abus-25-70_b-25-70-diskusschloss\\\/\",\"url\":\"https:\\\/\\\/marktxxl.de\\\/markt\\\/produkt\\\/abus-25-70_b-25-70-diskusschloss\\\/\",\"name\":\"ABUS Diskus Vorh\u00e4ngeschloss 25\\\/70 - wetterfest - inkl. 5 Schl\u00fcssel - mit pr\u00e4zisem Wendeschl\u00fcssel-System - ABUS\u2026 - Markt-XXL\",\"isPartOf\":{\"@id\":\"https:\\\/\\\/marktxxl.de\\\/markt\\\/#website\"},\"primaryImageOfPage\":{\"@id\":\"https:\\\/\\\/marktxxl.de\\\/markt\\\/produkt\\\/abus-25-70_b-25-70-diskusschloss\\\/#primaryimage\"},\"image\":{\"@id\":\"https:\\\/\\\/marktxxl.de\\\/markt\\\/produkt\\\/abus-25-70_b-25-70-diskusschloss\\\/#primaryimage\"},\"thumbnailUrl\":\"https:\\\/\\\/m.media-amazon.com\\\/images\\\/I\\\/51ZaYxVPzQL._SL500_.jpg\",\"datePublished\":\"2022-05-14T22:35:15+00:00\",\"dateModified\":\"2023-04-09T01:23:29+00:00\",\"description\":\"Markt-XXL ABUS Diskus Vorh\u00e4ngeschloss 25\\\/70 - wetterfest - inkl. 5 Schl\u00fcssel - mit pr\u00e4zisem Wendeschl\u00fcssel-System - ABUS\u2026\",\"breadcrumb\":{\"@id\":\"https:\\\/\\\/marktxxl.de\\\/markt\\\/produkt\\\/abus-25-70_b-25-70-diskusschloss\\\/#breadcrumb\"},\"inLanguage\":\"de\",\"potentialAction\":[{\"@type\":\"ReadAction\",\"target\":[\"https:\\\/\\\/marktxxl.de\\\/markt\\\/produkt\\\/abus-25-70_b-25-70-diskusschloss\\\/\"]}]},{\"@type\":\"ImageObject\",\"inLanguage\":\"de\",\"@id\":\"https:\\\/\\\/marktxxl.de\\\/markt\\\/produkt\\\/abus-25-70_b-25-70-diskusschloss\\\/#primaryimage\",\"url\":\"https:\\\/\\\/m.media-amazon.com\\\/images\\\/I\\\/51ZaYxVPzQL._SL500_.jpg\",\"contentUrl\":\"https:\\\/\\\/m.media-amazon.com\\\/images\\\/I\\\/51ZaYxVPzQL._SL500_.jpg\",\"width\":500,\"height\":489},{\"@type\":\"BreadcrumbList\",\"@id\":\"https:\\\/\\\/marktxxl.de\\\/markt\\\/produkt\\\/abus-25-70_b-25-70-diskusschloss\\\/#breadcrumb\",\"itemListElement\":[{\"@type\":\"ListItem\",\"position\":1,\"name\":\"Startseite\",\"item\":\"https:\\\/\\\/marktxxl.de\\\/markt\\\/\"},{\"@type\":\"ListItem\",\"position\":2,\"name\":\"Markt\",\"item\":\"https:\\\/\\\/marktxxl.de\\\/markt\\\/\"},{\"@type\":\"ListItem\",\"position\":3,\"name\":\"ABUS Diskus Vorh\u00e4ngeschloss 25\\\/70 &#8211; wetterfest &#8211; inkl. 5 Schl\u00fcssel &#8211; mit pr\u00e4zisem Wendeschl\u00fcssel-System &#8211; ABUS\u2026\"}]},{\"@type\":\"WebSite\",\"@id\":\"https:\\\/\\\/marktxxl.de\\\/markt\\\/#website\",\"url\":\"https:\\\/\\\/marktxxl.de\\\/markt\\\/\",\"name\":\"Markt-XXL\",\"description\":\"Ihr Markt Online\",\"publisher\":{\"@id\":\"https:\\\/\\\/marktxxl.de\\\/markt\\\/#organization\"},\"potentialAction\":[{\"@type\":\"SearchAction\",\"target\":{\"@type\":\"EntryPoint\",\"urlTemplate\":\"https:\\\/\\\/marktxxl.de\\\/markt\\\/?s={search_term_string}\"},\"query-input\":{\"@type\":\"PropertyValueSpecification\",\"valueRequired\":true,\"valueName\":\"search_term_string\"}}],\"inLanguage\":\"de\"},{\"@type\":\"Organization\",\"@id\":\"https:\\\/\\\/marktxxl.de\\\/markt\\\/#organization\",\"name\":\"Markt-XXL\",\"url\":\"https:\\\/\\\/marktxxl.de\\\/markt\\\/\",\"logo\":{\"@type\":\"ImageObject\",\"inLanguage\":\"de\",\"@id\":\"https:\\\/\\\/marktxxl.de\\\/markt\\\/#\\\/schema\\\/logo\\\/image\\\/\",\"url\":\"https:\\\/\\\/marktxxl.de\\\/markt\\\/wp-content\\\/uploads\\\/sites\\\/3\\\/2020\\\/12\\\/logo.png\",\"contentUrl\":\"https:\\\/\\\/marktxxl.de\\\/markt\\\/wp-content\\\/uploads\\\/sites\\\/3\\\/2020\\\/12\\\/logo.png\",\"width\":200,\"height\":70,\"caption\":\"Markt-XXL\"},\"image\":{\"@id\":\"https:\\\/\\\/marktxxl.de\\\/markt\\\/#\\\/schema\\\/logo\\\/image\\\/\"}}]}<\/script>\n<!-- \/ Yoast SEO plugin. -->","yoast_head_json":{"title":"ABUS Diskus Vorh\u00e4ngeschloss 25\/70 - wetterfest - inkl. 5 Schl\u00fcssel - mit pr\u00e4zisem Wendeschl\u00fcssel-System - ABUS\u2026 - Markt-XXL","description":"Markt-XXL ABUS Diskus Vorh\u00e4ngeschloss 25\/70 - wetterfest - inkl. 5 Schl\u00fcssel - mit pr\u00e4zisem Wendeschl\u00fcssel-System - ABUS\u2026","robots":{"index":"index","follow":"follow","max-snippet":"max-snippet:-1","max-image-preview":"max-image-preview:large","max-video-preview":"max-video-preview:-1"},"canonical":"https:\/\/marktxxl.de\/markt\/produkt\/abus-25-70_b-25-70-diskusschloss\/","og_locale":"de_DE","og_type":"article","og_title":"ABUS Diskus Vorh\u00e4ngeschloss 25\/70 - wetterfest - inkl. 5 Schl\u00fcssel - mit pr\u00e4zisem Wendeschl\u00fcssel-System - ABUS\u2026 - Markt-XXL","og_description":"Markt-XXL ABUS Diskus Vorh\u00e4ngeschloss 25\/70 - wetterfest - inkl. 5 Schl\u00fcssel - mit pr\u00e4zisem Wendeschl\u00fcssel-System - ABUS\u2026","og_url":"https:\/\/marktxxl.de\/markt\/produkt\/abus-25-70_b-25-70-diskusschloss\/","og_site_name":"Markt-XXL","article_modified_time":"2023-04-09T01:23:29+00:00","og_image":[{"width":500,"height":489,"url":"https:\/\/m.media-amazon.com\/images\/I\/51ZaYxVPzQL._SL500_.jpg","type":"image\/jpeg"}],"twitter_card":"summary_large_image","twitter_misc":{"Gesch\u00e4tzte Lesezeit":"1\u00a0Minute"},"schema":{"@context":"https:\/\/schema.org","@graph":[{"@type":"WebPage","@id":"https:\/\/marktxxl.de\/markt\/produkt\/abus-25-70_b-25-70-diskusschloss\/","url":"https:\/\/marktxxl.de\/markt\/produkt\/abus-25-70_b-25-70-diskusschloss\/","name":"ABUS Diskus Vorh\u00e4ngeschloss 25\/70 - wetterfest - inkl. 5 Schl\u00fcssel - mit pr\u00e4zisem Wendeschl\u00fcssel-System - ABUS\u2026 - Markt-XXL","isPartOf":{"@id":"https:\/\/marktxxl.de\/markt\/#website"},"primaryImageOfPage":{"@id":"https:\/\/marktxxl.de\/markt\/produkt\/abus-25-70_b-25-70-diskusschloss\/#primaryimage"},"image":{"@id":"https:\/\/marktxxl.de\/markt\/produkt\/abus-25-70_b-25-70-diskusschloss\/#primaryimage"},"thumbnailUrl":"https:\/\/m.media-amazon.com\/images\/I\/51ZaYxVPzQL._SL500_.jpg","datePublished":"2022-05-14T22:35:15+00:00","dateModified":"2023-04-09T01:23:29+00:00","description":"Markt-XXL ABUS Diskus Vorh\u00e4ngeschloss 25\/70 - wetterfest - inkl. 5 Schl\u00fcssel - mit pr\u00e4zisem Wendeschl\u00fcssel-System - ABUS\u2026","breadcrumb":{"@id":"https:\/\/marktxxl.de\/markt\/produkt\/abus-25-70_b-25-70-diskusschloss\/#breadcrumb"},"inLanguage":"de","potentialAction":[{"@type":"ReadAction","target":["https:\/\/marktxxl.de\/markt\/produkt\/abus-25-70_b-25-70-diskusschloss\/"]}]},{"@type":"ImageObject","inLanguage":"de","@id":"https:\/\/marktxxl.de\/markt\/produkt\/abus-25-70_b-25-70-diskusschloss\/#primaryimage","url":"https:\/\/m.media-amazon.com\/images\/I\/51ZaYxVPzQL._SL500_.jpg","contentUrl":"https:\/\/m.media-amazon.com\/images\/I\/51ZaYxVPzQL._SL500_.jpg","width":500,"height":489},{"@type":"BreadcrumbList","@id":"https:\/\/marktxxl.de\/markt\/produkt\/abus-25-70_b-25-70-diskusschloss\/#breadcrumb","itemListElement":[{"@type":"ListItem","position":1,"name":"Startseite","item":"https:\/\/marktxxl.de\/markt\/"},{"@type":"ListItem","position":2,"name":"Markt","item":"https:\/\/marktxxl.de\/markt\/"},{"@type":"ListItem","position":3,"name":"ABUS Diskus Vorh\u00e4ngeschloss 25\/70 &#8211; wetterfest &#8211; inkl. 5 Schl\u00fcssel &#8211; mit pr\u00e4zisem Wendeschl\u00fcssel-System &#8211; ABUS\u2026"}]},{"@type":"WebSite","@id":"https:\/\/marktxxl.de\/markt\/#website","url":"https:\/\/marktxxl.de\/markt\/","name":"Markt-XXL","description":"Ihr Markt Online","publisher":{"@id":"https:\/\/marktxxl.de\/markt\/#organization"},"potentialAction":[{"@type":"SearchAction","target":{"@type":"EntryPoint","urlTemplate":"https:\/\/marktxxl.de\/markt\/?s={search_term_string}"},"query-input":{"@type":"PropertyValueSpecification","valueRequired":true,"valueName":"search_term_string"}}],"inLanguage":"de"},{"@type":"Organization","@id":"https:\/\/marktxxl.de\/markt\/#organization","name":"Markt-XXL","url":"https:\/\/marktxxl.de\/markt\/","logo":{"@type":"ImageObject","inLanguage":"de","@id":"https:\/\/marktxxl.de\/markt\/#\/schema\/logo\/image\/","url":"https:\/\/marktxxl.de\/markt\/wp-content\/uploads\/sites\/3\/2020\/12\/logo.png","contentUrl":"https:\/\/marktxxl.de\/markt\/wp-content\/uploads\/sites\/3\/2020\/12\/logo.png","width":200,"height":70,"caption":"Markt-XXL"},"image":{"@id":"https:\/\/marktxxl.de\/markt\/#\/schema\/logo\/image\/"}}]}},"_links":{"self":[{"href":"https:\/\/marktxxl.de\/markt\/wp-json\/wp\/v2\/product\/116529","targetHints":{"allow":["GET"]}}],"collection":[{"href":"https:\/\/marktxxl.de\/markt\/wp-json\/wp\/v2\/product"}],"about":[{"href":"https:\/\/marktxxl.de\/markt\/wp-json\/wp\/v2\/types\/product"}],"replies":[{"embeddable":true,"href":"https:\/\/marktxxl.de\/markt\/wp-json\/wp\/v2\/comments?post=116529"}],"wp:featuredmedia":[{"embeddable":true,"href":"https:\/\/marktxxl.de\/markt\/wp-json\/wp\/v2\/media\/116530"}],"wp:attachment":[{"href":"https:\/\/marktxxl.de\/markt\/wp-json\/wp\/v2\/media?parent=116529"}],"wp:term":[{"taxonomy":"product_brand","embeddable":true,"href":"https:\/\/marktxxl.de\/markt\/wp-json\/wp\/v2\/product_brand?post=116529"},{"taxonomy":"product_cat","embeddable":true,"href":"https:\/\/marktxxl.de\/markt\/wp-json\/wp\/v2\/product_cat?post=116529"},{"taxonomy":"product_tag","embeddable":true,"href":"https:\/\/marktxxl.de\/markt\/wp-json\/wp\/v2\/product_tag?post=116529"}],"curies":[{"name":"wp","href":"https:\/\/api.w.org\/{rel}","templated":true}]}}