{"id":116102,"date":"2022-05-15T00:04:44","date_gmt":"2022-05-14T22:04:44","guid":{"rendered":"https:\/\/marktxxl.de\/markt\/produkt\/bhd-kaminholz-tasche-590-ml-gewachstes-leinen-stabile-tasche-mit-griffen-fuer-camping-drinnen-und-draussen-braun\/"},"modified":"2023-04-11T03:44:32","modified_gmt":"2023-04-11T01:44:32","slug":"bhd-kaminholz-tasche-590-ml-gewachstes-leinen-stabile-tasche-mit-griffen-fuer-camping-drinnen-und-draussen-braun","status":"publish","type":"product","link":"https:\/\/marktxxl.de\/markt\/produkt\/bhd-kaminholz-tasche-590-ml-gewachstes-leinen-stabile-tasche-mit-griffen-fuer-camping-drinnen-und-draussen-braun\/","title":{"rendered":"BHD Kaminholz-Tasche, 590 ml, gewachstes Leinen, stabile Tasche mit Griffen f\u00fcr Camping, drinnen und drau\u00dfen, Braun"},"content":{"rendered":"<p>\u3010Hochwertiges Material\u301160 ml gewachstes Segeltuchmaterial, dicker als die meisten Leinw\u00e4nde auf dem Markt, kratzfest, schmutzabweisend, verschlei\u00dffest und schmutzabweisend; verst\u00e4rkte Griffe wurden aus sch\u00f6nem PU, haltbarer, tragbarer und langlebiger Es ist sehr sch\u00f6n, wenn Sie es im Schnee abstellen m\u00fcssen, die Leinwand ist wasserdicht, verhindern, dass das Holz nass wird.<br \/>\nPraktisch zu verwenden: 99 x 45,7 cm, hervorragende Gr\u00f6\u00dfe f\u00fcr den Transport von Holzscheiten, Brennholz, Anz\u00fcndern und Zweigen. Perfekt f\u00fcr den Transport gro\u00dfer St\u00fccke aus Eiche und Ahornholz von Ihrem Holzstapel zu Ihrem Kamin. Das Design ohne W\u00e4nde funktioniert hervorragend, um eine angemessene Menge Brennholz in jeder Gr\u00f6\u00dfe zu tragen. Weil es nicht die L\u00e4nge der Holzst\u00fccke einschr\u00e4nkt, die Sie tragen k\u00f6nnen.<br \/>\nOptimales Design: Der Kaminholztr\u00e4ger ist gut gestaltet, leicht und handlich, sorgt f\u00fcr einen saubereren und sauberen Prozess f\u00fcr den Transport von Brennholz in Ihrem Haus. Gepolsterte Griffe schonen Ihre Finger beim Tragen einer Menge Brennholz. Ein verstellbarer zentraler Riemen zum Sichern und Festziehen des Brennholzes oder der Holzscheite w\u00e4hrend der Beladung. Es h\u00e4lt das B\u00fcndel sauber und fest im Inneren des Segeltuch-Kaminholztr\u00e4gers.<br \/>\n\u3010Einfach zu verstauen\u3011Kann zusammengeklappt werden, einfach zu verstauen, wenn nicht in Gebrauch.<br \/>\n\u3010Reinigung &amp; Pflege\u3011Reinigen Sie leichte Flecken mit einem feuchten Lappen. Wenn Flecken schwer sind, k\u00f6nnen Sie eine B\u00fcrste verwenden. Nicht in der Maschine waschen oder Waschmittel verwenden, da es das Wachs im Stoff zerbricht. Kann bei Bedarf mit Textilwachs und W\u00e4rmeauftrag nachgewachst werden, um eine gleichm\u00e4\u00dfige Beschichtung zu gew\u00e4hrleisten.<br \/>\n<div class=\"main-cross-sell\" data-asin=\"B07T6DT82V\">\n\n\t<div class=\"WooZone-cross-sell-loader\">\n\t\t<div>\n\t\t\t<div id=\"floatingBarsG\">\n\t\t\t\t<div class=\"blockG\" id=\"rotateG_01\"><\/div>\n\t\t\t\t<div class=\"blockG\" id=\"rotateG_02\"><\/div>\n\t\t\t\t<div class=\"blockG\" id=\"rotateG_03\"><\/div>\n\t\t\t\t<div class=\"blockG\" id=\"rotateG_04\"><\/div>\n\t\t\t\t<div class=\"blockG\" id=\"rotateG_05\"><\/div>\n\t\t\t\t<div class=\"blockG\" id=\"rotateG_06\"><\/div>\n\t\t\t\t<div class=\"blockG\" id=\"rotateG_07\"><\/div>\n\t\t\t\t<div class=\"blockG\" id=\"rotateG_08\"><\/div>\n\t\t\t<\/div>\n\t\t\t<div class=\"WooZone-cross-sell-loader-text\"><\/div>\n\t\t<\/div>\n\t<\/div>\n\n\t\t\n<\/div>\n<div style=\"clear:both;\"><\/div><\/p>\n","protected":false},"excerpt":{"rendered":"<p>\u3010Hochwertiges Material\u301160 ml gewachstes Segeltuchmaterial, dicker als die meisten Leinw\u00e4nde auf dem Markt, kratzfest, schmutzabweisend, verschlei\u00dffest und schmutzabweisend; verst\u00e4rkte Griffe wurden aus sch\u00f6nem PU, haltbarer, tragbarer und langlebiger Es ist sehr sch\u00f6n, wenn Sie es im Schnee abstellen m\u00fcssen, die Leinwand ist wasserdicht, verhindern, dass das Holz nass wird.<br \/>\nPraktisch zu verwenden: 99 x 45,7 cm, hervorragende Gr\u00f6\u00dfe f\u00fcr den Transport von Holzscheiten, Brennholz, Anz\u00fcndern und Zweigen. Perfekt f\u00fcr den Transport gro\u00dfer St\u00fccke aus Eiche und Ahornholz von Ihrem Holzstapel zu Ihrem Kamin. Das Design ohne W\u00e4nde funktioniert hervorragend, um eine angemessene Menge Brennholz in jeder Gr\u00f6\u00dfe zu tragen. Weil es nicht die L\u00e4nge der Holzst\u00fccke einschr\u00e4nkt, die Sie tragen k\u00f6nnen.<br \/>\nOptimales Design: Der Kaminholztr\u00e4ger ist gut gestaltet, leicht und handlich, sorgt f\u00fcr einen saubereren und sauberen Prozess f\u00fcr den Transport von Brennholz in Ihrem Haus. Gepolsterte Griffe schonen Ihre Finger beim Tragen einer Menge Brennholz. Ein verstellbarer zentraler Riemen zum Sichern und Festziehen des Brennholzes oder der Holzscheite w\u00e4hrend der Beladung. Es h\u00e4lt das B\u00fcndel sauber und fest im Inneren des Segeltuch-Kaminholztr\u00e4gers.<\/p>\n","protected":false},"featured_media":116103,"comment_status":"open","ping_status":"closed","template":"","meta":[],"product_brand":[],"product_cat":[1983,11036],"product_tag":[],"class_list":{"0":"post-116102","1":"product","2":"type-product","3":"status-publish","4":"has-post-thumbnail","6":"product_cat-baumarkt","7":"product_cat-kamine","8":"pa_binding-haushaltswaren","9":"pa_brand-bhd-beauty","10":"pa_color-braun","11":"pa_manufacturer-bhd","12":"pa_model-34152","14":"first","15":"instock","16":"shipping-taxable","17":"purchasable","18":"product-type-simple","19":"customify-col","20":"product-has-gallery"},"yoast_head":"<!-- This site is optimized with the Yoast SEO plugin v27.4 - https:\/\/yoast.com\/product\/yoast-seo-wordpress\/ -->\n<title>BHD Kaminholz-Tasche, 590 ml, gewachstes Leinen, stabile Tasche mit Griffen f\u00fcr Camping, drinnen und drau\u00dfen, Braun - Markt-XXL<\/title>\n<meta name=\"description\" content=\"Markt-XXL BHD Kaminholz-Tasche, 590 ml, gewachstes Leinen, stabile Tasche mit Griffen f\u00fcr Camping, drinnen und drau\u00dfen, Braun\" \/>\n<meta name=\"robots\" content=\"index, follow, max-snippet:-1, max-image-preview:large, max-video-preview:-1\" \/>\n<link rel=\"canonical\" href=\"https:\/\/marktxxl.de\/markt\/produkt\/bhd-kaminholz-tasche-590-ml-gewachstes-leinen-stabile-tasche-mit-griffen-fuer-camping-drinnen-und-draussen-braun\/\" \/>\n<meta property=\"og:locale\" content=\"de_DE\" \/>\n<meta property=\"og:type\" content=\"article\" \/>\n<meta property=\"og:title\" content=\"BHD Kaminholz-Tasche, 590 ml, gewachstes Leinen, stabile Tasche mit Griffen f\u00fcr Camping, drinnen und drau\u00dfen, Braun - Markt-XXL\" \/>\n<meta property=\"og:description\" content=\"Markt-XXL BHD Kaminholz-Tasche, 590 ml, gewachstes Leinen, stabile Tasche mit Griffen f\u00fcr Camping, drinnen und drau\u00dfen, Braun\" \/>\n<meta property=\"og:url\" content=\"https:\/\/marktxxl.de\/markt\/produkt\/bhd-kaminholz-tasche-590-ml-gewachstes-leinen-stabile-tasche-mit-griffen-fuer-camping-drinnen-und-draussen-braun\/\" \/>\n<meta property=\"og:site_name\" content=\"Markt-XXL\" \/>\n<meta property=\"article:modified_time\" content=\"2023-04-11T01:44:32+00:00\" \/>\n<meta property=\"og:image\" content=\"https:\/\/m.media-amazon.com\/images\/I\/41DqbLsVWSL._SL500_.jpg\" \/>\n\t<meta property=\"og:image:width\" content=\"500\" \/>\n\t<meta property=\"og:image:height\" content=\"500\" \/>\n\t<meta property=\"og:image:type\" content=\"image\/jpeg\" \/>\n<meta name=\"twitter:card\" content=\"summary_large_image\" \/>\n<meta name=\"twitter:label1\" content=\"Gesch\u00e4tzte Lesezeit\" \/>\n\t<meta name=\"twitter:data1\" content=\"1\u00a0Minute\" \/>\n<script type=\"application\/ld+json\" class=\"yoast-schema-graph\">{\"@context\":\"https:\\\/\\\/schema.org\",\"@graph\":[{\"@type\":\"WebPage\",\"@id\":\"https:\\\/\\\/marktxxl.de\\\/markt\\\/produkt\\\/bhd-kaminholz-tasche-590-ml-gewachstes-leinen-stabile-tasche-mit-griffen-fuer-camping-drinnen-und-draussen-braun\\\/\",\"url\":\"https:\\\/\\\/marktxxl.de\\\/markt\\\/produkt\\\/bhd-kaminholz-tasche-590-ml-gewachstes-leinen-stabile-tasche-mit-griffen-fuer-camping-drinnen-und-draussen-braun\\\/\",\"name\":\"BHD Kaminholz-Tasche, 590 ml, gewachstes Leinen, stabile Tasche mit Griffen f\u00fcr Camping, drinnen und drau\u00dfen, Braun - Markt-XXL\",\"isPartOf\":{\"@id\":\"https:\\\/\\\/marktxxl.de\\\/markt\\\/#website\"},\"primaryImageOfPage\":{\"@id\":\"https:\\\/\\\/marktxxl.de\\\/markt\\\/produkt\\\/bhd-kaminholz-tasche-590-ml-gewachstes-leinen-stabile-tasche-mit-griffen-fuer-camping-drinnen-und-draussen-braun\\\/#primaryimage\"},\"image\":{\"@id\":\"https:\\\/\\\/marktxxl.de\\\/markt\\\/produkt\\\/bhd-kaminholz-tasche-590-ml-gewachstes-leinen-stabile-tasche-mit-griffen-fuer-camping-drinnen-und-draussen-braun\\\/#primaryimage\"},\"thumbnailUrl\":\"https:\\\/\\\/m.media-amazon.com\\\/images\\\/I\\\/41DqbLsVWSL._SL500_.jpg\",\"datePublished\":\"2022-05-14T22:04:44+00:00\",\"dateModified\":\"2023-04-11T01:44:32+00:00\",\"description\":\"Markt-XXL BHD Kaminholz-Tasche, 590 ml, gewachstes Leinen, stabile Tasche mit Griffen f\u00fcr Camping, drinnen und drau\u00dfen, Braun\",\"breadcrumb\":{\"@id\":\"https:\\\/\\\/marktxxl.de\\\/markt\\\/produkt\\\/bhd-kaminholz-tasche-590-ml-gewachstes-leinen-stabile-tasche-mit-griffen-fuer-camping-drinnen-und-draussen-braun\\\/#breadcrumb\"},\"inLanguage\":\"de\",\"potentialAction\":[{\"@type\":\"ReadAction\",\"target\":[\"https:\\\/\\\/marktxxl.de\\\/markt\\\/produkt\\\/bhd-kaminholz-tasche-590-ml-gewachstes-leinen-stabile-tasche-mit-griffen-fuer-camping-drinnen-und-draussen-braun\\\/\"]}]},{\"@type\":\"ImageObject\",\"inLanguage\":\"de\",\"@id\":\"https:\\\/\\\/marktxxl.de\\\/markt\\\/produkt\\\/bhd-kaminholz-tasche-590-ml-gewachstes-leinen-stabile-tasche-mit-griffen-fuer-camping-drinnen-und-draussen-braun\\\/#primaryimage\",\"url\":\"https:\\\/\\\/m.media-amazon.com\\\/images\\\/I\\\/41DqbLsVWSL._SL500_.jpg\",\"contentUrl\":\"https:\\\/\\\/m.media-amazon.com\\\/images\\\/I\\\/41DqbLsVWSL._SL500_.jpg\",\"width\":500,\"height\":500},{\"@type\":\"BreadcrumbList\",\"@id\":\"https:\\\/\\\/marktxxl.de\\\/markt\\\/produkt\\\/bhd-kaminholz-tasche-590-ml-gewachstes-leinen-stabile-tasche-mit-griffen-fuer-camping-drinnen-und-draussen-braun\\\/#breadcrumb\",\"itemListElement\":[{\"@type\":\"ListItem\",\"position\":1,\"name\":\"Startseite\",\"item\":\"https:\\\/\\\/marktxxl.de\\\/markt\\\/\"},{\"@type\":\"ListItem\",\"position\":2,\"name\":\"Markt\",\"item\":\"https:\\\/\\\/marktxxl.de\\\/markt\\\/\"},{\"@type\":\"ListItem\",\"position\":3,\"name\":\"BHD Kaminholz-Tasche, 590 ml, gewachstes Leinen, stabile Tasche mit Griffen f\u00fcr Camping, drinnen und drau\u00dfen, Braun\"}]},{\"@type\":\"WebSite\",\"@id\":\"https:\\\/\\\/marktxxl.de\\\/markt\\\/#website\",\"url\":\"https:\\\/\\\/marktxxl.de\\\/markt\\\/\",\"name\":\"Markt-XXL\",\"description\":\"Ihr Markt Online\",\"publisher\":{\"@id\":\"https:\\\/\\\/marktxxl.de\\\/markt\\\/#organization\"},\"potentialAction\":[{\"@type\":\"SearchAction\",\"target\":{\"@type\":\"EntryPoint\",\"urlTemplate\":\"https:\\\/\\\/marktxxl.de\\\/markt\\\/?s={search_term_string}\"},\"query-input\":{\"@type\":\"PropertyValueSpecification\",\"valueRequired\":true,\"valueName\":\"search_term_string\"}}],\"inLanguage\":\"de\"},{\"@type\":\"Organization\",\"@id\":\"https:\\\/\\\/marktxxl.de\\\/markt\\\/#organization\",\"name\":\"Markt-XXL\",\"url\":\"https:\\\/\\\/marktxxl.de\\\/markt\\\/\",\"logo\":{\"@type\":\"ImageObject\",\"inLanguage\":\"de\",\"@id\":\"https:\\\/\\\/marktxxl.de\\\/markt\\\/#\\\/schema\\\/logo\\\/image\\\/\",\"url\":\"https:\\\/\\\/marktxxl.de\\\/markt\\\/wp-content\\\/uploads\\\/sites\\\/3\\\/2020\\\/12\\\/logo.png\",\"contentUrl\":\"https:\\\/\\\/marktxxl.de\\\/markt\\\/wp-content\\\/uploads\\\/sites\\\/3\\\/2020\\\/12\\\/logo.png\",\"width\":200,\"height\":70,\"caption\":\"Markt-XXL\"},\"image\":{\"@id\":\"https:\\\/\\\/marktxxl.de\\\/markt\\\/#\\\/schema\\\/logo\\\/image\\\/\"}}]}<\/script>\n<!-- \/ Yoast SEO plugin. -->","yoast_head_json":{"title":"BHD Kaminholz-Tasche, 590 ml, gewachstes Leinen, stabile Tasche mit Griffen f\u00fcr Camping, drinnen und drau\u00dfen, Braun - Markt-XXL","description":"Markt-XXL BHD Kaminholz-Tasche, 590 ml, gewachstes Leinen, stabile Tasche mit Griffen f\u00fcr Camping, drinnen und drau\u00dfen, Braun","robots":{"index":"index","follow":"follow","max-snippet":"max-snippet:-1","max-image-preview":"max-image-preview:large","max-video-preview":"max-video-preview:-1"},"canonical":"https:\/\/marktxxl.de\/markt\/produkt\/bhd-kaminholz-tasche-590-ml-gewachstes-leinen-stabile-tasche-mit-griffen-fuer-camping-drinnen-und-draussen-braun\/","og_locale":"de_DE","og_type":"article","og_title":"BHD Kaminholz-Tasche, 590 ml, gewachstes Leinen, stabile Tasche mit Griffen f\u00fcr Camping, drinnen und drau\u00dfen, Braun - Markt-XXL","og_description":"Markt-XXL BHD Kaminholz-Tasche, 590 ml, gewachstes Leinen, stabile Tasche mit Griffen f\u00fcr Camping, drinnen und drau\u00dfen, Braun","og_url":"https:\/\/marktxxl.de\/markt\/produkt\/bhd-kaminholz-tasche-590-ml-gewachstes-leinen-stabile-tasche-mit-griffen-fuer-camping-drinnen-und-draussen-braun\/","og_site_name":"Markt-XXL","article_modified_time":"2023-04-11T01:44:32+00:00","og_image":[{"width":500,"height":500,"url":"https:\/\/m.media-amazon.com\/images\/I\/41DqbLsVWSL._SL500_.jpg","type":"image\/jpeg"}],"twitter_card":"summary_large_image","twitter_misc":{"Gesch\u00e4tzte Lesezeit":"1\u00a0Minute"},"schema":{"@context":"https:\/\/schema.org","@graph":[{"@type":"WebPage","@id":"https:\/\/marktxxl.de\/markt\/produkt\/bhd-kaminholz-tasche-590-ml-gewachstes-leinen-stabile-tasche-mit-griffen-fuer-camping-drinnen-und-draussen-braun\/","url":"https:\/\/marktxxl.de\/markt\/produkt\/bhd-kaminholz-tasche-590-ml-gewachstes-leinen-stabile-tasche-mit-griffen-fuer-camping-drinnen-und-draussen-braun\/","name":"BHD Kaminholz-Tasche, 590 ml, gewachstes Leinen, stabile Tasche mit Griffen f\u00fcr Camping, drinnen und drau\u00dfen, Braun - Markt-XXL","isPartOf":{"@id":"https:\/\/marktxxl.de\/markt\/#website"},"primaryImageOfPage":{"@id":"https:\/\/marktxxl.de\/markt\/produkt\/bhd-kaminholz-tasche-590-ml-gewachstes-leinen-stabile-tasche-mit-griffen-fuer-camping-drinnen-und-draussen-braun\/#primaryimage"},"image":{"@id":"https:\/\/marktxxl.de\/markt\/produkt\/bhd-kaminholz-tasche-590-ml-gewachstes-leinen-stabile-tasche-mit-griffen-fuer-camping-drinnen-und-draussen-braun\/#primaryimage"},"thumbnailUrl":"https:\/\/m.media-amazon.com\/images\/I\/41DqbLsVWSL._SL500_.jpg","datePublished":"2022-05-14T22:04:44+00:00","dateModified":"2023-04-11T01:44:32+00:00","description":"Markt-XXL BHD Kaminholz-Tasche, 590 ml, gewachstes Leinen, stabile Tasche mit Griffen f\u00fcr Camping, drinnen und drau\u00dfen, Braun","breadcrumb":{"@id":"https:\/\/marktxxl.de\/markt\/produkt\/bhd-kaminholz-tasche-590-ml-gewachstes-leinen-stabile-tasche-mit-griffen-fuer-camping-drinnen-und-draussen-braun\/#breadcrumb"},"inLanguage":"de","potentialAction":[{"@type":"ReadAction","target":["https:\/\/marktxxl.de\/markt\/produkt\/bhd-kaminholz-tasche-590-ml-gewachstes-leinen-stabile-tasche-mit-griffen-fuer-camping-drinnen-und-draussen-braun\/"]}]},{"@type":"ImageObject","inLanguage":"de","@id":"https:\/\/marktxxl.de\/markt\/produkt\/bhd-kaminholz-tasche-590-ml-gewachstes-leinen-stabile-tasche-mit-griffen-fuer-camping-drinnen-und-draussen-braun\/#primaryimage","url":"https:\/\/m.media-amazon.com\/images\/I\/41DqbLsVWSL._SL500_.jpg","contentUrl":"https:\/\/m.media-amazon.com\/images\/I\/41DqbLsVWSL._SL500_.jpg","width":500,"height":500},{"@type":"BreadcrumbList","@id":"https:\/\/marktxxl.de\/markt\/produkt\/bhd-kaminholz-tasche-590-ml-gewachstes-leinen-stabile-tasche-mit-griffen-fuer-camping-drinnen-und-draussen-braun\/#breadcrumb","itemListElement":[{"@type":"ListItem","position":1,"name":"Startseite","item":"https:\/\/marktxxl.de\/markt\/"},{"@type":"ListItem","position":2,"name":"Markt","item":"https:\/\/marktxxl.de\/markt\/"},{"@type":"ListItem","position":3,"name":"BHD Kaminholz-Tasche, 590 ml, gewachstes Leinen, stabile Tasche mit Griffen f\u00fcr Camping, drinnen und drau\u00dfen, Braun"}]},{"@type":"WebSite","@id":"https:\/\/marktxxl.de\/markt\/#website","url":"https:\/\/marktxxl.de\/markt\/","name":"Markt-XXL","description":"Ihr Markt Online","publisher":{"@id":"https:\/\/marktxxl.de\/markt\/#organization"},"potentialAction":[{"@type":"SearchAction","target":{"@type":"EntryPoint","urlTemplate":"https:\/\/marktxxl.de\/markt\/?s={search_term_string}"},"query-input":{"@type":"PropertyValueSpecification","valueRequired":true,"valueName":"search_term_string"}}],"inLanguage":"de"},{"@type":"Organization","@id":"https:\/\/marktxxl.de\/markt\/#organization","name":"Markt-XXL","url":"https:\/\/marktxxl.de\/markt\/","logo":{"@type":"ImageObject","inLanguage":"de","@id":"https:\/\/marktxxl.de\/markt\/#\/schema\/logo\/image\/","url":"https:\/\/marktxxl.de\/markt\/wp-content\/uploads\/sites\/3\/2020\/12\/logo.png","contentUrl":"https:\/\/marktxxl.de\/markt\/wp-content\/uploads\/sites\/3\/2020\/12\/logo.png","width":200,"height":70,"caption":"Markt-XXL"},"image":{"@id":"https:\/\/marktxxl.de\/markt\/#\/schema\/logo\/image\/"}}]}},"_links":{"self":[{"href":"https:\/\/marktxxl.de\/markt\/wp-json\/wp\/v2\/product\/116102","targetHints":{"allow":["GET"]}}],"collection":[{"href":"https:\/\/marktxxl.de\/markt\/wp-json\/wp\/v2\/product"}],"about":[{"href":"https:\/\/marktxxl.de\/markt\/wp-json\/wp\/v2\/types\/product"}],"replies":[{"embeddable":true,"href":"https:\/\/marktxxl.de\/markt\/wp-json\/wp\/v2\/comments?post=116102"}],"wp:featuredmedia":[{"embeddable":true,"href":"https:\/\/marktxxl.de\/markt\/wp-json\/wp\/v2\/media\/116103"}],"wp:attachment":[{"href":"https:\/\/marktxxl.de\/markt\/wp-json\/wp\/v2\/media?parent=116102"}],"wp:term":[{"taxonomy":"product_brand","embeddable":true,"href":"https:\/\/marktxxl.de\/markt\/wp-json\/wp\/v2\/product_brand?post=116102"},{"taxonomy":"product_cat","embeddable":true,"href":"https:\/\/marktxxl.de\/markt\/wp-json\/wp\/v2\/product_cat?post=116102"},{"taxonomy":"product_tag","embeddable":true,"href":"https:\/\/marktxxl.de\/markt\/wp-json\/wp\/v2\/product_tag?post=116102"}],"curies":[{"name":"wp","href":"https:\/\/api.w.org\/{rel}","templated":true}]}}